{"id":56215,"date":"2026-02-13T16:33:32","date_gmt":"2026-02-13T16:33:32","guid":{"rendered":"https:\/\/testwebsite.citygame.com\/games\/unknown-location\/the-utrecht-syndicate\/"},"modified":"2026-04-07T22:19:26","modified_gmt":"2026-04-07T22:19:26","slug":"the-utrecht-syndicate","status":"publish","type":"product","link":"https:\/\/testwebsite.citygame.com\/hu\/games\/utrecht\/the-utrecht-syndicate\/","title":{"rendered":"The Utrecht Syndicate"},"content":{"rendered":"<p>Ez az \u00f6nvezet\u0151 City Escape Game Utrechtben Utrecht t\u00f6rt\u00e9nelmi belv\u00e1ros\u00e1ban j\u00e1tsz\u00f3dik. Csapatk\u00e9nt egy l\u00e9p\u00e9sr\u0151l l\u00e9p\u00e9sre halad\u00f3 k\u00fcldet\u00e9st fogtok k\u00f6vetni, hogy felkutass\u00e1t\u00e1tok a megfoghatatlan Magnust \u00e9s visszaszerezzetek hat ellopott formul\u00e1t, mik\u00f6zben minden teljes\u00edtett feladattal \u00fajabb r\u00e9tegeit fedezitek fel a t\u00f6rt\u00e9netnek. Kih\u00edv\u00e1st jelent\u0151 rejtv\u00e9nyek, egy\u00fcttm\u0171k\u00f6d\u00e9sen alapul\u00f3 probl\u00e9mamegold\u00e1s \u00e9s mag\u00e1val ragad\u00f3 t\u00f6rt\u00e9netmes\u00e9l\u00e9s hat\u00e1rozza meg ezt az utrechti v\u00e1rosi j\u00e1t\u00e9kot, \u00edgy a csapatmunka elengedhetetlen a halad\u00e1sotokhoz.<\/p>\n","protected":false},"excerpt":{"rendered":"<p>Indulj el egy izgalmas utaz\u00e1sra a The Utrecht Syndicate City Escape Game-mel, egy \u00f6nvezet\u0151 kalanddal, amely Utrecht egyedi t\u00e1jain j\u00e1tsz\u00f3dik. Csapatoddal k\u00f6vesd a nyomokat, gy\u0151zz le kih\u00edv\u00e1st jelent\u0151 rejtv\u00e9nyeket, \u00e9s fedd fel a k\u00fcldet\u00e9sed minden l\u00e9p\u00e9se m\u00f6g\u00f6tt rejl\u0151 t\u00f6rt\u00e9netet, versenyezve az id\u0151vel az igazs\u00e1g felder\u00edt\u00e9s\u00e9\u00e9rt!<\/p>\n","protected":false},"featured_media":12357,"template":"","meta":{"_acf_changed":false,"_yoast_wpseo_focuskw":"The Utrecht Syndicate","_yoast_wpseo_metadesc":"The Utrecht Syndicate. J\u00e1tssz egy \u00f6nvezet\u0151 v\u00e1rosi szabadul\u00f3j\u00e1t\u00e9kot, oldj meg rejtv\u00e9nyeket, teljes\u00edts k\u00fcldet\u00e9seket \u00e9s szerezd vissza az ellopott formul\u00e1kat a saj\u00e1t temp\u00f3dban!","_kad_blocks_custom_css":"","_kad_blocks_head_custom_js":"","_kad_blocks_body_custom_js":"","_kad_blocks_footer_custom_js":"","ghostkit_customizer_options":"","ghostkit_custom_css":"","ghostkit_custom_js_head":"","ghostkit_custom_js_foot":"","ghostkit_typography":"","_kad_post_transparent":"default","_kad_post_title":"","_kad_post_layout":"default","_kad_post_sidebar_id":"","_kad_post_content_style":"default","_kad_post_vertical_padding":"default","_kad_post_feature":"","_kad_post_feature_position":"","_kad_post_header":false,"_kad_post_footer":false,"_kad_post_classname":"","_links_to":"","_links_to_target":""},"game-concept":[745],"location":[410],"product_brand":[],"product_cat":[27],"product_tag":[],"class_list":{"0":"post-56215","1":"product","2":"type-product","3":"status-publish","4":"has-post-thumbnail","6":"game-concept-syndicate","7":"location-utrecht","8":"product_cat-geen-categorie","10":"first","11":"instock","12":"shipping-taxable","13":"purchasable","14":"product-type-simple","15":"entry","16":"content-bg","17":"loop-entry"},"acf":{"full_bokun_product_name":"Self-Guided The Utrecht Syndicate City Escape Game","location_name":"Utrecht","bokun_calendar_widget_code":"<script type=\"text\/javascript\" src=\"https:\/\/widgets.bokun.io\/assets\/javascripts\/apps\/build\/BokunWidgetsLoader.js?bookingChannelUUID=a1e93e96-5232-4734-a595-28405f4b5a31\" async><\/script>\n     \n    <div class=\"bokunWidget\" data-src=\"https:\/\/widgets.bokun.io\/online-sales\/a1e93e96-5232-4734-a595-28405f4b5a31\/experience-calendar\/773745\"><\/div>\n    <noscript>Please enable javascript in your browser to book<\/noscript>","bokun_button_widget_code":"<script type=\"text\/javascript\" src=\"https:\/\/widgets.bokun.io\/assets\/javascripts\/apps\/build\/BokunWidgetsLoader.js?bookingChannelUUID=a1e93e96-5232-4734-a595-28405f4b5a31\" async><\/script>\n      <style> #bokun_ed001e45_5927_4f62_b470_ca766338d083 { display: inline-block; padding: .4em 1em; background: #47b82e; border-radius: 999999px; box-shadow: none; font-weight: 600; font-size: 24px; text-decoration: none; text-align: center; color: #FFFFFF; border:none; cursor: pointer; transition: background .2s ease; } #bokun_ed001e45_5927_4f62_b470_ca766338d083:hover{ background: #2f7b1f; } #bokun_ed001e45_5927_4f62_b470_ca766338d083:active{ background: #378f24; } <\/style> <button class=\"bokunButton\" disabled id=bokun_ed001e45_5927_4f62_b470_ca766338d083 data-src=\"https:\/\/widgets.bokun.io\/online-sales\/a1e93e96-5232-4734-a595-28405f4b5a31\/experience-calendar\/773745?partialView=1\" data-testid=\"widget-book-button\" > Book now <\/button> ","what_you\u2019ll_experience_during_the_game":"Te \u00e9s csapatod egy nagy t\u00e9tekkel b\u00edr\u00f3 szabadul\u00f3 k\u00fcldet\u00e9s sz\u00edv\u00e9be cs\u00f6ppentek, amely Utrechtben bontakozik ki. Titkos \u00fcgyn\u00f6kk\u00e9nt a feladatotok egy\u00e9rtelm\u0171: felkutatni a megfoghatatlan Magnust \u00e9s visszaszerezni hat ellopott formul\u00e1t, miel\u0151tt azok \u00f6r\u00f6kre elt\u0171nn\u00e9nek. A v\u00e1ros v\u00e1lik a strat\u00e9gi\u00e1tok \u00e9s mozg\u00e1sotok sz\u00ednter\u00e9v\u00e9, minden \u00faj helysz\u00ednnel megny\u00edlik a m\u0171velet k\u00f6vetkez\u0151 f\u00e1zisa.\r\n\r\nAz \u00e9lm\u00e9ny sor\u00e1n sz\u00e1mos, t\u00f6rt\u00e9netk\u00f6zpont\u00fa kih\u00edv\u00e1ssal kell szemben\u00e9znetek, amelyek csapatmunk\u00e1t, probl\u00e9mamegold\u00e1st \u00e9s gyors d\u00f6nt\u00e9shozatalt ig\u00e9nyelnek. A k\u00f3dfejt\u00e9st\u0151l az id\u0151\u00e9rz\u00e9keny feladatok elv\u00e9gz\u00e9s\u00e9ig a k\u00fcldet\u00e9s l\u00e9p\u00e9sr\u0151l l\u00e9p\u00e9sre halad el\u0151re, mik\u00f6zben Utrecht utc\u00e1in navig\u00e1ltok. Sz\u00fcks\u00e9g eset\u00e9n sz\u00fcneteltethetitek a m\u0171veletet, a saj\u00e1t temp\u00f3tokban folytathatj\u00e1tok an\u00e9lk\u00fcl, hogy megszakadna a t\u00f6rt\u00e9net menete. Minden megoldott rejtv\u00e9ny k\u00f6zelebb visz benneteket a Syndicate leleplez\u00e9s\u00e9hez \u00e9s a feladatotok teljes\u00edt\u00e9s\u00e9hez.","how_to_play":"Foglalja le a v\u00e1rosi j\u00e1t\u00e9kot, ellen\u0151rizze az utas\u00edt\u00e1sokat tartalmaz\u00f3 e-mailt, t\u00f6ltse le a Loquiz App alkalmaz\u00e1st, \u00e9s kezdje el a j\u00e1t\u00e9k\u00e9lm\u00e9nyt!er\u0151s ahhoz, hogy b\u00e1rmely ember birtokolja. Ez\u00e9rt egy felt\u00f6rhetetlen sz\u00e9fbe z\u00e1rjuk \u0151ket. Legal\u00e1bbis ezt hitt\u00fck. Megb\u00edzhat\u00f3 alkimist\u00e1nk: Magnus ellopta az \u00f6sszes formul\u00e1t. \u00c9s semmi j\u00f3ra nem k\u00e9sz\u00fcl...","start_location":"Utrecht, Stadhuisplein","available_languages":["en","nl"],"players_per_group":"1-4","duration":"1.5-2 hours","image_overlay_color_image":"https:\/\/testwebsite.citygame.com\/wp-content\/blogs.dir\/1\/files\/sites\/62\/2026\/01\/SyndicateColor.svg","image_overlay_game_logo":"https:\/\/testwebsite.citygame.com\/wp-content\/blogs.dir\/1\/files\/sites\/62\/2026\/01\/SyndicateLogo.png","city_page":4438,"woocommerce_general_content":null},"yoast_head":"<!-- This site is optimized with the Yoast SEO Premium plugin v26.2 (Yoast SEO v26.3) - https:\/\/yoast.com\/wordpress\/plugins\/seo\/ -->\n<title>The Utrecht Syndicate - City Game<\/title>\n<meta name=\"description\" content=\"The Utrecht Syndicate. J\u00e1tssz egy \u00f6nvezet\u0151 v\u00e1rosi szabadul\u00f3j\u00e1t\u00e9kot, oldj meg rejtv\u00e9nyeket, teljes\u00edts k\u00fcldet\u00e9seket \u00e9s szerezd vissza az ellopott formul\u00e1kat a saj\u00e1t temp\u00f3dban!\" \/>\n<meta name=\"robots\" content=\"noindex, follow, max-snippet:-1, max-image-preview:large, max-video-preview:-1\" \/>\n<meta property=\"og:locale\" content=\"hu_HU\" \/>\n<meta property=\"og:type\" content=\"article\" \/>\n<meta property=\"og:title\" content=\"The Utrecht Syndicate\" \/>\n<meta property=\"og:description\" content=\"The Utrecht Syndicate. J\u00e1tssz egy \u00f6nvezet\u0151 v\u00e1rosi szabadul\u00f3j\u00e1t\u00e9kot, oldj meg rejtv\u00e9nyeket, teljes\u00edts k\u00fcldet\u00e9seket \u00e9s szerezd vissza az ellopott formul\u00e1kat a saj\u00e1t temp\u00f3dban!\" \/>\n<meta property=\"og:url\" content=\"https:\/\/testwebsite.citygame.com\/hu\/games\/utrecht\/the-utrecht-syndicate\/\" \/>\n<meta property=\"og:site_name\" content=\"City Game\" \/>\n<meta property=\"article:publisher\" content=\"https:\/\/www.facebook.com\/profile.php?id=100086426226253\" \/>\n<meta property=\"article:modified_time\" content=\"2026-04-07T22:19:26+00:00\" \/>\n<meta property=\"og:image\" content=\"https:\/\/testwebsite.citygame.com\/wp-content\/blogs.dir\/1\/files\/sites\/62\/2026\/02\/group-of-friends-exploring-a-dutch-city-street.jpg\" \/>\n\t<meta property=\"og:image:width\" content=\"672\" \/>\n\t<meta property=\"og:image:height\" content=\"1536\" \/>\n\t<meta property=\"og:image:type\" content=\"image\/jpeg\" \/>\n<meta name=\"twitter:card\" content=\"summary_large_image\" \/>\n<meta name=\"twitter:label1\" content=\"Becs\u00fclt olvas\u00e1si id\u0151\" \/>\n\t<meta name=\"twitter:data1\" content=\"1 perc\" \/>\n<script type=\"application\/ld+json\" class=\"yoast-schema-graph\">{\"@context\":\"https:\/\/schema.org\",\"@graph\":[{\"@type\":\"WebPage\",\"@id\":\"https:\/\/testwebsite.citygame.com\/hu\/games\/utrecht\/the-utrecht-syndicate\/\",\"url\":\"https:\/\/testwebsite.citygame.com\/hu\/games\/utrecht\/the-utrecht-syndicate\/\",\"name\":\"The Utrecht Syndicate - City Game\",\"isPartOf\":{\"@id\":\"https:\/\/testwebsite.upevents.nl\/#website\"},\"primaryImageOfPage\":{\"@id\":\"https:\/\/testwebsite.citygame.com\/hu\/games\/utrecht\/the-utrecht-syndicate\/#primaryimage\"},\"image\":{\"@id\":\"https:\/\/testwebsite.citygame.com\/hu\/games\/utrecht\/the-utrecht-syndicate\/#primaryimage\"},\"thumbnailUrl\":\"https:\/\/testwebsite.citygame.com\/wp-content\/blogs.dir\/1\/files\/sites\/62\/2026\/02\/group-of-friends-exploring-a-dutch-city-street.jpg\",\"datePublished\":\"2026-02-13T16:33:32+00:00\",\"dateModified\":\"2026-04-07T22:19:26+00:00\",\"description\":\"The Utrecht Syndicate. J\u00e1tssz egy \u00f6nvezet\u0151 v\u00e1rosi szabadul\u00f3j\u00e1t\u00e9kot, oldj meg rejtv\u00e9nyeket, teljes\u00edts k\u00fcldet\u00e9seket \u00e9s szerezd vissza az ellopott formul\u00e1kat a saj\u00e1t temp\u00f3dban!\",\"breadcrumb\":{\"@id\":\"https:\/\/testwebsite.citygame.com\/hu\/games\/utrecht\/the-utrecht-syndicate\/#breadcrumb\"},\"inLanguage\":\"hu\",\"potentialAction\":[{\"@type\":\"ReadAction\",\"target\":[\"https:\/\/testwebsite.citygame.com\/hu\/games\/utrecht\/the-utrecht-syndicate\/\"]}]},{\"@type\":\"ImageObject\",\"inLanguage\":\"hu\",\"@id\":\"https:\/\/testwebsite.citygame.com\/hu\/games\/utrecht\/the-utrecht-syndicate\/#primaryimage\",\"url\":\"https:\/\/testwebsite.citygame.com\/wp-content\/blogs.dir\/1\/files\/sites\/62\/2026\/02\/group-of-friends-exploring-a-dutch-city-street.jpg\",\"contentUrl\":\"https:\/\/testwebsite.citygame.com\/wp-content\/blogs.dir\/1\/files\/sites\/62\/2026\/02\/group-of-friends-exploring-a-dutch-city-street.jpg\",\"width\":672,\"height\":1536,\"caption\":\"A group of young adults explores a historic street in a European city using a mobile app.\"},{\"@type\":\"BreadcrumbList\",\"@id\":\"https:\/\/testwebsite.citygame.com\/hu\/games\/utrecht\/the-utrecht-syndicate\/#breadcrumb\",\"itemListElement\":[{\"@type\":\"ListItem\",\"position\":1,\"name\":\"Home\",\"item\":\"https:\/\/testwebsite.citygame.com\/hu\/\"},{\"@type\":\"ListItem\",\"position\":2,\"name\":\"Shop\",\"item\":\"https:\/\/testwebsite.citygame.com\/shop\/\"},{\"@type\":\"ListItem\",\"position\":3,\"name\":\"The Utrecht Syndicate\"}]},{\"@type\":\"WebSite\",\"@id\":\"https:\/\/testwebsite.upevents.nl\/#website\",\"url\":\"https:\/\/testwebsite.upevents.nl\/\",\"name\":\"City Game\",\"description\":\"\",\"publisher\":{\"@id\":\"https:\/\/testwebsite.upevents.nl\/#organization\"},\"alternateName\":\"citygame.com\",\"potentialAction\":[{\"@type\":\"SearchAction\",\"target\":{\"@type\":\"EntryPoint\",\"urlTemplate\":\"https:\/\/testwebsite.upevents.nl\/?s={search_term_string}\"},\"query-input\":{\"@type\":\"PropertyValueSpecification\",\"valueRequired\":true,\"valueName\":\"search_term_string\"}}],\"inLanguage\":\"hu\"},{\"@type\":[\"Organization\",\"Place\"],\"@id\":\"https:\/\/testwebsite.upevents.nl\/#organization\",\"name\":\"City Game\",\"alternateName\":\"citygame.com\",\"url\":\"https:\/\/testwebsite.upevents.nl\/\",\"logo\":{\"@id\":\"https:\/\/testwebsite.citygame.com\/hu\/games\/utrecht\/the-utrecht-syndicate\/#local-main-organization-logo\"},\"image\":{\"@id\":\"https:\/\/testwebsite.citygame.com\/hu\/games\/utrecht\/the-utrecht-syndicate\/#local-main-organization-logo\"},\"sameAs\":[\"https:\/\/www.facebook.com\/profile.php?id=100086426226253\",\"https:\/\/www.instagram.com\/citygame_com\",\"https:\/\/www.tiktok.com\/@citygamecom\/\",\"https:\/\/www.linkedin.com\/company\/citygame-com\"],\"description\":\"Turn any city into a playground with our interactive City Games and self-guided tours. Fun, flexible, and ideal for groups and team building.\",\"telephone\":[],\"openingHoursSpecification\":[{\"@type\":\"OpeningHoursSpecification\",\"dayOfWeek\":[\"Monday\",\"Tuesday\",\"Wednesday\",\"Thursday\",\"Friday\",\"Saturday\",\"Sunday\"],\"opens\":\"09:00\",\"closes\":\"17:00\"}]},{\"@type\":\"ImageObject\",\"inLanguage\":\"hu\",\"@id\":\"https:\/\/testwebsite.citygame.com\/hu\/games\/utrecht\/the-utrecht-syndicate\/#local-main-organization-logo\",\"url\":\"https:\/\/testwebsite.citygame.com\/wp-content\/blogs.dir\/1\/files\/sites\/62\/2025\/10\/CG_LOGO-City-Game.png\",\"contentUrl\":\"https:\/\/testwebsite.citygame.com\/wp-content\/blogs.dir\/1\/files\/sites\/62\/2025\/10\/CG_LOGO-City-Game.png\",\"width\":351,\"height\":377,\"caption\":\"City Game\"}]}<\/script>\n<!-- \/ Yoast SEO Premium plugin. -->","yoast_head_json":{"title":"The Utrecht Syndicate - City Game","description":"The Utrecht Syndicate. J\u00e1tssz egy \u00f6nvezet\u0151 v\u00e1rosi szabadul\u00f3j\u00e1t\u00e9kot, oldj meg rejtv\u00e9nyeket, teljes\u00edts k\u00fcldet\u00e9seket \u00e9s szerezd vissza az ellopott formul\u00e1kat a saj\u00e1t temp\u00f3dban!","robots":{"index":"noindex","follow":"follow","max-snippet":"max-snippet:-1","max-image-preview":"max-image-preview:large","max-video-preview":"max-video-preview:-1"},"og_locale":"hu_HU","og_type":"article","og_title":"The Utrecht Syndicate","og_description":"The Utrecht Syndicate. J\u00e1tssz egy \u00f6nvezet\u0151 v\u00e1rosi szabadul\u00f3j\u00e1t\u00e9kot, oldj meg rejtv\u00e9nyeket, teljes\u00edts k\u00fcldet\u00e9seket \u00e9s szerezd vissza az ellopott formul\u00e1kat a saj\u00e1t temp\u00f3dban!","og_url":"https:\/\/testwebsite.citygame.com\/hu\/games\/utrecht\/the-utrecht-syndicate\/","og_site_name":"City Game","article_publisher":"https:\/\/www.facebook.com\/profile.php?id=100086426226253","article_modified_time":"2026-04-07T22:19:26+00:00","og_image":[{"width":672,"height":1536,"url":"https:\/\/testwebsite.citygame.com\/wp-content\/blogs.dir\/1\/files\/sites\/62\/2026\/02\/group-of-friends-exploring-a-dutch-city-street.jpg","type":"image\/jpeg"}],"twitter_card":"summary_large_image","twitter_misc":{"Becs\u00fclt olvas\u00e1si id\u0151":"1 perc"},"schema":{"@context":"https:\/\/schema.org","@graph":[{"@type":"WebPage","@id":"https:\/\/testwebsite.citygame.com\/hu\/games\/utrecht\/the-utrecht-syndicate\/","url":"https:\/\/testwebsite.citygame.com\/hu\/games\/utrecht\/the-utrecht-syndicate\/","name":"The Utrecht Syndicate - City Game","isPartOf":{"@id":"https:\/\/testwebsite.upevents.nl\/#website"},"primaryImageOfPage":{"@id":"https:\/\/testwebsite.citygame.com\/hu\/games\/utrecht\/the-utrecht-syndicate\/#primaryimage"},"image":{"@id":"https:\/\/testwebsite.citygame.com\/hu\/games\/utrecht\/the-utrecht-syndicate\/#primaryimage"},"thumbnailUrl":"https:\/\/testwebsite.citygame.com\/wp-content\/blogs.dir\/1\/files\/sites\/62\/2026\/02\/group-of-friends-exploring-a-dutch-city-street.jpg","datePublished":"2026-02-13T16:33:32+00:00","dateModified":"2026-04-07T22:19:26+00:00","description":"The Utrecht Syndicate. J\u00e1tssz egy \u00f6nvezet\u0151 v\u00e1rosi szabadul\u00f3j\u00e1t\u00e9kot, oldj meg rejtv\u00e9nyeket, teljes\u00edts k\u00fcldet\u00e9seket \u00e9s szerezd vissza az ellopott formul\u00e1kat a saj\u00e1t temp\u00f3dban!","breadcrumb":{"@id":"https:\/\/testwebsite.citygame.com\/hu\/games\/utrecht\/the-utrecht-syndicate\/#breadcrumb"},"inLanguage":"hu","potentialAction":[{"@type":"ReadAction","target":["https:\/\/testwebsite.citygame.com\/hu\/games\/utrecht\/the-utrecht-syndicate\/"]}]},{"@type":"ImageObject","inLanguage":"hu","@id":"https:\/\/testwebsite.citygame.com\/hu\/games\/utrecht\/the-utrecht-syndicate\/#primaryimage","url":"https:\/\/testwebsite.citygame.com\/wp-content\/blogs.dir\/1\/files\/sites\/62\/2026\/02\/group-of-friends-exploring-a-dutch-city-street.jpg","contentUrl":"https:\/\/testwebsite.citygame.com\/wp-content\/blogs.dir\/1\/files\/sites\/62\/2026\/02\/group-of-friends-exploring-a-dutch-city-street.jpg","width":672,"height":1536,"caption":"A group of young adults explores a historic street in a European city using a mobile app."},{"@type":"BreadcrumbList","@id":"https:\/\/testwebsite.citygame.com\/hu\/games\/utrecht\/the-utrecht-syndicate\/#breadcrumb","itemListElement":[{"@type":"ListItem","position":1,"name":"Home","item":"https:\/\/testwebsite.citygame.com\/hu\/"},{"@type":"ListItem","position":2,"name":"Shop","item":"https:\/\/testwebsite.citygame.com\/shop\/"},{"@type":"ListItem","position":3,"name":"The Utrecht Syndicate"}]},{"@type":"WebSite","@id":"https:\/\/testwebsite.upevents.nl\/#website","url":"https:\/\/testwebsite.upevents.nl\/","name":"City Game","description":"","publisher":{"@id":"https:\/\/testwebsite.upevents.nl\/#organization"},"alternateName":"citygame.com","potentialAction":[{"@type":"SearchAction","target":{"@type":"EntryPoint","urlTemplate":"https:\/\/testwebsite.upevents.nl\/?s={search_term_string}"},"query-input":{"@type":"PropertyValueSpecification","valueRequired":true,"valueName":"search_term_string"}}],"inLanguage":"hu"},{"@type":["Organization","Place"],"@id":"https:\/\/testwebsite.upevents.nl\/#organization","name":"City Game","alternateName":"citygame.com","url":"https:\/\/testwebsite.upevents.nl\/","logo":{"@id":"https:\/\/testwebsite.citygame.com\/hu\/games\/utrecht\/the-utrecht-syndicate\/#local-main-organization-logo"},"image":{"@id":"https:\/\/testwebsite.citygame.com\/hu\/games\/utrecht\/the-utrecht-syndicate\/#local-main-organization-logo"},"sameAs":["https:\/\/www.facebook.com\/profile.php?id=100086426226253","https:\/\/www.instagram.com\/citygame_com","https:\/\/www.tiktok.com\/@citygamecom\/","https:\/\/www.linkedin.com\/company\/citygame-com"],"description":"Turn any city into a playground with our interactive City Games and self-guided tours. Fun, flexible, and ideal for groups and team building.","telephone":[],"openingHoursSpecification":[{"@type":"OpeningHoursSpecification","dayOfWeek":["Monday","Tuesday","Wednesday","Thursday","Friday","Saturday","Sunday"],"opens":"09:00","closes":"17:00"}]},{"@type":"ImageObject","inLanguage":"hu","@id":"https:\/\/testwebsite.citygame.com\/hu\/games\/utrecht\/the-utrecht-syndicate\/#local-main-organization-logo","url":"https:\/\/testwebsite.citygame.com\/wp-content\/blogs.dir\/1\/files\/sites\/62\/2025\/10\/CG_LOGO-City-Game.png","contentUrl":"https:\/\/testwebsite.citygame.com\/wp-content\/blogs.dir\/1\/files\/sites\/62\/2025\/10\/CG_LOGO-City-Game.png","width":351,"height":377,"caption":"City Game"}]}},"taxonomy_info":{"game-concept":[{"value":745,"label":"Syndicate"}],"location":[{"value":410,"label":"Utrecht"}],"product_cat":[{"value":27,"label":"Geen categorie"}]},"featured_image_src_large":["https:\/\/testwebsite.citygame.com\/wp-content\/blogs.dir\/1\/files\/sites\/62\/2026\/02\/group-of-friends-exploring-a-dutch-city-street-448x1024.jpg",448,1024,true],"author_info":[],"comment_info":"","_links":{"self":[{"href":"https:\/\/testwebsite.citygame.com\/hu\/wp-json\/wp\/v2\/product\/56215","targetHints":{"allow":["GET"]}}],"collection":[{"href":"https:\/\/testwebsite.citygame.com\/hu\/wp-json\/wp\/v2\/product"}],"about":[{"href":"https:\/\/testwebsite.citygame.com\/hu\/wp-json\/wp\/v2\/types\/product"}],"acf:post":[{"embeddable":true,"href":"https:\/\/testwebsite.citygame.com\/hu\/wp-json\/wp\/v2\/pages\/4438"}],"wp:featuredmedia":[{"embeddable":true,"href":"https:\/\/testwebsite.citygame.com\/hu\/wp-json\/wp\/v2\/media\/12357"}],"wp:attachment":[{"href":"https:\/\/testwebsite.citygame.com\/hu\/wp-json\/wp\/v2\/media?parent=56215"}],"wp:term":[{"taxonomy":"game-concept","embeddable":true,"href":"https:\/\/testwebsite.citygame.com\/hu\/wp-json\/wp\/v2\/game-concept?post=56215"},{"taxonomy":"location","embeddable":true,"href":"https:\/\/testwebsite.citygame.com\/hu\/wp-json\/wp\/v2\/location?post=56215"},{"taxonomy":"product_brand","embeddable":true,"href":"https:\/\/testwebsite.citygame.com\/hu\/wp-json\/wp\/v2\/product_brand?post=56215"},{"taxonomy":"product_cat","embeddable":true,"href":"https:\/\/testwebsite.citygame.com\/hu\/wp-json\/wp\/v2\/product_cat?post=56215"},{"taxonomy":"product_tag","embeddable":true,"href":"https:\/\/testwebsite.citygame.com\/hu\/wp-json\/wp\/v2\/product_tag?post=56215"}],"curies":[{"name":"wp","href":"https:\/\/api.w.org\/{rel}","templated":true}]}}