{"id":56068,"date":"2026-02-04T13:32:48","date_gmt":"2026-02-04T13:32:48","guid":{"rendered":"https:\/\/testwebsite.citygame.com\/games\/unknown-location\/sherlock-holmes-venlo\/"},"modified":"2026-04-07T22:03:44","modified_gmt":"2026-04-07T22:03:44","slug":"sherlock-holmes-venlo","status":"publish","type":"product","link":"https:\/\/testwebsite.citygame.com\/hu\/games\/venlo\/sherlock-holmes-venlo\/","title":{"rendered":"Sherlock Holmes Venlo"},"content":{"rendered":"<p>L\u00e9pj be Sherlock Holmes vil\u00e1g\u00e1ba ezzel az \u00f6n\u00e1ll\u00f3an j\u00e1tszhat\u00f3, t\u00f6rt\u00e9netvez\u00e9relt gyilkoss\u00e1gi rejt\u00e9ly City Game-mel, amely Venlo belv\u00e1ros\u00e1ban j\u00e1tsz\u00f3dik. Amikor egy megd\u00f6bbent\u0151 gyilkoss\u00e1g t\u00f6rt\u00e9nik a Liberty Fesztiv\u00e1l alatt, a j\u00e1t\u00e9kosok nyomoz\u00f3 szerep\u00e9be b\u00fajva j\u00e1rj\u00e1k az utc\u00e1kat, mik\u00f6zben egy kibontakoz\u00f3, intrik\u00e1kkal teli t\u00f6rt\u00e9netet k\u00f6vetnek. Ahogy haladsz a v\u00e1roson kereszt\u00fcl, nyomokat gy\u0171jtesz, digit\u00e1lis gyan\u00fas\u00edtottakat hallgatsz ki, \u00e9s kih\u00edv\u00e1st jelent\u0151 rejtv\u00e9nyeket oldasz meg \u2013 mindezt a saj\u00e1t temp\u00f3dban, egy mag\u00e1val ragad\u00f3 nyomozati \u00e9lm\u00e9ny sor\u00e1n.<\/p>\n","protected":false},"excerpt":{"rendered":"<p>L\u00e9pj be Sherlock Holmes legend\u00e1s cip\u0151j\u00e9be ebben a lebilincsel\u0151, \u00f6n\u00e1ll\u00f3an j\u00e1tszhat\u00f3 gyilkoss\u00e1gi rejt\u00e9lyben, amely Venlo v\u00e1ros\u00e1ban j\u00e1tsz\u00f3dik. A feladatod a csapatoddal egy\u00fctt, hogy felkutass\u00e1tok a rejtett nyomokat, megfejtsetek zavarba ejt\u0151 rejtv\u00e9nyeket, \u00e9s leleplezz\u00e9tek a megd\u00f6bbent\u0151 igazs\u00e1got, miel\u0151tt t\u00fal k\u00e9s\u0151 lenne!<\/p>\n","protected":false},"featured_media":10235,"template":"","meta":{"_acf_changed":false,"_yoast_wpseo_focuskw":"Sherlock Holmes Venlo","_yoast_wpseo_metadesc":"Sherlock Holmes Venlo. J\u00e1tssz egy \u00f6n\u00e1ll\u00f3an j\u00e1tszhat\u00f3 gyilkoss\u00e1gi rejt\u00e9ly City Game-et, fejts meg rejtv\u00e9nyeket, k\u00f6vess nyomokat, \u00e9s fedezd fel a gyilkost a saj\u00e1t temp\u00f3dban!","_kad_blocks_custom_css":"","_kad_blocks_head_custom_js":"","_kad_blocks_body_custom_js":"","_kad_blocks_footer_custom_js":"","ghostkit_customizer_options":"","ghostkit_custom_css":"","ghostkit_custom_js_head":"","ghostkit_custom_js_foot":"","ghostkit_typography":"","_kad_post_transparent":"","_kad_post_title":"","_kad_post_layout":"","_kad_post_sidebar_id":"","_kad_post_content_style":"","_kad_post_vertical_padding":"","_kad_post_feature":"","_kad_post_feature_position":"","_kad_post_header":false,"_kad_post_footer":false,"_kad_post_classname":"","_links_to":"","_links_to_target":""},"game-concept":[776],"location":[419],"product_brand":[],"product_cat":[27],"product_tag":[],"class_list":{"0":"post-56068","1":"product","2":"type-product","3":"status-publish","4":"has-post-thumbnail","6":"game-concept-sherlock","7":"location-venlo","8":"product_cat-geen-categorie","10":"first","11":"instock","12":"shipping-taxable","13":"purchasable","14":"product-type-simple","15":"entry","16":"content-bg","17":"loop-entry"},"acf":{"full_bokun_product_name":"Venlo Self-Guided Sherlock Holmes Murder Mystery Game","location_name":"Venlo","bokun_calendar_widget_code":"<script type=\"text\/javascript\" src=\"https:\/\/widgets.bokun.io\/assets\/javascripts\/apps\/build\/BokunWidgetsLoader.js?bookingChannelUUID=a1e93e96-5232-4734-a595-28405f4b5a31\" async><\/script>\n     \n    <div class=\"bokunWidget\" data-src=\"https:\/\/widgets.bokun.io\/online-sales\/a1e93e96-5232-4734-a595-28405f4b5a31\/experience-calendar\/730917\"><\/div>\n    <noscript>Please enable javascript in your browser to book<\/noscript>","bokun_button_widget_code":"<script type=\"text\/javascript\" src=\"https:\/\/widgets.bokun.io\/assets\/javascripts\/apps\/build\/BokunWidgetsLoader.js?bookingChannelUUID=a1e93e96-5232-4734-a595-28405f4b5a31\" async><\/script>\n      <style> #bokun_ed001e45_5927_4f62_b470_ca766338d083 { display: inline-block; padding: .4em 1em; background: #47b82e; border-radius: 999999px; box-shadow: none; font-weight: 600; font-size: 24px; text-decoration: none; text-align: center; color: #FFFFFF; border:none; cursor: pointer; transition: background .2s ease; } #bokun_ed001e45_5927_4f62_b470_ca766338d083:hover{ background: #2f7b1f; } #bokun_ed001e45_5927_4f62_b470_ca766338d083:active{ background: #378f24; } <\/style> <button class=\"bokunButton\" disabled id=bokun_ed001e45_5927_4f62_b470_ca766338d083 data-src=\"https:\/\/widgets.bokun.io\/online-sales\/a1e93e96-5232-4734-a595-28405f4b5a31\/experience-calendar\/730917?partialView=1\" data-testid=\"widget-book-button\" > Book now <\/button> ","what_you\u2019ll_experience_during_the_game":"Egy lebilincsel\u0151 detekt\u00edvt\u00f6rt\u00e9netbe cs\u00f6ppensz Venlo sz\u00edv\u00e9ben, ahol a nyomoz\u00e1sod abban a pillanatban elkezd\u0151dik, amint megteszed az els\u0151 l\u00e9p\u00e9seket a v\u00e1roson kereszt\u00fcl. A rejt\u00e9ly r\u00e9tegenk\u00e9nt t\u00e1rul fel, ahogy utc\u00e1kon \u00e9s sik\u00e1torokon \u00e1t haladsz, k\u00f6vetve a Liberty Fesztiv\u00e1lt megzavar\u00f3 sokkol\u00f3 gyilkoss\u00e1ghoz kapcsol\u00f3d\u00f3 nyomokat. Minden helysz\u00ednen rejtett nyomokra bukkansz, kih\u00edv\u00e1st jelent\u0151 rejtv\u00e9nyeket oldasz meg, \u00e9s v\u00e1ratlan fordulatokkal szembes\u00fclsz, amelyek a megfigyel\u0151k\u00e9pess\u00e9ged \u00e9s logik\u00e1d hat\u00e1rait feszegetik.\n\nDigit\u00e1lis gyan\u00fas\u00edtottakat hallgatsz ki, vallom\u00e1sokat vetesz \u00f6ssze, \u00e9s alibiket elemzel, hogy leleplezd az ellentmond\u00e1sokat. Minden v\u00e1laszt\u00e1s sz\u00e1m\u00edt, mik\u00f6zben azon dolgozol, hogy felt\u00e1rd az igazs\u00e1got az \u00fcgy m\u00f6g\u00f6tt. Az \u00e9lm\u00e9ny teljesen t\u00f6rt\u00e9netvez\u00e9relt, \u00e9s m\u00e9lyebbre vonz a b\u0171n\u00f6z\u00e9s \u00e9s a dedukci\u00f3 vil\u00e1g\u00e1ba. Ak\u00e1r egyed\u00fcl dolgozol, ak\u00e1r csapatk\u00e9nt versengsz, az \u00e9les gondolkod\u00e1s a legnagyobb fegyvered. B\u00e1rmikor sz\u00fcneteltetheted \u00e9s folytathatod, \u00edgy teljes kontrollod van a nyomoz\u00e1s temp\u00f3ja felett.","how_to_play":"Dolgozz egyed\u00fcl, vagy bar\u00e1tokkal, csal\u00e1ddal, vagy koll\u00e9g\u00e1kkal, ak\u00e1r n\u00e9gyf\u0151s csapatokban, eszk\u00f6z\u00f6nk\u00e9nt. A foglal\u00e1s ut\u00e1n egy instrukci\u00f3s e-mailt kapsz mindennel, amire sz\u00fcks\u00e9ged van.","start_location":"Venlo Train Station","available_languages":["en","es","fr","de","it","nl"],"players_per_group":"1-4","duration":"1.5-2 hours","image_overlay_color_image":"https:\/\/testwebsite.citygame.com\/wp-content\/blogs.dir\/1\/files\/sites\/62\/2026\/01\/SherlockColor.svg","image_overlay_game_logo":"https:\/\/testwebsite.citygame.com\/wp-content\/blogs.dir\/1\/files\/sites\/62\/2026\/01\/SherlockLogo.png","city_page":4549,"woocommerce_general_content":null},"yoast_head":"<!-- This site is optimized with the Yoast SEO Premium plugin v26.2 (Yoast SEO v26.3) - https:\/\/yoast.com\/wordpress\/plugins\/seo\/ -->\n<title>Sherlock Holmes Venlo - City Game<\/title>\n<meta name=\"description\" content=\"Sherlock Holmes Venlo. J\u00e1tssz egy \u00f6n\u00e1ll\u00f3an j\u00e1tszhat\u00f3 gyilkoss\u00e1gi rejt\u00e9ly City Game-et, fejts meg rejtv\u00e9nyeket, k\u00f6vess nyomokat, \u00e9s fedezd fel a gyilkost a saj\u00e1t temp\u00f3dban!\" \/>\n<meta name=\"robots\" content=\"noindex, follow, max-snippet:-1, max-image-preview:large, max-video-preview:-1\" \/>\n<meta property=\"og:locale\" content=\"hu_HU\" \/>\n<meta property=\"og:type\" content=\"article\" \/>\n<meta property=\"og:title\" content=\"Sherlock Holmes Venlo\" \/>\n<meta property=\"og:description\" content=\"Sherlock Holmes Venlo. J\u00e1tssz egy \u00f6n\u00e1ll\u00f3an j\u00e1tszhat\u00f3 gyilkoss\u00e1gi rejt\u00e9ly City Game-et, fejts meg rejtv\u00e9nyeket, k\u00f6vess nyomokat, \u00e9s fedezd fel a gyilkost a saj\u00e1t temp\u00f3dban!\" \/>\n<meta property=\"og:url\" content=\"https:\/\/testwebsite.citygame.com\/hu\/games\/venlo\/sherlock-holmes-venlo\/\" \/>\n<meta property=\"og:site_name\" content=\"City Game\" \/>\n<meta property=\"article:publisher\" content=\"https:\/\/www.facebook.com\/profile.php?id=100086426226253\" \/>\n<meta property=\"article:modified_time\" content=\"2026-04-07T22:03:44+00:00\" \/>\n<meta property=\"og:image\" content=\"https:\/\/testwebsite.citygame.com\/wp-content\/blogs.dir\/1\/files\/sites\/62\/2026\/02\/group-of-friends-playing-city-game-with-map-and-phone-in-venlo.jpg\" \/>\n\t<meta property=\"og:image:width\" content=\"1344\" \/>\n\t<meta property=\"og:image:height\" content=\"768\" \/>\n\t<meta property=\"og:image:type\" content=\"image\/jpeg\" \/>\n<meta name=\"twitter:card\" content=\"summary_large_image\" \/>\n<meta name=\"twitter:label1\" content=\"Becs\u00fclt olvas\u00e1si id\u0151\" \/>\n\t<meta name=\"twitter:data1\" content=\"1 perc\" \/>\n<script type=\"application\/ld+json\" class=\"yoast-schema-graph\">{\"@context\":\"https:\/\/schema.org\",\"@graph\":[{\"@type\":\"WebPage\",\"@id\":\"https:\/\/testwebsite.citygame.com\/hu\/games\/venlo\/sherlock-holmes-venlo\/\",\"url\":\"https:\/\/testwebsite.citygame.com\/hu\/games\/venlo\/sherlock-holmes-venlo\/\",\"name\":\"Sherlock Holmes Venlo - City Game\",\"isPartOf\":{\"@id\":\"https:\/\/testwebsite.upevents.nl\/#website\"},\"primaryImageOfPage\":{\"@id\":\"https:\/\/testwebsite.citygame.com\/hu\/games\/venlo\/sherlock-holmes-venlo\/#primaryimage\"},\"image\":{\"@id\":\"https:\/\/testwebsite.citygame.com\/hu\/games\/venlo\/sherlock-holmes-venlo\/#primaryimage\"},\"thumbnailUrl\":\"https:\/\/testwebsite.citygame.com\/wp-content\/blogs.dir\/1\/files\/sites\/62\/2026\/02\/group-of-friends-playing-city-game-with-map-and-phone-in-venlo.jpg\",\"datePublished\":\"2026-02-04T13:32:48+00:00\",\"dateModified\":\"2026-04-07T22:03:44+00:00\",\"description\":\"Sherlock Holmes Venlo. J\u00e1tssz egy \u00f6n\u00e1ll\u00f3an j\u00e1tszhat\u00f3 gyilkoss\u00e1gi rejt\u00e9ly City Game-et, fejts meg rejtv\u00e9nyeket, k\u00f6vess nyomokat, \u00e9s fedezd fel a gyilkost a saj\u00e1t temp\u00f3dban!\",\"breadcrumb\":{\"@id\":\"https:\/\/testwebsite.citygame.com\/hu\/games\/venlo\/sherlock-holmes-venlo\/#breadcrumb\"},\"inLanguage\":\"hu\",\"potentialAction\":[{\"@type\":\"ReadAction\",\"target\":[\"https:\/\/testwebsite.citygame.com\/hu\/games\/venlo\/sherlock-holmes-venlo\/\"]}]},{\"@type\":\"ImageObject\",\"inLanguage\":\"hu\",\"@id\":\"https:\/\/testwebsite.citygame.com\/hu\/games\/venlo\/sherlock-holmes-venlo\/#primaryimage\",\"url\":\"https:\/\/testwebsite.citygame.com\/wp-content\/blogs.dir\/1\/files\/sites\/62\/2026\/02\/group-of-friends-playing-city-game-with-map-and-phone-in-venlo.jpg\",\"contentUrl\":\"https:\/\/testwebsite.citygame.com\/wp-content\/blogs.dir\/1\/files\/sites\/62\/2026\/02\/group-of-friends-playing-city-game-with-map-and-phone-in-venlo.jpg\",\"width\":1344,\"height\":768,\"caption\":\"A group of four young adults explore the narrow streets of Venlo using a map and a phone.\"},{\"@type\":\"BreadcrumbList\",\"@id\":\"https:\/\/testwebsite.citygame.com\/hu\/games\/venlo\/sherlock-holmes-venlo\/#breadcrumb\",\"itemListElement\":[{\"@type\":\"ListItem\",\"position\":1,\"name\":\"Home\",\"item\":\"https:\/\/testwebsite.citygame.com\/hu\/\"},{\"@type\":\"ListItem\",\"position\":2,\"name\":\"Shop\",\"item\":\"https:\/\/testwebsite.citygame.com\/shop\/\"},{\"@type\":\"ListItem\",\"position\":3,\"name\":\"Sherlock Holmes Venlo\"}]},{\"@type\":\"WebSite\",\"@id\":\"https:\/\/testwebsite.upevents.nl\/#website\",\"url\":\"https:\/\/testwebsite.upevents.nl\/\",\"name\":\"City Game\",\"description\":\"\",\"publisher\":{\"@id\":\"https:\/\/testwebsite.upevents.nl\/#organization\"},\"alternateName\":\"citygame.com\",\"potentialAction\":[{\"@type\":\"SearchAction\",\"target\":{\"@type\":\"EntryPoint\",\"urlTemplate\":\"https:\/\/testwebsite.upevents.nl\/?s={search_term_string}\"},\"query-input\":{\"@type\":\"PropertyValueSpecification\",\"valueRequired\":true,\"valueName\":\"search_term_string\"}}],\"inLanguage\":\"hu\"},{\"@type\":[\"Organization\",\"Place\"],\"@id\":\"https:\/\/testwebsite.upevents.nl\/#organization\",\"name\":\"City Game\",\"alternateName\":\"citygame.com\",\"url\":\"https:\/\/testwebsite.upevents.nl\/\",\"logo\":{\"@id\":\"https:\/\/testwebsite.citygame.com\/hu\/games\/venlo\/sherlock-holmes-venlo\/#local-main-organization-logo\"},\"image\":{\"@id\":\"https:\/\/testwebsite.citygame.com\/hu\/games\/venlo\/sherlock-holmes-venlo\/#local-main-organization-logo\"},\"sameAs\":[\"https:\/\/www.facebook.com\/profile.php?id=100086426226253\",\"https:\/\/www.instagram.com\/citygame_com\",\"https:\/\/www.tiktok.com\/@citygamecom\/\",\"https:\/\/www.linkedin.com\/company\/citygame-com\"],\"description\":\"Turn any city into a playground with our interactive City Games and self-guided tours. Fun, flexible, and ideal for groups and team building.\",\"telephone\":[],\"openingHoursSpecification\":[{\"@type\":\"OpeningHoursSpecification\",\"dayOfWeek\":[\"Monday\",\"Tuesday\",\"Wednesday\",\"Thursday\",\"Friday\",\"Saturday\",\"Sunday\"],\"opens\":\"09:00\",\"closes\":\"17:00\"}]},{\"@type\":\"ImageObject\",\"inLanguage\":\"hu\",\"@id\":\"https:\/\/testwebsite.citygame.com\/hu\/games\/venlo\/sherlock-holmes-venlo\/#local-main-organization-logo\",\"url\":\"https:\/\/testwebsite.citygame.com\/wp-content\/blogs.dir\/1\/files\/sites\/62\/2025\/10\/CG_LOGO-City-Game.png\",\"contentUrl\":\"https:\/\/testwebsite.citygame.com\/wp-content\/blogs.dir\/1\/files\/sites\/62\/2025\/10\/CG_LOGO-City-Game.png\",\"width\":351,\"height\":377,\"caption\":\"City Game\"}]}<\/script>\n<!-- \/ Yoast SEO Premium plugin. -->","yoast_head_json":{"title":"Sherlock Holmes Venlo - City Game","description":"Sherlock Holmes Venlo. J\u00e1tssz egy \u00f6n\u00e1ll\u00f3an j\u00e1tszhat\u00f3 gyilkoss\u00e1gi rejt\u00e9ly City Game-et, fejts meg rejtv\u00e9nyeket, k\u00f6vess nyomokat, \u00e9s fedezd fel a gyilkost a saj\u00e1t temp\u00f3dban!","robots":{"index":"noindex","follow":"follow","max-snippet":"max-snippet:-1","max-image-preview":"max-image-preview:large","max-video-preview":"max-video-preview:-1"},"og_locale":"hu_HU","og_type":"article","og_title":"Sherlock Holmes Venlo","og_description":"Sherlock Holmes Venlo. J\u00e1tssz egy \u00f6n\u00e1ll\u00f3an j\u00e1tszhat\u00f3 gyilkoss\u00e1gi rejt\u00e9ly City Game-et, fejts meg rejtv\u00e9nyeket, k\u00f6vess nyomokat, \u00e9s fedezd fel a gyilkost a saj\u00e1t temp\u00f3dban!","og_url":"https:\/\/testwebsite.citygame.com\/hu\/games\/venlo\/sherlock-holmes-venlo\/","og_site_name":"City Game","article_publisher":"https:\/\/www.facebook.com\/profile.php?id=100086426226253","article_modified_time":"2026-04-07T22:03:44+00:00","og_image":[{"width":1344,"height":768,"url":"https:\/\/testwebsite.citygame.com\/wp-content\/blogs.dir\/1\/files\/sites\/62\/2026\/02\/group-of-friends-playing-city-game-with-map-and-phone-in-venlo.jpg","type":"image\/jpeg"}],"twitter_card":"summary_large_image","twitter_misc":{"Becs\u00fclt olvas\u00e1si id\u0151":"1 perc"},"schema":{"@context":"https:\/\/schema.org","@graph":[{"@type":"WebPage","@id":"https:\/\/testwebsite.citygame.com\/hu\/games\/venlo\/sherlock-holmes-venlo\/","url":"https:\/\/testwebsite.citygame.com\/hu\/games\/venlo\/sherlock-holmes-venlo\/","name":"Sherlock Holmes Venlo - City Game","isPartOf":{"@id":"https:\/\/testwebsite.upevents.nl\/#website"},"primaryImageOfPage":{"@id":"https:\/\/testwebsite.citygame.com\/hu\/games\/venlo\/sherlock-holmes-venlo\/#primaryimage"},"image":{"@id":"https:\/\/testwebsite.citygame.com\/hu\/games\/venlo\/sherlock-holmes-venlo\/#primaryimage"},"thumbnailUrl":"https:\/\/testwebsite.citygame.com\/wp-content\/blogs.dir\/1\/files\/sites\/62\/2026\/02\/group-of-friends-playing-city-game-with-map-and-phone-in-venlo.jpg","datePublished":"2026-02-04T13:32:48+00:00","dateModified":"2026-04-07T22:03:44+00:00","description":"Sherlock Holmes Venlo. J\u00e1tssz egy \u00f6n\u00e1ll\u00f3an j\u00e1tszhat\u00f3 gyilkoss\u00e1gi rejt\u00e9ly City Game-et, fejts meg rejtv\u00e9nyeket, k\u00f6vess nyomokat, \u00e9s fedezd fel a gyilkost a saj\u00e1t temp\u00f3dban!","breadcrumb":{"@id":"https:\/\/testwebsite.citygame.com\/hu\/games\/venlo\/sherlock-holmes-venlo\/#breadcrumb"},"inLanguage":"hu","potentialAction":[{"@type":"ReadAction","target":["https:\/\/testwebsite.citygame.com\/hu\/games\/venlo\/sherlock-holmes-venlo\/"]}]},{"@type":"ImageObject","inLanguage":"hu","@id":"https:\/\/testwebsite.citygame.com\/hu\/games\/venlo\/sherlock-holmes-venlo\/#primaryimage","url":"https:\/\/testwebsite.citygame.com\/wp-content\/blogs.dir\/1\/files\/sites\/62\/2026\/02\/group-of-friends-playing-city-game-with-map-and-phone-in-venlo.jpg","contentUrl":"https:\/\/testwebsite.citygame.com\/wp-content\/blogs.dir\/1\/files\/sites\/62\/2026\/02\/group-of-friends-playing-city-game-with-map-and-phone-in-venlo.jpg","width":1344,"height":768,"caption":"A group of four young adults explore the narrow streets of Venlo using a map and a phone."},{"@type":"BreadcrumbList","@id":"https:\/\/testwebsite.citygame.com\/hu\/games\/venlo\/sherlock-holmes-venlo\/#breadcrumb","itemListElement":[{"@type":"ListItem","position":1,"name":"Home","item":"https:\/\/testwebsite.citygame.com\/hu\/"},{"@type":"ListItem","position":2,"name":"Shop","item":"https:\/\/testwebsite.citygame.com\/shop\/"},{"@type":"ListItem","position":3,"name":"Sherlock Holmes Venlo"}]},{"@type":"WebSite","@id":"https:\/\/testwebsite.upevents.nl\/#website","url":"https:\/\/testwebsite.upevents.nl\/","name":"City Game","description":"","publisher":{"@id":"https:\/\/testwebsite.upevents.nl\/#organization"},"alternateName":"citygame.com","potentialAction":[{"@type":"SearchAction","target":{"@type":"EntryPoint","urlTemplate":"https:\/\/testwebsite.upevents.nl\/?s={search_term_string}"},"query-input":{"@type":"PropertyValueSpecification","valueRequired":true,"valueName":"search_term_string"}}],"inLanguage":"hu"},{"@type":["Organization","Place"],"@id":"https:\/\/testwebsite.upevents.nl\/#organization","name":"City Game","alternateName":"citygame.com","url":"https:\/\/testwebsite.upevents.nl\/","logo":{"@id":"https:\/\/testwebsite.citygame.com\/hu\/games\/venlo\/sherlock-holmes-venlo\/#local-main-organization-logo"},"image":{"@id":"https:\/\/testwebsite.citygame.com\/hu\/games\/venlo\/sherlock-holmes-venlo\/#local-main-organization-logo"},"sameAs":["https:\/\/www.facebook.com\/profile.php?id=100086426226253","https:\/\/www.instagram.com\/citygame_com","https:\/\/www.tiktok.com\/@citygamecom\/","https:\/\/www.linkedin.com\/company\/citygame-com"],"description":"Turn any city into a playground with our interactive City Games and self-guided tours. Fun, flexible, and ideal for groups and team building.","telephone":[],"openingHoursSpecification":[{"@type":"OpeningHoursSpecification","dayOfWeek":["Monday","Tuesday","Wednesday","Thursday","Friday","Saturday","Sunday"],"opens":"09:00","closes":"17:00"}]},{"@type":"ImageObject","inLanguage":"hu","@id":"https:\/\/testwebsite.citygame.com\/hu\/games\/venlo\/sherlock-holmes-venlo\/#local-main-organization-logo","url":"https:\/\/testwebsite.citygame.com\/wp-content\/blogs.dir\/1\/files\/sites\/62\/2025\/10\/CG_LOGO-City-Game.png","contentUrl":"https:\/\/testwebsite.citygame.com\/wp-content\/blogs.dir\/1\/files\/sites\/62\/2025\/10\/CG_LOGO-City-Game.png","width":351,"height":377,"caption":"City Game"}]}},"taxonomy_info":{"game-concept":[{"value":776,"label":"Sherlock"}],"location":[{"value":419,"label":"Venlo"}],"product_cat":[{"value":27,"label":"Geen categorie"}]},"featured_image_src_large":["https:\/\/testwebsite.citygame.com\/wp-content\/blogs.dir\/1\/files\/sites\/62\/2026\/02\/group-of-friends-playing-city-game-with-map-and-phone-in-venlo-1024x585.jpg",1024,585,true],"author_info":[],"comment_info":"","_links":{"self":[{"href":"https:\/\/testwebsite.citygame.com\/hu\/wp-json\/wp\/v2\/product\/56068","targetHints":{"allow":["GET"]}}],"collection":[{"href":"https:\/\/testwebsite.citygame.com\/hu\/wp-json\/wp\/v2\/product"}],"about":[{"href":"https:\/\/testwebsite.citygame.com\/hu\/wp-json\/wp\/v2\/types\/product"}],"acf:post":[{"embeddable":true,"href":"https:\/\/testwebsite.citygame.com\/hu\/wp-json\/wp\/v2\/pages\/4549"}],"wp:featuredmedia":[{"embeddable":true,"href":"https:\/\/testwebsite.citygame.com\/hu\/wp-json\/wp\/v2\/media\/10235"}],"wp:attachment":[{"href":"https:\/\/testwebsite.citygame.com\/hu\/wp-json\/wp\/v2\/media?parent=56068"}],"wp:term":[{"taxonomy":"game-concept","embeddable":true,"href":"https:\/\/testwebsite.citygame.com\/hu\/wp-json\/wp\/v2\/game-concept?post=56068"},{"taxonomy":"location","embeddable":true,"href":"https:\/\/testwebsite.citygame.com\/hu\/wp-json\/wp\/v2\/location?post=56068"},{"taxonomy":"product_brand","embeddable":true,"href":"https:\/\/testwebsite.citygame.com\/hu\/wp-json\/wp\/v2\/product_brand?post=56068"},{"taxonomy":"product_cat","embeddable":true,"href":"https:\/\/testwebsite.citygame.com\/hu\/wp-json\/wp\/v2\/product_cat?post=56068"},{"taxonomy":"product_tag","embeddable":true,"href":"https:\/\/testwebsite.citygame.com\/hu\/wp-json\/wp\/v2\/product_tag?post=56068"}],"curies":[{"name":"wp","href":"https:\/\/api.w.org\/{rel}","templated":true}]}}