{"id":55768,"date":"2026-02-13T15:28:09","date_gmt":"2026-02-13T15:28:09","guid":{"rendered":"https:\/\/testwebsite.citygame.com\/games\/unknown-location\/the-leiden-syndicate\/"},"modified":"2026-04-07T21:30:08","modified_gmt":"2026-04-07T21:30:08","slug":"the-leiden-syndicate","status":"publish","type":"product","link":"https:\/\/testwebsite.citygame.com\/hu\/games\/leiden\/the-leiden-syndicate\/","title":{"rendered":"The Leiden Syndicate"},"content":{"rendered":"<p>Ez az \u00f6nvezet\u0151 V\u00e1rosi Szabadul\u00f3szoba J\u00e1t\u00e9k Leidenben a v\u00e1ros t\u00f6rt\u00e9nelmi k\u00f6zpontj\u00e1ban j\u00e1tsz\u00f3dik. Csapatk\u00e9nt a j\u00e1t\u00e9kosok k\u00f6vetik a t\u00f6rt\u00e9netet, hogy felkutass\u00e1k Magnust \u00e9s visszaszerezzenek hat ellopott k\u00e9pletet, l\u00e9p\u00e9sr\u0151l l\u00e9p\u00e9sre haladva a k\u00fcldet\u00e9sben. A V\u00e1rosi J\u00e1t\u00e9k Leidenben olyan fejt\u00f6r\u0151ket, feladatokat \u00e9s kih\u00edv\u00e1sokat tartalmaz, amelyek egy\u00fcttm\u0171k\u00f6d\u00e9st \u00e9s strat\u00e9gi\u00e1t ig\u00e9nyelnek, mag\u00e1val ragad\u00f3 \u00e9lm\u00e9nyt ny\u00fajtva, amelyet a csapatmunka \u00e9s az elmer\u00fcl\u00e9st seg\u00edt\u0151 t\u00f6rt\u00e9netmes\u00e9l\u00e9s vez\u00e9rel.<\/p>\n","protected":false},"excerpt":{"rendered":"<p>L\u00e9pjen Leiden sz\u00edv\u00e9be, fejtsen meg a v\u00e1ros rejt\u00e9lyeit egy \u00f6nvezet\u0151 V\u00e1rosi Szabadul\u00f3szoba J\u00e1t\u00e9kkal. K\u00f6vesse a rejt\u00e9lyes nyomokat, oldjon meg izgalmas fejt\u00f6r\u0151ket, \u00e9s dolgozzon egy\u00fctt csapat\u00e1val, hogy felfedje az igazs\u00e1got \u2014 az id\u0151 s\u00fcrget, fogadja el a kih\u00edv\u00e1st!<\/p>\n","protected":false},"featured_media":13634,"template":"","meta":{"_acf_changed":false,"_yoast_wpseo_focuskw":"The Leiden Syndicate","_yoast_wpseo_metadesc":"The Leiden Syndicate. J\u00e1tsszon egy \u00f6nvezet\u0151 V\u00e1rosi Szabadul\u00f3szoba J\u00e1t\u00e9kot, oldjon meg fejt\u00f6r\u0151ket, teljes\u00edtsen k\u00fcldet\u00e9seket \u00e9s szerezze vissza az ellopott k\u00e9pleteket a saj\u00e1t temp\u00f3j\u00e1ban!","_kad_blocks_custom_css":"","_kad_blocks_head_custom_js":"","_kad_blocks_body_custom_js":"","_kad_blocks_footer_custom_js":"","ghostkit_customizer_options":"","ghostkit_custom_css":"","ghostkit_custom_js_head":"","ghostkit_custom_js_foot":"","ghostkit_typography":"","_kad_post_transparent":"default","_kad_post_title":"","_kad_post_layout":"default","_kad_post_sidebar_id":"","_kad_post_content_style":"default","_kad_post_vertical_padding":"default","_kad_post_feature":"","_kad_post_feature_position":"","_kad_post_header":false,"_kad_post_footer":false,"_kad_post_classname":"","_links_to":"","_links_to_target":""},"game-concept":[745],"location":[239],"product_brand":[],"product_cat":[27],"product_tag":[],"class_list":{"0":"post-55768","1":"product","2":"type-product","3":"status-publish","4":"has-post-thumbnail","6":"game-concept-syndicate","7":"location-leiden","8":"product_cat-geen-categorie","10":"first","11":"instock","12":"shipping-taxable","13":"purchasable","14":"product-type-simple","15":"entry","16":"content-bg","17":"loop-entry"},"acf":{"full_bokun_product_name":"Self-Guided The Leiden Syndicate City Escape Game","location_name":"Leiden","bokun_calendar_widget_code":"<script type=\"text\/javascript\" src=\"https:\/\/widgets.bokun.io\/assets\/javascripts\/apps\/build\/BokunWidgetsLoader.js?bookingChannelUUID=a1e93e96-5232-4734-a595-28405f4b5a31\" async><\/script>\n     \n    <div class=\"bokunWidget\" data-src=\"https:\/\/widgets.bokun.io\/online-sales\/a1e93e96-5232-4734-a595-28405f4b5a31\/experience-calendar\/773738\"><\/div>\n    <noscript>Please enable javascript in your browser to book<\/noscript>","bokun_button_widget_code":"<script type=\"text\/javascript\" src=\"https:\/\/widgets.bokun.io\/assets\/javascripts\/apps\/build\/BokunWidgetsLoader.js?bookingChannelUUID=a1e93e96-5232-4734-a595-28405f4b5a31\" async><\/script>\n      <style> #bokun_ed001e45_5927_4f62_b470_ca766338d083 { display: inline-block; padding: .4em 1em; background: #47b82e; border-radius: 999999px; box-shadow: none; font-weight: 600; font-size: 24px; text-decoration: none; text-align: center; color: #FFFFFF; border:none; cursor: pointer; transition: background .2s ease; } #bokun_ed001e45_5927_4f62_b470_ca766338d083:hover{ background: #2f7b1f; } #bokun_ed001e45_5927_4f62_b470_ca766338d083:active{ background: #378f24; } <\/style> <button class=\"bokunButton\" disabled id=bokun_ed001e45_5927_4f62_b470_ca766338d083 data-src=\"https:\/\/widgets.bokun.io\/online-sales\/a1e93e96-5232-4734-a595-28405f4b5a31\/experience-calendar\/773738?partialView=1\" data-testid=\"widget-book-button\" > Book now <\/button> ","what_you\u2019ll_experience_during_the_game":"\u00d6nt \u00e9s csapat\u00e1t egy nagy t\u00e9tekkel j\u00e1r\u00f3 menek\u00fcl\u00e9si k\u00fcldet\u00e9sbe vetik, m\u00e9lyen Leiden sz\u00edv\u00e9ben. Az \u00f3ra ellen dolgoz\u00f3 \u00fcgyn\u00f6k\u00f6kk\u00e9nt a c\u00e9ljuk egy\u00e9rtelm\u0171: felkutatni egy sz\u00f6kev\u00e9ny \u00fcgyn\u00f6k\u00f6t, Magnust, \u00e9s visszaszerezni hat ellopott k\u00e9miai k\u00e9pletet, miel\u0151tt \u00f6r\u00f6kre elt\u0171nn\u00e9nek. A v\u00e1ros lesz az \u00d6n\u00f6k csatater\u00e9v\u00e9, ahogy a k\u00fcldet\u00e9s minden l\u00e9p\u00e9se v\u00e1ltoz\u00f3 helysz\u00edneken bontakozik ki, minden fordul\u00f3 \u00faj r\u00e9teg\u0171 kock\u00e1zatot \u00e9s komplexit\u00e1st t\u00e1r fel.\r\n\r\nAhogy Leidenen kereszt\u00fcl haladnak, fejt\u00f6r\u0151kkel tal\u00e1lkoznak, titkos\u00edtott \u00fczeneteket kell megfejteni\u00fck \u00e9s titkos feladatokkal, amelyek \u00e9les gondolkod\u00e1st \u00e9s kollekt\u00edv er\u0151fesz\u00edt\u00e9st ig\u00e9nyelnek. Minden kih\u00edv\u00e1s egy teljesen mag\u00e1val ragad\u00f3 t\u00f6rt\u00e9netbe van sz\u0151ve, amely alkalmazkodik a d\u00f6nt\u00e9seikhez, pr\u00f3b\u00e1ra t\u00e9ve a csapatmunk\u00e1t, a kommunik\u00e1ci\u00f3t \u00e9s a strat\u00e9gi\u00e1t. A k\u00fcldet\u00e9s sz\u00fcneteltethet\u0151 \u00e9s folytathat\u00f3 a saj\u00e1t temp\u00f3j\u00e1ban, \u00edgy csapata rugalmasan navig\u00e1lhat a kibontakoz\u00f3 narrat\u00edv\u00e1ban a saj\u00e1t felt\u00e9telei szerint.","how_to_play":"Foglalja le a V\u00e1rosi J\u00e1t\u00e9kot, ellen\u0151rizze az e-mailt, amelyet az utas\u00edt\u00e1sokkal k\u00fcld\u00fcnk \u00d6nnek, t\u00f6ltse le a Loquiz App alkalmaz\u00e1st, \u00e9s kezdje meg a j\u00e1t\u00e9k\u00e9lm\u00e9nyt! Fedezze fel a v\u00e1rost \u00fagy, ahogy m\u00e9g soha. Ez a szabadul\u00f3j\u00e1t\u00e9k egy szerepj\u00e1t\u00e9k alap\u00fa t\u00f6rt\u00e9netj\u00e1t\u00e9k, csapat\u00e1nak minden tagja fontos szerepet fog j\u00e1tszani a k\u00fcldet\u00e9sben. S\u00e9t\u00e1ljon a v\u00e1rosban, hogy megtal\u00e1lja a megold\u00e1st az izgalmas fejt\u00f6r\u0151kh\u00f6z, rejtv\u00e9nyekhez \u00e9s fot\u00f3feladatokhoz.","start_location":"Leiden, Stadhuisplein","available_languages":["en","nl"],"players_per_group":"1-4","duration":"1.5-2 hours","image_overlay_color_image":"https:\/\/testwebsite.citygame.com\/wp-content\/blogs.dir\/1\/files\/sites\/62\/2026\/01\/SyndicateColor.svg","image_overlay_game_logo":"https:\/\/testwebsite.citygame.com\/wp-content\/blogs.dir\/1\/files\/sites\/62\/2026\/01\/SyndicateLogo.png","city_page":4622,"woocommerce_general_content":null},"yoast_head":"<!-- This site is optimized with the Yoast SEO Premium plugin v26.2 (Yoast SEO v26.3) - https:\/\/yoast.com\/wordpress\/plugins\/seo\/ -->\n<title>The Leiden Syndicate - City Game<\/title>\n<meta name=\"description\" content=\"The Leiden Syndicate. J\u00e1tsszon egy \u00f6nvezet\u0151 V\u00e1rosi Szabadul\u00f3szoba J\u00e1t\u00e9kot, oldjon meg fejt\u00f6r\u0151ket, teljes\u00edtsen k\u00fcldet\u00e9seket \u00e9s szerezze vissza az ellopott k\u00e9pleteket a saj\u00e1t temp\u00f3j\u00e1ban!\" \/>\n<meta name=\"robots\" content=\"noindex, follow, max-snippet:-1, max-image-preview:large, max-video-preview:-1\" \/>\n<meta property=\"og:locale\" content=\"hu_HU\" \/>\n<meta property=\"og:type\" content=\"article\" \/>\n<meta property=\"og:title\" content=\"The Leiden Syndicate\" \/>\n<meta property=\"og:description\" content=\"The Leiden Syndicate. J\u00e1tsszon egy \u00f6nvezet\u0151 V\u00e1rosi Szabadul\u00f3szoba J\u00e1t\u00e9kot, oldjon meg fejt\u00f6r\u0151ket, teljes\u00edtsen k\u00fcldet\u00e9seket \u00e9s szerezze vissza az ellopott k\u00e9pleteket a saj\u00e1t temp\u00f3j\u00e1ban!\" \/>\n<meta property=\"og:url\" content=\"https:\/\/testwebsite.citygame.com\/hu\/games\/leiden\/the-leiden-syndicate\/\" \/>\n<meta property=\"og:site_name\" content=\"City Game\" \/>\n<meta property=\"article:publisher\" content=\"https:\/\/www.facebook.com\/profile.php?id=100086426226253\" \/>\n<meta property=\"article:modified_time\" content=\"2026-04-07T21:30:08+00:00\" \/>\n<meta property=\"og:image\" content=\"https:\/\/testwebsite.citygame.com\/wp-content\/blogs.dir\/1\/files\/sites\/62\/2026\/02\/group-playing-city-game-leiden.jpg\" \/>\n\t<meta property=\"og:image:width\" content=\"1024\" \/>\n\t<meta property=\"og:image:height\" content=\"1024\" \/>\n\t<meta property=\"og:image:type\" content=\"image\/jpeg\" \/>\n<meta name=\"twitter:card\" content=\"summary_large_image\" \/>\n<meta name=\"twitter:label1\" content=\"Becs\u00fclt olvas\u00e1si id\u0151\" \/>\n\t<meta name=\"twitter:data1\" content=\"1 perc\" \/>\n<script type=\"application\/ld+json\" class=\"yoast-schema-graph\">{\"@context\":\"https:\/\/schema.org\",\"@graph\":[{\"@type\":\"WebPage\",\"@id\":\"https:\/\/testwebsite.citygame.com\/hu\/games\/leiden\/the-leiden-syndicate\/\",\"url\":\"https:\/\/testwebsite.citygame.com\/hu\/games\/leiden\/the-leiden-syndicate\/\",\"name\":\"The Leiden Syndicate - City Game\",\"isPartOf\":{\"@id\":\"https:\/\/testwebsite.upevents.nl\/#website\"},\"primaryImageOfPage\":{\"@id\":\"https:\/\/testwebsite.citygame.com\/hu\/games\/leiden\/the-leiden-syndicate\/#primaryimage\"},\"image\":{\"@id\":\"https:\/\/testwebsite.citygame.com\/hu\/games\/leiden\/the-leiden-syndicate\/#primaryimage\"},\"thumbnailUrl\":\"https:\/\/testwebsite.citygame.com\/wp-content\/blogs.dir\/1\/files\/sites\/62\/2026\/02\/group-playing-city-game-leiden.jpg\",\"datePublished\":\"2026-02-13T15:28:09+00:00\",\"dateModified\":\"2026-04-07T21:30:08+00:00\",\"description\":\"The Leiden Syndicate. J\u00e1tsszon egy \u00f6nvezet\u0151 V\u00e1rosi Szabadul\u00f3szoba J\u00e1t\u00e9kot, oldjon meg fejt\u00f6r\u0151ket, teljes\u00edtsen k\u00fcldet\u00e9seket \u00e9s szerezze vissza az ellopott k\u00e9pleteket a saj\u00e1t temp\u00f3j\u00e1ban!\",\"breadcrumb\":{\"@id\":\"https:\/\/testwebsite.citygame.com\/hu\/games\/leiden\/the-leiden-syndicate\/#breadcrumb\"},\"inLanguage\":\"hu\",\"potentialAction\":[{\"@type\":\"ReadAction\",\"target\":[\"https:\/\/testwebsite.citygame.com\/hu\/games\/leiden\/the-leiden-syndicate\/\"]}]},{\"@type\":\"ImageObject\",\"inLanguage\":\"hu\",\"@id\":\"https:\/\/testwebsite.citygame.com\/hu\/games\/leiden\/the-leiden-syndicate\/#primaryimage\",\"url\":\"https:\/\/testwebsite.citygame.com\/wp-content\/blogs.dir\/1\/files\/sites\/62\/2026\/02\/group-playing-city-game-leiden.jpg\",\"contentUrl\":\"https:\/\/testwebsite.citygame.com\/wp-content\/blogs.dir\/1\/files\/sites\/62\/2026\/02\/group-playing-city-game-leiden.jpg\",\"width\":1024,\"height\":1024,\"caption\":\"A group of friends collaborate while playing an outdoor discovery game on a mobile phone in Leiden.\"},{\"@type\":\"BreadcrumbList\",\"@id\":\"https:\/\/testwebsite.citygame.com\/hu\/games\/leiden\/the-leiden-syndicate\/#breadcrumb\",\"itemListElement\":[{\"@type\":\"ListItem\",\"position\":1,\"name\":\"Home\",\"item\":\"https:\/\/testwebsite.citygame.com\/hu\/\"},{\"@type\":\"ListItem\",\"position\":2,\"name\":\"Shop\",\"item\":\"https:\/\/testwebsite.citygame.com\/shop\/\"},{\"@type\":\"ListItem\",\"position\":3,\"name\":\"The Leiden Syndicate\"}]},{\"@type\":\"WebSite\",\"@id\":\"https:\/\/testwebsite.upevents.nl\/#website\",\"url\":\"https:\/\/testwebsite.upevents.nl\/\",\"name\":\"City Game\",\"description\":\"\",\"publisher\":{\"@id\":\"https:\/\/testwebsite.upevents.nl\/#organization\"},\"alternateName\":\"citygame.com\",\"potentialAction\":[{\"@type\":\"SearchAction\",\"target\":{\"@type\":\"EntryPoint\",\"urlTemplate\":\"https:\/\/testwebsite.upevents.nl\/?s={search_term_string}\"},\"query-input\":{\"@type\":\"PropertyValueSpecification\",\"valueRequired\":true,\"valueName\":\"search_term_string\"}}],\"inLanguage\":\"hu\"},{\"@type\":[\"Organization\",\"Place\"],\"@id\":\"https:\/\/testwebsite.upevents.nl\/#organization\",\"name\":\"City Game\",\"alternateName\":\"citygame.com\",\"url\":\"https:\/\/testwebsite.upevents.nl\/\",\"logo\":{\"@id\":\"https:\/\/testwebsite.citygame.com\/hu\/games\/leiden\/the-leiden-syndicate\/#local-main-organization-logo\"},\"image\":{\"@id\":\"https:\/\/testwebsite.citygame.com\/hu\/games\/leiden\/the-leiden-syndicate\/#local-main-organization-logo\"},\"sameAs\":[\"https:\/\/www.facebook.com\/profile.php?id=100086426226253\",\"https:\/\/www.instagram.com\/citygame_com\",\"https:\/\/www.tiktok.com\/@citygamecom\/\",\"https:\/\/www.linkedin.com\/company\/citygame-com\"],\"description\":\"Turn any city into a playground with our interactive City Games and self-guided tours. Fun, flexible, and ideal for groups and team building.\",\"telephone\":[],\"openingHoursSpecification\":[{\"@type\":\"OpeningHoursSpecification\",\"dayOfWeek\":[\"Monday\",\"Tuesday\",\"Wednesday\",\"Thursday\",\"Friday\",\"Saturday\",\"Sunday\"],\"opens\":\"09:00\",\"closes\":\"17:00\"}]},{\"@type\":\"ImageObject\",\"inLanguage\":\"hu\",\"@id\":\"https:\/\/testwebsite.citygame.com\/hu\/games\/leiden\/the-leiden-syndicate\/#local-main-organization-logo\",\"url\":\"https:\/\/testwebsite.citygame.com\/wp-content\/blogs.dir\/1\/files\/sites\/62\/2025\/10\/CG_LOGO-City-Game.png\",\"contentUrl\":\"https:\/\/testwebsite.citygame.com\/wp-content\/blogs.dir\/1\/files\/sites\/62\/2025\/10\/CG_LOGO-City-Game.png\",\"width\":351,\"height\":377,\"caption\":\"City Game\"}]}<\/script>\n<!-- \/ Yoast SEO Premium plugin. -->","yoast_head_json":{"title":"The Leiden Syndicate - City Game","description":"The Leiden Syndicate. J\u00e1tsszon egy \u00f6nvezet\u0151 V\u00e1rosi Szabadul\u00f3szoba J\u00e1t\u00e9kot, oldjon meg fejt\u00f6r\u0151ket, teljes\u00edtsen k\u00fcldet\u00e9seket \u00e9s szerezze vissza az ellopott k\u00e9pleteket a saj\u00e1t temp\u00f3j\u00e1ban!","robots":{"index":"noindex","follow":"follow","max-snippet":"max-snippet:-1","max-image-preview":"max-image-preview:large","max-video-preview":"max-video-preview:-1"},"og_locale":"hu_HU","og_type":"article","og_title":"The Leiden Syndicate","og_description":"The Leiden Syndicate. J\u00e1tsszon egy \u00f6nvezet\u0151 V\u00e1rosi Szabadul\u00f3szoba J\u00e1t\u00e9kot, oldjon meg fejt\u00f6r\u0151ket, teljes\u00edtsen k\u00fcldet\u00e9seket \u00e9s szerezze vissza az ellopott k\u00e9pleteket a saj\u00e1t temp\u00f3j\u00e1ban!","og_url":"https:\/\/testwebsite.citygame.com\/hu\/games\/leiden\/the-leiden-syndicate\/","og_site_name":"City Game","article_publisher":"https:\/\/www.facebook.com\/profile.php?id=100086426226253","article_modified_time":"2026-04-07T21:30:08+00:00","og_image":[{"width":1024,"height":1024,"url":"https:\/\/testwebsite.citygame.com\/wp-content\/blogs.dir\/1\/files\/sites\/62\/2026\/02\/group-playing-city-game-leiden.jpg","type":"image\/jpeg"}],"twitter_card":"summary_large_image","twitter_misc":{"Becs\u00fclt olvas\u00e1si id\u0151":"1 perc"},"schema":{"@context":"https:\/\/schema.org","@graph":[{"@type":"WebPage","@id":"https:\/\/testwebsite.citygame.com\/hu\/games\/leiden\/the-leiden-syndicate\/","url":"https:\/\/testwebsite.citygame.com\/hu\/games\/leiden\/the-leiden-syndicate\/","name":"The Leiden Syndicate - City Game","isPartOf":{"@id":"https:\/\/testwebsite.upevents.nl\/#website"},"primaryImageOfPage":{"@id":"https:\/\/testwebsite.citygame.com\/hu\/games\/leiden\/the-leiden-syndicate\/#primaryimage"},"image":{"@id":"https:\/\/testwebsite.citygame.com\/hu\/games\/leiden\/the-leiden-syndicate\/#primaryimage"},"thumbnailUrl":"https:\/\/testwebsite.citygame.com\/wp-content\/blogs.dir\/1\/files\/sites\/62\/2026\/02\/group-playing-city-game-leiden.jpg","datePublished":"2026-02-13T15:28:09+00:00","dateModified":"2026-04-07T21:30:08+00:00","description":"The Leiden Syndicate. J\u00e1tsszon egy \u00f6nvezet\u0151 V\u00e1rosi Szabadul\u00f3szoba J\u00e1t\u00e9kot, oldjon meg fejt\u00f6r\u0151ket, teljes\u00edtsen k\u00fcldet\u00e9seket \u00e9s szerezze vissza az ellopott k\u00e9pleteket a saj\u00e1t temp\u00f3j\u00e1ban!","breadcrumb":{"@id":"https:\/\/testwebsite.citygame.com\/hu\/games\/leiden\/the-leiden-syndicate\/#breadcrumb"},"inLanguage":"hu","potentialAction":[{"@type":"ReadAction","target":["https:\/\/testwebsite.citygame.com\/hu\/games\/leiden\/the-leiden-syndicate\/"]}]},{"@type":"ImageObject","inLanguage":"hu","@id":"https:\/\/testwebsite.citygame.com\/hu\/games\/leiden\/the-leiden-syndicate\/#primaryimage","url":"https:\/\/testwebsite.citygame.com\/wp-content\/blogs.dir\/1\/files\/sites\/62\/2026\/02\/group-playing-city-game-leiden.jpg","contentUrl":"https:\/\/testwebsite.citygame.com\/wp-content\/blogs.dir\/1\/files\/sites\/62\/2026\/02\/group-playing-city-game-leiden.jpg","width":1024,"height":1024,"caption":"A group of friends collaborate while playing an outdoor discovery game on a mobile phone in Leiden."},{"@type":"BreadcrumbList","@id":"https:\/\/testwebsite.citygame.com\/hu\/games\/leiden\/the-leiden-syndicate\/#breadcrumb","itemListElement":[{"@type":"ListItem","position":1,"name":"Home","item":"https:\/\/testwebsite.citygame.com\/hu\/"},{"@type":"ListItem","position":2,"name":"Shop","item":"https:\/\/testwebsite.citygame.com\/shop\/"},{"@type":"ListItem","position":3,"name":"The Leiden Syndicate"}]},{"@type":"WebSite","@id":"https:\/\/testwebsite.upevents.nl\/#website","url":"https:\/\/testwebsite.upevents.nl\/","name":"City Game","description":"","publisher":{"@id":"https:\/\/testwebsite.upevents.nl\/#organization"},"alternateName":"citygame.com","potentialAction":[{"@type":"SearchAction","target":{"@type":"EntryPoint","urlTemplate":"https:\/\/testwebsite.upevents.nl\/?s={search_term_string}"},"query-input":{"@type":"PropertyValueSpecification","valueRequired":true,"valueName":"search_term_string"}}],"inLanguage":"hu"},{"@type":["Organization","Place"],"@id":"https:\/\/testwebsite.upevents.nl\/#organization","name":"City Game","alternateName":"citygame.com","url":"https:\/\/testwebsite.upevents.nl\/","logo":{"@id":"https:\/\/testwebsite.citygame.com\/hu\/games\/leiden\/the-leiden-syndicate\/#local-main-organization-logo"},"image":{"@id":"https:\/\/testwebsite.citygame.com\/hu\/games\/leiden\/the-leiden-syndicate\/#local-main-organization-logo"},"sameAs":["https:\/\/www.facebook.com\/profile.php?id=100086426226253","https:\/\/www.instagram.com\/citygame_com","https:\/\/www.tiktok.com\/@citygamecom\/","https:\/\/www.linkedin.com\/company\/citygame-com"],"description":"Turn any city into a playground with our interactive City Games and self-guided tours. Fun, flexible, and ideal for groups and team building.","telephone":[],"openingHoursSpecification":[{"@type":"OpeningHoursSpecification","dayOfWeek":["Monday","Tuesday","Wednesday","Thursday","Friday","Saturday","Sunday"],"opens":"09:00","closes":"17:00"}]},{"@type":"ImageObject","inLanguage":"hu","@id":"https:\/\/testwebsite.citygame.com\/hu\/games\/leiden\/the-leiden-syndicate\/#local-main-organization-logo","url":"https:\/\/testwebsite.citygame.com\/wp-content\/blogs.dir\/1\/files\/sites\/62\/2025\/10\/CG_LOGO-City-Game.png","contentUrl":"https:\/\/testwebsite.citygame.com\/wp-content\/blogs.dir\/1\/files\/sites\/62\/2025\/10\/CG_LOGO-City-Game.png","width":351,"height":377,"caption":"City Game"}]}},"taxonomy_info":{"game-concept":[{"value":745,"label":"Syndicate"}],"location":[{"value":239,"label":"Leiden"}],"product_cat":[{"value":27,"label":"Geen categorie"}]},"featured_image_src_large":["https:\/\/testwebsite.citygame.com\/wp-content\/blogs.dir\/1\/files\/sites\/62\/2026\/02\/group-playing-city-game-leiden.jpg",1024,1024,false],"author_info":[],"comment_info":"","_links":{"self":[{"href":"https:\/\/testwebsite.citygame.com\/hu\/wp-json\/wp\/v2\/product\/55768","targetHints":{"allow":["GET"]}}],"collection":[{"href":"https:\/\/testwebsite.citygame.com\/hu\/wp-json\/wp\/v2\/product"}],"about":[{"href":"https:\/\/testwebsite.citygame.com\/hu\/wp-json\/wp\/v2\/types\/product"}],"acf:post":[{"embeddable":true,"href":"https:\/\/testwebsite.citygame.com\/hu\/wp-json\/wp\/v2\/pages\/4622"}],"wp:featuredmedia":[{"embeddable":true,"href":"https:\/\/testwebsite.citygame.com\/hu\/wp-json\/wp\/v2\/media\/13634"}],"wp:attachment":[{"href":"https:\/\/testwebsite.citygame.com\/hu\/wp-json\/wp\/v2\/media?parent=55768"}],"wp:term":[{"taxonomy":"game-concept","embeddable":true,"href":"https:\/\/testwebsite.citygame.com\/hu\/wp-json\/wp\/v2\/game-concept?post=55768"},{"taxonomy":"location","embeddable":true,"href":"https:\/\/testwebsite.citygame.com\/hu\/wp-json\/wp\/v2\/location?post=55768"},{"taxonomy":"product_brand","embeddable":true,"href":"https:\/\/testwebsite.citygame.com\/hu\/wp-json\/wp\/v2\/product_brand?post=55768"},{"taxonomy":"product_cat","embeddable":true,"href":"https:\/\/testwebsite.citygame.com\/hu\/wp-json\/wp\/v2\/product_cat?post=55768"},{"taxonomy":"product_tag","embeddable":true,"href":"https:\/\/testwebsite.citygame.com\/hu\/wp-json\/wp\/v2\/product_tag?post=55768"}],"curies":[{"name":"wp","href":"https:\/\/api.w.org\/{rel}","templated":true}]}}