{"id":55654,"date":"2026-01-13T15:43:48","date_gmt":"2026-01-13T15:43:48","guid":{"rendered":"https:\/\/testwebsite.citygame.com\/games\/unknown-location\/secrets-of-malmo\/"},"modified":"2026-04-07T21:17:21","modified_gmt":"2026-04-07T21:17:21","slug":"secrets-of-malmo","status":"publish","type":"product","link":"https:\/\/testwebsite.citygame.com\/hu\/games\/malmo\/secrets-of-malmo\/","title":{"rendered":"Secrets of Malmo"},"content":{"rendered":"<p>A Malm\u00f6 titkai V\u00e1rosi J\u00e1t\u00e9k egy \u00f6nvez\u00e9relt, GPS-alap\u00fa j\u00e1t\u00e9k, amely Malm\u00f6 belv\u00e1ros\u00e1ban zajlik. Okostelefonod seg\u00edts\u00e9g\u00e9vel felfedezheted a ter\u00fcletet, mik\u00f6zben rejtv\u00e9nyeket, tal\u00e1l\u00f3s k\u00e9rd\u00e9seket \u00e9s fot\u00f3feladatokat oldasz meg egy interakt\u00edv felfedez\u0151 j\u00e1t\u00e9k r\u00e9szek\u00e9nt. \u00datk\u00f6zben betekint\u00e9st nyerhetsz Malm\u00f6 kult\u00far\u00e1j\u00e1ba, t\u00f6rt\u00e9nelm\u00e9be \u00e9s a szem el\u0151l elrejtett, kev\u00e9sb\u00e9 ismert r\u00e9szleteibe. Ez a V\u00e1rosi J\u00e1t\u00e9k Malm\u00f6 \u00e9lm\u00e9ny helyieknek \u00e9s l\u00e1togat\u00f3knak egyar\u00e1nt k\u00e9sz\u00fclt, akik szeretik \u00faj m\u00f3don felfedezni a v\u00e1rosokat. Az \u00f6nvez\u00e9relt v\u00e1rosi j\u00e1t\u00e9k egyform\u00e1n alkalmas egy\u00e9ni j\u00e1t\u00e9kosoknak, p\u00e1roknak, csal\u00e1doknak vagy bar\u00e1ti t\u00e1rsas\u00e1goknak.<\/p>\n","protected":false},"excerpt":{"rendered":"<p>Fedezd fel Malm\u00f6 rejtett mesterm\u0171v\u00e9t! K\u00f6vesd Alexander Roslin fest\u0151 nyomait csatorn\u00e1kon \u00e9s macskak\u00f6ves utc\u00e1kon \u00e1t, mik\u00f6zben rejtv\u00e9nyeket oldasz meg, hogy visszaszerezd ellopott alkot\u00e1s\u00e1t \u00e9s felt\u00e1rd a v\u00e1ros kreat\u00edv lelk\u00e9t.<\/p>\n","protected":false},"featured_media":3886,"template":"","meta":{"_acf_changed":false,"_yoast_wpseo_focuskw":"Secrets of Malmo","_yoast_wpseo_metadesc":"Secrets of Malmo. J\u00e1tssz egy \u00f6nvez\u00e9relt V\u00e1rosi J\u00e1t\u00e9kot \u00e9s fedezd fel a v\u00e1rost rejtv\u00e9nyeken, tal\u00e1l\u00f3s k\u00e9rd\u00e9seken \u00e9s kih\u00edv\u00e1sokon kereszt\u00fcl. J\u00e1tssz a saj\u00e1t temp\u00f3dban \u00e9s fedezz fel, mint egy helyi!","_kad_blocks_custom_css":"","_kad_blocks_head_custom_js":"","_kad_blocks_body_custom_js":"","_kad_blocks_footer_custom_js":"","ghostkit_customizer_options":"","ghostkit_custom_css":"","ghostkit_custom_js_head":"","ghostkit_custom_js_foot":"","ghostkit_typography":"","_kad_post_transparent":"","_kad_post_title":"","_kad_post_layout":"","_kad_post_sidebar_id":"","_kad_post_content_style":"","_kad_post_vertical_padding":"","_kad_post_feature":"","_kad_post_feature_position":"","_kad_post_header":false,"_kad_post_footer":false,"_kad_post_classname":"","_links_to":"","_links_to_target":""},"game-concept":[715],"location":[262],"product_brand":[],"product_cat":[27],"product_tag":[],"class_list":{"0":"post-55654","1":"product","2":"type-product","3":"status-publish","4":"has-post-thumbnail","6":"game-concept-secrets","7":"location-malmo","8":"product_cat-geen-categorie","10":"first","11":"instock","12":"shipping-taxable","13":"purchasable","14":"product-type-simple","15":"entry","16":"content-bg","17":"loop-entry"},"acf":{"full_bokun_product_name":"Self-Guided Secrets of Malm\u00f6 Exploration Game","location_name":"Malmo","bokun_calendar_widget_code":"<script type=\"text\/javascript\" src=\"https:\/\/widgets.bokun.io\/assets\/javascripts\/apps\/build\/BokunWidgetsLoader.js?bookingChannelUUID=a1e93e96-5232-4734-a595-28405f4b5a31\" async><\/script>\n     \n    <div class=\"bokunWidget\" data-src=\"https:\/\/widgets.bokun.io\/online-sales\/a1e93e96-5232-4734-a595-28405f4b5a31\/experience-calendar\/872757\"><\/div>\n    <noscript>Please enable javascript in your browser to book<\/noscript>","bokun_button_widget_code":"<script type=\"text\/javascript\" src=\"https:\/\/widgets.bokun.io\/assets\/javascripts\/apps\/build\/BokunWidgetsLoader.js?bookingChannelUUID=a1e93e96-5232-4734-a595-28405f4b5a31\" async><\/script>\n      <style> #bokun_ed001e45_5927_4f62_b470_ca766338d083 { display: inline-block; padding: .4em 1em; background: #47b82e; border-radius: 999999px; box-shadow: none; font-weight: 600; font-size: 24px; text-decoration: none; text-align: center; color: #FFFFFF; border:none; cursor: pointer; transition: background .2s ease; } #bokun_ed001e45_5927_4f62_b470_ca766338d083:hover{ background: #2f7b1f; } #bokun_ed001e45_5927_4f62_b470_ca766338d083:active{ background: #378f24; } <\/style> <button class=\"bokunButton\" disabled id=bokun_ed001e45_5927_4f62_b470_ca766338d083 data-src=\"https:\/\/widgets.bokun.io\/online-sales\/a1e93e96-5232-4734-a595-28405f4b5a31\/experience-calendar\/872757?partialView=1\" data-testid=\"widget-book-button\" > Book now <\/button> ","what_you\u2019ll_experience_during_the_game":"Mik\u00f6zben a V\u00e1rosi J\u00e1t\u00e9kkal v\u00e9gigj\u00e1rod Malm\u00f6t, ikonikus \u00e9p\u00edt\u00e9szet, b\u00e9k\u00e9s sarkok \u00e9s a v\u00e1rosi t\u00e1jba sz\u0151tt t\u00f6rt\u00e9netmes\u00e9l\u00e9s kever\u00e9k\u00e9t fedezheted fel. A j\u00e1t\u00e9k olyan nevezetess\u00e9gekhez vezet, mint a Lilla Torg, egy t\u00f6rt\u00e9nelmi b\u00e1jjal teli, \u00e9l\u00e9nk t\u00e9r, \u00e9s a dr\u00e1mai Turning Torso, amely a l\u00e1tk\u00e9p f\u00f6l\u00e9 tornyosul. Ezek mellett a j\u00f3l ismert helyek mellett felfedezhetsz rejtett utc\u00e1kat, mint p\u00e9ld\u00e1ul a Jakob Nilsgatan, \u00e9s olyan helyeket, mint a Thottska huset, Malm\u00f6 legr\u00e9gebbi fennmaradt fav\u00e1zas h\u00e1za. Az \u00fatvonal \u00f6tv\u00f6zi a v\u00e1ros energi\u00e1j\u00e1t a csendesebb, elm\u00e9lked\u00e9sre alkalmas helysz\u00ednekkel, amelyek felt\u00e1rj\u00e1k Malm\u00f6 r\u00e9tegzett t\u00f6rt\u00e9nelm\u00e9t.\n\nAz \u00e9lm\u00e9ny sor\u00e1n k\u00fcl\u00f6nf\u00e9le tal\u00e1l\u00f3s k\u00e9rd\u00e9seket, vizu\u00e1lis rejtv\u00e9nyeket, k\u00e9rd\u00e9seket \u00e9s fot\u00f3alap\u00fa kih\u00edv\u00e1sokat oldasz meg, amelyek arra \u00f6szt\u00f6n\u00f6znek, hogy figyelmesebben figyeld a k\u00f6rnyezetedet. Minden teljes\u00edtett feladat pontokat szerez, \u00e9s seg\u00edt felt\u00e1rni a kibontakoz\u00f3 rejt\u00e9lyt, opcion\u00e1lis tippekkel, ha sz\u00fcks\u00e9ges. A j\u00e1t\u00e9k szabadon sz\u00fcneteltethet\u0151 \u00e9s folytathat\u00f3, \u00edgy a saj\u00e1t temp\u00f3dban fedezheted fel Malm\u00f6t. Azok sz\u00e1m\u00e1ra, akik szeretik a versenyt, lehet\u0151s\u00e9g van a ranglist\u00e1ra ker\u00fclni a legt\u00f6bb pont gy\u0171jt\u00e9s\u00e9vel.","how_to_play":"A foglal\u00e1s ut\u00e1n e-mailt kapsz egy k\u00f6zvetlen j\u00e1t\u00e9klinkkel. Menj a Malm\u0151i Legfels\u0151bb B\u00edr\u00f3s\u00e1ghoz (High Court), a kiindul\u00f3pontra, nyisd meg a linket okostelefonodon, \u00e9s kezdd el a k\u00fcldet\u00e9sedet azonnal. A j\u00e1t\u00e9kot b\u00e1rmikor sz\u00fcneteltetheted \u00e9s folytathatod, amikor neked megfelel.","start_location":"Malm\u00f6, High Court","available_languages":[],"players_per_group":"1-4","duration":"1.5-2 hours","image_overlay_color_image":"https:\/\/testwebsite.citygame.com\/wp-content\/blogs.dir\/1\/files\/sites\/62\/2026\/01\/SecretsColor.svg","image_overlay_game_logo":"https:\/\/testwebsite.citygame.com\/wp-content\/blogs.dir\/1\/files\/sites\/62\/2026\/01\/SecretsLogo.png","city_page":7523,"woocommerce_general_content":null},"yoast_head":"<!-- This site is optimized with the Yoast SEO Premium plugin v26.2 (Yoast SEO v26.3) - https:\/\/yoast.com\/wordpress\/plugins\/seo\/ -->\n<title>Secrets of Malmo - City Game<\/title>\n<meta name=\"description\" content=\"Secrets of Malmo. J\u00e1tssz egy \u00f6nvez\u00e9relt V\u00e1rosi J\u00e1t\u00e9kot \u00e9s fedezd fel a v\u00e1rost rejtv\u00e9nyeken, tal\u00e1l\u00f3s k\u00e9rd\u00e9seken \u00e9s kih\u00edv\u00e1sokon kereszt\u00fcl. J\u00e1tssz a saj\u00e1t temp\u00f3dban \u00e9s fedezz fel, mint egy helyi!\" \/>\n<meta name=\"robots\" content=\"noindex, follow, max-snippet:-1, max-image-preview:large, max-video-preview:-1\" \/>\n<meta property=\"og:locale\" content=\"hu_HU\" \/>\n<meta property=\"og:type\" content=\"article\" \/>\n<meta property=\"og:title\" content=\"Secrets of Malmo\" \/>\n<meta property=\"og:description\" content=\"Secrets of Malmo. J\u00e1tssz egy \u00f6nvez\u00e9relt V\u00e1rosi J\u00e1t\u00e9kot \u00e9s fedezd fel a v\u00e1rost rejtv\u00e9nyeken, tal\u00e1l\u00f3s k\u00e9rd\u00e9seken \u00e9s kih\u00edv\u00e1sokon kereszt\u00fcl. J\u00e1tssz a saj\u00e1t temp\u00f3dban \u00e9s fedezz fel, mint egy helyi!\" \/>\n<meta property=\"og:url\" content=\"https:\/\/testwebsite.citygame.com\/hu\/games\/malmo\/secrets-of-malmo\/\" \/>\n<meta property=\"og:site_name\" content=\"City Game\" \/>\n<meta property=\"article:publisher\" content=\"https:\/\/www.facebook.com\/profile.php?id=100086426226253\" \/>\n<meta property=\"article:modified_time\" content=\"2026-04-07T21:17:21+00:00\" \/>\n<meta property=\"og:image\" content=\"https:\/\/testwebsite.citygame.com\/wp-content\/blogs.dir\/1\/files\/sites\/62\/2026\/01\/woman-playing-secrets-of-city-game-by-canal-in-european-city.jpg\" \/>\n\t<meta property=\"og:image:width\" content=\"704\" \/>\n\t<meta property=\"og:image:height\" content=\"1472\" \/>\n\t<meta property=\"og:image:type\" content=\"image\/jpeg\" \/>\n<meta name=\"twitter:card\" content=\"summary_large_image\" \/>\n<meta name=\"twitter:label1\" content=\"Becs\u00fclt olvas\u00e1si id\u0151\" \/>\n\t<meta name=\"twitter:data1\" content=\"1 perc\" \/>\n<script type=\"application\/ld+json\" class=\"yoast-schema-graph\">{\"@context\":\"https:\/\/schema.org\",\"@graph\":[{\"@type\":\"WebPage\",\"@id\":\"https:\/\/testwebsite.citygame.com\/hu\/games\/malmo\/secrets-of-malmo\/\",\"url\":\"https:\/\/testwebsite.citygame.com\/hu\/games\/malmo\/secrets-of-malmo\/\",\"name\":\"Secrets of Malmo - City Game\",\"isPartOf\":{\"@id\":\"https:\/\/testwebsite.upevents.nl\/#website\"},\"primaryImageOfPage\":{\"@id\":\"https:\/\/testwebsite.citygame.com\/hu\/games\/malmo\/secrets-of-malmo\/#primaryimage\"},\"image\":{\"@id\":\"https:\/\/testwebsite.citygame.com\/hu\/games\/malmo\/secrets-of-malmo\/#primaryimage\"},\"thumbnailUrl\":\"https:\/\/testwebsite.citygame.com\/wp-content\/blogs.dir\/1\/files\/sites\/62\/2026\/01\/woman-playing-secrets-of-city-game-by-canal-in-european-city.jpg\",\"datePublished\":\"2026-01-13T15:43:48+00:00\",\"dateModified\":\"2026-04-07T21:17:21+00:00\",\"description\":\"Secrets of Malmo. J\u00e1tssz egy \u00f6nvez\u00e9relt V\u00e1rosi J\u00e1t\u00e9kot \u00e9s fedezd fel a v\u00e1rost rejtv\u00e9nyeken, tal\u00e1l\u00f3s k\u00e9rd\u00e9seken \u00e9s kih\u00edv\u00e1sokon kereszt\u00fcl. J\u00e1tssz a saj\u00e1t temp\u00f3dban \u00e9s fedezz fel, mint egy helyi!\",\"breadcrumb\":{\"@id\":\"https:\/\/testwebsite.citygame.com\/hu\/games\/malmo\/secrets-of-malmo\/#breadcrumb\"},\"inLanguage\":\"hu\",\"potentialAction\":[{\"@type\":\"ReadAction\",\"target\":[\"https:\/\/testwebsite.citygame.com\/hu\/games\/malmo\/secrets-of-malmo\/\"]}]},{\"@type\":\"ImageObject\",\"inLanguage\":\"hu\",\"@id\":\"https:\/\/testwebsite.citygame.com\/hu\/games\/malmo\/secrets-of-malmo\/#primaryimage\",\"url\":\"https:\/\/testwebsite.citygame.com\/wp-content\/blogs.dir\/1\/files\/sites\/62\/2026\/01\/woman-playing-secrets-of-city-game-by-canal-in-european-city.jpg\",\"contentUrl\":\"https:\/\/testwebsite.citygame.com\/wp-content\/blogs.dir\/1\/files\/sites\/62\/2026\/01\/woman-playing-secrets-of-city-game-by-canal-in-european-city.jpg\",\"width\":704,\"height\":1472,\"caption\":\"A player interacts with the City Game app while exploring a picturesque canal in a historic European city.\"},{\"@type\":\"BreadcrumbList\",\"@id\":\"https:\/\/testwebsite.citygame.com\/hu\/games\/malmo\/secrets-of-malmo\/#breadcrumb\",\"itemListElement\":[{\"@type\":\"ListItem\",\"position\":1,\"name\":\"Home\",\"item\":\"https:\/\/testwebsite.citygame.com\/hu\/\"},{\"@type\":\"ListItem\",\"position\":2,\"name\":\"Shop\",\"item\":\"https:\/\/testwebsite.citygame.com\/shop\/\"},{\"@type\":\"ListItem\",\"position\":3,\"name\":\"Secrets of Malmo\"}]},{\"@type\":\"WebSite\",\"@id\":\"https:\/\/testwebsite.upevents.nl\/#website\",\"url\":\"https:\/\/testwebsite.upevents.nl\/\",\"name\":\"City Game\",\"description\":\"\",\"publisher\":{\"@id\":\"https:\/\/testwebsite.upevents.nl\/#organization\"},\"alternateName\":\"citygame.com\",\"potentialAction\":[{\"@type\":\"SearchAction\",\"target\":{\"@type\":\"EntryPoint\",\"urlTemplate\":\"https:\/\/testwebsite.upevents.nl\/?s={search_term_string}\"},\"query-input\":{\"@type\":\"PropertyValueSpecification\",\"valueRequired\":true,\"valueName\":\"search_term_string\"}}],\"inLanguage\":\"hu\"},{\"@type\":[\"Organization\",\"Place\"],\"@id\":\"https:\/\/testwebsite.upevents.nl\/#organization\",\"name\":\"City Game\",\"alternateName\":\"citygame.com\",\"url\":\"https:\/\/testwebsite.upevents.nl\/\",\"logo\":{\"@id\":\"https:\/\/testwebsite.citygame.com\/hu\/games\/malmo\/secrets-of-malmo\/#local-main-organization-logo\"},\"image\":{\"@id\":\"https:\/\/testwebsite.citygame.com\/hu\/games\/malmo\/secrets-of-malmo\/#local-main-organization-logo\"},\"sameAs\":[\"https:\/\/www.facebook.com\/profile.php?id=100086426226253\",\"https:\/\/www.instagram.com\/citygame_com\",\"https:\/\/www.tiktok.com\/@citygamecom\/\",\"https:\/\/www.linkedin.com\/company\/citygame-com\"],\"description\":\"Turn any city into a playground with our interactive City Games and self-guided tours. Fun, flexible, and ideal for groups and team building.\",\"telephone\":[],\"openingHoursSpecification\":[{\"@type\":\"OpeningHoursSpecification\",\"dayOfWeek\":[\"Monday\",\"Tuesday\",\"Wednesday\",\"Thursday\",\"Friday\",\"Saturday\",\"Sunday\"],\"opens\":\"09:00\",\"closes\":\"17:00\"}]},{\"@type\":\"ImageObject\",\"inLanguage\":\"hu\",\"@id\":\"https:\/\/testwebsite.citygame.com\/hu\/games\/malmo\/secrets-of-malmo\/#local-main-organization-logo\",\"url\":\"https:\/\/testwebsite.citygame.com\/wp-content\/blogs.dir\/1\/files\/sites\/62\/2025\/10\/CG_LOGO-City-Game.png\",\"contentUrl\":\"https:\/\/testwebsite.citygame.com\/wp-content\/blogs.dir\/1\/files\/sites\/62\/2025\/10\/CG_LOGO-City-Game.png\",\"width\":351,\"height\":377,\"caption\":\"City Game\"}]}<\/script>\n<!-- \/ Yoast SEO Premium plugin. -->","yoast_head_json":{"title":"Secrets of Malmo - City Game","description":"Secrets of Malmo. J\u00e1tssz egy \u00f6nvez\u00e9relt V\u00e1rosi J\u00e1t\u00e9kot \u00e9s fedezd fel a v\u00e1rost rejtv\u00e9nyeken, tal\u00e1l\u00f3s k\u00e9rd\u00e9seken \u00e9s kih\u00edv\u00e1sokon kereszt\u00fcl. J\u00e1tssz a saj\u00e1t temp\u00f3dban \u00e9s fedezz fel, mint egy helyi!","robots":{"index":"noindex","follow":"follow","max-snippet":"max-snippet:-1","max-image-preview":"max-image-preview:large","max-video-preview":"max-video-preview:-1"},"og_locale":"hu_HU","og_type":"article","og_title":"Secrets of Malmo","og_description":"Secrets of Malmo. J\u00e1tssz egy \u00f6nvez\u00e9relt V\u00e1rosi J\u00e1t\u00e9kot \u00e9s fedezd fel a v\u00e1rost rejtv\u00e9nyeken, tal\u00e1l\u00f3s k\u00e9rd\u00e9seken \u00e9s kih\u00edv\u00e1sokon kereszt\u00fcl. J\u00e1tssz a saj\u00e1t temp\u00f3dban \u00e9s fedezz fel, mint egy helyi!","og_url":"https:\/\/testwebsite.citygame.com\/hu\/games\/malmo\/secrets-of-malmo\/","og_site_name":"City Game","article_publisher":"https:\/\/www.facebook.com\/profile.php?id=100086426226253","article_modified_time":"2026-04-07T21:17:21+00:00","og_image":[{"width":704,"height":1472,"url":"https:\/\/testwebsite.citygame.com\/wp-content\/blogs.dir\/1\/files\/sites\/62\/2026\/01\/woman-playing-secrets-of-city-game-by-canal-in-european-city.jpg","type":"image\/jpeg"}],"twitter_card":"summary_large_image","twitter_misc":{"Becs\u00fclt olvas\u00e1si id\u0151":"1 perc"},"schema":{"@context":"https:\/\/schema.org","@graph":[{"@type":"WebPage","@id":"https:\/\/testwebsite.citygame.com\/hu\/games\/malmo\/secrets-of-malmo\/","url":"https:\/\/testwebsite.citygame.com\/hu\/games\/malmo\/secrets-of-malmo\/","name":"Secrets of Malmo - City Game","isPartOf":{"@id":"https:\/\/testwebsite.upevents.nl\/#website"},"primaryImageOfPage":{"@id":"https:\/\/testwebsite.citygame.com\/hu\/games\/malmo\/secrets-of-malmo\/#primaryimage"},"image":{"@id":"https:\/\/testwebsite.citygame.com\/hu\/games\/malmo\/secrets-of-malmo\/#primaryimage"},"thumbnailUrl":"https:\/\/testwebsite.citygame.com\/wp-content\/blogs.dir\/1\/files\/sites\/62\/2026\/01\/woman-playing-secrets-of-city-game-by-canal-in-european-city.jpg","datePublished":"2026-01-13T15:43:48+00:00","dateModified":"2026-04-07T21:17:21+00:00","description":"Secrets of Malmo. J\u00e1tssz egy \u00f6nvez\u00e9relt V\u00e1rosi J\u00e1t\u00e9kot \u00e9s fedezd fel a v\u00e1rost rejtv\u00e9nyeken, tal\u00e1l\u00f3s k\u00e9rd\u00e9seken \u00e9s kih\u00edv\u00e1sokon kereszt\u00fcl. J\u00e1tssz a saj\u00e1t temp\u00f3dban \u00e9s fedezz fel, mint egy helyi!","breadcrumb":{"@id":"https:\/\/testwebsite.citygame.com\/hu\/games\/malmo\/secrets-of-malmo\/#breadcrumb"},"inLanguage":"hu","potentialAction":[{"@type":"ReadAction","target":["https:\/\/testwebsite.citygame.com\/hu\/games\/malmo\/secrets-of-malmo\/"]}]},{"@type":"ImageObject","inLanguage":"hu","@id":"https:\/\/testwebsite.citygame.com\/hu\/games\/malmo\/secrets-of-malmo\/#primaryimage","url":"https:\/\/testwebsite.citygame.com\/wp-content\/blogs.dir\/1\/files\/sites\/62\/2026\/01\/woman-playing-secrets-of-city-game-by-canal-in-european-city.jpg","contentUrl":"https:\/\/testwebsite.citygame.com\/wp-content\/blogs.dir\/1\/files\/sites\/62\/2026\/01\/woman-playing-secrets-of-city-game-by-canal-in-european-city.jpg","width":704,"height":1472,"caption":"A player interacts with the City Game app while exploring a picturesque canal in a historic European city."},{"@type":"BreadcrumbList","@id":"https:\/\/testwebsite.citygame.com\/hu\/games\/malmo\/secrets-of-malmo\/#breadcrumb","itemListElement":[{"@type":"ListItem","position":1,"name":"Home","item":"https:\/\/testwebsite.citygame.com\/hu\/"},{"@type":"ListItem","position":2,"name":"Shop","item":"https:\/\/testwebsite.citygame.com\/shop\/"},{"@type":"ListItem","position":3,"name":"Secrets of Malmo"}]},{"@type":"WebSite","@id":"https:\/\/testwebsite.upevents.nl\/#website","url":"https:\/\/testwebsite.upevents.nl\/","name":"City Game","description":"","publisher":{"@id":"https:\/\/testwebsite.upevents.nl\/#organization"},"alternateName":"citygame.com","potentialAction":[{"@type":"SearchAction","target":{"@type":"EntryPoint","urlTemplate":"https:\/\/testwebsite.upevents.nl\/?s={search_term_string}"},"query-input":{"@type":"PropertyValueSpecification","valueRequired":true,"valueName":"search_term_string"}}],"inLanguage":"hu"},{"@type":["Organization","Place"],"@id":"https:\/\/testwebsite.upevents.nl\/#organization","name":"City Game","alternateName":"citygame.com","url":"https:\/\/testwebsite.upevents.nl\/","logo":{"@id":"https:\/\/testwebsite.citygame.com\/hu\/games\/malmo\/secrets-of-malmo\/#local-main-organization-logo"},"image":{"@id":"https:\/\/testwebsite.citygame.com\/hu\/games\/malmo\/secrets-of-malmo\/#local-main-organization-logo"},"sameAs":["https:\/\/www.facebook.com\/profile.php?id=100086426226253","https:\/\/www.instagram.com\/citygame_com","https:\/\/www.tiktok.com\/@citygamecom\/","https:\/\/www.linkedin.com\/company\/citygame-com"],"description":"Turn any city into a playground with our interactive City Games and self-guided tours. Fun, flexible, and ideal for groups and team building.","telephone":[],"openingHoursSpecification":[{"@type":"OpeningHoursSpecification","dayOfWeek":["Monday","Tuesday","Wednesday","Thursday","Friday","Saturday","Sunday"],"opens":"09:00","closes":"17:00"}]},{"@type":"ImageObject","inLanguage":"hu","@id":"https:\/\/testwebsite.citygame.com\/hu\/games\/malmo\/secrets-of-malmo\/#local-main-organization-logo","url":"https:\/\/testwebsite.citygame.com\/wp-content\/blogs.dir\/1\/files\/sites\/62\/2025\/10\/CG_LOGO-City-Game.png","contentUrl":"https:\/\/testwebsite.citygame.com\/wp-content\/blogs.dir\/1\/files\/sites\/62\/2025\/10\/CG_LOGO-City-Game.png","width":351,"height":377,"caption":"City Game"}]}},"taxonomy_info":{"game-concept":[{"value":715,"label":"Secrets"}],"location":[{"value":262,"label":"Malm\u00f6"}],"product_cat":[{"value":27,"label":"Geen categorie"}]},"featured_image_src_large":["https:\/\/testwebsite.citygame.com\/wp-content\/blogs.dir\/1\/files\/sites\/62\/2026\/01\/woman-playing-secrets-of-city-game-by-canal-in-european-city-490x1024.jpg",490,1024,true],"author_info":[],"comment_info":"","_links":{"self":[{"href":"https:\/\/testwebsite.citygame.com\/hu\/wp-json\/wp\/v2\/product\/55654","targetHints":{"allow":["GET"]}}],"collection":[{"href":"https:\/\/testwebsite.citygame.com\/hu\/wp-json\/wp\/v2\/product"}],"about":[{"href":"https:\/\/testwebsite.citygame.com\/hu\/wp-json\/wp\/v2\/types\/product"}],"acf:post":[{"embeddable":true,"href":"https:\/\/testwebsite.citygame.com\/hu\/wp-json\/wp\/v2\/pages\/7523"}],"wp:featuredmedia":[{"embeddable":true,"href":"https:\/\/testwebsite.citygame.com\/hu\/wp-json\/wp\/v2\/media\/3886"}],"wp:attachment":[{"href":"https:\/\/testwebsite.citygame.com\/hu\/wp-json\/wp\/v2\/media?parent=55654"}],"wp:term":[{"taxonomy":"game-concept","embeddable":true,"href":"https:\/\/testwebsite.citygame.com\/hu\/wp-json\/wp\/v2\/game-concept?post=55654"},{"taxonomy":"location","embeddable":true,"href":"https:\/\/testwebsite.citygame.com\/hu\/wp-json\/wp\/v2\/location?post=55654"},{"taxonomy":"product_brand","embeddable":true,"href":"https:\/\/testwebsite.citygame.com\/hu\/wp-json\/wp\/v2\/product_brand?post=55654"},{"taxonomy":"product_cat","embeddable":true,"href":"https:\/\/testwebsite.citygame.com\/hu\/wp-json\/wp\/v2\/product_cat?post=55654"},{"taxonomy":"product_tag","embeddable":true,"href":"https:\/\/testwebsite.citygame.com\/hu\/wp-json\/wp\/v2\/product_tag?post=55654"}],"curies":[{"name":"wp","href":"https:\/\/api.w.org\/{rel}","templated":true}]}}