{"id":55629,"date":"2026-02-10T14:20:21","date_gmt":"2026-02-10T14:20:21","guid":{"rendered":"https:\/\/testwebsite.citygame.com\/games\/unknown-location\/sherlock-holmes-menorca\/"},"modified":"2026-04-07T21:14:29","modified_gmt":"2026-04-07T21:14:29","slug":"sherlock-holmes-menorca","status":"publish","type":"product","link":"https:\/\/testwebsite.citygame.com\/hu\/games\/menorca\/sherlock-holmes-menorca\/","title":{"rendered":"Sherlock Holmes Menorca"},"content":{"rendered":"<p>L\u00e9pj be Sherlock Holmes vil\u00e1g\u00e1ba ezzel az \u00f6nvezet\u0151, t\u00f6rt\u00e9netk\u00f6zpont\u00fa gyilkoss\u00e1gi rejt\u00e9lyes V\u00e1rosi J\u00e1t\u00e9kkal Menorca egy meghat\u00e1rozott ter\u00fclet\u00e9n, nevezetesen Menorc\u00e1n. Amikor egy sokkol\u00f3 gyilkoss\u00e1g megzavarja a Liberty Fesztiv\u00e1lt, felveszed a nyomoz\u00f3 szerep\u00e9t, egy kibontakoz\u00f3 narrat\u00edv\u00e1n kereszt\u00fcl haladva, mik\u00f6zben \u00e1thaladsz a ter\u00fcleten, felfedezed a nyomokat, megoldasz bonyolult rejtv\u00e9nyeket \u00e9s kihallgatsz digit\u00e1lis gyan\u00fas\u00edtottakat. A szabads\u00e1ggal, hogy a saj\u00e1t temp\u00f3dban j\u00e1tssz, ez a mag\u00e1val ragad\u00f3 \u00e9lm\u00e9ny Menorc\u00e1t egy olyan izgalmas nyomoz\u00e1s h\u00e1tter\u00e9v\u00e9 alak\u00edtja, amely m\u00e9lt\u00f3 mag\u00e1hoz Holmeshoz.<\/p>\n","protected":false},"excerpt":{"rendered":"<p>L\u00e9pj Sherlock Holmes \u00e9lesl\u00e1t\u00f3 nyom\u00e1ba, mer\u00fclj el egy \u00f6nvezet\u0151 gyilkoss\u00e1gi rejt\u00e9ly \u00e9lm\u00e9ny\u00e9ben Menorca leny\u0171g\u00f6z\u0151 utc\u00e1in. Mik\u00f6zben megfejted a bonyolult nyomokat \u00e9s agytorn\u00e1ztat\u00f3 rejtv\u00e9nyeket, dolgozz egy\u00fctt a csapatoddal, hogy felfedd az igazs\u00e1got, miel\u0151tt lej\u00e1r az id\u0151!<\/p>\n","protected":false},"featured_media":11857,"template":"","meta":{"_acf_changed":false,"_yoast_wpseo_focuskw":"Sherlock Holmes Menorca","_yoast_wpseo_metadesc":"Sherlock Holmes Menorca. J\u00e1tssz egy \u00f6nvezet\u0151 gyilkoss\u00e1gi rejt\u00e9lyes V\u00e1rosi J\u00e1t\u00e9kot, fejts meg rejtv\u00e9nyeket, k\u00f6vess nyomokat \u00e9s fedd fel a gyilkost a saj\u00e1t temp\u00f3dban!","_kad_blocks_custom_css":"","_kad_blocks_head_custom_js":"","_kad_blocks_body_custom_js":"","_kad_blocks_footer_custom_js":"","ghostkit_customizer_options":"","ghostkit_custom_css":"","ghostkit_custom_js_head":"","ghostkit_custom_js_foot":"","ghostkit_typography":"","_kad_post_transparent":"","_kad_post_title":"","_kad_post_layout":"","_kad_post_sidebar_id":"","_kad_post_content_style":"","_kad_post_vertical_padding":"","_kad_post_feature":"","_kad_post_feature_position":"","_kad_post_header":false,"_kad_post_footer":false,"_kad_post_classname":"","_links_to":"","_links_to_target":""},"game-concept":[776],"location":[273],"product_brand":[],"product_cat":[27],"product_tag":[],"class_list":{"0":"post-55629","1":"product","2":"type-product","3":"status-publish","4":"has-post-thumbnail","6":"game-concept-sherlock","7":"location-menorca","8":"product_cat-geen-categorie","10":"first","11":"instock","12":"shipping-taxable","13":"purchasable","14":"product-type-simple","15":"entry","16":"content-bg","17":"loop-entry"},"acf":{"full_bokun_product_name":"Menorca Self-Guided Sherlock Holmes Murder Mystery Game","location_name":"Menorca","bokun_calendar_widget_code":"<script type=\"text\/javascript\" src=\"https:\/\/widgets.bokun.io\/assets\/javascripts\/apps\/build\/BokunWidgetsLoader.js?bookingChannelUUID=a1e93e96-5232-4734-a595-28405f4b5a31\" async><\/script>\n     \n    <div class=\"bokunWidget\" data-src=\"https:\/\/widgets.bokun.io\/online-sales\/a1e93e96-5232-4734-a595-28405f4b5a31\/experience-calendar\/771521\"><\/div>\n    <noscript>Please enable javascript in your browser to book<\/noscript>","bokun_button_widget_code":"<script type=\"text\/javascript\" src=\"https:\/\/widgets.bokun.io\/assets\/javascripts\/apps\/build\/BokunWidgetsLoader.js?bookingChannelUUID=a1e93e96-5232-4734-a595-28405f4b5a31\" async><\/script>\n      <style> #bokun_ed001e45_5927_4f62_b470_ca766338d083 { display: inline-block; padding: .4em 1em; background: #47b82e; border-radius: 999999px; box-shadow: none; font-weight: 600; font-size: 24px; text-decoration: none; text-align: center; color: #FFFFFF; border:none; cursor: pointer; transition: background .2s ease; } #bokun_ed001e45_5927_4f62_b470_ca766338d083:hover{ background: #2f7b1f; } #bokun_ed001e45_5927_4f62_b470_ca766338d083:active{ background: #378f24; } <\/style> <button class=\"bokunButton\" disabled id=bokun_ed001e45_5927_4f62_b470_ca766338d083 data-src=\"https:\/\/widgets.bokun.io\/online-sales\/a1e93e96-5232-4734-a595-28405f4b5a31\/experience-calendar\/771521?partialView=1\" data-testid=\"widget-book-button\" > Book now <\/button> ","what_you\u2019ll_experience_during_the_game":"L\u00e9pj be egy izgalmas nyomoz\u00f3 t\u00f6rt\u00e9netbe Menorc\u00e1n, ahol Ciutadella minden sarka a rejt\u00e9ly egy \u00faj darabj\u00e1t rejti. Ahogy a v\u00e1ros kanyarg\u00f3s utc\u00e1in haladsz, a t\u00f6rt\u00e9net kibontakozik k\u00f6r\u00fcl\u00f6tted. Kihallgathatsz digit\u00e1lis gyan\u00fas\u00edtottakat, kereshetsz ellentmond\u00e1sokat az alibikben \u00e9s k\u00f6vethetsz egy nyomvonalat, amely minden l\u00e9p\u00e9ssel bonyolultabb\u00e1 v\u00e1lik. Fordulatok a nyomoz\u00e1sban folyamatosan tal\u00e1lgat\u00e1sra k\u00e9sztetnek, mik\u00f6zben felfedezed, mi is t\u00f6rt\u00e9nt val\u00f3j\u00e1ban a Liberty Fesztiv\u00e1l gyilkoss\u00e1ga sor\u00e1n.\n\nKritikus gondolkod\u00e1sra, \u00e9les megfigyel\u00e9sre \u00e9s prec\u00edz k\u00f6vetkeztet\u00e9sre t\u00e1maszkodsz majd, hogy elv\u00e1laszd az igazs\u00e1got a megt\u00e9veszt\u00e9st\u0151l. Az \u00e9lm\u00e9ny teljesen t\u00f6rt\u00e9netk\u00f6zpont\u00fa, \u00e9s arra k\u00e9sztet, hogy a saj\u00e1t temp\u00f3dban rakd \u00f6ssze a bizony\u00edt\u00e9kokat. Sz\u00fcneteltetheted, amikor sz\u00fcks\u00e9ges, \u00e9s folytathatod, amikor k\u00e9szen \u00e1llsz, \u00edgy ide\u00e1lis sz\u00f3l\u00f3 nyomoz\u00f3knak vagy verseng\u0151 csapatoknak. A fesz\u00fclts\u00e9g n\u00f6vekszik, ahogy k\u00f6zelebb ker\u00fclsz az igazs\u00e1ghoz \u2013 de csak a legfigyelmesebbek fogj\u00e1k megfejteni a Menorca sz\u00edv\u00e9ben rejl\u0151 rejt\u00e9lyt.","how_to_play":"Dolgozz egyed\u00fcl, vagy bar\u00e1tokkal, csal\u00e1ddal, koll\u00e9g\u00e1kkal ak\u00e1r n\u00e9gyf\u0151s csapatokban, eszk\u00f6z\u00f6nk\u00e9nt. A foglal\u00e1s ut\u00e1n egy \u00fatmutat\u00f3 e-mailt kapsz mindennel, amire sz\u00fcks\u00e9ged van.","start_location":"Menorca, Museo de Menorca","available_languages":["en","es","fr","de","it","nl"],"players_per_group":"1-4","duration":"1.5-2 hours","image_overlay_color_image":"https:\/\/testwebsite.citygame.com\/wp-content\/blogs.dir\/1\/files\/sites\/62\/2026\/01\/SherlockColor.svg","image_overlay_game_logo":"https:\/\/testwebsite.citygame.com\/wp-content\/blogs.dir\/1\/files\/sites\/62\/2026\/01\/SherlockLogo.png","city_page":8671,"woocommerce_general_content":null},"yoast_head":"<!-- This site is optimized with the Yoast SEO Premium plugin v26.2 (Yoast SEO v26.3) - https:\/\/yoast.com\/wordpress\/plugins\/seo\/ -->\n<title>Sherlock Holmes Menorca - City Game<\/title>\n<meta name=\"description\" content=\"Sherlock Holmes Menorca. J\u00e1tssz egy \u00f6nvezet\u0151 gyilkoss\u00e1gi rejt\u00e9lyes V\u00e1rosi J\u00e1t\u00e9kot, fejts meg rejtv\u00e9nyeket, k\u00f6vess nyomokat \u00e9s fedd fel a gyilkost a saj\u00e1t temp\u00f3dban!\" \/>\n<meta name=\"robots\" content=\"noindex, follow, max-snippet:-1, max-image-preview:large, max-video-preview:-1\" \/>\n<meta property=\"og:locale\" content=\"hu_HU\" \/>\n<meta property=\"og:type\" content=\"article\" \/>\n<meta property=\"og:title\" content=\"Sherlock Holmes Menorca\" \/>\n<meta property=\"og:description\" content=\"Sherlock Holmes Menorca. J\u00e1tssz egy \u00f6nvezet\u0151 gyilkoss\u00e1gi rejt\u00e9lyes V\u00e1rosi J\u00e1t\u00e9kot, fejts meg rejtv\u00e9nyeket, k\u00f6vess nyomokat \u00e9s fedd fel a gyilkost a saj\u00e1t temp\u00f3dban!\" \/>\n<meta property=\"og:url\" content=\"https:\/\/testwebsite.citygame.com\/hu\/games\/menorca\/sherlock-holmes-menorca\/\" \/>\n<meta property=\"og:site_name\" content=\"City Game\" \/>\n<meta property=\"article:publisher\" content=\"https:\/\/www.facebook.com\/profile.php?id=100086426226253\" \/>\n<meta property=\"article:modified_time\" content=\"2026-04-07T21:14:29+00:00\" \/>\n<meta property=\"og:image\" content=\"https:\/\/testwebsite.citygame.com\/wp-content\/blogs.dir\/1\/files\/sites\/62\/2026\/02\/menorca-sherlock-city-game-player-street.jpg\" \/>\n\t<meta property=\"og:image:width\" content=\"1344\" \/>\n\t<meta property=\"og:image:height\" content=\"768\" \/>\n\t<meta property=\"og:image:type\" content=\"image\/jpeg\" \/>\n<meta name=\"twitter:card\" content=\"summary_large_image\" \/>\n<meta name=\"twitter:label1\" content=\"Becs\u00fclt olvas\u00e1si id\u0151\" \/>\n\t<meta name=\"twitter:data1\" content=\"1 perc\" \/>\n<script type=\"application\/ld+json\" class=\"yoast-schema-graph\">{\"@context\":\"https:\/\/schema.org\",\"@graph\":[{\"@type\":\"WebPage\",\"@id\":\"https:\/\/testwebsite.citygame.com\/hu\/games\/menorca\/sherlock-holmes-menorca\/\",\"url\":\"https:\/\/testwebsite.citygame.com\/hu\/games\/menorca\/sherlock-holmes-menorca\/\",\"name\":\"Sherlock Holmes Menorca - City Game\",\"isPartOf\":{\"@id\":\"https:\/\/testwebsite.upevents.nl\/#website\"},\"primaryImageOfPage\":{\"@id\":\"https:\/\/testwebsite.citygame.com\/hu\/games\/menorca\/sherlock-holmes-menorca\/#primaryimage\"},\"image\":{\"@id\":\"https:\/\/testwebsite.citygame.com\/hu\/games\/menorca\/sherlock-holmes-menorca\/#primaryimage\"},\"thumbnailUrl\":\"https:\/\/testwebsite.citygame.com\/wp-content\/blogs.dir\/1\/files\/sites\/62\/2026\/02\/menorca-sherlock-city-game-player-street.jpg\",\"datePublished\":\"2026-02-10T14:20:21+00:00\",\"dateModified\":\"2026-04-07T21:14:29+00:00\",\"description\":\"Sherlock Holmes Menorca. J\u00e1tssz egy \u00f6nvezet\u0151 gyilkoss\u00e1gi rejt\u00e9lyes V\u00e1rosi J\u00e1t\u00e9kot, fejts meg rejtv\u00e9nyeket, k\u00f6vess nyomokat \u00e9s fedd fel a gyilkost a saj\u00e1t temp\u00f3dban!\",\"breadcrumb\":{\"@id\":\"https:\/\/testwebsite.citygame.com\/hu\/games\/menorca\/sherlock-holmes-menorca\/#breadcrumb\"},\"inLanguage\":\"hu\",\"potentialAction\":[{\"@type\":\"ReadAction\",\"target\":[\"https:\/\/testwebsite.citygame.com\/hu\/games\/menorca\/sherlock-holmes-menorca\/\"]}]},{\"@type\":\"ImageObject\",\"inLanguage\":\"hu\",\"@id\":\"https:\/\/testwebsite.citygame.com\/hu\/games\/menorca\/sherlock-holmes-menorca\/#primaryimage\",\"url\":\"https:\/\/testwebsite.citygame.com\/wp-content\/blogs.dir\/1\/files\/sites\/62\/2026\/02\/menorca-sherlock-city-game-player-street.jpg\",\"contentUrl\":\"https:\/\/testwebsite.citygame.com\/wp-content\/blogs.dir\/1\/files\/sites\/62\/2026\/02\/menorca-sherlock-city-game-player-street.jpg\",\"width\":1344,\"height\":768,\"caption\":\"A person plays an outdoor adventure game on their smartphone in a historic Menorcan town.\"},{\"@type\":\"BreadcrumbList\",\"@id\":\"https:\/\/testwebsite.citygame.com\/hu\/games\/menorca\/sherlock-holmes-menorca\/#breadcrumb\",\"itemListElement\":[{\"@type\":\"ListItem\",\"position\":1,\"name\":\"Home\",\"item\":\"https:\/\/testwebsite.citygame.com\/hu\/\"},{\"@type\":\"ListItem\",\"position\":2,\"name\":\"Shop\",\"item\":\"https:\/\/testwebsite.citygame.com\/shop\/\"},{\"@type\":\"ListItem\",\"position\":3,\"name\":\"Sherlock Holmes Menorca\"}]},{\"@type\":\"WebSite\",\"@id\":\"https:\/\/testwebsite.upevents.nl\/#website\",\"url\":\"https:\/\/testwebsite.upevents.nl\/\",\"name\":\"City Game\",\"description\":\"\",\"publisher\":{\"@id\":\"https:\/\/testwebsite.upevents.nl\/#organization\"},\"alternateName\":\"citygame.com\",\"potentialAction\":[{\"@type\":\"SearchAction\",\"target\":{\"@type\":\"EntryPoint\",\"urlTemplate\":\"https:\/\/testwebsite.upevents.nl\/?s={search_term_string}\"},\"query-input\":{\"@type\":\"PropertyValueSpecification\",\"valueRequired\":true,\"valueName\":\"search_term_string\"}}],\"inLanguage\":\"hu\"},{\"@type\":[\"Organization\",\"Place\"],\"@id\":\"https:\/\/testwebsite.upevents.nl\/#organization\",\"name\":\"City Game\",\"alternateName\":\"citygame.com\",\"url\":\"https:\/\/testwebsite.upevents.nl\/\",\"logo\":{\"@id\":\"https:\/\/testwebsite.citygame.com\/hu\/games\/menorca\/sherlock-holmes-menorca\/#local-main-organization-logo\"},\"image\":{\"@id\":\"https:\/\/testwebsite.citygame.com\/hu\/games\/menorca\/sherlock-holmes-menorca\/#local-main-organization-logo\"},\"sameAs\":[\"https:\/\/www.facebook.com\/profile.php?id=100086426226253\",\"https:\/\/www.instagram.com\/citygame_com\",\"https:\/\/www.tiktok.com\/@citygamecom\/\",\"https:\/\/www.linkedin.com\/company\/citygame-com\"],\"description\":\"Turn any city into a playground with our interactive City Games and self-guided tours. Fun, flexible, and ideal for groups and team building.\",\"telephone\":[],\"openingHoursSpecification\":[{\"@type\":\"OpeningHoursSpecification\",\"dayOfWeek\":[\"Monday\",\"Tuesday\",\"Wednesday\",\"Thursday\",\"Friday\",\"Saturday\",\"Sunday\"],\"opens\":\"09:00\",\"closes\":\"17:00\"}]},{\"@type\":\"ImageObject\",\"inLanguage\":\"hu\",\"@id\":\"https:\/\/testwebsite.citygame.com\/hu\/games\/menorca\/sherlock-holmes-menorca\/#local-main-organization-logo\",\"url\":\"https:\/\/testwebsite.citygame.com\/wp-content\/blogs.dir\/1\/files\/sites\/62\/2025\/10\/CG_LOGO-City-Game.png\",\"contentUrl\":\"https:\/\/testwebsite.citygame.com\/wp-content\/blogs.dir\/1\/files\/sites\/62\/2025\/10\/CG_LOGO-City-Game.png\",\"width\":351,\"height\":377,\"caption\":\"City Game\"}]}<\/script>\n<!-- \/ Yoast SEO Premium plugin. -->","yoast_head_json":{"title":"Sherlock Holmes Menorca - City Game","description":"Sherlock Holmes Menorca. J\u00e1tssz egy \u00f6nvezet\u0151 gyilkoss\u00e1gi rejt\u00e9lyes V\u00e1rosi J\u00e1t\u00e9kot, fejts meg rejtv\u00e9nyeket, k\u00f6vess nyomokat \u00e9s fedd fel a gyilkost a saj\u00e1t temp\u00f3dban!","robots":{"index":"noindex","follow":"follow","max-snippet":"max-snippet:-1","max-image-preview":"max-image-preview:large","max-video-preview":"max-video-preview:-1"},"og_locale":"hu_HU","og_type":"article","og_title":"Sherlock Holmes Menorca","og_description":"Sherlock Holmes Menorca. J\u00e1tssz egy \u00f6nvezet\u0151 gyilkoss\u00e1gi rejt\u00e9lyes V\u00e1rosi J\u00e1t\u00e9kot, fejts meg rejtv\u00e9nyeket, k\u00f6vess nyomokat \u00e9s fedd fel a gyilkost a saj\u00e1t temp\u00f3dban!","og_url":"https:\/\/testwebsite.citygame.com\/hu\/games\/menorca\/sherlock-holmes-menorca\/","og_site_name":"City Game","article_publisher":"https:\/\/www.facebook.com\/profile.php?id=100086426226253","article_modified_time":"2026-04-07T21:14:29+00:00","og_image":[{"width":1344,"height":768,"url":"https:\/\/testwebsite.citygame.com\/wp-content\/blogs.dir\/1\/files\/sites\/62\/2026\/02\/menorca-sherlock-city-game-player-street.jpg","type":"image\/jpeg"}],"twitter_card":"summary_large_image","twitter_misc":{"Becs\u00fclt olvas\u00e1si id\u0151":"1 perc"},"schema":{"@context":"https:\/\/schema.org","@graph":[{"@type":"WebPage","@id":"https:\/\/testwebsite.citygame.com\/hu\/games\/menorca\/sherlock-holmes-menorca\/","url":"https:\/\/testwebsite.citygame.com\/hu\/games\/menorca\/sherlock-holmes-menorca\/","name":"Sherlock Holmes Menorca - City Game","isPartOf":{"@id":"https:\/\/testwebsite.upevents.nl\/#website"},"primaryImageOfPage":{"@id":"https:\/\/testwebsite.citygame.com\/hu\/games\/menorca\/sherlock-holmes-menorca\/#primaryimage"},"image":{"@id":"https:\/\/testwebsite.citygame.com\/hu\/games\/menorca\/sherlock-holmes-menorca\/#primaryimage"},"thumbnailUrl":"https:\/\/testwebsite.citygame.com\/wp-content\/blogs.dir\/1\/files\/sites\/62\/2026\/02\/menorca-sherlock-city-game-player-street.jpg","datePublished":"2026-02-10T14:20:21+00:00","dateModified":"2026-04-07T21:14:29+00:00","description":"Sherlock Holmes Menorca. J\u00e1tssz egy \u00f6nvezet\u0151 gyilkoss\u00e1gi rejt\u00e9lyes V\u00e1rosi J\u00e1t\u00e9kot, fejts meg rejtv\u00e9nyeket, k\u00f6vess nyomokat \u00e9s fedd fel a gyilkost a saj\u00e1t temp\u00f3dban!","breadcrumb":{"@id":"https:\/\/testwebsite.citygame.com\/hu\/games\/menorca\/sherlock-holmes-menorca\/#breadcrumb"},"inLanguage":"hu","potentialAction":[{"@type":"ReadAction","target":["https:\/\/testwebsite.citygame.com\/hu\/games\/menorca\/sherlock-holmes-menorca\/"]}]},{"@type":"ImageObject","inLanguage":"hu","@id":"https:\/\/testwebsite.citygame.com\/hu\/games\/menorca\/sherlock-holmes-menorca\/#primaryimage","url":"https:\/\/testwebsite.citygame.com\/wp-content\/blogs.dir\/1\/files\/sites\/62\/2026\/02\/menorca-sherlock-city-game-player-street.jpg","contentUrl":"https:\/\/testwebsite.citygame.com\/wp-content\/blogs.dir\/1\/files\/sites\/62\/2026\/02\/menorca-sherlock-city-game-player-street.jpg","width":1344,"height":768,"caption":"A person plays an outdoor adventure game on their smartphone in a historic Menorcan town."},{"@type":"BreadcrumbList","@id":"https:\/\/testwebsite.citygame.com\/hu\/games\/menorca\/sherlock-holmes-menorca\/#breadcrumb","itemListElement":[{"@type":"ListItem","position":1,"name":"Home","item":"https:\/\/testwebsite.citygame.com\/hu\/"},{"@type":"ListItem","position":2,"name":"Shop","item":"https:\/\/testwebsite.citygame.com\/shop\/"},{"@type":"ListItem","position":3,"name":"Sherlock Holmes Menorca"}]},{"@type":"WebSite","@id":"https:\/\/testwebsite.upevents.nl\/#website","url":"https:\/\/testwebsite.upevents.nl\/","name":"City Game","description":"","publisher":{"@id":"https:\/\/testwebsite.upevents.nl\/#organization"},"alternateName":"citygame.com","potentialAction":[{"@type":"SearchAction","target":{"@type":"EntryPoint","urlTemplate":"https:\/\/testwebsite.upevents.nl\/?s={search_term_string}"},"query-input":{"@type":"PropertyValueSpecification","valueRequired":true,"valueName":"search_term_string"}}],"inLanguage":"hu"},{"@type":["Organization","Place"],"@id":"https:\/\/testwebsite.upevents.nl\/#organization","name":"City Game","alternateName":"citygame.com","url":"https:\/\/testwebsite.upevents.nl\/","logo":{"@id":"https:\/\/testwebsite.citygame.com\/hu\/games\/menorca\/sherlock-holmes-menorca\/#local-main-organization-logo"},"image":{"@id":"https:\/\/testwebsite.citygame.com\/hu\/games\/menorca\/sherlock-holmes-menorca\/#local-main-organization-logo"},"sameAs":["https:\/\/www.facebook.com\/profile.php?id=100086426226253","https:\/\/www.instagram.com\/citygame_com","https:\/\/www.tiktok.com\/@citygamecom\/","https:\/\/www.linkedin.com\/company\/citygame-com"],"description":"Turn any city into a playground with our interactive City Games and self-guided tours. Fun, flexible, and ideal for groups and team building.","telephone":[],"openingHoursSpecification":[{"@type":"OpeningHoursSpecification","dayOfWeek":["Monday","Tuesday","Wednesday","Thursday","Friday","Saturday","Sunday"],"opens":"09:00","closes":"17:00"}]},{"@type":"ImageObject","inLanguage":"hu","@id":"https:\/\/testwebsite.citygame.com\/hu\/games\/menorca\/sherlock-holmes-menorca\/#local-main-organization-logo","url":"https:\/\/testwebsite.citygame.com\/wp-content\/blogs.dir\/1\/files\/sites\/62\/2025\/10\/CG_LOGO-City-Game.png","contentUrl":"https:\/\/testwebsite.citygame.com\/wp-content\/blogs.dir\/1\/files\/sites\/62\/2025\/10\/CG_LOGO-City-Game.png","width":351,"height":377,"caption":"City Game"}]}},"taxonomy_info":{"game-concept":[{"value":776,"label":"Sherlock"}],"location":[{"value":273,"label":"Menorca"}],"product_cat":[{"value":27,"label":"Geen categorie"}]},"featured_image_src_large":["https:\/\/testwebsite.citygame.com\/wp-content\/blogs.dir\/1\/files\/sites\/62\/2026\/02\/menorca-sherlock-city-game-player-street-1024x585.jpg",1024,585,true],"author_info":[],"comment_info":"","_links":{"self":[{"href":"https:\/\/testwebsite.citygame.com\/hu\/wp-json\/wp\/v2\/product\/55629","targetHints":{"allow":["GET"]}}],"collection":[{"href":"https:\/\/testwebsite.citygame.com\/hu\/wp-json\/wp\/v2\/product"}],"about":[{"href":"https:\/\/testwebsite.citygame.com\/hu\/wp-json\/wp\/v2\/types\/product"}],"acf:post":[{"embeddable":true,"href":"https:\/\/testwebsite.citygame.com\/hu\/wp-json\/wp\/v2\/pages\/8671"}],"wp:featuredmedia":[{"embeddable":true,"href":"https:\/\/testwebsite.citygame.com\/hu\/wp-json\/wp\/v2\/media\/11857"}],"wp:attachment":[{"href":"https:\/\/testwebsite.citygame.com\/hu\/wp-json\/wp\/v2\/media?parent=55629"}],"wp:term":[{"taxonomy":"game-concept","embeddable":true,"href":"https:\/\/testwebsite.citygame.com\/hu\/wp-json\/wp\/v2\/game-concept?post=55629"},{"taxonomy":"location","embeddable":true,"href":"https:\/\/testwebsite.citygame.com\/hu\/wp-json\/wp\/v2\/location?post=55629"},{"taxonomy":"product_brand","embeddable":true,"href":"https:\/\/testwebsite.citygame.com\/hu\/wp-json\/wp\/v2\/product_brand?post=55629"},{"taxonomy":"product_cat","embeddable":true,"href":"https:\/\/testwebsite.citygame.com\/hu\/wp-json\/wp\/v2\/product_cat?post=55629"},{"taxonomy":"product_tag","embeddable":true,"href":"https:\/\/testwebsite.citygame.com\/hu\/wp-json\/wp\/v2\/product_tag?post=55629"}],"curies":[{"name":"wp","href":"https:\/\/api.w.org\/{rel}","templated":true}]}}