{"id":55018,"date":"2026-01-15T13:02:46","date_gmt":"2026-01-15T13:02:46","guid":{"rendered":"https:\/\/testwebsite.citygame.com\/games\/unknown-location\/secrets-of-warsaw\/"},"modified":"2026-04-07T20:01:08","modified_gmt":"2026-04-07T20:01:08","slug":"secrets-of-warsaw","status":"publish","type":"product","link":"https:\/\/testwebsite.citygame.com\/hu\/games\/warsaw\/secrets-of-warsaw\/","title":{"rendered":"Secrets of Warsaw"},"content":{"rendered":"<p>A Secrets of Warsaw V\u00e1rosfelfedez\u0151 J\u00e1t\u00e9k egy \u00f6nvezet\u0151, GPS-alap\u00fa j\u00e1t\u00e9k, amely Vars\u00f3 t\u00f6rt\u00e9nelmi k\u00f6zpontj\u00e1ban zajlik. Okostelefonj\u00e1val felfedezheti a v\u00e1ros sz\u00edv\u00e9t, mik\u00f6zben rejtv\u00e9nyeket, tal\u00e1l\u00f3s k\u00e9rd\u00e9seket fejt meg \u00e9s fot\u00f3feladatokat teljes\u00edt. Ez a felfedez\u0151 j\u00e1t\u00e9k sz\u00f3rakoztat\u00f3 \u00e9s interakt\u00edv m\u00f3dot k\u00edn\u00e1l Vars\u00f3 t\u00f6rt\u00e9nelm\u00e9nek, kult\u00far\u00e1j\u00e1nak \u00e9s rejtett r\u00e9szleteinek felfedez\u00e9s\u00e9re, a saj\u00e1t temp\u00f3j\u00e1ban. A City Game Warsaw egyar\u00e1nt alkalmas l\u00e1togat\u00f3k \u00e9s helyiek sz\u00e1m\u00e1ra, sz\u00f3l\u00f3 j\u00e1t\u00e9kosoknak, p\u00e1roknak, csal\u00e1doknak vagy bar\u00e1ti t\u00e1rsas\u00e1goknak. Ak\u00e1r \u00faj a v\u00e1rosban, ak\u00e1r \u00fajra felfedezi, ez az \u00f6nvezet\u0151 v\u00e1rosfelfedez\u0151 j\u00e1t\u00e9k egyed\u00fcl\u00e1ll\u00f3 \u00e9s mag\u00e1val ragad\u00f3 perspekt\u00edv\u00e1t k\u00edn\u00e1l Vars\u00f3ra.<\/p>\n","protected":false},"excerpt":{"rendered":"<p>Fedezze fel Vars\u00f3 k\u00f6lt\u0151i lelk\u00e9t! L\u00e9pjen be egy v\u00e1rosba, ahol az ellen\u00e1ll\u00f3k\u00e9pess\u00e9g tal\u00e1lkozik a romantik\u00e1val, fedezzen fel rejtett verseket, fejtsen meg nyomokat kir\u00e1lyi tereken \u00e9s foly\u00f3partokon, \u00e9s seg\u00edtsen Adam Mickiewicznek visszaszerezni azt a hangot, amely egykor megmozgatott egy nemzetet.<\/p>\n","protected":false},"featured_media":4113,"template":"","meta":{"_acf_changed":false,"_yoast_wpseo_focuskw":"Secrets of Warsaw","_yoast_wpseo_metadesc":"Secrets of Warsaw. J\u00e1tsszon egy \u00f6nvezet\u0151 V\u00e1rosfelfedez\u0151 J\u00e1t\u00e9kot, \u00e9s fedezze fel a v\u00e1rost rejtv\u00e9nyek, tal\u00e1l\u00f3s k\u00e9rd\u00e9sek \u00e9s kih\u00edv\u00e1sok seg\u00edts\u00e9g\u00e9vel. J\u00e1tsszon a saj\u00e1t temp\u00f3j\u00e1ban, \u00e9s fedezze fel a v\u00e1rost, mint egy helyi!","_kad_blocks_custom_css":"","_kad_blocks_head_custom_js":"","_kad_blocks_body_custom_js":"","_kad_blocks_footer_custom_js":"","ghostkit_customizer_options":"","ghostkit_custom_css":"","ghostkit_custom_js_head":"","ghostkit_custom_js_foot":"","ghostkit_typography":"","_kad_post_transparent":"","_kad_post_title":"","_kad_post_layout":"","_kad_post_sidebar_id":"","_kad_post_content_style":"","_kad_post_vertical_padding":"","_kad_post_feature":"","_kad_post_feature_position":"","_kad_post_header":false,"_kad_post_footer":false,"_kad_post_classname":"","_links_to":"","_links_to_target":""},"game-concept":[715],"location":[425],"product_brand":[],"product_cat":[27],"product_tag":[],"class_list":{"0":"post-55018","1":"product","2":"type-product","3":"status-publish","4":"has-post-thumbnail","6":"game-concept-secrets","7":"location-warsaw","8":"product_cat-geen-categorie","10":"first","11":"instock","12":"shipping-taxable","13":"purchasable","14":"product-type-simple","15":"entry","16":"content-bg","17":"loop-entry"},"acf":{"full_bokun_product_name":"Self-Guided Secrets of Warsaw Exploration Game","location_name":"Warsaw","bokun_calendar_widget_code":"<script type=\"text\/javascript\" src=\"https:\/\/widgets.bokun.io\/assets\/javascripts\/apps\/build\/BokunWidgetsLoader.js?bookingChannelUUID=a1e93e96-5232-4734-a595-28405f4b5a31\" async><\/script>\n     \n    <div class=\"bokunWidget\" data-src=\"https:\/\/widgets.bokun.io\/online-sales\/a1e93e96-5232-4734-a595-28405f4b5a31\/experience-calendar\/1111503\"><\/div>\n    <noscript>Please enable javascript in your browser to book<\/noscript>","bokun_button_widget_code":"<script type=\"text\/javascript\" src=\"https:\/\/widgets.bokun.io\/assets\/javascripts\/apps\/build\/BokunWidgetsLoader.js?bookingChannelUUID=a1e93e96-5232-4734-a595-28405f4b5a31\" async><\/script>\n      <style> #bokun_ed001e45_5927_4f62_b470_ca766338d083 { display: inline-block; padding: .4em 1em; background: #47b82e; border-radius: 999999px; box-shadow: none; font-weight: 600; font-size: 24px; text-decoration: none; text-align: center; color: #FFFFFF; border:none; cursor: pointer; transition: background .2s ease; } #bokun_ed001e45_5927_4f62_b470_ca766338d083:hover{ background: #2f7b1f; } #bokun_ed001e45_5927_4f62_b470_ca766338d083:active{ background: #378f24; } <\/style> <button class=\"bokunButton\" disabled id=bokun_ed001e45_5927_4f62_b470_ca766338d083 data-src=\"https:\/\/widgets.bokun.io\/online-sales\/a1e93e96-5232-4734-a595-28405f4b5a31\/experience-calendar\/1111503?partialView=1\" data-testid=\"widget-book-button\" > Book now <\/button> ","what_you\u2019ll_experience_during_the_game":"Amint Vars\u00f3t fedezi fel a V\u00e1rosfelfedez\u0151 J\u00e1t\u00e9k seg\u00edts\u00e9g\u00e9vel, egy olyan t\u00f6rt\u00e9netet k\u00f6vethet, amely a v\u00e1rosn\u00e9z\u00e9st mag\u00e1val ragad\u00f3 felfedez\u00e9ssel \u00f6tv\u00f6zi. Az \u00e9lm\u00e9ny elvezeti \u00d6nt az \u00e9l\u00e9nk Old Town Market Square-r\u0151l a University of Warsaw Library Garden csendes, z\u00f6ldell\u0151 kertj\u00e9be, felt\u00e1rva mind az ismer\u0151s nevezetess\u00e9geket, mind a rejtett zugokat. \u00datja sor\u00e1n tal\u00e1lkozni fog a leny\u0171g\u00f6z\u0151 Royal Castle-lel, elhalad a Church of the Visitants b\u00e9k\u00e9s homlokzata mellett, \u00e9s v\u00e1ratlan r\u00e9szleteket fedez fel a Warsaw Barbican-n\u00e1l. Minden helysz\u00ednt \u00fagy v\u00e1lasztottak ki, hogy felt\u00e1rja a v\u00e1ros hangulat\u00e1nak egy-egy r\u00e9teg\u00e9t, \u00e9s \u00faj szemsz\u00f6gb\u0151l mutassa be Vars\u00f3t a j\u00e1t\u00e9kosoknak.\n\nA j\u00e1t\u00e9k sor\u00e1n sz\u00e1mos kih\u00edv\u00e1ssal szembes\u00fcl, bele\u00e9rtve tal\u00e1l\u00f3s k\u00e9rd\u00e9seket, k\u00e9rd\u00e9seket, rejtv\u00e9nyeket \u00e9s kreat\u00edv fot\u00f3feladatokat. Ezek megold\u00e1sa pontokat \u00e9s tippeket hoz, seg\u00edtve \u00faj helysz\u00ednek felold\u00e1s\u00e1ban \u00e9s a j\u00e1t\u00e9k sz\u00edv\u00e9ben rejl\u0151 v\u00e9gs\u0151 rejt\u00e9ly fokozatos felt\u00e1r\u00e1s\u00e1ban. B\u00e1rmikor sz\u00fcnetet tarthat, hogy pihenjen, \u00e9s k\u00e9s\u0151bb folytathatja a saj\u00e1t temp\u00f3j\u00e1ban. Azok sz\u00e1m\u00e1ra, akik szeretik a versenyt, van egy ranglista is, ahol egy\u00e9nek vagy csapatok emelkedhetnek a rangl\u00e9tr\u00e1n a teljes\u00edtm\u00e9ny\u00fck alapj\u00e1n.","how_to_play":"A foglal\u00e1s ut\u00e1n kap egy e-mailt a k\u00f6zvetlen j\u00e1t\u00e9klinkkel. Egyszer\u0171en menjen a Monument of J\u00f3zef Poniatowski-hez (az indul\u00e1si helysz\u00ednhez), hogy elkezdje a kalandot. Ind\u00edtsa el a linket okostelefonj\u00e1n, \u00e9s hagyja, hogy a j\u00e1t\u00e9k vezesse \u00d6nt egyik titokr\u00f3l a m\u00e1sikra. B\u00e1rmikor sz\u00fcneteltetheti \u00e9s folytathatja, \u00edgy Vars\u00f3 felfedez\u00e9se pontosan olyan egyszer\u0171, ahogyan \u00d6n szeretn\u00e9.","start_location":"Warsaw, Monument of J\u00f3zef Poniatowski","available_languages":[],"players_per_group":"1-4","duration":"1.5-2 hours","image_overlay_color_image":"https:\/\/testwebsite.citygame.com\/wp-content\/blogs.dir\/1\/files\/sites\/62\/2026\/01\/SecretsColor.svg","image_overlay_game_logo":"https:\/\/testwebsite.citygame.com\/wp-content\/blogs.dir\/1\/files\/sites\/62\/2026\/01\/SecretsLogo.png","city_page":8998,"woocommerce_general_content":null},"yoast_head":"<!-- This site is optimized with the Yoast SEO Premium plugin v26.2 (Yoast SEO v26.3) - https:\/\/yoast.com\/wordpress\/plugins\/seo\/ -->\n<title>Secrets of Warsaw - City Game<\/title>\n<meta name=\"description\" content=\"Secrets of Warsaw. J\u00e1tsszon egy \u00f6nvezet\u0151 V\u00e1rosfelfedez\u0151 J\u00e1t\u00e9kot, \u00e9s fedezze fel a v\u00e1rost rejtv\u00e9nyek, tal\u00e1l\u00f3s k\u00e9rd\u00e9sek \u00e9s kih\u00edv\u00e1sok seg\u00edts\u00e9g\u00e9vel. J\u00e1tsszon a saj\u00e1t temp\u00f3j\u00e1ban, \u00e9s fedezze fel a v\u00e1rost, mint egy helyi!\" \/>\n<meta name=\"robots\" content=\"noindex, follow, max-snippet:-1, max-image-preview:large, max-video-preview:-1\" \/>\n<meta property=\"og:locale\" content=\"hu_HU\" \/>\n<meta property=\"og:type\" content=\"article\" \/>\n<meta property=\"og:title\" content=\"Secrets of Warsaw\" \/>\n<meta property=\"og:description\" content=\"Secrets of Warsaw. J\u00e1tsszon egy \u00f6nvezet\u0151 V\u00e1rosfelfedez\u0151 J\u00e1t\u00e9kot, \u00e9s fedezze fel a v\u00e1rost rejtv\u00e9nyek, tal\u00e1l\u00f3s k\u00e9rd\u00e9sek \u00e9s kih\u00edv\u00e1sok seg\u00edts\u00e9g\u00e9vel. J\u00e1tsszon a saj\u00e1t temp\u00f3j\u00e1ban, \u00e9s fedezze fel a v\u00e1rost, mint egy helyi!\" \/>\n<meta property=\"og:url\" content=\"https:\/\/testwebsite.citygame.com\/hu\/games\/warsaw\/secrets-of-warsaw\/\" \/>\n<meta property=\"og:site_name\" content=\"City Game\" \/>\n<meta property=\"article:publisher\" content=\"https:\/\/www.facebook.com\/profile.php?id=100086426226253\" \/>\n<meta property=\"article:modified_time\" content=\"2026-04-07T20:01:08+00:00\" \/>\n<meta property=\"og:image\" content=\"https:\/\/testwebsite.citygame.com\/wp-content\/blogs.dir\/1\/files\/sites\/62\/2026\/01\/woman-with-phone-on-a-street-in-warsaw.jpg\" \/>\n\t<meta property=\"og:image:width\" content=\"1024\" \/>\n\t<meta property=\"og:image:height\" content=\"1024\" \/>\n\t<meta property=\"og:image:type\" content=\"image\/jpeg\" \/>\n<meta name=\"twitter:card\" content=\"summary_large_image\" \/>\n<meta name=\"twitter:label1\" content=\"Becs\u00fclt olvas\u00e1si id\u0151\" \/>\n\t<meta name=\"twitter:data1\" content=\"1 perc\" \/>\n<script type=\"application\/ld+json\" class=\"yoast-schema-graph\">{\"@context\":\"https:\/\/schema.org\",\"@graph\":[{\"@type\":\"WebPage\",\"@id\":\"https:\/\/testwebsite.citygame.com\/hu\/games\/warsaw\/secrets-of-warsaw\/\",\"url\":\"https:\/\/testwebsite.citygame.com\/hu\/games\/warsaw\/secrets-of-warsaw\/\",\"name\":\"Secrets of Warsaw - City Game\",\"isPartOf\":{\"@id\":\"https:\/\/testwebsite.upevents.nl\/#website\"},\"primaryImageOfPage\":{\"@id\":\"https:\/\/testwebsite.citygame.com\/hu\/games\/warsaw\/secrets-of-warsaw\/#primaryimage\"},\"image\":{\"@id\":\"https:\/\/testwebsite.citygame.com\/hu\/games\/warsaw\/secrets-of-warsaw\/#primaryimage\"},\"thumbnailUrl\":\"https:\/\/testwebsite.citygame.com\/wp-content\/blogs.dir\/1\/files\/sites\/62\/2026\/01\/woman-with-phone-on-a-street-in-warsaw.jpg\",\"datePublished\":\"2026-01-15T13:02:46+00:00\",\"dateModified\":\"2026-04-07T20:01:08+00:00\",\"description\":\"Secrets of Warsaw. J\u00e1tsszon egy \u00f6nvezet\u0151 V\u00e1rosfelfedez\u0151 J\u00e1t\u00e9kot, \u00e9s fedezze fel a v\u00e1rost rejtv\u00e9nyek, tal\u00e1l\u00f3s k\u00e9rd\u00e9sek \u00e9s kih\u00edv\u00e1sok seg\u00edts\u00e9g\u00e9vel. J\u00e1tsszon a saj\u00e1t temp\u00f3j\u00e1ban, \u00e9s fedezze fel a v\u00e1rost, mint egy helyi!\",\"breadcrumb\":{\"@id\":\"https:\/\/testwebsite.citygame.com\/hu\/games\/warsaw\/secrets-of-warsaw\/#breadcrumb\"},\"inLanguage\":\"hu\",\"potentialAction\":[{\"@type\":\"ReadAction\",\"target\":[\"https:\/\/testwebsite.citygame.com\/hu\/games\/warsaw\/secrets-of-warsaw\/\"]}]},{\"@type\":\"ImageObject\",\"inLanguage\":\"hu\",\"@id\":\"https:\/\/testwebsite.citygame.com\/hu\/games\/warsaw\/secrets-of-warsaw\/#primaryimage\",\"url\":\"https:\/\/testwebsite.citygame.com\/wp-content\/blogs.dir\/1\/files\/sites\/62\/2026\/01\/woman-with-phone-on-a-street-in-warsaw.jpg\",\"contentUrl\":\"https:\/\/testwebsite.citygame.com\/wp-content\/blogs.dir\/1\/files\/sites\/62\/2026\/01\/woman-with-phone-on-a-street-in-warsaw.jpg\",\"width\":1024,\"height\":1024,\"caption\":\"A person stands on a city sidewalk looking at their phone in Warsaw, Poland.\"},{\"@type\":\"BreadcrumbList\",\"@id\":\"https:\/\/testwebsite.citygame.com\/hu\/games\/warsaw\/secrets-of-warsaw\/#breadcrumb\",\"itemListElement\":[{\"@type\":\"ListItem\",\"position\":1,\"name\":\"Home\",\"item\":\"https:\/\/testwebsite.citygame.com\/hu\/\"},{\"@type\":\"ListItem\",\"position\":2,\"name\":\"Shop\",\"item\":\"https:\/\/testwebsite.citygame.com\/shop\/\"},{\"@type\":\"ListItem\",\"position\":3,\"name\":\"Secrets of Warsaw\"}]},{\"@type\":\"WebSite\",\"@id\":\"https:\/\/testwebsite.upevents.nl\/#website\",\"url\":\"https:\/\/testwebsite.upevents.nl\/\",\"name\":\"City Game\",\"description\":\"\",\"publisher\":{\"@id\":\"https:\/\/testwebsite.upevents.nl\/#organization\"},\"alternateName\":\"citygame.com\",\"potentialAction\":[{\"@type\":\"SearchAction\",\"target\":{\"@type\":\"EntryPoint\",\"urlTemplate\":\"https:\/\/testwebsite.upevents.nl\/?s={search_term_string}\"},\"query-input\":{\"@type\":\"PropertyValueSpecification\",\"valueRequired\":true,\"valueName\":\"search_term_string\"}}],\"inLanguage\":\"hu\"},{\"@type\":[\"Organization\",\"Place\"],\"@id\":\"https:\/\/testwebsite.upevents.nl\/#organization\",\"name\":\"City Game\",\"alternateName\":\"citygame.com\",\"url\":\"https:\/\/testwebsite.upevents.nl\/\",\"logo\":{\"@id\":\"https:\/\/testwebsite.citygame.com\/hu\/games\/warsaw\/secrets-of-warsaw\/#local-main-organization-logo\"},\"image\":{\"@id\":\"https:\/\/testwebsite.citygame.com\/hu\/games\/warsaw\/secrets-of-warsaw\/#local-main-organization-logo\"},\"sameAs\":[\"https:\/\/www.facebook.com\/profile.php?id=100086426226253\",\"https:\/\/www.instagram.com\/citygame_com\",\"https:\/\/www.tiktok.com\/@citygamecom\/\",\"https:\/\/www.linkedin.com\/company\/citygame-com\"],\"description\":\"Turn any city into a playground with our interactive City Games and self-guided tours. Fun, flexible, and ideal for groups and team building.\",\"telephone\":[],\"openingHoursSpecification\":[{\"@type\":\"OpeningHoursSpecification\",\"dayOfWeek\":[\"Monday\",\"Tuesday\",\"Wednesday\",\"Thursday\",\"Friday\",\"Saturday\",\"Sunday\"],\"opens\":\"09:00\",\"closes\":\"17:00\"}]},{\"@type\":\"ImageObject\",\"inLanguage\":\"hu\",\"@id\":\"https:\/\/testwebsite.citygame.com\/hu\/games\/warsaw\/secrets-of-warsaw\/#local-main-organization-logo\",\"url\":\"https:\/\/testwebsite.citygame.com\/wp-content\/blogs.dir\/1\/files\/sites\/62\/2025\/10\/CG_LOGO-City-Game.png\",\"contentUrl\":\"https:\/\/testwebsite.citygame.com\/wp-content\/blogs.dir\/1\/files\/sites\/62\/2025\/10\/CG_LOGO-City-Game.png\",\"width\":351,\"height\":377,\"caption\":\"City Game\"}]}<\/script>\n<!-- \/ Yoast SEO Premium plugin. -->","yoast_head_json":{"title":"Secrets of Warsaw - City Game","description":"Secrets of Warsaw. J\u00e1tsszon egy \u00f6nvezet\u0151 V\u00e1rosfelfedez\u0151 J\u00e1t\u00e9kot, \u00e9s fedezze fel a v\u00e1rost rejtv\u00e9nyek, tal\u00e1l\u00f3s k\u00e9rd\u00e9sek \u00e9s kih\u00edv\u00e1sok seg\u00edts\u00e9g\u00e9vel. J\u00e1tsszon a saj\u00e1t temp\u00f3j\u00e1ban, \u00e9s fedezze fel a v\u00e1rost, mint egy helyi!","robots":{"index":"noindex","follow":"follow","max-snippet":"max-snippet:-1","max-image-preview":"max-image-preview:large","max-video-preview":"max-video-preview:-1"},"og_locale":"hu_HU","og_type":"article","og_title":"Secrets of Warsaw","og_description":"Secrets of Warsaw. J\u00e1tsszon egy \u00f6nvezet\u0151 V\u00e1rosfelfedez\u0151 J\u00e1t\u00e9kot, \u00e9s fedezze fel a v\u00e1rost rejtv\u00e9nyek, tal\u00e1l\u00f3s k\u00e9rd\u00e9sek \u00e9s kih\u00edv\u00e1sok seg\u00edts\u00e9g\u00e9vel. J\u00e1tsszon a saj\u00e1t temp\u00f3j\u00e1ban, \u00e9s fedezze fel a v\u00e1rost, mint egy helyi!","og_url":"https:\/\/testwebsite.citygame.com\/hu\/games\/warsaw\/secrets-of-warsaw\/","og_site_name":"City Game","article_publisher":"https:\/\/www.facebook.com\/profile.php?id=100086426226253","article_modified_time":"2026-04-07T20:01:08+00:00","og_image":[{"width":1024,"height":1024,"url":"https:\/\/testwebsite.citygame.com\/wp-content\/blogs.dir\/1\/files\/sites\/62\/2026\/01\/woman-with-phone-on-a-street-in-warsaw.jpg","type":"image\/jpeg"}],"twitter_card":"summary_large_image","twitter_misc":{"Becs\u00fclt olvas\u00e1si id\u0151":"1 perc"},"schema":{"@context":"https:\/\/schema.org","@graph":[{"@type":"WebPage","@id":"https:\/\/testwebsite.citygame.com\/hu\/games\/warsaw\/secrets-of-warsaw\/","url":"https:\/\/testwebsite.citygame.com\/hu\/games\/warsaw\/secrets-of-warsaw\/","name":"Secrets of Warsaw - City Game","isPartOf":{"@id":"https:\/\/testwebsite.upevents.nl\/#website"},"primaryImageOfPage":{"@id":"https:\/\/testwebsite.citygame.com\/hu\/games\/warsaw\/secrets-of-warsaw\/#primaryimage"},"image":{"@id":"https:\/\/testwebsite.citygame.com\/hu\/games\/warsaw\/secrets-of-warsaw\/#primaryimage"},"thumbnailUrl":"https:\/\/testwebsite.citygame.com\/wp-content\/blogs.dir\/1\/files\/sites\/62\/2026\/01\/woman-with-phone-on-a-street-in-warsaw.jpg","datePublished":"2026-01-15T13:02:46+00:00","dateModified":"2026-04-07T20:01:08+00:00","description":"Secrets of Warsaw. J\u00e1tsszon egy \u00f6nvezet\u0151 V\u00e1rosfelfedez\u0151 J\u00e1t\u00e9kot, \u00e9s fedezze fel a v\u00e1rost rejtv\u00e9nyek, tal\u00e1l\u00f3s k\u00e9rd\u00e9sek \u00e9s kih\u00edv\u00e1sok seg\u00edts\u00e9g\u00e9vel. J\u00e1tsszon a saj\u00e1t temp\u00f3j\u00e1ban, \u00e9s fedezze fel a v\u00e1rost, mint egy helyi!","breadcrumb":{"@id":"https:\/\/testwebsite.citygame.com\/hu\/games\/warsaw\/secrets-of-warsaw\/#breadcrumb"},"inLanguage":"hu","potentialAction":[{"@type":"ReadAction","target":["https:\/\/testwebsite.citygame.com\/hu\/games\/warsaw\/secrets-of-warsaw\/"]}]},{"@type":"ImageObject","inLanguage":"hu","@id":"https:\/\/testwebsite.citygame.com\/hu\/games\/warsaw\/secrets-of-warsaw\/#primaryimage","url":"https:\/\/testwebsite.citygame.com\/wp-content\/blogs.dir\/1\/files\/sites\/62\/2026\/01\/woman-with-phone-on-a-street-in-warsaw.jpg","contentUrl":"https:\/\/testwebsite.citygame.com\/wp-content\/blogs.dir\/1\/files\/sites\/62\/2026\/01\/woman-with-phone-on-a-street-in-warsaw.jpg","width":1024,"height":1024,"caption":"A person stands on a city sidewalk looking at their phone in Warsaw, Poland."},{"@type":"BreadcrumbList","@id":"https:\/\/testwebsite.citygame.com\/hu\/games\/warsaw\/secrets-of-warsaw\/#breadcrumb","itemListElement":[{"@type":"ListItem","position":1,"name":"Home","item":"https:\/\/testwebsite.citygame.com\/hu\/"},{"@type":"ListItem","position":2,"name":"Shop","item":"https:\/\/testwebsite.citygame.com\/shop\/"},{"@type":"ListItem","position":3,"name":"Secrets of Warsaw"}]},{"@type":"WebSite","@id":"https:\/\/testwebsite.upevents.nl\/#website","url":"https:\/\/testwebsite.upevents.nl\/","name":"City Game","description":"","publisher":{"@id":"https:\/\/testwebsite.upevents.nl\/#organization"},"alternateName":"citygame.com","potentialAction":[{"@type":"SearchAction","target":{"@type":"EntryPoint","urlTemplate":"https:\/\/testwebsite.upevents.nl\/?s={search_term_string}"},"query-input":{"@type":"PropertyValueSpecification","valueRequired":true,"valueName":"search_term_string"}}],"inLanguage":"hu"},{"@type":["Organization","Place"],"@id":"https:\/\/testwebsite.upevents.nl\/#organization","name":"City Game","alternateName":"citygame.com","url":"https:\/\/testwebsite.upevents.nl\/","logo":{"@id":"https:\/\/testwebsite.citygame.com\/hu\/games\/warsaw\/secrets-of-warsaw\/#local-main-organization-logo"},"image":{"@id":"https:\/\/testwebsite.citygame.com\/hu\/games\/warsaw\/secrets-of-warsaw\/#local-main-organization-logo"},"sameAs":["https:\/\/www.facebook.com\/profile.php?id=100086426226253","https:\/\/www.instagram.com\/citygame_com","https:\/\/www.tiktok.com\/@citygamecom\/","https:\/\/www.linkedin.com\/company\/citygame-com"],"description":"Turn any city into a playground with our interactive City Games and self-guided tours. Fun, flexible, and ideal for groups and team building.","telephone":[],"openingHoursSpecification":[{"@type":"OpeningHoursSpecification","dayOfWeek":["Monday","Tuesday","Wednesday","Thursday","Friday","Saturday","Sunday"],"opens":"09:00","closes":"17:00"}]},{"@type":"ImageObject","inLanguage":"hu","@id":"https:\/\/testwebsite.citygame.com\/hu\/games\/warsaw\/secrets-of-warsaw\/#local-main-organization-logo","url":"https:\/\/testwebsite.citygame.com\/wp-content\/blogs.dir\/1\/files\/sites\/62\/2025\/10\/CG_LOGO-City-Game.png","contentUrl":"https:\/\/testwebsite.citygame.com\/wp-content\/blogs.dir\/1\/files\/sites\/62\/2025\/10\/CG_LOGO-City-Game.png","width":351,"height":377,"caption":"City Game"}]}},"taxonomy_info":{"game-concept":[{"value":715,"label":"Secrets"}],"location":[{"value":425,"label":"Warsaw"}],"product_cat":[{"value":27,"label":"Geen categorie"}]},"featured_image_src_large":["https:\/\/testwebsite.citygame.com\/wp-content\/blogs.dir\/1\/files\/sites\/62\/2026\/01\/woman-with-phone-on-a-street-in-warsaw.jpg",1024,1024,false],"author_info":[],"comment_info":"","_links":{"self":[{"href":"https:\/\/testwebsite.citygame.com\/hu\/wp-json\/wp\/v2\/product\/55018","targetHints":{"allow":["GET"]}}],"collection":[{"href":"https:\/\/testwebsite.citygame.com\/hu\/wp-json\/wp\/v2\/product"}],"about":[{"href":"https:\/\/testwebsite.citygame.com\/hu\/wp-json\/wp\/v2\/types\/product"}],"acf:post":[{"embeddable":true,"href":"https:\/\/testwebsite.citygame.com\/hu\/wp-json\/wp\/v2\/pages\/8998"}],"wp:featuredmedia":[{"embeddable":true,"href":"https:\/\/testwebsite.citygame.com\/hu\/wp-json\/wp\/v2\/media\/4113"}],"wp:attachment":[{"href":"https:\/\/testwebsite.citygame.com\/hu\/wp-json\/wp\/v2\/media?parent=55018"}],"wp:term":[{"taxonomy":"game-concept","embeddable":true,"href":"https:\/\/testwebsite.citygame.com\/hu\/wp-json\/wp\/v2\/game-concept?post=55018"},{"taxonomy":"location","embeddable":true,"href":"https:\/\/testwebsite.citygame.com\/hu\/wp-json\/wp\/v2\/location?post=55018"},{"taxonomy":"product_brand","embeddable":true,"href":"https:\/\/testwebsite.citygame.com\/hu\/wp-json\/wp\/v2\/product_brand?post=55018"},{"taxonomy":"product_cat","embeddable":true,"href":"https:\/\/testwebsite.citygame.com\/hu\/wp-json\/wp\/v2\/product_cat?post=55018"},{"taxonomy":"product_tag","embeddable":true,"href":"https:\/\/testwebsite.citygame.com\/hu\/wp-json\/wp\/v2\/product_tag?post=55018"}],"curies":[{"name":"wp","href":"https:\/\/api.w.org\/{rel}","templated":true}]}}