{"id":54700,"date":"2026-02-09T09:51:26","date_gmt":"2026-02-09T09:51:26","guid":{"rendered":"https:\/\/testwebsite.citygame.com\/games\/unknown-location\/sherlock-holmes-fira\/"},"modified":"2026-04-07T19:25:58","modified_gmt":"2026-04-07T19:25:58","slug":"sherlock-holmes-fira","status":"publish","type":"product","link":"https:\/\/testwebsite.citygame.com\/hu\/games\/fira\/sherlock-holmes-fira\/","title":{"rendered":"Sherlock Holmes Fira"},"content":{"rendered":"<p>L\u00e9pjen be Sherlock Holmes vil\u00e1g\u00e1ba ezzel az \u00f6nvezet\u0151, t\u00f6rt\u00e9netk\u00f6zpont\u00fa gyilkoss\u00e1gi rejt\u00e9ly City Game-mel, amely Fira t\u00f6rt\u00e9nelmi v\u00e1rosk\u00f6zpontj\u00e1ban j\u00e1tsz\u00f3dik. Mik\u00f6zben a v\u00e1ros utc\u00e1in navig\u00e1l, felfedi a Liberty Fesztiv\u00e1l alatt t\u00f6rt\u00e9nt borzongat\u00f3 gyilkoss\u00e1g rejt\u00e9ly\u00e9t, egy olyan kibontakoz\u00f3 narrat\u00edv\u00e1t k\u00f6vetve, amely a nyomoz\u00e1s k\u00f6z\u00e9ppontj\u00e1ba helyezi \u00d6nt. Haladjon a saj\u00e1t temp\u00f3j\u00e1ban, mik\u00f6zben nyomokat gy\u0171jt, rejtv\u00e9nyeket old meg \u00e9s digit\u00e1lis gyan\u00fas\u00edtottakat hallgat ki, mindezt egy Holmeshoz m\u00e9lt\u00f3, mag\u00e1val ragad\u00f3 detekt\u00edv\u00fcgy h\u00e1tter\u00e9ben.<\/p>\n","protected":false},"excerpt":{"rendered":"<p>L\u00e9pjen Sherlock Holmes intrikus szerep\u00e9be, \u00e9s v\u00e1gjon bele egy izgalmas, \u00f6nvezet\u0151 gyilkoss\u00e1gi rejt\u00e9lybe Fira v\u00e1ros\u00e1ban. Haszn\u00e1lja ki k\u00e9pess\u00e9geit a rejtv\u00e9nyek megfejt\u00e9s\u00e9ben, rejtett nyomok felkutat\u00e1s\u00e1ban \u00e9s az igazs\u00e1g felt\u00e1r\u00e1s\u00e1ban a csapat\u00e1val \u2013 az id\u0151 s\u00fcrget, \u00e1lljon a kih\u00edv\u00e1s el\u00e9!<\/p>\n","protected":false},"featured_media":11674,"template":"","meta":{"_acf_changed":false,"_yoast_wpseo_focuskw":"Sherlock Holmes Fira","_yoast_wpseo_metadesc":"Sherlock Holmes Fira. J\u00e1tsszon egy \u00f6nvezet\u0151 gyilkoss\u00e1gi rejt\u00e9ly City Game-et, oldjon meg rejtv\u00e9nyeket, k\u00f6vessen nyomokat \u00e9s fedezze fel a gyilkost a saj\u00e1t temp\u00f3j\u00e1ban!","_kad_blocks_custom_css":"","_kad_blocks_head_custom_js":"","_kad_blocks_body_custom_js":"","_kad_blocks_footer_custom_js":"","ghostkit_customizer_options":"","ghostkit_custom_css":"","ghostkit_custom_js_head":"","ghostkit_custom_js_foot":"","ghostkit_typography":"","_kad_post_transparent":"default","_kad_post_title":"","_kad_post_layout":"default","_kad_post_sidebar_id":"","_kad_post_content_style":"default","_kad_post_vertical_padding":"default","_kad_post_feature":"","_kad_post_feature_position":"","_kad_post_header":false,"_kad_post_footer":false,"_kad_post_classname":"","_links_to":"","_links_to_target":""},"game-concept":[776],"location":[517],"product_brand":[],"product_cat":[27],"product_tag":[],"class_list":{"0":"post-54700","1":"product","2":"type-product","3":"status-publish","4":"has-post-thumbnail","6":"game-concept-sherlock","7":"location-fira","8":"product_cat-geen-categorie","10":"first","11":"instock","12":"shipping-taxable","13":"purchasable","14":"product-type-simple","15":"entry","16":"content-bg","17":"loop-entry"},"acf":{"full_bokun_product_name":"Santorini Fira Self-Guided Sherlock Holmes Murder Mystery Game","location_name":"Fira","bokun_calendar_widget_code":"<script type=\"text\/javascript\" src=\"https:\/\/widgets.bokun.io\/assets\/javascripts\/apps\/build\/BokunWidgetsLoader.js?bookingChannelUUID=a1e93e96-5232-4734-a595-28405f4b5a31\" async><\/script>\n     \n    <div class=\"bokunWidget\" data-src=\"https:\/\/widgets.bokun.io\/online-sales\/a1e93e96-5232-4734-a595-28405f4b5a31\/experience-calendar\/768078\"><\/div>\n    <noscript>Please enable javascript in your browser to book<\/noscript>","bokun_button_widget_code":"<script type=\"text\/javascript\" src=\"https:\/\/widgets.bokun.io\/assets\/javascripts\/apps\/build\/BokunWidgetsLoader.js?bookingChannelUUID=a1e93e96-5232-4734-a595-28405f4b5a31\" async><\/script>\n      <style> #bokun_ed001e45_5927_4f62_b470_ca766338d083 { display: inline-block; padding: .4em 1em; background: #47b82e; border-radius: 999999px; box-shadow: none; font-weight: 600; font-size: 24px; text-decoration: none; text-align: center; color: #FFFFFF; border:none; cursor: pointer; transition: background .2s ease; } #bokun_ed001e45_5927_4f62_b470_ca766338d083:hover{ background: #2f7b1f; } #bokun_ed001e45_5927_4f62_b470_ca766338d083:active{ background: #378f24; } <\/style> <button class=\"bokunButton\" disabled id=bokun_ed001e45_5927_4f62_b470_ca766338d083 data-src=\"https:\/\/widgets.bokun.io\/online-sales\/a1e93e96-5232-4734-a595-28405f4b5a31\/experience-calendar\/768078?partialView=1\" data-testid=\"widget-book-button\" > Book now <\/button> ","what_you\u2019ll_experience_during_the_game":"Egy izgalmas detekt\u00edvt\u00f6rt\u00e9netbe cs\u00f6ppen Fira v\u00e1ros\u00e1ban, ahol minden d\u00f6nt\u00e9s m\u00e9lyebbre visz egy sz\u00f6vev\u00e9nyes gyilkoss\u00e1gi nyomoz\u00e1sban. Ahogy a v\u00e1ros utc\u00e1in k\u00f6veti a nyomokat, a rejt\u00e9ly lassan kibontakozik \u00d6n k\u00f6r\u00fcl. Rejtett nyomokat fedez fel, \u00f6sszetett fejt\u00f6r\u0151ket old meg, \u00e9s v\u00e1ratlan fordulatokkal szembes\u00fcl, amelyek pr\u00f3b\u00e1ra teszik \u00f6szt\u00f6neit. Minden l\u00e9p\u00e9s k\u00f6zelebb visz az igazs\u00e1ghoz, arra k\u00e9sztetve, hogy megk\u00e9rd\u0151jelezze, amit l\u00e1t, \u00e9s akiben megb\u00edzik.\r\n\r\nKihallgat digit\u00e1lis gyan\u00fas\u00edtottakat, keresztre k\u00e9rdezi az alibiket \u00e9s olyan ellentmond\u00e1sokat \u00e9szlel, amelyeket m\u00e1sok tal\u00e1n figyelmen k\u00edv\u00fcl hagyn\u00e1nak. Az eg\u00e9sz \u00e9lm\u00e9ny szorosan t\u00f6rt\u00e9netk\u00f6zpont\u00fa, \u00e9les megfigyel\u0151k\u00e9pess\u00e9get, logikus dedukci\u00f3t \u00e9s kritikus gondolkod\u00e1st ig\u00e9nyel. V\u00e1laszt\u00e1sai alak\u00edtj\u00e1k az \u00fcgy temp\u00f3j\u00e1t, \u00e9s b\u00e1rmikor sz\u00fcneteltetheti vagy folytathatja. Ha csapatban dolgozik, ak\u00e1r versenyezhet is m\u00e1sokkal, hogy \u00d6n\u00f6k fejts\u00e9k meg el\u0151sz\u00f6r az \u00fcgyet. Mindezek k\u00f6z\u00e9ppontj\u00e1ban a Liberty Fesztiv\u00e1l alatt t\u00f6rt\u00e9nt gyilkoss\u00e1g \u00e1ll, \u00e9s csak alapos nyomoz\u00e1ssal der\u00edtheti ki, mi is t\u00f6rt\u00e9nt val\u00f3j\u00e1ban.","how_to_play":"","start_location":"Santorini, Fira Theotokopoulos Main Square","available_languages":["en","es","fr","de","it","nl"],"players_per_group":"1-4","duration":"1.5-2 hours","image_overlay_color_image":"https:\/\/testwebsite.citygame.com\/wp-content\/blogs.dir\/1\/files\/sites\/62\/2026\/01\/SherlockColor.svg","image_overlay_game_logo":"https:\/\/testwebsite.citygame.com\/wp-content\/blogs.dir\/1\/files\/sites\/62\/2026\/01\/SherlockLogo.png","city_page":11662,"woocommerce_general_content":null},"yoast_head":"<!-- This site is optimized with the Yoast SEO Premium plugin v26.2 (Yoast SEO v26.3) - https:\/\/yoast.com\/wordpress\/plugins\/seo\/ -->\n<title>Sherlock Holmes Fira - City Game<\/title>\n<meta name=\"description\" content=\"Sherlock Holmes Fira. J\u00e1tsszon egy \u00f6nvezet\u0151 gyilkoss\u00e1gi rejt\u00e9ly City Game-et, oldjon meg rejtv\u00e9nyeket, k\u00f6vessen nyomokat \u00e9s fedezze fel a gyilkost a saj\u00e1t temp\u00f3j\u00e1ban!\" \/>\n<meta name=\"robots\" content=\"noindex, follow, max-snippet:-1, max-image-preview:large, max-video-preview:-1\" \/>\n<meta property=\"og:locale\" content=\"hu_HU\" \/>\n<meta property=\"og:type\" content=\"article\" \/>\n<meta property=\"og:title\" content=\"Sherlock Holmes Fira\" \/>\n<meta property=\"og:description\" content=\"Sherlock Holmes Fira. J\u00e1tsszon egy \u00f6nvezet\u0151 gyilkoss\u00e1gi rejt\u00e9ly City Game-et, oldjon meg rejtv\u00e9nyeket, k\u00f6vessen nyomokat \u00e9s fedezze fel a gyilkost a saj\u00e1t temp\u00f3j\u00e1ban!\" \/>\n<meta property=\"og:url\" content=\"https:\/\/testwebsite.citygame.com\/hu\/games\/fira\/sherlock-holmes-fira\/\" \/>\n<meta property=\"og:site_name\" content=\"City Game\" \/>\n<meta property=\"article:publisher\" content=\"https:\/\/www.facebook.com\/profile.php?id=100086426226253\" \/>\n<meta property=\"article:modified_time\" content=\"2026-04-07T19:25:58+00:00\" \/>\n<meta property=\"og:image\" content=\"https:\/\/testwebsite.citygame.com\/wp-content\/blogs.dir\/1\/files\/sites\/62\/2026\/02\/fira-greece-players-looking-at-smartphone.jpg\" \/>\n\t<meta property=\"og:image:width\" content=\"1024\" \/>\n\t<meta property=\"og:image:height\" content=\"1024\" \/>\n\t<meta property=\"og:image:type\" content=\"image\/jpeg\" \/>\n<meta name=\"twitter:card\" content=\"summary_large_image\" \/>\n<meta name=\"twitter:label1\" content=\"Becs\u00fclt olvas\u00e1si id\u0151\" \/>\n\t<meta name=\"twitter:data1\" content=\"1 perc\" \/>\n<script type=\"application\/ld+json\" class=\"yoast-schema-graph\">{\"@context\":\"https:\/\/schema.org\",\"@graph\":[{\"@type\":\"WebPage\",\"@id\":\"https:\/\/testwebsite.citygame.com\/hu\/games\/fira\/sherlock-holmes-fira\/\",\"url\":\"https:\/\/testwebsite.citygame.com\/hu\/games\/fira\/sherlock-holmes-fira\/\",\"name\":\"Sherlock Holmes Fira - City Game\",\"isPartOf\":{\"@id\":\"https:\/\/testwebsite.upevents.nl\/#website\"},\"primaryImageOfPage\":{\"@id\":\"https:\/\/testwebsite.citygame.com\/hu\/games\/fira\/sherlock-holmes-fira\/#primaryimage\"},\"image\":{\"@id\":\"https:\/\/testwebsite.citygame.com\/hu\/games\/fira\/sherlock-holmes-fira\/#primaryimage\"},\"thumbnailUrl\":\"https:\/\/testwebsite.citygame.com\/wp-content\/blogs.dir\/1\/files\/sites\/62\/2026\/02\/fira-greece-players-looking-at-smartphone.jpg\",\"datePublished\":\"2026-02-09T09:51:26+00:00\",\"dateModified\":\"2026-04-07T19:25:58+00:00\",\"description\":\"Sherlock Holmes Fira. J\u00e1tsszon egy \u00f6nvezet\u0151 gyilkoss\u00e1gi rejt\u00e9ly City Game-et, oldjon meg rejtv\u00e9nyeket, k\u00f6vessen nyomokat \u00e9s fedezze fel a gyilkost a saj\u00e1t temp\u00f3j\u00e1ban!\",\"breadcrumb\":{\"@id\":\"https:\/\/testwebsite.citygame.com\/hu\/games\/fira\/sherlock-holmes-fira\/#breadcrumb\"},\"inLanguage\":\"hu\",\"potentialAction\":[{\"@type\":\"ReadAction\",\"target\":[\"https:\/\/testwebsite.citygame.com\/hu\/games\/fira\/sherlock-holmes-fira\/\"]}]},{\"@type\":\"ImageObject\",\"inLanguage\":\"hu\",\"@id\":\"https:\/\/testwebsite.citygame.com\/hu\/games\/fira\/sherlock-holmes-fira\/#primaryimage\",\"url\":\"https:\/\/testwebsite.citygame.com\/wp-content\/blogs.dir\/1\/files\/sites\/62\/2026\/02\/fira-greece-players-looking-at-smartphone.jpg\",\"contentUrl\":\"https:\/\/testwebsite.citygame.com\/wp-content\/blogs.dir\/1\/files\/sites\/62\/2026\/02\/fira-greece-players-looking-at-smartphone.jpg\",\"width\":1024,\"height\":1024,\"caption\":\"A group of friends gathers around a smartphone to solve a puzzle in Fira, Greece.\"},{\"@type\":\"BreadcrumbList\",\"@id\":\"https:\/\/testwebsite.citygame.com\/hu\/games\/fira\/sherlock-holmes-fira\/#breadcrumb\",\"itemListElement\":[{\"@type\":\"ListItem\",\"position\":1,\"name\":\"Home\",\"item\":\"https:\/\/testwebsite.citygame.com\/hu\/\"},{\"@type\":\"ListItem\",\"position\":2,\"name\":\"Shop\",\"item\":\"https:\/\/testwebsite.citygame.com\/shop\/\"},{\"@type\":\"ListItem\",\"position\":3,\"name\":\"Sherlock Holmes Fira\"}]},{\"@type\":\"WebSite\",\"@id\":\"https:\/\/testwebsite.upevents.nl\/#website\",\"url\":\"https:\/\/testwebsite.upevents.nl\/\",\"name\":\"City Game\",\"description\":\"\",\"publisher\":{\"@id\":\"https:\/\/testwebsite.upevents.nl\/#organization\"},\"alternateName\":\"citygame.com\",\"potentialAction\":[{\"@type\":\"SearchAction\",\"target\":{\"@type\":\"EntryPoint\",\"urlTemplate\":\"https:\/\/testwebsite.upevents.nl\/?s={search_term_string}\"},\"query-input\":{\"@type\":\"PropertyValueSpecification\",\"valueRequired\":true,\"valueName\":\"search_term_string\"}}],\"inLanguage\":\"hu\"},{\"@type\":[\"Organization\",\"Place\"],\"@id\":\"https:\/\/testwebsite.upevents.nl\/#organization\",\"name\":\"City Game\",\"alternateName\":\"citygame.com\",\"url\":\"https:\/\/testwebsite.upevents.nl\/\",\"logo\":{\"@id\":\"https:\/\/testwebsite.citygame.com\/hu\/games\/fira\/sherlock-holmes-fira\/#local-main-organization-logo\"},\"image\":{\"@id\":\"https:\/\/testwebsite.citygame.com\/hu\/games\/fira\/sherlock-holmes-fira\/#local-main-organization-logo\"},\"sameAs\":[\"https:\/\/www.facebook.com\/profile.php?id=100086426226253\",\"https:\/\/www.instagram.com\/citygame_com\",\"https:\/\/www.tiktok.com\/@citygamecom\/\",\"https:\/\/www.linkedin.com\/company\/citygame-com\"],\"description\":\"Turn any city into a playground with our interactive City Games and self-guided tours. Fun, flexible, and ideal for groups and team building.\",\"telephone\":[],\"openingHoursSpecification\":[{\"@type\":\"OpeningHoursSpecification\",\"dayOfWeek\":[\"Monday\",\"Tuesday\",\"Wednesday\",\"Thursday\",\"Friday\",\"Saturday\",\"Sunday\"],\"opens\":\"09:00\",\"closes\":\"17:00\"}]},{\"@type\":\"ImageObject\",\"inLanguage\":\"hu\",\"@id\":\"https:\/\/testwebsite.citygame.com\/hu\/games\/fira\/sherlock-holmes-fira\/#local-main-organization-logo\",\"url\":\"https:\/\/testwebsite.citygame.com\/wp-content\/blogs.dir\/1\/files\/sites\/62\/2025\/10\/CG_LOGO-City-Game.png\",\"contentUrl\":\"https:\/\/testwebsite.citygame.com\/wp-content\/blogs.dir\/1\/files\/sites\/62\/2025\/10\/CG_LOGO-City-Game.png\",\"width\":351,\"height\":377,\"caption\":\"City Game\"}]}<\/script>\n<!-- \/ Yoast SEO Premium plugin. -->","yoast_head_json":{"title":"Sherlock Holmes Fira - City Game","description":"Sherlock Holmes Fira. J\u00e1tsszon egy \u00f6nvezet\u0151 gyilkoss\u00e1gi rejt\u00e9ly City Game-et, oldjon meg rejtv\u00e9nyeket, k\u00f6vessen nyomokat \u00e9s fedezze fel a gyilkost a saj\u00e1t temp\u00f3j\u00e1ban!","robots":{"index":"noindex","follow":"follow","max-snippet":"max-snippet:-1","max-image-preview":"max-image-preview:large","max-video-preview":"max-video-preview:-1"},"og_locale":"hu_HU","og_type":"article","og_title":"Sherlock Holmes Fira","og_description":"Sherlock Holmes Fira. J\u00e1tsszon egy \u00f6nvezet\u0151 gyilkoss\u00e1gi rejt\u00e9ly City Game-et, oldjon meg rejtv\u00e9nyeket, k\u00f6vessen nyomokat \u00e9s fedezze fel a gyilkost a saj\u00e1t temp\u00f3j\u00e1ban!","og_url":"https:\/\/testwebsite.citygame.com\/hu\/games\/fira\/sherlock-holmes-fira\/","og_site_name":"City Game","article_publisher":"https:\/\/www.facebook.com\/profile.php?id=100086426226253","article_modified_time":"2026-04-07T19:25:58+00:00","og_image":[{"width":1024,"height":1024,"url":"https:\/\/testwebsite.citygame.com\/wp-content\/blogs.dir\/1\/files\/sites\/62\/2026\/02\/fira-greece-players-looking-at-smartphone.jpg","type":"image\/jpeg"}],"twitter_card":"summary_large_image","twitter_misc":{"Becs\u00fclt olvas\u00e1si id\u0151":"1 perc"},"schema":{"@context":"https:\/\/schema.org","@graph":[{"@type":"WebPage","@id":"https:\/\/testwebsite.citygame.com\/hu\/games\/fira\/sherlock-holmes-fira\/","url":"https:\/\/testwebsite.citygame.com\/hu\/games\/fira\/sherlock-holmes-fira\/","name":"Sherlock Holmes Fira - City Game","isPartOf":{"@id":"https:\/\/testwebsite.upevents.nl\/#website"},"primaryImageOfPage":{"@id":"https:\/\/testwebsite.citygame.com\/hu\/games\/fira\/sherlock-holmes-fira\/#primaryimage"},"image":{"@id":"https:\/\/testwebsite.citygame.com\/hu\/games\/fira\/sherlock-holmes-fira\/#primaryimage"},"thumbnailUrl":"https:\/\/testwebsite.citygame.com\/wp-content\/blogs.dir\/1\/files\/sites\/62\/2026\/02\/fira-greece-players-looking-at-smartphone.jpg","datePublished":"2026-02-09T09:51:26+00:00","dateModified":"2026-04-07T19:25:58+00:00","description":"Sherlock Holmes Fira. J\u00e1tsszon egy \u00f6nvezet\u0151 gyilkoss\u00e1gi rejt\u00e9ly City Game-et, oldjon meg rejtv\u00e9nyeket, k\u00f6vessen nyomokat \u00e9s fedezze fel a gyilkost a saj\u00e1t temp\u00f3j\u00e1ban!","breadcrumb":{"@id":"https:\/\/testwebsite.citygame.com\/hu\/games\/fira\/sherlock-holmes-fira\/#breadcrumb"},"inLanguage":"hu","potentialAction":[{"@type":"ReadAction","target":["https:\/\/testwebsite.citygame.com\/hu\/games\/fira\/sherlock-holmes-fira\/"]}]},{"@type":"ImageObject","inLanguage":"hu","@id":"https:\/\/testwebsite.citygame.com\/hu\/games\/fira\/sherlock-holmes-fira\/#primaryimage","url":"https:\/\/testwebsite.citygame.com\/wp-content\/blogs.dir\/1\/files\/sites\/62\/2026\/02\/fira-greece-players-looking-at-smartphone.jpg","contentUrl":"https:\/\/testwebsite.citygame.com\/wp-content\/blogs.dir\/1\/files\/sites\/62\/2026\/02\/fira-greece-players-looking-at-smartphone.jpg","width":1024,"height":1024,"caption":"A group of friends gathers around a smartphone to solve a puzzle in Fira, Greece."},{"@type":"BreadcrumbList","@id":"https:\/\/testwebsite.citygame.com\/hu\/games\/fira\/sherlock-holmes-fira\/#breadcrumb","itemListElement":[{"@type":"ListItem","position":1,"name":"Home","item":"https:\/\/testwebsite.citygame.com\/hu\/"},{"@type":"ListItem","position":2,"name":"Shop","item":"https:\/\/testwebsite.citygame.com\/shop\/"},{"@type":"ListItem","position":3,"name":"Sherlock Holmes Fira"}]},{"@type":"WebSite","@id":"https:\/\/testwebsite.upevents.nl\/#website","url":"https:\/\/testwebsite.upevents.nl\/","name":"City Game","description":"","publisher":{"@id":"https:\/\/testwebsite.upevents.nl\/#organization"},"alternateName":"citygame.com","potentialAction":[{"@type":"SearchAction","target":{"@type":"EntryPoint","urlTemplate":"https:\/\/testwebsite.upevents.nl\/?s={search_term_string}"},"query-input":{"@type":"PropertyValueSpecification","valueRequired":true,"valueName":"search_term_string"}}],"inLanguage":"hu"},{"@type":["Organization","Place"],"@id":"https:\/\/testwebsite.upevents.nl\/#organization","name":"City Game","alternateName":"citygame.com","url":"https:\/\/testwebsite.upevents.nl\/","logo":{"@id":"https:\/\/testwebsite.citygame.com\/hu\/games\/fira\/sherlock-holmes-fira\/#local-main-organization-logo"},"image":{"@id":"https:\/\/testwebsite.citygame.com\/hu\/games\/fira\/sherlock-holmes-fira\/#local-main-organization-logo"},"sameAs":["https:\/\/www.facebook.com\/profile.php?id=100086426226253","https:\/\/www.instagram.com\/citygame_com","https:\/\/www.tiktok.com\/@citygamecom\/","https:\/\/www.linkedin.com\/company\/citygame-com"],"description":"Turn any city into a playground with our interactive City Games and self-guided tours. Fun, flexible, and ideal for groups and team building.","telephone":[],"openingHoursSpecification":[{"@type":"OpeningHoursSpecification","dayOfWeek":["Monday","Tuesday","Wednesday","Thursday","Friday","Saturday","Sunday"],"opens":"09:00","closes":"17:00"}]},{"@type":"ImageObject","inLanguage":"hu","@id":"https:\/\/testwebsite.citygame.com\/hu\/games\/fira\/sherlock-holmes-fira\/#local-main-organization-logo","url":"https:\/\/testwebsite.citygame.com\/wp-content\/blogs.dir\/1\/files\/sites\/62\/2025\/10\/CG_LOGO-City-Game.png","contentUrl":"https:\/\/testwebsite.citygame.com\/wp-content\/blogs.dir\/1\/files\/sites\/62\/2025\/10\/CG_LOGO-City-Game.png","width":351,"height":377,"caption":"City Game"}]}},"taxonomy_info":{"game-concept":[{"value":776,"label":"Sherlock"}],"location":[{"value":517,"label":"Fira"}],"product_cat":[{"value":27,"label":"Geen categorie"}]},"featured_image_src_large":["https:\/\/testwebsite.citygame.com\/wp-content\/blogs.dir\/1\/files\/sites\/62\/2026\/02\/fira-greece-players-looking-at-smartphone.jpg",1024,1024,false],"author_info":[],"comment_info":"","_links":{"self":[{"href":"https:\/\/testwebsite.citygame.com\/hu\/wp-json\/wp\/v2\/product\/54700","targetHints":{"allow":["GET"]}}],"collection":[{"href":"https:\/\/testwebsite.citygame.com\/hu\/wp-json\/wp\/v2\/product"}],"about":[{"href":"https:\/\/testwebsite.citygame.com\/hu\/wp-json\/wp\/v2\/types\/product"}],"acf:post":[{"embeddable":true,"href":"https:\/\/testwebsite.citygame.com\/hu\/wp-json\/wp\/v2\/pages\/11662"}],"wp:featuredmedia":[{"embeddable":true,"href":"https:\/\/testwebsite.citygame.com\/hu\/wp-json\/wp\/v2\/media\/11674"}],"wp:attachment":[{"href":"https:\/\/testwebsite.citygame.com\/hu\/wp-json\/wp\/v2\/media?parent=54700"}],"wp:term":[{"taxonomy":"game-concept","embeddable":true,"href":"https:\/\/testwebsite.citygame.com\/hu\/wp-json\/wp\/v2\/game-concept?post=54700"},{"taxonomy":"location","embeddable":true,"href":"https:\/\/testwebsite.citygame.com\/hu\/wp-json\/wp\/v2\/location?post=54700"},{"taxonomy":"product_brand","embeddable":true,"href":"https:\/\/testwebsite.citygame.com\/hu\/wp-json\/wp\/v2\/product_brand?post=54700"},{"taxonomy":"product_cat","embeddable":true,"href":"https:\/\/testwebsite.citygame.com\/hu\/wp-json\/wp\/v2\/product_cat?post=54700"},{"taxonomy":"product_tag","embeddable":true,"href":"https:\/\/testwebsite.citygame.com\/hu\/wp-json\/wp\/v2\/product_tag?post=54700"}],"curies":[{"name":"wp","href":"https:\/\/api.w.org\/{rel}","templated":true}]}}