{"id":54541,"date":"2026-02-13T12:11:41","date_gmt":"2026-02-13T12:11:41","guid":{"rendered":"https:\/\/testwebsite.citygame.com\/games\/unknown-location\/the-alkmaar-syndicate\/"},"modified":"2026-04-07T19:07:12","modified_gmt":"2026-04-07T19:07:12","slug":"the-alkmaar-syndicate","status":"publish","type":"product","link":"https:\/\/testwebsite.citygame.com\/hu\/games\/alkmaar\/the-alkmaar-syndicate\/","title":{"rendered":"The Alkmaar Syndicate"},"content":{"rendered":"<p>Ez az \u00f6nvezet\u0151 City Escape Game Alkmaar t\u00f6rt\u00e9nelmi v\u00e1rosk\u00f6zpontj\u00e1ban j\u00e1tsz\u00f3dik. Csapatk\u00e9nt a j\u00e1t\u00e9kosok egy\u00fctt dolgoznak, hogy felkutass\u00e1k a megfoghatatlan Magnust, \u00e9s visszaszerezz\u00e9k a hat ellopott formul\u00e1t rejtv\u00e9nyek megold\u00e1s\u00e1val, feladatok teljes\u00edt\u00e9s\u00e9vel \u00e9s kih\u00edv\u00e1sok lek\u00fczd\u00e9s\u00e9vel. Az er\u0151s t\u00f6rt\u00e9netmes\u00e9l\u00e9sre, csapatmunk\u00e1ra \u00e9s l\u00e9p\u00e9sr\u0151l l\u00e9p\u00e9sre halad\u00f3 k\u00fcldet\u00e9sre f\u00f3kusz\u00e1lva ez az alkmaari City Game mag\u00e1val ragad\u00f3 \u00e9s leny\u0171g\u00f6z\u0151 \u00f6nvezet\u0151 v\u00e1rosi j\u00e1t\u00e9k\u00e9lm\u00e9nyt k\u00edn\u00e1l.<\/p>\n","protected":false},"excerpt":{"rendered":"<p>Mer\u00fclj el a sz\u00edvver\u00e9st gyors\u00edt\u00f3 Alkmaar Syndicate City Escape Game akci\u00f3j\u00e1ban, egy \u00f6nvezet\u0151 kalandban Alkmaar t\u00f6rt\u00e9nelmi utc\u00e1in. Fejtsd meg a rejtv\u00e9nyekben rejl\u0151 titkokat, v\u00e1gj bele izgalmas kih\u00edv\u00e1sokba csapatoddal, \u00e9s versenyezz az id\u0151vel az igazs\u00e1g felt\u00e1r\u00e1s\u00e1\u00e9rt &#8211; a k\u00fcldet\u00e9sed v\u00e1r!<\/p>\n","protected":false},"featured_media":13497,"template":"","meta":{"_acf_changed":false,"_yoast_wpseo_focuskw":"The Alkmaar Syndicate","_yoast_wpseo_metadesc":"The Alkmaar Syndicate. J\u00e1tssz egy \u00f6nvezet\u0151 City Escape Game-et, oldj meg rejtv\u00e9nyeket, teljes\u00edts k\u00fcldet\u00e9seket \u00e9s szerezd vissza az ellopott formul\u00e1kat a saj\u00e1t temp\u00f3dban!","_kad_blocks_custom_css":"","_kad_blocks_head_custom_js":"","_kad_blocks_body_custom_js":"","_kad_blocks_footer_custom_js":"","ghostkit_customizer_options":"","ghostkit_custom_css":"","ghostkit_custom_js_head":"","ghostkit_custom_js_foot":"","ghostkit_typography":"","_kad_post_transparent":"","_kad_post_title":"","_kad_post_layout":"","_kad_post_sidebar_id":"","_kad_post_content_style":"","_kad_post_vertical_padding":"","_kad_post_feature":"","_kad_post_feature_position":"","_kad_post_header":false,"_kad_post_footer":false,"_kad_post_classname":"","_links_to":"","_links_to_target":""},"game-concept":[745],"location":[62],"product_brand":[],"product_cat":[27],"product_tag":[],"class_list":{"0":"post-54541","1":"product","2":"type-product","3":"status-publish","4":"has-post-thumbnail","6":"game-concept-syndicate","7":"location-alkmaar","8":"product_cat-geen-categorie","10":"first","11":"instock","12":"shipping-taxable","13":"purchasable","14":"product-type-simple","15":"entry","16":"content-bg","17":"loop-entry"},"acf":{"full_bokun_product_name":"Self-Guided The Alkmaar Syndicate City Escape Game","location_name":"Alkmaar","bokun_calendar_widget_code":"<script type=\"text\/javascript\" src=\"https:\/\/widgets.bokun.io\/assets\/javascripts\/apps\/build\/BokunWidgetsLoader.js?bookingChannelUUID=a1e93e96-5232-4734-a595-28405f4b5a31\" async><\/script>\n     \n    <div class=\"bokunWidget\" data-src=\"https:\/\/widgets.bokun.io\/online-sales\/a1e93e96-5232-4734-a595-28405f4b5a31\/experience-calendar\/758359\"><\/div>\n    <noscript>Please enable javascript in your browser to book<\/noscript>","bokun_button_widget_code":"<script type=\"text\/javascript\" src=\"https:\/\/widgets.bokun.io\/assets\/javascripts\/apps\/build\/BokunWidgetsLoader.js?bookingChannelUUID=a1e93e96-5232-4734-a595-28405f4b5a31\" async><\/script>\n      <style> #bokun_ed001e45_5927_4f62_b470_ca766338d083 { display: inline-block; padding: .4em 1em; background: #47b82e; border-radius: 999999px; box-shadow: none; font-weight: 600; font-size: 24px; text-decoration: none; text-align: center; color: #FFFFFF; border:none; cursor: pointer; transition: background .2s ease; } #bokun_ed001e45_5927_4f62_b470_ca766338d083:hover{ background: #2f7b1f; } #bokun_ed001e45_5927_4f62_b470_ca766338d083:active{ background: #378f24; } <\/style> <button class=\"bokunButton\" disabled id=bokun_ed001e45_5927_4f62_b470_ca766338d083 data-src=\"https:\/\/widgets.bokun.io\/online-sales\/a1e93e96-5232-4734-a595-28405f4b5a31\/experience-calendar\/758359?partialView=1\" data-testid=\"widget-book-button\" > Book now <\/button> ","what_you\u2019ll_experience_during_the_game":"A *The Alkmaar Syndicate* j\u00e1t\u00e9kban t\u00e9ged \u00e9s csapatodat egy nagy t\u00e9tekkel j\u00e1r\u00f3 menek\u00fcl\u00e9si k\u00fcldet\u00e9sbe sodorj\u00e1k, amely Alkmaar sz\u00edv\u00e9ben zajlik. Minden d\u00f6nt\u00e9s sz\u00e1m\u00edt, mik\u00f6zben l\u00e9p\u00e9sr\u0151l l\u00e9p\u00e9sre navig\u00e1ltok a v\u00e1rosban, titokzatos nyomokat fedeztek fel \u00e9s kibontakoz\u00f3 t\u00f6rt\u00e9neti esem\u00e9nyeket k\u00f6vettek. A c\u00e9lotok: felkutatni egy Magnus n\u00e9ven ismert sz\u00f6kev\u00e9ny \u00fcgyn\u00f6k\u00f6t, \u00e9s visszaszerezni hat ellopott formul\u00e1t, miel\u0151tt azok v\u00e9gleg elt\u0171nnek.\n\nA k\u00fcldet\u00e9s teljes m\u00e9rt\u00e9kben t\u00f6rt\u00e9netvez\u00e9relt, dinamikus kih\u00edv\u00e1sok kever\u00e9k\u00e9vel, bele\u00e9rtve rejtv\u00e9nyeket, logikai alap\u00fa k\u00f3dokat \u00e9s egy\u00fcttm\u0171k\u00f6d\u00e9st ig\u00e9nyl\u0151 feladatokat, amelyek \u00e9les gondolkod\u00e1st \u00e9s hat\u00e9kony kommunik\u00e1ci\u00f3t k\u00f6vetelnek. A strat\u00e9giai d\u00f6nt\u00e9sek alak\u00edtj\u00e1k a m\u0171velet lefoly\u00e1s\u00e1t, \u00edgy a csapatmunka minden szakaszban elengedhetetlen. Maga a v\u00e1ros v\u00e1lik az akci\u00f3 h\u00e1tter\u00e9v\u00e9, ahol minden \u00faj helysz\u00edn a narrat\u00edva egy m\u00e9lyebb r\u00e9teg\u00e9t t\u00e1rja fel. Sz\u00fcneteltetheted \u00e9s folytathatod az \u00e9lm\u00e9nyt a saj\u00e1t temp\u00f3dban, lehet\u0151v\u00e9 t\u00e9ve a csapatodnak, hogy a legfontosabb pillanatokban a f\u00f3kuszban maradjon.","how_to_play":"Foglald le a City Game-et, ellen\u0151rizd az utas\u00edt\u00e1sokat tartalmaz\u00f3 e-mailt, t\u00f6ltsd le a Loquiz App alkalmaz\u00e1st \u00e9s kezdd meg a j\u00e1t\u00e9k\u00e9lm\u00e9nyt!","start_location":"Alkmaar, Canada Plein","available_languages":["en","nl"],"players_per_group":"1-4","duration":"1.5-2 hours","image_overlay_color_image":"https:\/\/testwebsite.citygame.com\/wp-content\/blogs.dir\/1\/files\/sites\/62\/2026\/01\/SyndicateColor.svg","image_overlay_game_logo":"https:\/\/testwebsite.citygame.com\/wp-content\/blogs.dir\/1\/files\/sites\/62\/2026\/01\/SyndicateLogo.png","city_page":4546,"woocommerce_general_content":null},"yoast_head":"<!-- This site is optimized with the Yoast SEO Premium plugin v26.2 (Yoast SEO v26.3) - https:\/\/yoast.com\/wordpress\/plugins\/seo\/ -->\n<title>The Alkmaar Syndicate - City Game<\/title>\n<meta name=\"description\" content=\"The Alkmaar Syndicate. J\u00e1tssz egy \u00f6nvezet\u0151 City Escape Game-et, oldj meg rejtv\u00e9nyeket, teljes\u00edts k\u00fcldet\u00e9seket \u00e9s szerezd vissza az ellopott formul\u00e1kat a saj\u00e1t temp\u00f3dban!\" \/>\n<meta name=\"robots\" content=\"noindex, follow, max-snippet:-1, max-image-preview:large, max-video-preview:-1\" \/>\n<meta property=\"og:locale\" content=\"hu_HU\" \/>\n<meta property=\"og:type\" content=\"article\" \/>\n<meta property=\"og:title\" content=\"The Alkmaar Syndicate\" \/>\n<meta property=\"og:description\" content=\"The Alkmaar Syndicate. J\u00e1tssz egy \u00f6nvezet\u0151 City Escape Game-et, oldj meg rejtv\u00e9nyeket, teljes\u00edts k\u00fcldet\u00e9seket \u00e9s szerezd vissza az ellopott formul\u00e1kat a saj\u00e1t temp\u00f3dban!\" \/>\n<meta property=\"og:url\" content=\"https:\/\/testwebsite.citygame.com\/hu\/games\/alkmaar\/the-alkmaar-syndicate\/\" \/>\n<meta property=\"og:site_name\" content=\"City Game\" \/>\n<meta property=\"article:publisher\" content=\"https:\/\/www.facebook.com\/profile.php?id=100086426226253\" \/>\n<meta property=\"article:modified_time\" content=\"2026-04-07T19:07:12+00:00\" \/>\n<meta property=\"og:image\" content=\"https:\/\/testwebsite.citygame.com\/wp-content\/blogs.dir\/1\/files\/sites\/62\/2026\/02\/woman-playing-city-game-in-a-square-in-alkmaar.jpg\" \/>\n\t<meta property=\"og:image:width\" content=\"1024\" \/>\n\t<meta property=\"og:image:height\" content=\"1024\" \/>\n\t<meta property=\"og:image:type\" content=\"image\/jpeg\" \/>\n<meta name=\"twitter:card\" content=\"summary_large_image\" \/>\n<meta name=\"twitter:label1\" content=\"Becs\u00fclt olvas\u00e1si id\u0151\" \/>\n\t<meta name=\"twitter:data1\" content=\"1 perc\" \/>\n<script type=\"application\/ld+json\" class=\"yoast-schema-graph\">{\"@context\":\"https:\/\/schema.org\",\"@graph\":[{\"@type\":\"WebPage\",\"@id\":\"https:\/\/testwebsite.citygame.com\/hu\/games\/alkmaar\/the-alkmaar-syndicate\/\",\"url\":\"https:\/\/testwebsite.citygame.com\/hu\/games\/alkmaar\/the-alkmaar-syndicate\/\",\"name\":\"The Alkmaar Syndicate - City Game\",\"isPartOf\":{\"@id\":\"https:\/\/testwebsite.upevents.nl\/#website\"},\"primaryImageOfPage\":{\"@id\":\"https:\/\/testwebsite.citygame.com\/hu\/games\/alkmaar\/the-alkmaar-syndicate\/#primaryimage\"},\"image\":{\"@id\":\"https:\/\/testwebsite.citygame.com\/hu\/games\/alkmaar\/the-alkmaar-syndicate\/#primaryimage\"},\"thumbnailUrl\":\"https:\/\/testwebsite.citygame.com\/wp-content\/blogs.dir\/1\/files\/sites\/62\/2026\/02\/woman-playing-city-game-in-a-square-in-alkmaar.jpg\",\"datePublished\":\"2026-02-13T12:11:41+00:00\",\"dateModified\":\"2026-04-07T19:07:12+00:00\",\"description\":\"The Alkmaar Syndicate. J\u00e1tssz egy \u00f6nvezet\u0151 City Escape Game-et, oldj meg rejtv\u00e9nyeket, teljes\u00edts k\u00fcldet\u00e9seket \u00e9s szerezd vissza az ellopott formul\u00e1kat a saj\u00e1t temp\u00f3dban!\",\"breadcrumb\":{\"@id\":\"https:\/\/testwebsite.citygame.com\/hu\/games\/alkmaar\/the-alkmaar-syndicate\/#breadcrumb\"},\"inLanguage\":\"hu\",\"potentialAction\":[{\"@type\":\"ReadAction\",\"target\":[\"https:\/\/testwebsite.citygame.com\/hu\/games\/alkmaar\/the-alkmaar-syndicate\/\"]}]},{\"@type\":\"ImageObject\",\"inLanguage\":\"hu\",\"@id\":\"https:\/\/testwebsite.citygame.com\/hu\/games\/alkmaar\/the-alkmaar-syndicate\/#primaryimage\",\"url\":\"https:\/\/testwebsite.citygame.com\/wp-content\/blogs.dir\/1\/files\/sites\/62\/2026\/02\/woman-playing-city-game-in-a-square-in-alkmaar.jpg\",\"contentUrl\":\"https:\/\/testwebsite.citygame.com\/wp-content\/blogs.dir\/1\/files\/sites\/62\/2026\/02\/woman-playing-city-game-in-a-square-in-alkmaar.jpg\",\"width\":1024,\"height\":1024,\"caption\":\"A person holds a smartphone displaying a city game app while standing in a square in Alkmaar.\"},{\"@type\":\"BreadcrumbList\",\"@id\":\"https:\/\/testwebsite.citygame.com\/hu\/games\/alkmaar\/the-alkmaar-syndicate\/#breadcrumb\",\"itemListElement\":[{\"@type\":\"ListItem\",\"position\":1,\"name\":\"Home\",\"item\":\"https:\/\/testwebsite.citygame.com\/hu\/\"},{\"@type\":\"ListItem\",\"position\":2,\"name\":\"Shop\",\"item\":\"https:\/\/testwebsite.citygame.com\/shop\/\"},{\"@type\":\"ListItem\",\"position\":3,\"name\":\"The Alkmaar Syndicate\"}]},{\"@type\":\"WebSite\",\"@id\":\"https:\/\/testwebsite.upevents.nl\/#website\",\"url\":\"https:\/\/testwebsite.upevents.nl\/\",\"name\":\"City Game\",\"description\":\"\",\"publisher\":{\"@id\":\"https:\/\/testwebsite.upevents.nl\/#organization\"},\"alternateName\":\"citygame.com\",\"potentialAction\":[{\"@type\":\"SearchAction\",\"target\":{\"@type\":\"EntryPoint\",\"urlTemplate\":\"https:\/\/testwebsite.upevents.nl\/?s={search_term_string}\"},\"query-input\":{\"@type\":\"PropertyValueSpecification\",\"valueRequired\":true,\"valueName\":\"search_term_string\"}}],\"inLanguage\":\"hu\"},{\"@type\":[\"Organization\",\"Place\"],\"@id\":\"https:\/\/testwebsite.upevents.nl\/#organization\",\"name\":\"City Game\",\"alternateName\":\"citygame.com\",\"url\":\"https:\/\/testwebsite.upevents.nl\/\",\"logo\":{\"@id\":\"https:\/\/testwebsite.citygame.com\/hu\/games\/alkmaar\/the-alkmaar-syndicate\/#local-main-organization-logo\"},\"image\":{\"@id\":\"https:\/\/testwebsite.citygame.com\/hu\/games\/alkmaar\/the-alkmaar-syndicate\/#local-main-organization-logo\"},\"sameAs\":[\"https:\/\/www.facebook.com\/profile.php?id=100086426226253\",\"https:\/\/www.instagram.com\/citygame_com\",\"https:\/\/www.tiktok.com\/@citygamecom\/\",\"https:\/\/www.linkedin.com\/company\/citygame-com\"],\"description\":\"Turn any city into a playground with our interactive City Games and self-guided tours. Fun, flexible, and ideal for groups and team building.\",\"telephone\":[],\"openingHoursSpecification\":[{\"@type\":\"OpeningHoursSpecification\",\"dayOfWeek\":[\"Monday\",\"Tuesday\",\"Wednesday\",\"Thursday\",\"Friday\",\"Saturday\",\"Sunday\"],\"opens\":\"09:00\",\"closes\":\"17:00\"}]},{\"@type\":\"ImageObject\",\"inLanguage\":\"hu\",\"@id\":\"https:\/\/testwebsite.citygame.com\/hu\/games\/alkmaar\/the-alkmaar-syndicate\/#local-main-organization-logo\",\"url\":\"https:\/\/testwebsite.citygame.com\/wp-content\/blogs.dir\/1\/files\/sites\/62\/2025\/10\/CG_LOGO-City-Game.png\",\"contentUrl\":\"https:\/\/testwebsite.citygame.com\/wp-content\/blogs.dir\/1\/files\/sites\/62\/2025\/10\/CG_LOGO-City-Game.png\",\"width\":351,\"height\":377,\"caption\":\"City Game\"}]}<\/script>\n<!-- \/ Yoast SEO Premium plugin. -->","yoast_head_json":{"title":"The Alkmaar Syndicate - City Game","description":"The Alkmaar Syndicate. J\u00e1tssz egy \u00f6nvezet\u0151 City Escape Game-et, oldj meg rejtv\u00e9nyeket, teljes\u00edts k\u00fcldet\u00e9seket \u00e9s szerezd vissza az ellopott formul\u00e1kat a saj\u00e1t temp\u00f3dban!","robots":{"index":"noindex","follow":"follow","max-snippet":"max-snippet:-1","max-image-preview":"max-image-preview:large","max-video-preview":"max-video-preview:-1"},"og_locale":"hu_HU","og_type":"article","og_title":"The Alkmaar Syndicate","og_description":"The Alkmaar Syndicate. J\u00e1tssz egy \u00f6nvezet\u0151 City Escape Game-et, oldj meg rejtv\u00e9nyeket, teljes\u00edts k\u00fcldet\u00e9seket \u00e9s szerezd vissza az ellopott formul\u00e1kat a saj\u00e1t temp\u00f3dban!","og_url":"https:\/\/testwebsite.citygame.com\/hu\/games\/alkmaar\/the-alkmaar-syndicate\/","og_site_name":"City Game","article_publisher":"https:\/\/www.facebook.com\/profile.php?id=100086426226253","article_modified_time":"2026-04-07T19:07:12+00:00","og_image":[{"width":1024,"height":1024,"url":"https:\/\/testwebsite.citygame.com\/wp-content\/blogs.dir\/1\/files\/sites\/62\/2026\/02\/woman-playing-city-game-in-a-square-in-alkmaar.jpg","type":"image\/jpeg"}],"twitter_card":"summary_large_image","twitter_misc":{"Becs\u00fclt olvas\u00e1si id\u0151":"1 perc"},"schema":{"@context":"https:\/\/schema.org","@graph":[{"@type":"WebPage","@id":"https:\/\/testwebsite.citygame.com\/hu\/games\/alkmaar\/the-alkmaar-syndicate\/","url":"https:\/\/testwebsite.citygame.com\/hu\/games\/alkmaar\/the-alkmaar-syndicate\/","name":"The Alkmaar Syndicate - City Game","isPartOf":{"@id":"https:\/\/testwebsite.upevents.nl\/#website"},"primaryImageOfPage":{"@id":"https:\/\/testwebsite.citygame.com\/hu\/games\/alkmaar\/the-alkmaar-syndicate\/#primaryimage"},"image":{"@id":"https:\/\/testwebsite.citygame.com\/hu\/games\/alkmaar\/the-alkmaar-syndicate\/#primaryimage"},"thumbnailUrl":"https:\/\/testwebsite.citygame.com\/wp-content\/blogs.dir\/1\/files\/sites\/62\/2026\/02\/woman-playing-city-game-in-a-square-in-alkmaar.jpg","datePublished":"2026-02-13T12:11:41+00:00","dateModified":"2026-04-07T19:07:12+00:00","description":"The Alkmaar Syndicate. J\u00e1tssz egy \u00f6nvezet\u0151 City Escape Game-et, oldj meg rejtv\u00e9nyeket, teljes\u00edts k\u00fcldet\u00e9seket \u00e9s szerezd vissza az ellopott formul\u00e1kat a saj\u00e1t temp\u00f3dban!","breadcrumb":{"@id":"https:\/\/testwebsite.citygame.com\/hu\/games\/alkmaar\/the-alkmaar-syndicate\/#breadcrumb"},"inLanguage":"hu","potentialAction":[{"@type":"ReadAction","target":["https:\/\/testwebsite.citygame.com\/hu\/games\/alkmaar\/the-alkmaar-syndicate\/"]}]},{"@type":"ImageObject","inLanguage":"hu","@id":"https:\/\/testwebsite.citygame.com\/hu\/games\/alkmaar\/the-alkmaar-syndicate\/#primaryimage","url":"https:\/\/testwebsite.citygame.com\/wp-content\/blogs.dir\/1\/files\/sites\/62\/2026\/02\/woman-playing-city-game-in-a-square-in-alkmaar.jpg","contentUrl":"https:\/\/testwebsite.citygame.com\/wp-content\/blogs.dir\/1\/files\/sites\/62\/2026\/02\/woman-playing-city-game-in-a-square-in-alkmaar.jpg","width":1024,"height":1024,"caption":"A person holds a smartphone displaying a city game app while standing in a square in Alkmaar."},{"@type":"BreadcrumbList","@id":"https:\/\/testwebsite.citygame.com\/hu\/games\/alkmaar\/the-alkmaar-syndicate\/#breadcrumb","itemListElement":[{"@type":"ListItem","position":1,"name":"Home","item":"https:\/\/testwebsite.citygame.com\/hu\/"},{"@type":"ListItem","position":2,"name":"Shop","item":"https:\/\/testwebsite.citygame.com\/shop\/"},{"@type":"ListItem","position":3,"name":"The Alkmaar Syndicate"}]},{"@type":"WebSite","@id":"https:\/\/testwebsite.upevents.nl\/#website","url":"https:\/\/testwebsite.upevents.nl\/","name":"City Game","description":"","publisher":{"@id":"https:\/\/testwebsite.upevents.nl\/#organization"},"alternateName":"citygame.com","potentialAction":[{"@type":"SearchAction","target":{"@type":"EntryPoint","urlTemplate":"https:\/\/testwebsite.upevents.nl\/?s={search_term_string}"},"query-input":{"@type":"PropertyValueSpecification","valueRequired":true,"valueName":"search_term_string"}}],"inLanguage":"hu"},{"@type":["Organization","Place"],"@id":"https:\/\/testwebsite.upevents.nl\/#organization","name":"City Game","alternateName":"citygame.com","url":"https:\/\/testwebsite.upevents.nl\/","logo":{"@id":"https:\/\/testwebsite.citygame.com\/hu\/games\/alkmaar\/the-alkmaar-syndicate\/#local-main-organization-logo"},"image":{"@id":"https:\/\/testwebsite.citygame.com\/hu\/games\/alkmaar\/the-alkmaar-syndicate\/#local-main-organization-logo"},"sameAs":["https:\/\/www.facebook.com\/profile.php?id=100086426226253","https:\/\/www.instagram.com\/citygame_com","https:\/\/www.tiktok.com\/@citygamecom\/","https:\/\/www.linkedin.com\/company\/citygame-com"],"description":"Turn any city into a playground with our interactive City Games and self-guided tours. Fun, flexible, and ideal for groups and team building.","telephone":[],"openingHoursSpecification":[{"@type":"OpeningHoursSpecification","dayOfWeek":["Monday","Tuesday","Wednesday","Thursday","Friday","Saturday","Sunday"],"opens":"09:00","closes":"17:00"}]},{"@type":"ImageObject","inLanguage":"hu","@id":"https:\/\/testwebsite.citygame.com\/hu\/games\/alkmaar\/the-alkmaar-syndicate\/#local-main-organization-logo","url":"https:\/\/testwebsite.citygame.com\/wp-content\/blogs.dir\/1\/files\/sites\/62\/2025\/10\/CG_LOGO-City-Game.png","contentUrl":"https:\/\/testwebsite.citygame.com\/wp-content\/blogs.dir\/1\/files\/sites\/62\/2025\/10\/CG_LOGO-City-Game.png","width":351,"height":377,"caption":"City Game"}]}},"taxonomy_info":{"game-concept":[{"value":745,"label":"Syndicate"}],"location":[{"value":62,"label":"Alkmaar"}],"product_cat":[{"value":27,"label":"Geen categorie"}]},"featured_image_src_large":["https:\/\/testwebsite.citygame.com\/wp-content\/blogs.dir\/1\/files\/sites\/62\/2026\/02\/woman-playing-city-game-in-a-square-in-alkmaar.jpg",1024,1024,false],"author_info":[],"comment_info":"","_links":{"self":[{"href":"https:\/\/testwebsite.citygame.com\/hu\/wp-json\/wp\/v2\/product\/54541","targetHints":{"allow":["GET"]}}],"collection":[{"href":"https:\/\/testwebsite.citygame.com\/hu\/wp-json\/wp\/v2\/product"}],"about":[{"href":"https:\/\/testwebsite.citygame.com\/hu\/wp-json\/wp\/v2\/types\/product"}],"acf:post":[{"embeddable":true,"href":"https:\/\/testwebsite.citygame.com\/hu\/wp-json\/wp\/v2\/pages\/4546"}],"wp:featuredmedia":[{"embeddable":true,"href":"https:\/\/testwebsite.citygame.com\/hu\/wp-json\/wp\/v2\/media\/13497"}],"wp:attachment":[{"href":"https:\/\/testwebsite.citygame.com\/hu\/wp-json\/wp\/v2\/media?parent=54541"}],"wp:term":[{"taxonomy":"game-concept","embeddable":true,"href":"https:\/\/testwebsite.citygame.com\/hu\/wp-json\/wp\/v2\/game-concept?post=54541"},{"taxonomy":"location","embeddable":true,"href":"https:\/\/testwebsite.citygame.com\/hu\/wp-json\/wp\/v2\/location?post=54541"},{"taxonomy":"product_brand","embeddable":true,"href":"https:\/\/testwebsite.citygame.com\/hu\/wp-json\/wp\/v2\/product_brand?post=54541"},{"taxonomy":"product_cat","embeddable":true,"href":"https:\/\/testwebsite.citygame.com\/hu\/wp-json\/wp\/v2\/product_cat?post=54541"},{"taxonomy":"product_tag","embeddable":true,"href":"https:\/\/testwebsite.citygame.com\/hu\/wp-json\/wp\/v2\/product_tag?post=54541"}],"curies":[{"name":"wp","href":"https:\/\/api.w.org\/{rel}","templated":true}]}}