{"id":54429,"date":"2026-02-04T09:29:24","date_gmt":"2026-02-04T09:29:24","guid":{"rendered":"https:\/\/testwebsite.citygame.com\/games\/unknown-location\/sherlock-holmes-doha\/"},"modified":"2026-04-07T18:53:15","modified_gmt":"2026-04-07T18:53:15","slug":"sherlock-holmes-doha","status":"publish","type":"product","link":"https:\/\/testwebsite.citygame.com\/hu\/games\/doha\/sherlock-holmes-doha\/","title":{"rendered":"Sherlock Holmes Doha"},"content":{"rendered":"<p>L\u00e9pj be Sherlock Holmes vil\u00e1g\u00e1ba ezzel az \u00f6n\u00e1ll\u00f3an vezetett, t\u00f6rt\u00e9netvez\u00e9relt gyilkoss\u00e1gi rejt\u00e9ly V\u00e1rosi J\u00e1t\u00e9kkal, amely Doha belv\u00e1ros\u00e1ban j\u00e1tsz\u00f3dik. Ahogy a v\u00e1ros a Liberty Fesztiv\u00e1l alatt t\u00f6rt\u00e9nt gyilkoss\u00e1g h\u00e1tborzongat\u00f3 nyomoz\u00e1s\u00e1nak sz\u00ednter\u00e9v\u00e9 v\u00e1lik, egy kibontakoz\u00f3 narrat\u00edv\u00e1t k\u00f6vetsz majd, mik\u00f6zben igazi nyomoz\u00f3k\u00e9nt navig\u00e1lsz az utc\u00e1in. Gy\u0171jts nyomokat, oldj meg bonyolult fejt\u00f6r\u0151ket, \u00e9s k\u00e9rdezz ki digit\u00e1lis gyan\u00fas\u00edtottakat a saj\u00e1t temp\u00f3dban, elmer\u00fclve egy izgalmas \u00fcgyben, amely \u00e9letre kelti a klasszikus nyomoz\u00e1st.<\/p>\n","protected":false},"excerpt":{"rendered":"<p>L\u00e9pj a legend\u00e1s Sherlock Holmes cip\u0151j\u00e9be Doha sz\u00edv\u00e9ben, \u00e9s v\u00e1gj bele egy fesz\u00fclts\u00e9ggel teli, \u00f6n\u00e1ll\u00f3an vezetett gyilkoss\u00e1gi rejt\u00e9lybe. Az\u00e1ltal, hogy \u00f6sszeraksz titokzatos nyomokat, megfejtesz elk\u00e9peszt\u0151 fejt\u00f6r\u0151ket, \u00e9s csapatoddal egy\u00fctt felg\u00f6ngy\u00f6l\u00edted az igazs\u00e1got, egy id\u0151vel versenyt fut\u00f3 hajsz\u00e1ba ker\u00fclsz, hogy megoldd az \u00fcgyet, miel\u0151tt a nyomok kih\u0171lnek!<\/p>\n","protected":false},"featured_media":10059,"template":"","meta":{"_acf_changed":false,"_yoast_wpseo_focuskw":"Sherlock Holmes Doha","_yoast_wpseo_metadesc":"Sherlock Holmes Doha. J\u00e1tssz egy \u00f6n\u00e1ll\u00f3an vezetett gyilkoss\u00e1gi rejt\u00e9ly V\u00e1rosi J\u00e1t\u00e9kot, oldj meg fejt\u00f6r\u0151ket, k\u00f6vess nyomokat \u00e9s leplezd le a gyilkost a saj\u00e1t temp\u00f3dban!","_kad_blocks_custom_css":"","_kad_blocks_head_custom_js":"","_kad_blocks_body_custom_js":"","_kad_blocks_footer_custom_js":"","ghostkit_customizer_options":"","ghostkit_custom_css":"","ghostkit_custom_js_head":"","ghostkit_custom_js_foot":"","ghostkit_typography":"","_kad_post_transparent":"","_kad_post_title":"","_kad_post_layout":"","_kad_post_sidebar_id":"","_kad_post_content_style":"","_kad_post_vertical_padding":"","_kad_post_feature":"","_kad_post_feature_position":"","_kad_post_header":false,"_kad_post_footer":false,"_kad_post_classname":"","_links_to":"","_links_to_target":""},"game-concept":[776],"location":[142],"product_brand":[],"product_cat":[27],"product_tag":[],"class_list":{"0":"post-54429","1":"product","2":"type-product","3":"status-publish","4":"has-post-thumbnail","6":"game-concept-sherlock","7":"location-doha","8":"product_cat-geen-categorie","10":"first","11":"instock","12":"shipping-taxable","13":"purchasable","14":"product-type-simple","15":"entry","16":"content-bg","17":"loop-entry"},"acf":{"full_bokun_product_name":"Doha Self-Guided Sherlock Holmes Murder Mystery Game","location_name":"Doha","bokun_calendar_widget_code":"<script type=\"text\/javascript\" src=\"https:\/\/widgets.bokun.io\/assets\/javascripts\/apps\/build\/BokunWidgetsLoader.js?bookingChannelUUID=a1e93e96-5232-4734-a595-28405f4b5a31\" async><\/script>\n     \n    <div class=\"bokunWidget\" data-src=\"https:\/\/widgets.bokun.io\/online-sales\/a1e93e96-5232-4734-a595-28405f4b5a31\/experience-calendar\/729281\"><\/div>\n    <noscript>Please enable javascript in your browser to book<\/noscript>","bokun_button_widget_code":"<script type=\"text\/javascript\" src=\"https:\/\/widgets.bokun.io\/assets\/javascripts\/apps\/build\/BokunWidgetsLoader.js?bookingChannelUUID=a1e93e96-5232-4734-a595-28405f4b5a31\" async><\/script>\n      <style> #bokun_ed001e45_5927_4f62_b470_ca766338d083 { display: inline-block; padding: .4em 1em; background: #47b82e; border-radius: 999999px; box-shadow: none; font-weight: 600; font-size: 24px; text-decoration: none; text-align: center; color: #FFFFFF; border:none; cursor: pointer; transition: background .2s ease; } #bokun_ed001e45_5927_4f62_b470_ca766338d083:hover{ background: #2f7b1f; } #bokun_ed001e45_5927_4f62_b470_ca766338d083:active{ background: #378f24; } <\/style> <button class=\"bokunButton\" disabled id=bokun_ed001e45_5927_4f62_b470_ca766338d083 data-src=\"https:\/\/widgets.bokun.io\/online-sales\/a1e93e96-5232-4734-a595-28405f4b5a31\/experience-calendar\/729281?partialView=1\" data-testid=\"widget-book-button\" > Book now <\/button> ","what_you\u2019ll_experience_during_the_game":"L\u00e9pj be egy izgalmas detekt\u00edvt\u00f6rt\u00e9netbe, amely Doha sz\u00edv\u00e9ben j\u00e1tsz\u00f3dik, ahol minden utca \u00e9s sarok a nyomoz\u00e1sod r\u00e9sz\u00e9v\u00e9 v\u00e1lik. Ahogy a rejt\u00e9ly kibontakozik a Liberty Fesztiv\u00e1l alatti sokkol\u00f3 gyilkoss\u00e1g k\u00f6r\u00fcl, a saj\u00e1t temp\u00f3dban haladsz \u00e1t a v\u00e1roson, \u00f6sszerakva egy r\u00e9tegzett narrat\u00edv\u00e1t, tele fesz\u00fclts\u00e9ggel \u00e9s rejtett igazs\u00e1gokkal.\n\nNyomokat keresel, titokzatos fejt\u00f6r\u0151ket oldasz meg, \u00e9s v\u00e1ratlan fordulatokkal szembes\u00fclsz. K\u00e9rdezz ki digit\u00e1lis gyan\u00fas\u00edtottakat, elemezd az alibijeiket, \u00e9s fedezz fel ellentmond\u00e1sokat, amelyek k\u00f6zelebb visznek az igazs\u00e1ghoz. Megfigyel\u00e9si, dedukci\u00f3s \u00e9s kritikus gondolkod\u00e1si k\u00e9pess\u00e9geid a legnagyobb eszk\u00f6zeid ebben a teljesen t\u00f6rt\u00e9netvez\u00e9relt \u00e9lm\u00e9nyben. Ak\u00e1r egyed\u00fcl, ak\u00e1r csapatban dolgozol, d\u00f6nt\u00e9seid alak\u00edtj\u00e1k az \u00fcgyet, ahogy nyomokat k\u00f6vetsz \u00e9s a felsz\u00edn al\u00e1 \u00e1sol. B\u00e1rmikor sz\u00fcneteltetheted, \u00e9s folytathatod, amikor k\u00e9szen \u00e1llsz, teljes ellen\u0151rz\u00e9st tartva a nyomoz\u00e1s felett a kezdetekt\u0151l a v\u00e9g\u00e9ig.","how_to_play":"Dolgozz egyed\u00fcl, vagy bar\u00e1tokkal, csal\u00e1ddal, illetve koll\u00e9g\u00e1kkal, maximum n\u00e9gyf\u0151s csapatokban, eszk\u00f6z\u00f6nk\u00e9nt. A foglal\u00e1s ut\u00e1n kapsz egy e-mailt a sz\u00fcks\u00e9ges utas\u00edt\u00e1sokkal.","start_location":"The National Archives of Qatar","available_languages":["en","es","fr","de","it","nl"],"players_per_group":"1-4","duration":"1.5-2 hours","image_overlay_color_image":"https:\/\/testwebsite.citygame.com\/wp-content\/blogs.dir\/1\/files\/sites\/62\/2026\/01\/SherlockColor.svg","image_overlay_game_logo":"https:\/\/testwebsite.citygame.com\/wp-content\/blogs.dir\/1\/files\/sites\/62\/2026\/01\/SherlockLogo.png","city_page":6035,"woocommerce_general_content":null},"yoast_head":"<!-- This site is optimized with the Yoast SEO Premium plugin v26.2 (Yoast SEO v26.3) - https:\/\/yoast.com\/wordpress\/plugins\/seo\/ -->\n<title>Sherlock Holmes Doha - City Game<\/title>\n<meta name=\"description\" content=\"Sherlock Holmes Doha. J\u00e1tssz egy \u00f6n\u00e1ll\u00f3an vezetett gyilkoss\u00e1gi rejt\u00e9ly V\u00e1rosi J\u00e1t\u00e9kot, oldj meg fejt\u00f6r\u0151ket, k\u00f6vess nyomokat \u00e9s leplezd le a gyilkost a saj\u00e1t temp\u00f3dban!\" \/>\n<meta name=\"robots\" content=\"noindex, follow, max-snippet:-1, max-image-preview:large, max-video-preview:-1\" \/>\n<meta property=\"og:locale\" content=\"hu_HU\" \/>\n<meta property=\"og:type\" content=\"article\" \/>\n<meta property=\"og:title\" content=\"Sherlock Holmes Doha\" \/>\n<meta property=\"og:description\" content=\"Sherlock Holmes Doha. J\u00e1tssz egy \u00f6n\u00e1ll\u00f3an vezetett gyilkoss\u00e1gi rejt\u00e9ly V\u00e1rosi J\u00e1t\u00e9kot, oldj meg fejt\u00f6r\u0151ket, k\u00f6vess nyomokat \u00e9s leplezd le a gyilkost a saj\u00e1t temp\u00f3dban!\" \/>\n<meta property=\"og:url\" content=\"https:\/\/testwebsite.citygame.com\/hu\/games\/doha\/sherlock-holmes-doha\/\" \/>\n<meta property=\"og:site_name\" content=\"City Game\" \/>\n<meta property=\"article:publisher\" content=\"https:\/\/www.facebook.com\/profile.php?id=100086426226253\" \/>\n<meta property=\"article:modified_time\" content=\"2026-04-07T18:53:15+00:00\" \/>\n<meta property=\"og:image\" content=\"https:\/\/testwebsite.citygame.com\/wp-content\/blogs.dir\/1\/files\/sites\/62\/2026\/02\/group-of-friends-playing-sherlock-city-game-on-a-phone-in-a-european-city.jpg\" \/>\n\t<meta property=\"og:image:width\" content=\"1344\" \/>\n\t<meta property=\"og:image:height\" content=\"768\" \/>\n\t<meta property=\"og:image:type\" content=\"image\/jpeg\" \/>\n<meta name=\"twitter:card\" content=\"summary_large_image\" \/>\n<meta name=\"twitter:label1\" content=\"Becs\u00fclt olvas\u00e1si id\u0151\" \/>\n\t<meta name=\"twitter:data1\" content=\"1 perc\" \/>\n<script type=\"application\/ld+json\" class=\"yoast-schema-graph\">{\"@context\":\"https:\/\/schema.org\",\"@graph\":[{\"@type\":\"WebPage\",\"@id\":\"https:\/\/testwebsite.citygame.com\/hu\/games\/doha\/sherlock-holmes-doha\/\",\"url\":\"https:\/\/testwebsite.citygame.com\/hu\/games\/doha\/sherlock-holmes-doha\/\",\"name\":\"Sherlock Holmes Doha - City Game\",\"isPartOf\":{\"@id\":\"https:\/\/testwebsite.upevents.nl\/#website\"},\"primaryImageOfPage\":{\"@id\":\"https:\/\/testwebsite.citygame.com\/hu\/games\/doha\/sherlock-holmes-doha\/#primaryimage\"},\"image\":{\"@id\":\"https:\/\/testwebsite.citygame.com\/hu\/games\/doha\/sherlock-holmes-doha\/#primaryimage\"},\"thumbnailUrl\":\"https:\/\/testwebsite.citygame.com\/wp-content\/blogs.dir\/1\/files\/sites\/62\/2026\/02\/group-of-friends-playing-sherlock-city-game-on-a-phone-in-a-european-city.jpg\",\"datePublished\":\"2026-02-04T09:29:24+00:00\",\"dateModified\":\"2026-04-07T18:53:15+00:00\",\"description\":\"Sherlock Holmes Doha. J\u00e1tssz egy \u00f6n\u00e1ll\u00f3an vezetett gyilkoss\u00e1gi rejt\u00e9ly V\u00e1rosi J\u00e1t\u00e9kot, oldj meg fejt\u00f6r\u0151ket, k\u00f6vess nyomokat \u00e9s leplezd le a gyilkost a saj\u00e1t temp\u00f3dban!\",\"breadcrumb\":{\"@id\":\"https:\/\/testwebsite.citygame.com\/hu\/games\/doha\/sherlock-holmes-doha\/#breadcrumb\"},\"inLanguage\":\"hu\",\"potentialAction\":[{\"@type\":\"ReadAction\",\"target\":[\"https:\/\/testwebsite.citygame.com\/hu\/games\/doha\/sherlock-holmes-doha\/\"]}]},{\"@type\":\"ImageObject\",\"inLanguage\":\"hu\",\"@id\":\"https:\/\/testwebsite.citygame.com\/hu\/games\/doha\/sherlock-holmes-doha\/#primaryimage\",\"url\":\"https:\/\/testwebsite.citygame.com\/wp-content\/blogs.dir\/1\/files\/sites\/62\/2026\/02\/group-of-friends-playing-sherlock-city-game-on-a-phone-in-a-european-city.jpg\",\"contentUrl\":\"https:\/\/testwebsite.citygame.com\/wp-content\/blogs.dir\/1\/files\/sites\/62\/2026\/02\/group-of-friends-playing-sherlock-city-game-on-a-phone-in-a-european-city.jpg\",\"width\":1344,\"height\":768,\"caption\":\"A group of young adults collaborates on a mobile city game while standing on a busy street.\"},{\"@type\":\"BreadcrumbList\",\"@id\":\"https:\/\/testwebsite.citygame.com\/hu\/games\/doha\/sherlock-holmes-doha\/#breadcrumb\",\"itemListElement\":[{\"@type\":\"ListItem\",\"position\":1,\"name\":\"Home\",\"item\":\"https:\/\/testwebsite.citygame.com\/hu\/\"},{\"@type\":\"ListItem\",\"position\":2,\"name\":\"Shop\",\"item\":\"https:\/\/testwebsite.citygame.com\/shop\/\"},{\"@type\":\"ListItem\",\"position\":3,\"name\":\"Sherlock Holmes Doha\"}]},{\"@type\":\"WebSite\",\"@id\":\"https:\/\/testwebsite.upevents.nl\/#website\",\"url\":\"https:\/\/testwebsite.upevents.nl\/\",\"name\":\"City Game\",\"description\":\"\",\"publisher\":{\"@id\":\"https:\/\/testwebsite.upevents.nl\/#organization\"},\"alternateName\":\"citygame.com\",\"potentialAction\":[{\"@type\":\"SearchAction\",\"target\":{\"@type\":\"EntryPoint\",\"urlTemplate\":\"https:\/\/testwebsite.upevents.nl\/?s={search_term_string}\"},\"query-input\":{\"@type\":\"PropertyValueSpecification\",\"valueRequired\":true,\"valueName\":\"search_term_string\"}}],\"inLanguage\":\"hu\"},{\"@type\":[\"Organization\",\"Place\"],\"@id\":\"https:\/\/testwebsite.upevents.nl\/#organization\",\"name\":\"City Game\",\"alternateName\":\"citygame.com\",\"url\":\"https:\/\/testwebsite.upevents.nl\/\",\"logo\":{\"@id\":\"https:\/\/testwebsite.citygame.com\/hu\/games\/doha\/sherlock-holmes-doha\/#local-main-organization-logo\"},\"image\":{\"@id\":\"https:\/\/testwebsite.citygame.com\/hu\/games\/doha\/sherlock-holmes-doha\/#local-main-organization-logo\"},\"sameAs\":[\"https:\/\/www.facebook.com\/profile.php?id=100086426226253\",\"https:\/\/www.instagram.com\/citygame_com\",\"https:\/\/www.tiktok.com\/@citygamecom\/\",\"https:\/\/www.linkedin.com\/company\/citygame-com\"],\"description\":\"Turn any city into a playground with our interactive City Games and self-guided tours. Fun, flexible, and ideal for groups and team building.\",\"telephone\":[],\"openingHoursSpecification\":[{\"@type\":\"OpeningHoursSpecification\",\"dayOfWeek\":[\"Monday\",\"Tuesday\",\"Wednesday\",\"Thursday\",\"Friday\",\"Saturday\",\"Sunday\"],\"opens\":\"09:00\",\"closes\":\"17:00\"}]},{\"@type\":\"ImageObject\",\"inLanguage\":\"hu\",\"@id\":\"https:\/\/testwebsite.citygame.com\/hu\/games\/doha\/sherlock-holmes-doha\/#local-main-organization-logo\",\"url\":\"https:\/\/testwebsite.citygame.com\/wp-content\/blogs.dir\/1\/files\/sites\/62\/2025\/10\/CG_LOGO-City-Game.png\",\"contentUrl\":\"https:\/\/testwebsite.citygame.com\/wp-content\/blogs.dir\/1\/files\/sites\/62\/2025\/10\/CG_LOGO-City-Game.png\",\"width\":351,\"height\":377,\"caption\":\"City Game\"}]}<\/script>\n<!-- \/ Yoast SEO Premium plugin. -->","yoast_head_json":{"title":"Sherlock Holmes Doha - City Game","description":"Sherlock Holmes Doha. J\u00e1tssz egy \u00f6n\u00e1ll\u00f3an vezetett gyilkoss\u00e1gi rejt\u00e9ly V\u00e1rosi J\u00e1t\u00e9kot, oldj meg fejt\u00f6r\u0151ket, k\u00f6vess nyomokat \u00e9s leplezd le a gyilkost a saj\u00e1t temp\u00f3dban!","robots":{"index":"noindex","follow":"follow","max-snippet":"max-snippet:-1","max-image-preview":"max-image-preview:large","max-video-preview":"max-video-preview:-1"},"og_locale":"hu_HU","og_type":"article","og_title":"Sherlock Holmes Doha","og_description":"Sherlock Holmes Doha. J\u00e1tssz egy \u00f6n\u00e1ll\u00f3an vezetett gyilkoss\u00e1gi rejt\u00e9ly V\u00e1rosi J\u00e1t\u00e9kot, oldj meg fejt\u00f6r\u0151ket, k\u00f6vess nyomokat \u00e9s leplezd le a gyilkost a saj\u00e1t temp\u00f3dban!","og_url":"https:\/\/testwebsite.citygame.com\/hu\/games\/doha\/sherlock-holmes-doha\/","og_site_name":"City Game","article_publisher":"https:\/\/www.facebook.com\/profile.php?id=100086426226253","article_modified_time":"2026-04-07T18:53:15+00:00","og_image":[{"width":1344,"height":768,"url":"https:\/\/testwebsite.citygame.com\/wp-content\/blogs.dir\/1\/files\/sites\/62\/2026\/02\/group-of-friends-playing-sherlock-city-game-on-a-phone-in-a-european-city.jpg","type":"image\/jpeg"}],"twitter_card":"summary_large_image","twitter_misc":{"Becs\u00fclt olvas\u00e1si id\u0151":"1 perc"},"schema":{"@context":"https:\/\/schema.org","@graph":[{"@type":"WebPage","@id":"https:\/\/testwebsite.citygame.com\/hu\/games\/doha\/sherlock-holmes-doha\/","url":"https:\/\/testwebsite.citygame.com\/hu\/games\/doha\/sherlock-holmes-doha\/","name":"Sherlock Holmes Doha - City Game","isPartOf":{"@id":"https:\/\/testwebsite.upevents.nl\/#website"},"primaryImageOfPage":{"@id":"https:\/\/testwebsite.citygame.com\/hu\/games\/doha\/sherlock-holmes-doha\/#primaryimage"},"image":{"@id":"https:\/\/testwebsite.citygame.com\/hu\/games\/doha\/sherlock-holmes-doha\/#primaryimage"},"thumbnailUrl":"https:\/\/testwebsite.citygame.com\/wp-content\/blogs.dir\/1\/files\/sites\/62\/2026\/02\/group-of-friends-playing-sherlock-city-game-on-a-phone-in-a-european-city.jpg","datePublished":"2026-02-04T09:29:24+00:00","dateModified":"2026-04-07T18:53:15+00:00","description":"Sherlock Holmes Doha. J\u00e1tssz egy \u00f6n\u00e1ll\u00f3an vezetett gyilkoss\u00e1gi rejt\u00e9ly V\u00e1rosi J\u00e1t\u00e9kot, oldj meg fejt\u00f6r\u0151ket, k\u00f6vess nyomokat \u00e9s leplezd le a gyilkost a saj\u00e1t temp\u00f3dban!","breadcrumb":{"@id":"https:\/\/testwebsite.citygame.com\/hu\/games\/doha\/sherlock-holmes-doha\/#breadcrumb"},"inLanguage":"hu","potentialAction":[{"@type":"ReadAction","target":["https:\/\/testwebsite.citygame.com\/hu\/games\/doha\/sherlock-holmes-doha\/"]}]},{"@type":"ImageObject","inLanguage":"hu","@id":"https:\/\/testwebsite.citygame.com\/hu\/games\/doha\/sherlock-holmes-doha\/#primaryimage","url":"https:\/\/testwebsite.citygame.com\/wp-content\/blogs.dir\/1\/files\/sites\/62\/2026\/02\/group-of-friends-playing-sherlock-city-game-on-a-phone-in-a-european-city.jpg","contentUrl":"https:\/\/testwebsite.citygame.com\/wp-content\/blogs.dir\/1\/files\/sites\/62\/2026\/02\/group-of-friends-playing-sherlock-city-game-on-a-phone-in-a-european-city.jpg","width":1344,"height":768,"caption":"A group of young adults collaborates on a mobile city game while standing on a busy street."},{"@type":"BreadcrumbList","@id":"https:\/\/testwebsite.citygame.com\/hu\/games\/doha\/sherlock-holmes-doha\/#breadcrumb","itemListElement":[{"@type":"ListItem","position":1,"name":"Home","item":"https:\/\/testwebsite.citygame.com\/hu\/"},{"@type":"ListItem","position":2,"name":"Shop","item":"https:\/\/testwebsite.citygame.com\/shop\/"},{"@type":"ListItem","position":3,"name":"Sherlock Holmes Doha"}]},{"@type":"WebSite","@id":"https:\/\/testwebsite.upevents.nl\/#website","url":"https:\/\/testwebsite.upevents.nl\/","name":"City Game","description":"","publisher":{"@id":"https:\/\/testwebsite.upevents.nl\/#organization"},"alternateName":"citygame.com","potentialAction":[{"@type":"SearchAction","target":{"@type":"EntryPoint","urlTemplate":"https:\/\/testwebsite.upevents.nl\/?s={search_term_string}"},"query-input":{"@type":"PropertyValueSpecification","valueRequired":true,"valueName":"search_term_string"}}],"inLanguage":"hu"},{"@type":["Organization","Place"],"@id":"https:\/\/testwebsite.upevents.nl\/#organization","name":"City Game","alternateName":"citygame.com","url":"https:\/\/testwebsite.upevents.nl\/","logo":{"@id":"https:\/\/testwebsite.citygame.com\/hu\/games\/doha\/sherlock-holmes-doha\/#local-main-organization-logo"},"image":{"@id":"https:\/\/testwebsite.citygame.com\/hu\/games\/doha\/sherlock-holmes-doha\/#local-main-organization-logo"},"sameAs":["https:\/\/www.facebook.com\/profile.php?id=100086426226253","https:\/\/www.instagram.com\/citygame_com","https:\/\/www.tiktok.com\/@citygamecom\/","https:\/\/www.linkedin.com\/company\/citygame-com"],"description":"Turn any city into a playground with our interactive City Games and self-guided tours. Fun, flexible, and ideal for groups and team building.","telephone":[],"openingHoursSpecification":[{"@type":"OpeningHoursSpecification","dayOfWeek":["Monday","Tuesday","Wednesday","Thursday","Friday","Saturday","Sunday"],"opens":"09:00","closes":"17:00"}]},{"@type":"ImageObject","inLanguage":"hu","@id":"https:\/\/testwebsite.citygame.com\/hu\/games\/doha\/sherlock-holmes-doha\/#local-main-organization-logo","url":"https:\/\/testwebsite.citygame.com\/wp-content\/blogs.dir\/1\/files\/sites\/62\/2025\/10\/CG_LOGO-City-Game.png","contentUrl":"https:\/\/testwebsite.citygame.com\/wp-content\/blogs.dir\/1\/files\/sites\/62\/2025\/10\/CG_LOGO-City-Game.png","width":351,"height":377,"caption":"City Game"}]}},"taxonomy_info":{"game-concept":[{"value":776,"label":"Sherlock"}],"location":[{"value":142,"label":"Doha"}],"product_cat":[{"value":27,"label":"Geen categorie"}]},"featured_image_src_large":["https:\/\/testwebsite.citygame.com\/wp-content\/blogs.dir\/1\/files\/sites\/62\/2026\/02\/group-of-friends-playing-sherlock-city-game-on-a-phone-in-a-european-city-1024x585.jpg",1024,585,true],"author_info":[],"comment_info":"","_links":{"self":[{"href":"https:\/\/testwebsite.citygame.com\/hu\/wp-json\/wp\/v2\/product\/54429","targetHints":{"allow":["GET"]}}],"collection":[{"href":"https:\/\/testwebsite.citygame.com\/hu\/wp-json\/wp\/v2\/product"}],"about":[{"href":"https:\/\/testwebsite.citygame.com\/hu\/wp-json\/wp\/v2\/types\/product"}],"acf:post":[{"embeddable":true,"href":"https:\/\/testwebsite.citygame.com\/hu\/wp-json\/wp\/v2\/pages\/6035"}],"wp:featuredmedia":[{"embeddable":true,"href":"https:\/\/testwebsite.citygame.com\/hu\/wp-json\/wp\/v2\/media\/10059"}],"wp:attachment":[{"href":"https:\/\/testwebsite.citygame.com\/hu\/wp-json\/wp\/v2\/media?parent=54429"}],"wp:term":[{"taxonomy":"game-concept","embeddable":true,"href":"https:\/\/testwebsite.citygame.com\/hu\/wp-json\/wp\/v2\/game-concept?post=54429"},{"taxonomy":"location","embeddable":true,"href":"https:\/\/testwebsite.citygame.com\/hu\/wp-json\/wp\/v2\/location?post=54429"},{"taxonomy":"product_brand","embeddable":true,"href":"https:\/\/testwebsite.citygame.com\/hu\/wp-json\/wp\/v2\/product_brand?post=54429"},{"taxonomy":"product_cat","embeddable":true,"href":"https:\/\/testwebsite.citygame.com\/hu\/wp-json\/wp\/v2\/product_cat?post=54429"},{"taxonomy":"product_tag","embeddable":true,"href":"https:\/\/testwebsite.citygame.com\/hu\/wp-json\/wp\/v2\/product_tag?post=54429"}],"curies":[{"name":"wp","href":"https:\/\/api.w.org\/{rel}","templated":true}]}}