{"id":54374,"date":"2026-02-09T08:57:49","date_gmt":"2026-02-09T08:57:49","guid":{"rendered":"https:\/\/testwebsite.citygame.com\/games\/unknown-location\/sherlock-holmes-bari\/"},"modified":"2026-04-07T18:46:18","modified_gmt":"2026-04-07T18:46:18","slug":"sherlock-holmes-bari","status":"publish","type":"product","link":"https:\/\/testwebsite.citygame.com\/hu\/games\/bari\/sherlock-holmes-bari\/","title":{"rendered":"Sherlock Holmes Bari"},"content":{"rendered":"<p>L\u00e9pjen be Sherlock Holmes vil\u00e1g\u00e1ba ezzel az \u00f6nvezet\u0151, t\u00f6rt\u00e9netk\u00f6zpont\u00fa gyilkoss\u00e1gi rejt\u00e9lyes V\u00e1rosi J\u00e1t\u00e9kkal, amely Bari t\u00f6rt\u00e9nelmi belv\u00e1ros\u00e1ban j\u00e1tsz\u00f3dik. Detekt\u00edvk\u00e9nt a Liberty Fesztiv\u00e1l alatt t\u00f6rt\u00e9nt titokzatos gyilkoss\u00e1g \u00fcgy\u00e9ben a j\u00e1t\u00e9kosok a v\u00e1ros utc\u00e1in navig\u00e1lva fedeznek fel nyomokat, oldanak meg bonyolult rejtv\u00e9nyeket \u00e9s hallgatnak ki digit\u00e1lis gyan\u00fas\u00edtottakat. A szabad temp\u00f3ban j\u00e1tszhat\u00f3 j\u00e1t\u00e9k sor\u00e1n a kibontakoz\u00f3 nyomoz\u00e1s mag\u00e1val ragad egy izgalmas narrat\u00edv\u00e1ba, ahol minden l\u00e9p\u00e9s elm\u00e9ly\u00edti a rejt\u00e9lyt.<\/p>\n","protected":false},"excerpt":{"rendered":"<p>L\u00e9pjen be Sherlock Holmes gondos elm\u00e9j\u00e9be ebben az intrikus, \u00f6nvezet\u0151 gyilkoss\u00e1gi rejt\u00e9lyben, amely Bariban j\u00e1tsz\u00f3dik. Mik\u00f6zben \u00d6n \u00e9s csapata elmer\u00fcl a nyomok \u00e9s rejtv\u00e9nyek h\u00e1l\u00f3j\u00e1ban, az igazs\u00e1g arra v\u00e1r, hogy felt\u00e1ruljon &#8211; meri-e v\u00e1llalni a kih\u00edv\u00e1st \u00e9s megoldani, miel\u0151tt lej\u00e1r az id\u0151!<\/p>\n","protected":false},"featured_media":11619,"template":"","meta":{"_acf_changed":false,"_yoast_wpseo_focuskw":"Sherlock Holmes Bari","_yoast_wpseo_metadesc":"Sherlock Holmes Bari. J\u00e1tsszon egy \u00f6nvezet\u0151 gyilkoss\u00e1gi rejt\u00e9lyes V\u00e1rosi J\u00e1t\u00e9kkal, oldjon meg rejtv\u00e9nyeket, k\u00f6vesse a nyomokat \u00e9s fedezze fel a gyilkost a saj\u00e1t temp\u00f3j\u00e1ban!","_kad_blocks_custom_css":"","_kad_blocks_head_custom_js":"","_kad_blocks_body_custom_js":"","_kad_blocks_footer_custom_js":"","ghostkit_customizer_options":"","ghostkit_custom_css":"","ghostkit_custom_js_head":"","ghostkit_custom_js_foot":"","ghostkit_typography":"","_kad_post_transparent":"","_kad_post_title":"","_kad_post_layout":"","_kad_post_sidebar_id":"","_kad_post_content_style":"","_kad_post_vertical_padding":"","_kad_post_feature":"","_kad_post_feature_position":"","_kad_post_header":false,"_kad_post_footer":false,"_kad_post_classname":"","_links_to":"","_links_to_target":""},"game-concept":[776],"location":[78],"product_brand":[],"product_cat":[27],"product_tag":[],"class_list":{"0":"post-54374","1":"product","2":"type-product","3":"status-publish","4":"has-post-thumbnail","6":"game-concept-sherlock","7":"location-bari","8":"product_cat-geen-categorie","10":"first","11":"instock","12":"shipping-taxable","13":"purchasable","14":"product-type-simple","15":"entry","16":"content-bg","17":"loop-entry"},"acf":{"full_bokun_product_name":"Bari Self-Guided Sherlock Holmes Murder Mystery Game","location_name":"Bari","bokun_calendar_widget_code":"<script type=\"text\/javascript\" src=\"https:\/\/widgets.bokun.io\/assets\/javascripts\/apps\/build\/BokunWidgetsLoader.js?bookingChannelUUID=a1e93e96-5232-4734-a595-28405f4b5a31\" async><\/script>\n     \n    <div class=\"bokunWidget\" data-src=\"https:\/\/widgets.bokun.io\/online-sales\/a1e93e96-5232-4734-a595-28405f4b5a31\/experience-calendar\/767987\"><\/div>\n    <noscript>Please enable javascript in your browser to book<\/noscript>","bokun_button_widget_code":"<script type=\"text\/javascript\" src=\"https:\/\/widgets.bokun.io\/assets\/javascripts\/apps\/build\/BokunWidgetsLoader.js?bookingChannelUUID=a1e93e96-5232-4734-a595-28405f4b5a31\" async><\/script>\n      <style> #bokun_ed001e45_5927_4f62_b470_ca766338d083 { display: inline-block; padding: .4em 1em; background: #47b82e; border-radius: 999999px; box-shadow: none; font-weight: 600; font-size: 24px; text-decoration: none; text-align: center; color: #FFFFFF; border:none; cursor: pointer; transition: background .2s ease; } #bokun_ed001e45_5927_4f62_b470_ca766338d083:hover{ background: #2f7b1f; } #bokun_ed001e45_5927_4f62_b470_ca766338d083:active{ background: #378f24; } <\/style> <button class=\"bokunButton\" disabled id=bokun_ed001e45_5927_4f62_b470_ca766338d083 data-src=\"https:\/\/widgets.bokun.io\/online-sales\/a1e93e96-5232-4734-a595-28405f4b5a31\/experience-calendar\/767987?partialView=1\" data-testid=\"widget-book-button\" > Book now <\/button> ","what_you\u2019ll_experience_during_the_game":"L\u00e9pjen be egy mag\u00e1val ragad\u00f3 detekt\u00edvt\u00f6rt\u00e9netbe, amely Bari sz\u00edv\u00e9ben j\u00e1tsz\u00f3dik, ahol minden utcasarkon egy nyom rejt\u0151zik, \u00e9s minden d\u00f6nt\u00e9s alak\u00edtja a nyomoz\u00e1st. Ahogy a cselekm\u00e9ny kibontakozik \u00d6n k\u00f6r\u00fcl, felfedezi egy titokzatos gyilkoss\u00e1g rejtett sz\u00e1lait, amely a Liberty Fesztiv\u00e1l idej\u00e9n t\u00f6rt\u00e9nt. Utaz\u00e1sa a v\u00e1ros hangulatos helysz\u00ednein kereszt\u00fcl vezeti, ahol minden l\u00e9p\u00e9s az intrik\u00e1k m\u00e9lyebb r\u00e9tegeit t\u00e1rja fel. Nem csup\u00e1n egy nyomvonalat k\u00f6vet \u2013 titkokat fed fel, bonyolult rejtv\u00e9nyeket old meg, \u00e9s v\u00e1ratlan fordulatokkal szembes\u00fcl, amelyek pr\u00f3b\u00e1ra teszik \u00e9rvel\u00e9si k\u00e9pess\u00e9g\u00e9t.\n\nHallgasson ki digit\u00e1lis gyan\u00fas\u00edtottakat, illessze \u00f6ssze az ellentmond\u00f3 alibiket, \u00e9s t\u00e1rja fel az ellentmond\u00e1sokat, amelyek k\u00f6zelebb viszik az igazs\u00e1ghoz. Minden r\u00e9szlet sz\u00e1m\u00edt, \u00e9s a megfigyel\u00e9si, elemz\u00e9si \u00e9s k\u00f6vetkeztet\u00e9si k\u00e9pess\u00e9ge hat\u00e1rozza meg, milyen messzire jut az \u00fcgyben. Az \u00e9lm\u00e9ny teljesen t\u00f6rt\u00e9netk\u00f6zpont\u00fa, egy olyan vil\u00e1gba kalauzolja, ahol d\u00f6nt\u00e9sei s\u00fallyal b\u00edrnak. Saj\u00e1t temp\u00f3j\u00e1ban nyomozhat, sz\u00fcneteltetheti, amikor sz\u00fcks\u00e9ges, \u00e9s b\u00e1rmikor visszamer\u00fclhet, amikor k\u00e9szen \u00e1ll. Ha csapatban oldja meg az \u00fcgyet, egy opcion\u00e1lis versenyszellem extra intenzit\u00e1st ad k\u00fcldet\u00e9s\u00e9nek.","how_to_play":"Dolgozzon egyed\u00fcl vagy bar\u00e1tokkal, csal\u00e1ddal, koll\u00e9g\u00e1kkal, legfeljebb n\u00e9gyf\u0151s csapatokban, eszk\u00f6z\u00f6nk\u00e9nt. A foglal\u00e1s ut\u00e1n kap egy e-mailt az utas\u00edt\u00e1sokkal, amelyben mindent megtal\u00e1l, amire sz\u00fcks\u00e9ge van.","start_location":"Bari, Palazzo Starita","available_languages":["en","es","fr","de","it","nl"],"players_per_group":"1-4","duration":"1.5-2 hours","image_overlay_color_image":"https:\/\/testwebsite.citygame.com\/wp-content\/blogs.dir\/1\/files\/sites\/62\/2026\/01\/SherlockColor.svg","image_overlay_game_logo":"https:\/\/testwebsite.citygame.com\/wp-content\/blogs.dir\/1\/files\/sites\/62\/2026\/01\/SherlockLogo.png","city_page":8511,"woocommerce_general_content":null},"yoast_head":"<!-- This site is optimized with the Yoast SEO Premium plugin v26.2 (Yoast SEO v26.3) - https:\/\/yoast.com\/wordpress\/plugins\/seo\/ -->\n<title>Sherlock Holmes Bari - City Game<\/title>\n<meta name=\"description\" content=\"Sherlock Holmes Bari. J\u00e1tsszon egy \u00f6nvezet\u0151 gyilkoss\u00e1gi rejt\u00e9lyes V\u00e1rosi J\u00e1t\u00e9kkal, oldjon meg rejtv\u00e9nyeket, k\u00f6vesse a nyomokat \u00e9s fedezze fel a gyilkost a saj\u00e1t temp\u00f3j\u00e1ban!\" \/>\n<meta name=\"robots\" content=\"noindex, follow, max-snippet:-1, max-image-preview:large, max-video-preview:-1\" \/>\n<meta property=\"og:locale\" content=\"hu_HU\" \/>\n<meta property=\"og:type\" content=\"article\" \/>\n<meta property=\"og:title\" content=\"Sherlock Holmes Bari\" \/>\n<meta property=\"og:description\" content=\"Sherlock Holmes Bari. J\u00e1tsszon egy \u00f6nvezet\u0151 gyilkoss\u00e1gi rejt\u00e9lyes V\u00e1rosi J\u00e1t\u00e9kkal, oldjon meg rejtv\u00e9nyeket, k\u00f6vesse a nyomokat \u00e9s fedezze fel a gyilkost a saj\u00e1t temp\u00f3j\u00e1ban!\" \/>\n<meta property=\"og:url\" content=\"https:\/\/testwebsite.citygame.com\/hu\/games\/bari\/sherlock-holmes-bari\/\" \/>\n<meta property=\"og:site_name\" content=\"City Game\" \/>\n<meta property=\"article:publisher\" content=\"https:\/\/www.facebook.com\/profile.php?id=100086426226253\" \/>\n<meta property=\"article:modified_time\" content=\"2026-04-07T18:46:18+00:00\" \/>\n<meta property=\"og:image\" content=\"https:\/\/testwebsite.citygame.com\/wp-content\/blogs.dir\/1\/files\/sites\/62\/2026\/02\/sherlock-player-phone-street-bari.jpg\" \/>\n\t<meta property=\"og:image:width\" content=\"1344\" \/>\n\t<meta property=\"og:image:height\" content=\"768\" \/>\n\t<meta property=\"og:image:type\" content=\"image\/jpeg\" \/>\n<meta name=\"twitter:card\" content=\"summary_large_image\" \/>\n<meta name=\"twitter:label1\" content=\"Becs\u00fclt olvas\u00e1si id\u0151\" \/>\n\t<meta name=\"twitter:data1\" content=\"1 perc\" \/>\n<script type=\"application\/ld+json\" class=\"yoast-schema-graph\">{\"@context\":\"https:\/\/schema.org\",\"@graph\":[{\"@type\":\"WebPage\",\"@id\":\"https:\/\/testwebsite.citygame.com\/hu\/games\/bari\/sherlock-holmes-bari\/\",\"url\":\"https:\/\/testwebsite.citygame.com\/hu\/games\/bari\/sherlock-holmes-bari\/\",\"name\":\"Sherlock Holmes Bari - City Game\",\"isPartOf\":{\"@id\":\"https:\/\/testwebsite.upevents.nl\/#website\"},\"primaryImageOfPage\":{\"@id\":\"https:\/\/testwebsite.citygame.com\/hu\/games\/bari\/sherlock-holmes-bari\/#primaryimage\"},\"image\":{\"@id\":\"https:\/\/testwebsite.citygame.com\/hu\/games\/bari\/sherlock-holmes-bari\/#primaryimage\"},\"thumbnailUrl\":\"https:\/\/testwebsite.citygame.com\/wp-content\/blogs.dir\/1\/files\/sites\/62\/2026\/02\/sherlock-player-phone-street-bari.jpg\",\"datePublished\":\"2026-02-09T08:57:49+00:00\",\"dateModified\":\"2026-04-07T18:46:18+00:00\",\"description\":\"Sherlock Holmes Bari. J\u00e1tsszon egy \u00f6nvezet\u0151 gyilkoss\u00e1gi rejt\u00e9lyes V\u00e1rosi J\u00e1t\u00e9kkal, oldjon meg rejtv\u00e9nyeket, k\u00f6vesse a nyomokat \u00e9s fedezze fel a gyilkost a saj\u00e1t temp\u00f3j\u00e1ban!\",\"breadcrumb\":{\"@id\":\"https:\/\/testwebsite.citygame.com\/hu\/games\/bari\/sherlock-holmes-bari\/#breadcrumb\"},\"inLanguage\":\"hu\",\"potentialAction\":[{\"@type\":\"ReadAction\",\"target\":[\"https:\/\/testwebsite.citygame.com\/hu\/games\/bari\/sherlock-holmes-bari\/\"]}]},{\"@type\":\"ImageObject\",\"inLanguage\":\"hu\",\"@id\":\"https:\/\/testwebsite.citygame.com\/hu\/games\/bari\/sherlock-holmes-bari\/#primaryimage\",\"url\":\"https:\/\/testwebsite.citygame.com\/wp-content\/blogs.dir\/1\/files\/sites\/62\/2026\/02\/sherlock-player-phone-street-bari.jpg\",\"contentUrl\":\"https:\/\/testwebsite.citygame.com\/wp-content\/blogs.dir\/1\/files\/sites\/62\/2026\/02\/sherlock-player-phone-street-bari.jpg\",\"width\":1344,\"height\":768,\"caption\":\"A player navigates a historic street in Bari while solving a challenge on her smartphone.\"},{\"@type\":\"BreadcrumbList\",\"@id\":\"https:\/\/testwebsite.citygame.com\/hu\/games\/bari\/sherlock-holmes-bari\/#breadcrumb\",\"itemListElement\":[{\"@type\":\"ListItem\",\"position\":1,\"name\":\"Home\",\"item\":\"https:\/\/testwebsite.citygame.com\/hu\/\"},{\"@type\":\"ListItem\",\"position\":2,\"name\":\"Shop\",\"item\":\"https:\/\/testwebsite.citygame.com\/shop\/\"},{\"@type\":\"ListItem\",\"position\":3,\"name\":\"Sherlock Holmes Bari\"}]},{\"@type\":\"WebSite\",\"@id\":\"https:\/\/testwebsite.upevents.nl\/#website\",\"url\":\"https:\/\/testwebsite.upevents.nl\/\",\"name\":\"City Game\",\"description\":\"\",\"publisher\":{\"@id\":\"https:\/\/testwebsite.upevents.nl\/#organization\"},\"alternateName\":\"citygame.com\",\"potentialAction\":[{\"@type\":\"SearchAction\",\"target\":{\"@type\":\"EntryPoint\",\"urlTemplate\":\"https:\/\/testwebsite.upevents.nl\/?s={search_term_string}\"},\"query-input\":{\"@type\":\"PropertyValueSpecification\",\"valueRequired\":true,\"valueName\":\"search_term_string\"}}],\"inLanguage\":\"hu\"},{\"@type\":[\"Organization\",\"Place\"],\"@id\":\"https:\/\/testwebsite.upevents.nl\/#organization\",\"name\":\"City Game\",\"alternateName\":\"citygame.com\",\"url\":\"https:\/\/testwebsite.upevents.nl\/\",\"logo\":{\"@id\":\"https:\/\/testwebsite.citygame.com\/hu\/games\/bari\/sherlock-holmes-bari\/#local-main-organization-logo\"},\"image\":{\"@id\":\"https:\/\/testwebsite.citygame.com\/hu\/games\/bari\/sherlock-holmes-bari\/#local-main-organization-logo\"},\"sameAs\":[\"https:\/\/www.facebook.com\/profile.php?id=100086426226253\",\"https:\/\/www.instagram.com\/citygame_com\",\"https:\/\/www.tiktok.com\/@citygamecom\/\",\"https:\/\/www.linkedin.com\/company\/citygame-com\"],\"description\":\"Turn any city into a playground with our interactive City Games and self-guided tours. Fun, flexible, and ideal for groups and team building.\",\"telephone\":[],\"openingHoursSpecification\":[{\"@type\":\"OpeningHoursSpecification\",\"dayOfWeek\":[\"Monday\",\"Tuesday\",\"Wednesday\",\"Thursday\",\"Friday\",\"Saturday\",\"Sunday\"],\"opens\":\"09:00\",\"closes\":\"17:00\"}]},{\"@type\":\"ImageObject\",\"inLanguage\":\"hu\",\"@id\":\"https:\/\/testwebsite.citygame.com\/hu\/games\/bari\/sherlock-holmes-bari\/#local-main-organization-logo\",\"url\":\"https:\/\/testwebsite.citygame.com\/wp-content\/blogs.dir\/1\/files\/sites\/62\/2025\/10\/CG_LOGO-City-Game.png\",\"contentUrl\":\"https:\/\/testwebsite.citygame.com\/wp-content\/blogs.dir\/1\/files\/sites\/62\/2025\/10\/CG_LOGO-City-Game.png\",\"width\":351,\"height\":377,\"caption\":\"City Game\"}]}<\/script>\n<!-- \/ Yoast SEO Premium plugin. -->","yoast_head_json":{"title":"Sherlock Holmes Bari - City Game","description":"Sherlock Holmes Bari. J\u00e1tsszon egy \u00f6nvezet\u0151 gyilkoss\u00e1gi rejt\u00e9lyes V\u00e1rosi J\u00e1t\u00e9kkal, oldjon meg rejtv\u00e9nyeket, k\u00f6vesse a nyomokat \u00e9s fedezze fel a gyilkost a saj\u00e1t temp\u00f3j\u00e1ban!","robots":{"index":"noindex","follow":"follow","max-snippet":"max-snippet:-1","max-image-preview":"max-image-preview:large","max-video-preview":"max-video-preview:-1"},"og_locale":"hu_HU","og_type":"article","og_title":"Sherlock Holmes Bari","og_description":"Sherlock Holmes Bari. J\u00e1tsszon egy \u00f6nvezet\u0151 gyilkoss\u00e1gi rejt\u00e9lyes V\u00e1rosi J\u00e1t\u00e9kkal, oldjon meg rejtv\u00e9nyeket, k\u00f6vesse a nyomokat \u00e9s fedezze fel a gyilkost a saj\u00e1t temp\u00f3j\u00e1ban!","og_url":"https:\/\/testwebsite.citygame.com\/hu\/games\/bari\/sherlock-holmes-bari\/","og_site_name":"City Game","article_publisher":"https:\/\/www.facebook.com\/profile.php?id=100086426226253","article_modified_time":"2026-04-07T18:46:18+00:00","og_image":[{"width":1344,"height":768,"url":"https:\/\/testwebsite.citygame.com\/wp-content\/blogs.dir\/1\/files\/sites\/62\/2026\/02\/sherlock-player-phone-street-bari.jpg","type":"image\/jpeg"}],"twitter_card":"summary_large_image","twitter_misc":{"Becs\u00fclt olvas\u00e1si id\u0151":"1 perc"},"schema":{"@context":"https:\/\/schema.org","@graph":[{"@type":"WebPage","@id":"https:\/\/testwebsite.citygame.com\/hu\/games\/bari\/sherlock-holmes-bari\/","url":"https:\/\/testwebsite.citygame.com\/hu\/games\/bari\/sherlock-holmes-bari\/","name":"Sherlock Holmes Bari - City Game","isPartOf":{"@id":"https:\/\/testwebsite.upevents.nl\/#website"},"primaryImageOfPage":{"@id":"https:\/\/testwebsite.citygame.com\/hu\/games\/bari\/sherlock-holmes-bari\/#primaryimage"},"image":{"@id":"https:\/\/testwebsite.citygame.com\/hu\/games\/bari\/sherlock-holmes-bari\/#primaryimage"},"thumbnailUrl":"https:\/\/testwebsite.citygame.com\/wp-content\/blogs.dir\/1\/files\/sites\/62\/2026\/02\/sherlock-player-phone-street-bari.jpg","datePublished":"2026-02-09T08:57:49+00:00","dateModified":"2026-04-07T18:46:18+00:00","description":"Sherlock Holmes Bari. J\u00e1tsszon egy \u00f6nvezet\u0151 gyilkoss\u00e1gi rejt\u00e9lyes V\u00e1rosi J\u00e1t\u00e9kkal, oldjon meg rejtv\u00e9nyeket, k\u00f6vesse a nyomokat \u00e9s fedezze fel a gyilkost a saj\u00e1t temp\u00f3j\u00e1ban!","breadcrumb":{"@id":"https:\/\/testwebsite.citygame.com\/hu\/games\/bari\/sherlock-holmes-bari\/#breadcrumb"},"inLanguage":"hu","potentialAction":[{"@type":"ReadAction","target":["https:\/\/testwebsite.citygame.com\/hu\/games\/bari\/sherlock-holmes-bari\/"]}]},{"@type":"ImageObject","inLanguage":"hu","@id":"https:\/\/testwebsite.citygame.com\/hu\/games\/bari\/sherlock-holmes-bari\/#primaryimage","url":"https:\/\/testwebsite.citygame.com\/wp-content\/blogs.dir\/1\/files\/sites\/62\/2026\/02\/sherlock-player-phone-street-bari.jpg","contentUrl":"https:\/\/testwebsite.citygame.com\/wp-content\/blogs.dir\/1\/files\/sites\/62\/2026\/02\/sherlock-player-phone-street-bari.jpg","width":1344,"height":768,"caption":"A player navigates a historic street in Bari while solving a challenge on her smartphone."},{"@type":"BreadcrumbList","@id":"https:\/\/testwebsite.citygame.com\/hu\/games\/bari\/sherlock-holmes-bari\/#breadcrumb","itemListElement":[{"@type":"ListItem","position":1,"name":"Home","item":"https:\/\/testwebsite.citygame.com\/hu\/"},{"@type":"ListItem","position":2,"name":"Shop","item":"https:\/\/testwebsite.citygame.com\/shop\/"},{"@type":"ListItem","position":3,"name":"Sherlock Holmes Bari"}]},{"@type":"WebSite","@id":"https:\/\/testwebsite.upevents.nl\/#website","url":"https:\/\/testwebsite.upevents.nl\/","name":"City Game","description":"","publisher":{"@id":"https:\/\/testwebsite.upevents.nl\/#organization"},"alternateName":"citygame.com","potentialAction":[{"@type":"SearchAction","target":{"@type":"EntryPoint","urlTemplate":"https:\/\/testwebsite.upevents.nl\/?s={search_term_string}"},"query-input":{"@type":"PropertyValueSpecification","valueRequired":true,"valueName":"search_term_string"}}],"inLanguage":"hu"},{"@type":["Organization","Place"],"@id":"https:\/\/testwebsite.upevents.nl\/#organization","name":"City Game","alternateName":"citygame.com","url":"https:\/\/testwebsite.upevents.nl\/","logo":{"@id":"https:\/\/testwebsite.citygame.com\/hu\/games\/bari\/sherlock-holmes-bari\/#local-main-organization-logo"},"image":{"@id":"https:\/\/testwebsite.citygame.com\/hu\/games\/bari\/sherlock-holmes-bari\/#local-main-organization-logo"},"sameAs":["https:\/\/www.facebook.com\/profile.php?id=100086426226253","https:\/\/www.instagram.com\/citygame_com","https:\/\/www.tiktok.com\/@citygamecom\/","https:\/\/www.linkedin.com\/company\/citygame-com"],"description":"Turn any city into a playground with our interactive City Games and self-guided tours. Fun, flexible, and ideal for groups and team building.","telephone":[],"openingHoursSpecification":[{"@type":"OpeningHoursSpecification","dayOfWeek":["Monday","Tuesday","Wednesday","Thursday","Friday","Saturday","Sunday"],"opens":"09:00","closes":"17:00"}]},{"@type":"ImageObject","inLanguage":"hu","@id":"https:\/\/testwebsite.citygame.com\/hu\/games\/bari\/sherlock-holmes-bari\/#local-main-organization-logo","url":"https:\/\/testwebsite.citygame.com\/wp-content\/blogs.dir\/1\/files\/sites\/62\/2025\/10\/CG_LOGO-City-Game.png","contentUrl":"https:\/\/testwebsite.citygame.com\/wp-content\/blogs.dir\/1\/files\/sites\/62\/2025\/10\/CG_LOGO-City-Game.png","width":351,"height":377,"caption":"City Game"}]}},"taxonomy_info":{"game-concept":[{"value":776,"label":"Sherlock"}],"location":[{"value":78,"label":"Bari"}],"product_cat":[{"value":27,"label":"Geen categorie"}]},"featured_image_src_large":["https:\/\/testwebsite.citygame.com\/wp-content\/blogs.dir\/1\/files\/sites\/62\/2026\/02\/sherlock-player-phone-street-bari-1024x585.jpg",1024,585,true],"author_info":[],"comment_info":"","_links":{"self":[{"href":"https:\/\/testwebsite.citygame.com\/hu\/wp-json\/wp\/v2\/product\/54374","targetHints":{"allow":["GET"]}}],"collection":[{"href":"https:\/\/testwebsite.citygame.com\/hu\/wp-json\/wp\/v2\/product"}],"about":[{"href":"https:\/\/testwebsite.citygame.com\/hu\/wp-json\/wp\/v2\/types\/product"}],"acf:post":[{"embeddable":true,"href":"https:\/\/testwebsite.citygame.com\/hu\/wp-json\/wp\/v2\/pages\/8511"}],"wp:featuredmedia":[{"embeddable":true,"href":"https:\/\/testwebsite.citygame.com\/hu\/wp-json\/wp\/v2\/media\/11619"}],"wp:attachment":[{"href":"https:\/\/testwebsite.citygame.com\/hu\/wp-json\/wp\/v2\/media?parent=54374"}],"wp:term":[{"taxonomy":"game-concept","embeddable":true,"href":"https:\/\/testwebsite.citygame.com\/hu\/wp-json\/wp\/v2\/game-concept?post=54374"},{"taxonomy":"location","embeddable":true,"href":"https:\/\/testwebsite.citygame.com\/hu\/wp-json\/wp\/v2\/location?post=54374"},{"taxonomy":"product_brand","embeddable":true,"href":"https:\/\/testwebsite.citygame.com\/hu\/wp-json\/wp\/v2\/product_brand?post=54374"},{"taxonomy":"product_cat","embeddable":true,"href":"https:\/\/testwebsite.citygame.com\/hu\/wp-json\/wp\/v2\/product_cat?post=54374"},{"taxonomy":"product_tag","embeddable":true,"href":"https:\/\/testwebsite.citygame.com\/hu\/wp-json\/wp\/v2\/product_tag?post=54374"}],"curies":[{"name":"wp","href":"https:\/\/api.w.org\/{rel}","templated":true}]}}