{"id":53876,"date":"2026-01-13T15:40:31","date_gmt":"2026-01-13T15:40:31","guid":{"rendered":"https:\/\/testwebsite.citygame.com\/games\/unknown-location\/secrets-of-zaandam\/"},"modified":"2026-04-07T17:49:53","modified_gmt":"2026-04-07T17:49:53","slug":"secrets-of-zaandam","status":"publish","type":"product","link":"https:\/\/testwebsite.citygame.com\/hu\/games\/zaandam\/secrets-of-zaandam\/","title":{"rendered":"Secrets of Zaandam"},"content":{"rendered":"<p>A Secrets of Zaandam v\u00e1rosi j\u00e1t\u00e9k egy \u00f6nvezet\u0151, GPS-alap\u00fa j\u00e1t\u00e9k, amely Zaandam belv\u00e1ros\u00e1ban zajlik. Okostelefonod seg\u00edts\u00e9g\u00e9vel fedezheted fel a k\u00f6rny\u00e9ket, mik\u00f6zben rejtv\u00e9nyeket, tal\u00e1l\u00f3s k\u00e9rd\u00e9seket \u00e9s fot\u00f3feladatokat oldasz meg, amelyek felt\u00e1rj\u00e1k a v\u00e1ros kult\u00far\u00e1j\u00e1nak \u00e9s t\u00f6rt\u00e9nelm\u00e9nek rejtett r\u00e9szleteit. Ez a felfedez\u0151 j\u00e1t\u00e9k mag\u00e1val ragad\u00f3 m\u00f3dot k\u00edn\u00e1l mind a j\u00f3l ismert nevezetess\u00e9gek, mind a kev\u00e9sb\u00e9 ismert t\u00f6rt\u00e9netek felfedez\u00e9s\u00e9re. Az \u00e9lm\u00e9ny alkalmas Zaandamr\u00f3l t\u00f6bbet megtudni v\u00e1gy\u00f3 l\u00e1togat\u00f3k sz\u00e1m\u00e1ra, valamint a helyieknek is, akik \u00faj n\u00e9z\u0151pontb\u00f3l szeretn\u00e9k megismerni v\u00e1rosukat. Rugalmas j\u00e1t\u00e9kra tervezve, a City Game Zaandam kiv\u00e1l\u00f3an m\u0171k\u00f6dik egy\u00e9ni kalandoroknak, p\u00e1roknak, csal\u00e1doknak \u00e9s bar\u00e1ti t\u00e1rsas\u00e1goknak egyar\u00e1nt.<\/p>\n","protected":false},"excerpt":{"rendered":"<p>Fejtsd meg Zaandam rejtett titkait! S\u00e9t\u00e1lj sz\u00ednes h\u00e1zak \u00e9s zsibong\u00f3 piacok k\u00f6z\u00f6tt, \u00e9rezd a haj\u00f3gy\u00e1rak \u00e9s v\u00edzi utak energi\u00e1j\u00e1t, \u00e9s seg\u00edts Nagy P\u00e9ter c\u00e1rnak visszaszerezni ellopott tervrajzait, mik\u00f6zben felfedezed a v\u00e1ros m\u00faltj\u00e1t \u00e9s l\u00fcktet\u0151 jelen\u00e9t.<\/p>\n","protected":false},"featured_media":3882,"template":"","meta":{"_acf_changed":false,"_yoast_wpseo_focuskw":"Secrets of Zaandam","_yoast_wpseo_metadesc":"Secrets of Zaandam. J\u00e1tssz egy \u00f6nvezet\u0151 v\u00e1rosi j\u00e1t\u00e9kot, \u00e9s fedezd fel a v\u00e1rost rejtv\u00e9nyek, tal\u00e1l\u00f3s k\u00e9rd\u00e9sek \u00e9s kih\u00edv\u00e1sok seg\u00edts\u00e9g\u00e9vel. J\u00e1tssz a saj\u00e1t temp\u00f3dban, \u00e9s fedezz fel, mint egy helyi!","_kad_blocks_custom_css":"","_kad_blocks_head_custom_js":"","_kad_blocks_body_custom_js":"","_kad_blocks_footer_custom_js":"","ghostkit_customizer_options":"","ghostkit_custom_css":"","ghostkit_custom_js_head":"","ghostkit_custom_js_foot":"","ghostkit_typography":"","_kad_post_transparent":"","_kad_post_title":"","_kad_post_layout":"","_kad_post_sidebar_id":"","_kad_post_content_style":"","_kad_post_vertical_padding":"","_kad_post_feature":"","_kad_post_feature_position":"","_kad_post_header":false,"_kad_post_footer":false,"_kad_post_classname":"","_links_to":"","_links_to_target":""},"game-concept":[715],"location":[431],"product_brand":[],"product_cat":[27],"product_tag":[],"class_list":{"0":"post-53876","1":"product","2":"type-product","3":"status-publish","4":"has-post-thumbnail","6":"game-concept-secrets","7":"location-zaandam","8":"product_cat-geen-categorie","10":"first","11":"instock","12":"shipping-taxable","13":"purchasable","14":"product-type-simple","15":"entry","16":"content-bg","17":"loop-entry"},"acf":{"full_bokun_product_name":"Self-Guided Secrets of Zaandam Exploration Game","location_name":"Zaandam","bokun_calendar_widget_code":"<script type=\"text\/javascript\" src=\"https:\/\/widgets.bokun.io\/assets\/javascripts\/apps\/build\/BokunWidgetsLoader.js?bookingChannelUUID=a1e93e96-5232-4734-a595-28405f4b5a31\" async><\/script>\n     \n    <div class=\"bokunWidget\" data-src=\"https:\/\/widgets.bokun.io\/online-sales\/a1e93e96-5232-4734-a595-28405f4b5a31\/experience-calendar\/1001952\"><\/div>\n    <noscript>Please enable javascript in your browser to book<\/noscript>","bokun_button_widget_code":"<script type=\"text\/javascript\" src=\"https:\/\/widgets.bokun.io\/assets\/javascripts\/apps\/build\/BokunWidgetsLoader.js?bookingChannelUUID=a1e93e96-5232-4734-a595-28405f4b5a31\" async><\/script>\n      <style> #bokun_ed001e45_5927_4f62_b470_ca766338d083 { display: inline-block; padding: .4em 1em; background: #47b82e; border-radius: 999999px; box-shadow: none; font-weight: 600; font-size: 24px; text-decoration: none; text-align: center; color: #FFFFFF; border:none; cursor: pointer; transition: background .2s ease; } #bokun_ed001e45_5927_4f62_b470_ca766338d083:hover{ background: #2f7b1f; } #bokun_ed001e45_5927_4f62_b470_ca766338d083:active{ background: #378f24; } <\/style> <button class=\"bokunButton\" disabled id=bokun_ed001e45_5927_4f62_b470_ca766338d083 data-src=\"https:\/\/widgets.bokun.io\/online-sales\/a1e93e96-5232-4734-a595-28405f4b5a31\/experience-calendar\/1001952?partialView=1\" data-testid=\"widget-book-button\" > Book now <\/button> ","what_you\u2019ll_experience_during_the_game":"Mik\u00f6zben a V\u00e1rosi J\u00e1t\u00e9k seg\u00edts\u00e9g\u00e9vel Zaandamot j\u00e1rod, egy olyan t\u00f6rt\u00e9net r\u00e9szese leszel, amely val\u00f3s helysz\u00edneket \u00f6tv\u00f6z mag\u00e1val ragad\u00f3 felfedez\u00e9ssel. Az \u00e9lm\u00e9ny elvezet a v\u00e1ros ismert \u00e9s rejtett helyeire egyar\u00e1nt, arra \u00f6szt\u00f6n\u00f6zve, hogy alaposabban n\u00e9zd meg a k\u00f6rnyezetedet. Elhaladsz olyan nevezetess\u00e9gek mellett, mint az Inntel Hotel Zaandam szokatlan homlokzata, a hangulatos Gedempte Gracht \u00e9s a t\u00f6rt\u00e9nelmi Grote Sluis, melyek mindegyike betekint\u00e9st enged a v\u00e1ros r\u00e9tegzett m\u00faltj\u00e1ba \u00e9s fejl\u0151d\u0151 identit\u00e1s\u00e1ba. \u00datk\u00f6zben olyan helysz\u00ednek, mint a Nagy P\u00e9ter c\u00e1r szobor \u00e9s a Rozengracht Piac elm\u00e9ly\u00edtik a helyhez \u00e9s a t\u00f6rt\u00e9nelemhez val\u00f3 viszonyodat, felt\u00e1rva Zaandam egyedi jelleg\u00e9t.\n\nA j\u00e1t\u00e9k sor\u00e1n rejtv\u00e9nyek, tal\u00e1l\u00f3s k\u00e9rd\u00e9sek \u00e9s kreat\u00edv kih\u00edv\u00e1sok kever\u00e9k\u00e9t oldod meg, amelyek arra h\u00edvnak, hogy elgondolkodtat\u00f3 m\u00f3don l\u00e9pj interakci\u00f3ba a v\u00e1rossal. Minden teljes\u00edtett feladat pontokat, tippeket vagy halad\u00e1st eredm\u00e9nyez egy, az \u00fatvonalba sz\u0151tt v\u00e9gs\u0151 rejt\u00e9ly fel\u00e9. B\u00e1rmikor sz\u00fcneteltetheted a j\u00e1t\u00e9kot, \u00e9s folytathatod, amikor az id\u0151beoszt\u00e1sodnak megfelel, \u00edgy rugalmasan fedezheted fel Zaandamot. Azok sz\u00e1m\u00e1ra, akik szeretik a versenyt, csapatok \u00e9s egy\u00e9nek is megc\u00e9lozhatj\u00e1k a legmagasabb pontsz\u00e1mot a ranglist\u00e1n, mik\u00f6zben felfedezik a v\u00e1ros rejtett t\u00f6rt\u00e9neteit.","how_to_play":"A foglal\u00e1s ut\u00e1n e-mailt kapsz egy k\u00f6zvetlen j\u00e1t\u00e9klinkkel. Egyszer\u0171en menj a kezd\u0151helysz\u00ednre, a Monument Februaristaking 1941-hez, \u00e9s kezdj\u00e9tek el a j\u00e1t\u00e9kot, amikor k\u00e9szen \u00e1lltok. A GPS-alap\u00fa v\u00e1rosi j\u00e1t\u00e9k b\u00e1rmikor sz\u00fcneteltethet\u0151, \u00edgy szabadon folytathatod k\u00e9s\u0151bb, a saj\u00e1t temp\u00f3dban.","start_location":"Zaandam, Monument Februaristaking 1941","available_languages":[],"players_per_group":"1-4","duration":"1.5-2 hours","image_overlay_color_image":"https:\/\/testwebsite.citygame.com\/wp-content\/blogs.dir\/1\/files\/sites\/62\/2026\/01\/SecretsColor.svg","image_overlay_game_logo":"https:\/\/testwebsite.citygame.com\/wp-content\/blogs.dir\/1\/files\/sites\/62\/2026\/01\/SecretsLogo.png","city_page":15899,"woocommerce_general_content":null},"yoast_head":"<!-- This site is optimized with the Yoast SEO Premium plugin v26.2 (Yoast SEO v26.3) - https:\/\/yoast.com\/wordpress\/plugins\/seo\/ -->\n<title>Secrets of Zaandam - City Game<\/title>\n<meta name=\"description\" content=\"Secrets of Zaandam. J\u00e1tssz egy \u00f6nvezet\u0151 v\u00e1rosi j\u00e1t\u00e9kot, \u00e9s fedezd fel a v\u00e1rost rejtv\u00e9nyek, tal\u00e1l\u00f3s k\u00e9rd\u00e9sek \u00e9s kih\u00edv\u00e1sok seg\u00edts\u00e9g\u00e9vel. J\u00e1tssz a saj\u00e1t temp\u00f3dban, \u00e9s fedezz fel, mint egy helyi!\" \/>\n<meta name=\"robots\" content=\"noindex, follow, max-snippet:-1, max-image-preview:large, max-video-preview:-1\" \/>\n<meta property=\"og:locale\" content=\"hu_HU\" \/>\n<meta property=\"og:type\" content=\"article\" \/>\n<meta property=\"og:title\" content=\"Secrets of Zaandam\" \/>\n<meta property=\"og:description\" content=\"Secrets of Zaandam. J\u00e1tssz egy \u00f6nvezet\u0151 v\u00e1rosi j\u00e1t\u00e9kot, \u00e9s fedezd fel a v\u00e1rost rejtv\u00e9nyek, tal\u00e1l\u00f3s k\u00e9rd\u00e9sek \u00e9s kih\u00edv\u00e1sok seg\u00edts\u00e9g\u00e9vel. J\u00e1tssz a saj\u00e1t temp\u00f3dban, \u00e9s fedezz fel, mint egy helyi!\" \/>\n<meta property=\"og:url\" content=\"https:\/\/testwebsite.citygame.com\/hu\/games\/zaandam\/secrets-of-zaandam\/\" \/>\n<meta property=\"og:site_name\" content=\"City Game\" \/>\n<meta property=\"article:publisher\" content=\"https:\/\/www.facebook.com\/profile.php?id=100086426226253\" \/>\n<meta property=\"article:modified_time\" content=\"2026-04-07T17:49:53+00:00\" \/>\n<meta property=\"og:image\" content=\"https:\/\/testwebsite.citygame.com\/wp-content\/blogs.dir\/1\/files\/sites\/62\/2026\/01\/woman-playing-city-game-zaandam-waterfront.jpg\" \/>\n\t<meta property=\"og:image:width\" content=\"1024\" \/>\n\t<meta property=\"og:image:height\" content=\"1024\" \/>\n\t<meta property=\"og:image:type\" content=\"image\/jpeg\" \/>\n<meta name=\"twitter:card\" content=\"summary_large_image\" \/>\n<meta name=\"twitter:label1\" content=\"Becs\u00fclt olvas\u00e1si id\u0151\" \/>\n\t<meta name=\"twitter:data1\" content=\"1 perc\" \/>\n<script type=\"application\/ld+json\" class=\"yoast-schema-graph\">{\"@context\":\"https:\/\/schema.org\",\"@graph\":[{\"@type\":\"WebPage\",\"@id\":\"https:\/\/testwebsite.citygame.com\/hu\/games\/zaandam\/secrets-of-zaandam\/\",\"url\":\"https:\/\/testwebsite.citygame.com\/hu\/games\/zaandam\/secrets-of-zaandam\/\",\"name\":\"Secrets of Zaandam - City Game\",\"isPartOf\":{\"@id\":\"https:\/\/testwebsite.upevents.nl\/#website\"},\"primaryImageOfPage\":{\"@id\":\"https:\/\/testwebsite.citygame.com\/hu\/games\/zaandam\/secrets-of-zaandam\/#primaryimage\"},\"image\":{\"@id\":\"https:\/\/testwebsite.citygame.com\/hu\/games\/zaandam\/secrets-of-zaandam\/#primaryimage\"},\"thumbnailUrl\":\"https:\/\/testwebsite.citygame.com\/wp-content\/blogs.dir\/1\/files\/sites\/62\/2026\/01\/woman-playing-city-game-zaandam-waterfront.jpg\",\"datePublished\":\"2026-01-13T15:40:31+00:00\",\"dateModified\":\"2026-04-07T17:49:53+00:00\",\"description\":\"Secrets of Zaandam. J\u00e1tssz egy \u00f6nvezet\u0151 v\u00e1rosi j\u00e1t\u00e9kot, \u00e9s fedezd fel a v\u00e1rost rejtv\u00e9nyek, tal\u00e1l\u00f3s k\u00e9rd\u00e9sek \u00e9s kih\u00edv\u00e1sok seg\u00edts\u00e9g\u00e9vel. J\u00e1tssz a saj\u00e1t temp\u00f3dban, \u00e9s fedezz fel, mint egy helyi!\",\"breadcrumb\":{\"@id\":\"https:\/\/testwebsite.citygame.com\/hu\/games\/zaandam\/secrets-of-zaandam\/#breadcrumb\"},\"inLanguage\":\"hu\",\"potentialAction\":[{\"@type\":\"ReadAction\",\"target\":[\"https:\/\/testwebsite.citygame.com\/hu\/games\/zaandam\/secrets-of-zaandam\/\"]}]},{\"@type\":\"ImageObject\",\"inLanguage\":\"hu\",\"@id\":\"https:\/\/testwebsite.citygame.com\/hu\/games\/zaandam\/secrets-of-zaandam\/#primaryimage\",\"url\":\"https:\/\/testwebsite.citygame.com\/wp-content\/blogs.dir\/1\/files\/sites\/62\/2026\/01\/woman-playing-city-game-zaandam-waterfront.jpg\",\"contentUrl\":\"https:\/\/testwebsite.citygame.com\/wp-content\/blogs.dir\/1\/files\/sites\/62\/2026\/01\/woman-playing-city-game-zaandam-waterfront.jpg\",\"width\":1024,\"height\":1024,\"caption\":\"A player uses the City Game app on her smartphone with the Zaandam waterfront in the background.\"},{\"@type\":\"BreadcrumbList\",\"@id\":\"https:\/\/testwebsite.citygame.com\/hu\/games\/zaandam\/secrets-of-zaandam\/#breadcrumb\",\"itemListElement\":[{\"@type\":\"ListItem\",\"position\":1,\"name\":\"Home\",\"item\":\"https:\/\/testwebsite.citygame.com\/hu\/\"},{\"@type\":\"ListItem\",\"position\":2,\"name\":\"Shop\",\"item\":\"https:\/\/testwebsite.citygame.com\/shop\/\"},{\"@type\":\"ListItem\",\"position\":3,\"name\":\"Secrets of Zaandam\"}]},{\"@type\":\"WebSite\",\"@id\":\"https:\/\/testwebsite.upevents.nl\/#website\",\"url\":\"https:\/\/testwebsite.upevents.nl\/\",\"name\":\"City Game\",\"description\":\"\",\"publisher\":{\"@id\":\"https:\/\/testwebsite.upevents.nl\/#organization\"},\"alternateName\":\"citygame.com\",\"potentialAction\":[{\"@type\":\"SearchAction\",\"target\":{\"@type\":\"EntryPoint\",\"urlTemplate\":\"https:\/\/testwebsite.upevents.nl\/?s={search_term_string}\"},\"query-input\":{\"@type\":\"PropertyValueSpecification\",\"valueRequired\":true,\"valueName\":\"search_term_string\"}}],\"inLanguage\":\"hu\"},{\"@type\":[\"Organization\",\"Place\"],\"@id\":\"https:\/\/testwebsite.upevents.nl\/#organization\",\"name\":\"City Game\",\"alternateName\":\"citygame.com\",\"url\":\"https:\/\/testwebsite.upevents.nl\/\",\"logo\":{\"@id\":\"https:\/\/testwebsite.citygame.com\/hu\/games\/zaandam\/secrets-of-zaandam\/#local-main-organization-logo\"},\"image\":{\"@id\":\"https:\/\/testwebsite.citygame.com\/hu\/games\/zaandam\/secrets-of-zaandam\/#local-main-organization-logo\"},\"sameAs\":[\"https:\/\/www.facebook.com\/profile.php?id=100086426226253\",\"https:\/\/www.instagram.com\/citygame_com\",\"https:\/\/www.tiktok.com\/@citygamecom\/\",\"https:\/\/www.linkedin.com\/company\/citygame-com\"],\"description\":\"Turn any city into a playground with our interactive City Games and self-guided tours. Fun, flexible, and ideal for groups and team building.\",\"telephone\":[],\"openingHoursSpecification\":[{\"@type\":\"OpeningHoursSpecification\",\"dayOfWeek\":[\"Monday\",\"Tuesday\",\"Wednesday\",\"Thursday\",\"Friday\",\"Saturday\",\"Sunday\"],\"opens\":\"09:00\",\"closes\":\"17:00\"}]},{\"@type\":\"ImageObject\",\"inLanguage\":\"hu\",\"@id\":\"https:\/\/testwebsite.citygame.com\/hu\/games\/zaandam\/secrets-of-zaandam\/#local-main-organization-logo\",\"url\":\"https:\/\/testwebsite.citygame.com\/wp-content\/blogs.dir\/1\/files\/sites\/62\/2025\/10\/CG_LOGO-City-Game.png\",\"contentUrl\":\"https:\/\/testwebsite.citygame.com\/wp-content\/blogs.dir\/1\/files\/sites\/62\/2025\/10\/CG_LOGO-City-Game.png\",\"width\":351,\"height\":377,\"caption\":\"City Game\"}]}<\/script>\n<!-- \/ Yoast SEO Premium plugin. -->","yoast_head_json":{"title":"Secrets of Zaandam - City Game","description":"Secrets of Zaandam. J\u00e1tssz egy \u00f6nvezet\u0151 v\u00e1rosi j\u00e1t\u00e9kot, \u00e9s fedezd fel a v\u00e1rost rejtv\u00e9nyek, tal\u00e1l\u00f3s k\u00e9rd\u00e9sek \u00e9s kih\u00edv\u00e1sok seg\u00edts\u00e9g\u00e9vel. J\u00e1tssz a saj\u00e1t temp\u00f3dban, \u00e9s fedezz fel, mint egy helyi!","robots":{"index":"noindex","follow":"follow","max-snippet":"max-snippet:-1","max-image-preview":"max-image-preview:large","max-video-preview":"max-video-preview:-1"},"og_locale":"hu_HU","og_type":"article","og_title":"Secrets of Zaandam","og_description":"Secrets of Zaandam. J\u00e1tssz egy \u00f6nvezet\u0151 v\u00e1rosi j\u00e1t\u00e9kot, \u00e9s fedezd fel a v\u00e1rost rejtv\u00e9nyek, tal\u00e1l\u00f3s k\u00e9rd\u00e9sek \u00e9s kih\u00edv\u00e1sok seg\u00edts\u00e9g\u00e9vel. J\u00e1tssz a saj\u00e1t temp\u00f3dban, \u00e9s fedezz fel, mint egy helyi!","og_url":"https:\/\/testwebsite.citygame.com\/hu\/games\/zaandam\/secrets-of-zaandam\/","og_site_name":"City Game","article_publisher":"https:\/\/www.facebook.com\/profile.php?id=100086426226253","article_modified_time":"2026-04-07T17:49:53+00:00","og_image":[{"width":1024,"height":1024,"url":"https:\/\/testwebsite.citygame.com\/wp-content\/blogs.dir\/1\/files\/sites\/62\/2026\/01\/woman-playing-city-game-zaandam-waterfront.jpg","type":"image\/jpeg"}],"twitter_card":"summary_large_image","twitter_misc":{"Becs\u00fclt olvas\u00e1si id\u0151":"1 perc"},"schema":{"@context":"https:\/\/schema.org","@graph":[{"@type":"WebPage","@id":"https:\/\/testwebsite.citygame.com\/hu\/games\/zaandam\/secrets-of-zaandam\/","url":"https:\/\/testwebsite.citygame.com\/hu\/games\/zaandam\/secrets-of-zaandam\/","name":"Secrets of Zaandam - City Game","isPartOf":{"@id":"https:\/\/testwebsite.upevents.nl\/#website"},"primaryImageOfPage":{"@id":"https:\/\/testwebsite.citygame.com\/hu\/games\/zaandam\/secrets-of-zaandam\/#primaryimage"},"image":{"@id":"https:\/\/testwebsite.citygame.com\/hu\/games\/zaandam\/secrets-of-zaandam\/#primaryimage"},"thumbnailUrl":"https:\/\/testwebsite.citygame.com\/wp-content\/blogs.dir\/1\/files\/sites\/62\/2026\/01\/woman-playing-city-game-zaandam-waterfront.jpg","datePublished":"2026-01-13T15:40:31+00:00","dateModified":"2026-04-07T17:49:53+00:00","description":"Secrets of Zaandam. J\u00e1tssz egy \u00f6nvezet\u0151 v\u00e1rosi j\u00e1t\u00e9kot, \u00e9s fedezd fel a v\u00e1rost rejtv\u00e9nyek, tal\u00e1l\u00f3s k\u00e9rd\u00e9sek \u00e9s kih\u00edv\u00e1sok seg\u00edts\u00e9g\u00e9vel. J\u00e1tssz a saj\u00e1t temp\u00f3dban, \u00e9s fedezz fel, mint egy helyi!","breadcrumb":{"@id":"https:\/\/testwebsite.citygame.com\/hu\/games\/zaandam\/secrets-of-zaandam\/#breadcrumb"},"inLanguage":"hu","potentialAction":[{"@type":"ReadAction","target":["https:\/\/testwebsite.citygame.com\/hu\/games\/zaandam\/secrets-of-zaandam\/"]}]},{"@type":"ImageObject","inLanguage":"hu","@id":"https:\/\/testwebsite.citygame.com\/hu\/games\/zaandam\/secrets-of-zaandam\/#primaryimage","url":"https:\/\/testwebsite.citygame.com\/wp-content\/blogs.dir\/1\/files\/sites\/62\/2026\/01\/woman-playing-city-game-zaandam-waterfront.jpg","contentUrl":"https:\/\/testwebsite.citygame.com\/wp-content\/blogs.dir\/1\/files\/sites\/62\/2026\/01\/woman-playing-city-game-zaandam-waterfront.jpg","width":1024,"height":1024,"caption":"A player uses the City Game app on her smartphone with the Zaandam waterfront in the background."},{"@type":"BreadcrumbList","@id":"https:\/\/testwebsite.citygame.com\/hu\/games\/zaandam\/secrets-of-zaandam\/#breadcrumb","itemListElement":[{"@type":"ListItem","position":1,"name":"Home","item":"https:\/\/testwebsite.citygame.com\/hu\/"},{"@type":"ListItem","position":2,"name":"Shop","item":"https:\/\/testwebsite.citygame.com\/shop\/"},{"@type":"ListItem","position":3,"name":"Secrets of Zaandam"}]},{"@type":"WebSite","@id":"https:\/\/testwebsite.upevents.nl\/#website","url":"https:\/\/testwebsite.upevents.nl\/","name":"City Game","description":"","publisher":{"@id":"https:\/\/testwebsite.upevents.nl\/#organization"},"alternateName":"citygame.com","potentialAction":[{"@type":"SearchAction","target":{"@type":"EntryPoint","urlTemplate":"https:\/\/testwebsite.upevents.nl\/?s={search_term_string}"},"query-input":{"@type":"PropertyValueSpecification","valueRequired":true,"valueName":"search_term_string"}}],"inLanguage":"hu"},{"@type":["Organization","Place"],"@id":"https:\/\/testwebsite.upevents.nl\/#organization","name":"City Game","alternateName":"citygame.com","url":"https:\/\/testwebsite.upevents.nl\/","logo":{"@id":"https:\/\/testwebsite.citygame.com\/hu\/games\/zaandam\/secrets-of-zaandam\/#local-main-organization-logo"},"image":{"@id":"https:\/\/testwebsite.citygame.com\/hu\/games\/zaandam\/secrets-of-zaandam\/#local-main-organization-logo"},"sameAs":["https:\/\/www.facebook.com\/profile.php?id=100086426226253","https:\/\/www.instagram.com\/citygame_com","https:\/\/www.tiktok.com\/@citygamecom\/","https:\/\/www.linkedin.com\/company\/citygame-com"],"description":"Turn any city into a playground with our interactive City Games and self-guided tours. Fun, flexible, and ideal for groups and team building.","telephone":[],"openingHoursSpecification":[{"@type":"OpeningHoursSpecification","dayOfWeek":["Monday","Tuesday","Wednesday","Thursday","Friday","Saturday","Sunday"],"opens":"09:00","closes":"17:00"}]},{"@type":"ImageObject","inLanguage":"hu","@id":"https:\/\/testwebsite.citygame.com\/hu\/games\/zaandam\/secrets-of-zaandam\/#local-main-organization-logo","url":"https:\/\/testwebsite.citygame.com\/wp-content\/blogs.dir\/1\/files\/sites\/62\/2025\/10\/CG_LOGO-City-Game.png","contentUrl":"https:\/\/testwebsite.citygame.com\/wp-content\/blogs.dir\/1\/files\/sites\/62\/2025\/10\/CG_LOGO-City-Game.png","width":351,"height":377,"caption":"City Game"}]}},"taxonomy_info":{"game-concept":[{"value":715,"label":"Secrets"}],"location":[{"value":431,"label":"Zaandam"}],"product_cat":[{"value":27,"label":"Geen categorie"}]},"featured_image_src_large":["https:\/\/testwebsite.citygame.com\/wp-content\/blogs.dir\/1\/files\/sites\/62\/2026\/01\/woman-playing-city-game-zaandam-waterfront.jpg",1024,1024,false],"author_info":[],"comment_info":"","_links":{"self":[{"href":"https:\/\/testwebsite.citygame.com\/hu\/wp-json\/wp\/v2\/product\/53876","targetHints":{"allow":["GET"]}}],"collection":[{"href":"https:\/\/testwebsite.citygame.com\/hu\/wp-json\/wp\/v2\/product"}],"about":[{"href":"https:\/\/testwebsite.citygame.com\/hu\/wp-json\/wp\/v2\/types\/product"}],"acf:post":[{"embeddable":true,"href":"https:\/\/testwebsite.citygame.com\/hu\/wp-json\/wp\/v2\/pages\/15899"}],"wp:featuredmedia":[{"embeddable":true,"href":"https:\/\/testwebsite.citygame.com\/hu\/wp-json\/wp\/v2\/media\/3882"}],"wp:attachment":[{"href":"https:\/\/testwebsite.citygame.com\/hu\/wp-json\/wp\/v2\/media?parent=53876"}],"wp:term":[{"taxonomy":"game-concept","embeddable":true,"href":"https:\/\/testwebsite.citygame.com\/hu\/wp-json\/wp\/v2\/game-concept?post=53876"},{"taxonomy":"location","embeddable":true,"href":"https:\/\/testwebsite.citygame.com\/hu\/wp-json\/wp\/v2\/location?post=53876"},{"taxonomy":"product_brand","embeddable":true,"href":"https:\/\/testwebsite.citygame.com\/hu\/wp-json\/wp\/v2\/product_brand?post=53876"},{"taxonomy":"product_cat","embeddable":true,"href":"https:\/\/testwebsite.citygame.com\/hu\/wp-json\/wp\/v2\/product_cat?post=53876"},{"taxonomy":"product_tag","embeddable":true,"href":"https:\/\/testwebsite.citygame.com\/hu\/wp-json\/wp\/v2\/product_tag?post=53876"}],"curies":[{"name":"wp","href":"https:\/\/api.w.org\/{rel}","templated":true}]}}