{"id":53759,"date":"2026-02-04T08:18:56","date_gmt":"2026-02-04T08:18:56","guid":{"rendered":"https:\/\/testwebsite.citygame.com\/games\/unknown-location\/sherlock-holmes-frankfurt\/"},"modified":"2026-04-07T17:35:57","modified_gmt":"2026-04-07T17:35:57","slug":"sherlock-holmes-frankfurt","status":"publish","type":"product","link":"https:\/\/testwebsite.citygame.com\/hu\/games\/frankfurt\/sherlock-holmes-frankfurt\/","title":{"rendered":"Sherlock Holmes Frankfurt"},"content":{"rendered":"<p>A Sherlock Holmes V\u00e1rosi J\u00e1t\u00e9k Frankfurt belv\u00e1ros\u00e1ban egy \u00f6nvezet\u0151, t\u00f6rt\u00e9netk\u00f6zpont\u00fa gyilkoss\u00e1gi rejt\u00e9ly, amely a v\u00e1rosi t\u00e1jat egy izgalmas detekt\u00edv\u00fcgy helysz\u00edn\u00e9v\u00e9 v\u00e1ltoztatja. Ahogy a nyomoz\u00e1s kibontakozik, a j\u00e1t\u00e9kosok bej\u00e1rj\u00e1k Frankfurt sz\u00edv\u00e9t, nyomokat gy\u0171jtenek, fejt\u00f6r\u0151ket oldanak meg \u00e9s digit\u00e1lis gyan\u00fas\u00edtottakat hallgatnak ki, hogy felt\u00e1rj\u00e1k az igazs\u00e1got egy, a Liberty Fesztiv\u00e1l alatt t\u00f6rt\u00e9nt gyilkoss\u00e1g m\u00f6g\u00f6tt. Elmer\u00fclve Sherlock Holmes vil\u00e1g\u00e1ban, a r\u00e9sztvev\u0151k saj\u00e1t temp\u00f3jukban k\u00f6vethetik a fordulatos narrat\u00edv\u00e1t, \u00e1t\u00e9lve a dedukci\u00f3 \u00e9s a felfedez\u00e9s izgalm\u00e1t egy modern detekt\u00edvkalandban.<\/p>\n","protected":false},"excerpt":{"rendered":"<p>L\u00e9pjen Sherlock Holmes legend\u00e1s nyomdokaiba ebben az izgalmas, \u00f6nvezet\u0151 gyilkoss\u00e1gi rejt\u00e9lyben, amely Frankfurtban j\u00e1tsz\u00f3dik. K\u00f6vesse a nyomokat, fejtsen meg rejt\u00e9lyes fejt\u00f6r\u0151ket, \u00e9s dolgozzon egy\u00fctt csapat\u00e1val az igazs\u00e1g felt\u00e1r\u00e1s\u00e1n &#8211; versenyfut\u00e1s az id\u0151vel, \u00fagyhogy \u00e1lljon k\u00e9szen a kih\u00edv\u00e1sra!<\/p>\n","protected":false},"featured_media":9976,"template":"","meta":{"_acf_changed":false,"_yoast_wpseo_focuskw":"Sherlock Holmes Frankfurt","_yoast_wpseo_metadesc":"Sherlock Holmes Frankfurt. J\u00e1tsszon egy \u00f6nvezet\u0151 gyilkoss\u00e1gi rejt\u00e9ly V\u00e1rosi J\u00e1t\u00e9kot, oldjon meg fejt\u00f6r\u0151ket, k\u00f6vessen nyomokat \u00e9s leplezze le a gyilkost a saj\u00e1t temp\u00f3j\u00e1ban!","_kad_blocks_custom_css":"","_kad_blocks_head_custom_js":"","_kad_blocks_body_custom_js":"","_kad_blocks_footer_custom_js":"","ghostkit_customizer_options":"","ghostkit_custom_css":"","ghostkit_custom_js_head":"","ghostkit_custom_js_foot":"","ghostkit_typography":"","_kad_post_transparent":"","_kad_post_title":"","_kad_post_layout":"","_kad_post_sidebar_id":"","_kad_post_content_style":"","_kad_post_vertical_padding":"","_kad_post_feature":"","_kad_post_feature_position":"","_kad_post_header":false,"_kad_post_footer":false,"_kad_post_classname":"","_links_to":"","_links_to_target":""},"game-concept":[776],"location":[167],"product_brand":[],"product_cat":[27],"product_tag":[],"class_list":{"0":"post-53759","1":"product","2":"type-product","3":"status-publish","4":"has-post-thumbnail","6":"game-concept-sherlock","7":"location-frankfurt","8":"product_cat-geen-categorie","10":"first","11":"instock","12":"shipping-taxable","13":"purchasable","14":"product-type-simple","15":"entry","16":"content-bg","17":"loop-entry"},"acf":{"full_bokun_product_name":"Frankfurt Self-Guided Sherlock Holmes Murder Mystery Game","location_name":"Frankfurt","bokun_calendar_widget_code":"<script type=\"text\/javascript\" src=\"https:\/\/widgets.bokun.io\/assets\/javascripts\/apps\/build\/BokunWidgetsLoader.js?bookingChannelUUID=a1e93e96-5232-4734-a595-28405f4b5a31\" async><\/script>\n     \n    <div class=\"bokunWidget\" data-src=\"https:\/\/widgets.bokun.io\/online-sales\/a1e93e96-5232-4734-a595-28405f4b5a31\/experience-calendar\/726118\"><\/div>\n    <noscript>Please enable javascript in your browser to book<\/noscript>","bokun_button_widget_code":"<script type=\"text\/javascript\" src=\"https:\/\/widgets.bokun.io\/assets\/javascripts\/apps\/build\/BokunWidgetsLoader.js?bookingChannelUUID=a1e93e96-5232-4734-a595-28405f4b5a31\" async><\/script>\n      <style> #bokun_ed001e45_5927_4f62_b470_ca766338d083 { display: inline-block; padding: .4em 1em; background: #47b82e; border-radius: 999999px; box-shadow: none; font-weight: 600; font-size: 24px; text-decoration: none; text-align: center; color: #FFFFFF; border:none; cursor: pointer; transition: background .2s ease; } #bokun_ed001e45_5927_4f62_b470_ca766338d083:hover{ background: #2f7b1f; } #bokun_ed001e45_5927_4f62_b470_ca766338d083:active{ background: #378f24; } <\/style> <button class=\"bokunButton\" disabled id=bokun_ed001e45_5927_4f62_b470_ca766338d083 data-src=\"https:\/\/widgets.bokun.io\/online-sales\/a1e93e96-5232-4734-a595-28405f4b5a31\/experience-calendar\/726118?partialView=1\" data-testid=\"widget-book-button\" > Book now <\/button> ","what_you\u2019ll_experience_during_the_game":"L\u00e9pjen be egy mag\u00e1val ragad\u00f3 detekt\u00edvt\u00f6rt\u00e9netbe, mely Frankfurtban j\u00e1tsz\u00f3dik, ahol a Liberty Fesztiv\u00e1l sor\u00e1n t\u00f6rt\u00e9nt h\u00e1tborzongat\u00f3 gyilkoss\u00e1g megr\u00e1zta a v\u00e1rost. Ahogy bej\u00e1rja kanyarg\u00f3s utc\u00e1it, a nyomoz\u00e1s val\u00f3s id\u0151ben bontakozik ki, teljes m\u00e9rt\u00e9kben az \u00d6n d\u00f6nt\u00e9sei \u00e9s az \u00d6n \u00e1ltal k\u00f6vetett nyomok \u00e1ltal vez\u00e9relve. Minden l\u00e9p\u00e9sn\u00e9l nyomokat fedez fel, \u00f6sszetett fejt\u00f6r\u0151ket old meg, \u00e9s v\u00e1ratlan fordulatokkal szembes\u00fcl, amelyek nyitva tartj\u00e1k az \u00fcgyet. \u00datja az elm\u00e9lett\u0151l a gyan\u00faig vezet, mik\u00f6zben digit\u00e1lis gyan\u00fas\u00edtottakat hallgat ki, id\u0151vonalakat elemez \u00e9s ellentmond\u00e1sokat t\u00e1r fel alibijeikben.\n\nA kritikus gondolkod\u00e1s, az \u00e9les megfigyel\u00e9s \u00e9s a pontos dedukci\u00f3 a leg\u00e9rt\u00e9kesebb eszk\u00f6zei ebben a teljesen t\u00f6rt\u00e9netk\u00f6zpont\u00fa \u00e9lm\u00e9nyben. A rejt\u00e9ly az \u00d6n temp\u00f3j\u00e1hoz igazodik, \u00edgy b\u00e1rmikor sz\u00fcneteltetheti \u00e9s folytathatja. Ak\u00e1r egyed\u00fcl dolgozik, ak\u00e1r csapatban versenyez, d\u00f6nt\u00e9sei alak\u00edtj\u00e1k, hogyan der\u00fcl f\u00e9ny az igazs\u00e1gra. Frankfurt sz\u00edv\u00e9ben v\u00e1rja a v\u00e1lasz \u2014 ha k\u00e9pes felt\u00e1rni.","how_to_play":"J\u00e1tsszon egyed\u00fcl, vagy bar\u00e1tokkal, csal\u00e1ddal, illetve koll\u00e9g\u00e1kkal, legfeljebb n\u00e9gyf\u0151s csapatokban, egy eszk\u00f6z\u00f6n. A foglal\u00e1s ut\u00e1n kapni fog egy e-mailt az instrukci\u00f3kkal, amely mindent tartalmaz, amire sz\u00fcks\u00e9ge van.","start_location":"Frankfurt, Paulsplatz","available_languages":["en","es","fr","it","nl","de"],"players_per_group":"1-4","duration":"1.5-2 hours","image_overlay_color_image":"https:\/\/testwebsite.citygame.com\/wp-content\/blogs.dir\/1\/files\/sites\/62\/2026\/01\/SherlockColor.svg","image_overlay_game_logo":"https:\/\/testwebsite.citygame.com\/wp-content\/blogs.dir\/1\/files\/sites\/62\/2026\/01\/SherlockLogo.png","city_page":5939,"woocommerce_general_content":null},"yoast_head":"<!-- This site is optimized with the Yoast SEO Premium plugin v26.2 (Yoast SEO v26.3) - https:\/\/yoast.com\/wordpress\/plugins\/seo\/ -->\n<title>Sherlock Holmes Frankfurt - City Game<\/title>\n<meta name=\"description\" content=\"Sherlock Holmes Frankfurt. J\u00e1tsszon egy \u00f6nvezet\u0151 gyilkoss\u00e1gi rejt\u00e9ly V\u00e1rosi J\u00e1t\u00e9kot, oldjon meg fejt\u00f6r\u0151ket, k\u00f6vessen nyomokat \u00e9s leplezze le a gyilkost a saj\u00e1t temp\u00f3j\u00e1ban!\" \/>\n<meta name=\"robots\" content=\"noindex, follow, max-snippet:-1, max-image-preview:large, max-video-preview:-1\" \/>\n<meta property=\"og:locale\" content=\"hu_HU\" \/>\n<meta property=\"og:type\" content=\"article\" \/>\n<meta property=\"og:title\" content=\"Sherlock Holmes Frankfurt\" \/>\n<meta property=\"og:description\" content=\"Sherlock Holmes Frankfurt. J\u00e1tsszon egy \u00f6nvezet\u0151 gyilkoss\u00e1gi rejt\u00e9ly V\u00e1rosi J\u00e1t\u00e9kot, oldjon meg fejt\u00f6r\u0151ket, k\u00f6vessen nyomokat \u00e9s leplezze le a gyilkost a saj\u00e1t temp\u00f3j\u00e1ban!\" \/>\n<meta property=\"og:url\" content=\"https:\/\/testwebsite.citygame.com\/hu\/games\/frankfurt\/sherlock-holmes-frankfurt\/\" \/>\n<meta property=\"og:site_name\" content=\"City Game\" \/>\n<meta property=\"article:publisher\" content=\"https:\/\/www.facebook.com\/profile.php?id=100086426226253\" \/>\n<meta property=\"article:modified_time\" content=\"2026-04-07T17:35:57+00:00\" \/>\n<meta property=\"og:image\" content=\"https:\/\/testwebsite.citygame.com\/wp-content\/blogs.dir\/1\/files\/sites\/62\/2026\/02\/frankfurt-player-gutenberg-monument-gameplay.jpg\" \/>\n\t<meta property=\"og:image:width\" content=\"1184\" \/>\n\t<meta property=\"og:image:height\" content=\"864\" \/>\n\t<meta property=\"og:image:type\" content=\"image\/jpeg\" \/>\n<meta name=\"twitter:card\" content=\"summary_large_image\" \/>\n<meta name=\"twitter:label1\" content=\"Becs\u00fclt olvas\u00e1si id\u0151\" \/>\n\t<meta name=\"twitter:data1\" content=\"1 perc\" \/>\n<script type=\"application\/ld+json\" class=\"yoast-schema-graph\">{\"@context\":\"https:\/\/schema.org\",\"@graph\":[{\"@type\":\"WebPage\",\"@id\":\"https:\/\/testwebsite.citygame.com\/hu\/games\/frankfurt\/sherlock-holmes-frankfurt\/\",\"url\":\"https:\/\/testwebsite.citygame.com\/hu\/games\/frankfurt\/sherlock-holmes-frankfurt\/\",\"name\":\"Sherlock Holmes Frankfurt - City Game\",\"isPartOf\":{\"@id\":\"https:\/\/testwebsite.upevents.nl\/#website\"},\"primaryImageOfPage\":{\"@id\":\"https:\/\/testwebsite.citygame.com\/hu\/games\/frankfurt\/sherlock-holmes-frankfurt\/#primaryimage\"},\"image\":{\"@id\":\"https:\/\/testwebsite.citygame.com\/hu\/games\/frankfurt\/sherlock-holmes-frankfurt\/#primaryimage\"},\"thumbnailUrl\":\"https:\/\/testwebsite.citygame.com\/wp-content\/blogs.dir\/1\/files\/sites\/62\/2026\/02\/frankfurt-player-gutenberg-monument-gameplay.jpg\",\"datePublished\":\"2026-02-04T08:18:56+00:00\",\"dateModified\":\"2026-04-07T17:35:57+00:00\",\"description\":\"Sherlock Holmes Frankfurt. J\u00e1tsszon egy \u00f6nvezet\u0151 gyilkoss\u00e1gi rejt\u00e9ly V\u00e1rosi J\u00e1t\u00e9kot, oldjon meg fejt\u00f6r\u0151ket, k\u00f6vessen nyomokat \u00e9s leplezze le a gyilkost a saj\u00e1t temp\u00f3j\u00e1ban!\",\"breadcrumb\":{\"@id\":\"https:\/\/testwebsite.citygame.com\/hu\/games\/frankfurt\/sherlock-holmes-frankfurt\/#breadcrumb\"},\"inLanguage\":\"hu\",\"potentialAction\":[{\"@type\":\"ReadAction\",\"target\":[\"https:\/\/testwebsite.citygame.com\/hu\/games\/frankfurt\/sherlock-holmes-frankfurt\/\"]}]},{\"@type\":\"ImageObject\",\"inLanguage\":\"hu\",\"@id\":\"https:\/\/testwebsite.citygame.com\/hu\/games\/frankfurt\/sherlock-holmes-frankfurt\/#primaryimage\",\"url\":\"https:\/\/testwebsite.citygame.com\/wp-content\/blogs.dir\/1\/files\/sites\/62\/2026\/02\/frankfurt-player-gutenberg-monument-gameplay.jpg\",\"contentUrl\":\"https:\/\/testwebsite.citygame.com\/wp-content\/blogs.dir\/1\/files\/sites\/62\/2026\/02\/frankfurt-player-gutenberg-monument-gameplay.jpg\",\"width\":1184,\"height\":864,\"caption\":\"A person plays an interactive city game on their phone in front of a historic monument in Frankfurt.\"},{\"@type\":\"BreadcrumbList\",\"@id\":\"https:\/\/testwebsite.citygame.com\/hu\/games\/frankfurt\/sherlock-holmes-frankfurt\/#breadcrumb\",\"itemListElement\":[{\"@type\":\"ListItem\",\"position\":1,\"name\":\"Home\",\"item\":\"https:\/\/testwebsite.citygame.com\/hu\/\"},{\"@type\":\"ListItem\",\"position\":2,\"name\":\"Shop\",\"item\":\"https:\/\/testwebsite.citygame.com\/shop\/\"},{\"@type\":\"ListItem\",\"position\":3,\"name\":\"Sherlock Holmes Frankfurt\"}]},{\"@type\":\"WebSite\",\"@id\":\"https:\/\/testwebsite.upevents.nl\/#website\",\"url\":\"https:\/\/testwebsite.upevents.nl\/\",\"name\":\"City Game\",\"description\":\"\",\"publisher\":{\"@id\":\"https:\/\/testwebsite.upevents.nl\/#organization\"},\"alternateName\":\"citygame.com\",\"potentialAction\":[{\"@type\":\"SearchAction\",\"target\":{\"@type\":\"EntryPoint\",\"urlTemplate\":\"https:\/\/testwebsite.upevents.nl\/?s={search_term_string}\"},\"query-input\":{\"@type\":\"PropertyValueSpecification\",\"valueRequired\":true,\"valueName\":\"search_term_string\"}}],\"inLanguage\":\"hu\"},{\"@type\":[\"Organization\",\"Place\"],\"@id\":\"https:\/\/testwebsite.upevents.nl\/#organization\",\"name\":\"City Game\",\"alternateName\":\"citygame.com\",\"url\":\"https:\/\/testwebsite.upevents.nl\/\",\"logo\":{\"@id\":\"https:\/\/testwebsite.citygame.com\/hu\/games\/frankfurt\/sherlock-holmes-frankfurt\/#local-main-organization-logo\"},\"image\":{\"@id\":\"https:\/\/testwebsite.citygame.com\/hu\/games\/frankfurt\/sherlock-holmes-frankfurt\/#local-main-organization-logo\"},\"sameAs\":[\"https:\/\/www.facebook.com\/profile.php?id=100086426226253\",\"https:\/\/www.instagram.com\/citygame_com\",\"https:\/\/www.tiktok.com\/@citygamecom\/\",\"https:\/\/www.linkedin.com\/company\/citygame-com\"],\"description\":\"Turn any city into a playground with our interactive City Games and self-guided tours. Fun, flexible, and ideal for groups and team building.\",\"telephone\":[],\"openingHoursSpecification\":[{\"@type\":\"OpeningHoursSpecification\",\"dayOfWeek\":[\"Monday\",\"Tuesday\",\"Wednesday\",\"Thursday\",\"Friday\",\"Saturday\",\"Sunday\"],\"opens\":\"09:00\",\"closes\":\"17:00\"}]},{\"@type\":\"ImageObject\",\"inLanguage\":\"hu\",\"@id\":\"https:\/\/testwebsite.citygame.com\/hu\/games\/frankfurt\/sherlock-holmes-frankfurt\/#local-main-organization-logo\",\"url\":\"https:\/\/testwebsite.citygame.com\/wp-content\/blogs.dir\/1\/files\/sites\/62\/2025\/10\/CG_LOGO-City-Game.png\",\"contentUrl\":\"https:\/\/testwebsite.citygame.com\/wp-content\/blogs.dir\/1\/files\/sites\/62\/2025\/10\/CG_LOGO-City-Game.png\",\"width\":351,\"height\":377,\"caption\":\"City Game\"}]}<\/script>\n<!-- \/ Yoast SEO Premium plugin. -->","yoast_head_json":{"title":"Sherlock Holmes Frankfurt - City Game","description":"Sherlock Holmes Frankfurt. J\u00e1tsszon egy \u00f6nvezet\u0151 gyilkoss\u00e1gi rejt\u00e9ly V\u00e1rosi J\u00e1t\u00e9kot, oldjon meg fejt\u00f6r\u0151ket, k\u00f6vessen nyomokat \u00e9s leplezze le a gyilkost a saj\u00e1t temp\u00f3j\u00e1ban!","robots":{"index":"noindex","follow":"follow","max-snippet":"max-snippet:-1","max-image-preview":"max-image-preview:large","max-video-preview":"max-video-preview:-1"},"og_locale":"hu_HU","og_type":"article","og_title":"Sherlock Holmes Frankfurt","og_description":"Sherlock Holmes Frankfurt. J\u00e1tsszon egy \u00f6nvezet\u0151 gyilkoss\u00e1gi rejt\u00e9ly V\u00e1rosi J\u00e1t\u00e9kot, oldjon meg fejt\u00f6r\u0151ket, k\u00f6vessen nyomokat \u00e9s leplezze le a gyilkost a saj\u00e1t temp\u00f3j\u00e1ban!","og_url":"https:\/\/testwebsite.citygame.com\/hu\/games\/frankfurt\/sherlock-holmes-frankfurt\/","og_site_name":"City Game","article_publisher":"https:\/\/www.facebook.com\/profile.php?id=100086426226253","article_modified_time":"2026-04-07T17:35:57+00:00","og_image":[{"width":1184,"height":864,"url":"https:\/\/testwebsite.citygame.com\/wp-content\/blogs.dir\/1\/files\/sites\/62\/2026\/02\/frankfurt-player-gutenberg-monument-gameplay.jpg","type":"image\/jpeg"}],"twitter_card":"summary_large_image","twitter_misc":{"Becs\u00fclt olvas\u00e1si id\u0151":"1 perc"},"schema":{"@context":"https:\/\/schema.org","@graph":[{"@type":"WebPage","@id":"https:\/\/testwebsite.citygame.com\/hu\/games\/frankfurt\/sherlock-holmes-frankfurt\/","url":"https:\/\/testwebsite.citygame.com\/hu\/games\/frankfurt\/sherlock-holmes-frankfurt\/","name":"Sherlock Holmes Frankfurt - City Game","isPartOf":{"@id":"https:\/\/testwebsite.upevents.nl\/#website"},"primaryImageOfPage":{"@id":"https:\/\/testwebsite.citygame.com\/hu\/games\/frankfurt\/sherlock-holmes-frankfurt\/#primaryimage"},"image":{"@id":"https:\/\/testwebsite.citygame.com\/hu\/games\/frankfurt\/sherlock-holmes-frankfurt\/#primaryimage"},"thumbnailUrl":"https:\/\/testwebsite.citygame.com\/wp-content\/blogs.dir\/1\/files\/sites\/62\/2026\/02\/frankfurt-player-gutenberg-monument-gameplay.jpg","datePublished":"2026-02-04T08:18:56+00:00","dateModified":"2026-04-07T17:35:57+00:00","description":"Sherlock Holmes Frankfurt. J\u00e1tsszon egy \u00f6nvezet\u0151 gyilkoss\u00e1gi rejt\u00e9ly V\u00e1rosi J\u00e1t\u00e9kot, oldjon meg fejt\u00f6r\u0151ket, k\u00f6vessen nyomokat \u00e9s leplezze le a gyilkost a saj\u00e1t temp\u00f3j\u00e1ban!","breadcrumb":{"@id":"https:\/\/testwebsite.citygame.com\/hu\/games\/frankfurt\/sherlock-holmes-frankfurt\/#breadcrumb"},"inLanguage":"hu","potentialAction":[{"@type":"ReadAction","target":["https:\/\/testwebsite.citygame.com\/hu\/games\/frankfurt\/sherlock-holmes-frankfurt\/"]}]},{"@type":"ImageObject","inLanguage":"hu","@id":"https:\/\/testwebsite.citygame.com\/hu\/games\/frankfurt\/sherlock-holmes-frankfurt\/#primaryimage","url":"https:\/\/testwebsite.citygame.com\/wp-content\/blogs.dir\/1\/files\/sites\/62\/2026\/02\/frankfurt-player-gutenberg-monument-gameplay.jpg","contentUrl":"https:\/\/testwebsite.citygame.com\/wp-content\/blogs.dir\/1\/files\/sites\/62\/2026\/02\/frankfurt-player-gutenberg-monument-gameplay.jpg","width":1184,"height":864,"caption":"A person plays an interactive city game on their phone in front of a historic monument in Frankfurt."},{"@type":"BreadcrumbList","@id":"https:\/\/testwebsite.citygame.com\/hu\/games\/frankfurt\/sherlock-holmes-frankfurt\/#breadcrumb","itemListElement":[{"@type":"ListItem","position":1,"name":"Home","item":"https:\/\/testwebsite.citygame.com\/hu\/"},{"@type":"ListItem","position":2,"name":"Shop","item":"https:\/\/testwebsite.citygame.com\/shop\/"},{"@type":"ListItem","position":3,"name":"Sherlock Holmes Frankfurt"}]},{"@type":"WebSite","@id":"https:\/\/testwebsite.upevents.nl\/#website","url":"https:\/\/testwebsite.upevents.nl\/","name":"City Game","description":"","publisher":{"@id":"https:\/\/testwebsite.upevents.nl\/#organization"},"alternateName":"citygame.com","potentialAction":[{"@type":"SearchAction","target":{"@type":"EntryPoint","urlTemplate":"https:\/\/testwebsite.upevents.nl\/?s={search_term_string}"},"query-input":{"@type":"PropertyValueSpecification","valueRequired":true,"valueName":"search_term_string"}}],"inLanguage":"hu"},{"@type":["Organization","Place"],"@id":"https:\/\/testwebsite.upevents.nl\/#organization","name":"City Game","alternateName":"citygame.com","url":"https:\/\/testwebsite.upevents.nl\/","logo":{"@id":"https:\/\/testwebsite.citygame.com\/hu\/games\/frankfurt\/sherlock-holmes-frankfurt\/#local-main-organization-logo"},"image":{"@id":"https:\/\/testwebsite.citygame.com\/hu\/games\/frankfurt\/sherlock-holmes-frankfurt\/#local-main-organization-logo"},"sameAs":["https:\/\/www.facebook.com\/profile.php?id=100086426226253","https:\/\/www.instagram.com\/citygame_com","https:\/\/www.tiktok.com\/@citygamecom\/","https:\/\/www.linkedin.com\/company\/citygame-com"],"description":"Turn any city into a playground with our interactive City Games and self-guided tours. Fun, flexible, and ideal for groups and team building.","telephone":[],"openingHoursSpecification":[{"@type":"OpeningHoursSpecification","dayOfWeek":["Monday","Tuesday","Wednesday","Thursday","Friday","Saturday","Sunday"],"opens":"09:00","closes":"17:00"}]},{"@type":"ImageObject","inLanguage":"hu","@id":"https:\/\/testwebsite.citygame.com\/hu\/games\/frankfurt\/sherlock-holmes-frankfurt\/#local-main-organization-logo","url":"https:\/\/testwebsite.citygame.com\/wp-content\/blogs.dir\/1\/files\/sites\/62\/2025\/10\/CG_LOGO-City-Game.png","contentUrl":"https:\/\/testwebsite.citygame.com\/wp-content\/blogs.dir\/1\/files\/sites\/62\/2025\/10\/CG_LOGO-City-Game.png","width":351,"height":377,"caption":"City Game"}]}},"taxonomy_info":{"game-concept":[{"value":776,"label":"Sherlock"}],"location":[{"value":167,"label":"Frankfurt"}],"product_cat":[{"value":27,"label":"Geen categorie"}]},"featured_image_src_large":["https:\/\/testwebsite.citygame.com\/wp-content\/blogs.dir\/1\/files\/sites\/62\/2026\/02\/frankfurt-player-gutenberg-monument-gameplay-1024x747.jpg",1024,747,true],"author_info":[],"comment_info":"","_links":{"self":[{"href":"https:\/\/testwebsite.citygame.com\/hu\/wp-json\/wp\/v2\/product\/53759","targetHints":{"allow":["GET"]}}],"collection":[{"href":"https:\/\/testwebsite.citygame.com\/hu\/wp-json\/wp\/v2\/product"}],"about":[{"href":"https:\/\/testwebsite.citygame.com\/hu\/wp-json\/wp\/v2\/types\/product"}],"acf:post":[{"embeddable":true,"href":"https:\/\/testwebsite.citygame.com\/hu\/wp-json\/wp\/v2\/pages\/5939"}],"wp:featuredmedia":[{"embeddable":true,"href":"https:\/\/testwebsite.citygame.com\/hu\/wp-json\/wp\/v2\/media\/9976"}],"wp:attachment":[{"href":"https:\/\/testwebsite.citygame.com\/hu\/wp-json\/wp\/v2\/media?parent=53759"}],"wp:term":[{"taxonomy":"game-concept","embeddable":true,"href":"https:\/\/testwebsite.citygame.com\/hu\/wp-json\/wp\/v2\/game-concept?post=53759"},{"taxonomy":"location","embeddable":true,"href":"https:\/\/testwebsite.citygame.com\/hu\/wp-json\/wp\/v2\/location?post=53759"},{"taxonomy":"product_brand","embeddable":true,"href":"https:\/\/testwebsite.citygame.com\/hu\/wp-json\/wp\/v2\/product_brand?post=53759"},{"taxonomy":"product_cat","embeddable":true,"href":"https:\/\/testwebsite.citygame.com\/hu\/wp-json\/wp\/v2\/product_cat?post=53759"},{"taxonomy":"product_tag","embeddable":true,"href":"https:\/\/testwebsite.citygame.com\/hu\/wp-json\/wp\/v2\/product_tag?post=53759"}],"curies":[{"name":"wp","href":"https:\/\/api.w.org\/{rel}","templated":true}]}}