{"id":53651,"date":"2026-02-13T09:54:28","date_gmt":"2026-02-13T09:54:28","guid":{"rendered":"https:\/\/testwebsite.citygame.com\/games\/unknown-location\/sherlock-holmes-gelsenkirchen\/"},"modified":"2026-04-07T17:23:08","modified_gmt":"2026-04-07T17:23:08","slug":"sherlock-holmes-gelsenkirchen","status":"publish","type":"product","link":"https:\/\/testwebsite.citygame.com\/hu\/games\/gelsenkirchen\/sherlock-holmes-gelsenkirchen\/","title":{"rendered":"Sherlock Holmes Gelsenkirchen"},"content":{"rendered":"<p>L\u00e9pjen be Sherlock Holmes vil\u00e1g\u00e1ba egy \u00f6nvez\u00e9relt, t\u00f6rt\u00e9netvez\u00e9relt gyilkoss\u00e1gi rejt\u00e9ly v\u00e1rosi j\u00e1t\u00e9kkal, amely Gelsenkirchen v\u00e1rosk\u00f6zpontj\u00e1ban j\u00e1tsz\u00f3dik. Ahogy a Liberty Festival s\u00f6t\u00e9t fordulatot vesz egy sokkol\u00f3 gyilkoss\u00e1ggal, \u00d6n v\u00e9gigvezeti mag\u00e1t a kibontakoz\u00f3 nyomoz\u00e1son, nyomokat gy\u0171jt, rejtv\u00e9nyeket old meg \u00e9s digit\u00e1lis gyan\u00fas\u00edtottakat k\u00e9rdez ki, mindezt a saj\u00e1t temp\u00f3j\u00e1ban. Ez a mag\u00e1val ragad\u00f3 nyomoz\u00f3i \u00e9lm\u00e9ny arra invit\u00e1lja \u00d6nt, hogy egy izgalmas t\u00f6rt\u00e9netet k\u00f6vessen, mik\u00f6zben Gelsenkirchen utc\u00e1it j\u00e1rja az igazs\u00e1g nyom\u00e1ban.<\/p>\n","protected":false},"excerpt":{"rendered":"<p>L\u00e9pjen a vil\u00e1g legnagyobb nyomoz\u00f3ja, Sherlock Holmes nyom\u00e1ba egy \u00f6nvez\u00e9relt gyilkoss\u00e1gi rejt\u00e9lyben Gelsenkirchenben. Ahogy a nyomok kibontakoznak \u00e9s a rejtv\u00e9nyek megold\u00f3dnak, \u00d6nnek \u00e9s csapat\u00e1nak t\u00fal kell l\u00e9pnie a kih\u00edv\u00e1sokon, hogy felt\u00e1rja az igazs\u00e1got &#8211; a j\u00e1t\u00e9k elkezd\u0151d\u00f6tt!<\/p>\n","protected":false},"featured_media":13415,"template":"","meta":{"_acf_changed":false,"_yoast_wpseo_focuskw":"Sherlock Holmes Gelsenkirchen","_yoast_wpseo_metadesc":"Sherlock Holmes Gelsenkirchen. J\u00e1tsszon egy \u00f6nvez\u00e9relt gyilkoss\u00e1gi rejt\u00e9ly v\u00e1rosi j\u00e1t\u00e9kot, oldjon meg rejtv\u00e9nyeket, k\u00f6vesse a nyomokat \u00e9s fedezze fel a gyilkost a saj\u00e1t temp\u00f3j\u00e1ban!","_kad_blocks_custom_css":"","_kad_blocks_head_custom_js":"","_kad_blocks_body_custom_js":"","_kad_blocks_footer_custom_js":"","ghostkit_customizer_options":"","ghostkit_custom_css":"","ghostkit_custom_js_head":"","ghostkit_custom_js_foot":"","ghostkit_typography":"","_kad_post_transparent":"","_kad_post_title":"","_kad_post_layout":"","_kad_post_sidebar_id":"","_kad_post_content_style":"","_kad_post_vertical_padding":"","_kad_post_feature":"","_kad_post_feature_position":"","_kad_post_header":false,"_kad_post_footer":false,"_kad_post_classname":"","_links_to":"","_links_to_target":""},"game-concept":[776],"location":[171],"product_brand":[],"product_cat":[27],"product_tag":[],"class_list":{"0":"post-53651","1":"product","2":"type-product","3":"status-publish","4":"has-post-thumbnail","6":"game-concept-sherlock","7":"location-gelsenkirchen","8":"product_cat-geen-categorie","10":"first","11":"instock","12":"shipping-taxable","13":"purchasable","14":"product-type-simple","15":"entry","16":"content-bg","17":"loop-entry"},"acf":{"full_bokun_product_name":"Gelsenkirchen Self-Guided Sherlock Holmes Murder Mystery Game","location_name":"Gelsenkirchen","bokun_calendar_widget_code":"<script type=\"text\/javascript\" src=\"https:\/\/widgets.bokun.io\/assets\/javascripts\/apps\/build\/BokunWidgetsLoader.js?bookingChannelUUID=a1e93e96-5232-4734-a595-28405f4b5a31\" async><\/script>\n     \n    <div class=\"bokunWidget\" data-src=\"https:\/\/widgets.bokun.io\/online-sales\/a1e93e96-5232-4734-a595-28405f4b5a31\/experience-calendar\/858430\"><\/div>\n    <noscript>Please enable javascript in your browser to book<\/noscript>","bokun_button_widget_code":"<script type=\"text\/javascript\" src=\"https:\/\/widgets.bokun.io\/assets\/javascripts\/apps\/build\/BokunWidgetsLoader.js?bookingChannelUUID=a1e93e96-5232-4734-a595-28405f4b5a31\" async><\/script>\n      <style> #bokun_ed001e45_5927_4f62_b470_ca766338d083 { display: inline-block; padding: .4em 1em; background: #47b82e; border-radius: 999999px; box-shadow: none; font-weight: 600; font-size: 24px; text-decoration: none; text-align: center; color: #FFFFFF; border:none; cursor: pointer; transition: background .2s ease; } #bokun_ed001e45_5927_4f62_b470_ca766338d083:hover{ background: #2f7b1f; } #bokun_ed001e45_5927_4f62_b470_ca766338d083:active{ background: #378f24; } <\/style> <button class=\"bokunButton\" disabled id=bokun_ed001e45_5927_4f62_b470_ca766338d083 data-src=\"https:\/\/widgets.bokun.io\/online-sales\/a1e93e96-5232-4734-a595-28405f4b5a31\/experience-calendar\/858430?partialView=1\" data-testid=\"widget-book-button\" > Book now <\/button> ","what_you\u2019ll_experience_during_the_game":"Bel\u00e9p egy izgalmas detekt\u00edvt\u00f6rt\u00e9netbe, amely Gelsenkirchen sz\u00edv\u00e9ben j\u00e1tsz\u00f3dik. Ahogy a nyomoz\u00e1s kibontakozik, \u00d6n a v\u00e1roson kereszt\u00fcl mozog, nyomok h\u00e1l\u00f3j\u00e1t k\u00f6vetve \u00e9s \u00f6ssze\u00e1ll\u00edtva egy rejt\u00e9lyt, amely egy sokkol\u00f3 gyilkoss\u00e1g ut\u00f3hat\u00e1s\u00e1ban gy\u00f6kerezik a Liberty Festival alatt. Minden helysz\u00edn \u00faj r\u00e9tegeket t\u00e1r fel az \u00fcgyb\u0151l, kih\u00edv\u00e1st jelentve \u00d6nnek, hogy alaposan figyeljen, kritikusan gondolkodjon \u00e9s okos k\u00f6vetkeztet\u00e9seket vonjon le. \u00d6n digit\u00e1lis gyan\u00fas\u00edtottakat hallgat ki, alaposan megvizsg\u00e1lja alibijeiket \u00e9s olyan ellentmond\u00e1sokat fedez fel, amelyek k\u00f6zelebb viszik az igazs\u00e1ghoz.\n\nAz \u00e9lm\u00e9ny teljesen t\u00f6rt\u00e9netvez\u00e9relt, \u00fagy tervezt\u00e9k, hogy minden d\u00f6nt\u00e9s\u00e9vel m\u00e9lyebbre vonzza \u00d6nt a rejt\u00e9lybe. A cselekm\u00e9ny fordulatait\u00f3l tal\u00e1lgathat, mik\u00f6zben a rejtv\u00e9nyek \u00e9s kih\u00edv\u00e1sok pr\u00f3b\u00e1ra teszik modern kori Holmes \u00f6szt\u00f6neit. Teljesen a saj\u00e1t temp\u00f3j\u00e1ban j\u00e1tszhat, b\u00e1rmikor meg\u00e1llhat \u00e9s folytathatja a nyomoz\u00e1st, amikor k\u00e9szen \u00e1ll. Ha csapatban van, akkor a versenynek is van helye, ahogy versenyeznek, hogy ki tudja el\u0151bb felt\u00e1rni az \u00fcgyet.","how_to_play":"J\u00e1tsszon egyed\u00fcl, vagy bar\u00e1taival, csal\u00e1dj\u00e1val, illetve koll\u00e9g\u00e1ival legfeljebb n\u00e9gyf\u0151s csapatokban, eszk\u00f6z\u00f6nk\u00e9nt. A foglal\u00e1s ut\u00e1n kap egy utas\u00edt\u00e1sokat tartalmaz\u00f3 e-mailt mindennel, amire sz\u00fcks\u00e9ge van.","start_location":"Gelsenkirchen, Ahstra\u00dfe","available_languages":["en","es","fr","de","it","nl"],"players_per_group":"1-4","duration":"1.5-2 hours","image_overlay_color_image":"https:\/\/testwebsite.citygame.com\/wp-content\/blogs.dir\/1\/files\/sites\/62\/2026\/01\/SherlockColor.svg","image_overlay_game_logo":"https:\/\/testwebsite.citygame.com\/wp-content\/blogs.dir\/1\/files\/sites\/62\/2026\/01\/SherlockLogo.png","city_page":5482,"woocommerce_general_content":null},"yoast_head":"<!-- This site is optimized with the Yoast SEO Premium plugin v26.2 (Yoast SEO v26.3) - https:\/\/yoast.com\/wordpress\/plugins\/seo\/ -->\n<title>Sherlock Holmes Gelsenkirchen - City Game<\/title>\n<meta name=\"description\" content=\"Sherlock Holmes Gelsenkirchen. J\u00e1tsszon egy \u00f6nvez\u00e9relt gyilkoss\u00e1gi rejt\u00e9ly v\u00e1rosi j\u00e1t\u00e9kot, oldjon meg rejtv\u00e9nyeket, k\u00f6vesse a nyomokat \u00e9s fedezze fel a gyilkost a saj\u00e1t temp\u00f3j\u00e1ban!\" \/>\n<meta name=\"robots\" content=\"noindex, follow, max-snippet:-1, max-image-preview:large, max-video-preview:-1\" \/>\n<meta property=\"og:locale\" content=\"hu_HU\" \/>\n<meta property=\"og:type\" content=\"article\" \/>\n<meta property=\"og:title\" content=\"Sherlock Holmes Gelsenkirchen\" \/>\n<meta property=\"og:description\" content=\"Sherlock Holmes Gelsenkirchen. J\u00e1tsszon egy \u00f6nvez\u00e9relt gyilkoss\u00e1gi rejt\u00e9ly v\u00e1rosi j\u00e1t\u00e9kot, oldjon meg rejtv\u00e9nyeket, k\u00f6vesse a nyomokat \u00e9s fedezze fel a gyilkost a saj\u00e1t temp\u00f3j\u00e1ban!\" \/>\n<meta property=\"og:url\" content=\"https:\/\/testwebsite.citygame.com\/hu\/games\/gelsenkirchen\/sherlock-holmes-gelsenkirchen\/\" \/>\n<meta property=\"og:site_name\" content=\"City Game\" \/>\n<meta property=\"article:publisher\" content=\"https:\/\/www.facebook.com\/profile.php?id=100086426226253\" \/>\n<meta property=\"article:modified_time\" content=\"2026-04-07T17:23:08+00:00\" \/>\n<meta property=\"og:image\" content=\"https:\/\/testwebsite.citygame.com\/wp-content\/blogs.dir\/1\/files\/sites\/62\/2026\/02\/man-playing-city-game-on-smartphone-in-park-gelsenkirchen.jpg\" \/>\n\t<meta property=\"og:image:width\" content=\"1024\" \/>\n\t<meta property=\"og:image:height\" content=\"1024\" \/>\n\t<meta property=\"og:image:type\" content=\"image\/jpeg\" \/>\n<meta name=\"twitter:card\" content=\"summary_large_image\" \/>\n<meta name=\"twitter:label1\" content=\"Becs\u00fclt olvas\u00e1si id\u0151\" \/>\n\t<meta name=\"twitter:data1\" content=\"1 perc\" \/>\n<script type=\"application\/ld+json\" class=\"yoast-schema-graph\">{\"@context\":\"https:\/\/schema.org\",\"@graph\":[{\"@type\":\"WebPage\",\"@id\":\"https:\/\/testwebsite.citygame.com\/hu\/games\/gelsenkirchen\/sherlock-holmes-gelsenkirchen\/\",\"url\":\"https:\/\/testwebsite.citygame.com\/hu\/games\/gelsenkirchen\/sherlock-holmes-gelsenkirchen\/\",\"name\":\"Sherlock Holmes Gelsenkirchen - City Game\",\"isPartOf\":{\"@id\":\"https:\/\/testwebsite.upevents.nl\/#website\"},\"primaryImageOfPage\":{\"@id\":\"https:\/\/testwebsite.citygame.com\/hu\/games\/gelsenkirchen\/sherlock-holmes-gelsenkirchen\/#primaryimage\"},\"image\":{\"@id\":\"https:\/\/testwebsite.citygame.com\/hu\/games\/gelsenkirchen\/sherlock-holmes-gelsenkirchen\/#primaryimage\"},\"thumbnailUrl\":\"https:\/\/testwebsite.citygame.com\/wp-content\/blogs.dir\/1\/files\/sites\/62\/2026\/02\/man-playing-city-game-on-smartphone-in-park-gelsenkirchen.jpg\",\"datePublished\":\"2026-02-13T09:54:28+00:00\",\"dateModified\":\"2026-04-07T17:23:08+00:00\",\"description\":\"Sherlock Holmes Gelsenkirchen. J\u00e1tsszon egy \u00f6nvez\u00e9relt gyilkoss\u00e1gi rejt\u00e9ly v\u00e1rosi j\u00e1t\u00e9kot, oldjon meg rejtv\u00e9nyeket, k\u00f6vesse a nyomokat \u00e9s fedezze fel a gyilkost a saj\u00e1t temp\u00f3j\u00e1ban!\",\"breadcrumb\":{\"@id\":\"https:\/\/testwebsite.citygame.com\/hu\/games\/gelsenkirchen\/sherlock-holmes-gelsenkirchen\/#breadcrumb\"},\"inLanguage\":\"hu\",\"potentialAction\":[{\"@type\":\"ReadAction\",\"target\":[\"https:\/\/testwebsite.citygame.com\/hu\/games\/gelsenkirchen\/sherlock-holmes-gelsenkirchen\/\"]}]},{\"@type\":\"ImageObject\",\"inLanguage\":\"hu\",\"@id\":\"https:\/\/testwebsite.citygame.com\/hu\/games\/gelsenkirchen\/sherlock-holmes-gelsenkirchen\/#primaryimage\",\"url\":\"https:\/\/testwebsite.citygame.com\/wp-content\/blogs.dir\/1\/files\/sites\/62\/2026\/02\/man-playing-city-game-on-smartphone-in-park-gelsenkirchen.jpg\",\"contentUrl\":\"https:\/\/testwebsite.citygame.com\/wp-content\/blogs.dir\/1\/files\/sites\/62\/2026\/02\/man-playing-city-game-on-smartphone-in-park-gelsenkirchen.jpg\",\"width\":1024,\"height\":1024,\"caption\":\"A player explores a scenic park in Gelsenkirchen while looking at his mobile phone.\"},{\"@type\":\"BreadcrumbList\",\"@id\":\"https:\/\/testwebsite.citygame.com\/hu\/games\/gelsenkirchen\/sherlock-holmes-gelsenkirchen\/#breadcrumb\",\"itemListElement\":[{\"@type\":\"ListItem\",\"position\":1,\"name\":\"Home\",\"item\":\"https:\/\/testwebsite.citygame.com\/hu\/\"},{\"@type\":\"ListItem\",\"position\":2,\"name\":\"Shop\",\"item\":\"https:\/\/testwebsite.citygame.com\/shop\/\"},{\"@type\":\"ListItem\",\"position\":3,\"name\":\"Sherlock Holmes Gelsenkirchen\"}]},{\"@type\":\"WebSite\",\"@id\":\"https:\/\/testwebsite.upevents.nl\/#website\",\"url\":\"https:\/\/testwebsite.upevents.nl\/\",\"name\":\"City Game\",\"description\":\"\",\"publisher\":{\"@id\":\"https:\/\/testwebsite.upevents.nl\/#organization\"},\"alternateName\":\"citygame.com\",\"potentialAction\":[{\"@type\":\"SearchAction\",\"target\":{\"@type\":\"EntryPoint\",\"urlTemplate\":\"https:\/\/testwebsite.upevents.nl\/?s={search_term_string}\"},\"query-input\":{\"@type\":\"PropertyValueSpecification\",\"valueRequired\":true,\"valueName\":\"search_term_string\"}}],\"inLanguage\":\"hu\"},{\"@type\":[\"Organization\",\"Place\"],\"@id\":\"https:\/\/testwebsite.upevents.nl\/#organization\",\"name\":\"City Game\",\"alternateName\":\"citygame.com\",\"url\":\"https:\/\/testwebsite.upevents.nl\/\",\"logo\":{\"@id\":\"https:\/\/testwebsite.citygame.com\/hu\/games\/gelsenkirchen\/sherlock-holmes-gelsenkirchen\/#local-main-organization-logo\"},\"image\":{\"@id\":\"https:\/\/testwebsite.citygame.com\/hu\/games\/gelsenkirchen\/sherlock-holmes-gelsenkirchen\/#local-main-organization-logo\"},\"sameAs\":[\"https:\/\/www.facebook.com\/profile.php?id=100086426226253\",\"https:\/\/www.instagram.com\/citygame_com\",\"https:\/\/www.tiktok.com\/@citygamecom\/\",\"https:\/\/www.linkedin.com\/company\/citygame-com\"],\"description\":\"Turn any city into a playground with our interactive City Games and self-guided tours. Fun, flexible, and ideal for groups and team building.\",\"telephone\":[],\"openingHoursSpecification\":[{\"@type\":\"OpeningHoursSpecification\",\"dayOfWeek\":[\"Monday\",\"Tuesday\",\"Wednesday\",\"Thursday\",\"Friday\",\"Saturday\",\"Sunday\"],\"opens\":\"09:00\",\"closes\":\"17:00\"}]},{\"@type\":\"ImageObject\",\"inLanguage\":\"hu\",\"@id\":\"https:\/\/testwebsite.citygame.com\/hu\/games\/gelsenkirchen\/sherlock-holmes-gelsenkirchen\/#local-main-organization-logo\",\"url\":\"https:\/\/testwebsite.citygame.com\/wp-content\/blogs.dir\/1\/files\/sites\/62\/2025\/10\/CG_LOGO-City-Game.png\",\"contentUrl\":\"https:\/\/testwebsite.citygame.com\/wp-content\/blogs.dir\/1\/files\/sites\/62\/2025\/10\/CG_LOGO-City-Game.png\",\"width\":351,\"height\":377,\"caption\":\"City Game\"}]}<\/script>\n<!-- \/ Yoast SEO Premium plugin. -->","yoast_head_json":{"title":"Sherlock Holmes Gelsenkirchen - City Game","description":"Sherlock Holmes Gelsenkirchen. J\u00e1tsszon egy \u00f6nvez\u00e9relt gyilkoss\u00e1gi rejt\u00e9ly v\u00e1rosi j\u00e1t\u00e9kot, oldjon meg rejtv\u00e9nyeket, k\u00f6vesse a nyomokat \u00e9s fedezze fel a gyilkost a saj\u00e1t temp\u00f3j\u00e1ban!","robots":{"index":"noindex","follow":"follow","max-snippet":"max-snippet:-1","max-image-preview":"max-image-preview:large","max-video-preview":"max-video-preview:-1"},"og_locale":"hu_HU","og_type":"article","og_title":"Sherlock Holmes Gelsenkirchen","og_description":"Sherlock Holmes Gelsenkirchen. J\u00e1tsszon egy \u00f6nvez\u00e9relt gyilkoss\u00e1gi rejt\u00e9ly v\u00e1rosi j\u00e1t\u00e9kot, oldjon meg rejtv\u00e9nyeket, k\u00f6vesse a nyomokat \u00e9s fedezze fel a gyilkost a saj\u00e1t temp\u00f3j\u00e1ban!","og_url":"https:\/\/testwebsite.citygame.com\/hu\/games\/gelsenkirchen\/sherlock-holmes-gelsenkirchen\/","og_site_name":"City Game","article_publisher":"https:\/\/www.facebook.com\/profile.php?id=100086426226253","article_modified_time":"2026-04-07T17:23:08+00:00","og_image":[{"width":1024,"height":1024,"url":"https:\/\/testwebsite.citygame.com\/wp-content\/blogs.dir\/1\/files\/sites\/62\/2026\/02\/man-playing-city-game-on-smartphone-in-park-gelsenkirchen.jpg","type":"image\/jpeg"}],"twitter_card":"summary_large_image","twitter_misc":{"Becs\u00fclt olvas\u00e1si id\u0151":"1 perc"},"schema":{"@context":"https:\/\/schema.org","@graph":[{"@type":"WebPage","@id":"https:\/\/testwebsite.citygame.com\/hu\/games\/gelsenkirchen\/sherlock-holmes-gelsenkirchen\/","url":"https:\/\/testwebsite.citygame.com\/hu\/games\/gelsenkirchen\/sherlock-holmes-gelsenkirchen\/","name":"Sherlock Holmes Gelsenkirchen - City Game","isPartOf":{"@id":"https:\/\/testwebsite.upevents.nl\/#website"},"primaryImageOfPage":{"@id":"https:\/\/testwebsite.citygame.com\/hu\/games\/gelsenkirchen\/sherlock-holmes-gelsenkirchen\/#primaryimage"},"image":{"@id":"https:\/\/testwebsite.citygame.com\/hu\/games\/gelsenkirchen\/sherlock-holmes-gelsenkirchen\/#primaryimage"},"thumbnailUrl":"https:\/\/testwebsite.citygame.com\/wp-content\/blogs.dir\/1\/files\/sites\/62\/2026\/02\/man-playing-city-game-on-smartphone-in-park-gelsenkirchen.jpg","datePublished":"2026-02-13T09:54:28+00:00","dateModified":"2026-04-07T17:23:08+00:00","description":"Sherlock Holmes Gelsenkirchen. J\u00e1tsszon egy \u00f6nvez\u00e9relt gyilkoss\u00e1gi rejt\u00e9ly v\u00e1rosi j\u00e1t\u00e9kot, oldjon meg rejtv\u00e9nyeket, k\u00f6vesse a nyomokat \u00e9s fedezze fel a gyilkost a saj\u00e1t temp\u00f3j\u00e1ban!","breadcrumb":{"@id":"https:\/\/testwebsite.citygame.com\/hu\/games\/gelsenkirchen\/sherlock-holmes-gelsenkirchen\/#breadcrumb"},"inLanguage":"hu","potentialAction":[{"@type":"ReadAction","target":["https:\/\/testwebsite.citygame.com\/hu\/games\/gelsenkirchen\/sherlock-holmes-gelsenkirchen\/"]}]},{"@type":"ImageObject","inLanguage":"hu","@id":"https:\/\/testwebsite.citygame.com\/hu\/games\/gelsenkirchen\/sherlock-holmes-gelsenkirchen\/#primaryimage","url":"https:\/\/testwebsite.citygame.com\/wp-content\/blogs.dir\/1\/files\/sites\/62\/2026\/02\/man-playing-city-game-on-smartphone-in-park-gelsenkirchen.jpg","contentUrl":"https:\/\/testwebsite.citygame.com\/wp-content\/blogs.dir\/1\/files\/sites\/62\/2026\/02\/man-playing-city-game-on-smartphone-in-park-gelsenkirchen.jpg","width":1024,"height":1024,"caption":"A player explores a scenic park in Gelsenkirchen while looking at his mobile phone."},{"@type":"BreadcrumbList","@id":"https:\/\/testwebsite.citygame.com\/hu\/games\/gelsenkirchen\/sherlock-holmes-gelsenkirchen\/#breadcrumb","itemListElement":[{"@type":"ListItem","position":1,"name":"Home","item":"https:\/\/testwebsite.citygame.com\/hu\/"},{"@type":"ListItem","position":2,"name":"Shop","item":"https:\/\/testwebsite.citygame.com\/shop\/"},{"@type":"ListItem","position":3,"name":"Sherlock Holmes Gelsenkirchen"}]},{"@type":"WebSite","@id":"https:\/\/testwebsite.upevents.nl\/#website","url":"https:\/\/testwebsite.upevents.nl\/","name":"City Game","description":"","publisher":{"@id":"https:\/\/testwebsite.upevents.nl\/#organization"},"alternateName":"citygame.com","potentialAction":[{"@type":"SearchAction","target":{"@type":"EntryPoint","urlTemplate":"https:\/\/testwebsite.upevents.nl\/?s={search_term_string}"},"query-input":{"@type":"PropertyValueSpecification","valueRequired":true,"valueName":"search_term_string"}}],"inLanguage":"hu"},{"@type":["Organization","Place"],"@id":"https:\/\/testwebsite.upevents.nl\/#organization","name":"City Game","alternateName":"citygame.com","url":"https:\/\/testwebsite.upevents.nl\/","logo":{"@id":"https:\/\/testwebsite.citygame.com\/hu\/games\/gelsenkirchen\/sherlock-holmes-gelsenkirchen\/#local-main-organization-logo"},"image":{"@id":"https:\/\/testwebsite.citygame.com\/hu\/games\/gelsenkirchen\/sherlock-holmes-gelsenkirchen\/#local-main-organization-logo"},"sameAs":["https:\/\/www.facebook.com\/profile.php?id=100086426226253","https:\/\/www.instagram.com\/citygame_com","https:\/\/www.tiktok.com\/@citygamecom\/","https:\/\/www.linkedin.com\/company\/citygame-com"],"description":"Turn any city into a playground with our interactive City Games and self-guided tours. Fun, flexible, and ideal for groups and team building.","telephone":[],"openingHoursSpecification":[{"@type":"OpeningHoursSpecification","dayOfWeek":["Monday","Tuesday","Wednesday","Thursday","Friday","Saturday","Sunday"],"opens":"09:00","closes":"17:00"}]},{"@type":"ImageObject","inLanguage":"hu","@id":"https:\/\/testwebsite.citygame.com\/hu\/games\/gelsenkirchen\/sherlock-holmes-gelsenkirchen\/#local-main-organization-logo","url":"https:\/\/testwebsite.citygame.com\/wp-content\/blogs.dir\/1\/files\/sites\/62\/2025\/10\/CG_LOGO-City-Game.png","contentUrl":"https:\/\/testwebsite.citygame.com\/wp-content\/blogs.dir\/1\/files\/sites\/62\/2025\/10\/CG_LOGO-City-Game.png","width":351,"height":377,"caption":"City Game"}]}},"taxonomy_info":{"game-concept":[{"value":776,"label":"Sherlock"}],"location":[{"value":171,"label":"Gelsenkirchen"}],"product_cat":[{"value":27,"label":"Geen categorie"}]},"featured_image_src_large":["https:\/\/testwebsite.citygame.com\/wp-content\/blogs.dir\/1\/files\/sites\/62\/2026\/02\/man-playing-city-game-on-smartphone-in-park-gelsenkirchen.jpg",1024,1024,false],"author_info":[],"comment_info":"","_links":{"self":[{"href":"https:\/\/testwebsite.citygame.com\/hu\/wp-json\/wp\/v2\/product\/53651","targetHints":{"allow":["GET"]}}],"collection":[{"href":"https:\/\/testwebsite.citygame.com\/hu\/wp-json\/wp\/v2\/product"}],"about":[{"href":"https:\/\/testwebsite.citygame.com\/hu\/wp-json\/wp\/v2\/types\/product"}],"acf:post":[{"embeddable":true,"href":"https:\/\/testwebsite.citygame.com\/hu\/wp-json\/wp\/v2\/pages\/5482"}],"wp:featuredmedia":[{"embeddable":true,"href":"https:\/\/testwebsite.citygame.com\/hu\/wp-json\/wp\/v2\/media\/13415"}],"wp:attachment":[{"href":"https:\/\/testwebsite.citygame.com\/hu\/wp-json\/wp\/v2\/media?parent=53651"}],"wp:term":[{"taxonomy":"game-concept","embeddable":true,"href":"https:\/\/testwebsite.citygame.com\/hu\/wp-json\/wp\/v2\/game-concept?post=53651"},{"taxonomy":"location","embeddable":true,"href":"https:\/\/testwebsite.citygame.com\/hu\/wp-json\/wp\/v2\/location?post=53651"},{"taxonomy":"product_brand","embeddable":true,"href":"https:\/\/testwebsite.citygame.com\/hu\/wp-json\/wp\/v2\/product_brand?post=53651"},{"taxonomy":"product_cat","embeddable":true,"href":"https:\/\/testwebsite.citygame.com\/hu\/wp-json\/wp\/v2\/product_cat?post=53651"},{"taxonomy":"product_tag","embeddable":true,"href":"https:\/\/testwebsite.citygame.com\/hu\/wp-json\/wp\/v2\/product_tag?post=53651"}],"curies":[{"name":"wp","href":"https:\/\/api.w.org\/{rel}","templated":true}]}}