{"id":53190,"date":"2026-02-03T16:17:04","date_gmt":"2026-02-03T16:17:04","guid":{"rendered":"https:\/\/testwebsite.citygame.com\/games\/unknown-location\/sherlock-holmes-delft\/"},"modified":"2026-04-07T16:22:48","modified_gmt":"2026-04-07T16:22:48","slug":"sherlock-holmes-delft","status":"publish","type":"product","link":"https:\/\/testwebsite.citygame.com\/hu\/games\/delft\/sherlock-holmes-delft\/","title":{"rendered":"Sherlock Holmes Delft"},"content":{"rendered":"<p>L\u00e9pjen be Sherlock Holmes vil\u00e1g\u00e1ba ezzel az \u00f6nvezet\u0151, t\u00f6rt\u00e9netk\u00f6zpont\u00fa gyilkoss\u00e1gi rejt\u00e9ly V\u00e1rosi J\u00e1t\u00e9kkal, amely Delft t\u00f6rt\u00e9nelmi v\u00e1rosk\u00f6zpontj\u00e1ban j\u00e1tsz\u00f3dik. Amikor egy sokkol\u00f3 gyilkoss\u00e1g megr\u00e1zza a Szabads\u00e1g Fesztiv\u00e1lt, \u00d6nnek titkok h\u00e1l\u00f3j\u00e1t kell felg\u00f6ngy\u00f6l\u00edtenie nyomok gy\u0171jt\u00e9s\u00e9vel, rejtv\u00e9nyek megold\u00e1s\u00e1val \u00e9s a v\u00e1rosszerte sz\u00e9tsz\u00f3rt digit\u00e1lis gyan\u00fas\u00edtottak kihallgat\u00e1s\u00e1val. Ahogy a t\u00f6rt\u00e9net csavarodik \u00e9s fordul, Delft utc\u00e1i v\u00e1lnak az \u00d6n nyomoz\u00f3i t\u00e1bl\u00e1j\u00e1v\u00e1, teljes m\u00e9rt\u00e9kben mag\u00e1val ragad\u00f3 nyomoz\u00f3i \u00e9lm\u00e9nyt ny\u00fajtva, amelyet saj\u00e1t temp\u00f3j\u00e1ban \u00e9lvezhet.<\/p>\n","protected":false},"excerpt":{"rendered":"<p>L\u00e9pjen a vil\u00e1g legnagyobb nyomoz\u00f3ja, Sherlock Holmes hely\u00e9be egy \u00f6nvezet\u0151 gyilkoss\u00e1gi rejt\u00e9lyben, amely a b\u00e1jos Delft v\u00e1ros\u00e1ban j\u00e1tsz\u00f3dik. Haszn\u00e1lja ki csapata erej\u00e9t a nyomok megfejt\u00e9s\u00e9hez, a kih\u00edv\u00e1st jelent\u0151 rejtv\u00e9nyek felt\u00f6r\u00e9s\u00e9hez \u00e9s az igazs\u00e1g felt\u00e1r\u00e1s\u00e1hoz ebben a nagy t\u00e9t\u0171, id\u0151vel versenyt fut\u00f3 j\u00e1t\u00e9kban!<\/p>\n","protected":false},"featured_media":9883,"template":"","meta":{"_acf_changed":false,"_yoast_wpseo_focuskw":"Sherlock Holmes Delft","_yoast_wpseo_metadesc":"Sherlock Holmes Delft. J\u00e1tsszon egy \u00f6nvezet\u0151 gyilkoss\u00e1gi rejt\u00e9ly V\u00e1rosi J\u00e1t\u00e9kot, oldjon meg rejtv\u00e9nyeket, k\u00f6vesse a nyomokat \u00e9s fedje fel a gyilkost a saj\u00e1t temp\u00f3j\u00e1ban!","_kad_blocks_custom_css":"","_kad_blocks_head_custom_js":"","_kad_blocks_body_custom_js":"","_kad_blocks_footer_custom_js":"","ghostkit_customizer_options":"","ghostkit_custom_css":"","ghostkit_custom_js_head":"","ghostkit_custom_js_foot":"","ghostkit_typography":"","_kad_post_transparent":"","_kad_post_title":"","_kad_post_layout":"","_kad_post_sidebar_id":"","_kad_post_content_style":"","_kad_post_vertical_padding":"","_kad_post_feature":"","_kad_post_feature_position":"","_kad_post_header":false,"_kad_post_footer":false,"_kad_post_classname":"","_links_to":"","_links_to_target":""},"game-concept":[776],"location":[137],"product_brand":[],"product_cat":[27],"product_tag":[],"class_list":{"0":"post-53190","1":"product","2":"type-product","3":"status-publish","4":"has-post-thumbnail","6":"game-concept-sherlock","7":"location-delft","8":"product_cat-geen-categorie","10":"first","11":"instock","12":"shipping-taxable","13":"purchasable","14":"product-type-simple","15":"entry","16":"content-bg","17":"loop-entry"},"acf":{"full_bokun_product_name":"Delft Self-Guided Sherlock Holmes Murder Mystery Game","location_name":"Delft","bokun_calendar_widget_code":"<script type=\"text\/javascript\" src=\"https:\/\/widgets.bokun.io\/assets\/javascripts\/apps\/build\/BokunWidgetsLoader.js?bookingChannelUUID=a1e93e96-5232-4734-a595-28405f4b5a31\" async><\/script>\n     \n    <div class=\"bokunWidget\" data-src=\"https:\/\/widgets.bokun.io\/online-sales\/a1e93e96-5232-4734-a595-28405f4b5a31\/experience-calendar\/723520\"><\/div>\n    <noscript>Please enable javascript in your browser to book<\/noscript>","bokun_button_widget_code":"<script type=\"text\/javascript\" src=\"https:\/\/widgets.bokun.io\/assets\/javascripts\/apps\/build\/BokunWidgetsLoader.js?bookingChannelUUID=a1e93e96-5232-4734-a595-28405f4b5a31\" async><\/script>\n      <style> #bokun_ed001e45_5927_4f62_b470_ca766338d083 { display: inline-block; padding: .4em 1em; background: #47b82e; border-radius: 999999px; box-shadow: none; font-weight: 600; font-size: 24px; text-decoration: none; text-align: center; color: #FFFFFF; border:none; cursor: pointer; transition: background .2s ease; } #bokun_ed001e45_5927_4f62_b470_ca766338d083:hover{ background: #2f7b1f; } #bokun_ed001e45_5927_4f62_b470_ca766338d083:active{ background: #378f24; } <\/style> <button class=\"bokunButton\" disabled id=bokun_ed001e45_5927_4f62_b470_ca766338d083 data-src=\"https:\/\/widgets.bokun.io\/online-sales\/a1e93e96-5232-4734-a595-28405f4b5a31\/experience-calendar\/723520?partialView=1\" data-testid=\"widget-book-button\" > Book now <\/button> ","what_you\u2019ll_experience_during_the_game":"Belecs\u00f6ppen egy izgalmas nyomoz\u00f3i t\u00f6rt\u00e9netbe Delft sz\u00edv\u00e9ben, ahol minden sz\u0171k utca \u00e9s csendes t\u00e9r egy hal\u00e1los rejtv\u00e9ny k\u00f6vetkez\u0151 darabj\u00e1t rejtheti. Ahogy a nyomoz\u00e1s kibontakozik, \u00d6n v\u00e9gighalad a v\u00e1roson, kriptikus nyomokat fedez fel, elgondolkodtat\u00f3 rejtv\u00e9nyeket old meg, \u00e9s v\u00e1ratlan fordulatokkal szembes\u00fcl, amelyek a Szabads\u00e1g Fesztiv\u00e1l alatti gyilkoss\u00e1ghoz kapcsol\u00f3dnak. Minden d\u00f6nt\u00e9s \u00e9les\u00edti az \u00f6szt\u00f6neit, egyre m\u00e9lyebbre vonja a rejt\u00e9lybe, ahogy k\u00f6veti egy l\u00e1thatatlan gyilkos nyom\u00e1t.\n\nKihallgat digit\u00e1lis gyan\u00fas\u00edtottakat, elemzi a v\u00e1ltoz\u00f3 alibiket \u00e9s ellen\u0151rzi a vallom\u00e1sokat az ellentmond\u00e1sokra, mik\u00f6zben az igazs\u00e1got \u00fcld\u00f6zi a megt\u00e9veszt\u00e9sek r\u00e9tegein kereszt\u00fcl. Az \u00e9lm\u00e9ny teljesen t\u00f6rt\u00e9netk\u00f6zpont\u00fa, minden l\u00e9p\u00e9sn\u00e9l jutalmazza kritikus gondolkod\u00e1s\u00e1t, \u00e9les megfigyel\u0151- \u00e9s dedukci\u00f3s k\u00e9pess\u00e9g\u00e9t. A saj\u00e1t temp\u00f3j\u00e1ban nyomozhat, b\u00e1rmikor meg\u00e1llhat \u00e9s folytathatja az \u00fcgyet, amikor \u00d6nnek megfelel. Ak\u00e1r egyed\u00fcl oldja meg, ak\u00e1r egy m\u00e1sik csapattal versenyezve, hogy el\u0151sz\u00f6r fejts\u00e9k meg az \u00fcgyet, a Delften \u00e1t vezet\u0151 \u00fatja egy ment\u00e1lisan mag\u00e1val ragad\u00f3 k\u00fcldet\u00e9ss\u00e9 v\u00e1lik, amely m\u00e9lt\u00f3 mag\u00e1hoz Sherlock Holmeshoz.","how_to_play":"Dolgozzon egyed\u00fcl, vagy bar\u00e1tokkal, csal\u00e1ddal, koll\u00e9g\u00e1kkal, legfeljebb n\u00e9gyf\u0151s csapatokban, eszk\u00f6z\u00f6nk\u00e9nt. A foglal\u00e1s ut\u00e1n egy e-mailt kap instrukci\u00f3kkal, amelyben mindent megtal\u00e1l, amire sz\u00fcks\u00e9ge van.","start_location":"Gemeente Delft","available_languages":["en","es","fr","de","it","nl"],"players_per_group":"1-4","duration":"1.5-2 hours","image_overlay_color_image":"https:\/\/testwebsite.citygame.com\/wp-content\/blogs.dir\/1\/files\/sites\/62\/2026\/01\/SherlockColor.svg","image_overlay_game_logo":"https:\/\/testwebsite.citygame.com\/wp-content\/blogs.dir\/1\/files\/sites\/62\/2026\/01\/SherlockLogo.png","city_page":4481,"woocommerce_general_content":null},"yoast_head":"<!-- This site is optimized with the Yoast SEO Premium plugin v26.2 (Yoast SEO v26.3) - https:\/\/yoast.com\/wordpress\/plugins\/seo\/ -->\n<title>Sherlock Holmes Delft - City Game<\/title>\n<meta name=\"description\" content=\"Sherlock Holmes Delft. J\u00e1tsszon egy \u00f6nvezet\u0151 gyilkoss\u00e1gi rejt\u00e9ly V\u00e1rosi J\u00e1t\u00e9kot, oldjon meg rejtv\u00e9nyeket, k\u00f6vesse a nyomokat \u00e9s fedje fel a gyilkost a saj\u00e1t temp\u00f3j\u00e1ban!\" \/>\n<meta name=\"robots\" content=\"noindex, follow, max-snippet:-1, max-image-preview:large, max-video-preview:-1\" \/>\n<meta property=\"og:locale\" content=\"hu_HU\" \/>\n<meta property=\"og:type\" content=\"article\" \/>\n<meta property=\"og:title\" content=\"Sherlock Holmes Delft\" \/>\n<meta property=\"og:description\" content=\"Sherlock Holmes Delft. J\u00e1tsszon egy \u00f6nvezet\u0151 gyilkoss\u00e1gi rejt\u00e9ly V\u00e1rosi J\u00e1t\u00e9kot, oldjon meg rejtv\u00e9nyeket, k\u00f6vesse a nyomokat \u00e9s fedje fel a gyilkost a saj\u00e1t temp\u00f3j\u00e1ban!\" \/>\n<meta property=\"og:url\" content=\"https:\/\/testwebsite.citygame.com\/hu\/games\/delft\/sherlock-holmes-delft\/\" \/>\n<meta property=\"og:site_name\" content=\"City Game\" \/>\n<meta property=\"article:publisher\" content=\"https:\/\/www.facebook.com\/profile.php?id=100086426226253\" \/>\n<meta property=\"article:modified_time\" content=\"2026-04-07T16:22:48+00:00\" \/>\n<meta property=\"og:image\" content=\"https:\/\/testwebsite.citygame.com\/wp-content\/blogs.dir\/1\/files\/sites\/62\/2026\/02\/man-playing-sherlock-city-game-delft.jpg\" \/>\n\t<meta property=\"og:image:width\" content=\"1344\" \/>\n\t<meta property=\"og:image:height\" content=\"768\" \/>\n\t<meta property=\"og:image:type\" content=\"image\/jpeg\" \/>\n<meta name=\"twitter:card\" content=\"summary_large_image\" \/>\n<meta name=\"twitter:label1\" content=\"Becs\u00fclt olvas\u00e1si id\u0151\" \/>\n\t<meta name=\"twitter:data1\" content=\"1 perc\" \/>\n<script type=\"application\/ld+json\" class=\"yoast-schema-graph\">{\"@context\":\"https:\/\/schema.org\",\"@graph\":[{\"@type\":\"WebPage\",\"@id\":\"https:\/\/testwebsite.citygame.com\/hu\/games\/delft\/sherlock-holmes-delft\/\",\"url\":\"https:\/\/testwebsite.citygame.com\/hu\/games\/delft\/sherlock-holmes-delft\/\",\"name\":\"Sherlock Holmes Delft - City Game\",\"isPartOf\":{\"@id\":\"https:\/\/testwebsite.upevents.nl\/#website\"},\"primaryImageOfPage\":{\"@id\":\"https:\/\/testwebsite.citygame.com\/hu\/games\/delft\/sherlock-holmes-delft\/#primaryimage\"},\"image\":{\"@id\":\"https:\/\/testwebsite.citygame.com\/hu\/games\/delft\/sherlock-holmes-delft\/#primaryimage\"},\"thumbnailUrl\":\"https:\/\/testwebsite.citygame.com\/wp-content\/blogs.dir\/1\/files\/sites\/62\/2026\/02\/man-playing-sherlock-city-game-delft.jpg\",\"datePublished\":\"2026-02-03T16:17:04+00:00\",\"dateModified\":\"2026-04-07T16:22:48+00:00\",\"description\":\"Sherlock Holmes Delft. J\u00e1tsszon egy \u00f6nvezet\u0151 gyilkoss\u00e1gi rejt\u00e9ly V\u00e1rosi J\u00e1t\u00e9kot, oldjon meg rejtv\u00e9nyeket, k\u00f6vesse a nyomokat \u00e9s fedje fel a gyilkost a saj\u00e1t temp\u00f3j\u00e1ban!\",\"breadcrumb\":{\"@id\":\"https:\/\/testwebsite.citygame.com\/hu\/games\/delft\/sherlock-holmes-delft\/#breadcrumb\"},\"inLanguage\":\"hu\",\"potentialAction\":[{\"@type\":\"ReadAction\",\"target\":[\"https:\/\/testwebsite.citygame.com\/hu\/games\/delft\/sherlock-holmes-delft\/\"]}]},{\"@type\":\"ImageObject\",\"inLanguage\":\"hu\",\"@id\":\"https:\/\/testwebsite.citygame.com\/hu\/games\/delft\/sherlock-holmes-delft\/#primaryimage\",\"url\":\"https:\/\/testwebsite.citygame.com\/wp-content\/blogs.dir\/1\/files\/sites\/62\/2026\/02\/man-playing-sherlock-city-game-delft.jpg\",\"contentUrl\":\"https:\/\/testwebsite.citygame.com\/wp-content\/blogs.dir\/1\/files\/sites\/62\/2026\/02\/man-playing-sherlock-city-game-delft.jpg\",\"width\":1344,\"height\":768,\"caption\":\"A man uses his smartphone to play the Sherlock city game while exploring the streets of Delft.\"},{\"@type\":\"BreadcrumbList\",\"@id\":\"https:\/\/testwebsite.citygame.com\/hu\/games\/delft\/sherlock-holmes-delft\/#breadcrumb\",\"itemListElement\":[{\"@type\":\"ListItem\",\"position\":1,\"name\":\"Home\",\"item\":\"https:\/\/testwebsite.citygame.com\/hu\/\"},{\"@type\":\"ListItem\",\"position\":2,\"name\":\"Shop\",\"item\":\"https:\/\/testwebsite.citygame.com\/shop\/\"},{\"@type\":\"ListItem\",\"position\":3,\"name\":\"Sherlock Holmes Delft\"}]},{\"@type\":\"WebSite\",\"@id\":\"https:\/\/testwebsite.upevents.nl\/#website\",\"url\":\"https:\/\/testwebsite.upevents.nl\/\",\"name\":\"City Game\",\"description\":\"\",\"publisher\":{\"@id\":\"https:\/\/testwebsite.upevents.nl\/#organization\"},\"alternateName\":\"citygame.com\",\"potentialAction\":[{\"@type\":\"SearchAction\",\"target\":{\"@type\":\"EntryPoint\",\"urlTemplate\":\"https:\/\/testwebsite.upevents.nl\/?s={search_term_string}\"},\"query-input\":{\"@type\":\"PropertyValueSpecification\",\"valueRequired\":true,\"valueName\":\"search_term_string\"}}],\"inLanguage\":\"hu\"},{\"@type\":[\"Organization\",\"Place\"],\"@id\":\"https:\/\/testwebsite.upevents.nl\/#organization\",\"name\":\"City Game\",\"alternateName\":\"citygame.com\",\"url\":\"https:\/\/testwebsite.upevents.nl\/\",\"logo\":{\"@id\":\"https:\/\/testwebsite.citygame.com\/hu\/games\/delft\/sherlock-holmes-delft\/#local-main-organization-logo\"},\"image\":{\"@id\":\"https:\/\/testwebsite.citygame.com\/hu\/games\/delft\/sherlock-holmes-delft\/#local-main-organization-logo\"},\"sameAs\":[\"https:\/\/www.facebook.com\/profile.php?id=100086426226253\",\"https:\/\/www.instagram.com\/citygame_com\",\"https:\/\/www.tiktok.com\/@citygamecom\/\",\"https:\/\/www.linkedin.com\/company\/citygame-com\"],\"description\":\"Turn any city into a playground with our interactive City Games and self-guided tours. Fun, flexible, and ideal for groups and team building.\",\"telephone\":[],\"openingHoursSpecification\":[{\"@type\":\"OpeningHoursSpecification\",\"dayOfWeek\":[\"Monday\",\"Tuesday\",\"Wednesday\",\"Thursday\",\"Friday\",\"Saturday\",\"Sunday\"],\"opens\":\"09:00\",\"closes\":\"17:00\"}]},{\"@type\":\"ImageObject\",\"inLanguage\":\"hu\",\"@id\":\"https:\/\/testwebsite.citygame.com\/hu\/games\/delft\/sherlock-holmes-delft\/#local-main-organization-logo\",\"url\":\"https:\/\/testwebsite.citygame.com\/wp-content\/blogs.dir\/1\/files\/sites\/62\/2025\/10\/CG_LOGO-City-Game.png\",\"contentUrl\":\"https:\/\/testwebsite.citygame.com\/wp-content\/blogs.dir\/1\/files\/sites\/62\/2025\/10\/CG_LOGO-City-Game.png\",\"width\":351,\"height\":377,\"caption\":\"City Game\"}]}<\/script>\n<!-- \/ Yoast SEO Premium plugin. -->","yoast_head_json":{"title":"Sherlock Holmes Delft - City Game","description":"Sherlock Holmes Delft. J\u00e1tsszon egy \u00f6nvezet\u0151 gyilkoss\u00e1gi rejt\u00e9ly V\u00e1rosi J\u00e1t\u00e9kot, oldjon meg rejtv\u00e9nyeket, k\u00f6vesse a nyomokat \u00e9s fedje fel a gyilkost a saj\u00e1t temp\u00f3j\u00e1ban!","robots":{"index":"noindex","follow":"follow","max-snippet":"max-snippet:-1","max-image-preview":"max-image-preview:large","max-video-preview":"max-video-preview:-1"},"og_locale":"hu_HU","og_type":"article","og_title":"Sherlock Holmes Delft","og_description":"Sherlock Holmes Delft. J\u00e1tsszon egy \u00f6nvezet\u0151 gyilkoss\u00e1gi rejt\u00e9ly V\u00e1rosi J\u00e1t\u00e9kot, oldjon meg rejtv\u00e9nyeket, k\u00f6vesse a nyomokat \u00e9s fedje fel a gyilkost a saj\u00e1t temp\u00f3j\u00e1ban!","og_url":"https:\/\/testwebsite.citygame.com\/hu\/games\/delft\/sherlock-holmes-delft\/","og_site_name":"City Game","article_publisher":"https:\/\/www.facebook.com\/profile.php?id=100086426226253","article_modified_time":"2026-04-07T16:22:48+00:00","og_image":[{"width":1344,"height":768,"url":"https:\/\/testwebsite.citygame.com\/wp-content\/blogs.dir\/1\/files\/sites\/62\/2026\/02\/man-playing-sherlock-city-game-delft.jpg","type":"image\/jpeg"}],"twitter_card":"summary_large_image","twitter_misc":{"Becs\u00fclt olvas\u00e1si id\u0151":"1 perc"},"schema":{"@context":"https:\/\/schema.org","@graph":[{"@type":"WebPage","@id":"https:\/\/testwebsite.citygame.com\/hu\/games\/delft\/sherlock-holmes-delft\/","url":"https:\/\/testwebsite.citygame.com\/hu\/games\/delft\/sherlock-holmes-delft\/","name":"Sherlock Holmes Delft - City Game","isPartOf":{"@id":"https:\/\/testwebsite.upevents.nl\/#website"},"primaryImageOfPage":{"@id":"https:\/\/testwebsite.citygame.com\/hu\/games\/delft\/sherlock-holmes-delft\/#primaryimage"},"image":{"@id":"https:\/\/testwebsite.citygame.com\/hu\/games\/delft\/sherlock-holmes-delft\/#primaryimage"},"thumbnailUrl":"https:\/\/testwebsite.citygame.com\/wp-content\/blogs.dir\/1\/files\/sites\/62\/2026\/02\/man-playing-sherlock-city-game-delft.jpg","datePublished":"2026-02-03T16:17:04+00:00","dateModified":"2026-04-07T16:22:48+00:00","description":"Sherlock Holmes Delft. J\u00e1tsszon egy \u00f6nvezet\u0151 gyilkoss\u00e1gi rejt\u00e9ly V\u00e1rosi J\u00e1t\u00e9kot, oldjon meg rejtv\u00e9nyeket, k\u00f6vesse a nyomokat \u00e9s fedje fel a gyilkost a saj\u00e1t temp\u00f3j\u00e1ban!","breadcrumb":{"@id":"https:\/\/testwebsite.citygame.com\/hu\/games\/delft\/sherlock-holmes-delft\/#breadcrumb"},"inLanguage":"hu","potentialAction":[{"@type":"ReadAction","target":["https:\/\/testwebsite.citygame.com\/hu\/games\/delft\/sherlock-holmes-delft\/"]}]},{"@type":"ImageObject","inLanguage":"hu","@id":"https:\/\/testwebsite.citygame.com\/hu\/games\/delft\/sherlock-holmes-delft\/#primaryimage","url":"https:\/\/testwebsite.citygame.com\/wp-content\/blogs.dir\/1\/files\/sites\/62\/2026\/02\/man-playing-sherlock-city-game-delft.jpg","contentUrl":"https:\/\/testwebsite.citygame.com\/wp-content\/blogs.dir\/1\/files\/sites\/62\/2026\/02\/man-playing-sherlock-city-game-delft.jpg","width":1344,"height":768,"caption":"A man uses his smartphone to play the Sherlock city game while exploring the streets of Delft."},{"@type":"BreadcrumbList","@id":"https:\/\/testwebsite.citygame.com\/hu\/games\/delft\/sherlock-holmes-delft\/#breadcrumb","itemListElement":[{"@type":"ListItem","position":1,"name":"Home","item":"https:\/\/testwebsite.citygame.com\/hu\/"},{"@type":"ListItem","position":2,"name":"Shop","item":"https:\/\/testwebsite.citygame.com\/shop\/"},{"@type":"ListItem","position":3,"name":"Sherlock Holmes Delft"}]},{"@type":"WebSite","@id":"https:\/\/testwebsite.upevents.nl\/#website","url":"https:\/\/testwebsite.upevents.nl\/","name":"City Game","description":"","publisher":{"@id":"https:\/\/testwebsite.upevents.nl\/#organization"},"alternateName":"citygame.com","potentialAction":[{"@type":"SearchAction","target":{"@type":"EntryPoint","urlTemplate":"https:\/\/testwebsite.upevents.nl\/?s={search_term_string}"},"query-input":{"@type":"PropertyValueSpecification","valueRequired":true,"valueName":"search_term_string"}}],"inLanguage":"hu"},{"@type":["Organization","Place"],"@id":"https:\/\/testwebsite.upevents.nl\/#organization","name":"City Game","alternateName":"citygame.com","url":"https:\/\/testwebsite.upevents.nl\/","logo":{"@id":"https:\/\/testwebsite.citygame.com\/hu\/games\/delft\/sherlock-holmes-delft\/#local-main-organization-logo"},"image":{"@id":"https:\/\/testwebsite.citygame.com\/hu\/games\/delft\/sherlock-holmes-delft\/#local-main-organization-logo"},"sameAs":["https:\/\/www.facebook.com\/profile.php?id=100086426226253","https:\/\/www.instagram.com\/citygame_com","https:\/\/www.tiktok.com\/@citygamecom\/","https:\/\/www.linkedin.com\/company\/citygame-com"],"description":"Turn any city into a playground with our interactive City Games and self-guided tours. Fun, flexible, and ideal for groups and team building.","telephone":[],"openingHoursSpecification":[{"@type":"OpeningHoursSpecification","dayOfWeek":["Monday","Tuesday","Wednesday","Thursday","Friday","Saturday","Sunday"],"opens":"09:00","closes":"17:00"}]},{"@type":"ImageObject","inLanguage":"hu","@id":"https:\/\/testwebsite.citygame.com\/hu\/games\/delft\/sherlock-holmes-delft\/#local-main-organization-logo","url":"https:\/\/testwebsite.citygame.com\/wp-content\/blogs.dir\/1\/files\/sites\/62\/2025\/10\/CG_LOGO-City-Game.png","contentUrl":"https:\/\/testwebsite.citygame.com\/wp-content\/blogs.dir\/1\/files\/sites\/62\/2025\/10\/CG_LOGO-City-Game.png","width":351,"height":377,"caption":"City Game"}]}},"taxonomy_info":{"game-concept":[{"value":776,"label":"Sherlock"}],"location":[{"value":137,"label":"Delft"}],"product_cat":[{"value":27,"label":"Geen categorie"}]},"featured_image_src_large":["https:\/\/testwebsite.citygame.com\/wp-content\/blogs.dir\/1\/files\/sites\/62\/2026\/02\/man-playing-sherlock-city-game-delft-1024x585.jpg",1024,585,true],"author_info":[],"comment_info":"","_links":{"self":[{"href":"https:\/\/testwebsite.citygame.com\/hu\/wp-json\/wp\/v2\/product\/53190","targetHints":{"allow":["GET"]}}],"collection":[{"href":"https:\/\/testwebsite.citygame.com\/hu\/wp-json\/wp\/v2\/product"}],"about":[{"href":"https:\/\/testwebsite.citygame.com\/hu\/wp-json\/wp\/v2\/types\/product"}],"acf:post":[{"embeddable":true,"href":"https:\/\/testwebsite.citygame.com\/hu\/wp-json\/wp\/v2\/pages\/4481"}],"wp:featuredmedia":[{"embeddable":true,"href":"https:\/\/testwebsite.citygame.com\/hu\/wp-json\/wp\/v2\/media\/9883"}],"wp:attachment":[{"href":"https:\/\/testwebsite.citygame.com\/hu\/wp-json\/wp\/v2\/media?parent=53190"}],"wp:term":[{"taxonomy":"game-concept","embeddable":true,"href":"https:\/\/testwebsite.citygame.com\/hu\/wp-json\/wp\/v2\/game-concept?post=53190"},{"taxonomy":"location","embeddable":true,"href":"https:\/\/testwebsite.citygame.com\/hu\/wp-json\/wp\/v2\/location?post=53190"},{"taxonomy":"product_brand","embeddable":true,"href":"https:\/\/testwebsite.citygame.com\/hu\/wp-json\/wp\/v2\/product_brand?post=53190"},{"taxonomy":"product_cat","embeddable":true,"href":"https:\/\/testwebsite.citygame.com\/hu\/wp-json\/wp\/v2\/product_cat?post=53190"},{"taxonomy":"product_tag","embeddable":true,"href":"https:\/\/testwebsite.citygame.com\/hu\/wp-json\/wp\/v2\/product_tag?post=53190"}],"curies":[{"name":"wp","href":"https:\/\/api.w.org\/{rel}","templated":true}]}}