{"id":53090,"date":"2026-01-15T13:02:15","date_gmt":"2026-01-15T13:02:15","guid":{"rendered":"https:\/\/testwebsite.citygame.com\/games\/unknown-location\/secrets-of-milan\/"},"modified":"2026-04-07T16:11:37","modified_gmt":"2026-04-07T16:11:37","slug":"secrets-of-milan","status":"publish","type":"product","link":"https:\/\/testwebsite.citygame.com\/hu\/games\/milan\/secrets-of-milan\/","title":{"rendered":"Secrets of Milan"},"content":{"rendered":"<p>A Milan V\u00e1rosj\u00e1t\u00e9k egy \u00f6nvezet\u0151 v\u00e1rosi j\u00e1t\u00e9k, amely Mil\u00e1n\u00f3 belv\u00e1ros\u00e1ban j\u00e1tsz\u00f3dik. Ez a GPS alap\u00fa j\u00e1t\u00e9k arra h\u00edvja a j\u00e1t\u00e9kosokat, hogy okostelefonjuk seg\u00edts\u00e9g\u00e9vel fedezz\u00e9k fel a v\u00e1rost, mik\u00f6zben rejtv\u00e9nyeket, tal\u00e1l\u00f3s k\u00e9rd\u00e9seket \u00e9s fot\u00f3s kih\u00edv\u00e1sokat oldanak meg. Ahogy a v\u00e1ros utc\u00e1in navig\u00e1l, rejtett r\u00e9szleteket fedez fel, \u00e9s megismeri Mil\u00e1n\u00f3 t\u00f6rt\u00e9nelm\u00e9t, kult\u00far\u00e1j\u00e1t \u00e9s jellem\u00e9t. A felfedez\u0151 j\u00e1t\u00e9k minden t\u00edpus\u00fa r\u00e9sztvev\u0151 sz\u00e1m\u00e1ra k\u00e9sz\u00fclt, f\u00fcggetlen\u00fcl att\u00f3l, hogy el\u0151sz\u00f6r l\u00e1togat Mil\u00e1n\u00f3ba, vagy m\u00e1r \u00e9vek \u00f3ta ott \u00e9l. Rugalmas \u00e9s mag\u00e1val ragad\u00f3 \u00e9lm\u00e9nyt k\u00edn\u00e1l egy\u00e9ni j\u00e1t\u00e9kosoknak, p\u00e1roknak, csal\u00e1doknak \u00e9s bar\u00e1ti t\u00e1rsas\u00e1goknak.<\/p>\n","protected":false},"excerpt":{"rendered":"<p>Fedezze fel \u00fajra Mil\u00e1n\u00f3 g\u00e9niusz\u00e1nak szellem\u00e9t! Barangoljon nagyszer\u0171 tereken \u00e9s rejtett udvarokon kereszt\u00fcl, mik\u00f6zben seg\u00edt Alessandro Manzoninak visszaszerezni azt az ihletet, amely id\u0151tlen mesterm\u0171v\u00e9t form\u00e1lta, felfedve a v\u00e1ros titkait, ahol m\u0171v\u00e9szet, szenved\u00e9ly \u00e9s t\u00f6rt\u00e9nelem \u00f6sszefon\u00f3dik.<\/p>\n","protected":false},"featured_media":4093,"template":"","meta":{"_acf_changed":false,"_yoast_wpseo_focuskw":"Secrets of Milan","_yoast_wpseo_metadesc":"Secrets of Milan. J\u00e1tsszon \u00f6nvezet\u0151 V\u00e1rosj\u00e1t\u00e9kot, \u00e9s fedezze fel a v\u00e1rost rejtv\u00e9nyeken, tal\u00e1l\u00f3s k\u00e9rd\u00e9seken \u00e9s kih\u00edv\u00e1sokon kereszt\u00fcl. J\u00e1tsszon a saj\u00e1t temp\u00f3j\u00e1ban, \u00e9s fedezze fel a v\u00e1rost, mint egy helyi!","_kad_blocks_custom_css":"","_kad_blocks_head_custom_js":"","_kad_blocks_body_custom_js":"","_kad_blocks_footer_custom_js":"","ghostkit_customizer_options":"","ghostkit_custom_css":"","ghostkit_custom_js_head":"","ghostkit_custom_js_foot":"","ghostkit_typography":"","_kad_post_transparent":"","_kad_post_title":"","_kad_post_layout":"","_kad_post_sidebar_id":"","_kad_post_content_style":"","_kad_post_vertical_padding":"","_kad_post_feature":"","_kad_post_feature_position":"","_kad_post_header":false,"_kad_post_footer":false,"_kad_post_classname":"","_links_to":"","_links_to_target":""},"game-concept":[715],"location":[277],"product_brand":[],"product_cat":[27],"product_tag":[],"class_list":{"0":"post-53090","1":"product","2":"type-product","3":"status-publish","4":"has-post-thumbnail","6":"game-concept-secrets","7":"location-milan","8":"product_cat-geen-categorie","10":"first","11":"instock","12":"shipping-taxable","13":"purchasable","14":"product-type-simple","15":"entry","16":"content-bg","17":"loop-entry"},"acf":{"full_bokun_product_name":"Self-Guided Secrets of Milan Exploration Game","location_name":"Milan","bokun_calendar_widget_code":"<script type=\"text\/javascript\" src=\"https:\/\/widgets.bokun.io\/assets\/javascripts\/apps\/build\/BokunWidgetsLoader.js?bookingChannelUUID=a1e93e96-5232-4734-a595-28405f4b5a31\" async><\/script>\n     \n    <div class=\"bokunWidget\" data-src=\"https:\/\/widgets.bokun.io\/online-sales\/a1e93e96-5232-4734-a595-28405f4b5a31\/experience-calendar\/1109521\"><\/div>\n    <noscript>Please enable javascript in your browser to book<\/noscript>","bokun_button_widget_code":"<script type=\"text\/javascript\" src=\"https:\/\/widgets.bokun.io\/assets\/javascripts\/apps\/build\/BokunWidgetsLoader.js?bookingChannelUUID=a1e93e96-5232-4734-a595-28405f4b5a31\" async><\/script>\n      <style> #bokun_ed001e45_5927_4f62_b470_ca766338d083 { display: inline-block; padding: .4em 1em; background: #47b82e; border-radius: 999999px; box-shadow: none; font-weight: 600; font-size: 24px; text-decoration: none; text-align: center; color: #FFFFFF; border:none; cursor: pointer; transition: background .2s ease; } #bokun_ed001e45_5927_4f62_b470_ca766338d083:hover{ background: #2f7b1f; } #bokun_ed001e45_5927_4f62_b470_ca766338d083:active{ background: #378f24; } <\/style> <button class=\"bokunButton\" disabled id=bokun_ed001e45_5927_4f62_b470_ca766338d083 data-src=\"https:\/\/widgets.bokun.io\/online-sales\/a1e93e96-5232-4734-a595-28405f4b5a31\/experience-calendar\/1109521?partialView=1\" data-testid=\"widget-book-button\" > Book now <\/button> ","what_you\u2019ll_experience_during_the_game":"A Secrets of Milan V\u00e1rosj\u00e1t\u00e9k \u00f6tv\u00f6zi a felfedez\u00e9st a t\u00f6rt\u00e9netmes\u00e9l\u00e9ssel, elvezetve \u00d6nt a v\u00e1ros nagyszer\u0171 nevezetess\u00e9geihez \u00e9s rejtett zugaihoz egyar\u00e1nt. Felfedez\u00e9se sor\u00e1n elhalad a leny\u0171g\u00f6z\u0151 Mil\u00e1n\u00f3i D\u00f3m \u00e9s a Galleria Vittorio Emanuele II eleg\u00e1ns \u00fcveg\u00e1rk\u00e1djai mellett, mik\u00f6zben olyan kev\u00e9sb\u00e9 ismert helyekkel is tal\u00e1lkozik, mint a b\u00e9k\u00e9s Carla Lonzi Kert. Az utaz\u00e1s \u00e1tsz\u00f6vi a t\u00f6rt\u00e9nelmet, az \u00e9p\u00edt\u00e9szetet \u00e9s a v\u00e1rosi \u00e9letet, olyan meg\u00e1ll\u00f3kkal, mint a Castello Sforzesco \u00e9s a gondolat\u00e9breszt\u0151 L.O.V.E. szobor, amelyek kiemelik Mil\u00e1n\u00f3 r\u00e9tegzett identit\u00e1s\u00e1t. \u00datja sor\u00e1n a v\u00e1ros h\u00e1tt\u00e9rk\u00e9nt \u00e9s karakterk\u00e9nt is kibontakozik a kibontakoz\u00f3 t\u00f6rt\u00e9netben.\n\nMil\u00e1n\u00f3ban navig\u00e1lva rejtv\u00e9nyeket, feladv\u00e1nyokat \u00e9s kreat\u00edv fot\u00f3feladatokat old meg, amelyek fokozatosan fednek fel nyomokat \u00e9s pontokat hoznak. Minden kih\u00edv\u00e1s hozz\u00e1j\u00e1rul az \u00e1tfog\u00f3 rejt\u00e9ly megold\u00e1s\u00e1hoz, \u00e9s tippek is rendelkez\u00e9sre \u00e1llnak, ha seg\u00edts\u00e9gre van sz\u00fcks\u00e9ge a helyes ir\u00e1nyba. A V\u00e1rosj\u00e1t\u00e9k b\u00e1rmely pillanatban sz\u00fcneteltethet\u0151, \u00edgy a saj\u00e1t temp\u00f3j\u00e1ban fedezheti fel a v\u00e1rost, \u00e9s folytathatja, amikor k\u00e9szen \u00e1ll. Azok, akik versenyszellem\u0171ek, c\u00e9lul t\u0171zhetik ki a ranglista \u00e9l\u00e9re ker\u00fcl\u00e9s\u00e9t is, a j\u00e1t\u00e9k pontos \u00e9s gyors megold\u00e1s\u00e1val.","how_to_play":"A foglal\u00e1s ut\u00e1n egy e-mailt kap, amelyben egy k\u00f6zvetlen j\u00e1t\u00e9klink tal\u00e1lhat\u00f3 a kaland elind\u00edt\u00e1s\u00e1hoz. Ir\u00e1ny a Mil\u00e1n\u00f3i D\u00f3m, a v\u00e1ros fens\u00e9ges katedr\u00e1lisa, \u00e9s kezdje meg a k\u00fcldet\u00e9s\u00e9t, amikor k\u00e9szen \u00e1ll. A j\u00e1t\u00e9k k\u00f6nnyen ind\u00edthat\u00f3, teljesen \u00f6nvezet\u0151, \u00e9s b\u00e1rmikor sz\u00fcneteltethet\u0151 vagy folytathat\u00f3.","start_location":"Milan, Duomo of Milan","available_languages":[],"players_per_group":"1-4","duration":"1.5-2 hours","image_overlay_color_image":"https:\/\/testwebsite.citygame.com\/wp-content\/blogs.dir\/1\/files\/sites\/62\/2026\/01\/SecretsColor.svg","image_overlay_game_logo":"https:\/\/testwebsite.citygame.com\/wp-content\/blogs.dir\/1\/files\/sites\/62\/2026\/01\/SecretsLogo.png","city_page":7500,"woocommerce_general_content":null},"yoast_head":"<!-- This site is optimized with the Yoast SEO Premium plugin v26.2 (Yoast SEO v26.3) - https:\/\/yoast.com\/wordpress\/plugins\/seo\/ -->\n<title>Secrets of Milan - City Game<\/title>\n<meta name=\"description\" content=\"Secrets of Milan. J\u00e1tsszon \u00f6nvezet\u0151 V\u00e1rosj\u00e1t\u00e9kot, \u00e9s fedezze fel a v\u00e1rost rejtv\u00e9nyeken, tal\u00e1l\u00f3s k\u00e9rd\u00e9seken \u00e9s kih\u00edv\u00e1sokon kereszt\u00fcl. J\u00e1tsszon a saj\u00e1t temp\u00f3j\u00e1ban, \u00e9s fedezze fel a v\u00e1rost, mint egy helyi!\" \/>\n<meta name=\"robots\" content=\"noindex, follow, max-snippet:-1, max-image-preview:large, max-video-preview:-1\" \/>\n<meta property=\"og:locale\" content=\"hu_HU\" \/>\n<meta property=\"og:type\" content=\"article\" \/>\n<meta property=\"og:title\" content=\"Secrets of Milan\" \/>\n<meta property=\"og:description\" content=\"Secrets of Milan. J\u00e1tsszon \u00f6nvezet\u0151 V\u00e1rosj\u00e1t\u00e9kot, \u00e9s fedezze fel a v\u00e1rost rejtv\u00e9nyeken, tal\u00e1l\u00f3s k\u00e9rd\u00e9seken \u00e9s kih\u00edv\u00e1sokon kereszt\u00fcl. J\u00e1tsszon a saj\u00e1t temp\u00f3j\u00e1ban, \u00e9s fedezze fel a v\u00e1rost, mint egy helyi!\" \/>\n<meta property=\"og:url\" content=\"https:\/\/testwebsite.citygame.com\/hu\/games\/milan\/secrets-of-milan\/\" \/>\n<meta property=\"og:site_name\" content=\"City Game\" \/>\n<meta property=\"article:publisher\" content=\"https:\/\/www.facebook.com\/profile.php?id=100086426226253\" \/>\n<meta property=\"article:modified_time\" content=\"2026-04-07T16:11:37+00:00\" \/>\n<meta property=\"og:image\" content=\"https:\/\/testwebsite.citygame.com\/wp-content\/blogs.dir\/1\/files\/sites\/62\/2026\/01\/players-city-game-milan-duomo-square.jpg\" \/>\n\t<meta property=\"og:image:width\" content=\"1184\" \/>\n\t<meta property=\"og:image:height\" content=\"864\" \/>\n\t<meta property=\"og:image:type\" content=\"image\/jpeg\" \/>\n<meta name=\"twitter:card\" content=\"summary_large_image\" \/>\n<meta name=\"twitter:label1\" content=\"Becs\u00fclt olvas\u00e1si id\u0151\" \/>\n\t<meta name=\"twitter:data1\" content=\"1 perc\" \/>\n<script type=\"application\/ld+json\" class=\"yoast-schema-graph\">{\"@context\":\"https:\/\/schema.org\",\"@graph\":[{\"@type\":\"WebPage\",\"@id\":\"https:\/\/testwebsite.citygame.com\/hu\/games\/milan\/secrets-of-milan\/\",\"url\":\"https:\/\/testwebsite.citygame.com\/hu\/games\/milan\/secrets-of-milan\/\",\"name\":\"Secrets of Milan - City Game\",\"isPartOf\":{\"@id\":\"https:\/\/testwebsite.upevents.nl\/#website\"},\"primaryImageOfPage\":{\"@id\":\"https:\/\/testwebsite.citygame.com\/hu\/games\/milan\/secrets-of-milan\/#primaryimage\"},\"image\":{\"@id\":\"https:\/\/testwebsite.citygame.com\/hu\/games\/milan\/secrets-of-milan\/#primaryimage\"},\"thumbnailUrl\":\"https:\/\/testwebsite.citygame.com\/wp-content\/blogs.dir\/1\/files\/sites\/62\/2026\/01\/players-city-game-milan-duomo-square.jpg\",\"datePublished\":\"2026-01-15T13:02:15+00:00\",\"dateModified\":\"2026-04-07T16:11:37+00:00\",\"description\":\"Secrets of Milan. J\u00e1tsszon \u00f6nvezet\u0151 V\u00e1rosj\u00e1t\u00e9kot, \u00e9s fedezze fel a v\u00e1rost rejtv\u00e9nyeken, tal\u00e1l\u00f3s k\u00e9rd\u00e9seken \u00e9s kih\u00edv\u00e1sokon kereszt\u00fcl. J\u00e1tsszon a saj\u00e1t temp\u00f3j\u00e1ban, \u00e9s fedezze fel a v\u00e1rost, mint egy helyi!\",\"breadcrumb\":{\"@id\":\"https:\/\/testwebsite.citygame.com\/hu\/games\/milan\/secrets-of-milan\/#breadcrumb\"},\"inLanguage\":\"hu\",\"potentialAction\":[{\"@type\":\"ReadAction\",\"target\":[\"https:\/\/testwebsite.citygame.com\/hu\/games\/milan\/secrets-of-milan\/\"]}]},{\"@type\":\"ImageObject\",\"inLanguage\":\"hu\",\"@id\":\"https:\/\/testwebsite.citygame.com\/hu\/games\/milan\/secrets-of-milan\/#primaryimage\",\"url\":\"https:\/\/testwebsite.citygame.com\/wp-content\/blogs.dir\/1\/files\/sites\/62\/2026\/01\/players-city-game-milan-duomo-square.jpg\",\"contentUrl\":\"https:\/\/testwebsite.citygame.com\/wp-content\/blogs.dir\/1\/files\/sites\/62\/2026\/01\/players-city-game-milan-duomo-square.jpg\",\"width\":1184,\"height\":864,\"caption\":\"A group of friends collaborates on a challenge while playing a game in Milan's Piazza del Duomo.\"},{\"@type\":\"BreadcrumbList\",\"@id\":\"https:\/\/testwebsite.citygame.com\/hu\/games\/milan\/secrets-of-milan\/#breadcrumb\",\"itemListElement\":[{\"@type\":\"ListItem\",\"position\":1,\"name\":\"Home\",\"item\":\"https:\/\/testwebsite.citygame.com\/hu\/\"},{\"@type\":\"ListItem\",\"position\":2,\"name\":\"Shop\",\"item\":\"https:\/\/testwebsite.citygame.com\/shop\/\"},{\"@type\":\"ListItem\",\"position\":3,\"name\":\"Secrets of Milan\"}]},{\"@type\":\"WebSite\",\"@id\":\"https:\/\/testwebsite.upevents.nl\/#website\",\"url\":\"https:\/\/testwebsite.upevents.nl\/\",\"name\":\"City Game\",\"description\":\"\",\"publisher\":{\"@id\":\"https:\/\/testwebsite.upevents.nl\/#organization\"},\"alternateName\":\"citygame.com\",\"potentialAction\":[{\"@type\":\"SearchAction\",\"target\":{\"@type\":\"EntryPoint\",\"urlTemplate\":\"https:\/\/testwebsite.upevents.nl\/?s={search_term_string}\"},\"query-input\":{\"@type\":\"PropertyValueSpecification\",\"valueRequired\":true,\"valueName\":\"search_term_string\"}}],\"inLanguage\":\"hu\"},{\"@type\":[\"Organization\",\"Place\"],\"@id\":\"https:\/\/testwebsite.upevents.nl\/#organization\",\"name\":\"City Game\",\"alternateName\":\"citygame.com\",\"url\":\"https:\/\/testwebsite.upevents.nl\/\",\"logo\":{\"@id\":\"https:\/\/testwebsite.citygame.com\/hu\/games\/milan\/secrets-of-milan\/#local-main-organization-logo\"},\"image\":{\"@id\":\"https:\/\/testwebsite.citygame.com\/hu\/games\/milan\/secrets-of-milan\/#local-main-organization-logo\"},\"sameAs\":[\"https:\/\/www.facebook.com\/profile.php?id=100086426226253\",\"https:\/\/www.instagram.com\/citygame_com\",\"https:\/\/www.tiktok.com\/@citygamecom\/\",\"https:\/\/www.linkedin.com\/company\/citygame-com\"],\"description\":\"Turn any city into a playground with our interactive City Games and self-guided tours. Fun, flexible, and ideal for groups and team building.\",\"telephone\":[],\"openingHoursSpecification\":[{\"@type\":\"OpeningHoursSpecification\",\"dayOfWeek\":[\"Monday\",\"Tuesday\",\"Wednesday\",\"Thursday\",\"Friday\",\"Saturday\",\"Sunday\"],\"opens\":\"09:00\",\"closes\":\"17:00\"}]},{\"@type\":\"ImageObject\",\"inLanguage\":\"hu\",\"@id\":\"https:\/\/testwebsite.citygame.com\/hu\/games\/milan\/secrets-of-milan\/#local-main-organization-logo\",\"url\":\"https:\/\/testwebsite.citygame.com\/wp-content\/blogs.dir\/1\/files\/sites\/62\/2025\/10\/CG_LOGO-City-Game.png\",\"contentUrl\":\"https:\/\/testwebsite.citygame.com\/wp-content\/blogs.dir\/1\/files\/sites\/62\/2025\/10\/CG_LOGO-City-Game.png\",\"width\":351,\"height\":377,\"caption\":\"City Game\"}]}<\/script>\n<!-- \/ Yoast SEO Premium plugin. -->","yoast_head_json":{"title":"Secrets of Milan - City Game","description":"Secrets of Milan. J\u00e1tsszon \u00f6nvezet\u0151 V\u00e1rosj\u00e1t\u00e9kot, \u00e9s fedezze fel a v\u00e1rost rejtv\u00e9nyeken, tal\u00e1l\u00f3s k\u00e9rd\u00e9seken \u00e9s kih\u00edv\u00e1sokon kereszt\u00fcl. J\u00e1tsszon a saj\u00e1t temp\u00f3j\u00e1ban, \u00e9s fedezze fel a v\u00e1rost, mint egy helyi!","robots":{"index":"noindex","follow":"follow","max-snippet":"max-snippet:-1","max-image-preview":"max-image-preview:large","max-video-preview":"max-video-preview:-1"},"og_locale":"hu_HU","og_type":"article","og_title":"Secrets of Milan","og_description":"Secrets of Milan. J\u00e1tsszon \u00f6nvezet\u0151 V\u00e1rosj\u00e1t\u00e9kot, \u00e9s fedezze fel a v\u00e1rost rejtv\u00e9nyeken, tal\u00e1l\u00f3s k\u00e9rd\u00e9seken \u00e9s kih\u00edv\u00e1sokon kereszt\u00fcl. J\u00e1tsszon a saj\u00e1t temp\u00f3j\u00e1ban, \u00e9s fedezze fel a v\u00e1rost, mint egy helyi!","og_url":"https:\/\/testwebsite.citygame.com\/hu\/games\/milan\/secrets-of-milan\/","og_site_name":"City Game","article_publisher":"https:\/\/www.facebook.com\/profile.php?id=100086426226253","article_modified_time":"2026-04-07T16:11:37+00:00","og_image":[{"width":1184,"height":864,"url":"https:\/\/testwebsite.citygame.com\/wp-content\/blogs.dir\/1\/files\/sites\/62\/2026\/01\/players-city-game-milan-duomo-square.jpg","type":"image\/jpeg"}],"twitter_card":"summary_large_image","twitter_misc":{"Becs\u00fclt olvas\u00e1si id\u0151":"1 perc"},"schema":{"@context":"https:\/\/schema.org","@graph":[{"@type":"WebPage","@id":"https:\/\/testwebsite.citygame.com\/hu\/games\/milan\/secrets-of-milan\/","url":"https:\/\/testwebsite.citygame.com\/hu\/games\/milan\/secrets-of-milan\/","name":"Secrets of Milan - City Game","isPartOf":{"@id":"https:\/\/testwebsite.upevents.nl\/#website"},"primaryImageOfPage":{"@id":"https:\/\/testwebsite.citygame.com\/hu\/games\/milan\/secrets-of-milan\/#primaryimage"},"image":{"@id":"https:\/\/testwebsite.citygame.com\/hu\/games\/milan\/secrets-of-milan\/#primaryimage"},"thumbnailUrl":"https:\/\/testwebsite.citygame.com\/wp-content\/blogs.dir\/1\/files\/sites\/62\/2026\/01\/players-city-game-milan-duomo-square.jpg","datePublished":"2026-01-15T13:02:15+00:00","dateModified":"2026-04-07T16:11:37+00:00","description":"Secrets of Milan. J\u00e1tsszon \u00f6nvezet\u0151 V\u00e1rosj\u00e1t\u00e9kot, \u00e9s fedezze fel a v\u00e1rost rejtv\u00e9nyeken, tal\u00e1l\u00f3s k\u00e9rd\u00e9seken \u00e9s kih\u00edv\u00e1sokon kereszt\u00fcl. J\u00e1tsszon a saj\u00e1t temp\u00f3j\u00e1ban, \u00e9s fedezze fel a v\u00e1rost, mint egy helyi!","breadcrumb":{"@id":"https:\/\/testwebsite.citygame.com\/hu\/games\/milan\/secrets-of-milan\/#breadcrumb"},"inLanguage":"hu","potentialAction":[{"@type":"ReadAction","target":["https:\/\/testwebsite.citygame.com\/hu\/games\/milan\/secrets-of-milan\/"]}]},{"@type":"ImageObject","inLanguage":"hu","@id":"https:\/\/testwebsite.citygame.com\/hu\/games\/milan\/secrets-of-milan\/#primaryimage","url":"https:\/\/testwebsite.citygame.com\/wp-content\/blogs.dir\/1\/files\/sites\/62\/2026\/01\/players-city-game-milan-duomo-square.jpg","contentUrl":"https:\/\/testwebsite.citygame.com\/wp-content\/blogs.dir\/1\/files\/sites\/62\/2026\/01\/players-city-game-milan-duomo-square.jpg","width":1184,"height":864,"caption":"A group of friends collaborates on a challenge while playing a game in Milan's Piazza del Duomo."},{"@type":"BreadcrumbList","@id":"https:\/\/testwebsite.citygame.com\/hu\/games\/milan\/secrets-of-milan\/#breadcrumb","itemListElement":[{"@type":"ListItem","position":1,"name":"Home","item":"https:\/\/testwebsite.citygame.com\/hu\/"},{"@type":"ListItem","position":2,"name":"Shop","item":"https:\/\/testwebsite.citygame.com\/shop\/"},{"@type":"ListItem","position":3,"name":"Secrets of Milan"}]},{"@type":"WebSite","@id":"https:\/\/testwebsite.upevents.nl\/#website","url":"https:\/\/testwebsite.upevents.nl\/","name":"City Game","description":"","publisher":{"@id":"https:\/\/testwebsite.upevents.nl\/#organization"},"alternateName":"citygame.com","potentialAction":[{"@type":"SearchAction","target":{"@type":"EntryPoint","urlTemplate":"https:\/\/testwebsite.upevents.nl\/?s={search_term_string}"},"query-input":{"@type":"PropertyValueSpecification","valueRequired":true,"valueName":"search_term_string"}}],"inLanguage":"hu"},{"@type":["Organization","Place"],"@id":"https:\/\/testwebsite.upevents.nl\/#organization","name":"City Game","alternateName":"citygame.com","url":"https:\/\/testwebsite.upevents.nl\/","logo":{"@id":"https:\/\/testwebsite.citygame.com\/hu\/games\/milan\/secrets-of-milan\/#local-main-organization-logo"},"image":{"@id":"https:\/\/testwebsite.citygame.com\/hu\/games\/milan\/secrets-of-milan\/#local-main-organization-logo"},"sameAs":["https:\/\/www.facebook.com\/profile.php?id=100086426226253","https:\/\/www.instagram.com\/citygame_com","https:\/\/www.tiktok.com\/@citygamecom\/","https:\/\/www.linkedin.com\/company\/citygame-com"],"description":"Turn any city into a playground with our interactive City Games and self-guided tours. Fun, flexible, and ideal for groups and team building.","telephone":[],"openingHoursSpecification":[{"@type":"OpeningHoursSpecification","dayOfWeek":["Monday","Tuesday","Wednesday","Thursday","Friday","Saturday","Sunday"],"opens":"09:00","closes":"17:00"}]},{"@type":"ImageObject","inLanguage":"hu","@id":"https:\/\/testwebsite.citygame.com\/hu\/games\/milan\/secrets-of-milan\/#local-main-organization-logo","url":"https:\/\/testwebsite.citygame.com\/wp-content\/blogs.dir\/1\/files\/sites\/62\/2025\/10\/CG_LOGO-City-Game.png","contentUrl":"https:\/\/testwebsite.citygame.com\/wp-content\/blogs.dir\/1\/files\/sites\/62\/2025\/10\/CG_LOGO-City-Game.png","width":351,"height":377,"caption":"City Game"}]}},"taxonomy_info":{"game-concept":[{"value":715,"label":"Secrets"}],"location":[{"value":277,"label":"Milan"}],"product_cat":[{"value":27,"label":"Geen categorie"}]},"featured_image_src_large":["https:\/\/testwebsite.citygame.com\/wp-content\/blogs.dir\/1\/files\/sites\/62\/2026\/01\/players-city-game-milan-duomo-square-1024x747.jpg",1024,747,true],"author_info":[],"comment_info":"","_links":{"self":[{"href":"https:\/\/testwebsite.citygame.com\/hu\/wp-json\/wp\/v2\/product\/53090","targetHints":{"allow":["GET"]}}],"collection":[{"href":"https:\/\/testwebsite.citygame.com\/hu\/wp-json\/wp\/v2\/product"}],"about":[{"href":"https:\/\/testwebsite.citygame.com\/hu\/wp-json\/wp\/v2\/types\/product"}],"acf:post":[{"embeddable":true,"href":"https:\/\/testwebsite.citygame.com\/hu\/wp-json\/wp\/v2\/pages\/7500"}],"wp:featuredmedia":[{"embeddable":true,"href":"https:\/\/testwebsite.citygame.com\/hu\/wp-json\/wp\/v2\/media\/4093"}],"wp:attachment":[{"href":"https:\/\/testwebsite.citygame.com\/hu\/wp-json\/wp\/v2\/media?parent=53090"}],"wp:term":[{"taxonomy":"game-concept","embeddable":true,"href":"https:\/\/testwebsite.citygame.com\/hu\/wp-json\/wp\/v2\/game-concept?post=53090"},{"taxonomy":"location","embeddable":true,"href":"https:\/\/testwebsite.citygame.com\/hu\/wp-json\/wp\/v2\/location?post=53090"},{"taxonomy":"product_brand","embeddable":true,"href":"https:\/\/testwebsite.citygame.com\/hu\/wp-json\/wp\/v2\/product_brand?post=53090"},{"taxonomy":"product_cat","embeddable":true,"href":"https:\/\/testwebsite.citygame.com\/hu\/wp-json\/wp\/v2\/product_cat?post=53090"},{"taxonomy":"product_tag","embeddable":true,"href":"https:\/\/testwebsite.citygame.com\/hu\/wp-json\/wp\/v2\/product_tag?post=53090"}],"curies":[{"name":"wp","href":"https:\/\/api.w.org\/{rel}","templated":true}]}}