{"id":52857,"date":"2026-01-15T13:03:28","date_gmt":"2026-01-15T13:03:28","guid":{"rendered":"https:\/\/testwebsite.citygame.com\/games\/unknown-location\/secrets-of-brescia\/"},"modified":"2026-04-07T15:40:50","modified_gmt":"2026-04-07T15:40:50","slug":"secrets-of-brescia","status":"publish","type":"product","link":"https:\/\/testwebsite.citygame.com\/hu\/games\/brescia\/secrets-of-brescia\/","title":{"rendered":"Secrets of Brescia"},"content":{"rendered":"<p>A City Game Brescia egy \u00f6nvezet\u0151 v\u00e1rosi j\u00e1t\u00e9k, amely Brescia t\u00f6rt\u00e9nelmi k\u00f6zpontj\u00e1ban zajlik. Ez a GPS-alap\u00fa j\u00e1t\u00e9k okostelefonjuk seg\u00edts\u00e9g\u00e9vel vezeti a j\u00e1t\u00e9kosokat a v\u00e1roson kereszt\u00fcl, mik\u00f6zben rejtv\u00e9nyeket, tal\u00e1l\u00f3s k\u00e9rd\u00e9seket \u00e9s fot\u00f3feladatokat oldanak meg. A felfedez\u0151 j\u00e1t\u00e9k r\u00e9szek\u00e9nt a r\u00e9sztvev\u0151k saj\u00e1t temp\u00f3jukban fedezik fel Brescia t\u00f6rt\u00e9nelm\u00e9t, kult\u00far\u00e1j\u00e1t \u00e9s rejtett r\u00e9szleteit. Az \u00e9lm\u00e9nyt l\u00e1togat\u00f3knak \u00e9s helyieknek egyar\u00e1nt tervezt\u00fck, sz\u00f3rakoztat\u00f3 m\u00f3dot k\u00edn\u00e1lva a v\u00e1rossal val\u00f3 interakci\u00f3ra. Ak\u00e1r egyed\u00fcl, p\u00e1rban, ak\u00e1r csal\u00e1ddal \u00e9s bar\u00e1tokkal j\u00e1tszva, a j\u00e1t\u00e9k rugalmas \u00e9s interakt\u00edv m\u00f3don teszi lehet\u0151v\u00e9 Brescia felfedez\u00e9s\u00e9t.<\/p>\n","protected":false},"excerpt":{"rendered":"<p>Fedd fel Brescia rejtett sz\u00edv\u00e9t! L\u00e9pj be egy v\u00e1rosba, ahol a r\u00f3mai romok tal\u00e1lkoznak a renesz\u00e1nsz sz\u00e9ps\u00e9ggel, mik\u00f6zben Chiara delle Ombre-hoz csatlakozol egy izgalmas k\u00fcldet\u00e9sen, hogy megtal\u00e1ld elveszett szerelme nyughely\u00e9t \u00e9s felt\u00e1rd az id\u0151 feled\u00e9sbe mer\u00fclt titkait.<\/p>\n","protected":false},"featured_media":4146,"template":"","meta":{"_acf_changed":false,"_yoast_wpseo_focuskw":"Secrets of Brescia","_yoast_wpseo_metadesc":"Secrets of Brescia. J\u00e1tssz egy \u00f6nvezet\u0151 v\u00e1rosi j\u00e1t\u00e9kot, \u00e9s fedezd fel a v\u00e1rost rejtv\u00e9nyek, tal\u00e1l\u00f3s k\u00e9rd\u00e9sek \u00e9s kih\u00edv\u00e1sok seg\u00edts\u00e9g\u00e9vel. J\u00e1tssz a saj\u00e1t temp\u00f3dban, \u00e9s fedezz fel, mint egy helyb\u00e9li!","_kad_blocks_custom_css":"","_kad_blocks_head_custom_js":"","_kad_blocks_body_custom_js":"","_kad_blocks_footer_custom_js":"","ghostkit_customizer_options":"","ghostkit_custom_css":"","ghostkit_custom_js_head":"","ghostkit_custom_js_foot":"","ghostkit_typography":"","_kad_post_transparent":"default","_kad_post_title":"","_kad_post_layout":"default","_kad_post_sidebar_id":"","_kad_post_content_style":"default","_kad_post_vertical_padding":"default","_kad_post_feature":"","_kad_post_feature_position":"","_kad_post_header":false,"_kad_post_footer":false,"_kad_post_classname":"","_links_to":"","_links_to_target":""},"game-concept":[715],"location":[462],"product_brand":[],"product_cat":[27],"product_tag":[],"class_list":{"0":"post-52857","1":"product","2":"type-product","3":"status-publish","4":"has-post-thumbnail","6":"game-concept-secrets","7":"location-brescia","8":"product_cat-geen-categorie","10":"first","11":"instock","12":"shipping-taxable","13":"purchasable","14":"product-type-simple","15":"entry","16":"content-bg","17":"loop-entry"},"acf":{"full_bokun_product_name":"Self-Guided Secrets of Brescia Exploration Game","location_name":"Brescia","bokun_calendar_widget_code":"<script type=\"text\/javascript\" src=\"https:\/\/widgets.bokun.io\/assets\/javascripts\/apps\/build\/BokunWidgetsLoader.js?bookingChannelUUID=a1e93e96-5232-4734-a595-28405f4b5a31\" async><\/script>\n     \n    <div class=\"bokunWidget\" data-src=\"https:\/\/widgets.bokun.io\/online-sales\/a1e93e96-5232-4734-a595-28405f4b5a31\/experience-calendar\/1110862\"><\/div>\n    <noscript>Please enable javascript in your browser to book<\/noscript>","bokun_button_widget_code":"<script type=\"text\/javascript\" src=\"https:\/\/widgets.bokun.io\/assets\/javascripts\/apps\/build\/BokunWidgetsLoader.js?bookingChannelUUID=a1e93e96-5232-4734-a595-28405f4b5a31\" async><\/script>\n      <style> #bokun_ed001e45_5927_4f62_b470_ca766338d083 { display: inline-block; padding: .4em 1em; background: #47b82e; border-radius: 999999px; box-shadow: none; font-weight: 600; font-size: 24px; text-decoration: none; text-align: center; color: #FFFFFF; border:none; cursor: pointer; transition: background .2s ease; } #bokun_ed001e45_5927_4f62_b470_ca766338d083:hover{ background: #2f7b1f; } #bokun_ed001e45_5927_4f62_b470_ca766338d083:active{ background: #378f24; } <\/style> <button class=\"bokunButton\" disabled id=bokun_ed001e45_5927_4f62_b470_ca766338d083 data-src=\"https:\/\/widgets.bokun.io\/online-sales\/a1e93e96-5232-4734-a595-28405f4b5a31\/experience-calendar\/1110862?partialView=1\" data-testid=\"widget-book-button\" > Book now <\/button> ","what_you\u2019ll_experience_during_the_game":"Mik\u00f6zben j\u00e1tszod a Secrets of Brescia City Game-et, a v\u00e1rost egy mag\u00e1val ragad\u00f3 t\u00f6rt\u00e9neten kereszt\u00fcl fedezheted fel, amely \u00f6tv\u00f6zi a helyi t\u00f6rt\u00e9nelmet az interakt\u00edv felfedez\u00e9ssel. Az \u00fatvonal ikonikus nevezetess\u00e9gek \u00e9s csendesebb zugok mellett is elvezet, mint p\u00e9ld\u00e1ul a leny\u0171g\u00f6z\u0151 Castello di Brescia domboldali kil\u00e1t\u00e1s\u00e1val \u00e9s \u0151si s\u00e1ncaival. \u00datk\u00f6zben olyan helysz\u00ednekkel tal\u00e1lkozhatsz, mint a Torre dell\u2019Orologio a Piazza della Loggia-n, az eleg\u00e1ns Paul VI Square, \u00e9s a gazdagon r\u00e9szletezett Saint Maria of Carmine. Minden helysz\u00edn elm\u00e9ly\u00edti a helyi \u00e9rz\u00e9st, felt\u00e1rva Brescia m\u00faltj\u00e1nak \u00e9s kultur\u00e1lis karakter\u00e9nek r\u00e9tegeit.\r\n\r\nA City Game sor\u00e1n k\u00fcl\u00f6nf\u00e9le rejtv\u00e9nyeket, tal\u00e1l\u00f3s k\u00e9rd\u00e9seket \u00e9s kreat\u00edv fot\u00f3feladatokat oldhatsz meg, amelyek ir\u00e1ny\u00edtj\u00e1k a halad\u00e1sodat. Minden teljes\u00edtett feladat pontokat \u00e9r, nyomokat t\u00e1r fel, \u00e9s k\u00f6zelebb visz a narrat\u00edv\u00e1ba sz\u0151tt v\u00e9gs\u0151 rejt\u00e9ly megfejt\u00e9s\u00e9hez. Az \u00e9lm\u00e9ny rugalmas\u2014b\u00e1rmikor sz\u00fcneteltetheted \u00e9s folytathatod, \u00edgy k\u00f6nnyen \u00e9lvezheted a saj\u00e1t temp\u00f3dban. Azok sz\u00e1m\u00e1ra, akik szeretik a versenyt, lehet\u0151s\u00e9g van a ranglista megm\u00e1sz\u00e1s\u00e1ra is a legmagasabb pontsz\u00e1m el\u00e9r\u00e9s\u00e9vel.","how_to_play":"A foglal\u00e1s ut\u00e1n e-mailt kapsz egy k\u00f6zvetlen j\u00e1t\u00e9klinkkel. Egyszer\u0171en menj a Via Militare-n l\u00e9v\u0151 kezd\u0151helysz\u00ednre Brescia \u00f3v\u00e1ros\u00e1ban, \u00e9s ind\u00edtsd el a j\u00e1t\u00e9kot az okostelefonodr\u00f3l. Innen indul a t\u00f6rt\u00e9net. J\u00e1tszhatsz a saj\u00e1t temp\u00f3dban, b\u00e1rmikor sz\u00fcneteltetheted, \u00e9s k\u00e9s\u0151bb folytathatod. Az egyetlen dolog, amire sz\u00fcks\u00e9ged van, a k\u00edv\u00e1ncsis\u00e1g, egy internettel rendelkez\u0151 telefon, \u00e9s a v\u00e1gy, hogy teljesen \u00faj m\u00f3don fedezd fel Bresci\u00e1t.","start_location":"Brescia, Via Militare","available_languages":"","players_per_group":"1-4","duration":"1.5-2 hours","image_overlay_color_image":"https:\/\/testwebsite.citygame.com\/wp-content\/blogs.dir\/1\/files\/sites\/62\/2026\/01\/SecretsColor.svg","image_overlay_game_logo":"https:\/\/testwebsite.citygame.com\/wp-content\/blogs.dir\/1\/files\/sites\/62\/2026\/01\/SecretsLogo.png","city_page":15728,"woocommerce_general_content":null},"yoast_head":"<!-- This site is optimized with the Yoast SEO Premium plugin v26.2 (Yoast SEO v26.3) - https:\/\/yoast.com\/wordpress\/plugins\/seo\/ -->\n<title>Secrets of Brescia - City Game<\/title>\n<meta name=\"description\" content=\"Secrets of Brescia. J\u00e1tssz egy \u00f6nvezet\u0151 v\u00e1rosi j\u00e1t\u00e9kot, \u00e9s fedezd fel a v\u00e1rost rejtv\u00e9nyek, tal\u00e1l\u00f3s k\u00e9rd\u00e9sek \u00e9s kih\u00edv\u00e1sok seg\u00edts\u00e9g\u00e9vel. J\u00e1tssz a saj\u00e1t temp\u00f3dban, \u00e9s fedezz fel, mint egy helyb\u00e9li!\" \/>\n<meta name=\"robots\" content=\"noindex, follow, max-snippet:-1, max-image-preview:large, max-video-preview:-1\" \/>\n<meta property=\"og:locale\" content=\"hu_HU\" \/>\n<meta property=\"og:type\" content=\"article\" \/>\n<meta property=\"og:title\" content=\"Secrets of Brescia\" \/>\n<meta property=\"og:description\" content=\"Secrets of Brescia. J\u00e1tssz egy \u00f6nvezet\u0151 v\u00e1rosi j\u00e1t\u00e9kot, \u00e9s fedezd fel a v\u00e1rost rejtv\u00e9nyek, tal\u00e1l\u00f3s k\u00e9rd\u00e9sek \u00e9s kih\u00edv\u00e1sok seg\u00edts\u00e9g\u00e9vel. J\u00e1tssz a saj\u00e1t temp\u00f3dban, \u00e9s fedezz fel, mint egy helyb\u00e9li!\" \/>\n<meta property=\"og:url\" content=\"https:\/\/testwebsite.citygame.com\/hu\/games\/brescia\/secrets-of-brescia\/\" \/>\n<meta property=\"og:site_name\" content=\"City Game\" \/>\n<meta property=\"article:publisher\" content=\"https:\/\/www.facebook.com\/profile.php?id=100086426226253\" \/>\n<meta property=\"article:modified_time\" content=\"2026-04-07T15:40:50+00:00\" \/>\n<meta property=\"og:image\" content=\"https:\/\/testwebsite.citygame.com\/wp-content\/blogs.dir\/1\/files\/sites\/62\/2026\/01\/group-of-friends-playing-city-game-brescia-2.jpg\" \/>\n\t<meta property=\"og:image:width\" content=\"1024\" \/>\n\t<meta property=\"og:image:height\" content=\"1024\" \/>\n\t<meta property=\"og:image:type\" content=\"image\/jpeg\" \/>\n<meta name=\"twitter:card\" content=\"summary_large_image\" \/>\n<meta name=\"twitter:label1\" content=\"Becs\u00fclt olvas\u00e1si id\u0151\" \/>\n\t<meta name=\"twitter:data1\" content=\"1 perc\" \/>\n<script type=\"application\/ld+json\" class=\"yoast-schema-graph\">{\"@context\":\"https:\/\/schema.org\",\"@graph\":[{\"@type\":\"WebPage\",\"@id\":\"https:\/\/testwebsite.citygame.com\/hu\/games\/brescia\/secrets-of-brescia\/\",\"url\":\"https:\/\/testwebsite.citygame.com\/hu\/games\/brescia\/secrets-of-brescia\/\",\"name\":\"Secrets of Brescia - City Game\",\"isPartOf\":{\"@id\":\"https:\/\/testwebsite.upevents.nl\/#website\"},\"primaryImageOfPage\":{\"@id\":\"https:\/\/testwebsite.citygame.com\/hu\/games\/brescia\/secrets-of-brescia\/#primaryimage\"},\"image\":{\"@id\":\"https:\/\/testwebsite.citygame.com\/hu\/games\/brescia\/secrets-of-brescia\/#primaryimage\"},\"thumbnailUrl\":\"https:\/\/testwebsite.citygame.com\/wp-content\/blogs.dir\/1\/files\/sites\/62\/2026\/01\/group-of-friends-playing-city-game-brescia-2.jpg\",\"datePublished\":\"2026-01-15T13:03:28+00:00\",\"dateModified\":\"2026-04-07T15:40:50+00:00\",\"description\":\"Secrets of Brescia. J\u00e1tssz egy \u00f6nvezet\u0151 v\u00e1rosi j\u00e1t\u00e9kot, \u00e9s fedezd fel a v\u00e1rost rejtv\u00e9nyek, tal\u00e1l\u00f3s k\u00e9rd\u00e9sek \u00e9s kih\u00edv\u00e1sok seg\u00edts\u00e9g\u00e9vel. J\u00e1tssz a saj\u00e1t temp\u00f3dban, \u00e9s fedezz fel, mint egy helyb\u00e9li!\",\"breadcrumb\":{\"@id\":\"https:\/\/testwebsite.citygame.com\/hu\/games\/brescia\/secrets-of-brescia\/#breadcrumb\"},\"inLanguage\":\"hu\",\"potentialAction\":[{\"@type\":\"ReadAction\",\"target\":[\"https:\/\/testwebsite.citygame.com\/hu\/games\/brescia\/secrets-of-brescia\/\"]}]},{\"@type\":\"ImageObject\",\"inLanguage\":\"hu\",\"@id\":\"https:\/\/testwebsite.citygame.com\/hu\/games\/brescia\/secrets-of-brescia\/#primaryimage\",\"url\":\"https:\/\/testwebsite.citygame.com\/wp-content\/blogs.dir\/1\/files\/sites\/62\/2026\/01\/group-of-friends-playing-city-game-brescia-2.jpg\",\"contentUrl\":\"https:\/\/testwebsite.citygame.com\/wp-content\/blogs.dir\/1\/files\/sites\/62\/2026\/01\/group-of-friends-playing-city-game-brescia-2.jpg\",\"width\":1024,\"height\":1024,\"caption\":\"A group of friends gather around a smartphone while exploring the historic streets of Brescia.\"},{\"@type\":\"BreadcrumbList\",\"@id\":\"https:\/\/testwebsite.citygame.com\/hu\/games\/brescia\/secrets-of-brescia\/#breadcrumb\",\"itemListElement\":[{\"@type\":\"ListItem\",\"position\":1,\"name\":\"Home\",\"item\":\"https:\/\/testwebsite.citygame.com\/hu\/\"},{\"@type\":\"ListItem\",\"position\":2,\"name\":\"Shop\",\"item\":\"https:\/\/testwebsite.citygame.com\/shop\/\"},{\"@type\":\"ListItem\",\"position\":3,\"name\":\"Secrets of Brescia\"}]},{\"@type\":\"WebSite\",\"@id\":\"https:\/\/testwebsite.upevents.nl\/#website\",\"url\":\"https:\/\/testwebsite.upevents.nl\/\",\"name\":\"City Game\",\"description\":\"\",\"publisher\":{\"@id\":\"https:\/\/testwebsite.upevents.nl\/#organization\"},\"alternateName\":\"citygame.com\",\"potentialAction\":[{\"@type\":\"SearchAction\",\"target\":{\"@type\":\"EntryPoint\",\"urlTemplate\":\"https:\/\/testwebsite.upevents.nl\/?s={search_term_string}\"},\"query-input\":{\"@type\":\"PropertyValueSpecification\",\"valueRequired\":true,\"valueName\":\"search_term_string\"}}],\"inLanguage\":\"hu\"},{\"@type\":[\"Organization\",\"Place\"],\"@id\":\"https:\/\/testwebsite.upevents.nl\/#organization\",\"name\":\"City Game\",\"alternateName\":\"citygame.com\",\"url\":\"https:\/\/testwebsite.upevents.nl\/\",\"logo\":{\"@id\":\"https:\/\/testwebsite.citygame.com\/hu\/games\/brescia\/secrets-of-brescia\/#local-main-organization-logo\"},\"image\":{\"@id\":\"https:\/\/testwebsite.citygame.com\/hu\/games\/brescia\/secrets-of-brescia\/#local-main-organization-logo\"},\"sameAs\":[\"https:\/\/www.facebook.com\/profile.php?id=100086426226253\",\"https:\/\/www.instagram.com\/citygame_com\",\"https:\/\/www.tiktok.com\/@citygamecom\/\",\"https:\/\/www.linkedin.com\/company\/citygame-com\"],\"description\":\"Turn any city into a playground with our interactive City Games and self-guided tours. Fun, flexible, and ideal for groups and team building.\",\"telephone\":[],\"openingHoursSpecification\":[{\"@type\":\"OpeningHoursSpecification\",\"dayOfWeek\":[\"Monday\",\"Tuesday\",\"Wednesday\",\"Thursday\",\"Friday\",\"Saturday\",\"Sunday\"],\"opens\":\"09:00\",\"closes\":\"17:00\"}]},{\"@type\":\"ImageObject\",\"inLanguage\":\"hu\",\"@id\":\"https:\/\/testwebsite.citygame.com\/hu\/games\/brescia\/secrets-of-brescia\/#local-main-organization-logo\",\"url\":\"https:\/\/testwebsite.citygame.com\/wp-content\/blogs.dir\/1\/files\/sites\/62\/2025\/10\/CG_LOGO-City-Game.png\",\"contentUrl\":\"https:\/\/testwebsite.citygame.com\/wp-content\/blogs.dir\/1\/files\/sites\/62\/2025\/10\/CG_LOGO-City-Game.png\",\"width\":351,\"height\":377,\"caption\":\"City Game\"}]}<\/script>\n<!-- \/ Yoast SEO Premium plugin. -->","yoast_head_json":{"title":"Secrets of Brescia - City Game","description":"Secrets of Brescia. J\u00e1tssz egy \u00f6nvezet\u0151 v\u00e1rosi j\u00e1t\u00e9kot, \u00e9s fedezd fel a v\u00e1rost rejtv\u00e9nyek, tal\u00e1l\u00f3s k\u00e9rd\u00e9sek \u00e9s kih\u00edv\u00e1sok seg\u00edts\u00e9g\u00e9vel. J\u00e1tssz a saj\u00e1t temp\u00f3dban, \u00e9s fedezz fel, mint egy helyb\u00e9li!","robots":{"index":"noindex","follow":"follow","max-snippet":"max-snippet:-1","max-image-preview":"max-image-preview:large","max-video-preview":"max-video-preview:-1"},"og_locale":"hu_HU","og_type":"article","og_title":"Secrets of Brescia","og_description":"Secrets of Brescia. J\u00e1tssz egy \u00f6nvezet\u0151 v\u00e1rosi j\u00e1t\u00e9kot, \u00e9s fedezd fel a v\u00e1rost rejtv\u00e9nyek, tal\u00e1l\u00f3s k\u00e9rd\u00e9sek \u00e9s kih\u00edv\u00e1sok seg\u00edts\u00e9g\u00e9vel. J\u00e1tssz a saj\u00e1t temp\u00f3dban, \u00e9s fedezz fel, mint egy helyb\u00e9li!","og_url":"https:\/\/testwebsite.citygame.com\/hu\/games\/brescia\/secrets-of-brescia\/","og_site_name":"City Game","article_publisher":"https:\/\/www.facebook.com\/profile.php?id=100086426226253","article_modified_time":"2026-04-07T15:40:50+00:00","og_image":[{"width":1024,"height":1024,"url":"https:\/\/testwebsite.citygame.com\/wp-content\/blogs.dir\/1\/files\/sites\/62\/2026\/01\/group-of-friends-playing-city-game-brescia-2.jpg","type":"image\/jpeg"}],"twitter_card":"summary_large_image","twitter_misc":{"Becs\u00fclt olvas\u00e1si id\u0151":"1 perc"},"schema":{"@context":"https:\/\/schema.org","@graph":[{"@type":"WebPage","@id":"https:\/\/testwebsite.citygame.com\/hu\/games\/brescia\/secrets-of-brescia\/","url":"https:\/\/testwebsite.citygame.com\/hu\/games\/brescia\/secrets-of-brescia\/","name":"Secrets of Brescia - City Game","isPartOf":{"@id":"https:\/\/testwebsite.upevents.nl\/#website"},"primaryImageOfPage":{"@id":"https:\/\/testwebsite.citygame.com\/hu\/games\/brescia\/secrets-of-brescia\/#primaryimage"},"image":{"@id":"https:\/\/testwebsite.citygame.com\/hu\/games\/brescia\/secrets-of-brescia\/#primaryimage"},"thumbnailUrl":"https:\/\/testwebsite.citygame.com\/wp-content\/blogs.dir\/1\/files\/sites\/62\/2026\/01\/group-of-friends-playing-city-game-brescia-2.jpg","datePublished":"2026-01-15T13:03:28+00:00","dateModified":"2026-04-07T15:40:50+00:00","description":"Secrets of Brescia. J\u00e1tssz egy \u00f6nvezet\u0151 v\u00e1rosi j\u00e1t\u00e9kot, \u00e9s fedezd fel a v\u00e1rost rejtv\u00e9nyek, tal\u00e1l\u00f3s k\u00e9rd\u00e9sek \u00e9s kih\u00edv\u00e1sok seg\u00edts\u00e9g\u00e9vel. J\u00e1tssz a saj\u00e1t temp\u00f3dban, \u00e9s fedezz fel, mint egy helyb\u00e9li!","breadcrumb":{"@id":"https:\/\/testwebsite.citygame.com\/hu\/games\/brescia\/secrets-of-brescia\/#breadcrumb"},"inLanguage":"hu","potentialAction":[{"@type":"ReadAction","target":["https:\/\/testwebsite.citygame.com\/hu\/games\/brescia\/secrets-of-brescia\/"]}]},{"@type":"ImageObject","inLanguage":"hu","@id":"https:\/\/testwebsite.citygame.com\/hu\/games\/brescia\/secrets-of-brescia\/#primaryimage","url":"https:\/\/testwebsite.citygame.com\/wp-content\/blogs.dir\/1\/files\/sites\/62\/2026\/01\/group-of-friends-playing-city-game-brescia-2.jpg","contentUrl":"https:\/\/testwebsite.citygame.com\/wp-content\/blogs.dir\/1\/files\/sites\/62\/2026\/01\/group-of-friends-playing-city-game-brescia-2.jpg","width":1024,"height":1024,"caption":"A group of friends gather around a smartphone while exploring the historic streets of Brescia."},{"@type":"BreadcrumbList","@id":"https:\/\/testwebsite.citygame.com\/hu\/games\/brescia\/secrets-of-brescia\/#breadcrumb","itemListElement":[{"@type":"ListItem","position":1,"name":"Home","item":"https:\/\/testwebsite.citygame.com\/hu\/"},{"@type":"ListItem","position":2,"name":"Shop","item":"https:\/\/testwebsite.citygame.com\/shop\/"},{"@type":"ListItem","position":3,"name":"Secrets of Brescia"}]},{"@type":"WebSite","@id":"https:\/\/testwebsite.upevents.nl\/#website","url":"https:\/\/testwebsite.upevents.nl\/","name":"City Game","description":"","publisher":{"@id":"https:\/\/testwebsite.upevents.nl\/#organization"},"alternateName":"citygame.com","potentialAction":[{"@type":"SearchAction","target":{"@type":"EntryPoint","urlTemplate":"https:\/\/testwebsite.upevents.nl\/?s={search_term_string}"},"query-input":{"@type":"PropertyValueSpecification","valueRequired":true,"valueName":"search_term_string"}}],"inLanguage":"hu"},{"@type":["Organization","Place"],"@id":"https:\/\/testwebsite.upevents.nl\/#organization","name":"City Game","alternateName":"citygame.com","url":"https:\/\/testwebsite.upevents.nl\/","logo":{"@id":"https:\/\/testwebsite.citygame.com\/hu\/games\/brescia\/secrets-of-brescia\/#local-main-organization-logo"},"image":{"@id":"https:\/\/testwebsite.citygame.com\/hu\/games\/brescia\/secrets-of-brescia\/#local-main-organization-logo"},"sameAs":["https:\/\/www.facebook.com\/profile.php?id=100086426226253","https:\/\/www.instagram.com\/citygame_com","https:\/\/www.tiktok.com\/@citygamecom\/","https:\/\/www.linkedin.com\/company\/citygame-com"],"description":"Turn any city into a playground with our interactive City Games and self-guided tours. Fun, flexible, and ideal for groups and team building.","telephone":[],"openingHoursSpecification":[{"@type":"OpeningHoursSpecification","dayOfWeek":["Monday","Tuesday","Wednesday","Thursday","Friday","Saturday","Sunday"],"opens":"09:00","closes":"17:00"}]},{"@type":"ImageObject","inLanguage":"hu","@id":"https:\/\/testwebsite.citygame.com\/hu\/games\/brescia\/secrets-of-brescia\/#local-main-organization-logo","url":"https:\/\/testwebsite.citygame.com\/wp-content\/blogs.dir\/1\/files\/sites\/62\/2025\/10\/CG_LOGO-City-Game.png","contentUrl":"https:\/\/testwebsite.citygame.com\/wp-content\/blogs.dir\/1\/files\/sites\/62\/2025\/10\/CG_LOGO-City-Game.png","width":351,"height":377,"caption":"City Game"}]}},"taxonomy_info":{"game-concept":[{"value":715,"label":"Secrets"}],"location":[{"value":462,"label":"Brescia"}],"product_cat":[{"value":27,"label":"Geen categorie"}]},"featured_image_src_large":["https:\/\/testwebsite.citygame.com\/wp-content\/blogs.dir\/1\/files\/sites\/62\/2026\/01\/group-of-friends-playing-city-game-brescia-2.jpg",1024,1024,false],"author_info":[],"comment_info":"","_links":{"self":[{"href":"https:\/\/testwebsite.citygame.com\/hu\/wp-json\/wp\/v2\/product\/52857","targetHints":{"allow":["GET"]}}],"collection":[{"href":"https:\/\/testwebsite.citygame.com\/hu\/wp-json\/wp\/v2\/product"}],"about":[{"href":"https:\/\/testwebsite.citygame.com\/hu\/wp-json\/wp\/v2\/types\/product"}],"acf:post":[{"embeddable":true,"href":"https:\/\/testwebsite.citygame.com\/hu\/wp-json\/wp\/v2\/pages\/15728"}],"wp:featuredmedia":[{"embeddable":true,"href":"https:\/\/testwebsite.citygame.com\/hu\/wp-json\/wp\/v2\/media\/4146"}],"wp:attachment":[{"href":"https:\/\/testwebsite.citygame.com\/hu\/wp-json\/wp\/v2\/media?parent=52857"}],"wp:term":[{"taxonomy":"game-concept","embeddable":true,"href":"https:\/\/testwebsite.citygame.com\/hu\/wp-json\/wp\/v2\/game-concept?post=52857"},{"taxonomy":"location","embeddable":true,"href":"https:\/\/testwebsite.citygame.com\/hu\/wp-json\/wp\/v2\/location?post=52857"},{"taxonomy":"product_brand","embeddable":true,"href":"https:\/\/testwebsite.citygame.com\/hu\/wp-json\/wp\/v2\/product_brand?post=52857"},{"taxonomy":"product_cat","embeddable":true,"href":"https:\/\/testwebsite.citygame.com\/hu\/wp-json\/wp\/v2\/product_cat?post=52857"},{"taxonomy":"product_tag","embeddable":true,"href":"https:\/\/testwebsite.citygame.com\/hu\/wp-json\/wp\/v2\/product_tag?post=52857"}],"curies":[{"name":"wp","href":"https:\/\/api.w.org\/{rel}","templated":true}]}}