{"id":52713,"date":"2026-01-13T15:26:00","date_gmt":"2026-01-13T15:26:00","guid":{"rendered":"https:\/\/testwebsite.citygame.com\/games\/unknown-location\/secrets-of-bologna\/"},"modified":"2026-04-07T15:24:51","modified_gmt":"2026-04-07T15:24:51","slug":"secrets-of-bologna","status":"publish","type":"product","link":"https:\/\/testwebsite.citygame.com\/hu\/games\/bologna\/secrets-of-bologna\/","title":{"rendered":"Secrets of Bologna"},"content":{"rendered":"<p>A Secrets of Bologna V\u00e1rosi J\u00e1t\u00e9k egy \u00f6nvezet\u0151, GPS alap\u00fa j\u00e1t\u00e9k, amely Bologna t\u00f6rt\u00e9nelmi k\u00f6zpontj\u00e1ban zajlik. Okostelefonja seg\u00edts\u00e9g\u00e9vel felfedezheti a v\u00e1rost, mik\u00f6zben k\u00fcl\u00f6nf\u00e9le fejt\u00f6r\u0151ket, rejtv\u00e9nyeket \u00e9s fot\u00f3s kih\u00edv\u00e1sokat old meg. Ez az interakt\u00edv felfedez\u0151 j\u00e1t\u00e9k sz\u00f3rakoztat\u00f3 \u00e9s mag\u00e1val ragad\u00f3 m\u00f3don k\u00edn\u00e1lja Bologna t\u00f6rt\u00e9nelm\u00e9nek, kult\u00far\u00e1j\u00e1nak \u00e9s kev\u00e9sb\u00e9 ismert r\u00e9szleteinek felfedez\u00e9s\u00e9t a saj\u00e1t temp\u00f3j\u00e1ban. A l\u00e1togat\u00f3k \u00e9s a helyiek sz\u00e1m\u00e1ra egyar\u00e1nt tervezett City Game Bologna ide\u00e1lis egy\u00e9ni j\u00e1t\u00e9kosoknak, p\u00e1roknak, csal\u00e1doknak vagy bar\u00e1ti t\u00e1rsas\u00e1goknak. Ak\u00e1r \u00faj a v\u00e1rosban, ak\u00e1r j\u00f3l ismeri, ez az \u00f6nvezet\u0151 v\u00e1rosi j\u00e1t\u00e9k friss perspekt\u00edv\u00e1t ny\u00fajt az elmer\u00fcl\u0151 j\u00e1t\u00e9k\u00e9lm\u00e9ny r\u00e9v\u00e9n.<\/p>\n","protected":false},"excerpt":{"rendered":"<p>Fedezze fel Bologna rejtett harm\u00f3ni\u00e1j\u00e1t! Bolyongjon a nagyszab\u00e1s\u00fa tereken, visszhangz\u00f3 \u00e1rk\u00e1dokon \u00e9s titkos csatorn\u00e1kon, mik\u00f6zben a t\u00f6rt\u00e9nelem a l\u00e1ba alatt z\u00fcmm\u00f6g. Seg\u00edtsen N\u00e9r\u00f3 cs\u00e1sz\u00e1rnak visszaszerezni elveszett l\u00edr\u00e1j\u00e1t, nyomokat rakva \u00f6ssze egy v\u00e1rosban, ahol a m\u0171v\u00e9szet, a szenved\u00e9ly \u00e9s a rejt\u00e9ly \u00f6ssze\u00fctk\u00f6zik.<\/p>\n","protected":false},"featured_media":3798,"template":"","meta":{"_acf_changed":false,"_yoast_wpseo_focuskw":"Secrets of Bologna","_yoast_wpseo_metadesc":"Secrets of Bologna. J\u00e1tsszon egy \u00f6nvezet\u0151 v\u00e1rosi j\u00e1t\u00e9kkal, \u00e9s fedezze fel a v\u00e1rost fejt\u00f6r\u0151k, rejtv\u00e9nyek \u00e9s kih\u00edv\u00e1sok seg\u00edts\u00e9g\u00e9vel. J\u00e1tsszon a saj\u00e1t temp\u00f3j\u00e1ban, \u00e9s fedezze fel, mint egy helyi!","_kad_blocks_custom_css":"","_kad_blocks_head_custom_js":"","_kad_blocks_body_custom_js":"","_kad_blocks_footer_custom_js":"","ghostkit_customizer_options":"","ghostkit_custom_css":"","ghostkit_custom_js_head":"","ghostkit_custom_js_foot":"","ghostkit_typography":"","_kad_post_transparent":"","_kad_post_title":"","_kad_post_layout":"","_kad_post_sidebar_id":"","_kad_post_content_style":"","_kad_post_vertical_padding":"","_kad_post_feature":"","_kad_post_feature_position":"","_kad_post_header":false,"_kad_post_footer":false,"_kad_post_classname":"","_links_to":"","_links_to_target":""},"game-concept":[715],"location":[94],"product_brand":[],"product_cat":[27],"product_tag":[],"class_list":{"0":"post-52713","1":"product","2":"type-product","3":"status-publish","4":"has-post-thumbnail","6":"game-concept-secrets","7":"location-bologna","8":"product_cat-geen-categorie","10":"first","11":"instock","12":"shipping-taxable","13":"purchasable","14":"product-type-simple","15":"entry","16":"content-bg","17":"loop-entry"},"acf":{"full_bokun_product_name":"Self-Guided Secrets of Bologna Exploration Game","location_name":"Bologna","bokun_calendar_widget_code":"<script type=\"text\/javascript\" src=\"https:\/\/widgets.bokun.io\/assets\/javascripts\/apps\/build\/BokunWidgetsLoader.js?bookingChannelUUID=a1e93e96-5232-4734-a595-28405f4b5a31\" async><\/script>\n     \n    <div class=\"bokunWidget\" data-src=\"https:\/\/widgets.bokun.io\/online-sales\/a1e93e96-5232-4734-a595-28405f4b5a31\/experience-calendar\/1102777\"><\/div>\n    <noscript>Please enable javascript in your browser to book<\/noscript>","bokun_button_widget_code":"<script type=\"text\/javascript\" src=\"https:\/\/widgets.bokun.io\/assets\/javascripts\/apps\/build\/BokunWidgetsLoader.js?bookingChannelUUID=a1e93e96-5232-4734-a595-28405f4b5a31\" async><\/script>\n      <style> #bokun_ed001e45_5927_4f62_b470_ca766338d083 { display: inline-block; padding: .4em 1em; background: #47b82e; border-radius: 999999px; box-shadow: none; font-weight: 600; font-size: 24px; text-decoration: none; text-align: center; color: #FFFFFF; border:none; cursor: pointer; transition: background .2s ease; } #bokun_ed001e45_5927_4f62_b470_ca766338d083:hover{ background: #2f7b1f; } #bokun_ed001e45_5927_4f62_b470_ca766338d083:active{ background: #378f24; } <\/style> <button class=\"bokunButton\" disabled id=bokun_ed001e45_5927_4f62_b470_ca766338d083 data-src=\"https:\/\/widgets.bokun.io\/online-sales\/a1e93e96-5232-4734-a595-28405f4b5a31\/experience-calendar\/1102777?partialView=1\" data-testid=\"widget-book-button\" > Book now <\/button> ","what_you\u2019ll_experience_during_the_game":"A Secrets of Bologna V\u00e1rosi J\u00e1t\u00e9k sor\u00e1n a v\u00e1rost mag\u00e1val ragad\u00f3 t\u00f6rt\u00e9netmes\u00e9l\u00e9s, interakt\u00edv felfedez\u00e9s \u00e9s helyi t\u00f6rt\u00e9nelem kever\u00e9k\u00e9n kereszt\u00fcl fedezheti fel. A j\u00e1t\u00e9k mind az \u00fcnnepelt helysz\u00edneken, mind a csendesebb sarkokon kereszt\u00fcl vezet, a nagyszer\u0171 Palazzo della Mercanzia-t\u00f3l a leny\u0171g\u00f6z\u0151 Neptun-k\u00fathoz. \u00datk\u00f6zben betekinthet a rejtett Finestrella-n kereszt\u00fcl, tal\u00e1lkozhat Bologna sz\u00e9kesegyh\u00e1z\u00e1nak eleg\u00e1ns homlokzat\u00e1val, vagy megpihenhet az \u00e9vsz\u00e1zados K\u00edv\u00e1ns\u00e1gk\u00fat k\u00f6zel\u00e9ben. Minden hely Bologna r\u00e9tegzett m\u00faltj\u00e1nak \u00e9s gazdag hangulat\u00e1nak egy-egy szelet\u00e9t t\u00e1rja fel, m\u00e9lyen \u00e1t\u00e9lhet\u0151 hely\u00e9rzetet k\u00edn\u00e1lva, mik\u00f6zben az utc\u00e1in utazik.\n\nAhogy Bologna v\u00e1ros\u00e1ban halad, fejt\u00f6r\u0151kkel, rejtv\u00e9nyekkel \u00e9s fot\u00f3s kih\u00edv\u00e1sokkal tal\u00e1lkozik, amelyek \u00e9letre keltik a t\u00f6rt\u00e9netet. Minden feladat megold\u00e1sa pontokat szerez, hasznos tippeket fed fel, \u00e9s k\u00f6zelebb viszi \u00d6nt a v\u00e9gs\u0151 rejt\u00e9ly megfejt\u00e9s\u00e9hez. A V\u00e1rosi J\u00e1t\u00e9k form\u00e1tum lehet\u0151v\u00e9 teszi, hogy b\u00e1rmikor sz\u00fcneteltesse \u00e9s folytassa a j\u00e1t\u00e9kot, rugalmass\u00e1got k\u00edn\u00e1lva, ak\u00e1r a saj\u00e1t temp\u00f3j\u00e1ban fedezi fel, ak\u00e1r a ranglista els\u0151 hely\u00e9\u00e9rt versenyez. Ak\u00e1r csapatban, ak\u00e1r egyed\u00fcl, az \u00e9lm\u00e9ny j\u00e1t\u00e9kos k\u00edv\u00e1ncsis\u00e1gra \u00e9s \u00e1tgondolt megfigyel\u00e9sre h\u00edvja fel a figyelmet Bologna eg\u00e9sz ter\u00fclet\u00e9n.","how_to_play":"A foglal\u00e1s ut\u00e1n e-mailt kap egy k\u00f6zvetlen j\u00e1t\u00e9klinkkel. Egyszer\u0171en menjen XIII. Gergely p\u00e1pa szobr\u00e1hoz a Piazza Maggiore-n, hogy elkezdje kalandj\u00e1t. Nyissa meg a linket okostelefonj\u00e1n, \u00e9s azonnal kezdje meg a felfedez\u00e9st. B\u00e1rmikor sz\u00fcneteltetheti \u00e9s folytathatja a j\u00e1t\u00e9kot, \u00edgy ez a t\u00f6k\u00e9letes rugalmas tev\u00e9kenys\u00e9g bolognai l\u00e1togat\u00e1sa sor\u00e1n.","start_location":"Bologna, Statue of Pope Gregory XIII","available_languages":[],"players_per_group":"1-4","duration":"1.5-2 hours","image_overlay_color_image":"https:\/\/testwebsite.citygame.com\/wp-content\/blogs.dir\/1\/files\/sites\/62\/2026\/01\/SecretsColor.svg","image_overlay_game_logo":"https:\/\/testwebsite.citygame.com\/wp-content\/blogs.dir\/1\/files\/sites\/62\/2026\/01\/SecretsLogo.png","city_page":8408,"woocommerce_general_content":null},"yoast_head":"<!-- This site is optimized with the Yoast SEO Premium plugin v26.2 (Yoast SEO v26.3) - https:\/\/yoast.com\/wordpress\/plugins\/seo\/ -->\n<title>Secrets of Bologna - City Game<\/title>\n<meta name=\"description\" content=\"Secrets of Bologna. J\u00e1tsszon egy \u00f6nvezet\u0151 v\u00e1rosi j\u00e1t\u00e9kkal, \u00e9s fedezze fel a v\u00e1rost fejt\u00f6r\u0151k, rejtv\u00e9nyek \u00e9s kih\u00edv\u00e1sok seg\u00edts\u00e9g\u00e9vel. J\u00e1tsszon a saj\u00e1t temp\u00f3j\u00e1ban, \u00e9s fedezze fel, mint egy helyi!\" \/>\n<meta name=\"robots\" content=\"noindex, follow, max-snippet:-1, max-image-preview:large, max-video-preview:-1\" \/>\n<meta property=\"og:locale\" content=\"hu_HU\" \/>\n<meta property=\"og:type\" content=\"article\" \/>\n<meta property=\"og:title\" content=\"Secrets of Bologna\" \/>\n<meta property=\"og:description\" content=\"Secrets of Bologna. J\u00e1tsszon egy \u00f6nvezet\u0151 v\u00e1rosi j\u00e1t\u00e9kkal, \u00e9s fedezze fel a v\u00e1rost fejt\u00f6r\u0151k, rejtv\u00e9nyek \u00e9s kih\u00edv\u00e1sok seg\u00edts\u00e9g\u00e9vel. J\u00e1tsszon a saj\u00e1t temp\u00f3j\u00e1ban, \u00e9s fedezze fel, mint egy helyi!\" \/>\n<meta property=\"og:url\" content=\"https:\/\/testwebsite.citygame.com\/hu\/games\/bologna\/secrets-of-bologna\/\" \/>\n<meta property=\"og:site_name\" content=\"City Game\" \/>\n<meta property=\"article:publisher\" content=\"https:\/\/www.facebook.com\/profile.php?id=100086426226253\" \/>\n<meta property=\"article:modified_time\" content=\"2026-04-07T15:24:51+00:00\" \/>\n<meta property=\"og:image\" content=\"https:\/\/testwebsite.citygame.com\/wp-content\/blogs.dir\/1\/files\/sites\/62\/2026\/01\/bologna-palazzo-d-accursio-players-city-game.jpg\" \/>\n\t<meta property=\"og:image:width\" content=\"1248\" \/>\n\t<meta property=\"og:image:height\" content=\"832\" \/>\n\t<meta property=\"og:image:type\" content=\"image\/jpeg\" \/>\n<meta name=\"twitter:card\" content=\"summary_large_image\" \/>\n<meta name=\"twitter:label1\" content=\"Becs\u00fclt olvas\u00e1si id\u0151\" \/>\n\t<meta name=\"twitter:data1\" content=\"1 perc\" \/>\n<script type=\"application\/ld+json\" class=\"yoast-schema-graph\">{\"@context\":\"https:\/\/schema.org\",\"@graph\":[{\"@type\":\"WebPage\",\"@id\":\"https:\/\/testwebsite.citygame.com\/hu\/games\/bologna\/secrets-of-bologna\/\",\"url\":\"https:\/\/testwebsite.citygame.com\/hu\/games\/bologna\/secrets-of-bologna\/\",\"name\":\"Secrets of Bologna - City Game\",\"isPartOf\":{\"@id\":\"https:\/\/testwebsite.upevents.nl\/#website\"},\"primaryImageOfPage\":{\"@id\":\"https:\/\/testwebsite.citygame.com\/hu\/games\/bologna\/secrets-of-bologna\/#primaryimage\"},\"image\":{\"@id\":\"https:\/\/testwebsite.citygame.com\/hu\/games\/bologna\/secrets-of-bologna\/#primaryimage\"},\"thumbnailUrl\":\"https:\/\/testwebsite.citygame.com\/wp-content\/blogs.dir\/1\/files\/sites\/62\/2026\/01\/bologna-palazzo-d-accursio-players-city-game.jpg\",\"datePublished\":\"2026-01-13T15:26:00+00:00\",\"dateModified\":\"2026-04-07T15:24:51+00:00\",\"description\":\"Secrets of Bologna. J\u00e1tsszon egy \u00f6nvezet\u0151 v\u00e1rosi j\u00e1t\u00e9kkal, \u00e9s fedezze fel a v\u00e1rost fejt\u00f6r\u0151k, rejtv\u00e9nyek \u00e9s kih\u00edv\u00e1sok seg\u00edts\u00e9g\u00e9vel. J\u00e1tsszon a saj\u00e1t temp\u00f3j\u00e1ban, \u00e9s fedezze fel, mint egy helyi!\",\"breadcrumb\":{\"@id\":\"https:\/\/testwebsite.citygame.com\/hu\/games\/bologna\/secrets-of-bologna\/#breadcrumb\"},\"inLanguage\":\"hu\",\"potentialAction\":[{\"@type\":\"ReadAction\",\"target\":[\"https:\/\/testwebsite.citygame.com\/hu\/games\/bologna\/secrets-of-bologna\/\"]}]},{\"@type\":\"ImageObject\",\"inLanguage\":\"hu\",\"@id\":\"https:\/\/testwebsite.citygame.com\/hu\/games\/bologna\/secrets-of-bologna\/#primaryimage\",\"url\":\"https:\/\/testwebsite.citygame.com\/wp-content\/blogs.dir\/1\/files\/sites\/62\/2026\/01\/bologna-palazzo-d-accursio-players-city-game.jpg\",\"contentUrl\":\"https:\/\/testwebsite.citygame.com\/wp-content\/blogs.dir\/1\/files\/sites\/62\/2026\/01\/bologna-palazzo-d-accursio-players-city-game.jpg\",\"width\":1248,\"height\":832,\"caption\":\"A group of friends enjoys an interactive city game in front of Palazzo d'Accursio in Bologna.\"},{\"@type\":\"BreadcrumbList\",\"@id\":\"https:\/\/testwebsite.citygame.com\/hu\/games\/bologna\/secrets-of-bologna\/#breadcrumb\",\"itemListElement\":[{\"@type\":\"ListItem\",\"position\":1,\"name\":\"Home\",\"item\":\"https:\/\/testwebsite.citygame.com\/hu\/\"},{\"@type\":\"ListItem\",\"position\":2,\"name\":\"Shop\",\"item\":\"https:\/\/testwebsite.citygame.com\/shop\/\"},{\"@type\":\"ListItem\",\"position\":3,\"name\":\"Secrets of Bologna\"}]},{\"@type\":\"WebSite\",\"@id\":\"https:\/\/testwebsite.upevents.nl\/#website\",\"url\":\"https:\/\/testwebsite.upevents.nl\/\",\"name\":\"City Game\",\"description\":\"\",\"publisher\":{\"@id\":\"https:\/\/testwebsite.upevents.nl\/#organization\"},\"alternateName\":\"citygame.com\",\"potentialAction\":[{\"@type\":\"SearchAction\",\"target\":{\"@type\":\"EntryPoint\",\"urlTemplate\":\"https:\/\/testwebsite.upevents.nl\/?s={search_term_string}\"},\"query-input\":{\"@type\":\"PropertyValueSpecification\",\"valueRequired\":true,\"valueName\":\"search_term_string\"}}],\"inLanguage\":\"hu\"},{\"@type\":[\"Organization\",\"Place\"],\"@id\":\"https:\/\/testwebsite.upevents.nl\/#organization\",\"name\":\"City Game\",\"alternateName\":\"citygame.com\",\"url\":\"https:\/\/testwebsite.upevents.nl\/\",\"logo\":{\"@id\":\"https:\/\/testwebsite.citygame.com\/hu\/games\/bologna\/secrets-of-bologna\/#local-main-organization-logo\"},\"image\":{\"@id\":\"https:\/\/testwebsite.citygame.com\/hu\/games\/bologna\/secrets-of-bologna\/#local-main-organization-logo\"},\"sameAs\":[\"https:\/\/www.facebook.com\/profile.php?id=100086426226253\",\"https:\/\/www.instagram.com\/citygame_com\",\"https:\/\/www.tiktok.com\/@citygamecom\/\",\"https:\/\/www.linkedin.com\/company\/citygame-com\"],\"description\":\"Turn any city into a playground with our interactive City Games and self-guided tours. Fun, flexible, and ideal for groups and team building.\",\"telephone\":[],\"openingHoursSpecification\":[{\"@type\":\"OpeningHoursSpecification\",\"dayOfWeek\":[\"Monday\",\"Tuesday\",\"Wednesday\",\"Thursday\",\"Friday\",\"Saturday\",\"Sunday\"],\"opens\":\"09:00\",\"closes\":\"17:00\"}]},{\"@type\":\"ImageObject\",\"inLanguage\":\"hu\",\"@id\":\"https:\/\/testwebsite.citygame.com\/hu\/games\/bologna\/secrets-of-bologna\/#local-main-organization-logo\",\"url\":\"https:\/\/testwebsite.citygame.com\/wp-content\/blogs.dir\/1\/files\/sites\/62\/2025\/10\/CG_LOGO-City-Game.png\",\"contentUrl\":\"https:\/\/testwebsite.citygame.com\/wp-content\/blogs.dir\/1\/files\/sites\/62\/2025\/10\/CG_LOGO-City-Game.png\",\"width\":351,\"height\":377,\"caption\":\"City Game\"}]}<\/script>\n<!-- \/ Yoast SEO Premium plugin. -->","yoast_head_json":{"title":"Secrets of Bologna - City Game","description":"Secrets of Bologna. J\u00e1tsszon egy \u00f6nvezet\u0151 v\u00e1rosi j\u00e1t\u00e9kkal, \u00e9s fedezze fel a v\u00e1rost fejt\u00f6r\u0151k, rejtv\u00e9nyek \u00e9s kih\u00edv\u00e1sok seg\u00edts\u00e9g\u00e9vel. J\u00e1tsszon a saj\u00e1t temp\u00f3j\u00e1ban, \u00e9s fedezze fel, mint egy helyi!","robots":{"index":"noindex","follow":"follow","max-snippet":"max-snippet:-1","max-image-preview":"max-image-preview:large","max-video-preview":"max-video-preview:-1"},"og_locale":"hu_HU","og_type":"article","og_title":"Secrets of Bologna","og_description":"Secrets of Bologna. J\u00e1tsszon egy \u00f6nvezet\u0151 v\u00e1rosi j\u00e1t\u00e9kkal, \u00e9s fedezze fel a v\u00e1rost fejt\u00f6r\u0151k, rejtv\u00e9nyek \u00e9s kih\u00edv\u00e1sok seg\u00edts\u00e9g\u00e9vel. J\u00e1tsszon a saj\u00e1t temp\u00f3j\u00e1ban, \u00e9s fedezze fel, mint egy helyi!","og_url":"https:\/\/testwebsite.citygame.com\/hu\/games\/bologna\/secrets-of-bologna\/","og_site_name":"City Game","article_publisher":"https:\/\/www.facebook.com\/profile.php?id=100086426226253","article_modified_time":"2026-04-07T15:24:51+00:00","og_image":[{"width":1248,"height":832,"url":"https:\/\/testwebsite.citygame.com\/wp-content\/blogs.dir\/1\/files\/sites\/62\/2026\/01\/bologna-palazzo-d-accursio-players-city-game.jpg","type":"image\/jpeg"}],"twitter_card":"summary_large_image","twitter_misc":{"Becs\u00fclt olvas\u00e1si id\u0151":"1 perc"},"schema":{"@context":"https:\/\/schema.org","@graph":[{"@type":"WebPage","@id":"https:\/\/testwebsite.citygame.com\/hu\/games\/bologna\/secrets-of-bologna\/","url":"https:\/\/testwebsite.citygame.com\/hu\/games\/bologna\/secrets-of-bologna\/","name":"Secrets of Bologna - City Game","isPartOf":{"@id":"https:\/\/testwebsite.upevents.nl\/#website"},"primaryImageOfPage":{"@id":"https:\/\/testwebsite.citygame.com\/hu\/games\/bologna\/secrets-of-bologna\/#primaryimage"},"image":{"@id":"https:\/\/testwebsite.citygame.com\/hu\/games\/bologna\/secrets-of-bologna\/#primaryimage"},"thumbnailUrl":"https:\/\/testwebsite.citygame.com\/wp-content\/blogs.dir\/1\/files\/sites\/62\/2026\/01\/bologna-palazzo-d-accursio-players-city-game.jpg","datePublished":"2026-01-13T15:26:00+00:00","dateModified":"2026-04-07T15:24:51+00:00","description":"Secrets of Bologna. J\u00e1tsszon egy \u00f6nvezet\u0151 v\u00e1rosi j\u00e1t\u00e9kkal, \u00e9s fedezze fel a v\u00e1rost fejt\u00f6r\u0151k, rejtv\u00e9nyek \u00e9s kih\u00edv\u00e1sok seg\u00edts\u00e9g\u00e9vel. J\u00e1tsszon a saj\u00e1t temp\u00f3j\u00e1ban, \u00e9s fedezze fel, mint egy helyi!","breadcrumb":{"@id":"https:\/\/testwebsite.citygame.com\/hu\/games\/bologna\/secrets-of-bologna\/#breadcrumb"},"inLanguage":"hu","potentialAction":[{"@type":"ReadAction","target":["https:\/\/testwebsite.citygame.com\/hu\/games\/bologna\/secrets-of-bologna\/"]}]},{"@type":"ImageObject","inLanguage":"hu","@id":"https:\/\/testwebsite.citygame.com\/hu\/games\/bologna\/secrets-of-bologna\/#primaryimage","url":"https:\/\/testwebsite.citygame.com\/wp-content\/blogs.dir\/1\/files\/sites\/62\/2026\/01\/bologna-palazzo-d-accursio-players-city-game.jpg","contentUrl":"https:\/\/testwebsite.citygame.com\/wp-content\/blogs.dir\/1\/files\/sites\/62\/2026\/01\/bologna-palazzo-d-accursio-players-city-game.jpg","width":1248,"height":832,"caption":"A group of friends enjoys an interactive city game in front of Palazzo d'Accursio in Bologna."},{"@type":"BreadcrumbList","@id":"https:\/\/testwebsite.citygame.com\/hu\/games\/bologna\/secrets-of-bologna\/#breadcrumb","itemListElement":[{"@type":"ListItem","position":1,"name":"Home","item":"https:\/\/testwebsite.citygame.com\/hu\/"},{"@type":"ListItem","position":2,"name":"Shop","item":"https:\/\/testwebsite.citygame.com\/shop\/"},{"@type":"ListItem","position":3,"name":"Secrets of Bologna"}]},{"@type":"WebSite","@id":"https:\/\/testwebsite.upevents.nl\/#website","url":"https:\/\/testwebsite.upevents.nl\/","name":"City Game","description":"","publisher":{"@id":"https:\/\/testwebsite.upevents.nl\/#organization"},"alternateName":"citygame.com","potentialAction":[{"@type":"SearchAction","target":{"@type":"EntryPoint","urlTemplate":"https:\/\/testwebsite.upevents.nl\/?s={search_term_string}"},"query-input":{"@type":"PropertyValueSpecification","valueRequired":true,"valueName":"search_term_string"}}],"inLanguage":"hu"},{"@type":["Organization","Place"],"@id":"https:\/\/testwebsite.upevents.nl\/#organization","name":"City Game","alternateName":"citygame.com","url":"https:\/\/testwebsite.upevents.nl\/","logo":{"@id":"https:\/\/testwebsite.citygame.com\/hu\/games\/bologna\/secrets-of-bologna\/#local-main-organization-logo"},"image":{"@id":"https:\/\/testwebsite.citygame.com\/hu\/games\/bologna\/secrets-of-bologna\/#local-main-organization-logo"},"sameAs":["https:\/\/www.facebook.com\/profile.php?id=100086426226253","https:\/\/www.instagram.com\/citygame_com","https:\/\/www.tiktok.com\/@citygamecom\/","https:\/\/www.linkedin.com\/company\/citygame-com"],"description":"Turn any city into a playground with our interactive City Games and self-guided tours. Fun, flexible, and ideal for groups and team building.","telephone":[],"openingHoursSpecification":[{"@type":"OpeningHoursSpecification","dayOfWeek":["Monday","Tuesday","Wednesday","Thursday","Friday","Saturday","Sunday"],"opens":"09:00","closes":"17:00"}]},{"@type":"ImageObject","inLanguage":"hu","@id":"https:\/\/testwebsite.citygame.com\/hu\/games\/bologna\/secrets-of-bologna\/#local-main-organization-logo","url":"https:\/\/testwebsite.citygame.com\/wp-content\/blogs.dir\/1\/files\/sites\/62\/2025\/10\/CG_LOGO-City-Game.png","contentUrl":"https:\/\/testwebsite.citygame.com\/wp-content\/blogs.dir\/1\/files\/sites\/62\/2025\/10\/CG_LOGO-City-Game.png","width":351,"height":377,"caption":"City Game"}]}},"taxonomy_info":{"game-concept":[{"value":715,"label":"Secrets"}],"location":[{"value":94,"label":"Bologna"}],"product_cat":[{"value":27,"label":"Geen categorie"}]},"featured_image_src_large":["https:\/\/testwebsite.citygame.com\/wp-content\/blogs.dir\/1\/files\/sites\/62\/2026\/01\/bologna-palazzo-d-accursio-players-city-game-1024x683.jpg",1024,683,true],"author_info":[],"comment_info":"","_links":{"self":[{"href":"https:\/\/testwebsite.citygame.com\/hu\/wp-json\/wp\/v2\/product\/52713","targetHints":{"allow":["GET"]}}],"collection":[{"href":"https:\/\/testwebsite.citygame.com\/hu\/wp-json\/wp\/v2\/product"}],"about":[{"href":"https:\/\/testwebsite.citygame.com\/hu\/wp-json\/wp\/v2\/types\/product"}],"acf:post":[{"embeddable":true,"href":"https:\/\/testwebsite.citygame.com\/hu\/wp-json\/wp\/v2\/pages\/8408"}],"wp:featuredmedia":[{"embeddable":true,"href":"https:\/\/testwebsite.citygame.com\/hu\/wp-json\/wp\/v2\/media\/3798"}],"wp:attachment":[{"href":"https:\/\/testwebsite.citygame.com\/hu\/wp-json\/wp\/v2\/media?parent=52713"}],"wp:term":[{"taxonomy":"game-concept","embeddable":true,"href":"https:\/\/testwebsite.citygame.com\/hu\/wp-json\/wp\/v2\/game-concept?post=52713"},{"taxonomy":"location","embeddable":true,"href":"https:\/\/testwebsite.citygame.com\/hu\/wp-json\/wp\/v2\/location?post=52713"},{"taxonomy":"product_brand","embeddable":true,"href":"https:\/\/testwebsite.citygame.com\/hu\/wp-json\/wp\/v2\/product_brand?post=52713"},{"taxonomy":"product_cat","embeddable":true,"href":"https:\/\/testwebsite.citygame.com\/hu\/wp-json\/wp\/v2\/product_cat?post=52713"},{"taxonomy":"product_tag","embeddable":true,"href":"https:\/\/testwebsite.citygame.com\/hu\/wp-json\/wp\/v2\/product_tag?post=52713"}],"curies":[{"name":"wp","href":"https:\/\/api.w.org\/{rel}","templated":true}]}}