{"id":42822,"date":"2026-01-13T15:43:48","date_gmt":"2026-01-13T15:43:48","guid":{"rendered":"https:\/\/testwebsite.citygame.com\/games\/unknown-location\/termek-376\/"},"modified":"2026-04-02T19:28:26","modified_gmt":"2026-04-02T19:28:26","slug":"termek-376","status":"publish","type":"product","link":"https:\/\/testwebsite.citygame.com\/hu\/games\/unknown-location\/termek-376\/","title":{"rendered":"Term\u00e9k"},"content":{"rendered":"","protected":false},"excerpt":{"rendered":"","protected":false},"featured_media":3886,"template":"","meta":{"_acf_changed":false,"_yoast_wpseo_focuskw":"Secrets of Malmo","_yoast_wpseo_metadesc":"Secrets of Malmo. J\u00e1tsszon egy \u00f6nvezet\u0151 v\u00e1rosi j\u00e1t\u00e9kot, \u00e9s fedezze fel a v\u00e1rost rejtv\u00e9nyek, tal\u00e1l\u00f3s k\u00e9rd\u00e9sek \u00e9s kih\u00edv\u00e1sok seg\u00edts\u00e9g\u00e9vel. J\u00e1tsszon a saj\u00e1t temp\u00f3j\u00e1ban, \u00e9s fedezze fel a v\u00e1rost, mint egy helyi!","_kad_blocks_custom_css":"","_kad_blocks_head_custom_js":"","_kad_blocks_body_custom_js":"","_kad_blocks_footer_custom_js":"","ghostkit_customizer_options":"","ghostkit_custom_css":"","ghostkit_custom_js_head":"","ghostkit_custom_js_foot":"","ghostkit_typography":"","_kad_post_transparent":"","_kad_post_title":"","_kad_post_layout":"","_kad_post_sidebar_id":"","_kad_post_content_style":"","_kad_post_vertical_padding":"","_kad_post_feature":"","_kad_post_feature_position":"","_kad_post_header":false,"_kad_post_footer":false,"_kad_post_classname":"","_links_to":"","_links_to_target":""},"game-concept":[36],"location":[],"product_brand":[],"product_cat":[27],"product_tag":[],"class_list":{"0":"post-42822","1":"product","2":"type-product","3":"status-publish","4":"has-post-thumbnail","6":"game-concept-secrets","7":"product_cat-geen-categorie","9":"first","10":"instock","11":"shipping-taxable","12":"purchasable","13":"product-type-simple","14":"entry","15":"content-bg","16":"loop-entry"},"acf":{"full_bokun_product_name":"Self-Guided Secrets of Malm\u00f6 Exploration Game","location_name":"Malmo","bokun_calendar_widget_code":"<script type=\"text\/javascript\" src=\"https:\/\/widgets.bokun.io\/assets\/javascripts\/apps\/build\/BokunWidgetsLoader.js?bookingChannelUUID=a1e93e96-5232-4734-a595-28405f4b5a31\" async><\/script>\n     \n    <div class=\"bokunWidget\" data-src=\"https:\/\/widgets.bokun.io\/online-sales\/a1e93e96-5232-4734-a595-28405f4b5a31\/experience-calendar\/872757\"><\/div>\n    <noscript>Please enable javascript in your browser to book<\/noscript>","bokun_button_widget_code":"<script type=\"text\/javascript\" src=\"https:\/\/widgets.bokun.io\/assets\/javascripts\/apps\/build\/BokunWidgetsLoader.js?bookingChannelUUID=a1e93e96-5232-4734-a595-28405f4b5a31\" async><\/script>\n      <style> #bokun_ed001e45_5927_4f62_b470_ca766338d083 { display: inline-block; padding: .4em 1em; background: #47b82e; border-radius: 999999px; box-shadow: none; font-weight: 600; font-size: 24px; text-decoration: none; text-align: center; color: #FFFFFF; border:none; cursor: pointer; transition: background .2s ease; } #bokun_ed001e45_5927_4f62_b470_ca766338d083:hover{ background: #2f7b1f; } #bokun_ed001e45_5927_4f62_b470_ca766338d083:active{ background: #378f24; } <\/style> <button class=\"bokunButton\" disabled id=bokun_ed001e45_5927_4f62_b470_ca766338d083 data-src=\"https:\/\/widgets.bokun.io\/online-sales\/a1e93e96-5232-4734-a595-28405f4b5a31\/experience-calendar\/872757?partialView=1\" data-testid=\"widget-book-button\" > Book now <\/button> ","what_you\u2019ll_experience_during_the_game":"Mik\u00f6zben a City Game-mel j\u00e1rja Malm\u00f6t, ikonikus \u00e9p\u00edt\u00e9szet, b\u00e9k\u00e9s sarkok \u00e9s a v\u00e1rosi t\u00e1jba sz\u0151tt t\u00f6rt\u00e9netek kever\u00e9k\u00e9re bukkan. A j\u00e1t\u00e9k olyan nevezetess\u00e9gekhez vezet, mint a Lilla Torg, egy t\u00f6rt\u00e9nelmi b\u00e1jjal teli, \u00e9lettel teli t\u00e9r, \u00e9s a dr\u00e1mai Turning Torso, amely a l\u00e1tk\u00e9p f\u00f6l\u00e9 tornyosul. Ezek mellett a j\u00f3l ismert helyek mellett felfedezhet olyan rejtett utc\u00e1kat, mint a Jakob Nilsgatan, \u00e9s olyan helyeket, mint a Thottska huset, Malm\u00f6 legr\u00e9gebbi fennmaradt fav\u00e1zas h\u00e1za. Az \u00fatvonal \u00f6tv\u00f6zi a v\u00e1ros energi\u00e1j\u00e1t a csendesebb, elm\u00e9lked\u00e9sre alkalmas helyekkel, amelyek felt\u00e1rj\u00e1k Malm\u00f6 r\u00e9tegzett t\u00f6rt\u00e9nelm\u00e9t.\n\nAz \u00e9lm\u00e9ny sor\u00e1n sz\u00e1mos rejtv\u00e9nyt, vizu\u00e1lis feladv\u00e1nyt, k\u00e9rd\u00e9st \u00e9s fot\u00f3alap\u00fa kih\u00edv\u00e1st old meg, amelyek arra \u00f6szt\u00f6n\u00f6znek, hogy jobban odafigyeljen a k\u00f6rnyezet\u00e9re. Minden teljes\u00edtett feladat pontokat szerez, \u00e9s seg\u00edt felfedni a kibontakoz\u00f3 rejt\u00e9ly tov\u00e1bbi r\u00e9szleteit, sz\u00fcks\u00e9g eset\u00e9n opcion\u00e1lis tippek is rendelkez\u00e9sre \u00e1llnak. A j\u00e1t\u00e9k b\u00e1rmikor szabadon sz\u00fcneteltethet\u0151 \u00e9s folytathat\u00f3, \u00edgy a saj\u00e1t ritmus\u00e1ban fedezheti fel Malm\u00f6t. Azok sz\u00e1m\u00e1ra, akik szeretik a verseng\u00e9st, lehet\u0151s\u00e9g van arra is, hogy a ranglist\u00e1n szerepeljenek a legmagasabb pontsz\u00e1m gy\u0171jt\u00e9s\u00e9vel.","how_to_play":"A foglal\u00e1s ut\u00e1n e-mailt kap egy k\u00f6zvetlen j\u00e1t\u00e9klinkkel. Menjen a High Court in Malm\u00f6-ba, a kiindul\u00f3pontra, nyissa meg a linket okostelefonj\u00e1n, \u00e9s azonnal kezdje meg k\u00fcldet\u00e9s\u00e9t. A j\u00e1t\u00e9kot b\u00e1rmikor sz\u00fcneteltetheti, \u00e9s folytathatja, amikor csak akarja.","start_location":"Malm\u00f6, High Court","available_languages":[],"players_per_group":"1-4","duration":"1.5-2 hours","image_overlay_color_image":"https:\/\/testwebsite.citygame.com\/wp-content\/blogs.dir\/1\/files\/sites\/62\/2026\/01\/SecretsColor.svg","image_overlay_game_logo":"https:\/\/testwebsite.citygame.com\/wp-content\/blogs.dir\/1\/files\/sites\/62\/2026\/01\/SecretsLogo.png","city_page":7523,"woocommerce_general_content":null,"the_story":"<strong>A terpentin illata m\u00e9g ott lebeg, de a mesterm\u0171 elt\u0171nt. A 18. sz\u00e1zadi Malm\u0151ben Alexander Roslin, kir\u00e1lyok fest\u0151je \u00e9s az igazs\u00e1g keres\u0151je, m\u0171v\u00e9szeti roml\u00e1s el\u0151tt \u00e1ll. Recepci\u00f3s darabja (morceau de r\u00e9ception), egy m\u0171, amely \u00f6r\u00f6k elismer\u00e9st hozhatott volna neki P\u00e1rizsban, elt\u0171nt. Nem elveszett, hanem elvitt\u00e9k. \u00c9s valaki a v\u00e1rosban tudja, mi\u00e9rt.<\/strong><br><br>S\u00e9t\u00e1ljon macskak\u00f6ves utc\u00e1kon \u00e9s csendes m\u0171termekben, mik\u00f6zben \u00e1rnyakat kerget \u00e9s f\u00e9lt\u00e9keny rivaliz\u00e1l\u00e1sokat bogoz ki. Oldjon meg r\u00e9tegzett rejtv\u00e9nyeket, fejtsen meg m\u0171v\u00e9szeti szimb\u00f3lumokat, \u00e9s k\u00f6vessen suttog\u00e1sokat egy olyan v\u00e1rosban, ahol az amb\u00edci\u00f3 olyan m\u00e9ly, mint a csatorn\u00e1k. A sors ecsetvon\u00e1sai m\u00e9g nem sz\u00e1radtak meg. Az \u00d6n seg\u00edts\u00e9g\u00e9vel Roslin tal\u00e1n befejezheti legnagyobb m\u0171v\u00e9t.<br><br><strong>Az igazs\u00e1g ott van, csak a macskak\u00f6vek \u00e9s a suttog\u00e1sok al\u00e1 rejtve.<\/strong>","name_main_character":"Alexander Roslin","photo_main_character":42823,"loquiz_or_kokimoki":"Kokimoki"},"yoast_head":"<!-- This site is optimized with the Yoast SEO Premium plugin v26.2 (Yoast SEO v26.3) - https:\/\/yoast.com\/wordpress\/plugins\/seo\/ -->\n<title>Term\u00e9k - City Game<\/title>\n<meta name=\"description\" content=\"Secrets of Malmo. J\u00e1tsszon egy \u00f6nvezet\u0151 v\u00e1rosi j\u00e1t\u00e9kot, \u00e9s fedezze fel a v\u00e1rost rejtv\u00e9nyek, tal\u00e1l\u00f3s k\u00e9rd\u00e9sek \u00e9s kih\u00edv\u00e1sok seg\u00edts\u00e9g\u00e9vel. J\u00e1tsszon a saj\u00e1t temp\u00f3j\u00e1ban, \u00e9s fedezze fel a v\u00e1rost, mint egy helyi!\" \/>\n<meta name=\"robots\" content=\"noindex, follow, max-snippet:-1, max-image-preview:large, max-video-preview:-1\" \/>\n<meta property=\"og:locale\" content=\"hu_HU\" \/>\n<meta property=\"og:type\" content=\"article\" \/>\n<meta property=\"og:title\" content=\"Term\u00e9k\" \/>\n<meta property=\"og:description\" content=\"Secrets of Malmo. J\u00e1tsszon egy \u00f6nvezet\u0151 v\u00e1rosi j\u00e1t\u00e9kot, \u00e9s fedezze fel a v\u00e1rost rejtv\u00e9nyek, tal\u00e1l\u00f3s k\u00e9rd\u00e9sek \u00e9s kih\u00edv\u00e1sok seg\u00edts\u00e9g\u00e9vel. J\u00e1tsszon a saj\u00e1t temp\u00f3j\u00e1ban, \u00e9s fedezze fel a v\u00e1rost, mint egy helyi!\" \/>\n<meta property=\"og:url\" content=\"https:\/\/testwebsite.citygame.com\/hu\/games\/unknown-location\/termek-376\/\" \/>\n<meta property=\"og:site_name\" content=\"City Game\" \/>\n<meta property=\"article:publisher\" content=\"https:\/\/www.facebook.com\/profile.php?id=100086426226253\" \/>\n<meta property=\"article:modified_time\" content=\"2026-04-02T19:28:26+00:00\" \/>\n<meta property=\"og:image\" content=\"https:\/\/testwebsite.citygame.com\/wp-content\/blogs.dir\/1\/files\/sites\/62\/2026\/01\/woman-playing-secrets-of-city-game-by-canal-in-european-city.jpg\" \/>\n\t<meta property=\"og:image:width\" content=\"704\" \/>\n\t<meta property=\"og:image:height\" content=\"1472\" \/>\n\t<meta property=\"og:image:type\" content=\"image\/jpeg\" \/>\n<meta name=\"twitter:card\" content=\"summary_large_image\" \/>\n<script type=\"application\/ld+json\" class=\"yoast-schema-graph\">{\"@context\":\"https:\/\/schema.org\",\"@graph\":[{\"@type\":\"WebPage\",\"@id\":\"https:\/\/testwebsite.citygame.com\/hu\/games\/unknown-location\/termek-376\/\",\"url\":\"https:\/\/testwebsite.citygame.com\/hu\/games\/unknown-location\/termek-376\/\",\"name\":\"Term\u00e9k - City Game\",\"isPartOf\":{\"@id\":\"https:\/\/testwebsite.upevents.nl\/#website\"},\"primaryImageOfPage\":{\"@id\":\"https:\/\/testwebsite.citygame.com\/hu\/games\/unknown-location\/termek-376\/#primaryimage\"},\"image\":{\"@id\":\"https:\/\/testwebsite.citygame.com\/hu\/games\/unknown-location\/termek-376\/#primaryimage\"},\"thumbnailUrl\":\"https:\/\/testwebsite.citygame.com\/wp-content\/blogs.dir\/1\/files\/sites\/62\/2026\/01\/woman-playing-secrets-of-city-game-by-canal-in-european-city.jpg\",\"datePublished\":\"2026-01-13T15:43:48+00:00\",\"dateModified\":\"2026-04-02T19:28:26+00:00\",\"description\":\"Secrets of Malmo. J\u00e1tsszon egy \u00f6nvezet\u0151 v\u00e1rosi j\u00e1t\u00e9kot, \u00e9s fedezze fel a v\u00e1rost rejtv\u00e9nyek, tal\u00e1l\u00f3s k\u00e9rd\u00e9sek \u00e9s kih\u00edv\u00e1sok seg\u00edts\u00e9g\u00e9vel. J\u00e1tsszon a saj\u00e1t temp\u00f3j\u00e1ban, \u00e9s fedezze fel a v\u00e1rost, mint egy helyi!\",\"breadcrumb\":{\"@id\":\"https:\/\/testwebsite.citygame.com\/hu\/games\/unknown-location\/termek-376\/#breadcrumb\"},\"inLanguage\":\"hu\",\"potentialAction\":[{\"@type\":\"ReadAction\",\"target\":[\"https:\/\/testwebsite.citygame.com\/hu\/games\/unknown-location\/termek-376\/\"]}]},{\"@type\":\"ImageObject\",\"inLanguage\":\"hu\",\"@id\":\"https:\/\/testwebsite.citygame.com\/hu\/games\/unknown-location\/termek-376\/#primaryimage\",\"url\":\"https:\/\/testwebsite.citygame.com\/wp-content\/blogs.dir\/1\/files\/sites\/62\/2026\/01\/woman-playing-secrets-of-city-game-by-canal-in-european-city.jpg\",\"contentUrl\":\"https:\/\/testwebsite.citygame.com\/wp-content\/blogs.dir\/1\/files\/sites\/62\/2026\/01\/woman-playing-secrets-of-city-game-by-canal-in-european-city.jpg\",\"width\":704,\"height\":1472,\"caption\":\"A player interacts with the City Game app while exploring a picturesque canal in a historic European city.\"},{\"@type\":\"BreadcrumbList\",\"@id\":\"https:\/\/testwebsite.citygame.com\/hu\/games\/unknown-location\/termek-376\/#breadcrumb\",\"itemListElement\":[{\"@type\":\"ListItem\",\"position\":1,\"name\":\"Home\",\"item\":\"https:\/\/testwebsite.citygame.com\/hu\/\"},{\"@type\":\"ListItem\",\"position\":2,\"name\":\"Shop\",\"item\":\"https:\/\/testwebsite.citygame.com\/shop\/\"},{\"@type\":\"ListItem\",\"position\":3,\"name\":\"Term\u00e9k\"}]},{\"@type\":\"WebSite\",\"@id\":\"https:\/\/testwebsite.upevents.nl\/#website\",\"url\":\"https:\/\/testwebsite.upevents.nl\/\",\"name\":\"City Game\",\"description\":\"\",\"publisher\":{\"@id\":\"https:\/\/testwebsite.upevents.nl\/#organization\"},\"alternateName\":\"citygame.com\",\"potentialAction\":[{\"@type\":\"SearchAction\",\"target\":{\"@type\":\"EntryPoint\",\"urlTemplate\":\"https:\/\/testwebsite.upevents.nl\/?s={search_term_string}\"},\"query-input\":{\"@type\":\"PropertyValueSpecification\",\"valueRequired\":true,\"valueName\":\"search_term_string\"}}],\"inLanguage\":\"hu\"},{\"@type\":[\"Organization\",\"Place\"],\"@id\":\"https:\/\/testwebsite.upevents.nl\/#organization\",\"name\":\"City Game\",\"alternateName\":\"citygame.com\",\"url\":\"https:\/\/testwebsite.upevents.nl\/\",\"logo\":{\"@id\":\"https:\/\/testwebsite.citygame.com\/hu\/games\/unknown-location\/termek-376\/#local-main-organization-logo\"},\"image\":{\"@id\":\"https:\/\/testwebsite.citygame.com\/hu\/games\/unknown-location\/termek-376\/#local-main-organization-logo\"},\"sameAs\":[\"https:\/\/www.facebook.com\/profile.php?id=100086426226253\",\"https:\/\/www.instagram.com\/citygame_com\",\"https:\/\/www.tiktok.com\/@citygamecom\/\",\"https:\/\/www.linkedin.com\/company\/citygame-com\"],\"description\":\"Turn any city into a playground with our interactive City Games and self-guided tours. Fun, flexible, and ideal for groups and team building.\",\"telephone\":[],\"openingHoursSpecification\":[{\"@type\":\"OpeningHoursSpecification\",\"dayOfWeek\":[\"Monday\",\"Tuesday\",\"Wednesday\",\"Thursday\",\"Friday\",\"Saturday\",\"Sunday\"],\"opens\":\"09:00\",\"closes\":\"17:00\"}]},{\"@type\":\"ImageObject\",\"inLanguage\":\"hu\",\"@id\":\"https:\/\/testwebsite.citygame.com\/hu\/games\/unknown-location\/termek-376\/#local-main-organization-logo\",\"url\":\"https:\/\/testwebsite.citygame.com\/wp-content\/blogs.dir\/1\/files\/sites\/62\/2025\/10\/CG_LOGO-City-Game.png\",\"contentUrl\":\"https:\/\/testwebsite.citygame.com\/wp-content\/blogs.dir\/1\/files\/sites\/62\/2025\/10\/CG_LOGO-City-Game.png\",\"width\":351,\"height\":377,\"caption\":\"City Game\"}]}<\/script>\n<!-- \/ Yoast SEO Premium plugin. -->","yoast_head_json":{"title":"Term\u00e9k - City Game","description":"Secrets of Malmo. J\u00e1tsszon egy \u00f6nvezet\u0151 v\u00e1rosi j\u00e1t\u00e9kot, \u00e9s fedezze fel a v\u00e1rost rejtv\u00e9nyek, tal\u00e1l\u00f3s k\u00e9rd\u00e9sek \u00e9s kih\u00edv\u00e1sok seg\u00edts\u00e9g\u00e9vel. J\u00e1tsszon a saj\u00e1t temp\u00f3j\u00e1ban, \u00e9s fedezze fel a v\u00e1rost, mint egy helyi!","robots":{"index":"noindex","follow":"follow","max-snippet":"max-snippet:-1","max-image-preview":"max-image-preview:large","max-video-preview":"max-video-preview:-1"},"og_locale":"hu_HU","og_type":"article","og_title":"Term\u00e9k","og_description":"Secrets of Malmo. J\u00e1tsszon egy \u00f6nvezet\u0151 v\u00e1rosi j\u00e1t\u00e9kot, \u00e9s fedezze fel a v\u00e1rost rejtv\u00e9nyek, tal\u00e1l\u00f3s k\u00e9rd\u00e9sek \u00e9s kih\u00edv\u00e1sok seg\u00edts\u00e9g\u00e9vel. J\u00e1tsszon a saj\u00e1t temp\u00f3j\u00e1ban, \u00e9s fedezze fel a v\u00e1rost, mint egy helyi!","og_url":"https:\/\/testwebsite.citygame.com\/hu\/games\/unknown-location\/termek-376\/","og_site_name":"City Game","article_publisher":"https:\/\/www.facebook.com\/profile.php?id=100086426226253","article_modified_time":"2026-04-02T19:28:26+00:00","og_image":[{"width":704,"height":1472,"url":"https:\/\/testwebsite.citygame.com\/wp-content\/blogs.dir\/1\/files\/sites\/62\/2026\/01\/woman-playing-secrets-of-city-game-by-canal-in-european-city.jpg","type":"image\/jpeg"}],"twitter_card":"summary_large_image","schema":{"@context":"https:\/\/schema.org","@graph":[{"@type":"WebPage","@id":"https:\/\/testwebsite.citygame.com\/hu\/games\/unknown-location\/termek-376\/","url":"https:\/\/testwebsite.citygame.com\/hu\/games\/unknown-location\/termek-376\/","name":"Term\u00e9k - City Game","isPartOf":{"@id":"https:\/\/testwebsite.upevents.nl\/#website"},"primaryImageOfPage":{"@id":"https:\/\/testwebsite.citygame.com\/hu\/games\/unknown-location\/termek-376\/#primaryimage"},"image":{"@id":"https:\/\/testwebsite.citygame.com\/hu\/games\/unknown-location\/termek-376\/#primaryimage"},"thumbnailUrl":"https:\/\/testwebsite.citygame.com\/wp-content\/blogs.dir\/1\/files\/sites\/62\/2026\/01\/woman-playing-secrets-of-city-game-by-canal-in-european-city.jpg","datePublished":"2026-01-13T15:43:48+00:00","dateModified":"2026-04-02T19:28:26+00:00","description":"Secrets of Malmo. J\u00e1tsszon egy \u00f6nvezet\u0151 v\u00e1rosi j\u00e1t\u00e9kot, \u00e9s fedezze fel a v\u00e1rost rejtv\u00e9nyek, tal\u00e1l\u00f3s k\u00e9rd\u00e9sek \u00e9s kih\u00edv\u00e1sok seg\u00edts\u00e9g\u00e9vel. J\u00e1tsszon a saj\u00e1t temp\u00f3j\u00e1ban, \u00e9s fedezze fel a v\u00e1rost, mint egy helyi!","breadcrumb":{"@id":"https:\/\/testwebsite.citygame.com\/hu\/games\/unknown-location\/termek-376\/#breadcrumb"},"inLanguage":"hu","potentialAction":[{"@type":"ReadAction","target":["https:\/\/testwebsite.citygame.com\/hu\/games\/unknown-location\/termek-376\/"]}]},{"@type":"ImageObject","inLanguage":"hu","@id":"https:\/\/testwebsite.citygame.com\/hu\/games\/unknown-location\/termek-376\/#primaryimage","url":"https:\/\/testwebsite.citygame.com\/wp-content\/blogs.dir\/1\/files\/sites\/62\/2026\/01\/woman-playing-secrets-of-city-game-by-canal-in-european-city.jpg","contentUrl":"https:\/\/testwebsite.citygame.com\/wp-content\/blogs.dir\/1\/files\/sites\/62\/2026\/01\/woman-playing-secrets-of-city-game-by-canal-in-european-city.jpg","width":704,"height":1472,"caption":"A player interacts with the City Game app while exploring a picturesque canal in a historic European city."},{"@type":"BreadcrumbList","@id":"https:\/\/testwebsite.citygame.com\/hu\/games\/unknown-location\/termek-376\/#breadcrumb","itemListElement":[{"@type":"ListItem","position":1,"name":"Home","item":"https:\/\/testwebsite.citygame.com\/hu\/"},{"@type":"ListItem","position":2,"name":"Shop","item":"https:\/\/testwebsite.citygame.com\/shop\/"},{"@type":"ListItem","position":3,"name":"Term\u00e9k"}]},{"@type":"WebSite","@id":"https:\/\/testwebsite.upevents.nl\/#website","url":"https:\/\/testwebsite.upevents.nl\/","name":"City Game","description":"","publisher":{"@id":"https:\/\/testwebsite.upevents.nl\/#organization"},"alternateName":"citygame.com","potentialAction":[{"@type":"SearchAction","target":{"@type":"EntryPoint","urlTemplate":"https:\/\/testwebsite.upevents.nl\/?s={search_term_string}"},"query-input":{"@type":"PropertyValueSpecification","valueRequired":true,"valueName":"search_term_string"}}],"inLanguage":"hu"},{"@type":["Organization","Place"],"@id":"https:\/\/testwebsite.upevents.nl\/#organization","name":"City Game","alternateName":"citygame.com","url":"https:\/\/testwebsite.upevents.nl\/","logo":{"@id":"https:\/\/testwebsite.citygame.com\/hu\/games\/unknown-location\/termek-376\/#local-main-organization-logo"},"image":{"@id":"https:\/\/testwebsite.citygame.com\/hu\/games\/unknown-location\/termek-376\/#local-main-organization-logo"},"sameAs":["https:\/\/www.facebook.com\/profile.php?id=100086426226253","https:\/\/www.instagram.com\/citygame_com","https:\/\/www.tiktok.com\/@citygamecom\/","https:\/\/www.linkedin.com\/company\/citygame-com"],"description":"Turn any city into a playground with our interactive City Games and self-guided tours. Fun, flexible, and ideal for groups and team building.","telephone":[],"openingHoursSpecification":[{"@type":"OpeningHoursSpecification","dayOfWeek":["Monday","Tuesday","Wednesday","Thursday","Friday","Saturday","Sunday"],"opens":"09:00","closes":"17:00"}]},{"@type":"ImageObject","inLanguage":"hu","@id":"https:\/\/testwebsite.citygame.com\/hu\/games\/unknown-location\/termek-376\/#local-main-organization-logo","url":"https:\/\/testwebsite.citygame.com\/wp-content\/blogs.dir\/1\/files\/sites\/62\/2025\/10\/CG_LOGO-City-Game.png","contentUrl":"https:\/\/testwebsite.citygame.com\/wp-content\/blogs.dir\/1\/files\/sites\/62\/2025\/10\/CG_LOGO-City-Game.png","width":351,"height":377,"caption":"City Game"}]}},"taxonomy_info":{"game-concept":[{"value":36,"label":"Secrets"}],"product_cat":[{"value":27,"label":"Geen categorie"}]},"featured_image_src_large":["https:\/\/testwebsite.citygame.com\/wp-content\/blogs.dir\/1\/files\/sites\/62\/2026\/01\/woman-playing-secrets-of-city-game-by-canal-in-european-city-490x1024.jpg",490,1024,true],"author_info":[],"comment_info":"","_links":{"self":[{"href":"https:\/\/testwebsite.citygame.com\/hu\/wp-json\/wp\/v2\/product\/42822","targetHints":{"allow":["GET"]}}],"collection":[{"href":"https:\/\/testwebsite.citygame.com\/hu\/wp-json\/wp\/v2\/product"}],"about":[{"href":"https:\/\/testwebsite.citygame.com\/hu\/wp-json\/wp\/v2\/types\/product"}],"acf:post":[{"embeddable":true,"href":"https:\/\/testwebsite.citygame.com\/hu\/wp-json\/wp\/v2\/pages\/7523"}],"wp:featuredmedia":[{"embeddable":true,"href":"https:\/\/testwebsite.citygame.com\/hu\/wp-json\/wp\/v2\/media\/3886"}],"wp:attachment":[{"href":"https:\/\/testwebsite.citygame.com\/hu\/wp-json\/wp\/v2\/media?parent=42822"}],"wp:term":[{"taxonomy":"game-concept","embeddable":true,"href":"https:\/\/testwebsite.citygame.com\/hu\/wp-json\/wp\/v2\/game-concept?post=42822"},{"taxonomy":"location","embeddable":true,"href":"https:\/\/testwebsite.citygame.com\/hu\/wp-json\/wp\/v2\/location?post=42822"},{"taxonomy":"product_brand","embeddable":true,"href":"https:\/\/testwebsite.citygame.com\/hu\/wp-json\/wp\/v2\/product_brand?post=42822"},{"taxonomy":"product_cat","embeddable":true,"href":"https:\/\/testwebsite.citygame.com\/hu\/wp-json\/wp\/v2\/product_cat?post=42822"},{"taxonomy":"product_tag","embeddable":true,"href":"https:\/\/testwebsite.citygame.com\/hu\/wp-json\/wp\/v2\/product_tag?post=42822"}],"curies":[{"name":"wp","href":"https:\/\/api.w.org\/{rel}","templated":true}]}}