{"id":40402,"date":"2026-01-13T10:37:49","date_gmt":"2026-01-13T10:37:49","guid":{"rendered":"https:\/\/testwebsite.citygame.com\/games\/unknown-location\/termek-348\/"},"modified":"2026-04-02T12:51:01","modified_gmt":"2026-04-02T12:51:01","slug":"termek-348","status":"publish","type":"product","link":"https:\/\/testwebsite.citygame.com\/hu\/games\/unknown-location\/termek-348\/","title":{"rendered":"Term\u00e9k"},"content":{"rendered":"","protected":false},"excerpt":{"rendered":"","protected":false},"featured_media":3595,"template":"","meta":{"_acf_changed":false,"_yoast_wpseo_focuskw":"Secrets of Monza","_yoast_wpseo_metadesc":"Secrets of Monza. J\u00e1tsszon egy \u00f6nvezet\u0151 City Game-et, \u00e9s fedezze fel a v\u00e1rost rejtv\u00e9nyek, tal\u00e1l\u00f3s k\u00e9rd\u00e9sek \u00e9s kih\u00edv\u00e1sok seg\u00edts\u00e9g\u00e9vel. J\u00e1tsszon a saj\u00e1t temp\u00f3j\u00e1ban, \u00e9s fedezzen fel, mint egy helyb\u00e9li!","_kad_blocks_custom_css":"","_kad_blocks_head_custom_js":"","_kad_blocks_body_custom_js":"","_kad_blocks_footer_custom_js":"","ghostkit_customizer_options":"","ghostkit_custom_css":"","ghostkit_custom_js_head":"","ghostkit_custom_js_foot":"","ghostkit_typography":"","_kad_post_transparent":"","_kad_post_title":"","_kad_post_layout":"","_kad_post_sidebar_id":"","_kad_post_content_style":"","_kad_post_vertical_padding":"","_kad_post_feature":"","_kad_post_feature_position":"","_kad_post_header":false,"_kad_post_footer":false,"_kad_post_classname":"","_links_to":"","_links_to_target":""},"game-concept":[36],"location":[],"product_brand":[],"product_cat":[27],"product_tag":[],"class_list":{"0":"post-40402","1":"product","2":"type-product","3":"status-publish","4":"has-post-thumbnail","6":"game-concept-secrets","7":"product_cat-geen-categorie","9":"first","10":"instock","11":"shipping-taxable","12":"purchasable","13":"product-type-simple","14":"entry","15":"content-bg","16":"loop-entry"},"acf":{"full_bokun_product_name":"Self-Guided Secrets of Monza Exploration Game","location_name":"Monza","bokun_calendar_widget_code":"<script type=\"text\/javascript\" src=\"https:\/\/widgets.bokun.io\/assets\/javascripts\/apps\/build\/BokunWidgetsLoader.js?bookingChannelUUID=a1e93e96-5232-4734-a595-28405f4b5a31\" async><\/script>\n     \n    <div class=\"bokunWidget\" data-src=\"https:\/\/widgets.bokun.io\/online-sales\/a1e93e96-5232-4734-a595-28405f4b5a31\/experience-calendar\/1102839\"><\/div>\n    <noscript>Please enable javascript in your browser to book<\/noscript>","bokun_button_widget_code":"<script type=\"text\/javascript\" src=\"https:\/\/widgets.bokun.io\/assets\/javascripts\/apps\/build\/BokunWidgetsLoader.js?bookingChannelUUID=a1e93e96-5232-4734-a595-28405f4b5a31\" async><\/script>\n      <style> #bokun_ed001e45_5927_4f62_b470_ca766338d083 { display: inline-block; padding: .4em 1em; background: #47b82e; border-radius: 999999px; box-shadow: none; font-weight: 600; font-size: 24px; text-decoration: none; text-align: center; color: #FFFFFF; border:none; cursor: pointer; transition: background .2s ease; } #bokun_ed001e45_5927_4f62_b470_ca766338d083:hover{ background: #2f7b1f; } #bokun_ed001e45_5927_4f62_b470_ca766338d083:active{ background: #378f24; } <\/style> <button class=\"bokunButton\" disabled id=bokun_ed001e45_5927_4f62_b470_ca766338d083 data-src=\"https:\/\/widgets.bokun.io\/online-sales\/a1e93e96-5232-4734-a595-28405f4b5a31\/experience-calendar\/1102839?partialView=1\" data-testid=\"widget-book-button\" > Book now <\/button> ","what_you\u2019ll_experience_during_the_game":"A Secrets of Monza City Game \u00f6tv\u00f6zi a t\u00f6rt\u00e9netmes\u00e9l\u00e9st a felfedez\u00e9ssel, \u00e9s ikonikus \u00e9s kev\u00e9sb\u00e9 ismert nevezetess\u00e9gek kever\u00e9k\u00e9n kereszt\u00fcl h\u00edvja \u00d6nt a v\u00e1ros felfedez\u00e9s\u00e9re. Ahogy \u00e1thalad Monz\u00e1n, olyan f\u00e9nypontokkal tal\u00e1lkozik, mint a leny\u0171g\u00f6z\u0151 Duomo di Monza, Theodelinda tornya \u00e9s az Oroszl\u00e1nok h\u00eddja neoklasszikus m\u00e1rv\u00e1nyszobraival. Ezek mellett csendesebb sarkok, mint a Chiesa di Santa Maria al Carrobiolo \u00e9s a sz\u00ednes Murales a Via Talamoni utc\u00e1n, v\u00e1ratlan karaktert adnak \u00fatj\u00e1nak. Az \u00e9lm\u00e9ny mag\u00e1val ragad\u00f3 m\u00f3dot k\u00edn\u00e1l Monza friss perspekt\u00edv\u00e1kb\u00f3l val\u00f3 megismer\u00e9s\u00e9re, a v\u00e1ros hangulat\u00e1t belesz\u0151ve a kibontakoz\u00f3 narrat\u00edv\u00e1ba.\n\nMonza felfedez\u00e9se k\u00f6zben k\u00fcl\u00f6nf\u00e9le rejtv\u00e9nyeket, tal\u00e1l\u00f3s k\u00e9rd\u00e9seket, helysz\u00ednalap\u00fa k\u00e9rd\u00e9seket \u00e9s kreat\u00edv fot\u00f3s kih\u00edv\u00e1sokat old meg, amelyek \u00e9letre keltik az egyes helysz\u00edneket. Ezek a feladatok pontokat hoznak, tippeket nyitnak meg, \u00e9s fokozatosan k\u00f6zelebb visznek a City Game v\u00e9gs\u0151 rejt\u00e9ly\u00e9nek megold\u00e1s\u00e1hoz. A j\u00e1t\u00e9k rugalmasra k\u00e9sz\u00fclt, lehet\u0151v\u00e9 t\u00e9ve, hogy sz\u00fcneteltesse \u00e9s folytassa a saj\u00e1t temp\u00f3j\u00e1ban, ak\u00e1r laz\u00e1n, ak\u00e1r versenyszer\u0171en j\u00e1tszik. Azok sz\u00e1m\u00e1ra, akik kih\u00edv\u00e1st keresnek, extra motiv\u00e1ci\u00f3t jelent a ranglista megm\u00e1sz\u00e1sa, ahogy haladnak az \u00e9lm\u00e9nyben.","how_to_play":"A foglal\u00e1s ut\u00e1n kap egy e-mailt, amely egy k\u00f6zvetlen j\u00e1t\u00e9klinket tartalmaz. Menjen a Duomo di Monza-hoz, a kezd\u0151 helysz\u00ednhez, nyissa meg a linket okostelefonj\u00e1n, \u00e9s azonnal kezdje el a j\u00e1t\u00e9kot. J\u00e1tsszon a saj\u00e1t temp\u00f3j\u00e1ban, sz\u00fcneteltesse, amikor csak akarja, \u00e9s folytassa k\u00e9s\u0151bb, hogy tov\u00e1bb felfedezze a v\u00e1ros kir\u00e1lyi titkait.","start_location":"Monza, Duomo di Monza","available_languages":[],"players_per_group":"1-4","duration":"1.5-2 hours","image_overlay_color_image":"https:\/\/testwebsite.citygame.com\/wp-content\/blogs.dir\/1\/files\/sites\/62\/2026\/01\/SecretsColor.svg","image_overlay_game_logo":"https:\/\/testwebsite.citygame.com\/wp-content\/blogs.dir\/1\/files\/sites\/62\/2026\/01\/SecretsLogo.png","city_page":15740,"woocommerce_general_content":null,"the_story":"<strong>Monza eml\u00e9kt\u0151l z\u00fag, \u0151si hidak visszhangozz\u00e1k a l\u00e9pteket, \u00e9s katedr\u00e1lisok csillognak n\u00e9ma im\u00e1val. \u00c9s mindezek k\u00f6zepette \u00e1ll egy kir\u00e1lyn\u0151 az elm\u00falt \u00e9vsz\u00e1zadokb\u00f3l: Theodelinda, e v\u00e1ros alap\u00edt\u00f3ja, \u00e9p\u00edt\u0151je \u00e9s vezet\u0151 szelleme. Egykor egy galamb rep\u00fcl\u00e9se vezette ide, most m\u00e1sfajta vezet\u0151re van sz\u00fcks\u00e9ge. A hitb\u0151l faragott, odaad\u00e1s \u00e1ltal koptatott fesz\u00fclete elt\u0171nt.<\/strong><br><br>Egy\u00fctt k\u00f6veti majd a nyom\u00e1t szent csarnokokon \u00e9s elfeledett sarkokon kereszt\u00fcl, felt\u00e1rva a k\u0151be v\u00e9sett \u00e9s f\u00e9nnyel festett t\u00f6rt\u00e9neteket. Ez nem csak egy kir\u00e1lyi ereklye, ez Monza lelk\u00e9nek sz\u00edve. \u00c9s ahogy az oldal\u00e1n s\u00e9t\u00e1l, felfedez egy v\u00e1rost, amelyet szeretet, \u00f6r\u00f6ks\u00e9g \u00e9s egy kir\u00e1lyn\u0151 csendes ereje form\u00e1lt, aki soha nem hagyta abba otthona \u0151rz\u00e9s\u00e9t.<br><br><strong>Nem csak egy j\u00e1t\u00e9k. Egy v\u00e1ros. Egy titok. Egy t\u00f6rt\u00e9net, amit csak \u00d6n fejezhet be.<\/strong>","name_main_character":"Theodelinda","photo_main_character":40403,"loquiz_or_kokimoki":"Kokimoki"},"yoast_head":"<!-- This site is optimized with the Yoast SEO Premium plugin v26.2 (Yoast SEO v26.3) - https:\/\/yoast.com\/wordpress\/plugins\/seo\/ -->\n<title>Term\u00e9k - City Game<\/title>\n<meta name=\"description\" content=\"Secrets of Monza. J\u00e1tsszon egy \u00f6nvezet\u0151 City Game-et, \u00e9s fedezze fel a v\u00e1rost rejtv\u00e9nyek, tal\u00e1l\u00f3s k\u00e9rd\u00e9sek \u00e9s kih\u00edv\u00e1sok seg\u00edts\u00e9g\u00e9vel. J\u00e1tsszon a saj\u00e1t temp\u00f3j\u00e1ban, \u00e9s fedezzen fel, mint egy helyb\u00e9li!\" \/>\n<meta name=\"robots\" content=\"noindex, follow, max-snippet:-1, max-image-preview:large, max-video-preview:-1\" \/>\n<meta property=\"og:locale\" content=\"hu_HU\" \/>\n<meta property=\"og:type\" content=\"article\" \/>\n<meta property=\"og:title\" content=\"Term\u00e9k\" \/>\n<meta property=\"og:description\" content=\"Secrets of Monza. J\u00e1tsszon egy \u00f6nvezet\u0151 City Game-et, \u00e9s fedezze fel a v\u00e1rost rejtv\u00e9nyek, tal\u00e1l\u00f3s k\u00e9rd\u00e9sek \u00e9s kih\u00edv\u00e1sok seg\u00edts\u00e9g\u00e9vel. J\u00e1tsszon a saj\u00e1t temp\u00f3j\u00e1ban, \u00e9s fedezzen fel, mint egy helyb\u00e9li!\" \/>\n<meta property=\"og:url\" content=\"https:\/\/testwebsite.citygame.com\/hu\/games\/unknown-location\/termek-348\/\" \/>\n<meta property=\"og:site_name\" content=\"City Game\" \/>\n<meta property=\"article:publisher\" content=\"https:\/\/www.facebook.com\/profile.php?id=100086426226253\" \/>\n<meta property=\"article:modified_time\" content=\"2026-04-02T12:51:01+00:00\" \/>\n<meta property=\"og:image\" content=\"https:\/\/testwebsite.citygame.com\/wp-content\/blogs.dir\/1\/files\/sites\/62\/2026\/01\/monza-players-arengario-piazza.jpg\" \/>\n\t<meta property=\"og:image:width\" content=\"864\" \/>\n\t<meta property=\"og:image:height\" content=\"1184\" \/>\n\t<meta property=\"og:image:type\" content=\"image\/jpeg\" \/>\n<meta name=\"twitter:card\" content=\"summary_large_image\" \/>\n<script type=\"application\/ld+json\" class=\"yoast-schema-graph\">{\"@context\":\"https:\/\/schema.org\",\"@graph\":[{\"@type\":\"WebPage\",\"@id\":\"https:\/\/testwebsite.citygame.com\/hu\/games\/unknown-location\/termek-348\/\",\"url\":\"https:\/\/testwebsite.citygame.com\/hu\/games\/unknown-location\/termek-348\/\",\"name\":\"Term\u00e9k - City Game\",\"isPartOf\":{\"@id\":\"https:\/\/testwebsite.upevents.nl\/#website\"},\"primaryImageOfPage\":{\"@id\":\"https:\/\/testwebsite.citygame.com\/hu\/games\/unknown-location\/termek-348\/#primaryimage\"},\"image\":{\"@id\":\"https:\/\/testwebsite.citygame.com\/hu\/games\/unknown-location\/termek-348\/#primaryimage\"},\"thumbnailUrl\":\"https:\/\/testwebsite.citygame.com\/wp-content\/blogs.dir\/1\/files\/sites\/62\/2026\/01\/monza-players-arengario-piazza.jpg\",\"datePublished\":\"2026-01-13T10:37:49+00:00\",\"dateModified\":\"2026-04-02T12:51:01+00:00\",\"description\":\"Secrets of Monza. J\u00e1tsszon egy \u00f6nvezet\u0151 City Game-et, \u00e9s fedezze fel a v\u00e1rost rejtv\u00e9nyek, tal\u00e1l\u00f3s k\u00e9rd\u00e9sek \u00e9s kih\u00edv\u00e1sok seg\u00edts\u00e9g\u00e9vel. J\u00e1tsszon a saj\u00e1t temp\u00f3j\u00e1ban, \u00e9s fedezzen fel, mint egy helyb\u00e9li!\",\"breadcrumb\":{\"@id\":\"https:\/\/testwebsite.citygame.com\/hu\/games\/unknown-location\/termek-348\/#breadcrumb\"},\"inLanguage\":\"hu\",\"potentialAction\":[{\"@type\":\"ReadAction\",\"target\":[\"https:\/\/testwebsite.citygame.com\/hu\/games\/unknown-location\/termek-348\/\"]}]},{\"@type\":\"ImageObject\",\"inLanguage\":\"hu\",\"@id\":\"https:\/\/testwebsite.citygame.com\/hu\/games\/unknown-location\/termek-348\/#primaryimage\",\"url\":\"https:\/\/testwebsite.citygame.com\/wp-content\/blogs.dir\/1\/files\/sites\/62\/2026\/01\/monza-players-arengario-piazza.jpg\",\"contentUrl\":\"https:\/\/testwebsite.citygame.com\/wp-content\/blogs.dir\/1\/files\/sites\/62\/2026\/01\/monza-players-arengario-piazza.jpg\",\"width\":864,\"height\":1184,\"caption\":\"A group of friends gathers to take a picture in a historic square in Monza, Italy.\"},{\"@type\":\"BreadcrumbList\",\"@id\":\"https:\/\/testwebsite.citygame.com\/hu\/games\/unknown-location\/termek-348\/#breadcrumb\",\"itemListElement\":[{\"@type\":\"ListItem\",\"position\":1,\"name\":\"Home\",\"item\":\"https:\/\/testwebsite.citygame.com\/hu\/\"},{\"@type\":\"ListItem\",\"position\":2,\"name\":\"Shop\",\"item\":\"https:\/\/testwebsite.citygame.com\/shop\/\"},{\"@type\":\"ListItem\",\"position\":3,\"name\":\"Term\u00e9k\"}]},{\"@type\":\"WebSite\",\"@id\":\"https:\/\/testwebsite.upevents.nl\/#website\",\"url\":\"https:\/\/testwebsite.upevents.nl\/\",\"name\":\"City Game\",\"description\":\"\",\"publisher\":{\"@id\":\"https:\/\/testwebsite.upevents.nl\/#organization\"},\"alternateName\":\"citygame.com\",\"potentialAction\":[{\"@type\":\"SearchAction\",\"target\":{\"@type\":\"EntryPoint\",\"urlTemplate\":\"https:\/\/testwebsite.upevents.nl\/?s={search_term_string}\"},\"query-input\":{\"@type\":\"PropertyValueSpecification\",\"valueRequired\":true,\"valueName\":\"search_term_string\"}}],\"inLanguage\":\"hu\"},{\"@type\":[\"Organization\",\"Place\"],\"@id\":\"https:\/\/testwebsite.upevents.nl\/#organization\",\"name\":\"City Game\",\"alternateName\":\"citygame.com\",\"url\":\"https:\/\/testwebsite.upevents.nl\/\",\"logo\":{\"@id\":\"https:\/\/testwebsite.citygame.com\/hu\/games\/unknown-location\/termek-348\/#local-main-organization-logo\"},\"image\":{\"@id\":\"https:\/\/testwebsite.citygame.com\/hu\/games\/unknown-location\/termek-348\/#local-main-organization-logo\"},\"sameAs\":[\"https:\/\/www.facebook.com\/profile.php?id=100086426226253\",\"https:\/\/www.instagram.com\/citygame_com\",\"https:\/\/www.tiktok.com\/@citygamecom\/\",\"https:\/\/www.linkedin.com\/company\/citygame-com\"],\"description\":\"Turn any city into a playground with our interactive City Games and self-guided tours. Fun, flexible, and ideal for groups and team building.\",\"telephone\":[],\"openingHoursSpecification\":[{\"@type\":\"OpeningHoursSpecification\",\"dayOfWeek\":[\"Monday\",\"Tuesday\",\"Wednesday\",\"Thursday\",\"Friday\",\"Saturday\",\"Sunday\"],\"opens\":\"09:00\",\"closes\":\"17:00\"}]},{\"@type\":\"ImageObject\",\"inLanguage\":\"hu\",\"@id\":\"https:\/\/testwebsite.citygame.com\/hu\/games\/unknown-location\/termek-348\/#local-main-organization-logo\",\"url\":\"https:\/\/testwebsite.citygame.com\/wp-content\/blogs.dir\/1\/files\/sites\/62\/2025\/10\/CG_LOGO-City-Game.png\",\"contentUrl\":\"https:\/\/testwebsite.citygame.com\/wp-content\/blogs.dir\/1\/files\/sites\/62\/2025\/10\/CG_LOGO-City-Game.png\",\"width\":351,\"height\":377,\"caption\":\"City Game\"}]}<\/script>\n<!-- \/ Yoast SEO Premium plugin. -->","yoast_head_json":{"title":"Term\u00e9k - City Game","description":"Secrets of Monza. J\u00e1tsszon egy \u00f6nvezet\u0151 City Game-et, \u00e9s fedezze fel a v\u00e1rost rejtv\u00e9nyek, tal\u00e1l\u00f3s k\u00e9rd\u00e9sek \u00e9s kih\u00edv\u00e1sok seg\u00edts\u00e9g\u00e9vel. J\u00e1tsszon a saj\u00e1t temp\u00f3j\u00e1ban, \u00e9s fedezzen fel, mint egy helyb\u00e9li!","robots":{"index":"noindex","follow":"follow","max-snippet":"max-snippet:-1","max-image-preview":"max-image-preview:large","max-video-preview":"max-video-preview:-1"},"og_locale":"hu_HU","og_type":"article","og_title":"Term\u00e9k","og_description":"Secrets of Monza. J\u00e1tsszon egy \u00f6nvezet\u0151 City Game-et, \u00e9s fedezze fel a v\u00e1rost rejtv\u00e9nyek, tal\u00e1l\u00f3s k\u00e9rd\u00e9sek \u00e9s kih\u00edv\u00e1sok seg\u00edts\u00e9g\u00e9vel. J\u00e1tsszon a saj\u00e1t temp\u00f3j\u00e1ban, \u00e9s fedezzen fel, mint egy helyb\u00e9li!","og_url":"https:\/\/testwebsite.citygame.com\/hu\/games\/unknown-location\/termek-348\/","og_site_name":"City Game","article_publisher":"https:\/\/www.facebook.com\/profile.php?id=100086426226253","article_modified_time":"2026-04-02T12:51:01+00:00","og_image":[{"width":864,"height":1184,"url":"https:\/\/testwebsite.citygame.com\/wp-content\/blogs.dir\/1\/files\/sites\/62\/2026\/01\/monza-players-arengario-piazza.jpg","type":"image\/jpeg"}],"twitter_card":"summary_large_image","schema":{"@context":"https:\/\/schema.org","@graph":[{"@type":"WebPage","@id":"https:\/\/testwebsite.citygame.com\/hu\/games\/unknown-location\/termek-348\/","url":"https:\/\/testwebsite.citygame.com\/hu\/games\/unknown-location\/termek-348\/","name":"Term\u00e9k - City Game","isPartOf":{"@id":"https:\/\/testwebsite.upevents.nl\/#website"},"primaryImageOfPage":{"@id":"https:\/\/testwebsite.citygame.com\/hu\/games\/unknown-location\/termek-348\/#primaryimage"},"image":{"@id":"https:\/\/testwebsite.citygame.com\/hu\/games\/unknown-location\/termek-348\/#primaryimage"},"thumbnailUrl":"https:\/\/testwebsite.citygame.com\/wp-content\/blogs.dir\/1\/files\/sites\/62\/2026\/01\/monza-players-arengario-piazza.jpg","datePublished":"2026-01-13T10:37:49+00:00","dateModified":"2026-04-02T12:51:01+00:00","description":"Secrets of Monza. J\u00e1tsszon egy \u00f6nvezet\u0151 City Game-et, \u00e9s fedezze fel a v\u00e1rost rejtv\u00e9nyek, tal\u00e1l\u00f3s k\u00e9rd\u00e9sek \u00e9s kih\u00edv\u00e1sok seg\u00edts\u00e9g\u00e9vel. J\u00e1tsszon a saj\u00e1t temp\u00f3j\u00e1ban, \u00e9s fedezzen fel, mint egy helyb\u00e9li!","breadcrumb":{"@id":"https:\/\/testwebsite.citygame.com\/hu\/games\/unknown-location\/termek-348\/#breadcrumb"},"inLanguage":"hu","potentialAction":[{"@type":"ReadAction","target":["https:\/\/testwebsite.citygame.com\/hu\/games\/unknown-location\/termek-348\/"]}]},{"@type":"ImageObject","inLanguage":"hu","@id":"https:\/\/testwebsite.citygame.com\/hu\/games\/unknown-location\/termek-348\/#primaryimage","url":"https:\/\/testwebsite.citygame.com\/wp-content\/blogs.dir\/1\/files\/sites\/62\/2026\/01\/monza-players-arengario-piazza.jpg","contentUrl":"https:\/\/testwebsite.citygame.com\/wp-content\/blogs.dir\/1\/files\/sites\/62\/2026\/01\/monza-players-arengario-piazza.jpg","width":864,"height":1184,"caption":"A group of friends gathers to take a picture in a historic square in Monza, Italy."},{"@type":"BreadcrumbList","@id":"https:\/\/testwebsite.citygame.com\/hu\/games\/unknown-location\/termek-348\/#breadcrumb","itemListElement":[{"@type":"ListItem","position":1,"name":"Home","item":"https:\/\/testwebsite.citygame.com\/hu\/"},{"@type":"ListItem","position":2,"name":"Shop","item":"https:\/\/testwebsite.citygame.com\/shop\/"},{"@type":"ListItem","position":3,"name":"Term\u00e9k"}]},{"@type":"WebSite","@id":"https:\/\/testwebsite.upevents.nl\/#website","url":"https:\/\/testwebsite.upevents.nl\/","name":"City Game","description":"","publisher":{"@id":"https:\/\/testwebsite.upevents.nl\/#organization"},"alternateName":"citygame.com","potentialAction":[{"@type":"SearchAction","target":{"@type":"EntryPoint","urlTemplate":"https:\/\/testwebsite.upevents.nl\/?s={search_term_string}"},"query-input":{"@type":"PropertyValueSpecification","valueRequired":true,"valueName":"search_term_string"}}],"inLanguage":"hu"},{"@type":["Organization","Place"],"@id":"https:\/\/testwebsite.upevents.nl\/#organization","name":"City Game","alternateName":"citygame.com","url":"https:\/\/testwebsite.upevents.nl\/","logo":{"@id":"https:\/\/testwebsite.citygame.com\/hu\/games\/unknown-location\/termek-348\/#local-main-organization-logo"},"image":{"@id":"https:\/\/testwebsite.citygame.com\/hu\/games\/unknown-location\/termek-348\/#local-main-organization-logo"},"sameAs":["https:\/\/www.facebook.com\/profile.php?id=100086426226253","https:\/\/www.instagram.com\/citygame_com","https:\/\/www.tiktok.com\/@citygamecom\/","https:\/\/www.linkedin.com\/company\/citygame-com"],"description":"Turn any city into a playground with our interactive City Games and self-guided tours. Fun, flexible, and ideal for groups and team building.","telephone":[],"openingHoursSpecification":[{"@type":"OpeningHoursSpecification","dayOfWeek":["Monday","Tuesday","Wednesday","Thursday","Friday","Saturday","Sunday"],"opens":"09:00","closes":"17:00"}]},{"@type":"ImageObject","inLanguage":"hu","@id":"https:\/\/testwebsite.citygame.com\/hu\/games\/unknown-location\/termek-348\/#local-main-organization-logo","url":"https:\/\/testwebsite.citygame.com\/wp-content\/blogs.dir\/1\/files\/sites\/62\/2025\/10\/CG_LOGO-City-Game.png","contentUrl":"https:\/\/testwebsite.citygame.com\/wp-content\/blogs.dir\/1\/files\/sites\/62\/2025\/10\/CG_LOGO-City-Game.png","width":351,"height":377,"caption":"City Game"}]}},"taxonomy_info":{"game-concept":[{"value":36,"label":"Secrets"}],"product_cat":[{"value":27,"label":"Geen categorie"}]},"featured_image_src_large":["https:\/\/testwebsite.citygame.com\/wp-content\/blogs.dir\/1\/files\/sites\/62\/2026\/01\/monza-players-arengario-piazza-747x1024.jpg",747,1024,true],"author_info":[],"comment_info":"","_links":{"self":[{"href":"https:\/\/testwebsite.citygame.com\/hu\/wp-json\/wp\/v2\/product\/40402","targetHints":{"allow":["GET"]}}],"collection":[{"href":"https:\/\/testwebsite.citygame.com\/hu\/wp-json\/wp\/v2\/product"}],"about":[{"href":"https:\/\/testwebsite.citygame.com\/hu\/wp-json\/wp\/v2\/types\/product"}],"acf:post":[{"embeddable":true,"href":"https:\/\/testwebsite.citygame.com\/hu\/wp-json\/wp\/v2\/pages\/15740"}],"wp:featuredmedia":[{"embeddable":true,"href":"https:\/\/testwebsite.citygame.com\/hu\/wp-json\/wp\/v2\/media\/3595"}],"wp:attachment":[{"href":"https:\/\/testwebsite.citygame.com\/hu\/wp-json\/wp\/v2\/media?parent=40402"}],"wp:term":[{"taxonomy":"game-concept","embeddable":true,"href":"https:\/\/testwebsite.citygame.com\/hu\/wp-json\/wp\/v2\/game-concept?post=40402"},{"taxonomy":"location","embeddable":true,"href":"https:\/\/testwebsite.citygame.com\/hu\/wp-json\/wp\/v2\/location?post=40402"},{"taxonomy":"product_brand","embeddable":true,"href":"https:\/\/testwebsite.citygame.com\/hu\/wp-json\/wp\/v2\/product_brand?post=40402"},{"taxonomy":"product_cat","embeddable":true,"href":"https:\/\/testwebsite.citygame.com\/hu\/wp-json\/wp\/v2\/product_cat?post=40402"},{"taxonomy":"product_tag","embeddable":true,"href":"https:\/\/testwebsite.citygame.com\/hu\/wp-json\/wp\/v2\/product_tag?post=40402"}],"curies":[{"name":"wp","href":"https:\/\/api.w.org\/{rel}","templated":true}]}}