{"id":40237,"date":"2026-01-13T11:48:27","date_gmt":"2026-01-13T11:48:27","guid":{"rendered":"https:\/\/testwebsite.citygame.com\/games\/unknown-location\/termek-346\/"},"modified":"2026-04-02T12:22:44","modified_gmt":"2026-04-02T12:22:44","slug":"termek-346","status":"publish","type":"product","link":"https:\/\/testwebsite.citygame.com\/hu\/games\/unknown-location\/termek-346\/","title":{"rendered":"Term\u00e9k"},"content":{"rendered":"","protected":false},"excerpt":{"rendered":"","protected":false},"featured_media":3686,"template":"","meta":{"_acf_changed":false,"_yoast_wpseo_focuskw":"Secrets of Athens","_yoast_wpseo_metadesc":"Secrets of Athens. J\u00e1tssz egy \u00f6nvezet\u0151 City Game-et, \u00e9s fedezd fel a v\u00e1rost rejtv\u00e9nyek, tal\u00e1l\u00f3s k\u00e9rd\u00e9sek \u00e9s kih\u00edv\u00e1sok seg\u00edts\u00e9g\u00e9vel. J\u00e1tssz a saj\u00e1t temp\u00f3dban, \u00e9s fedezd fel, mint egy helyi!","_kad_blocks_custom_css":"","_kad_blocks_head_custom_js":"","_kad_blocks_body_custom_js":"","_kad_blocks_footer_custom_js":"","ghostkit_customizer_options":"","ghostkit_custom_css":"","ghostkit_custom_js_head":"","ghostkit_custom_js_foot":"","ghostkit_typography":"","_kad_post_transparent":"default","_kad_post_title":"","_kad_post_layout":"default","_kad_post_sidebar_id":"","_kad_post_content_style":"default","_kad_post_vertical_padding":"default","_kad_post_feature":"","_kad_post_feature_position":"","_kad_post_header":false,"_kad_post_footer":false,"_kad_post_classname":"","_links_to":"","_links_to_target":""},"game-concept":[36],"location":[],"product_brand":[],"product_cat":[27],"product_tag":[],"class_list":{"0":"post-40237","1":"product","2":"type-product","3":"status-publish","4":"has-post-thumbnail","6":"game-concept-secrets","7":"product_cat-geen-categorie","9":"first","10":"instock","11":"shipping-taxable","12":"purchasable","13":"product-type-simple","14":"entry","15":"content-bg","16":"loop-entry"},"acf":{"full_bokun_product_name":"Self-Guided Secrets of Athens Exploration Game","location_name":"Athens","bokun_calendar_widget_code":"<script type=\"text\/javascript\" src=\"https:\/\/widgets.bokun.io\/assets\/javascripts\/apps\/build\/BokunWidgetsLoader.js?bookingChannelUUID=a1e93e96-5232-4734-a595-28405f4b5a31\" async><\/script>\n     \n    <div class=\"bokunWidget\" data-src=\"https:\/\/widgets.bokun.io\/online-sales\/a1e93e96-5232-4734-a595-28405f4b5a31\/experience-calendar\/1082839\"><\/div>\n    <noscript>Please enable javascript in your browser to book<\/noscript>","bokun_button_widget_code":"<script type=\"text\/javascript\" src=\"https:\/\/widgets.bokun.io\/assets\/javascripts\/apps\/build\/BokunWidgetsLoader.js?bookingChannelUUID=a1e93e96-5232-4734-a595-28405f4b5a31\" async><\/script>\n      <style> #bokun_ed001e45_5927_4f62_b470_ca766338d083 { display: inline-block; padding: .4em 1em; background: #47b82e; border-radius: 999999px; box-shadow: none; font-weight: 600; font-size: 24px; text-decoration: none; text-align: center; color: #FFFFFF; border:none; cursor: pointer; transition: background .2s ease; } #bokun_ed001e45_5927_4f62_b470_ca766338d083:hover{ background: #2f7b1f; } #bokun_ed001e45_5927_4f62_b470_ca766338d083:active{ background: #378f24; } <\/style> <button class=\"bokunButton\" disabled id=bokun_ed001e45_5927_4f62_b470_ca766338d083 data-src=\"https:\/\/widgets.bokun.io\/online-sales\/a1e93e96-5232-4734-a595-28405f4b5a31\/experience-calendar\/1082839?partialView=1\" data-testid=\"widget-book-button\" > Book now <\/button> ","what_you\u2019ll_experience_during_the_game":"Ahogy ezen a City Game-en kereszt\u00fcl felfedezed Ath\u00e9nt, egy mag\u00e1val ragad\u00f3 t\u00f6rt\u00e9netet k\u00f6vetsz, amely kibontakozik, mik\u00f6zben nevezetess\u00e9gek, rejtett zugok \u00e9s meglep\u0151 felfedez\u00e9sek k\u00f6z\u00f6tt mozogsz. Az \u00fatvonal \u00f6tv\u00f6zi az ikonikus helysz\u00edneket, mint az Acropolis \u00e9s a Syntagma Square, kev\u00e9sb\u00e9 ismert gy\u00f6ngyszemekkel, mint a Stoa Emporon \u00e9s az Agia Filotheihez kapcsol\u00f3d\u00f3 templom. \u00dat k\u00f6zben csendes t\u00f6rt\u00e9nelmi \u00e1tj\u00e1r\u00f3kat, \u00e9l\u00e9nk tereket \u00e9s z\u00f6ld menek\u00fcl\u00e9seket tapasztalhatsz meg, mint p\u00e9ld\u00e1ul a Queen Amalia \u00e1ltal alap\u00edtott nyugodt kertet. Minden meg\u00e1ll\u00f3 Ath\u00e9n karakter\u00e9nek egy-egy k\u00fcl\u00f6nb\u00f6z\u0151 r\u00e9teg\u00e9t t\u00e1rja fel \u2013 az \u0151si alapokt\u00f3l a kort\u00e1rs kultur\u00e1lis helysz\u00ednekig.\r\n\r\n spirited A j\u00e1t\u00e9k sor\u00e1n k\u00fcl\u00f6nf\u00e9le kih\u00edv\u00e1sokat oldasz meg, bele\u00e9rtve rejtv\u00e9nyeket, tal\u00e1l\u00f3s k\u00e9rd\u00e9seket, helyspecifikus k\u00e9rd\u00e9seket \u00e9s fot\u00f3s feladatokat, amelyek \u00e9letre keltik a k\u00f6rnyezetet. Ezen kih\u00edv\u00e1sok teljes\u00edt\u00e9se seg\u00edt pontokat szerezni, tippeket feloldani, \u00e9s k\u00f6zelebb jutsz az \u00e9lm\u00e9ny k\u00f6z\u00e9ppontj\u00e1ban \u00e1ll\u00f3 v\u00e9gs\u0151 rejt\u00e9ly megold\u00e1s\u00e1hoz. A City Game b\u00e1rmikor sz\u00fcneteltethet\u0151 \u00e9s folytathat\u00f3, lehet\u0151v\u00e9 t\u00e9ve, hogy a saj\u00e1t temp\u00f3dban fedezd fel Ath\u00e9nt. Azok sz\u00e1m\u00e1ra, akik szeretik a versenyt, a ranglista megmutatja, hogy az egy\u00e9nek vagy csapatok hogyan szerepelnek m\u00e1s j\u00e1t\u00e9kosok k\u00f6z\u00f6tt.","how_to_play":"A foglal\u00e1s ut\u00e1n e-mailt kapsz egy k\u00f6zvetlen j\u00e1t\u00e9klinkkel. Egyszer\u0171en menj a kezd\u0151pontra a Syntagma Square-en, \u00e9s kezdd el a kalandot, amikor k\u00e9szen \u00e1llsz. A j\u00e1t\u00e9k az okostelefonodon fut, \u00edgy b\u00e1rmikor sz\u00fcneteltetheted, \u00e9s k\u00e9s\u0151bb folytathatod, amikor neked megfelel.","start_location":"Athens, Syntagma Square","available_languages":"","players_per_group":"1-4","duration":"1.5-2 hours","image_overlay_color_image":"https:\/\/testwebsite.citygame.com\/wp-content\/blogs.dir\/1\/files\/sites\/62\/2026\/01\/SecretsColor.svg","image_overlay_game_logo":"https:\/\/testwebsite.citygame.com\/wp-content\/blogs.dir\/1\/files\/sites\/62\/2026\/01\/SecretsLogo.png","city_page":8286,"woocommerce_general_content":null,"the_story":"<strong>A m\u00edtoszok csak a kezdet voltak. Theseus, Ath\u00e9n h\u0151se \u00e9s a Minotaur legy\u0151z\u0151je visszat\u00e9rt v\u00e1ros\u00e1ba, csak hogy egy \u00fajfajta labirintusban tal\u00e1lja mag\u00e1t. Egy, mely eml\u00e9kb\u0151l, rejt\u00e9lyb\u0151l \u00e9s id\u0151b\u0151l sz\u00f6v\u0151d\u00f6tt. Var\u00e1zslatos gombolyagja, amelyet Ariadne aj\u00e1nd\u00e9kozott neki az eredeti labirintusb\u00f3l val\u00f3 menek\u00fcl\u00e9shez, elt\u0171nt. \u00c9s n\u00e9lk\u00fcle m\u00e9g egy h\u0151s sem tal\u00e1lja meg a kiutat.<\/strong><br><br>Utad naps\u00fct\u00f6tte romokon, \u00e1rny\u00e9kos sik\u00e1torokon \u00e9s r\u00e9g let\u0171nt istenek visszhangj\u00e1n kereszt\u00fcl vezet. Oldj meg \u0151si rejtv\u00e9nyeket, k\u00f6vess elfeledett \u00f6sv\u00e9nyeket, \u00e9s seg\u00edts Theseusnak visszaszerezni a gombolyagot, miel\u0151tt a sors sz\u00e1lai teljesen kibogoz\u00f3dn\u00e1nak. Ami keres\u00e9sk\u00e9nt indul, legend\u00e1v\u00e1 v\u00e1lik, \u00e9s a v\u00e1ros j\u00f6v\u0151je tal\u00e1n t\u0151led f\u00fcgg.<br><br><strong>Nem csak egy j\u00e1t\u00e9k. Egy v\u00e1ros. Egy titok. Egy t\u00f6rt\u00e9net, amit csak te fejezhetsz be.<\/strong>","name_main_character":"Theseus","photo_main_character":40238,"loquiz_or_kokimoki":"Kokimoki"},"yoast_head":"<!-- This site is optimized with the Yoast SEO Premium plugin v26.2 (Yoast SEO v26.3) - https:\/\/yoast.com\/wordpress\/plugins\/seo\/ -->\n<title>Term\u00e9k - City Game<\/title>\n<meta name=\"description\" content=\"Secrets of Athens. J\u00e1tssz egy \u00f6nvezet\u0151 City Game-et, \u00e9s fedezd fel a v\u00e1rost rejtv\u00e9nyek, tal\u00e1l\u00f3s k\u00e9rd\u00e9sek \u00e9s kih\u00edv\u00e1sok seg\u00edts\u00e9g\u00e9vel. J\u00e1tssz a saj\u00e1t temp\u00f3dban, \u00e9s fedezd fel, mint egy helyi!\" \/>\n<meta name=\"robots\" content=\"noindex, follow, max-snippet:-1, max-image-preview:large, max-video-preview:-1\" \/>\n<meta property=\"og:locale\" content=\"hu_HU\" \/>\n<meta property=\"og:type\" content=\"article\" \/>\n<meta property=\"og:title\" content=\"Term\u00e9k\" \/>\n<meta property=\"og:description\" content=\"Secrets of Athens. J\u00e1tssz egy \u00f6nvezet\u0151 City Game-et, \u00e9s fedezd fel a v\u00e1rost rejtv\u00e9nyek, tal\u00e1l\u00f3s k\u00e9rd\u00e9sek \u00e9s kih\u00edv\u00e1sok seg\u00edts\u00e9g\u00e9vel. J\u00e1tssz a saj\u00e1t temp\u00f3dban, \u00e9s fedezd fel, mint egy helyi!\" \/>\n<meta property=\"og:url\" content=\"https:\/\/testwebsite.citygame.com\/hu\/games\/unknown-location\/termek-346\/\" \/>\n<meta property=\"og:site_name\" content=\"City Game\" \/>\n<meta property=\"article:publisher\" content=\"https:\/\/www.facebook.com\/profile.php?id=100086426226253\" \/>\n<meta property=\"article:modified_time\" content=\"2026-04-02T12:22:44+00:00\" \/>\n<meta property=\"og:image\" content=\"https:\/\/testwebsite.citygame.com\/wp-content\/blogs.dir\/1\/files\/sites\/62\/2026\/01\/woman-using-phone-athens-view-philopappos-hill.jpg\" \/>\n\t<meta property=\"og:image:width\" content=\"1024\" \/>\n\t<meta property=\"og:image:height\" content=\"1024\" \/>\n\t<meta property=\"og:image:type\" content=\"image\/jpeg\" \/>\n<meta name=\"twitter:card\" content=\"summary_large_image\" \/>\n<script type=\"application\/ld+json\" class=\"yoast-schema-graph\">{\"@context\":\"https:\/\/schema.org\",\"@graph\":[{\"@type\":\"WebPage\",\"@id\":\"https:\/\/testwebsite.citygame.com\/hu\/games\/unknown-location\/termek-346\/\",\"url\":\"https:\/\/testwebsite.citygame.com\/hu\/games\/unknown-location\/termek-346\/\",\"name\":\"Term\u00e9k - City Game\",\"isPartOf\":{\"@id\":\"https:\/\/testwebsite.upevents.nl\/#website\"},\"primaryImageOfPage\":{\"@id\":\"https:\/\/testwebsite.citygame.com\/hu\/games\/unknown-location\/termek-346\/#primaryimage\"},\"image\":{\"@id\":\"https:\/\/testwebsite.citygame.com\/hu\/games\/unknown-location\/termek-346\/#primaryimage\"},\"thumbnailUrl\":\"https:\/\/testwebsite.citygame.com\/wp-content\/blogs.dir\/1\/files\/sites\/62\/2026\/01\/woman-using-phone-athens-view-philopappos-hill.jpg\",\"datePublished\":\"2026-01-13T11:48:27+00:00\",\"dateModified\":\"2026-04-02T12:22:44+00:00\",\"description\":\"Secrets of Athens. J\u00e1tssz egy \u00f6nvezet\u0151 City Game-et, \u00e9s fedezd fel a v\u00e1rost rejtv\u00e9nyek, tal\u00e1l\u00f3s k\u00e9rd\u00e9sek \u00e9s kih\u00edv\u00e1sok seg\u00edts\u00e9g\u00e9vel. J\u00e1tssz a saj\u00e1t temp\u00f3dban, \u00e9s fedezd fel, mint egy helyi!\",\"breadcrumb\":{\"@id\":\"https:\/\/testwebsite.citygame.com\/hu\/games\/unknown-location\/termek-346\/#breadcrumb\"},\"inLanguage\":\"hu\",\"potentialAction\":[{\"@type\":\"ReadAction\",\"target\":[\"https:\/\/testwebsite.citygame.com\/hu\/games\/unknown-location\/termek-346\/\"]}]},{\"@type\":\"ImageObject\",\"inLanguage\":\"hu\",\"@id\":\"https:\/\/testwebsite.citygame.com\/hu\/games\/unknown-location\/termek-346\/#primaryimage\",\"url\":\"https:\/\/testwebsite.citygame.com\/wp-content\/blogs.dir\/1\/files\/sites\/62\/2026\/01\/woman-using-phone-athens-view-philopappos-hill.jpg\",\"contentUrl\":\"https:\/\/testwebsite.citygame.com\/wp-content\/blogs.dir\/1\/files\/sites\/62\/2026\/01\/woman-using-phone-athens-view-philopappos-hill.jpg\",\"width\":1024,\"height\":1024,\"caption\":\"A tourist enjoys the sunny view over Athens from a rocky outcrop while looking at her smartphone.\"},{\"@type\":\"BreadcrumbList\",\"@id\":\"https:\/\/testwebsite.citygame.com\/hu\/games\/unknown-location\/termek-346\/#breadcrumb\",\"itemListElement\":[{\"@type\":\"ListItem\",\"position\":1,\"name\":\"Home\",\"item\":\"https:\/\/testwebsite.citygame.com\/hu\/\"},{\"@type\":\"ListItem\",\"position\":2,\"name\":\"Shop\",\"item\":\"https:\/\/testwebsite.citygame.com\/shop\/\"},{\"@type\":\"ListItem\",\"position\":3,\"name\":\"Term\u00e9k\"}]},{\"@type\":\"WebSite\",\"@id\":\"https:\/\/testwebsite.upevents.nl\/#website\",\"url\":\"https:\/\/testwebsite.upevents.nl\/\",\"name\":\"City Game\",\"description\":\"\",\"publisher\":{\"@id\":\"https:\/\/testwebsite.upevents.nl\/#organization\"},\"alternateName\":\"citygame.com\",\"potentialAction\":[{\"@type\":\"SearchAction\",\"target\":{\"@type\":\"EntryPoint\",\"urlTemplate\":\"https:\/\/testwebsite.upevents.nl\/?s={search_term_string}\"},\"query-input\":{\"@type\":\"PropertyValueSpecification\",\"valueRequired\":true,\"valueName\":\"search_term_string\"}}],\"inLanguage\":\"hu\"},{\"@type\":[\"Organization\",\"Place\"],\"@id\":\"https:\/\/testwebsite.upevents.nl\/#organization\",\"name\":\"City Game\",\"alternateName\":\"citygame.com\",\"url\":\"https:\/\/testwebsite.upevents.nl\/\",\"logo\":{\"@id\":\"https:\/\/testwebsite.citygame.com\/hu\/games\/unknown-location\/termek-346\/#local-main-organization-logo\"},\"image\":{\"@id\":\"https:\/\/testwebsite.citygame.com\/hu\/games\/unknown-location\/termek-346\/#local-main-organization-logo\"},\"sameAs\":[\"https:\/\/www.facebook.com\/profile.php?id=100086426226253\",\"https:\/\/www.instagram.com\/citygame_com\",\"https:\/\/www.tiktok.com\/@citygamecom\/\",\"https:\/\/www.linkedin.com\/company\/citygame-com\"],\"description\":\"Turn any city into a playground with our interactive City Games and self-guided tours. Fun, flexible, and ideal for groups and team building.\",\"telephone\":[],\"openingHoursSpecification\":[{\"@type\":\"OpeningHoursSpecification\",\"dayOfWeek\":[\"Monday\",\"Tuesday\",\"Wednesday\",\"Thursday\",\"Friday\",\"Saturday\",\"Sunday\"],\"opens\":\"09:00\",\"closes\":\"17:00\"}]},{\"@type\":\"ImageObject\",\"inLanguage\":\"hu\",\"@id\":\"https:\/\/testwebsite.citygame.com\/hu\/games\/unknown-location\/termek-346\/#local-main-organization-logo\",\"url\":\"https:\/\/testwebsite.citygame.com\/wp-content\/blogs.dir\/1\/files\/sites\/62\/2025\/10\/CG_LOGO-City-Game.png\",\"contentUrl\":\"https:\/\/testwebsite.citygame.com\/wp-content\/blogs.dir\/1\/files\/sites\/62\/2025\/10\/CG_LOGO-City-Game.png\",\"width\":351,\"height\":377,\"caption\":\"City Game\"}]}<\/script>\n<!-- \/ Yoast SEO Premium plugin. -->","yoast_head_json":{"title":"Term\u00e9k - City Game","description":"Secrets of Athens. J\u00e1tssz egy \u00f6nvezet\u0151 City Game-et, \u00e9s fedezd fel a v\u00e1rost rejtv\u00e9nyek, tal\u00e1l\u00f3s k\u00e9rd\u00e9sek \u00e9s kih\u00edv\u00e1sok seg\u00edts\u00e9g\u00e9vel. J\u00e1tssz a saj\u00e1t temp\u00f3dban, \u00e9s fedezd fel, mint egy helyi!","robots":{"index":"noindex","follow":"follow","max-snippet":"max-snippet:-1","max-image-preview":"max-image-preview:large","max-video-preview":"max-video-preview:-1"},"og_locale":"hu_HU","og_type":"article","og_title":"Term\u00e9k","og_description":"Secrets of Athens. J\u00e1tssz egy \u00f6nvezet\u0151 City Game-et, \u00e9s fedezd fel a v\u00e1rost rejtv\u00e9nyek, tal\u00e1l\u00f3s k\u00e9rd\u00e9sek \u00e9s kih\u00edv\u00e1sok seg\u00edts\u00e9g\u00e9vel. J\u00e1tssz a saj\u00e1t temp\u00f3dban, \u00e9s fedezd fel, mint egy helyi!","og_url":"https:\/\/testwebsite.citygame.com\/hu\/games\/unknown-location\/termek-346\/","og_site_name":"City Game","article_publisher":"https:\/\/www.facebook.com\/profile.php?id=100086426226253","article_modified_time":"2026-04-02T12:22:44+00:00","og_image":[{"width":1024,"height":1024,"url":"https:\/\/testwebsite.citygame.com\/wp-content\/blogs.dir\/1\/files\/sites\/62\/2026\/01\/woman-using-phone-athens-view-philopappos-hill.jpg","type":"image\/jpeg"}],"twitter_card":"summary_large_image","schema":{"@context":"https:\/\/schema.org","@graph":[{"@type":"WebPage","@id":"https:\/\/testwebsite.citygame.com\/hu\/games\/unknown-location\/termek-346\/","url":"https:\/\/testwebsite.citygame.com\/hu\/games\/unknown-location\/termek-346\/","name":"Term\u00e9k - City Game","isPartOf":{"@id":"https:\/\/testwebsite.upevents.nl\/#website"},"primaryImageOfPage":{"@id":"https:\/\/testwebsite.citygame.com\/hu\/games\/unknown-location\/termek-346\/#primaryimage"},"image":{"@id":"https:\/\/testwebsite.citygame.com\/hu\/games\/unknown-location\/termek-346\/#primaryimage"},"thumbnailUrl":"https:\/\/testwebsite.citygame.com\/wp-content\/blogs.dir\/1\/files\/sites\/62\/2026\/01\/woman-using-phone-athens-view-philopappos-hill.jpg","datePublished":"2026-01-13T11:48:27+00:00","dateModified":"2026-04-02T12:22:44+00:00","description":"Secrets of Athens. J\u00e1tssz egy \u00f6nvezet\u0151 City Game-et, \u00e9s fedezd fel a v\u00e1rost rejtv\u00e9nyek, tal\u00e1l\u00f3s k\u00e9rd\u00e9sek \u00e9s kih\u00edv\u00e1sok seg\u00edts\u00e9g\u00e9vel. J\u00e1tssz a saj\u00e1t temp\u00f3dban, \u00e9s fedezd fel, mint egy helyi!","breadcrumb":{"@id":"https:\/\/testwebsite.citygame.com\/hu\/games\/unknown-location\/termek-346\/#breadcrumb"},"inLanguage":"hu","potentialAction":[{"@type":"ReadAction","target":["https:\/\/testwebsite.citygame.com\/hu\/games\/unknown-location\/termek-346\/"]}]},{"@type":"ImageObject","inLanguage":"hu","@id":"https:\/\/testwebsite.citygame.com\/hu\/games\/unknown-location\/termek-346\/#primaryimage","url":"https:\/\/testwebsite.citygame.com\/wp-content\/blogs.dir\/1\/files\/sites\/62\/2026\/01\/woman-using-phone-athens-view-philopappos-hill.jpg","contentUrl":"https:\/\/testwebsite.citygame.com\/wp-content\/blogs.dir\/1\/files\/sites\/62\/2026\/01\/woman-using-phone-athens-view-philopappos-hill.jpg","width":1024,"height":1024,"caption":"A tourist enjoys the sunny view over Athens from a rocky outcrop while looking at her smartphone."},{"@type":"BreadcrumbList","@id":"https:\/\/testwebsite.citygame.com\/hu\/games\/unknown-location\/termek-346\/#breadcrumb","itemListElement":[{"@type":"ListItem","position":1,"name":"Home","item":"https:\/\/testwebsite.citygame.com\/hu\/"},{"@type":"ListItem","position":2,"name":"Shop","item":"https:\/\/testwebsite.citygame.com\/shop\/"},{"@type":"ListItem","position":3,"name":"Term\u00e9k"}]},{"@type":"WebSite","@id":"https:\/\/testwebsite.upevents.nl\/#website","url":"https:\/\/testwebsite.upevents.nl\/","name":"City Game","description":"","publisher":{"@id":"https:\/\/testwebsite.upevents.nl\/#organization"},"alternateName":"citygame.com","potentialAction":[{"@type":"SearchAction","target":{"@type":"EntryPoint","urlTemplate":"https:\/\/testwebsite.upevents.nl\/?s={search_term_string}"},"query-input":{"@type":"PropertyValueSpecification","valueRequired":true,"valueName":"search_term_string"}}],"inLanguage":"hu"},{"@type":["Organization","Place"],"@id":"https:\/\/testwebsite.upevents.nl\/#organization","name":"City Game","alternateName":"citygame.com","url":"https:\/\/testwebsite.upevents.nl\/","logo":{"@id":"https:\/\/testwebsite.citygame.com\/hu\/games\/unknown-location\/termek-346\/#local-main-organization-logo"},"image":{"@id":"https:\/\/testwebsite.citygame.com\/hu\/games\/unknown-location\/termek-346\/#local-main-organization-logo"},"sameAs":["https:\/\/www.facebook.com\/profile.php?id=100086426226253","https:\/\/www.instagram.com\/citygame_com","https:\/\/www.tiktok.com\/@citygamecom\/","https:\/\/www.linkedin.com\/company\/citygame-com"],"description":"Turn any city into a playground with our interactive City Games and self-guided tours. Fun, flexible, and ideal for groups and team building.","telephone":[],"openingHoursSpecification":[{"@type":"OpeningHoursSpecification","dayOfWeek":["Monday","Tuesday","Wednesday","Thursday","Friday","Saturday","Sunday"],"opens":"09:00","closes":"17:00"}]},{"@type":"ImageObject","inLanguage":"hu","@id":"https:\/\/testwebsite.citygame.com\/hu\/games\/unknown-location\/termek-346\/#local-main-organization-logo","url":"https:\/\/testwebsite.citygame.com\/wp-content\/blogs.dir\/1\/files\/sites\/62\/2025\/10\/CG_LOGO-City-Game.png","contentUrl":"https:\/\/testwebsite.citygame.com\/wp-content\/blogs.dir\/1\/files\/sites\/62\/2025\/10\/CG_LOGO-City-Game.png","width":351,"height":377,"caption":"City Game"}]}},"taxonomy_info":{"game-concept":[{"value":36,"label":"Secrets"}],"product_cat":[{"value":27,"label":"Geen categorie"}]},"featured_image_src_large":["https:\/\/testwebsite.citygame.com\/wp-content\/blogs.dir\/1\/files\/sites\/62\/2026\/01\/woman-using-phone-athens-view-philopappos-hill.jpg",1024,1024,false],"author_info":[],"comment_info":"","_links":{"self":[{"href":"https:\/\/testwebsite.citygame.com\/hu\/wp-json\/wp\/v2\/product\/40237","targetHints":{"allow":["GET"]}}],"collection":[{"href":"https:\/\/testwebsite.citygame.com\/hu\/wp-json\/wp\/v2\/product"}],"about":[{"href":"https:\/\/testwebsite.citygame.com\/hu\/wp-json\/wp\/v2\/types\/product"}],"acf:post":[{"embeddable":true,"href":"https:\/\/testwebsite.citygame.com\/hu\/wp-json\/wp\/v2\/pages\/8286"}],"wp:featuredmedia":[{"embeddable":true,"href":"https:\/\/testwebsite.citygame.com\/hu\/wp-json\/wp\/v2\/media\/3686"}],"wp:attachment":[{"href":"https:\/\/testwebsite.citygame.com\/hu\/wp-json\/wp\/v2\/media?parent=40237"}],"wp:term":[{"taxonomy":"game-concept","embeddable":true,"href":"https:\/\/testwebsite.citygame.com\/hu\/wp-json\/wp\/v2\/game-concept?post=40237"},{"taxonomy":"location","embeddable":true,"href":"https:\/\/testwebsite.citygame.com\/hu\/wp-json\/wp\/v2\/location?post=40237"},{"taxonomy":"product_brand","embeddable":true,"href":"https:\/\/testwebsite.citygame.com\/hu\/wp-json\/wp\/v2\/product_brand?post=40237"},{"taxonomy":"product_cat","embeddable":true,"href":"https:\/\/testwebsite.citygame.com\/hu\/wp-json\/wp\/v2\/product_cat?post=40237"},{"taxonomy":"product_tag","embeddable":true,"href":"https:\/\/testwebsite.citygame.com\/hu\/wp-json\/wp\/v2\/product_tag?post=40237"}],"curies":[{"name":"wp","href":"https:\/\/api.w.org\/{rel}","templated":true}]}}