{"id":39626,"date":"2026-01-13T15:39:30","date_gmt":"2026-01-13T15:39:30","guid":{"rendered":"https:\/\/testwebsite.citygame.com\/games\/unknown-location\/termek-339\/"},"modified":"2026-04-02T10:38:36","modified_gmt":"2026-04-02T10:38:36","slug":"termek-339","status":"publish","type":"product","link":"https:\/\/testwebsite.citygame.com\/hu\/games\/unknown-location\/termek-339\/","title":{"rendered":"Term\u00e9k"},"content":{"rendered":"","protected":false},"excerpt":{"rendered":"","protected":false},"featured_media":3856,"template":"","meta":{"_acf_changed":false,"_yoast_wpseo_focuskw":"Secrets of Ibiza","_yoast_wpseo_metadesc":"Secrets of Ibiza. J\u00e1tssz egy \u00f6nvezet\u0151 v\u00e1rosi j\u00e1t\u00e9kot, \u00e9s fedezd fel a v\u00e1rost rejtv\u00e9nyek, tal\u00e1l\u00f3s k\u00e9rd\u00e9sek \u00e9s kih\u00edv\u00e1sok seg\u00edts\u00e9g\u00e9vel. J\u00e1tssz a saj\u00e1t temp\u00f3dban, \u00e9s fedezd fel, mint egy helyi!","_kad_blocks_custom_css":"","_kad_blocks_head_custom_js":"","_kad_blocks_body_custom_js":"","_kad_blocks_footer_custom_js":"","ghostkit_customizer_options":"","ghostkit_custom_css":"","ghostkit_custom_js_head":"","ghostkit_custom_js_foot":"","ghostkit_typography":"","_kad_post_transparent":"","_kad_post_title":"","_kad_post_layout":"","_kad_post_sidebar_id":"","_kad_post_content_style":"","_kad_post_vertical_padding":"","_kad_post_feature":"","_kad_post_feature_position":"","_kad_post_header":false,"_kad_post_footer":false,"_kad_post_classname":"","_links_to":"","_links_to_target":""},"game-concept":[36],"location":[],"product_brand":[],"product_cat":[27],"product_tag":[],"class_list":{"0":"post-39626","1":"product","2":"type-product","3":"status-publish","4":"has-post-thumbnail","6":"game-concept-secrets","7":"product_cat-geen-categorie","9":"first","10":"instock","11":"shipping-taxable","12":"purchasable","13":"product-type-simple","14":"entry","15":"content-bg","16":"loop-entry"},"acf":{"full_bokun_product_name":"Self-Guided Secrets of Ibiza Exploration Game","location_name":"Ibiza","bokun_calendar_widget_code":"<script type=\"text\/javascript\" src=\"https:\/\/widgets.bokun.io\/assets\/javascripts\/apps\/build\/BokunWidgetsLoader.js?bookingChannelUUID=a1e93e96-5232-4734-a595-28405f4b5a31\" async><\/script>\n     \n    <div class=\"bokunWidget\" data-src=\"https:\/\/widgets.bokun.io\/online-sales\/a1e93e96-5232-4734-a595-28405f4b5a31\/experience-calendar\/824914\"><\/div>\n    <noscript>Please enable javascript in your browser to book<\/noscript>","bokun_button_widget_code":"<script type=\"text\/javascript\" src=\"https:\/\/widgets.bokun.io\/assets\/javascripts\/apps\/build\/BokunWidgetsLoader.js?bookingChannelUUID=a1e93e96-5232-4734-a595-28405f4b5a31\" async><\/script>\n      <style> #bokun_ed001e45_5927_4f62_b470_ca766338d083 { display: inline-block; padding: .4em 1em; background: #47b82e; border-radius: 999999px; box-shadow: none; font-weight: 600; font-size: 24px; text-decoration: none; text-align: center; color: #FFFFFF; border:none; cursor: pointer; transition: background .2s ease; } #bokun_ed001e45_5927_4f62_b470_ca766338d083:hover{ background: #2f7b1f; } #bokun_ed001e45_5927_4f62_b470_ca766338d083:active{ background: #378f24; } <\/style> <button class=\"bokunButton\" disabled id=bokun_ed001e45_5927_4f62_b470_ca766338d083 data-src=\"https:\/\/widgets.bokun.io\/online-sales\/a1e93e96-5232-4734-a595-28405f4b5a31\/experience-calendar\/824914?partialView=1\" data-testid=\"widget-book-button\" > Book now <\/button> ","what_you\u2019ll_experience_during_the_game":"A 'Secrets of Ibiza' v\u00e1rosi j\u00e1t\u00e9k sor\u00e1n a sziget t\u00f6rt\u00e9nelmi sz\u00edv\u00e9t fedezheted fel egy t\u00f6rt\u00e9netk\u00f6zpont\u00fa kalandon kereszt\u00fcl, amely \u00f6tv\u00f6zi a helyi legend\u00e1kat az interakt\u00edv felfedez\u00e9ssel. Mik\u00f6zben Ibiz\u00e1n kereszt\u00fcl barangolsz, felt\u00e1rod a v\u00e1ros m\u00faltj\u00e1nak \u00e9s jelen\u00e9nek r\u00e9tegeit, olyan leny\u0171g\u00f6z\u0151 helyeket l\u00e1togatva meg, mint Dalt Vila er\u0151d\u00edtett falai, a b\u00e9k\u00e9s San Ciriaco-k\u00e1polna \u00e9s a vibr\u00e1l\u00f3 Pla\u00e7a de la Reina Sofia. A j\u00e1t\u00e9k mind h\u00edres nevezetess\u00e9geket, mind csendesebb zugokat felt\u00e1r, bele\u00e9rtve a m\u0171v\u00e9szi H\u00edress\u00e9gek utc\u00e1j\u00e1t \u00e9s a leny\u0171g\u00f6z\u0151 Vara de Rey Monumento-t. \u00datk\u00f6zben Ibiza kultur\u00e1lis t\u00f6rt\u00e9nelm\u00e9nek \u00e9s mindennapi \u00e9let\u00e9nek egyed\u00fcl\u00e1ll\u00f3 \u00f6tv\u00f6zete ker\u00fcl f\u00f3kuszba, sz\u00f3rakoztat\u00f3 \u00e9s \u00e9rdekes m\u00f3don.\n\nA j\u00e1t\u00e9k sor\u00e1n sz\u00e1mos kih\u00edv\u00e1st kell megoldanod, az okos rejtv\u00e9nyekt\u0151l \u00e9s kv\u00edzk\u00e9rd\u00e9sekt\u0151l kezdve a fot\u00f3alap\u00fa kreat\u00edv feladatokig. Ezek seg\u00edtenek pontokat gy\u0171jteni, nyomokat megfejteni \u00e9s folyamatosan haladni a v\u00e9gs\u0151 rejt\u00e9ly fel\u00e9, \u00edgy az \u00e9lm\u00e9ny egyszerre lek\u00f6t\u0151 \u00e9s jutalmaz\u00f3. B\u00e1rmikor tarthatsz sz\u00fcnetet, \u00e9s a saj\u00e1t temp\u00f3dban folytathatod an\u00e9lk\u00fcl, hogy elvesz\u00edten\u00e9d a halad\u00e1st. Azok sz\u00e1m\u00e1ra, akik szeretik a versenyt, van egy \u00e9l\u0151 ranglista, amely nyomon k\u00f6veti a legjobban teljes\u00edt\u0151 csapatokat Ibiz\u00e1n, ezzel extra kih\u00edv\u00e1st adva ennek a v\u00e1rosk\u00f6zpont\u00fa felfedez\u0151 j\u00e1t\u00e9knak.","how_to_play":"A foglal\u00e1s ut\u00e1n e-mailben kapsz egy k\u00f6zvetlen j\u00e1t\u00e9klinket. Egyszer\u0171en menj a kiindul\u00e1si helyre Dalt Vil\u00e1ba, nyisd meg a linket okostelefonodon, \u00e9s kezd\u0151dhet a kaland. A j\u00e1t\u00e9kot b\u00e1rmikor sz\u00fcneteltetheted \u00e9s folytathatod, \u00edgy Ibiza b\u00e1j\u00e1t a saj\u00e1t ritmusodban fedezheted fel.","start_location":"Ibiza, Dalt Vila","available_languages":[],"players_per_group":"1-4","duration":"1.5-2 hours","image_overlay_color_image":"https:\/\/testwebsite.citygame.com\/wp-content\/blogs.dir\/1\/files\/sites\/62\/2026\/01\/SecretsColor.svg","image_overlay_game_logo":"https:\/\/testwebsite.citygame.com\/wp-content\/blogs.dir\/1\/files\/sites\/62\/2026\/01\/SecretsLogo.png","city_page":8555,"woocommerce_general_content":null,"the_story":"<strong>Valami furcsa t\u00f6rt\u00e9nik Ibiz\u00e1n. L\u00e1thatatlan er\u0151k hull\u00e1mzanak a szent helyeken. Az id\u0151 meghajlik. Energia mozdul. \u00c9s egy k\u00edv\u00e1ncsi helyb\u00e9li, 'Tanner' a seg\u00edts\u00e9gedre szorul. El\u00e9g \u00e1rtalmatlannak t\u0171nik, am\u00edg a nyomok valami sokkal r\u00e9gebbi. Sokkal m\u00e9lyebb dologra nem utalnak.<\/strong><br><br>J\u00e1rj v\u00e9gig a sziget napf\u00e9nyes \u00f6sv\u00e9nyeit \u00e9s \u00e1rny\u00e9kos zugait. Oldj meg rejtett fejt\u00f6r\u0151ket, \u00e9s \u00e1ll\u00edtsd helyre az egyens\u00falyt, miel\u0151tt bek\u00f6vetkezik a katasztr\u00f3fa. Csak az utad ut\u00e1n der\u00fcl f\u00e9ny az igazs\u00e1gra. Ki az a 'Tanner'? \u00c9s milyen \u0151si er\u0151 vigy\u00e1z m\u00e9g mindig Ibiz\u00e1ra, amikor senki sem figyel?<br><br><strong>Felfedezni j\u00f6tt\u00e9l. Maradt\u00e1l, hogy megmentsd a t\u00f6rt\u00e9netet.<\/strong>","name_main_character":"Tanner","photo_main_character":39627,"loquiz_or_kokimoki":"Kokimoki"},"yoast_head":"<!-- This site is optimized with the Yoast SEO Premium plugin v26.2 (Yoast SEO v26.3) - https:\/\/yoast.com\/wordpress\/plugins\/seo\/ -->\n<title>Term\u00e9k - City Game<\/title>\n<meta name=\"description\" content=\"Secrets of Ibiza. J\u00e1tssz egy \u00f6nvezet\u0151 v\u00e1rosi j\u00e1t\u00e9kot, \u00e9s fedezd fel a v\u00e1rost rejtv\u00e9nyek, tal\u00e1l\u00f3s k\u00e9rd\u00e9sek \u00e9s kih\u00edv\u00e1sok seg\u00edts\u00e9g\u00e9vel. J\u00e1tssz a saj\u00e1t temp\u00f3dban, \u00e9s fedezd fel, mint egy helyi!\" \/>\n<meta name=\"robots\" content=\"noindex, follow, max-snippet:-1, max-image-preview:large, max-video-preview:-1\" \/>\n<meta property=\"og:locale\" content=\"hu_HU\" \/>\n<meta property=\"og:type\" content=\"article\" \/>\n<meta property=\"og:title\" content=\"Term\u00e9k\" \/>\n<meta property=\"og:description\" content=\"Secrets of Ibiza. J\u00e1tssz egy \u00f6nvezet\u0151 v\u00e1rosi j\u00e1t\u00e9kot, \u00e9s fedezd fel a v\u00e1rost rejtv\u00e9nyek, tal\u00e1l\u00f3s k\u00e9rd\u00e9sek \u00e9s kih\u00edv\u00e1sok seg\u00edts\u00e9g\u00e9vel. J\u00e1tssz a saj\u00e1t temp\u00f3dban, \u00e9s fedezd fel, mint egy helyi!\" \/>\n<meta property=\"og:url\" content=\"https:\/\/testwebsite.citygame.com\/hu\/games\/unknown-location\/termek-339\/\" \/>\n<meta property=\"og:site_name\" content=\"City Game\" \/>\n<meta property=\"article:publisher\" content=\"https:\/\/www.facebook.com\/profile.php?id=100086426226253\" \/>\n<meta property=\"article:modified_time\" content=\"2026-04-02T10:38:36+00:00\" \/>\n<meta property=\"og:image\" content=\"https:\/\/testwebsite.citygame.com\/wp-content\/blogs.dir\/1\/files\/sites\/62\/2026\/01\/ibiza-player-portal-de-ses-taules-city-game.jpg\" \/>\n\t<meta property=\"og:image:width\" content=\"1184\" \/>\n\t<meta property=\"og:image:height\" content=\"864\" \/>\n\t<meta property=\"og:image:type\" content=\"image\/jpeg\" \/>\n<meta name=\"twitter:card\" content=\"summary_large_image\" \/>\n<script type=\"application\/ld+json\" class=\"yoast-schema-graph\">{\"@context\":\"https:\/\/schema.org\",\"@graph\":[{\"@type\":\"WebPage\",\"@id\":\"https:\/\/testwebsite.citygame.com\/hu\/games\/unknown-location\/termek-339\/\",\"url\":\"https:\/\/testwebsite.citygame.com\/hu\/games\/unknown-location\/termek-339\/\",\"name\":\"Term\u00e9k - City Game\",\"isPartOf\":{\"@id\":\"https:\/\/testwebsite.upevents.nl\/#website\"},\"primaryImageOfPage\":{\"@id\":\"https:\/\/testwebsite.citygame.com\/hu\/games\/unknown-location\/termek-339\/#primaryimage\"},\"image\":{\"@id\":\"https:\/\/testwebsite.citygame.com\/hu\/games\/unknown-location\/termek-339\/#primaryimage\"},\"thumbnailUrl\":\"https:\/\/testwebsite.citygame.com\/wp-content\/blogs.dir\/1\/files\/sites\/62\/2026\/01\/ibiza-player-portal-de-ses-taules-city-game.jpg\",\"datePublished\":\"2026-01-13T15:39:30+00:00\",\"dateModified\":\"2026-04-02T10:38:36+00:00\",\"description\":\"Secrets of Ibiza. J\u00e1tssz egy \u00f6nvezet\u0151 v\u00e1rosi j\u00e1t\u00e9kot, \u00e9s fedezd fel a v\u00e1rost rejtv\u00e9nyek, tal\u00e1l\u00f3s k\u00e9rd\u00e9sek \u00e9s kih\u00edv\u00e1sok seg\u00edts\u00e9g\u00e9vel. J\u00e1tssz a saj\u00e1t temp\u00f3dban, \u00e9s fedezd fel, mint egy helyi!\",\"breadcrumb\":{\"@id\":\"https:\/\/testwebsite.citygame.com\/hu\/games\/unknown-location\/termek-339\/#breadcrumb\"},\"inLanguage\":\"hu\",\"potentialAction\":[{\"@type\":\"ReadAction\",\"target\":[\"https:\/\/testwebsite.citygame.com\/hu\/games\/unknown-location\/termek-339\/\"]}]},{\"@type\":\"ImageObject\",\"inLanguage\":\"hu\",\"@id\":\"https:\/\/testwebsite.citygame.com\/hu\/games\/unknown-location\/termek-339\/#primaryimage\",\"url\":\"https:\/\/testwebsite.citygame.com\/wp-content\/blogs.dir\/1\/files\/sites\/62\/2026\/01\/ibiza-player-portal-de-ses-taules-city-game.jpg\",\"contentUrl\":\"https:\/\/testwebsite.citygame.com\/wp-content\/blogs.dir\/1\/files\/sites\/62\/2026\/01\/ibiza-player-portal-de-ses-taules-city-game.jpg\",\"width\":1184,\"height\":864,\"caption\":\"A player uses their phone to discover a secret at the entrance to Dalt Vila in Ibiza.\"},{\"@type\":\"BreadcrumbList\",\"@id\":\"https:\/\/testwebsite.citygame.com\/hu\/games\/unknown-location\/termek-339\/#breadcrumb\",\"itemListElement\":[{\"@type\":\"ListItem\",\"position\":1,\"name\":\"Home\",\"item\":\"https:\/\/testwebsite.citygame.com\/hu\/\"},{\"@type\":\"ListItem\",\"position\":2,\"name\":\"Shop\",\"item\":\"https:\/\/testwebsite.citygame.com\/shop\/\"},{\"@type\":\"ListItem\",\"position\":3,\"name\":\"Term\u00e9k\"}]},{\"@type\":\"WebSite\",\"@id\":\"https:\/\/testwebsite.upevents.nl\/#website\",\"url\":\"https:\/\/testwebsite.upevents.nl\/\",\"name\":\"City Game\",\"description\":\"\",\"publisher\":{\"@id\":\"https:\/\/testwebsite.upevents.nl\/#organization\"},\"alternateName\":\"citygame.com\",\"potentialAction\":[{\"@type\":\"SearchAction\",\"target\":{\"@type\":\"EntryPoint\",\"urlTemplate\":\"https:\/\/testwebsite.upevents.nl\/?s={search_term_string}\"},\"query-input\":{\"@type\":\"PropertyValueSpecification\",\"valueRequired\":true,\"valueName\":\"search_term_string\"}}],\"inLanguage\":\"hu\"},{\"@type\":[\"Organization\",\"Place\"],\"@id\":\"https:\/\/testwebsite.upevents.nl\/#organization\",\"name\":\"City Game\",\"alternateName\":\"citygame.com\",\"url\":\"https:\/\/testwebsite.upevents.nl\/\",\"logo\":{\"@id\":\"https:\/\/testwebsite.citygame.com\/hu\/games\/unknown-location\/termek-339\/#local-main-organization-logo\"},\"image\":{\"@id\":\"https:\/\/testwebsite.citygame.com\/hu\/games\/unknown-location\/termek-339\/#local-main-organization-logo\"},\"sameAs\":[\"https:\/\/www.facebook.com\/profile.php?id=100086426226253\",\"https:\/\/www.instagram.com\/citygame_com\",\"https:\/\/www.tiktok.com\/@citygamecom\/\",\"https:\/\/www.linkedin.com\/company\/citygame-com\"],\"description\":\"Turn any city into a playground with our interactive City Games and self-guided tours. Fun, flexible, and ideal for groups and team building.\",\"telephone\":[],\"openingHoursSpecification\":[{\"@type\":\"OpeningHoursSpecification\",\"dayOfWeek\":[\"Monday\",\"Tuesday\",\"Wednesday\",\"Thursday\",\"Friday\",\"Saturday\",\"Sunday\"],\"opens\":\"09:00\",\"closes\":\"17:00\"}]},{\"@type\":\"ImageObject\",\"inLanguage\":\"hu\",\"@id\":\"https:\/\/testwebsite.citygame.com\/hu\/games\/unknown-location\/termek-339\/#local-main-organization-logo\",\"url\":\"https:\/\/testwebsite.citygame.com\/wp-content\/blogs.dir\/1\/files\/sites\/62\/2025\/10\/CG_LOGO-City-Game.png\",\"contentUrl\":\"https:\/\/testwebsite.citygame.com\/wp-content\/blogs.dir\/1\/files\/sites\/62\/2025\/10\/CG_LOGO-City-Game.png\",\"width\":351,\"height\":377,\"caption\":\"City Game\"}]}<\/script>\n<!-- \/ Yoast SEO Premium plugin. -->","yoast_head_json":{"title":"Term\u00e9k - City Game","description":"Secrets of Ibiza. J\u00e1tssz egy \u00f6nvezet\u0151 v\u00e1rosi j\u00e1t\u00e9kot, \u00e9s fedezd fel a v\u00e1rost rejtv\u00e9nyek, tal\u00e1l\u00f3s k\u00e9rd\u00e9sek \u00e9s kih\u00edv\u00e1sok seg\u00edts\u00e9g\u00e9vel. J\u00e1tssz a saj\u00e1t temp\u00f3dban, \u00e9s fedezd fel, mint egy helyi!","robots":{"index":"noindex","follow":"follow","max-snippet":"max-snippet:-1","max-image-preview":"max-image-preview:large","max-video-preview":"max-video-preview:-1"},"og_locale":"hu_HU","og_type":"article","og_title":"Term\u00e9k","og_description":"Secrets of Ibiza. J\u00e1tssz egy \u00f6nvezet\u0151 v\u00e1rosi j\u00e1t\u00e9kot, \u00e9s fedezd fel a v\u00e1rost rejtv\u00e9nyek, tal\u00e1l\u00f3s k\u00e9rd\u00e9sek \u00e9s kih\u00edv\u00e1sok seg\u00edts\u00e9g\u00e9vel. J\u00e1tssz a saj\u00e1t temp\u00f3dban, \u00e9s fedezd fel, mint egy helyi!","og_url":"https:\/\/testwebsite.citygame.com\/hu\/games\/unknown-location\/termek-339\/","og_site_name":"City Game","article_publisher":"https:\/\/www.facebook.com\/profile.php?id=100086426226253","article_modified_time":"2026-04-02T10:38:36+00:00","og_image":[{"width":1184,"height":864,"url":"https:\/\/testwebsite.citygame.com\/wp-content\/blogs.dir\/1\/files\/sites\/62\/2026\/01\/ibiza-player-portal-de-ses-taules-city-game.jpg","type":"image\/jpeg"}],"twitter_card":"summary_large_image","schema":{"@context":"https:\/\/schema.org","@graph":[{"@type":"WebPage","@id":"https:\/\/testwebsite.citygame.com\/hu\/games\/unknown-location\/termek-339\/","url":"https:\/\/testwebsite.citygame.com\/hu\/games\/unknown-location\/termek-339\/","name":"Term\u00e9k - City Game","isPartOf":{"@id":"https:\/\/testwebsite.upevents.nl\/#website"},"primaryImageOfPage":{"@id":"https:\/\/testwebsite.citygame.com\/hu\/games\/unknown-location\/termek-339\/#primaryimage"},"image":{"@id":"https:\/\/testwebsite.citygame.com\/hu\/games\/unknown-location\/termek-339\/#primaryimage"},"thumbnailUrl":"https:\/\/testwebsite.citygame.com\/wp-content\/blogs.dir\/1\/files\/sites\/62\/2026\/01\/ibiza-player-portal-de-ses-taules-city-game.jpg","datePublished":"2026-01-13T15:39:30+00:00","dateModified":"2026-04-02T10:38:36+00:00","description":"Secrets of Ibiza. J\u00e1tssz egy \u00f6nvezet\u0151 v\u00e1rosi j\u00e1t\u00e9kot, \u00e9s fedezd fel a v\u00e1rost rejtv\u00e9nyek, tal\u00e1l\u00f3s k\u00e9rd\u00e9sek \u00e9s kih\u00edv\u00e1sok seg\u00edts\u00e9g\u00e9vel. J\u00e1tssz a saj\u00e1t temp\u00f3dban, \u00e9s fedezd fel, mint egy helyi!","breadcrumb":{"@id":"https:\/\/testwebsite.citygame.com\/hu\/games\/unknown-location\/termek-339\/#breadcrumb"},"inLanguage":"hu","potentialAction":[{"@type":"ReadAction","target":["https:\/\/testwebsite.citygame.com\/hu\/games\/unknown-location\/termek-339\/"]}]},{"@type":"ImageObject","inLanguage":"hu","@id":"https:\/\/testwebsite.citygame.com\/hu\/games\/unknown-location\/termek-339\/#primaryimage","url":"https:\/\/testwebsite.citygame.com\/wp-content\/blogs.dir\/1\/files\/sites\/62\/2026\/01\/ibiza-player-portal-de-ses-taules-city-game.jpg","contentUrl":"https:\/\/testwebsite.citygame.com\/wp-content\/blogs.dir\/1\/files\/sites\/62\/2026\/01\/ibiza-player-portal-de-ses-taules-city-game.jpg","width":1184,"height":864,"caption":"A player uses their phone to discover a secret at the entrance to Dalt Vila in Ibiza."},{"@type":"BreadcrumbList","@id":"https:\/\/testwebsite.citygame.com\/hu\/games\/unknown-location\/termek-339\/#breadcrumb","itemListElement":[{"@type":"ListItem","position":1,"name":"Home","item":"https:\/\/testwebsite.citygame.com\/hu\/"},{"@type":"ListItem","position":2,"name":"Shop","item":"https:\/\/testwebsite.citygame.com\/shop\/"},{"@type":"ListItem","position":3,"name":"Term\u00e9k"}]},{"@type":"WebSite","@id":"https:\/\/testwebsite.upevents.nl\/#website","url":"https:\/\/testwebsite.upevents.nl\/","name":"City Game","description":"","publisher":{"@id":"https:\/\/testwebsite.upevents.nl\/#organization"},"alternateName":"citygame.com","potentialAction":[{"@type":"SearchAction","target":{"@type":"EntryPoint","urlTemplate":"https:\/\/testwebsite.upevents.nl\/?s={search_term_string}"},"query-input":{"@type":"PropertyValueSpecification","valueRequired":true,"valueName":"search_term_string"}}],"inLanguage":"hu"},{"@type":["Organization","Place"],"@id":"https:\/\/testwebsite.upevents.nl\/#organization","name":"City Game","alternateName":"citygame.com","url":"https:\/\/testwebsite.upevents.nl\/","logo":{"@id":"https:\/\/testwebsite.citygame.com\/hu\/games\/unknown-location\/termek-339\/#local-main-organization-logo"},"image":{"@id":"https:\/\/testwebsite.citygame.com\/hu\/games\/unknown-location\/termek-339\/#local-main-organization-logo"},"sameAs":["https:\/\/www.facebook.com\/profile.php?id=100086426226253","https:\/\/www.instagram.com\/citygame_com","https:\/\/www.tiktok.com\/@citygamecom\/","https:\/\/www.linkedin.com\/company\/citygame-com"],"description":"Turn any city into a playground with our interactive City Games and self-guided tours. Fun, flexible, and ideal for groups and team building.","telephone":[],"openingHoursSpecification":[{"@type":"OpeningHoursSpecification","dayOfWeek":["Monday","Tuesday","Wednesday","Thursday","Friday","Saturday","Sunday"],"opens":"09:00","closes":"17:00"}]},{"@type":"ImageObject","inLanguage":"hu","@id":"https:\/\/testwebsite.citygame.com\/hu\/games\/unknown-location\/termek-339\/#local-main-organization-logo","url":"https:\/\/testwebsite.citygame.com\/wp-content\/blogs.dir\/1\/files\/sites\/62\/2025\/10\/CG_LOGO-City-Game.png","contentUrl":"https:\/\/testwebsite.citygame.com\/wp-content\/blogs.dir\/1\/files\/sites\/62\/2025\/10\/CG_LOGO-City-Game.png","width":351,"height":377,"caption":"City Game"}]}},"taxonomy_info":{"game-concept":[{"value":36,"label":"Secrets"}],"product_cat":[{"value":27,"label":"Geen categorie"}]},"featured_image_src_large":["https:\/\/testwebsite.citygame.com\/wp-content\/blogs.dir\/1\/files\/sites\/62\/2026\/01\/ibiza-player-portal-de-ses-taules-city-game-1024x747.jpg",1024,747,true],"author_info":[],"comment_info":"","_links":{"self":[{"href":"https:\/\/testwebsite.citygame.com\/hu\/wp-json\/wp\/v2\/product\/39626","targetHints":{"allow":["GET"]}}],"collection":[{"href":"https:\/\/testwebsite.citygame.com\/hu\/wp-json\/wp\/v2\/product"}],"about":[{"href":"https:\/\/testwebsite.citygame.com\/hu\/wp-json\/wp\/v2\/types\/product"}],"acf:post":[{"embeddable":true,"href":"https:\/\/testwebsite.citygame.com\/hu\/wp-json\/wp\/v2\/pages\/8555"}],"wp:featuredmedia":[{"embeddable":true,"href":"https:\/\/testwebsite.citygame.com\/hu\/wp-json\/wp\/v2\/media\/3856"}],"wp:attachment":[{"href":"https:\/\/testwebsite.citygame.com\/hu\/wp-json\/wp\/v2\/media?parent=39626"}],"wp:term":[{"taxonomy":"game-concept","embeddable":true,"href":"https:\/\/testwebsite.citygame.com\/hu\/wp-json\/wp\/v2\/game-concept?post=39626"},{"taxonomy":"location","embeddable":true,"href":"https:\/\/testwebsite.citygame.com\/hu\/wp-json\/wp\/v2\/location?post=39626"},{"taxonomy":"product_brand","embeddable":true,"href":"https:\/\/testwebsite.citygame.com\/hu\/wp-json\/wp\/v2\/product_brand?post=39626"},{"taxonomy":"product_cat","embeddable":true,"href":"https:\/\/testwebsite.citygame.com\/hu\/wp-json\/wp\/v2\/product_cat?post=39626"},{"taxonomy":"product_tag","embeddable":true,"href":"https:\/\/testwebsite.citygame.com\/hu\/wp-json\/wp\/v2\/product_tag?post=39626"}],"curies":[{"name":"wp","href":"https:\/\/api.w.org\/{rel}","templated":true}]}}