{"id":39512,"date":"2026-01-13T15:42:37","date_gmt":"2026-01-13T15:42:37","guid":{"rendered":"https:\/\/testwebsite.citygame.com\/games\/unknown-location\/termek-338\/"},"modified":"2026-04-02T10:25:15","modified_gmt":"2026-04-02T10:25:15","slug":"termek-338","status":"publish","type":"product","link":"https:\/\/testwebsite.citygame.com\/hu\/games\/unknown-location\/termek-338\/","title":{"rendered":"Term\u00e9k"},"content":{"rendered":"","protected":false},"excerpt":{"rendered":"","protected":false},"featured_media":3876,"template":"","meta":{"_acf_changed":false,"_yoast_wpseo_focuskw":"Secrets of Barcelona","_yoast_wpseo_metadesc":"Secrets of Barcelona. J\u00e1tssz egy \u00f6nvezet\u0151 v\u00e1rosi j\u00e1t\u00e9kot, \u00e9s fedezd fel a v\u00e1rost rejtv\u00e9nyeken, tal\u00e1l\u00f3s k\u00e9rd\u00e9seken \u00e9s kih\u00edv\u00e1sokon kereszt\u00fcl. J\u00e1tssz a saj\u00e1t temp\u00f3dban, \u00e9s fedezd fel, mint egy helyi!","_kad_blocks_custom_css":"","_kad_blocks_head_custom_js":"","_kad_blocks_body_custom_js":"","_kad_blocks_footer_custom_js":"","ghostkit_customizer_options":"","ghostkit_custom_css":"","ghostkit_custom_js_head":"","ghostkit_custom_js_foot":"","ghostkit_typography":"","_kad_post_transparent":"default","_kad_post_title":"","_kad_post_layout":"default","_kad_post_sidebar_id":"","_kad_post_content_style":"default","_kad_post_vertical_padding":"default","_kad_post_feature":"","_kad_post_feature_position":"","_kad_post_header":false,"_kad_post_footer":false,"_kad_post_classname":"","_links_to":"","_links_to_target":""},"game-concept":[36],"location":[],"product_brand":[],"product_cat":[27],"product_tag":[],"class_list":{"0":"post-39512","1":"product","2":"type-product","3":"status-publish","4":"has-post-thumbnail","6":"game-concept-secrets","7":"product_cat-geen-categorie","9":"first","10":"instock","11":"shipping-taxable","12":"purchasable","13":"product-type-simple","14":"entry","15":"content-bg","16":"loop-entry"},"acf":{"full_bokun_product_name":"Self-Guided Secrets of Barcelona Exploration Game","location_name":"Barcelona","bokun_calendar_widget_code":"<script type=\"text\/javascript\" src=\"https:\/\/widgets.bokun.io\/assets\/javascripts\/apps\/build\/BokunWidgetsLoader.js?bookingChannelUUID=a1e93e96-5232-4734-a595-28405f4b5a31\" async><\/script>\n     \n    <div class=\"bokunWidget\" data-src=\"https:\/\/widgets.bokun.io\/online-sales\/a1e93e96-5232-4734-a595-28405f4b5a31\/experience-calendar\/895746\"><\/div>\n    <noscript>Please enable javascript in your browser to book<\/noscript>","bokun_button_widget_code":"<script type=\"text\/javascript\" src=\"https:\/\/widgets.bokun.io\/assets\/javascripts\/apps\/build\/BokunWidgetsLoader.js?bookingChannelUUID=a1e93e96-5232-4734-a595-28405f4b5a31\" async><\/script>\n      <style> #bokun_ed001e45_5927_4f62_b470_ca766338d083 { display: inline-block; padding: .4em 1em; background: #47b82e; border-radius: 999999px; box-shadow: none; font-weight: 600; font-size: 24px; text-decoration: none; text-align: center; color: #FFFFFF; border:none; cursor: pointer; transition: background .2s ease; } #bokun_ed001e45_5927_4f62_b470_ca766338d083:hover{ background: #2f7b1f; } #bokun_ed001e45_5927_4f62_b470_ca766338d083:active{ background: #378f24; } <\/style> <button class=\"bokunButton\" disabled id=bokun_ed001e45_5927_4f62_b470_ca766338d083 data-src=\"https:\/\/widgets.bokun.io\/online-sales\/a1e93e96-5232-4734-a595-28405f4b5a31\/experience-calendar\/895746?partialView=1\" data-testid=\"widget-book-button\" > Book now <\/button> ","what_you\u2019ll_experience_during_the_game":"A j\u00e1t\u00e9k sor\u00e1n egy mag\u00e1val ragad\u00f3 t\u00f6rt\u00e9neten kereszt\u00fcl fedezheted fel Barcelon\u00e1t, amely \u00f6tv\u00f6zi a v\u00e1rosn\u00e9z\u00e9st az interakt\u00edv felfedez\u00e9ssel. Ahogy k\u00f6veted a nyomokat, n\u00e9pszer\u0171 nevezetess\u00e9gekkel \u00e9s rejtett sarkokkal is tal\u00e1lkozhatsz a t\u00f6rt\u00e9nelmi k\u00f6zpontban. Az \u00fat sor\u00e1n kiemelked\u0151 l\u00e1tnival\u00f3k k\u00f6z\u00e9 tartozik a g\u00f3tikus negyedben tal\u00e1lhat\u00f3 r\u00e9szletgazdag Pont del Bisbe, a Carrer de les Moles sz\u00ednes j\u00e1r\u00f3lapjai \u00e9s a Mercat de la Boqueria ny\u00fczsg\u0151 energi\u00e1ja. Elhaladsz olyan helyek mellett is, mint a nyugodt Pla\u00e7a de Catalunya \u00e9s az El Beso \u00e9l\u00e9nk mozaikja, amelyek gazdagabb k\u00e9pet adnak a v\u00e1ros m\u0171v\u00e9szeti \u00e9s kultur\u00e1lis r\u00e9tegeir\u0151l.\r\n\r\nA City Game sor\u00e1n rejtv\u00e9nyek, kreat\u00edv fot\u00f3feladatok \u00e9s v\u00e1rosi t\u00e9m\u00e1j\u00fa tal\u00e1l\u00f3s k\u00e9rd\u00e9sek kever\u00e9k\u00e9t oldod meg, amelyek feloldj\u00e1k a nyomokat, pontokat szereznek, \u00e9s k\u00f6zelebb vezetnek a v\u00e9gs\u0151 rejt\u00e9lyhez. N\u00e9mely kih\u00edv\u00e1s megfigyel\u00e9sen alapul, m\u00e1sok fant\u00e1ziad\u00fas gondolkod\u00e1sra \u00f6szt\u00f6n\u00f6znek, mindek\u00f6zben arra biztatnak, hogy interakci\u00f3ba l\u00e9pj a k\u00f6rnyezeteddel. A j\u00e1t\u00e9k b\u00e1rmikor sz\u00fcneteltethet\u0151 \u00e9s folytathat\u00f3, \u00edgy rugalmas m\u00f3dot k\u00edn\u00e1l Barcelona felfedez\u00e9s\u00e9re. Ha versenyszellem\u0171 vagy, az egy\u00e9ni j\u00e1t\u00e9kosok vagy csapatok megc\u00e9lozhatj\u00e1k a ranglista \u00e9l\u00e9t, mik\u00f6zben m\u00e9lyebbre mer\u00fclnek Barcelona utc\u00e1iban.","how_to_play":"A foglal\u00e1s ut\u00e1n e-mailben kapsz egy k\u00f6zvetlen j\u00e1t\u00e9klinket a Secrets of Barcelona City Game-hez. Egyszer\u0171en menj a kezd\u0151helyre, a Pont del Bisbe-hez, \u00e9s kezdd el azonnal a kalandot. A j\u00e1t\u00e9k teljes m\u00e9rt\u00e9kben okostelefonodon j\u00e1tszhat\u00f3, b\u00e1rmikor sz\u00fcneteltethet\u0151 \u00e9s folytathat\u00f3, amikor k\u00e9szen \u00e1llsz. K\u00e9sz\u00fclj fel Barcelona felfedez\u00e9s\u00e9re egy teljesen \u00faj m\u00f3don.","start_location":"Barcelona, Pont del Bisbe","available_languages":"","players_per_group":"1-4","duration":"1.5-2 hours","image_overlay_color_image":"https:\/\/testwebsite.citygame.com\/wp-content\/blogs.dir\/1\/files\/sites\/62\/2026\/01\/SecretsColor.svg","image_overlay_game_logo":"https:\/\/testwebsite.citygame.com\/wp-content\/blogs.dir\/1\/files\/sites\/62\/2026\/01\/SecretsLogo.png","city_page":6724,"woocommerce_general_content":null,"the_story":"<strong>A t\u00f6meg v\u00e1r. A f\u00e9nyek ragyognak. De valami l\u00e9tfontoss\u00e1g\u00fa hi\u00e1nyzik. Carmen Amaya, Barcelona legend\u00e1s flamenco t\u00e1ncosa, pillanatokra van att\u00f3l, hogy sz\u00ednpadra l\u00e9pjen, amikor katasztr\u00f3fa t\u00f6rt\u00e9nik. Ikonikus cip\u0151i elt\u0171ntek. Nincs tartal\u00e9k. Nincs el\u0151ad\u00e1s n\u00e9lk\u00fcl\u00fck.<\/strong><br><br>Keres\u00e9sed a v\u00e1ros ritmus\u00e1n \u00e9s lelk\u00e9n kereszt\u00fcl vezet, elhaladva pezsg\u0151 k\u00e1v\u00e9z\u00f3k, rejtett st\u00fadi\u00f3k \u00e9s sik\u00e1torok mellett, ahol m\u00e9g mindig zenesz\u00f3 csend\u00fcl a k\u00f6veken. Minden nyom m\u00e9lyebbre vezet Barcelona m\u0171v\u00e9szeti sz\u00edv\u00e9be. Valaki elvitte a cip\u0151ket, de ki? \u00c9s mi\u00e9rt pont most? Az id\u0151 fogy, csak te mentheted meg az est\u00e9t, \u00e9s seg\u00edthetsz Carmennek t\u00f6rt\u00e9nelmet \u00edrni.<br><br><strong>Nem csak egy j\u00e1t\u00e9k. Egy v\u00e1ros. Egy titok. Egy t\u00f6rt\u00e9net, amit csak te fejezhetsz be.<\/strong>","name_main_character":"Carmen Amaya","photo_main_character":39515,"loquiz_or_kokimoki":"Kokimoki"},"yoast_head":"<!-- This site is optimized with the Yoast SEO Premium plugin v26.2 (Yoast SEO v26.3) - https:\/\/yoast.com\/wordpress\/plugins\/seo\/ -->\n<title>Term\u00e9k - City Game<\/title>\n<meta name=\"description\" content=\"Secrets of Barcelona. J\u00e1tssz egy \u00f6nvezet\u0151 v\u00e1rosi j\u00e1t\u00e9kot, \u00e9s fedezd fel a v\u00e1rost rejtv\u00e9nyeken, tal\u00e1l\u00f3s k\u00e9rd\u00e9seken \u00e9s kih\u00edv\u00e1sokon kereszt\u00fcl. J\u00e1tssz a saj\u00e1t temp\u00f3dban, \u00e9s fedezd fel, mint egy helyi!\" \/>\n<meta name=\"robots\" content=\"noindex, follow, max-snippet:-1, max-image-preview:large, max-video-preview:-1\" \/>\n<meta property=\"og:locale\" content=\"hu_HU\" \/>\n<meta property=\"og:type\" content=\"article\" \/>\n<meta property=\"og:title\" content=\"Term\u00e9k\" \/>\n<meta property=\"og:description\" content=\"Secrets of Barcelona. J\u00e1tssz egy \u00f6nvezet\u0151 v\u00e1rosi j\u00e1t\u00e9kot, \u00e9s fedezd fel a v\u00e1rost rejtv\u00e9nyeken, tal\u00e1l\u00f3s k\u00e9rd\u00e9seken \u00e9s kih\u00edv\u00e1sokon kereszt\u00fcl. J\u00e1tssz a saj\u00e1t temp\u00f3dban, \u00e9s fedezd fel, mint egy helyi!\" \/>\n<meta property=\"og:url\" content=\"https:\/\/testwebsite.citygame.com\/hu\/games\/unknown-location\/termek-338\/\" \/>\n<meta property=\"og:site_name\" content=\"City Game\" \/>\n<meta property=\"article:publisher\" content=\"https:\/\/www.facebook.com\/profile.php?id=100086426226253\" \/>\n<meta property=\"article:modified_time\" content=\"2026-04-02T10:25:15+00:00\" \/>\n<meta property=\"og:image\" content=\"https:\/\/testwebsite.citygame.com\/wp-content\/blogs.dir\/1\/files\/sites\/62\/2026\/01\/barcelona-players-exploring-el-born-district-with-smartphone.jpg\" \/>\n\t<meta property=\"og:image:width\" content=\"1408\" \/>\n\t<meta property=\"og:image:height\" content=\"736\" \/>\n\t<meta property=\"og:image:type\" content=\"image\/jpeg\" \/>\n<meta name=\"twitter:card\" content=\"summary_large_image\" \/>\n<script type=\"application\/ld+json\" class=\"yoast-schema-graph\">{\"@context\":\"https:\/\/schema.org\",\"@graph\":[{\"@type\":\"WebPage\",\"@id\":\"https:\/\/testwebsite.citygame.com\/hu\/games\/unknown-location\/termek-338\/\",\"url\":\"https:\/\/testwebsite.citygame.com\/hu\/games\/unknown-location\/termek-338\/\",\"name\":\"Term\u00e9k - City Game\",\"isPartOf\":{\"@id\":\"https:\/\/testwebsite.upevents.nl\/#website\"},\"primaryImageOfPage\":{\"@id\":\"https:\/\/testwebsite.citygame.com\/hu\/games\/unknown-location\/termek-338\/#primaryimage\"},\"image\":{\"@id\":\"https:\/\/testwebsite.citygame.com\/hu\/games\/unknown-location\/termek-338\/#primaryimage\"},\"thumbnailUrl\":\"https:\/\/testwebsite.citygame.com\/wp-content\/blogs.dir\/1\/files\/sites\/62\/2026\/01\/barcelona-players-exploring-el-born-district-with-smartphone.jpg\",\"datePublished\":\"2026-01-13T15:42:37+00:00\",\"dateModified\":\"2026-04-02T10:25:15+00:00\",\"description\":\"Secrets of Barcelona. J\u00e1tssz egy \u00f6nvezet\u0151 v\u00e1rosi j\u00e1t\u00e9kot, \u00e9s fedezd fel a v\u00e1rost rejtv\u00e9nyeken, tal\u00e1l\u00f3s k\u00e9rd\u00e9seken \u00e9s kih\u00edv\u00e1sokon kereszt\u00fcl. J\u00e1tssz a saj\u00e1t temp\u00f3dban, \u00e9s fedezd fel, mint egy helyi!\",\"breadcrumb\":{\"@id\":\"https:\/\/testwebsite.citygame.com\/hu\/games\/unknown-location\/termek-338\/#breadcrumb\"},\"inLanguage\":\"hu\",\"potentialAction\":[{\"@type\":\"ReadAction\",\"target\":[\"https:\/\/testwebsite.citygame.com\/hu\/games\/unknown-location\/termek-338\/\"]}]},{\"@type\":\"ImageObject\",\"inLanguage\":\"hu\",\"@id\":\"https:\/\/testwebsite.citygame.com\/hu\/games\/unknown-location\/termek-338\/#primaryimage\",\"url\":\"https:\/\/testwebsite.citygame.com\/wp-content\/blogs.dir\/1\/files\/sites\/62\/2026\/01\/barcelona-players-exploring-el-born-district-with-smartphone.jpg\",\"contentUrl\":\"https:\/\/testwebsite.citygame.com\/wp-content\/blogs.dir\/1\/files\/sites\/62\/2026\/01\/barcelona-players-exploring-el-born-district-with-smartphone.jpg\",\"width\":1408,\"height\":736,\"caption\":\"A group of friends using a smartphone to navigate the streets of Barcelona during a city game.\"},{\"@type\":\"BreadcrumbList\",\"@id\":\"https:\/\/testwebsite.citygame.com\/hu\/games\/unknown-location\/termek-338\/#breadcrumb\",\"itemListElement\":[{\"@type\":\"ListItem\",\"position\":1,\"name\":\"Home\",\"item\":\"https:\/\/testwebsite.citygame.com\/hu\/\"},{\"@type\":\"ListItem\",\"position\":2,\"name\":\"Shop\",\"item\":\"https:\/\/testwebsite.citygame.com\/shop\/\"},{\"@type\":\"ListItem\",\"position\":3,\"name\":\"Term\u00e9k\"}]},{\"@type\":\"WebSite\",\"@id\":\"https:\/\/testwebsite.upevents.nl\/#website\",\"url\":\"https:\/\/testwebsite.upevents.nl\/\",\"name\":\"City Game\",\"description\":\"\",\"publisher\":{\"@id\":\"https:\/\/testwebsite.upevents.nl\/#organization\"},\"alternateName\":\"citygame.com\",\"potentialAction\":[{\"@type\":\"SearchAction\",\"target\":{\"@type\":\"EntryPoint\",\"urlTemplate\":\"https:\/\/testwebsite.upevents.nl\/?s={search_term_string}\"},\"query-input\":{\"@type\":\"PropertyValueSpecification\",\"valueRequired\":true,\"valueName\":\"search_term_string\"}}],\"inLanguage\":\"hu\"},{\"@type\":[\"Organization\",\"Place\"],\"@id\":\"https:\/\/testwebsite.upevents.nl\/#organization\",\"name\":\"City Game\",\"alternateName\":\"citygame.com\",\"url\":\"https:\/\/testwebsite.upevents.nl\/\",\"logo\":{\"@id\":\"https:\/\/testwebsite.citygame.com\/hu\/games\/unknown-location\/termek-338\/#local-main-organization-logo\"},\"image\":{\"@id\":\"https:\/\/testwebsite.citygame.com\/hu\/games\/unknown-location\/termek-338\/#local-main-organization-logo\"},\"sameAs\":[\"https:\/\/www.facebook.com\/profile.php?id=100086426226253\",\"https:\/\/www.instagram.com\/citygame_com\",\"https:\/\/www.tiktok.com\/@citygamecom\/\",\"https:\/\/www.linkedin.com\/company\/citygame-com\"],\"description\":\"Turn any city into a playground with our interactive City Games and self-guided tours. Fun, flexible, and ideal for groups and team building.\",\"telephone\":[],\"openingHoursSpecification\":[{\"@type\":\"OpeningHoursSpecification\",\"dayOfWeek\":[\"Monday\",\"Tuesday\",\"Wednesday\",\"Thursday\",\"Friday\",\"Saturday\",\"Sunday\"],\"opens\":\"09:00\",\"closes\":\"17:00\"}]},{\"@type\":\"ImageObject\",\"inLanguage\":\"hu\",\"@id\":\"https:\/\/testwebsite.citygame.com\/hu\/games\/unknown-location\/termek-338\/#local-main-organization-logo\",\"url\":\"https:\/\/testwebsite.citygame.com\/wp-content\/blogs.dir\/1\/files\/sites\/62\/2025\/10\/CG_LOGO-City-Game.png\",\"contentUrl\":\"https:\/\/testwebsite.citygame.com\/wp-content\/blogs.dir\/1\/files\/sites\/62\/2025\/10\/CG_LOGO-City-Game.png\",\"width\":351,\"height\":377,\"caption\":\"City Game\"}]}<\/script>\n<!-- \/ Yoast SEO Premium plugin. -->","yoast_head_json":{"title":"Term\u00e9k - City Game","description":"Secrets of Barcelona. J\u00e1tssz egy \u00f6nvezet\u0151 v\u00e1rosi j\u00e1t\u00e9kot, \u00e9s fedezd fel a v\u00e1rost rejtv\u00e9nyeken, tal\u00e1l\u00f3s k\u00e9rd\u00e9seken \u00e9s kih\u00edv\u00e1sokon kereszt\u00fcl. J\u00e1tssz a saj\u00e1t temp\u00f3dban, \u00e9s fedezd fel, mint egy helyi!","robots":{"index":"noindex","follow":"follow","max-snippet":"max-snippet:-1","max-image-preview":"max-image-preview:large","max-video-preview":"max-video-preview:-1"},"og_locale":"hu_HU","og_type":"article","og_title":"Term\u00e9k","og_description":"Secrets of Barcelona. J\u00e1tssz egy \u00f6nvezet\u0151 v\u00e1rosi j\u00e1t\u00e9kot, \u00e9s fedezd fel a v\u00e1rost rejtv\u00e9nyeken, tal\u00e1l\u00f3s k\u00e9rd\u00e9seken \u00e9s kih\u00edv\u00e1sokon kereszt\u00fcl. J\u00e1tssz a saj\u00e1t temp\u00f3dban, \u00e9s fedezd fel, mint egy helyi!","og_url":"https:\/\/testwebsite.citygame.com\/hu\/games\/unknown-location\/termek-338\/","og_site_name":"City Game","article_publisher":"https:\/\/www.facebook.com\/profile.php?id=100086426226253","article_modified_time":"2026-04-02T10:25:15+00:00","og_image":[{"width":1408,"height":736,"url":"https:\/\/testwebsite.citygame.com\/wp-content\/blogs.dir\/1\/files\/sites\/62\/2026\/01\/barcelona-players-exploring-el-born-district-with-smartphone.jpg","type":"image\/jpeg"}],"twitter_card":"summary_large_image","schema":{"@context":"https:\/\/schema.org","@graph":[{"@type":"WebPage","@id":"https:\/\/testwebsite.citygame.com\/hu\/games\/unknown-location\/termek-338\/","url":"https:\/\/testwebsite.citygame.com\/hu\/games\/unknown-location\/termek-338\/","name":"Term\u00e9k - City Game","isPartOf":{"@id":"https:\/\/testwebsite.upevents.nl\/#website"},"primaryImageOfPage":{"@id":"https:\/\/testwebsite.citygame.com\/hu\/games\/unknown-location\/termek-338\/#primaryimage"},"image":{"@id":"https:\/\/testwebsite.citygame.com\/hu\/games\/unknown-location\/termek-338\/#primaryimage"},"thumbnailUrl":"https:\/\/testwebsite.citygame.com\/wp-content\/blogs.dir\/1\/files\/sites\/62\/2026\/01\/barcelona-players-exploring-el-born-district-with-smartphone.jpg","datePublished":"2026-01-13T15:42:37+00:00","dateModified":"2026-04-02T10:25:15+00:00","description":"Secrets of Barcelona. J\u00e1tssz egy \u00f6nvezet\u0151 v\u00e1rosi j\u00e1t\u00e9kot, \u00e9s fedezd fel a v\u00e1rost rejtv\u00e9nyeken, tal\u00e1l\u00f3s k\u00e9rd\u00e9seken \u00e9s kih\u00edv\u00e1sokon kereszt\u00fcl. J\u00e1tssz a saj\u00e1t temp\u00f3dban, \u00e9s fedezd fel, mint egy helyi!","breadcrumb":{"@id":"https:\/\/testwebsite.citygame.com\/hu\/games\/unknown-location\/termek-338\/#breadcrumb"},"inLanguage":"hu","potentialAction":[{"@type":"ReadAction","target":["https:\/\/testwebsite.citygame.com\/hu\/games\/unknown-location\/termek-338\/"]}]},{"@type":"ImageObject","inLanguage":"hu","@id":"https:\/\/testwebsite.citygame.com\/hu\/games\/unknown-location\/termek-338\/#primaryimage","url":"https:\/\/testwebsite.citygame.com\/wp-content\/blogs.dir\/1\/files\/sites\/62\/2026\/01\/barcelona-players-exploring-el-born-district-with-smartphone.jpg","contentUrl":"https:\/\/testwebsite.citygame.com\/wp-content\/blogs.dir\/1\/files\/sites\/62\/2026\/01\/barcelona-players-exploring-el-born-district-with-smartphone.jpg","width":1408,"height":736,"caption":"A group of friends using a smartphone to navigate the streets of Barcelona during a city game."},{"@type":"BreadcrumbList","@id":"https:\/\/testwebsite.citygame.com\/hu\/games\/unknown-location\/termek-338\/#breadcrumb","itemListElement":[{"@type":"ListItem","position":1,"name":"Home","item":"https:\/\/testwebsite.citygame.com\/hu\/"},{"@type":"ListItem","position":2,"name":"Shop","item":"https:\/\/testwebsite.citygame.com\/shop\/"},{"@type":"ListItem","position":3,"name":"Term\u00e9k"}]},{"@type":"WebSite","@id":"https:\/\/testwebsite.upevents.nl\/#website","url":"https:\/\/testwebsite.upevents.nl\/","name":"City Game","description":"","publisher":{"@id":"https:\/\/testwebsite.upevents.nl\/#organization"},"alternateName":"citygame.com","potentialAction":[{"@type":"SearchAction","target":{"@type":"EntryPoint","urlTemplate":"https:\/\/testwebsite.upevents.nl\/?s={search_term_string}"},"query-input":{"@type":"PropertyValueSpecification","valueRequired":true,"valueName":"search_term_string"}}],"inLanguage":"hu"},{"@type":["Organization","Place"],"@id":"https:\/\/testwebsite.upevents.nl\/#organization","name":"City Game","alternateName":"citygame.com","url":"https:\/\/testwebsite.upevents.nl\/","logo":{"@id":"https:\/\/testwebsite.citygame.com\/hu\/games\/unknown-location\/termek-338\/#local-main-organization-logo"},"image":{"@id":"https:\/\/testwebsite.citygame.com\/hu\/games\/unknown-location\/termek-338\/#local-main-organization-logo"},"sameAs":["https:\/\/www.facebook.com\/profile.php?id=100086426226253","https:\/\/www.instagram.com\/citygame_com","https:\/\/www.tiktok.com\/@citygamecom\/","https:\/\/www.linkedin.com\/company\/citygame-com"],"description":"Turn any city into a playground with our interactive City Games and self-guided tours. Fun, flexible, and ideal for groups and team building.","telephone":[],"openingHoursSpecification":[{"@type":"OpeningHoursSpecification","dayOfWeek":["Monday","Tuesday","Wednesday","Thursday","Friday","Saturday","Sunday"],"opens":"09:00","closes":"17:00"}]},{"@type":"ImageObject","inLanguage":"hu","@id":"https:\/\/testwebsite.citygame.com\/hu\/games\/unknown-location\/termek-338\/#local-main-organization-logo","url":"https:\/\/testwebsite.citygame.com\/wp-content\/blogs.dir\/1\/files\/sites\/62\/2025\/10\/CG_LOGO-City-Game.png","contentUrl":"https:\/\/testwebsite.citygame.com\/wp-content\/blogs.dir\/1\/files\/sites\/62\/2025\/10\/CG_LOGO-City-Game.png","width":351,"height":377,"caption":"City Game"}]}},"taxonomy_info":{"game-concept":[{"value":36,"label":"Secrets"}],"product_cat":[{"value":27,"label":"Geen categorie"}]},"featured_image_src_large":["https:\/\/testwebsite.citygame.com\/wp-content\/blogs.dir\/1\/files\/sites\/62\/2026\/01\/barcelona-players-exploring-el-born-district-with-smartphone-1024x535.jpg",1024,535,true],"author_info":[],"comment_info":"","_links":{"self":[{"href":"https:\/\/testwebsite.citygame.com\/hu\/wp-json\/wp\/v2\/product\/39512","targetHints":{"allow":["GET"]}}],"collection":[{"href":"https:\/\/testwebsite.citygame.com\/hu\/wp-json\/wp\/v2\/product"}],"about":[{"href":"https:\/\/testwebsite.citygame.com\/hu\/wp-json\/wp\/v2\/types\/product"}],"acf:post":[{"embeddable":true,"href":"https:\/\/testwebsite.citygame.com\/hu\/wp-json\/wp\/v2\/pages\/6724"}],"wp:featuredmedia":[{"embeddable":true,"href":"https:\/\/testwebsite.citygame.com\/hu\/wp-json\/wp\/v2\/media\/3876"}],"wp:attachment":[{"href":"https:\/\/testwebsite.citygame.com\/hu\/wp-json\/wp\/v2\/media?parent=39512"}],"wp:term":[{"taxonomy":"game-concept","embeddable":true,"href":"https:\/\/testwebsite.citygame.com\/hu\/wp-json\/wp\/v2\/game-concept?post=39512"},{"taxonomy":"location","embeddable":true,"href":"https:\/\/testwebsite.citygame.com\/hu\/wp-json\/wp\/v2\/location?post=39512"},{"taxonomy":"product_brand","embeddable":true,"href":"https:\/\/testwebsite.citygame.com\/hu\/wp-json\/wp\/v2\/product_brand?post=39512"},{"taxonomy":"product_cat","embeddable":true,"href":"https:\/\/testwebsite.citygame.com\/hu\/wp-json\/wp\/v2\/product_cat?post=39512"},{"taxonomy":"product_tag","embeddable":true,"href":"https:\/\/testwebsite.citygame.com\/hu\/wp-json\/wp\/v2\/product_tag?post=39512"}],"curies":[{"name":"wp","href":"https:\/\/api.w.org\/{rel}","templated":true}]}}