{"id":34494,"date":"2026-02-13T11:02:41","date_gmt":"2026-02-13T11:02:41","guid":{"rendered":"https:\/\/testwebsite.citygame.com\/games\/unknown-location\/termek-256\/"},"modified":"2026-04-01T18:39:12","modified_gmt":"2026-04-01T18:39:12","slug":"termek-256","status":"publish","type":"product","link":"https:\/\/testwebsite.citygame.com\/hu\/games\/unknown-location\/termek-256\/","title":{"rendered":"Term\u00e9k"},"content":{"rendered":"","protected":false},"excerpt":{"rendered":"","protected":false},"featured_media":13476,"template":"","meta":{"_acf_changed":false,"_yoast_wpseo_focuskw":"The Maastricht Syndicate","_yoast_wpseo_metadesc":"The Maastricht Syndicate. J\u00e1tsszon egy \u00f6nvez\u00e9relt v\u00e1rosi szabadul\u00f3j\u00e1t\u00e9kot, oldjon meg rejtv\u00e9nyeket, teljes\u00edtsen k\u00fcldet\u00e9seket \u00e9s szerezze vissza az ellopott formul\u00e1kat a saj\u00e1t temp\u00f3j\u00e1ban!","_kad_blocks_custom_css":"","_kad_blocks_head_custom_js":"","_kad_blocks_body_custom_js":"","_kad_blocks_footer_custom_js":"","ghostkit_customizer_options":"","ghostkit_custom_css":"","ghostkit_custom_js_head":"","ghostkit_custom_js_foot":"","ghostkit_typography":"","_kad_post_transparent":"default","_kad_post_title":"","_kad_post_layout":"default","_kad_post_sidebar_id":"","_kad_post_content_style":"default","_kad_post_vertical_padding":"default","_kad_post_feature":"","_kad_post_feature_position":"","_kad_post_header":false,"_kad_post_footer":false,"_kad_post_classname":"","_links_to":"","_links_to_target":""},"game-concept":[37],"location":[],"product_brand":[],"product_cat":[27],"product_tag":[],"class_list":{"0":"post-34494","1":"product","2":"type-product","3":"status-publish","4":"has-post-thumbnail","6":"game-concept-syndicate","7":"product_cat-geen-categorie","9":"first","10":"instock","11":"shipping-taxable","12":"purchasable","13":"product-type-simple","14":"entry","15":"content-bg","16":"loop-entry"},"acf":{"full_bokun_product_name":"Self-Guided The Maastricht Syndicate City Escape Game","location_name":"Maastricht","bokun_calendar_widget_code":"<script type=\"text\/javascript\" src=\"https:\/\/widgets.bokun.io\/assets\/javascripts\/apps\/build\/BokunWidgetsLoader.js?bookingChannelUUID=a1e93e96-5232-4734-a595-28405f4b5a31\" async><\/script>\n     \n    <div class=\"bokunWidget\" data-src=\"https:\/\/widgets.bokun.io\/online-sales\/a1e93e96-5232-4734-a595-28405f4b5a31\/experience-calendar\/758219\"><\/div>\n    <noscript>Please enable javascript in your browser to book<\/noscript>","bokun_button_widget_code":"<script type=\"text\/javascript\" src=\"https:\/\/widgets.bokun.io\/assets\/javascripts\/apps\/build\/BokunWidgetsLoader.js?bookingChannelUUID=a1e93e96-5232-4734-a595-28405f4b5a31\" async><\/script>\n      <style> #bokun_ed001e45_5927_4f62_b470_ca766338d083 { display: inline-block; padding: .4em 1em; background: #47b82e; border-radius: 999999px; box-shadow: none; font-weight: 600; font-size: 24px; text-decoration: none; text-align: center; color: #FFFFFF; border:none; cursor: pointer; transition: background .2s ease; } #bokun_ed001e45_5927_4f62_b470_ca766338d083:hover{ background: #2f7b1f; } #bokun_ed001e45_5927_4f62_b470_ca766338d083:active{ background: #378f24; } <\/style> <button class=\"bokunButton\" disabled id=bokun_ed001e45_5927_4f62_b470_ca766338d083 data-src=\"https:\/\/widgets.bokun.io\/online-sales\/a1e93e96-5232-4734-a595-28405f4b5a31\/experience-calendar\/758219?partialView=1\" data-testid=\"widget-book-button\" > Book now <\/button> ","what_you\u2019ll_experience_during_the_game":"Az *The Maastricht Syndicate* j\u00e1t\u00e9kban csapata egy nagy t\u00e9t\u0171 szabadul\u00f3 k\u00fcldet\u00e9sbe cs\u00f6ppen a v\u00e1ros kanyarg\u00f3s utc\u00e1inak \u00e9s rejtett zugaiban m\u00e9ly\u00e9n. Megb\u00edzhat\u00f3 \u00fcgyn\u00f6k\u00f6kk\u00e9nt a c\u00e9lja vil\u00e1gos: kutassa fel a megfoghatatlan Magnust \u00e9s szerezzen vissza hat ellopott k\u00e9miai formul\u00e1t, miel\u0151tt v\u00e9gleg elt\u0171nn\u00e9nek. A k\u00fcldet\u00e9s term\u00e9szetesen bontakozik ki, ahogy Maastrichtban halad, minden \u00faj helysz\u00ednnel a t\u00f6rt\u00e9net \u00faj r\u00e9tege t\u00e1rul fel, \u00e9s \u00faj kih\u00edv\u00e1sok sora \u00e1ll \u00f6n \u00e9s a siker k\u00f6z\u00f6tt.\r\n\r\nA titokzatos k\u00f3dok megfejt\u00e9s\u00e9t\u0151l a bonyolult rejtv\u00e9nyek megold\u00e1s\u00e1ig minden l\u00e9p\u00e9s \u00e9les gondolkod\u00e1st, egy\u00fcttm\u0171k\u00f6d\u00e9st \u00e9s gyors d\u00f6nt\u00e9shozatalt ig\u00e9nyel. Az \u00e9lm\u00e9ny teljesen t\u00f6rt\u00e9netk\u00f6zpont\u00fa, \u00fagy tervezt\u00e9k, hogy \u00d6nt \u00e9s csapatt\u00e1rsait elmer\u00edtse egy olyan narrat\u00edv\u00e1ban, amely reag\u00e1l az \u00d6n\u00f6k halad\u00e1s\u00e1ra. A kommunik\u00e1ci\u00f3 kulcsfontoss\u00e1g\u00fa, mivel minden feladat megv\u00e1ltoztathatja a k\u00fcldet\u00e9s ir\u00e1ny\u00e1t. B\u00e1rmikor sz\u00fcneteltetheti \u00e9s k\u00e9s\u0151bb folytathatja, lehet\u0151v\u00e9 t\u00e9ve, hogy a m\u0171velet alkalmazkodjon a saj\u00e1t ritmus\u00e1hoz an\u00e9lk\u00fcl, hogy megszak\u00edtan\u00e1 a t\u00f6rt\u00e9net fonal\u00e1t.","how_to_play":"Foglalja le a v\u00e1rosi j\u00e1t\u00e9kot, ellen\u0151rizze az e-mailt, amelyet az utas\u00edt\u00e1sokkal k\u00fcld\u00fcnk \u00d6nnek, t\u00f6ltse le a Loquiz alkalmaz\u00e1st \u00e9s kezdje el a j\u00e1t\u00e9k\u00e9lm\u00e9nyt!","start_location":"Maastricht, Vrijthof","available_languages":["en","nl"],"players_per_group":"1-4","duration":"1.5-2 hours","image_overlay_color_image":"https:\/\/testwebsite.citygame.com\/wp-content\/blogs.dir\/1\/files\/sites\/62\/2026\/01\/SyndicateColor.svg","image_overlay_game_logo":"https:\/\/testwebsite.citygame.com\/wp-content\/blogs.dir\/1\/files\/sites\/62\/2026\/01\/SyndicateLogo.png","city_page":4442,"woocommerce_general_content":null},"yoast_head":"<!-- This site is optimized with the Yoast SEO Premium plugin v26.2 (Yoast SEO v26.3) - https:\/\/yoast.com\/wordpress\/plugins\/seo\/ -->\n<title>Term\u00e9k - City Game<\/title>\n<meta name=\"description\" content=\"The Maastricht Syndicate. J\u00e1tsszon egy \u00f6nvez\u00e9relt v\u00e1rosi szabadul\u00f3j\u00e1t\u00e9kot, oldjon meg rejtv\u00e9nyeket, teljes\u00edtsen k\u00fcldet\u00e9seket \u00e9s szerezze vissza az ellopott formul\u00e1kat a saj\u00e1t temp\u00f3j\u00e1ban!\" \/>\n<meta name=\"robots\" content=\"noindex, follow, max-snippet:-1, max-image-preview:large, max-video-preview:-1\" \/>\n<meta property=\"og:locale\" content=\"hu_HU\" \/>\n<meta property=\"og:type\" content=\"article\" \/>\n<meta property=\"og:title\" content=\"Term\u00e9k\" \/>\n<meta property=\"og:description\" content=\"The Maastricht Syndicate. J\u00e1tsszon egy \u00f6nvez\u00e9relt v\u00e1rosi szabadul\u00f3j\u00e1t\u00e9kot, oldjon meg rejtv\u00e9nyeket, teljes\u00edtsen k\u00fcldet\u00e9seket \u00e9s szerezze vissza az ellopott formul\u00e1kat a saj\u00e1t temp\u00f3j\u00e1ban!\" \/>\n<meta property=\"og:url\" content=\"https:\/\/testwebsite.citygame.com\/hu\/games\/unknown-location\/termek-256\/\" \/>\n<meta property=\"og:site_name\" content=\"City Game\" \/>\n<meta property=\"article:publisher\" content=\"https:\/\/www.facebook.com\/profile.php?id=100086426226253\" \/>\n<meta property=\"article:modified_time\" content=\"2026-04-01T18:39:12+00:00\" \/>\n<meta property=\"og:image\" content=\"https:\/\/testwebsite.citygame.com\/wp-content\/blogs.dir\/1\/files\/sites\/62\/2026\/02\/citygame-maastricht-players-phone-cobblestone-street.jpg\" \/>\n\t<meta property=\"og:image:width\" content=\"1024\" \/>\n\t<meta property=\"og:image:height\" content=\"1024\" \/>\n\t<meta property=\"og:image:type\" content=\"image\/jpeg\" \/>\n<meta name=\"twitter:card\" content=\"summary_large_image\" \/>\n<script type=\"application\/ld+json\" class=\"yoast-schema-graph\">{\"@context\":\"https:\/\/schema.org\",\"@graph\":[{\"@type\":\"WebPage\",\"@id\":\"https:\/\/testwebsite.citygame.com\/hu\/games\/unknown-location\/termek-256\/\",\"url\":\"https:\/\/testwebsite.citygame.com\/hu\/games\/unknown-location\/termek-256\/\",\"name\":\"Term\u00e9k - City Game\",\"isPartOf\":{\"@id\":\"https:\/\/testwebsite.upevents.nl\/#website\"},\"primaryImageOfPage\":{\"@id\":\"https:\/\/testwebsite.citygame.com\/hu\/games\/unknown-location\/termek-256\/#primaryimage\"},\"image\":{\"@id\":\"https:\/\/testwebsite.citygame.com\/hu\/games\/unknown-location\/termek-256\/#primaryimage\"},\"thumbnailUrl\":\"https:\/\/testwebsite.citygame.com\/wp-content\/blogs.dir\/1\/files\/sites\/62\/2026\/02\/citygame-maastricht-players-phone-cobblestone-street.jpg\",\"datePublished\":\"2026-02-13T11:02:41+00:00\",\"dateModified\":\"2026-04-01T18:39:12+00:00\",\"description\":\"The Maastricht Syndicate. J\u00e1tsszon egy \u00f6nvez\u00e9relt v\u00e1rosi szabadul\u00f3j\u00e1t\u00e9kot, oldjon meg rejtv\u00e9nyeket, teljes\u00edtsen k\u00fcldet\u00e9seket \u00e9s szerezze vissza az ellopott formul\u00e1kat a saj\u00e1t temp\u00f3j\u00e1ban!\",\"breadcrumb\":{\"@id\":\"https:\/\/testwebsite.citygame.com\/hu\/games\/unknown-location\/termek-256\/#breadcrumb\"},\"inLanguage\":\"hu\",\"potentialAction\":[{\"@type\":\"ReadAction\",\"target\":[\"https:\/\/testwebsite.citygame.com\/hu\/games\/unknown-location\/termek-256\/\"]}]},{\"@type\":\"ImageObject\",\"inLanguage\":\"hu\",\"@id\":\"https:\/\/testwebsite.citygame.com\/hu\/games\/unknown-location\/termek-256\/#primaryimage\",\"url\":\"https:\/\/testwebsite.citygame.com\/wp-content\/blogs.dir\/1\/files\/sites\/62\/2026\/02\/citygame-maastricht-players-phone-cobblestone-street.jpg\",\"contentUrl\":\"https:\/\/testwebsite.citygame.com\/wp-content\/blogs.dir\/1\/files\/sites\/62\/2026\/02\/citygame-maastricht-players-phone-cobblestone-street.jpg\",\"width\":1024,\"height\":1024,\"caption\":\"A group of four young adults gather around a smartphone on a historic street in Maastricht.\"},{\"@type\":\"BreadcrumbList\",\"@id\":\"https:\/\/testwebsite.citygame.com\/hu\/games\/unknown-location\/termek-256\/#breadcrumb\",\"itemListElement\":[{\"@type\":\"ListItem\",\"position\":1,\"name\":\"Home\",\"item\":\"https:\/\/testwebsite.citygame.com\/hu\/\"},{\"@type\":\"ListItem\",\"position\":2,\"name\":\"Shop\",\"item\":\"https:\/\/testwebsite.citygame.com\/shop\/\"},{\"@type\":\"ListItem\",\"position\":3,\"name\":\"Term\u00e9k\"}]},{\"@type\":\"WebSite\",\"@id\":\"https:\/\/testwebsite.upevents.nl\/#website\",\"url\":\"https:\/\/testwebsite.upevents.nl\/\",\"name\":\"City Game\",\"description\":\"\",\"publisher\":{\"@id\":\"https:\/\/testwebsite.upevents.nl\/#organization\"},\"alternateName\":\"citygame.com\",\"potentialAction\":[{\"@type\":\"SearchAction\",\"target\":{\"@type\":\"EntryPoint\",\"urlTemplate\":\"https:\/\/testwebsite.upevents.nl\/?s={search_term_string}\"},\"query-input\":{\"@type\":\"PropertyValueSpecification\",\"valueRequired\":true,\"valueName\":\"search_term_string\"}}],\"inLanguage\":\"hu\"},{\"@type\":[\"Organization\",\"Place\"],\"@id\":\"https:\/\/testwebsite.upevents.nl\/#organization\",\"name\":\"City Game\",\"alternateName\":\"citygame.com\",\"url\":\"https:\/\/testwebsite.upevents.nl\/\",\"logo\":{\"@id\":\"https:\/\/testwebsite.citygame.com\/hu\/games\/unknown-location\/termek-256\/#local-main-organization-logo\"},\"image\":{\"@id\":\"https:\/\/testwebsite.citygame.com\/hu\/games\/unknown-location\/termek-256\/#local-main-organization-logo\"},\"sameAs\":[\"https:\/\/www.facebook.com\/profile.php?id=100086426226253\",\"https:\/\/www.instagram.com\/citygame_com\",\"https:\/\/www.tiktok.com\/@citygamecom\/\",\"https:\/\/www.linkedin.com\/company\/citygame-com\"],\"description\":\"Turn any city into a playground with our interactive City Games and self-guided tours. Fun, flexible, and ideal for groups and team building.\",\"telephone\":[],\"openingHoursSpecification\":[{\"@type\":\"OpeningHoursSpecification\",\"dayOfWeek\":[\"Monday\",\"Tuesday\",\"Wednesday\",\"Thursday\",\"Friday\",\"Saturday\",\"Sunday\"],\"opens\":\"09:00\",\"closes\":\"17:00\"}]},{\"@type\":\"ImageObject\",\"inLanguage\":\"hu\",\"@id\":\"https:\/\/testwebsite.citygame.com\/hu\/games\/unknown-location\/termek-256\/#local-main-organization-logo\",\"url\":\"https:\/\/testwebsite.citygame.com\/wp-content\/blogs.dir\/1\/files\/sites\/62\/2025\/10\/CG_LOGO-City-Game.png\",\"contentUrl\":\"https:\/\/testwebsite.citygame.com\/wp-content\/blogs.dir\/1\/files\/sites\/62\/2025\/10\/CG_LOGO-City-Game.png\",\"width\":351,\"height\":377,\"caption\":\"City Game\"}]}<\/script>\n<!-- \/ Yoast SEO Premium plugin. -->","yoast_head_json":{"title":"Term\u00e9k - City Game","description":"The Maastricht Syndicate. J\u00e1tsszon egy \u00f6nvez\u00e9relt v\u00e1rosi szabadul\u00f3j\u00e1t\u00e9kot, oldjon meg rejtv\u00e9nyeket, teljes\u00edtsen k\u00fcldet\u00e9seket \u00e9s szerezze vissza az ellopott formul\u00e1kat a saj\u00e1t temp\u00f3j\u00e1ban!","robots":{"index":"noindex","follow":"follow","max-snippet":"max-snippet:-1","max-image-preview":"max-image-preview:large","max-video-preview":"max-video-preview:-1"},"og_locale":"hu_HU","og_type":"article","og_title":"Term\u00e9k","og_description":"The Maastricht Syndicate. J\u00e1tsszon egy \u00f6nvez\u00e9relt v\u00e1rosi szabadul\u00f3j\u00e1t\u00e9kot, oldjon meg rejtv\u00e9nyeket, teljes\u00edtsen k\u00fcldet\u00e9seket \u00e9s szerezze vissza az ellopott formul\u00e1kat a saj\u00e1t temp\u00f3j\u00e1ban!","og_url":"https:\/\/testwebsite.citygame.com\/hu\/games\/unknown-location\/termek-256\/","og_site_name":"City Game","article_publisher":"https:\/\/www.facebook.com\/profile.php?id=100086426226253","article_modified_time":"2026-04-01T18:39:12+00:00","og_image":[{"width":1024,"height":1024,"url":"https:\/\/testwebsite.citygame.com\/wp-content\/blogs.dir\/1\/files\/sites\/62\/2026\/02\/citygame-maastricht-players-phone-cobblestone-street.jpg","type":"image\/jpeg"}],"twitter_card":"summary_large_image","schema":{"@context":"https:\/\/schema.org","@graph":[{"@type":"WebPage","@id":"https:\/\/testwebsite.citygame.com\/hu\/games\/unknown-location\/termek-256\/","url":"https:\/\/testwebsite.citygame.com\/hu\/games\/unknown-location\/termek-256\/","name":"Term\u00e9k - City Game","isPartOf":{"@id":"https:\/\/testwebsite.upevents.nl\/#website"},"primaryImageOfPage":{"@id":"https:\/\/testwebsite.citygame.com\/hu\/games\/unknown-location\/termek-256\/#primaryimage"},"image":{"@id":"https:\/\/testwebsite.citygame.com\/hu\/games\/unknown-location\/termek-256\/#primaryimage"},"thumbnailUrl":"https:\/\/testwebsite.citygame.com\/wp-content\/blogs.dir\/1\/files\/sites\/62\/2026\/02\/citygame-maastricht-players-phone-cobblestone-street.jpg","datePublished":"2026-02-13T11:02:41+00:00","dateModified":"2026-04-01T18:39:12+00:00","description":"The Maastricht Syndicate. J\u00e1tsszon egy \u00f6nvez\u00e9relt v\u00e1rosi szabadul\u00f3j\u00e1t\u00e9kot, oldjon meg rejtv\u00e9nyeket, teljes\u00edtsen k\u00fcldet\u00e9seket \u00e9s szerezze vissza az ellopott formul\u00e1kat a saj\u00e1t temp\u00f3j\u00e1ban!","breadcrumb":{"@id":"https:\/\/testwebsite.citygame.com\/hu\/games\/unknown-location\/termek-256\/#breadcrumb"},"inLanguage":"hu","potentialAction":[{"@type":"ReadAction","target":["https:\/\/testwebsite.citygame.com\/hu\/games\/unknown-location\/termek-256\/"]}]},{"@type":"ImageObject","inLanguage":"hu","@id":"https:\/\/testwebsite.citygame.com\/hu\/games\/unknown-location\/termek-256\/#primaryimage","url":"https:\/\/testwebsite.citygame.com\/wp-content\/blogs.dir\/1\/files\/sites\/62\/2026\/02\/citygame-maastricht-players-phone-cobblestone-street.jpg","contentUrl":"https:\/\/testwebsite.citygame.com\/wp-content\/blogs.dir\/1\/files\/sites\/62\/2026\/02\/citygame-maastricht-players-phone-cobblestone-street.jpg","width":1024,"height":1024,"caption":"A group of four young adults gather around a smartphone on a historic street in Maastricht."},{"@type":"BreadcrumbList","@id":"https:\/\/testwebsite.citygame.com\/hu\/games\/unknown-location\/termek-256\/#breadcrumb","itemListElement":[{"@type":"ListItem","position":1,"name":"Home","item":"https:\/\/testwebsite.citygame.com\/hu\/"},{"@type":"ListItem","position":2,"name":"Shop","item":"https:\/\/testwebsite.citygame.com\/shop\/"},{"@type":"ListItem","position":3,"name":"Term\u00e9k"}]},{"@type":"WebSite","@id":"https:\/\/testwebsite.upevents.nl\/#website","url":"https:\/\/testwebsite.upevents.nl\/","name":"City Game","description":"","publisher":{"@id":"https:\/\/testwebsite.upevents.nl\/#organization"},"alternateName":"citygame.com","potentialAction":[{"@type":"SearchAction","target":{"@type":"EntryPoint","urlTemplate":"https:\/\/testwebsite.upevents.nl\/?s={search_term_string}"},"query-input":{"@type":"PropertyValueSpecification","valueRequired":true,"valueName":"search_term_string"}}],"inLanguage":"hu"},{"@type":["Organization","Place"],"@id":"https:\/\/testwebsite.upevents.nl\/#organization","name":"City Game","alternateName":"citygame.com","url":"https:\/\/testwebsite.upevents.nl\/","logo":{"@id":"https:\/\/testwebsite.citygame.com\/hu\/games\/unknown-location\/termek-256\/#local-main-organization-logo"},"image":{"@id":"https:\/\/testwebsite.citygame.com\/hu\/games\/unknown-location\/termek-256\/#local-main-organization-logo"},"sameAs":["https:\/\/www.facebook.com\/profile.php?id=100086426226253","https:\/\/www.instagram.com\/citygame_com","https:\/\/www.tiktok.com\/@citygamecom\/","https:\/\/www.linkedin.com\/company\/citygame-com"],"description":"Turn any city into a playground with our interactive City Games and self-guided tours. Fun, flexible, and ideal for groups and team building.","telephone":[],"openingHoursSpecification":[{"@type":"OpeningHoursSpecification","dayOfWeek":["Monday","Tuesday","Wednesday","Thursday","Friday","Saturday","Sunday"],"opens":"09:00","closes":"17:00"}]},{"@type":"ImageObject","inLanguage":"hu","@id":"https:\/\/testwebsite.citygame.com\/hu\/games\/unknown-location\/termek-256\/#local-main-organization-logo","url":"https:\/\/testwebsite.citygame.com\/wp-content\/blogs.dir\/1\/files\/sites\/62\/2025\/10\/CG_LOGO-City-Game.png","contentUrl":"https:\/\/testwebsite.citygame.com\/wp-content\/blogs.dir\/1\/files\/sites\/62\/2025\/10\/CG_LOGO-City-Game.png","width":351,"height":377,"caption":"City Game"}]}},"taxonomy_info":{"game-concept":[{"value":37,"label":"Syndicate"}],"product_cat":[{"value":27,"label":"Geen categorie"}]},"featured_image_src_large":["https:\/\/testwebsite.citygame.com\/wp-content\/blogs.dir\/1\/files\/sites\/62\/2026\/02\/citygame-maastricht-players-phone-cobblestone-street.jpg",1024,1024,false],"author_info":[],"comment_info":"","_links":{"self":[{"href":"https:\/\/testwebsite.citygame.com\/hu\/wp-json\/wp\/v2\/product\/34494","targetHints":{"allow":["GET"]}}],"collection":[{"href":"https:\/\/testwebsite.citygame.com\/hu\/wp-json\/wp\/v2\/product"}],"about":[{"href":"https:\/\/testwebsite.citygame.com\/hu\/wp-json\/wp\/v2\/types\/product"}],"acf:post":[{"embeddable":true,"href":"https:\/\/testwebsite.citygame.com\/hu\/wp-json\/wp\/v2\/pages\/4442"}],"wp:featuredmedia":[{"embeddable":true,"href":"https:\/\/testwebsite.citygame.com\/hu\/wp-json\/wp\/v2\/media\/13476"}],"wp:attachment":[{"href":"https:\/\/testwebsite.citygame.com\/hu\/wp-json\/wp\/v2\/media?parent=34494"}],"wp:term":[{"taxonomy":"game-concept","embeddable":true,"href":"https:\/\/testwebsite.citygame.com\/hu\/wp-json\/wp\/v2\/game-concept?post=34494"},{"taxonomy":"location","embeddable":true,"href":"https:\/\/testwebsite.citygame.com\/hu\/wp-json\/wp\/v2\/location?post=34494"},{"taxonomy":"product_brand","embeddable":true,"href":"https:\/\/testwebsite.citygame.com\/hu\/wp-json\/wp\/v2\/product_brand?post=34494"},{"taxonomy":"product_cat","embeddable":true,"href":"https:\/\/testwebsite.citygame.com\/hu\/wp-json\/wp\/v2\/product_cat?post=34494"},{"taxonomy":"product_tag","embeddable":true,"href":"https:\/\/testwebsite.citygame.com\/hu\/wp-json\/wp\/v2\/product_tag?post=34494"}],"curies":[{"name":"wp","href":"https:\/\/api.w.org\/{rel}","templated":true}]}}