{"id":32944,"date":"2026-02-12T14:24:39","date_gmt":"2026-02-12T14:24:39","guid":{"rendered":"https:\/\/testwebsite.citygame.com\/games\/unknown-location\/termek-226\/"},"modified":"2026-04-01T13:04:38","modified_gmt":"2026-04-01T13:04:38","slug":"termek-226","status":"publish","type":"product","link":"https:\/\/testwebsite.citygame.com\/hu\/games\/unknown-location\/termek-226\/","title":{"rendered":"Term\u00e9k"},"content":{"rendered":"","protected":false},"excerpt":{"rendered":"","protected":false},"featured_media":13015,"template":"","meta":{"_acf_changed":false,"_yoast_wpseo_focuskw":"Sherlock Holmes Maastricht","_yoast_wpseo_metadesc":"Sherlock Holmes Maastricht. J\u00e1tsszon egy \u00f6nvezet\u0151 gyilkoss\u00e1gi rejt\u00e9ly City Game-et, oldjon meg rejtv\u00e9nyeket, k\u00f6vesse a nyomokat \u00e9s leplezze le a gyilkost a saj\u00e1t temp\u00f3j\u00e1ban!","_kad_blocks_custom_css":"","_kad_blocks_head_custom_js":"","_kad_blocks_body_custom_js":"","_kad_blocks_footer_custom_js":"","ghostkit_customizer_options":"","ghostkit_custom_css":"","ghostkit_custom_js_head":"","ghostkit_custom_js_foot":"","ghostkit_typography":"","_kad_post_transparent":"","_kad_post_title":"","_kad_post_layout":"","_kad_post_sidebar_id":"","_kad_post_content_style":"","_kad_post_vertical_padding":"","_kad_post_feature":"","_kad_post_feature_position":"","_kad_post_header":false,"_kad_post_footer":false,"_kad_post_classname":"","_links_to":"","_links_to_target":""},"game-concept":[38],"location":[],"product_brand":[],"product_cat":[27],"product_tag":[],"class_list":{"0":"post-32944","1":"product","2":"type-product","3":"status-publish","4":"has-post-thumbnail","6":"game-concept-sherlock","7":"product_cat-geen-categorie","9":"first","10":"instock","11":"shipping-taxable","12":"purchasable","13":"product-type-simple","14":"entry","15":"content-bg","16":"loop-entry"},"acf":{"full_bokun_product_name":"Maastricht Self Guided Sherlock Holmes Murder Mystery Game","location_name":"Maastricht","bokun_calendar_widget_code":"<script type=\"text\/javascript\" src=\"https:\/\/widgets.bokun.io\/assets\/javascripts\/apps\/build\/BokunWidgetsLoader.js?bookingChannelUUID=a1e93e96-5232-4734-a595-28405f4b5a31\" async><\/script>\n     \n    <div class=\"bokunWidget\" data-src=\"https:\/\/widgets.bokun.io\/online-sales\/a1e93e96-5232-4734-a595-28405f4b5a31\/experience-calendar\/799059\"><\/div>\n    <noscript>Please enable javascript in your browser to book<\/noscript>","bokun_button_widget_code":"<script type=\"text\/javascript\" src=\"https:\/\/widgets.bokun.io\/assets\/javascripts\/apps\/build\/BokunWidgetsLoader.js?bookingChannelUUID=a1e93e96-5232-4734-a595-28405f4b5a31\" async><\/script>\n      <style> #bokun_ed001e45_5927_4f62_b470_ca766338d083 { display: inline-block; padding: .4em 1em; background: #47b82e; border-radius: 999999px; box-shadow: none; font-weight: 600; font-size: 24px; text-decoration: none; text-align: center; color: #FFFFFF; border:none; cursor: pointer; transition: background .2s ease; } #bokun_ed001e45_5927_4f62_b470_ca766338d083:hover{ background: #2f7b1f; } #bokun_ed001e45_5927_4f62_b470_ca766338d083:active{ background: #378f24; } <\/style> <button class=\"bokunButton\" disabled id=bokun_ed001e45_5927_4f62_b470_ca766338d083 data-src=\"https:\/\/widgets.bokun.io\/online-sales\/a1e93e96-5232-4734-a595-28405f4b5a31\/experience-calendar\/799059?partialView=1\" data-testid=\"widget-book-button\" > Book now <\/button> ","what_you\u2019ll_experience_during_the_game":"Amint bel\u00e9p a Sherlock Holmes City Game-be Maastrichtban, egy lebilincsel\u0151 detekt\u00edvt\u00f6rt\u00e9netbe cs\u00f6ppen, amely \u00e1tsz\u00f6vi a v\u00e1ros utc\u00e1it. Egy gyilkoss\u00e1g \u00e1rny\u00e9kot vetett a Liberty Fesztiv\u00e1lra, \u00e9s az igazs\u00e1g mot\u00edvumok, titkok \u00e9s hazugs\u00e1gok r\u00e9tegeibe van temetve. A t\u00f6rt\u00e9net l\u00e9p\u00e9sr\u0151l l\u00e9p\u00e9sre bontakozik ki, ahogy halad Maastrichton kereszt\u00fcl, nyomokat gy\u0171jt, bonyolult rejtv\u00e9nyeket old meg \u00e9s v\u00e1ratlan fordulatokkal tal\u00e1lkozik a nyomoz\u00e1s sor\u00e1n.\n\nDigit\u00e1lis gyan\u00fas\u00edtottakat hallgat ki, alibiket vizsg\u00e1l \u00e9s olyan ellentmond\u00e1sokat fedez fel, amelyek sz\u00e9lesre t\u00e1rhatj\u00e1k az \u00fcgyet. A megfigyel\u00e9s, a logika \u00e9s az \u00e9les k\u00f6vetkeztet\u00e9s a legnagyobb eszk\u00f6zei, mik\u00f6zben \u00f6ssze\u00e1ll\u00edtja a rejt\u00e9lyt. Az \u00e9lm\u00e9ny teljesen t\u00f6rt\u00e9netk\u00f6zpont\u00fa, minden felfedez\u00e9ssel m\u00e9lyebbre vonzza \u00d6nt. J\u00e1tsszon a saj\u00e1t temp\u00f3j\u00e1ban, a szabads\u00e1ggal, hogy b\u00e1rmikor sz\u00fcneteltetheti \u00e9s folytathatja, amikor csak akarja. Ha csapatban j\u00e1tszik, finom versenyszellem is van, hogy kider\u00fclj\u00f6n, ki fejti meg hat\u00e9konyabban az igazs\u00e1got. Minden d\u00f6nt\u00e9s k\u00f6zelebb viszi az \u00fcgy megold\u00e1s\u00e1hoz \u2013 \u00d6n fogja felt\u00e1rni, mi is t\u00f6rt\u00e9nt val\u00f3j\u00e1ban?","how_to_play":"J\u00e1tsszon egyed\u00fcl, vagy bar\u00e1tokkal, csal\u00e1ddal, koll\u00e9g\u00e1kkal, legfeljebb n\u00e9gyf\u0151s csapatokban, eszk\u00f6z\u00f6nk\u00e9nt. Foglal\u00e1s ut\u00e1n egy e-mailt kap instrukci\u00f3kkal, benne mindennel, amire sz\u00fcks\u00e9ge lesz.","start_location":"Maastricht, City Hall","available_languages":["en","es","fr","de","it","nl"],"players_per_group":"1-4","duration":"1.5-2 hours","image_overlay_color_image":"https:\/\/testwebsite.citygame.com\/wp-content\/blogs.dir\/1\/files\/sites\/62\/2026\/01\/SherlockColor.svg","image_overlay_game_logo":"https:\/\/testwebsite.citygame.com\/wp-content\/blogs.dir\/1\/files\/sites\/62\/2026\/01\/SherlockLogo.png","city_page":4442,"woocommerce_general_content":null,"":""},"yoast_head":"<!-- This site is optimized with the Yoast SEO Premium plugin v26.2 (Yoast SEO v26.3) - https:\/\/yoast.com\/wordpress\/plugins\/seo\/ -->\n<title>Term\u00e9k - City Game<\/title>\n<meta name=\"description\" content=\"Sherlock Holmes Maastricht. J\u00e1tsszon egy \u00f6nvezet\u0151 gyilkoss\u00e1gi rejt\u00e9ly City Game-et, oldjon meg rejtv\u00e9nyeket, k\u00f6vesse a nyomokat \u00e9s leplezze le a gyilkost a saj\u00e1t temp\u00f3j\u00e1ban!\" \/>\n<meta name=\"robots\" content=\"noindex, follow, max-snippet:-1, max-image-preview:large, max-video-preview:-1\" \/>\n<meta property=\"og:locale\" content=\"hu_HU\" \/>\n<meta property=\"og:type\" content=\"article\" \/>\n<meta property=\"og:title\" content=\"Term\u00e9k\" \/>\n<meta property=\"og:description\" content=\"Sherlock Holmes Maastricht. J\u00e1tsszon egy \u00f6nvezet\u0151 gyilkoss\u00e1gi rejt\u00e9ly City Game-et, oldjon meg rejtv\u00e9nyeket, k\u00f6vesse a nyomokat \u00e9s leplezze le a gyilkost a saj\u00e1t temp\u00f3j\u00e1ban!\" \/>\n<meta property=\"og:url\" content=\"https:\/\/testwebsite.citygame.com\/hu\/games\/unknown-location\/termek-226\/\" \/>\n<meta property=\"og:site_name\" content=\"City Game\" \/>\n<meta property=\"article:publisher\" content=\"https:\/\/www.facebook.com\/profile.php?id=100086426226253\" \/>\n<meta property=\"article:modified_time\" content=\"2026-04-01T13:04:38+00:00\" \/>\n<meta property=\"og:image\" content=\"https:\/\/testwebsite.citygame.com\/wp-content\/blogs.dir\/1\/files\/sites\/62\/2026\/02\/man-playing-city-game-in-maastricht-museum.jpg\" \/>\n\t<meta property=\"og:image:width\" content=\"1024\" \/>\n\t<meta property=\"og:image:height\" content=\"1024\" \/>\n\t<meta property=\"og:image:type\" content=\"image\/jpeg\" \/>\n<meta name=\"twitter:card\" content=\"summary_large_image\" \/>\n<script type=\"application\/ld+json\" class=\"yoast-schema-graph\">{\"@context\":\"https:\/\/schema.org\",\"@graph\":[{\"@type\":\"WebPage\",\"@id\":\"https:\/\/testwebsite.citygame.com\/hu\/games\/unknown-location\/termek-226\/\",\"url\":\"https:\/\/testwebsite.citygame.com\/hu\/games\/unknown-location\/termek-226\/\",\"name\":\"Term\u00e9k - City Game\",\"isPartOf\":{\"@id\":\"https:\/\/testwebsite.upevents.nl\/#website\"},\"primaryImageOfPage\":{\"@id\":\"https:\/\/testwebsite.citygame.com\/hu\/games\/unknown-location\/termek-226\/#primaryimage\"},\"image\":{\"@id\":\"https:\/\/testwebsite.citygame.com\/hu\/games\/unknown-location\/termek-226\/#primaryimage\"},\"thumbnailUrl\":\"https:\/\/testwebsite.citygame.com\/wp-content\/blogs.dir\/1\/files\/sites\/62\/2026\/02\/man-playing-city-game-in-maastricht-museum.jpg\",\"datePublished\":\"2026-02-12T14:24:39+00:00\",\"dateModified\":\"2026-04-01T13:04:38+00:00\",\"description\":\"Sherlock Holmes Maastricht. J\u00e1tsszon egy \u00f6nvezet\u0151 gyilkoss\u00e1gi rejt\u00e9ly City Game-et, oldjon meg rejtv\u00e9nyeket, k\u00f6vesse a nyomokat \u00e9s leplezze le a gyilkost a saj\u00e1t temp\u00f3j\u00e1ban!\",\"breadcrumb\":{\"@id\":\"https:\/\/testwebsite.citygame.com\/hu\/games\/unknown-location\/termek-226\/#breadcrumb\"},\"inLanguage\":\"hu\",\"potentialAction\":[{\"@type\":\"ReadAction\",\"target\":[\"https:\/\/testwebsite.citygame.com\/hu\/games\/unknown-location\/termek-226\/\"]}]},{\"@type\":\"ImageObject\",\"inLanguage\":\"hu\",\"@id\":\"https:\/\/testwebsite.citygame.com\/hu\/games\/unknown-location\/termek-226\/#primaryimage\",\"url\":\"https:\/\/testwebsite.citygame.com\/wp-content\/blogs.dir\/1\/files\/sites\/62\/2026\/02\/man-playing-city-game-in-maastricht-museum.jpg\",\"contentUrl\":\"https:\/\/testwebsite.citygame.com\/wp-content\/blogs.dir\/1\/files\/sites\/62\/2026\/02\/man-playing-city-game-in-maastricht-museum.jpg\",\"width\":1024,\"height\":1024,\"caption\":\"A visitor uses his smartphone to interact with an exhibition in a contemporary art gallery in Maastricht.\"},{\"@type\":\"BreadcrumbList\",\"@id\":\"https:\/\/testwebsite.citygame.com\/hu\/games\/unknown-location\/termek-226\/#breadcrumb\",\"itemListElement\":[{\"@type\":\"ListItem\",\"position\":1,\"name\":\"Home\",\"item\":\"https:\/\/testwebsite.citygame.com\/hu\/\"},{\"@type\":\"ListItem\",\"position\":2,\"name\":\"Shop\",\"item\":\"https:\/\/testwebsite.citygame.com\/shop\/\"},{\"@type\":\"ListItem\",\"position\":3,\"name\":\"Term\u00e9k\"}]},{\"@type\":\"WebSite\",\"@id\":\"https:\/\/testwebsite.upevents.nl\/#website\",\"url\":\"https:\/\/testwebsite.upevents.nl\/\",\"name\":\"City Game\",\"description\":\"\",\"publisher\":{\"@id\":\"https:\/\/testwebsite.upevents.nl\/#organization\"},\"alternateName\":\"citygame.com\",\"potentialAction\":[{\"@type\":\"SearchAction\",\"target\":{\"@type\":\"EntryPoint\",\"urlTemplate\":\"https:\/\/testwebsite.upevents.nl\/?s={search_term_string}\"},\"query-input\":{\"@type\":\"PropertyValueSpecification\",\"valueRequired\":true,\"valueName\":\"search_term_string\"}}],\"inLanguage\":\"hu\"},{\"@type\":[\"Organization\",\"Place\"],\"@id\":\"https:\/\/testwebsite.upevents.nl\/#organization\",\"name\":\"City Game\",\"alternateName\":\"citygame.com\",\"url\":\"https:\/\/testwebsite.upevents.nl\/\",\"logo\":{\"@id\":\"https:\/\/testwebsite.citygame.com\/hu\/games\/unknown-location\/termek-226\/#local-main-organization-logo\"},\"image\":{\"@id\":\"https:\/\/testwebsite.citygame.com\/hu\/games\/unknown-location\/termek-226\/#local-main-organization-logo\"},\"sameAs\":[\"https:\/\/www.facebook.com\/profile.php?id=100086426226253\",\"https:\/\/www.instagram.com\/citygame_com\",\"https:\/\/www.tiktok.com\/@citygamecom\/\",\"https:\/\/www.linkedin.com\/company\/citygame-com\"],\"description\":\"Turn any city into a playground with our interactive City Games and self-guided tours. Fun, flexible, and ideal for groups and team building.\",\"telephone\":[],\"openingHoursSpecification\":[{\"@type\":\"OpeningHoursSpecification\",\"dayOfWeek\":[\"Monday\",\"Tuesday\",\"Wednesday\",\"Thursday\",\"Friday\",\"Saturday\",\"Sunday\"],\"opens\":\"09:00\",\"closes\":\"17:00\"}]},{\"@type\":\"ImageObject\",\"inLanguage\":\"hu\",\"@id\":\"https:\/\/testwebsite.citygame.com\/hu\/games\/unknown-location\/termek-226\/#local-main-organization-logo\",\"url\":\"https:\/\/testwebsite.citygame.com\/wp-content\/blogs.dir\/1\/files\/sites\/62\/2025\/10\/CG_LOGO-City-Game.png\",\"contentUrl\":\"https:\/\/testwebsite.citygame.com\/wp-content\/blogs.dir\/1\/files\/sites\/62\/2025\/10\/CG_LOGO-City-Game.png\",\"width\":351,\"height\":377,\"caption\":\"City Game\"}]}<\/script>\n<!-- \/ Yoast SEO Premium plugin. -->","yoast_head_json":{"title":"Term\u00e9k - City Game","description":"Sherlock Holmes Maastricht. J\u00e1tsszon egy \u00f6nvezet\u0151 gyilkoss\u00e1gi rejt\u00e9ly City Game-et, oldjon meg rejtv\u00e9nyeket, k\u00f6vesse a nyomokat \u00e9s leplezze le a gyilkost a saj\u00e1t temp\u00f3j\u00e1ban!","robots":{"index":"noindex","follow":"follow","max-snippet":"max-snippet:-1","max-image-preview":"max-image-preview:large","max-video-preview":"max-video-preview:-1"},"og_locale":"hu_HU","og_type":"article","og_title":"Term\u00e9k","og_description":"Sherlock Holmes Maastricht. J\u00e1tsszon egy \u00f6nvezet\u0151 gyilkoss\u00e1gi rejt\u00e9ly City Game-et, oldjon meg rejtv\u00e9nyeket, k\u00f6vesse a nyomokat \u00e9s leplezze le a gyilkost a saj\u00e1t temp\u00f3j\u00e1ban!","og_url":"https:\/\/testwebsite.citygame.com\/hu\/games\/unknown-location\/termek-226\/","og_site_name":"City Game","article_publisher":"https:\/\/www.facebook.com\/profile.php?id=100086426226253","article_modified_time":"2026-04-01T13:04:38+00:00","og_image":[{"width":1024,"height":1024,"url":"https:\/\/testwebsite.citygame.com\/wp-content\/blogs.dir\/1\/files\/sites\/62\/2026\/02\/man-playing-city-game-in-maastricht-museum.jpg","type":"image\/jpeg"}],"twitter_card":"summary_large_image","schema":{"@context":"https:\/\/schema.org","@graph":[{"@type":"WebPage","@id":"https:\/\/testwebsite.citygame.com\/hu\/games\/unknown-location\/termek-226\/","url":"https:\/\/testwebsite.citygame.com\/hu\/games\/unknown-location\/termek-226\/","name":"Term\u00e9k - City Game","isPartOf":{"@id":"https:\/\/testwebsite.upevents.nl\/#website"},"primaryImageOfPage":{"@id":"https:\/\/testwebsite.citygame.com\/hu\/games\/unknown-location\/termek-226\/#primaryimage"},"image":{"@id":"https:\/\/testwebsite.citygame.com\/hu\/games\/unknown-location\/termek-226\/#primaryimage"},"thumbnailUrl":"https:\/\/testwebsite.citygame.com\/wp-content\/blogs.dir\/1\/files\/sites\/62\/2026\/02\/man-playing-city-game-in-maastricht-museum.jpg","datePublished":"2026-02-12T14:24:39+00:00","dateModified":"2026-04-01T13:04:38+00:00","description":"Sherlock Holmes Maastricht. J\u00e1tsszon egy \u00f6nvezet\u0151 gyilkoss\u00e1gi rejt\u00e9ly City Game-et, oldjon meg rejtv\u00e9nyeket, k\u00f6vesse a nyomokat \u00e9s leplezze le a gyilkost a saj\u00e1t temp\u00f3j\u00e1ban!","breadcrumb":{"@id":"https:\/\/testwebsite.citygame.com\/hu\/games\/unknown-location\/termek-226\/#breadcrumb"},"inLanguage":"hu","potentialAction":[{"@type":"ReadAction","target":["https:\/\/testwebsite.citygame.com\/hu\/games\/unknown-location\/termek-226\/"]}]},{"@type":"ImageObject","inLanguage":"hu","@id":"https:\/\/testwebsite.citygame.com\/hu\/games\/unknown-location\/termek-226\/#primaryimage","url":"https:\/\/testwebsite.citygame.com\/wp-content\/blogs.dir\/1\/files\/sites\/62\/2026\/02\/man-playing-city-game-in-maastricht-museum.jpg","contentUrl":"https:\/\/testwebsite.citygame.com\/wp-content\/blogs.dir\/1\/files\/sites\/62\/2026\/02\/man-playing-city-game-in-maastricht-museum.jpg","width":1024,"height":1024,"caption":"A visitor uses his smartphone to interact with an exhibition in a contemporary art gallery in Maastricht."},{"@type":"BreadcrumbList","@id":"https:\/\/testwebsite.citygame.com\/hu\/games\/unknown-location\/termek-226\/#breadcrumb","itemListElement":[{"@type":"ListItem","position":1,"name":"Home","item":"https:\/\/testwebsite.citygame.com\/hu\/"},{"@type":"ListItem","position":2,"name":"Shop","item":"https:\/\/testwebsite.citygame.com\/shop\/"},{"@type":"ListItem","position":3,"name":"Term\u00e9k"}]},{"@type":"WebSite","@id":"https:\/\/testwebsite.upevents.nl\/#website","url":"https:\/\/testwebsite.upevents.nl\/","name":"City Game","description":"","publisher":{"@id":"https:\/\/testwebsite.upevents.nl\/#organization"},"alternateName":"citygame.com","potentialAction":[{"@type":"SearchAction","target":{"@type":"EntryPoint","urlTemplate":"https:\/\/testwebsite.upevents.nl\/?s={search_term_string}"},"query-input":{"@type":"PropertyValueSpecification","valueRequired":true,"valueName":"search_term_string"}}],"inLanguage":"hu"},{"@type":["Organization","Place"],"@id":"https:\/\/testwebsite.upevents.nl\/#organization","name":"City Game","alternateName":"citygame.com","url":"https:\/\/testwebsite.upevents.nl\/","logo":{"@id":"https:\/\/testwebsite.citygame.com\/hu\/games\/unknown-location\/termek-226\/#local-main-organization-logo"},"image":{"@id":"https:\/\/testwebsite.citygame.com\/hu\/games\/unknown-location\/termek-226\/#local-main-organization-logo"},"sameAs":["https:\/\/www.facebook.com\/profile.php?id=100086426226253","https:\/\/www.instagram.com\/citygame_com","https:\/\/www.tiktok.com\/@citygamecom\/","https:\/\/www.linkedin.com\/company\/citygame-com"],"description":"Turn any city into a playground with our interactive City Games and self-guided tours. Fun, flexible, and ideal for groups and team building.","telephone":[],"openingHoursSpecification":[{"@type":"OpeningHoursSpecification","dayOfWeek":["Monday","Tuesday","Wednesday","Thursday","Friday","Saturday","Sunday"],"opens":"09:00","closes":"17:00"}]},{"@type":"ImageObject","inLanguage":"hu","@id":"https:\/\/testwebsite.citygame.com\/hu\/games\/unknown-location\/termek-226\/#local-main-organization-logo","url":"https:\/\/testwebsite.citygame.com\/wp-content\/blogs.dir\/1\/files\/sites\/62\/2025\/10\/CG_LOGO-City-Game.png","contentUrl":"https:\/\/testwebsite.citygame.com\/wp-content\/blogs.dir\/1\/files\/sites\/62\/2025\/10\/CG_LOGO-City-Game.png","width":351,"height":377,"caption":"City Game"}]}},"taxonomy_info":{"game-concept":[{"value":38,"label":"Sherlock"}],"product_cat":[{"value":27,"label":"Geen categorie"}]},"featured_image_src_large":["https:\/\/testwebsite.citygame.com\/wp-content\/blogs.dir\/1\/files\/sites\/62\/2026\/02\/man-playing-city-game-in-maastricht-museum.jpg",1024,1024,false],"author_info":[],"comment_info":"","_links":{"self":[{"href":"https:\/\/testwebsite.citygame.com\/hu\/wp-json\/wp\/v2\/product\/32944","targetHints":{"allow":["GET"]}}],"collection":[{"href":"https:\/\/testwebsite.citygame.com\/hu\/wp-json\/wp\/v2\/product"}],"about":[{"href":"https:\/\/testwebsite.citygame.com\/hu\/wp-json\/wp\/v2\/types\/product"}],"acf:post":[{"embeddable":true,"href":"https:\/\/testwebsite.citygame.com\/hu\/wp-json\/wp\/v2\/pages\/4442"}],"wp:featuredmedia":[{"embeddable":true,"href":"https:\/\/testwebsite.citygame.com\/hu\/wp-json\/wp\/v2\/media\/13015"}],"wp:attachment":[{"href":"https:\/\/testwebsite.citygame.com\/hu\/wp-json\/wp\/v2\/media?parent=32944"}],"wp:term":[{"taxonomy":"game-concept","embeddable":true,"href":"https:\/\/testwebsite.citygame.com\/hu\/wp-json\/wp\/v2\/game-concept?post=32944"},{"taxonomy":"location","embeddable":true,"href":"https:\/\/testwebsite.citygame.com\/hu\/wp-json\/wp\/v2\/location?post=32944"},{"taxonomy":"product_brand","embeddable":true,"href":"https:\/\/testwebsite.citygame.com\/hu\/wp-json\/wp\/v2\/product_brand?post=32944"},{"taxonomy":"product_cat","embeddable":true,"href":"https:\/\/testwebsite.citygame.com\/hu\/wp-json\/wp\/v2\/product_cat?post=32944"},{"taxonomy":"product_tag","embeddable":true,"href":"https:\/\/testwebsite.citygame.com\/hu\/wp-json\/wp\/v2\/product_tag?post=32944"}],"curies":[{"name":"wp","href":"https:\/\/api.w.org\/{rel}","templated":true}]}}