{"id":67185,"date":"2026-01-15T12:54:35","date_gmt":"2026-01-15T12:54:35","guid":{"rendered":"https:\/\/testwebsite.citygame.com\/games\/unknown-location\/secrets-of-antwerp\/"},"modified":"2026-04-09T08:30:57","modified_gmt":"2026-04-09T08:30:57","slug":"secrets-of-antwerp","status":"publish","type":"product","link":"https:\/\/testwebsite.citygame.com\/hr\/games\/antwerp\/secrets-of-antwerp\/","title":{"rendered":"Secrets of Antwerp"},"content":{"rendered":"<p>Igra &#8216;Secrets of Antwerp City Game&#8217; je samostalna igra temeljena na GPS-u koja se odvija u povijesnom centru Antwerpena. Koriste\u0107i svoj pametni telefon, navigirat \u0107ete gradom rje\u0161avaju\u0107i zagonetke, pitalice i foto izazove koji otkrivaju skrivene detalje i iznena\u0111uju\u0107e pri\u010de. Ova istra\u017eiva\u010dka igra nudi zabavan i anga\u017eiraju\u0107i na\u010din da otkrijete povijest i kulturu Antwerpena vlastitim tempom. Bilo da ste posjetitelj ili lokalac, samostalna gradska igra prikladna je za solo avanturiste, parove, obitelji i grupe prijatelja. City Game Antwerp kombinira otkrivanje s interaktivno\u0161\u0107u, \u010dine\u0107i je idealnim na\u010dinom da do\u017eivite grad u novom svjetlu.<\/p>\n","protected":false},"excerpt":{"rendered":"<p>Otkrijte legende Antwerpena! Istra\u017eite \u017eivahne ulice i skrivene kutke dok se pridru\u017eujete Silviju Brabu u potrazi za divom koji mijenja oblik i vratite zaboravljenu du\u0161u grada.<\/p>\n","protected":false},"featured_media":4072,"template":"","meta":{"_acf_changed":false,"_yoast_wpseo_focuskw":"Secrets of Antwerp","_yoast_wpseo_metadesc":"Secrets of Antwerp. Igrajte samostalnu gradsku igru i istra\u017eite grad kroz zagonetke, pitalice i izazove. Igrajte vlastitim tempom i otkrijte kao lokalac!","_kad_blocks_custom_css":"","_kad_blocks_head_custom_js":"","_kad_blocks_body_custom_js":"","_kad_blocks_footer_custom_js":"","ghostkit_customizer_options":"","ghostkit_custom_css":"","ghostkit_custom_js_head":"","ghostkit_custom_js_foot":"","ghostkit_typography":"","_kad_post_transparent":"","_kad_post_title":"","_kad_post_layout":"","_kad_post_sidebar_id":"","_kad_post_content_style":"","_kad_post_vertical_padding":"","_kad_post_feature":"","_kad_post_feature_position":"","_kad_post_header":false,"_kad_post_footer":false,"_kad_post_classname":"","_links_to":"","_links_to_target":""},"game-concept":[714],"location":[70],"product_brand":[],"product_cat":[27],"product_tag":[],"class_list":{"0":"post-67185","1":"product","2":"type-product","3":"status-publish","4":"has-post-thumbnail","6":"game-concept-secrets","7":"location-antwerp","8":"product_cat-geen-categorie","10":"first","11":"instock","12":"shipping-taxable","13":"purchasable","14":"product-type-simple","15":"entry","16":"content-bg","17":"loop-entry"},"acf":{"full_bokun_product_name":"Self-Guided Secrets of Antwerp Exploration Game","location_name":"Antwerp","bokun_calendar_widget_code":"<script type=\"text\/javascript\" src=\"https:\/\/widgets.bokun.io\/assets\/javascripts\/apps\/build\/BokunWidgetsLoader.js?bookingChannelUUID=a1e93e96-5232-4734-a595-28405f4b5a31\" async><\/script>\n     \n    <div class=\"bokunWidget\" data-src=\"https:\/\/widgets.bokun.io\/online-sales\/a1e93e96-5232-4734-a595-28405f4b5a31\/experience-calendar\/864857\"><\/div>\n    <noscript>Please enable javascript in your browser to book<\/noscript>","bokun_button_widget_code":"<script type=\"text\/javascript\" src=\"https:\/\/widgets.bokun.io\/assets\/javascripts\/apps\/build\/BokunWidgetsLoader.js?bookingChannelUUID=a1e93e96-5232-4734-a595-28405f4b5a31\" async><\/script>\n      <style> #bokun_ed001e45_5927_4f62_b470_ca766338d083 { display: inline-block; padding: .4em 1em; background: #47b82e; border-radius: 999999px; box-shadow: none; font-weight: 600; font-size: 24px; text-decoration: none; text-align: center; color: #FFFFFF; border:none; cursor: pointer; transition: background .2s ease; } #bokun_ed001e45_5927_4f62_b470_ca766338d083:hover{ background: #2f7b1f; } #bokun_ed001e45_5927_4f62_b470_ca766338d083:active{ background: #378f24; } <\/style> <button class=\"bokunButton\" disabled id=bokun_ed001e45_5927_4f62_b470_ca766338d083 data-src=\"https:\/\/widgets.bokun.io\/online-sales\/a1e93e96-5232-4734-a595-28405f4b5a31\/experience-calendar\/864857?partialView=1\" data-testid=\"widget-book-button\" > Book now <\/button> ","what_you\u2019ll_experience_during_the_game":"Tijekom igre 'Secrets of Antwerp City Game' istra\u017eit \u0107ete grad kroz interaktivnu pri\u010du koja spaja lokalnu povijest, misterij i urbano otkrivanje. Prate\u0107i trag, igra vas vodi do poznatih znamenitosti poput Goti\u010dke katedrale Na\u0161e Gospe i povijesne Gradske vije\u0107nice Antwerpena, istovremeno vas usmjeravaju\u0107i na znati\u017eeljnija mjesta kao \u0161to su Muzej Plantin Moretus i Ku\u0107a s posljednjom vidljivom drvenom fasadom. Usput \u0107ete se kretati izme\u0111u rije\u010dnih tvr\u0111ava poput Het Steen i u\u017eurbanih trgova uokvirenih ukra\u0161enim ku\u0107ama cehova. Ova igra nudi druga\u010diju perspektivu na Antwerpen mije\u0161aju\u0107i ikoni\u010dna mjesta sa skrivenim kutcima koje je lako propustiti tijekom tipi\u010dnog posjeta.\n\nDok igrate, rje\u0161avat \u0107ete kombinaciju zagonetki, lokacijskih slagalica i foto izazova osmi\u0161ljenih da prodube va\u0161u povezanost sa svakim mjestom. Svaki to\u010dan odgovor donosi vam bodove, otklju\u010dava korisne savjete i pribli\u017eava vas rje\u0161avanju kona\u010dne misterije koja povezuje va\u0161a otkri\u0107a. Igra se mo\u017ee pauzirati i nastaviti u bilo kojem trenutku, \u0161to olak\u0161ava istra\u017eivanje Antwerpena vlastitim ritmom. Za one s natjecateljskim duhom, timovi ili solo igra\u010di tako\u0111er mogu ciljati na vrh ljestvice.","how_to_play":"Nakon rezervacije, primit \u0107ete e-mail s izravnom poveznicom za igru. Jednostavno se uputite na po\u010detnu lokaciju kod Gradske vije\u0107nice Antwerpena, otvorite poveznicu na svom pametnom telefonu i odmah zapo\u010dnite svoju avanturu. Igra se mo\u017ee pauzirati u bilo kojem trenutku i nastaviti kad god \u017eelite, daju\u0107i vam potpunu slobodu da u\u017eivate u Antwerpenu pod vlastitim uvjetima.","start_location":"Antwerp, Grote markt","available_languages":[],"players_per_group":"1-4","duration":"1.5-2 hours","image_overlay_color_image":"https:\/\/testwebsite.citygame.com\/wp-content\/blogs.dir\/1\/files\/sites\/62\/2026\/01\/SecretsColor.svg","image_overlay_game_logo":"https:\/\/testwebsite.citygame.com\/wp-content\/blogs.dir\/1\/files\/sites\/62\/2026\/01\/SecretsLogo.png","city_page":6317,"woocommerce_general_content":null},"yoast_head":"<!-- This site is optimized with the Yoast SEO Premium plugin v26.2 (Yoast SEO v26.3) - https:\/\/yoast.com\/wordpress\/plugins\/seo\/ -->\n<title>Secrets of Antwerp - City Game<\/title>\n<meta name=\"description\" content=\"Secrets of Antwerp. Igrajte samostalnu gradsku igru i istra\u017eite grad kroz zagonetke, pitalice i izazove. Igrajte vlastitim tempom i otkrijte kao lokalac!\" \/>\n<meta name=\"robots\" content=\"noindex, follow, max-snippet:-1, max-image-preview:large, max-video-preview:-1\" \/>\n<meta property=\"og:locale\" content=\"hr_HR\" \/>\n<meta property=\"og:type\" content=\"article\" \/>\n<meta property=\"og:title\" content=\"Secrets of Antwerp\" \/>\n<meta property=\"og:description\" content=\"Secrets of Antwerp. Igrajte samostalnu gradsku igru i istra\u017eite grad kroz zagonetke, pitalice i izazove. Igrajte vlastitim tempom i otkrijte kao lokalac!\" \/>\n<meta property=\"og:url\" content=\"https:\/\/testwebsite.citygame.com\/hr\/games\/antwerp\/secrets-of-antwerp\/\" \/>\n<meta property=\"og:site_name\" content=\"City Game\" \/>\n<meta property=\"article:publisher\" content=\"https:\/\/www.facebook.com\/profile.php?id=100086426226253\" \/>\n<meta property=\"article:modified_time\" content=\"2026-04-09T08:30:57+00:00\" \/>\n<meta property=\"og:image\" content=\"https:\/\/testwebsite.citygame.com\/wp-content\/blogs.dir\/1\/files\/sites\/62\/2026\/01\/group-of-friends-playing-city-game-antwerp.jpg\" \/>\n\t<meta property=\"og:image:width\" content=\"1248\" \/>\n\t<meta property=\"og:image:height\" content=\"832\" \/>\n\t<meta property=\"og:image:type\" content=\"image\/jpeg\" \/>\n<meta name=\"twitter:card\" content=\"summary_large_image\" \/>\n<meta name=\"twitter:label1\" content=\"Procijenjeno vrijeme \u010ditanja\" \/>\n\t<meta name=\"twitter:data1\" content=\"1 minuta\" \/>\n<script type=\"application\/ld+json\" class=\"yoast-schema-graph\">{\"@context\":\"https:\/\/schema.org\",\"@graph\":[{\"@type\":\"WebPage\",\"@id\":\"https:\/\/testwebsite.citygame.com\/hr\/games\/antwerp\/secrets-of-antwerp\/\",\"url\":\"https:\/\/testwebsite.citygame.com\/hr\/games\/antwerp\/secrets-of-antwerp\/\",\"name\":\"Secrets of Antwerp - City Game\",\"isPartOf\":{\"@id\":\"https:\/\/testwebsite.upevents.nl\/#website\"},\"primaryImageOfPage\":{\"@id\":\"https:\/\/testwebsite.citygame.com\/hr\/games\/antwerp\/secrets-of-antwerp\/#primaryimage\"},\"image\":{\"@id\":\"https:\/\/testwebsite.citygame.com\/hr\/games\/antwerp\/secrets-of-antwerp\/#primaryimage\"},\"thumbnailUrl\":\"https:\/\/testwebsite.citygame.com\/wp-content\/blogs.dir\/1\/files\/sites\/62\/2026\/01\/group-of-friends-playing-city-game-antwerp.jpg\",\"datePublished\":\"2026-01-15T12:54:35+00:00\",\"dateModified\":\"2026-04-09T08:30:57+00:00\",\"description\":\"Secrets of Antwerp. Igrajte samostalnu gradsku igru i istra\u017eite grad kroz zagonetke, pitalice i izazove. Igrajte vlastitim tempom i otkrijte kao lokalac!\",\"breadcrumb\":{\"@id\":\"https:\/\/testwebsite.citygame.com\/hr\/games\/antwerp\/secrets-of-antwerp\/#breadcrumb\"},\"inLanguage\":\"hr\",\"potentialAction\":[{\"@type\":\"ReadAction\",\"target\":[\"https:\/\/testwebsite.citygame.com\/hr\/games\/antwerp\/secrets-of-antwerp\/\"]}]},{\"@type\":\"ImageObject\",\"inLanguage\":\"hr\",\"@id\":\"https:\/\/testwebsite.citygame.com\/hr\/games\/antwerp\/secrets-of-antwerp\/#primaryimage\",\"url\":\"https:\/\/testwebsite.citygame.com\/wp-content\/blogs.dir\/1\/files\/sites\/62\/2026\/01\/group-of-friends-playing-city-game-antwerp.jpg\",\"contentUrl\":\"https:\/\/testwebsite.citygame.com\/wp-content\/blogs.dir\/1\/files\/sites\/62\/2026\/01\/group-of-friends-playing-city-game-antwerp.jpg\",\"width\":1248,\"height\":832,\"caption\":\"A group of friends having fun while playing a city exploration game in Antwerp.\"},{\"@type\":\"BreadcrumbList\",\"@id\":\"https:\/\/testwebsite.citygame.com\/hr\/games\/antwerp\/secrets-of-antwerp\/#breadcrumb\",\"itemListElement\":[{\"@type\":\"ListItem\",\"position\":1,\"name\":\"Home\",\"item\":\"https:\/\/testwebsite.citygame.com\/hr\/\"},{\"@type\":\"ListItem\",\"position\":2,\"name\":\"Shop\",\"item\":\"https:\/\/testwebsite.citygame.com\/shop\/\"},{\"@type\":\"ListItem\",\"position\":3,\"name\":\"Secrets of Antwerp\"}]},{\"@type\":\"WebSite\",\"@id\":\"https:\/\/testwebsite.upevents.nl\/#website\",\"url\":\"https:\/\/testwebsite.upevents.nl\/\",\"name\":\"City Game\",\"description\":\"\",\"publisher\":{\"@id\":\"https:\/\/testwebsite.upevents.nl\/#organization\"},\"alternateName\":\"citygame.com\",\"potentialAction\":[{\"@type\":\"SearchAction\",\"target\":{\"@type\":\"EntryPoint\",\"urlTemplate\":\"https:\/\/testwebsite.upevents.nl\/?s={search_term_string}\"},\"query-input\":{\"@type\":\"PropertyValueSpecification\",\"valueRequired\":true,\"valueName\":\"search_term_string\"}}],\"inLanguage\":\"hr\"},{\"@type\":[\"Organization\",\"Place\"],\"@id\":\"https:\/\/testwebsite.upevents.nl\/#organization\",\"name\":\"City Game\",\"alternateName\":\"citygame.com\",\"url\":\"https:\/\/testwebsite.upevents.nl\/\",\"logo\":{\"@id\":\"https:\/\/testwebsite.citygame.com\/hr\/games\/antwerp\/secrets-of-antwerp\/#local-main-organization-logo\"},\"image\":{\"@id\":\"https:\/\/testwebsite.citygame.com\/hr\/games\/antwerp\/secrets-of-antwerp\/#local-main-organization-logo\"},\"sameAs\":[\"https:\/\/www.facebook.com\/profile.php?id=100086426226253\",\"https:\/\/www.instagram.com\/citygame_com\",\"https:\/\/www.tiktok.com\/@citygamecom\/\",\"https:\/\/www.linkedin.com\/company\/citygame-com\"],\"description\":\"Turn any city into a playground with our interactive City Games and self-guided tours. Fun, flexible, and ideal for groups and team building.\",\"telephone\":[],\"openingHoursSpecification\":[{\"@type\":\"OpeningHoursSpecification\",\"dayOfWeek\":[\"Monday\",\"Tuesday\",\"Wednesday\",\"Thursday\",\"Friday\",\"Saturday\",\"Sunday\"],\"opens\":\"09:00\",\"closes\":\"17:00\"}]},{\"@type\":\"ImageObject\",\"inLanguage\":\"hr\",\"@id\":\"https:\/\/testwebsite.citygame.com\/hr\/games\/antwerp\/secrets-of-antwerp\/#local-main-organization-logo\",\"url\":\"https:\/\/testwebsite.citygame.com\/wp-content\/blogs.dir\/1\/files\/sites\/62\/2025\/10\/CG_LOGO-City-Game.png\",\"contentUrl\":\"https:\/\/testwebsite.citygame.com\/wp-content\/blogs.dir\/1\/files\/sites\/62\/2025\/10\/CG_LOGO-City-Game.png\",\"width\":351,\"height\":377,\"caption\":\"City Game\"}]}<\/script>\n<!-- \/ Yoast SEO Premium plugin. -->","yoast_head_json":{"title":"Secrets of Antwerp - City Game","description":"Secrets of Antwerp. Igrajte samostalnu gradsku igru i istra\u017eite grad kroz zagonetke, pitalice i izazove. Igrajte vlastitim tempom i otkrijte kao lokalac!","robots":{"index":"noindex","follow":"follow","max-snippet":"max-snippet:-1","max-image-preview":"max-image-preview:large","max-video-preview":"max-video-preview:-1"},"og_locale":"hr_HR","og_type":"article","og_title":"Secrets of Antwerp","og_description":"Secrets of Antwerp. Igrajte samostalnu gradsku igru i istra\u017eite grad kroz zagonetke, pitalice i izazove. Igrajte vlastitim tempom i otkrijte kao lokalac!","og_url":"https:\/\/testwebsite.citygame.com\/hr\/games\/antwerp\/secrets-of-antwerp\/","og_site_name":"City Game","article_publisher":"https:\/\/www.facebook.com\/profile.php?id=100086426226253","article_modified_time":"2026-04-09T08:30:57+00:00","og_image":[{"width":1248,"height":832,"url":"https:\/\/testwebsite.citygame.com\/wp-content\/blogs.dir\/1\/files\/sites\/62\/2026\/01\/group-of-friends-playing-city-game-antwerp.jpg","type":"image\/jpeg"}],"twitter_card":"summary_large_image","twitter_misc":{"Procijenjeno vrijeme \u010ditanja":"1 minuta"},"schema":{"@context":"https:\/\/schema.org","@graph":[{"@type":"WebPage","@id":"https:\/\/testwebsite.citygame.com\/hr\/games\/antwerp\/secrets-of-antwerp\/","url":"https:\/\/testwebsite.citygame.com\/hr\/games\/antwerp\/secrets-of-antwerp\/","name":"Secrets of Antwerp - City Game","isPartOf":{"@id":"https:\/\/testwebsite.upevents.nl\/#website"},"primaryImageOfPage":{"@id":"https:\/\/testwebsite.citygame.com\/hr\/games\/antwerp\/secrets-of-antwerp\/#primaryimage"},"image":{"@id":"https:\/\/testwebsite.citygame.com\/hr\/games\/antwerp\/secrets-of-antwerp\/#primaryimage"},"thumbnailUrl":"https:\/\/testwebsite.citygame.com\/wp-content\/blogs.dir\/1\/files\/sites\/62\/2026\/01\/group-of-friends-playing-city-game-antwerp.jpg","datePublished":"2026-01-15T12:54:35+00:00","dateModified":"2026-04-09T08:30:57+00:00","description":"Secrets of Antwerp. Igrajte samostalnu gradsku igru i istra\u017eite grad kroz zagonetke, pitalice i izazove. Igrajte vlastitim tempom i otkrijte kao lokalac!","breadcrumb":{"@id":"https:\/\/testwebsite.citygame.com\/hr\/games\/antwerp\/secrets-of-antwerp\/#breadcrumb"},"inLanguage":"hr","potentialAction":[{"@type":"ReadAction","target":["https:\/\/testwebsite.citygame.com\/hr\/games\/antwerp\/secrets-of-antwerp\/"]}]},{"@type":"ImageObject","inLanguage":"hr","@id":"https:\/\/testwebsite.citygame.com\/hr\/games\/antwerp\/secrets-of-antwerp\/#primaryimage","url":"https:\/\/testwebsite.citygame.com\/wp-content\/blogs.dir\/1\/files\/sites\/62\/2026\/01\/group-of-friends-playing-city-game-antwerp.jpg","contentUrl":"https:\/\/testwebsite.citygame.com\/wp-content\/blogs.dir\/1\/files\/sites\/62\/2026\/01\/group-of-friends-playing-city-game-antwerp.jpg","width":1248,"height":832,"caption":"A group of friends having fun while playing a city exploration game in Antwerp."},{"@type":"BreadcrumbList","@id":"https:\/\/testwebsite.citygame.com\/hr\/games\/antwerp\/secrets-of-antwerp\/#breadcrumb","itemListElement":[{"@type":"ListItem","position":1,"name":"Home","item":"https:\/\/testwebsite.citygame.com\/hr\/"},{"@type":"ListItem","position":2,"name":"Shop","item":"https:\/\/testwebsite.citygame.com\/shop\/"},{"@type":"ListItem","position":3,"name":"Secrets of Antwerp"}]},{"@type":"WebSite","@id":"https:\/\/testwebsite.upevents.nl\/#website","url":"https:\/\/testwebsite.upevents.nl\/","name":"City Game","description":"","publisher":{"@id":"https:\/\/testwebsite.upevents.nl\/#organization"},"alternateName":"citygame.com","potentialAction":[{"@type":"SearchAction","target":{"@type":"EntryPoint","urlTemplate":"https:\/\/testwebsite.upevents.nl\/?s={search_term_string}"},"query-input":{"@type":"PropertyValueSpecification","valueRequired":true,"valueName":"search_term_string"}}],"inLanguage":"hr"},{"@type":["Organization","Place"],"@id":"https:\/\/testwebsite.upevents.nl\/#organization","name":"City Game","alternateName":"citygame.com","url":"https:\/\/testwebsite.upevents.nl\/","logo":{"@id":"https:\/\/testwebsite.citygame.com\/hr\/games\/antwerp\/secrets-of-antwerp\/#local-main-organization-logo"},"image":{"@id":"https:\/\/testwebsite.citygame.com\/hr\/games\/antwerp\/secrets-of-antwerp\/#local-main-organization-logo"},"sameAs":["https:\/\/www.facebook.com\/profile.php?id=100086426226253","https:\/\/www.instagram.com\/citygame_com","https:\/\/www.tiktok.com\/@citygamecom\/","https:\/\/www.linkedin.com\/company\/citygame-com"],"description":"Turn any city into a playground with our interactive City Games and self-guided tours. Fun, flexible, and ideal for groups and team building.","telephone":[],"openingHoursSpecification":[{"@type":"OpeningHoursSpecification","dayOfWeek":["Monday","Tuesday","Wednesday","Thursday","Friday","Saturday","Sunday"],"opens":"09:00","closes":"17:00"}]},{"@type":"ImageObject","inLanguage":"hr","@id":"https:\/\/testwebsite.citygame.com\/hr\/games\/antwerp\/secrets-of-antwerp\/#local-main-organization-logo","url":"https:\/\/testwebsite.citygame.com\/wp-content\/blogs.dir\/1\/files\/sites\/62\/2025\/10\/CG_LOGO-City-Game.png","contentUrl":"https:\/\/testwebsite.citygame.com\/wp-content\/blogs.dir\/1\/files\/sites\/62\/2025\/10\/CG_LOGO-City-Game.png","width":351,"height":377,"caption":"City Game"}]}},"taxonomy_info":{"game-concept":[{"value":714,"label":"Secrets"}],"location":[{"value":70,"label":"Antwerp"}],"product_cat":[{"value":27,"label":"Geen categorie"}]},"featured_image_src_large":["https:\/\/testwebsite.citygame.com\/wp-content\/blogs.dir\/1\/files\/sites\/62\/2026\/01\/group-of-friends-playing-city-game-antwerp-1024x683.jpg",1024,683,true],"author_info":[],"comment_info":"","_links":{"self":[{"href":"https:\/\/testwebsite.citygame.com\/hr\/wp-json\/wp\/v2\/product\/67185","targetHints":{"allow":["GET"]}}],"collection":[{"href":"https:\/\/testwebsite.citygame.com\/hr\/wp-json\/wp\/v2\/product"}],"about":[{"href":"https:\/\/testwebsite.citygame.com\/hr\/wp-json\/wp\/v2\/types\/product"}],"acf:post":[{"embeddable":true,"href":"https:\/\/testwebsite.citygame.com\/hr\/wp-json\/wp\/v2\/pages\/6317"}],"wp:featuredmedia":[{"embeddable":true,"href":"https:\/\/testwebsite.citygame.com\/hr\/wp-json\/wp\/v2\/media\/4072"}],"wp:attachment":[{"href":"https:\/\/testwebsite.citygame.com\/hr\/wp-json\/wp\/v2\/media?parent=67185"}],"wp:term":[{"taxonomy":"game-concept","embeddable":true,"href":"https:\/\/testwebsite.citygame.com\/hr\/wp-json\/wp\/v2\/game-concept?post=67185"},{"taxonomy":"location","embeddable":true,"href":"https:\/\/testwebsite.citygame.com\/hr\/wp-json\/wp\/v2\/location?post=67185"},{"taxonomy":"product_brand","embeddable":true,"href":"https:\/\/testwebsite.citygame.com\/hr\/wp-json\/wp\/v2\/product_brand?post=67185"},{"taxonomy":"product_cat","embeddable":true,"href":"https:\/\/testwebsite.citygame.com\/hr\/wp-json\/wp\/v2\/product_cat?post=67185"},{"taxonomy":"product_tag","embeddable":true,"href":"https:\/\/testwebsite.citygame.com\/hr\/wp-json\/wp\/v2\/product_tag?post=67185"}],"curies":[{"name":"wp","href":"https:\/\/api.w.org\/{rel}","templated":true}]}}