{"id":66723,"date":"2026-03-13T20:05:44","date_gmt":"2026-03-13T20:05:44","guid":{"rendered":"https:\/\/testwebsite.citygame.com\/games\/unknown-location\/secrets-of-schoonhoven\/"},"modified":"2026-04-08T22:41:24","modified_gmt":"2026-04-08T22:41:24","slug":"secrets-of-schoonhoven","status":"publish","type":"product","link":"https:\/\/testwebsite.citygame.com\/hr\/games\/schoonhoven\/secrets-of-schoonhoven\/","title":{"rendered":"Secrets of Schoonhoven"},"content":{"rendered":"<p>Zaronite u o\u010daravaju\u0107i svijet gradske igre &#8216;Secrets of Schoonhoven&#8217;, samostalnog istra\u017eiva\u010dkog putovanja temeljenog na GPS-u, smje\u0161tenog u centru grada Schoonhovena. Kao sudionici ove jedinstvene urbane avanture, igra\u010di koriste svoje pametne telefone za navigaciju gradom, rje\u0161avanje zagonetnih slagalica, odgonetavanje misterija i preuzimanje foto izazova. To je interaktivan i uranjaju\u0107i na\u010din da otkrijete manje poznate pri\u010de Schoonhovena, zaronite u njegovu bogatu kulturu i povijest i uo\u010dite skrivene detalje. Prilago\u0111ena da anga\u017eira kako lokalno stanovni\u0161tvo tako i posjetitelje, ova gradska igra pokazala se kao prikladan izbor za pojedina\u010dne igra\u010de, parove, obitelji i grupe prijatelja u potrazi za zabavnim i pou\u010dnim putovanjem u Schoonhovenu.<\/p>\n","protected":false},"excerpt":{"rendered":"<p>Otkrijte Schoonhovenovu srebrnu rasko\u0161! Zaronite u grad gdje tradicija srebrnarstva \u0161apu\u0107e kroz \u0161armantne poplo\u010dane ulice i slikovite kanale. Razotkrijte tajne dok lutate njegovim \u010darobnim stazama, Schoonhoven obe\u0107ava neobi\u010dan \u0161arm i blistava otkri\u0107a na svakom koraku!<\/p>\n","protected":false},"featured_media":18905,"template":"","meta":{"_acf_changed":false,"_yoast_wpseo_focuskw":"Secrets of Schoonhoven","_yoast_wpseo_metadesc":"Secrets of Schoonhoven. Igrajte samostalnu gradsku igru i istra\u017eite grad kroz zagonetke, misterije i izazove. Igrajte svojim tempom i otkrijte kao lokalac!","_kad_blocks_custom_css":"","_kad_blocks_head_custom_js":"","_kad_blocks_body_custom_js":"","_kad_blocks_footer_custom_js":"","ghostkit_customizer_options":"","ghostkit_custom_css":"","ghostkit_custom_js_head":"","ghostkit_custom_js_foot":"","ghostkit_typography":"","_kad_post_transparent":"","_kad_post_title":"","_kad_post_layout":"","_kad_post_sidebar_id":"","_kad_post_content_style":"","_kad_post_vertical_padding":"","_kad_post_feature":"","_kad_post_feature_position":"","_kad_post_header":false,"_kad_post_footer":false,"_kad_post_classname":"","_links_to":"","_links_to_target":""},"game-concept":[714],"location":[363],"product_brand":[],"product_cat":[27],"product_tag":[],"class_list":{"0":"post-66723","1":"product","2":"type-product","3":"status-publish","4":"has-post-thumbnail","6":"game-concept-secrets","7":"location-schoonhoven","8":"product_cat-geen-categorie","10":"first","11":"instock","12":"shipping-taxable","13":"purchasable","14":"product-type-simple","15":"entry","16":"content-bg","17":"loop-entry"},"acf":{"full_bokun_product_name":"Self-Guided Secrets of Schoonhoven Exploration Game","location_name":"Schoonhoven","bokun_calendar_widget_code":"<script type=\"text\/javascript\" src=\"https:\/\/widgets.bokun.io\/assets\/javascripts\/apps\/build\/BokunWidgetsLoader.js?bookingChannelUUID=a1e93e96-5232-4734-a595-28405f4b5a31\" async><\/script>\n     \n    <div class=\"bokunWidget\" data-src=\"https:\/\/widgets.bokun.io\/online-sales\/a1e93e96-5232-4734-a595-28405f4b5a31\/experience-calendar\/895764\"><\/div>\n    <noscript>Please enable javascript in your browser to book<\/noscript>","bokun_button_widget_code":"<script type=\"text\/javascript\" src=\"https:\/\/widgets.bokun.io\/assets\/javascripts\/apps\/build\/BokunWidgetsLoader.js?bookingChannelUUID=a1e93e96-5232-4734-a595-28405f4b5a31\" async><\/script>\n      <style> #bokun_ed001e45_5927_4f62_b470_ca766338d083 { display: inline-block; padding: .4em 1em; background: #47b82e; border-radius: 999999px; box-shadow: none; font-weight: 600; font-size: 24px; text-decoration: none; text-align: center; color: #FFFFFF; border:none; cursor: pointer; transition: background .2s ease; } #bokun_ed001e45_5927_4f62_b470_ca766338d083:hover{ background: #2f7b1f; } #bokun_ed001e45_5927_4f62_b470_ca766338d083:active{ background: #378f24; } <\/style> <button class=\"bokunButton\" disabled id=bokun_ed001e45_5927_4f62_b470_ca766338d083 data-src=\"https:\/\/widgets.bokun.io\/online-sales\/a1e93e96-5232-4734-a595-28405f4b5a31\/experience-calendar\/895764?partialView=1\" data-testid=\"widget-book-button\" > Book now <\/button> ","what_you\u2019ll_experience_during_the_game":"Do\u017eivite slikoviti grad Schoonhoven kao nikada prije uz gradsku igru Secrets of Schoonhoven. Ova imerzivna avantura spaja uzbu\u0111enje razgledavanja s uzbu\u0111enjem zanimljive pri\u010de i interaktivnih izazova, vode\u0107i vas izvan popularnih atrakcija i upoznaju\u0107i vas s manje poznatim draguljima grada. Dok prolazite poplo\u010danim ulicama Schoonhovena, nai\u0107i \u0107ete na ikoni\u010dne i skrivene lokacije, putuju\u0107i idili\u010dnim uli\u010dicama i \u0161armantnim trgovima, do\u017eivljavaju\u0107i \u017eivahni gradski \u017eivot i bogatu povijest ovog nizozemskog bisera.\n\nIgranje gradske igre Schoonhoven uklju\u010duje vi\u0161e od samog razgledavanja. Dok istra\u017eujete, suo\u010dit \u0107ete se s nizom zagonetki, misterija i kreativnih foto izazova, svaki dizajniran da testira va\u0161u domi\u0161ljatost, vje\u0161tine promatranja i kreativnost. Rije\u0161ite ove izazove kako biste osvojili bodove, otklju\u010dali savjete i pribli\u017eili se otkrivanju kona\u010dne tajne. Va\u0161u avanturu mo\u017eete pauzirati u bilo kojem trenutku, \u0161to vam daje fleksibilnost da istra\u017eujete tempom koji vam odgovara. Ako volite da\u0161ak natjecanja, va\u0161 cilj mo\u017ee biti osigurati visoku poziciju na ljestvici. Bilo da ste pojedinac istra\u017eiva\u010d ili dio tima, Secrets of Schoonhoven City Game va\u0161a je prilika da zaronite u nezaboravnu igru istra\u017eivanja ispunjenu otkri\u0107ima, izazovima i zabavom!","how_to_play":"Rezervirajte Igru istra\u017eivanja, provjerite e-po\u0161tu koju smo vam poslali s jednostavnim uputama, preuzmite aplikaciju Loquiz, pristupite Igri istra\u017eivanja i spremni ste zapo\u010deti svoje igra\u010dko iskustvo!","start_location":"Schoonhoven, Grote of Bartholome\u00fcskerk","available_languages":["en"],"players_per_group":"1-4","duration":"1.5-2 hours","image_overlay_color_image":"https:\/\/testwebsite.citygame.com\/wp-content\/blogs.dir\/1\/files\/sites\/62\/2026\/01\/SecretsColor.svg","image_overlay_game_logo":"https:\/\/testwebsite.citygame.com\/wp-content\/blogs.dir\/1\/files\/sites\/62\/2026\/01\/SecretsLogo.png","city_page":15869,"woocommerce_general_content":null},"yoast_head":"<!-- This site is optimized with the Yoast SEO Premium plugin v26.2 (Yoast SEO v26.3) - https:\/\/yoast.com\/wordpress\/plugins\/seo\/ -->\n<title>Secrets of Schoonhoven - City Game<\/title>\n<meta name=\"description\" content=\"Secrets of Schoonhoven. Igrajte samostalnu gradsku igru i istra\u017eite grad kroz zagonetke, misterije i izazove. Igrajte svojim tempom i otkrijte kao lokalac!\" \/>\n<meta name=\"robots\" content=\"noindex, follow, max-snippet:-1, max-image-preview:large, max-video-preview:-1\" \/>\n<meta property=\"og:locale\" content=\"hr_HR\" \/>\n<meta property=\"og:type\" content=\"article\" \/>\n<meta property=\"og:title\" content=\"Secrets of Schoonhoven\" \/>\n<meta property=\"og:description\" content=\"Secrets of Schoonhoven. Igrajte samostalnu gradsku igru i istra\u017eite grad kroz zagonetke, misterije i izazove. Igrajte svojim tempom i otkrijte kao lokalac!\" \/>\n<meta property=\"og:url\" content=\"https:\/\/testwebsite.citygame.com\/hr\/games\/schoonhoven\/secrets-of-schoonhoven\/\" \/>\n<meta property=\"og:site_name\" content=\"City Game\" \/>\n<meta property=\"article:publisher\" content=\"https:\/\/www.facebook.com\/profile.php?id=100086426226253\" \/>\n<meta property=\"article:modified_time\" content=\"2026-04-08T22:41:24+00:00\" \/>\n<meta property=\"og:image\" content=\"https:\/\/testwebsite.citygame.com\/wp-content\/blogs.dir\/1\/files\/sites\/62\/2026\/03\/schoonhoven-city-game-player-canal-koebrug.jpg\" \/>\n\t<meta property=\"og:image:width\" content=\"1024\" \/>\n\t<meta property=\"og:image:height\" content=\"1024\" \/>\n\t<meta property=\"og:image:type\" content=\"image\/jpeg\" \/>\n<meta name=\"twitter:card\" content=\"summary_large_image\" \/>\n<meta name=\"twitter:label1\" content=\"Procijenjeno vrijeme \u010ditanja\" \/>\n\t<meta name=\"twitter:data1\" content=\"1 minuta\" \/>\n<script type=\"application\/ld+json\" class=\"yoast-schema-graph\">{\"@context\":\"https:\/\/schema.org\",\"@graph\":[{\"@type\":\"WebPage\",\"@id\":\"https:\/\/testwebsite.citygame.com\/hr\/games\/schoonhoven\/secrets-of-schoonhoven\/\",\"url\":\"https:\/\/testwebsite.citygame.com\/hr\/games\/schoonhoven\/secrets-of-schoonhoven\/\",\"name\":\"Secrets of Schoonhoven - City Game\",\"isPartOf\":{\"@id\":\"https:\/\/testwebsite.upevents.nl\/#website\"},\"primaryImageOfPage\":{\"@id\":\"https:\/\/testwebsite.citygame.com\/hr\/games\/schoonhoven\/secrets-of-schoonhoven\/#primaryimage\"},\"image\":{\"@id\":\"https:\/\/testwebsite.citygame.com\/hr\/games\/schoonhoven\/secrets-of-schoonhoven\/#primaryimage\"},\"thumbnailUrl\":\"https:\/\/testwebsite.citygame.com\/wp-content\/blogs.dir\/1\/files\/sites\/62\/2026\/03\/schoonhoven-city-game-player-canal-koebrug.jpg\",\"datePublished\":\"2026-03-13T20:05:44+00:00\",\"dateModified\":\"2026-04-08T22:41:24+00:00\",\"description\":\"Secrets of Schoonhoven. Igrajte samostalnu gradsku igru i istra\u017eite grad kroz zagonetke, misterije i izazove. Igrajte svojim tempom i otkrijte kao lokalac!\",\"breadcrumb\":{\"@id\":\"https:\/\/testwebsite.citygame.com\/hr\/games\/schoonhoven\/secrets-of-schoonhoven\/#breadcrumb\"},\"inLanguage\":\"hr\",\"potentialAction\":[{\"@type\":\"ReadAction\",\"target\":[\"https:\/\/testwebsite.citygame.com\/hr\/games\/schoonhoven\/secrets-of-schoonhoven\/\"]}]},{\"@type\":\"ImageObject\",\"inLanguage\":\"hr\",\"@id\":\"https:\/\/testwebsite.citygame.com\/hr\/games\/schoonhoven\/secrets-of-schoonhoven\/#primaryimage\",\"url\":\"https:\/\/testwebsite.citygame.com\/wp-content\/blogs.dir\/1\/files\/sites\/62\/2026\/03\/schoonhoven-city-game-player-canal-koebrug.jpg\",\"contentUrl\":\"https:\/\/testwebsite.citygame.com\/wp-content\/blogs.dir\/1\/files\/sites\/62\/2026\/03\/schoonhoven-city-game-player-canal-koebrug.jpg\",\"width\":1024,\"height\":1024,\"caption\":\"A player using a tablet for a city game by a canal in the historic city of Schoonhoven.\"},{\"@type\":\"BreadcrumbList\",\"@id\":\"https:\/\/testwebsite.citygame.com\/hr\/games\/schoonhoven\/secrets-of-schoonhoven\/#breadcrumb\",\"itemListElement\":[{\"@type\":\"ListItem\",\"position\":1,\"name\":\"Home\",\"item\":\"https:\/\/testwebsite.citygame.com\/hr\/\"},{\"@type\":\"ListItem\",\"position\":2,\"name\":\"Shop\",\"item\":\"https:\/\/testwebsite.citygame.com\/shop\/\"},{\"@type\":\"ListItem\",\"position\":3,\"name\":\"Secrets of Schoonhoven\"}]},{\"@type\":\"WebSite\",\"@id\":\"https:\/\/testwebsite.upevents.nl\/#website\",\"url\":\"https:\/\/testwebsite.upevents.nl\/\",\"name\":\"City Game\",\"description\":\"\",\"publisher\":{\"@id\":\"https:\/\/testwebsite.upevents.nl\/#organization\"},\"alternateName\":\"citygame.com\",\"potentialAction\":[{\"@type\":\"SearchAction\",\"target\":{\"@type\":\"EntryPoint\",\"urlTemplate\":\"https:\/\/testwebsite.upevents.nl\/?s={search_term_string}\"},\"query-input\":{\"@type\":\"PropertyValueSpecification\",\"valueRequired\":true,\"valueName\":\"search_term_string\"}}],\"inLanguage\":\"hr\"},{\"@type\":[\"Organization\",\"Place\"],\"@id\":\"https:\/\/testwebsite.upevents.nl\/#organization\",\"name\":\"City Game\",\"alternateName\":\"citygame.com\",\"url\":\"https:\/\/testwebsite.upevents.nl\/\",\"logo\":{\"@id\":\"https:\/\/testwebsite.citygame.com\/hr\/games\/schoonhoven\/secrets-of-schoonhoven\/#local-main-organization-logo\"},\"image\":{\"@id\":\"https:\/\/testwebsite.citygame.com\/hr\/games\/schoonhoven\/secrets-of-schoonhoven\/#local-main-organization-logo\"},\"sameAs\":[\"https:\/\/www.facebook.com\/profile.php?id=100086426226253\",\"https:\/\/www.instagram.com\/citygame_com\",\"https:\/\/www.tiktok.com\/@citygamecom\/\",\"https:\/\/www.linkedin.com\/company\/citygame-com\"],\"description\":\"Turn any city into a playground with our interactive City Games and self-guided tours. Fun, flexible, and ideal for groups and team building.\",\"telephone\":[],\"openingHoursSpecification\":[{\"@type\":\"OpeningHoursSpecification\",\"dayOfWeek\":[\"Monday\",\"Tuesday\",\"Wednesday\",\"Thursday\",\"Friday\",\"Saturday\",\"Sunday\"],\"opens\":\"09:00\",\"closes\":\"17:00\"}]},{\"@type\":\"ImageObject\",\"inLanguage\":\"hr\",\"@id\":\"https:\/\/testwebsite.citygame.com\/hr\/games\/schoonhoven\/secrets-of-schoonhoven\/#local-main-organization-logo\",\"url\":\"https:\/\/testwebsite.citygame.com\/wp-content\/blogs.dir\/1\/files\/sites\/62\/2025\/10\/CG_LOGO-City-Game.png\",\"contentUrl\":\"https:\/\/testwebsite.citygame.com\/wp-content\/blogs.dir\/1\/files\/sites\/62\/2025\/10\/CG_LOGO-City-Game.png\",\"width\":351,\"height\":377,\"caption\":\"City Game\"}]}<\/script>\n<!-- \/ Yoast SEO Premium plugin. -->","yoast_head_json":{"title":"Secrets of Schoonhoven - City Game","description":"Secrets of Schoonhoven. Igrajte samostalnu gradsku igru i istra\u017eite grad kroz zagonetke, misterije i izazove. Igrajte svojim tempom i otkrijte kao lokalac!","robots":{"index":"noindex","follow":"follow","max-snippet":"max-snippet:-1","max-image-preview":"max-image-preview:large","max-video-preview":"max-video-preview:-1"},"og_locale":"hr_HR","og_type":"article","og_title":"Secrets of Schoonhoven","og_description":"Secrets of Schoonhoven. Igrajte samostalnu gradsku igru i istra\u017eite grad kroz zagonetke, misterije i izazove. Igrajte svojim tempom i otkrijte kao lokalac!","og_url":"https:\/\/testwebsite.citygame.com\/hr\/games\/schoonhoven\/secrets-of-schoonhoven\/","og_site_name":"City Game","article_publisher":"https:\/\/www.facebook.com\/profile.php?id=100086426226253","article_modified_time":"2026-04-08T22:41:24+00:00","og_image":[{"width":1024,"height":1024,"url":"https:\/\/testwebsite.citygame.com\/wp-content\/blogs.dir\/1\/files\/sites\/62\/2026\/03\/schoonhoven-city-game-player-canal-koebrug.jpg","type":"image\/jpeg"}],"twitter_card":"summary_large_image","twitter_misc":{"Procijenjeno vrijeme \u010ditanja":"1 minuta"},"schema":{"@context":"https:\/\/schema.org","@graph":[{"@type":"WebPage","@id":"https:\/\/testwebsite.citygame.com\/hr\/games\/schoonhoven\/secrets-of-schoonhoven\/","url":"https:\/\/testwebsite.citygame.com\/hr\/games\/schoonhoven\/secrets-of-schoonhoven\/","name":"Secrets of Schoonhoven - City Game","isPartOf":{"@id":"https:\/\/testwebsite.upevents.nl\/#website"},"primaryImageOfPage":{"@id":"https:\/\/testwebsite.citygame.com\/hr\/games\/schoonhoven\/secrets-of-schoonhoven\/#primaryimage"},"image":{"@id":"https:\/\/testwebsite.citygame.com\/hr\/games\/schoonhoven\/secrets-of-schoonhoven\/#primaryimage"},"thumbnailUrl":"https:\/\/testwebsite.citygame.com\/wp-content\/blogs.dir\/1\/files\/sites\/62\/2026\/03\/schoonhoven-city-game-player-canal-koebrug.jpg","datePublished":"2026-03-13T20:05:44+00:00","dateModified":"2026-04-08T22:41:24+00:00","description":"Secrets of Schoonhoven. Igrajte samostalnu gradsku igru i istra\u017eite grad kroz zagonetke, misterije i izazove. Igrajte svojim tempom i otkrijte kao lokalac!","breadcrumb":{"@id":"https:\/\/testwebsite.citygame.com\/hr\/games\/schoonhoven\/secrets-of-schoonhoven\/#breadcrumb"},"inLanguage":"hr","potentialAction":[{"@type":"ReadAction","target":["https:\/\/testwebsite.citygame.com\/hr\/games\/schoonhoven\/secrets-of-schoonhoven\/"]}]},{"@type":"ImageObject","inLanguage":"hr","@id":"https:\/\/testwebsite.citygame.com\/hr\/games\/schoonhoven\/secrets-of-schoonhoven\/#primaryimage","url":"https:\/\/testwebsite.citygame.com\/wp-content\/blogs.dir\/1\/files\/sites\/62\/2026\/03\/schoonhoven-city-game-player-canal-koebrug.jpg","contentUrl":"https:\/\/testwebsite.citygame.com\/wp-content\/blogs.dir\/1\/files\/sites\/62\/2026\/03\/schoonhoven-city-game-player-canal-koebrug.jpg","width":1024,"height":1024,"caption":"A player using a tablet for a city game by a canal in the historic city of Schoonhoven."},{"@type":"BreadcrumbList","@id":"https:\/\/testwebsite.citygame.com\/hr\/games\/schoonhoven\/secrets-of-schoonhoven\/#breadcrumb","itemListElement":[{"@type":"ListItem","position":1,"name":"Home","item":"https:\/\/testwebsite.citygame.com\/hr\/"},{"@type":"ListItem","position":2,"name":"Shop","item":"https:\/\/testwebsite.citygame.com\/shop\/"},{"@type":"ListItem","position":3,"name":"Secrets of Schoonhoven"}]},{"@type":"WebSite","@id":"https:\/\/testwebsite.upevents.nl\/#website","url":"https:\/\/testwebsite.upevents.nl\/","name":"City Game","description":"","publisher":{"@id":"https:\/\/testwebsite.upevents.nl\/#organization"},"alternateName":"citygame.com","potentialAction":[{"@type":"SearchAction","target":{"@type":"EntryPoint","urlTemplate":"https:\/\/testwebsite.upevents.nl\/?s={search_term_string}"},"query-input":{"@type":"PropertyValueSpecification","valueRequired":true,"valueName":"search_term_string"}}],"inLanguage":"hr"},{"@type":["Organization","Place"],"@id":"https:\/\/testwebsite.upevents.nl\/#organization","name":"City Game","alternateName":"citygame.com","url":"https:\/\/testwebsite.upevents.nl\/","logo":{"@id":"https:\/\/testwebsite.citygame.com\/hr\/games\/schoonhoven\/secrets-of-schoonhoven\/#local-main-organization-logo"},"image":{"@id":"https:\/\/testwebsite.citygame.com\/hr\/games\/schoonhoven\/secrets-of-schoonhoven\/#local-main-organization-logo"},"sameAs":["https:\/\/www.facebook.com\/profile.php?id=100086426226253","https:\/\/www.instagram.com\/citygame_com","https:\/\/www.tiktok.com\/@citygamecom\/","https:\/\/www.linkedin.com\/company\/citygame-com"],"description":"Turn any city into a playground with our interactive City Games and self-guided tours. Fun, flexible, and ideal for groups and team building.","telephone":[],"openingHoursSpecification":[{"@type":"OpeningHoursSpecification","dayOfWeek":["Monday","Tuesday","Wednesday","Thursday","Friday","Saturday","Sunday"],"opens":"09:00","closes":"17:00"}]},{"@type":"ImageObject","inLanguage":"hr","@id":"https:\/\/testwebsite.citygame.com\/hr\/games\/schoonhoven\/secrets-of-schoonhoven\/#local-main-organization-logo","url":"https:\/\/testwebsite.citygame.com\/wp-content\/blogs.dir\/1\/files\/sites\/62\/2025\/10\/CG_LOGO-City-Game.png","contentUrl":"https:\/\/testwebsite.citygame.com\/wp-content\/blogs.dir\/1\/files\/sites\/62\/2025\/10\/CG_LOGO-City-Game.png","width":351,"height":377,"caption":"City Game"}]}},"taxonomy_info":{"game-concept":[{"value":714,"label":"Secrets"}],"location":[{"value":363,"label":"Schoonhoven"}],"product_cat":[{"value":27,"label":"Geen categorie"}]},"featured_image_src_large":["https:\/\/testwebsite.citygame.com\/wp-content\/blogs.dir\/1\/files\/sites\/62\/2026\/03\/schoonhoven-city-game-player-canal-koebrug.jpg",1024,1024,false],"author_info":[],"comment_info":"","_links":{"self":[{"href":"https:\/\/testwebsite.citygame.com\/hr\/wp-json\/wp\/v2\/product\/66723","targetHints":{"allow":["GET"]}}],"collection":[{"href":"https:\/\/testwebsite.citygame.com\/hr\/wp-json\/wp\/v2\/product"}],"about":[{"href":"https:\/\/testwebsite.citygame.com\/hr\/wp-json\/wp\/v2\/types\/product"}],"acf:post":[{"embeddable":true,"href":"https:\/\/testwebsite.citygame.com\/hr\/wp-json\/wp\/v2\/pages\/15869"}],"wp:featuredmedia":[{"embeddable":true,"href":"https:\/\/testwebsite.citygame.com\/hr\/wp-json\/wp\/v2\/media\/18905"}],"wp:attachment":[{"href":"https:\/\/testwebsite.citygame.com\/hr\/wp-json\/wp\/v2\/media?parent=66723"}],"wp:term":[{"taxonomy":"game-concept","embeddable":true,"href":"https:\/\/testwebsite.citygame.com\/hr\/wp-json\/wp\/v2\/game-concept?post=66723"},{"taxonomy":"location","embeddable":true,"href":"https:\/\/testwebsite.citygame.com\/hr\/wp-json\/wp\/v2\/location?post=66723"},{"taxonomy":"product_brand","embeddable":true,"href":"https:\/\/testwebsite.citygame.com\/hr\/wp-json\/wp\/v2\/product_brand?post=66723"},{"taxonomy":"product_cat","embeddable":true,"href":"https:\/\/testwebsite.citygame.com\/hr\/wp-json\/wp\/v2\/product_cat?post=66723"},{"taxonomy":"product_tag","embeddable":true,"href":"https:\/\/testwebsite.citygame.com\/hr\/wp-json\/wp\/v2\/product_tag?post=66723"}],"curies":[{"name":"wp","href":"https:\/\/api.w.org\/{rel}","templated":true}]}}