{"id":66221,"date":"2026-03-13T15:16:59","date_gmt":"2026-03-13T15:16:59","guid":{"rendered":"https:\/\/testwebsite.citygame.com\/games\/unknown-location\/secrets-of-bergen-op-zoom\/"},"modified":"2026-04-08T18:15:12","modified_gmt":"2026-04-08T18:15:12","slug":"secrets-of-bergen-op-zoom","status":"publish","type":"product","link":"https:\/\/testwebsite.citygame.com\/hr\/games\/bergen-op-zoom\/secrets-of-bergen-op-zoom\/","title":{"rendered":"Secrets of Bergen op Zoom"},"content":{"rendered":"<p>\u2018The Secrets of Bergen op Zoom City Game\u2019 je samostalna istra\u017eiva\u010dka igra temeljena na GPS-u koja vas vodi u avanturu kroz centar grada Bergen op Zooma. Koriste\u0107i svoj pametni telefon, otkrit \u0107ete intrigantne zagonetke, pitalice i foto izazove, istovremeno otkrivaju\u0107i skrivenu povijest, kulturu i jedinstvene detalje grada na zaigran na\u010din. Savr\u0161eno prikladna za lokalno stanovni\u0161tvo i turiste, ova \u2018City Game\u2019 nudi privla\u010dan na\u010din za dublji uvid u Bergen op Zoom. To je fleksibilna aktivnost koja odgovara samostalnim igra\u010dima, kao i parovima, obiteljima i grupama prijatelja. Bez obzira jeste li stanovnik Bergen op Zooma ili samo prolazite, uronite u tajne grada uz ovu uzbudljivu, samostalnu gradsku igru.<\/p>\n","protected":false},"excerpt":{"rendered":"<p>Otkrijte skrivene dragulje Bergen op Zooma! Zaronite u grad gdje je povijest ugra\u0111ena u drevnu arhitekturu, a kultura pulsira kroz \u017eivahne ulice i trgove. Otkrijte tajne dok prolazite kroz \u017eivahnu jezgru grada, Bergen op Zoom obe\u0107ava misterije na svakom uglu!<\/p>\n","protected":false},"featured_media":18721,"template":"","meta":{"_acf_changed":false,"_yoast_wpseo_focuskw":"Secrets of Bergen op Zoom","_yoast_wpseo_metadesc":"Secrets of Bergen op Zoom. Igrajte samostalnu \u2018City Game\u2019 igru i istra\u017eite grad kroz zagonetke, pitalice i izazove. Igrajte vlastitim tempom i otkrijte poput lokalca!","_kad_blocks_custom_css":"","_kad_blocks_head_custom_js":"","_kad_blocks_body_custom_js":"","_kad_blocks_footer_custom_js":"","ghostkit_customizer_options":"","ghostkit_custom_css":"","ghostkit_custom_js_head":"","ghostkit_custom_js_foot":"","ghostkit_typography":"","_kad_post_transparent":"","_kad_post_title":"","_kad_post_layout":"","_kad_post_sidebar_id":"","_kad_post_content_style":"","_kad_post_vertical_padding":"","_kad_post_feature":"","_kad_post_feature_position":"","_kad_post_header":false,"_kad_post_footer":false,"_kad_post_classname":"","_links_to":"","_links_to_target":""},"game-concept":[714],"location":[85],"product_brand":[],"product_cat":[27],"product_tag":[],"class_list":{"0":"post-66221","1":"product","2":"type-product","3":"status-publish","4":"has-post-thumbnail","6":"game-concept-secrets","7":"location-bergen-op-zoom","8":"product_cat-geen-categorie","10":"first","11":"instock","12":"shipping-taxable","13":"purchasable","14":"product-type-simple","15":"entry","16":"content-bg","17":"loop-entry"},"acf":{"full_bokun_product_name":"Self-Guided Secrets of Bergen op Zoom Exploration Game","location_name":"Bergen op Zoom","bokun_calendar_widget_code":"<script type=\"text\/javascript\" src=\"https:\/\/widgets.bokun.io\/assets\/javascripts\/apps\/build\/BokunWidgetsLoader.js?bookingChannelUUID=a1e93e96-5232-4734-a595-28405f4b5a31\" async><\/script>\n     \n    <div class=\"bokunWidget\" data-src=\"https:\/\/widgets.bokun.io\/online-sales\/a1e93e96-5232-4734-a595-28405f4b5a31\/experience-calendar\/887807\"><\/div>\n    <noscript>Please enable javascript in your browser to book<\/noscript>","bokun_button_widget_code":"<script type=\"text\/javascript\" src=\"https:\/\/widgets.bokun.io\/assets\/javascripts\/apps\/build\/BokunWidgetsLoader.js?bookingChannelUUID=a1e93e96-5232-4734-a595-28405f4b5a31\" async><\/script>\n      <style> #bokun_ed001e45_5927_4f62_b470_ca766338d083 { display: inline-block; padding: .4em 1em; background: #47b82e; border-radius: 999999px; box-shadow: none; font-weight: 600; font-size: 24px; text-decoration: none; text-align: center; color: #FFFFFF; border:none; cursor: pointer; transition: background .2s ease; } #bokun_ed001e45_5927_4f62_b470_ca766338d083:hover{ background: #2f7b1f; } #bokun_ed001e45_5927_4f62_b470_ca766338d083:active{ background: #378f24; } <\/style> <button class=\"bokunButton\" disabled id=bokun_ed001e45_5927_4f62_b470_ca766338d083 data-src=\"https:\/\/widgets.bokun.io\/online-sales\/a1e93e96-5232-4734-a595-28405f4b5a31\/experience-calendar\/887807?partialView=1\" data-testid=\"widget-book-button\" > Book now <\/button> ","what_you\u2019ll_experience_during_the_game":"\u2018The Secrets of Bergen op Zoom City Game\u2019 savr\u0161eno spaja uranjaju\u0107e pripovijedanje i interaktivne izazove s ugodnim istra\u017eivanjem grada. Dok se igra\u010di upu\u0161taju u ovu digitalnu avanturu, otkrit \u0107e ikoni\u010dna i manje poznata mjesta skrivena unutar \u017eivahnih granica Bergen op Zooma. Putovanje igre pro\u017eeto je zadivljuju\u0107im pri\u010dama i izazovima koji se razotkrivaju oko klju\u010dnih znamenitosti kao \u0161to su prekrasna Sint Gertrudiskerk, umiruju\u0107i Anton van Duinkerkenpark i povijesna pala\u010da Markiezenhof. Svaka lokacija unosi svoju \u010daroliju u pri\u010du, nude\u0107i jedinstveno istra\u017eiva\u010dko iskustvo kroz srce grada.\n\nDok igra\u010di prolaze kroz Bergen op Zoom, rje\u0161avat \u0107e uzbudljivu fuziju zagonetki, pitalica i pitanja dok se upu\u0161taju u kreativne foto izazove kao dio igre. Ovi su zadaci osmi\u0161ljeni ne samo da zabave, ve\u0107 i da otkriju tragove, zarade bodove i otklju\u010daju savjete koji poma\u017eu u rje\u0161avanju dublje misterije. Igra\u010di imaju fleksibilnost da pauziraju igru kad god \u017eele i mogu entuzijasti\u010dno nastaviti svoju potragu bilo kada. Ako natjecateljski elementi poti\u010du va\u0161 duh, uvijek mo\u017eete ciljati na visoko mjesto na ljestvici \u2018City Game\u2019 igre. Ova istra\u017eiva\u010dka igra udahnjuje \u017eivot ulicama Bergen op Zooma, stvaraju\u0107i nezaboravnu avanturu dok razotkrivate tajne grada.","how_to_play":"Rezervirajte \u2018Exploration Game\u2019, provjerite e-po\u0161tu koju vam \u0161aljemo s jednostavnim uputama, preuzmite aplikaciju Loquiz App, pristupite \u2018Exploration Game\u2019 i spremni ste zapo\u010deti svoje igra\u010dko iskustvo!","start_location":"Bergen op Zoom, Grote Markt","available_languages":["en"],"players_per_group":"1-4","duration":"1.5-2 hours","image_overlay_color_image":"https:\/\/testwebsite.citygame.com\/wp-content\/blogs.dir\/1\/files\/sites\/62\/2026\/01\/SecretsColor.svg","image_overlay_game_logo":"https:\/\/testwebsite.citygame.com\/wp-content\/blogs.dir\/1\/files\/sites\/62\/2026\/01\/SecretsLogo.png","city_page":12157,"woocommerce_general_content":null},"yoast_head":"<!-- This site is optimized with the Yoast SEO Premium plugin v26.2 (Yoast SEO v26.3) - https:\/\/yoast.com\/wordpress\/plugins\/seo\/ -->\n<title>Secrets of Bergen op Zoom - City Game<\/title>\n<meta name=\"description\" content=\"Secrets of Bergen op Zoom. Igrajte samostalnu \u2018City Game\u2019 igru i istra\u017eite grad kroz zagonetke, pitalice i izazove. Igrajte vlastitim tempom i otkrijte poput lokalca!\" \/>\n<meta name=\"robots\" content=\"noindex, follow, max-snippet:-1, max-image-preview:large, max-video-preview:-1\" \/>\n<meta property=\"og:locale\" content=\"hr_HR\" \/>\n<meta property=\"og:type\" content=\"article\" \/>\n<meta property=\"og:title\" content=\"Secrets of Bergen op Zoom\" \/>\n<meta property=\"og:description\" content=\"Secrets of Bergen op Zoom. Igrajte samostalnu \u2018City Game\u2019 igru i istra\u017eite grad kroz zagonetke, pitalice i izazove. Igrajte vlastitim tempom i otkrijte poput lokalca!\" \/>\n<meta property=\"og:url\" content=\"https:\/\/testwebsite.citygame.com\/hr\/games\/bergen-op-zoom\/secrets-of-bergen-op-zoom\/\" \/>\n<meta property=\"og:site_name\" content=\"City Game\" \/>\n<meta property=\"article:publisher\" content=\"https:\/\/www.facebook.com\/profile.php?id=100086426226253\" \/>\n<meta property=\"article:modified_time\" content=\"2026-04-08T18:15:12+00:00\" \/>\n<meta property=\"og:image\" content=\"https:\/\/testwebsite.citygame.com\/wp-content\/blogs.dir\/1\/files\/sites\/62\/2026\/03\/bergen-op-zoom-secrets-of-game-player-historic-street.jpg\" \/>\n\t<meta property=\"og:image:width\" content=\"1024\" \/>\n\t<meta property=\"og:image:height\" content=\"1024\" \/>\n\t<meta property=\"og:image:type\" content=\"image\/jpeg\" \/>\n<meta name=\"twitter:card\" content=\"summary_large_image\" \/>\n<meta name=\"twitter:label1\" content=\"Procijenjeno vrijeme \u010ditanja\" \/>\n\t<meta name=\"twitter:data1\" content=\"1 minuta\" \/>\n<script type=\"application\/ld+json\" class=\"yoast-schema-graph\">{\"@context\":\"https:\/\/schema.org\",\"@graph\":[{\"@type\":\"WebPage\",\"@id\":\"https:\/\/testwebsite.citygame.com\/hr\/games\/bergen-op-zoom\/secrets-of-bergen-op-zoom\/\",\"url\":\"https:\/\/testwebsite.citygame.com\/hr\/games\/bergen-op-zoom\/secrets-of-bergen-op-zoom\/\",\"name\":\"Secrets of Bergen op Zoom - City Game\",\"isPartOf\":{\"@id\":\"https:\/\/testwebsite.upevents.nl\/#website\"},\"primaryImageOfPage\":{\"@id\":\"https:\/\/testwebsite.citygame.com\/hr\/games\/bergen-op-zoom\/secrets-of-bergen-op-zoom\/#primaryimage\"},\"image\":{\"@id\":\"https:\/\/testwebsite.citygame.com\/hr\/games\/bergen-op-zoom\/secrets-of-bergen-op-zoom\/#primaryimage\"},\"thumbnailUrl\":\"https:\/\/testwebsite.citygame.com\/wp-content\/blogs.dir\/1\/files\/sites\/62\/2026\/03\/bergen-op-zoom-secrets-of-game-player-historic-street.jpg\",\"datePublished\":\"2026-03-13T15:16:59+00:00\",\"dateModified\":\"2026-04-08T18:15:12+00:00\",\"description\":\"Secrets of Bergen op Zoom. Igrajte samostalnu \u2018City Game\u2019 igru i istra\u017eite grad kroz zagonetke, pitalice i izazove. Igrajte vlastitim tempom i otkrijte poput lokalca!\",\"breadcrumb\":{\"@id\":\"https:\/\/testwebsite.citygame.com\/hr\/games\/bergen-op-zoom\/secrets-of-bergen-op-zoom\/#breadcrumb\"},\"inLanguage\":\"hr\",\"potentialAction\":[{\"@type\":\"ReadAction\",\"target\":[\"https:\/\/testwebsite.citygame.com\/hr\/games\/bergen-op-zoom\/secrets-of-bergen-op-zoom\/\"]}]},{\"@type\":\"ImageObject\",\"inLanguage\":\"hr\",\"@id\":\"https:\/\/testwebsite.citygame.com\/hr\/games\/bergen-op-zoom\/secrets-of-bergen-op-zoom\/#primaryimage\",\"url\":\"https:\/\/testwebsite.citygame.com\/wp-content\/blogs.dir\/1\/files\/sites\/62\/2026\/03\/bergen-op-zoom-secrets-of-game-player-historic-street.jpg\",\"contentUrl\":\"https:\/\/testwebsite.citygame.com\/wp-content\/blogs.dir\/1\/files\/sites\/62\/2026\/03\/bergen-op-zoom-secrets-of-game-player-historic-street.jpg\",\"width\":1024,\"height\":1024,\"caption\":\"A young man explores the historic streets of Bergen op Zoom with a city game on his phone.\"},{\"@type\":\"BreadcrumbList\",\"@id\":\"https:\/\/testwebsite.citygame.com\/hr\/games\/bergen-op-zoom\/secrets-of-bergen-op-zoom\/#breadcrumb\",\"itemListElement\":[{\"@type\":\"ListItem\",\"position\":1,\"name\":\"Home\",\"item\":\"https:\/\/testwebsite.citygame.com\/hr\/\"},{\"@type\":\"ListItem\",\"position\":2,\"name\":\"Shop\",\"item\":\"https:\/\/testwebsite.citygame.com\/shop\/\"},{\"@type\":\"ListItem\",\"position\":3,\"name\":\"Secrets of Bergen op Zoom\"}]},{\"@type\":\"WebSite\",\"@id\":\"https:\/\/testwebsite.upevents.nl\/#website\",\"url\":\"https:\/\/testwebsite.upevents.nl\/\",\"name\":\"City Game\",\"description\":\"\",\"publisher\":{\"@id\":\"https:\/\/testwebsite.upevents.nl\/#organization\"},\"alternateName\":\"citygame.com\",\"potentialAction\":[{\"@type\":\"SearchAction\",\"target\":{\"@type\":\"EntryPoint\",\"urlTemplate\":\"https:\/\/testwebsite.upevents.nl\/?s={search_term_string}\"},\"query-input\":{\"@type\":\"PropertyValueSpecification\",\"valueRequired\":true,\"valueName\":\"search_term_string\"}}],\"inLanguage\":\"hr\"},{\"@type\":[\"Organization\",\"Place\"],\"@id\":\"https:\/\/testwebsite.upevents.nl\/#organization\",\"name\":\"City Game\",\"alternateName\":\"citygame.com\",\"url\":\"https:\/\/testwebsite.upevents.nl\/\",\"logo\":{\"@id\":\"https:\/\/testwebsite.citygame.com\/hr\/games\/bergen-op-zoom\/secrets-of-bergen-op-zoom\/#local-main-organization-logo\"},\"image\":{\"@id\":\"https:\/\/testwebsite.citygame.com\/hr\/games\/bergen-op-zoom\/secrets-of-bergen-op-zoom\/#local-main-organization-logo\"},\"sameAs\":[\"https:\/\/www.facebook.com\/profile.php?id=100086426226253\",\"https:\/\/www.instagram.com\/citygame_com\",\"https:\/\/www.tiktok.com\/@citygamecom\/\",\"https:\/\/www.linkedin.com\/company\/citygame-com\"],\"description\":\"Turn any city into a playground with our interactive City Games and self-guided tours. Fun, flexible, and ideal for groups and team building.\",\"telephone\":[],\"openingHoursSpecification\":[{\"@type\":\"OpeningHoursSpecification\",\"dayOfWeek\":[\"Monday\",\"Tuesday\",\"Wednesday\",\"Thursday\",\"Friday\",\"Saturday\",\"Sunday\"],\"opens\":\"09:00\",\"closes\":\"17:00\"}]},{\"@type\":\"ImageObject\",\"inLanguage\":\"hr\",\"@id\":\"https:\/\/testwebsite.citygame.com\/hr\/games\/bergen-op-zoom\/secrets-of-bergen-op-zoom\/#local-main-organization-logo\",\"url\":\"https:\/\/testwebsite.citygame.com\/wp-content\/blogs.dir\/1\/files\/sites\/62\/2025\/10\/CG_LOGO-City-Game.png\",\"contentUrl\":\"https:\/\/testwebsite.citygame.com\/wp-content\/blogs.dir\/1\/files\/sites\/62\/2025\/10\/CG_LOGO-City-Game.png\",\"width\":351,\"height\":377,\"caption\":\"City Game\"}]}<\/script>\n<!-- \/ Yoast SEO Premium plugin. -->","yoast_head_json":{"title":"Secrets of Bergen op Zoom - City Game","description":"Secrets of Bergen op Zoom. Igrajte samostalnu \u2018City Game\u2019 igru i istra\u017eite grad kroz zagonetke, pitalice i izazove. Igrajte vlastitim tempom i otkrijte poput lokalca!","robots":{"index":"noindex","follow":"follow","max-snippet":"max-snippet:-1","max-image-preview":"max-image-preview:large","max-video-preview":"max-video-preview:-1"},"og_locale":"hr_HR","og_type":"article","og_title":"Secrets of Bergen op Zoom","og_description":"Secrets of Bergen op Zoom. Igrajte samostalnu \u2018City Game\u2019 igru i istra\u017eite grad kroz zagonetke, pitalice i izazove. Igrajte vlastitim tempom i otkrijte poput lokalca!","og_url":"https:\/\/testwebsite.citygame.com\/hr\/games\/bergen-op-zoom\/secrets-of-bergen-op-zoom\/","og_site_name":"City Game","article_publisher":"https:\/\/www.facebook.com\/profile.php?id=100086426226253","article_modified_time":"2026-04-08T18:15:12+00:00","og_image":[{"width":1024,"height":1024,"url":"https:\/\/testwebsite.citygame.com\/wp-content\/blogs.dir\/1\/files\/sites\/62\/2026\/03\/bergen-op-zoom-secrets-of-game-player-historic-street.jpg","type":"image\/jpeg"}],"twitter_card":"summary_large_image","twitter_misc":{"Procijenjeno vrijeme \u010ditanja":"1 minuta"},"schema":{"@context":"https:\/\/schema.org","@graph":[{"@type":"WebPage","@id":"https:\/\/testwebsite.citygame.com\/hr\/games\/bergen-op-zoom\/secrets-of-bergen-op-zoom\/","url":"https:\/\/testwebsite.citygame.com\/hr\/games\/bergen-op-zoom\/secrets-of-bergen-op-zoom\/","name":"Secrets of Bergen op Zoom - City Game","isPartOf":{"@id":"https:\/\/testwebsite.upevents.nl\/#website"},"primaryImageOfPage":{"@id":"https:\/\/testwebsite.citygame.com\/hr\/games\/bergen-op-zoom\/secrets-of-bergen-op-zoom\/#primaryimage"},"image":{"@id":"https:\/\/testwebsite.citygame.com\/hr\/games\/bergen-op-zoom\/secrets-of-bergen-op-zoom\/#primaryimage"},"thumbnailUrl":"https:\/\/testwebsite.citygame.com\/wp-content\/blogs.dir\/1\/files\/sites\/62\/2026\/03\/bergen-op-zoom-secrets-of-game-player-historic-street.jpg","datePublished":"2026-03-13T15:16:59+00:00","dateModified":"2026-04-08T18:15:12+00:00","description":"Secrets of Bergen op Zoom. Igrajte samostalnu \u2018City Game\u2019 igru i istra\u017eite grad kroz zagonetke, pitalice i izazove. Igrajte vlastitim tempom i otkrijte poput lokalca!","breadcrumb":{"@id":"https:\/\/testwebsite.citygame.com\/hr\/games\/bergen-op-zoom\/secrets-of-bergen-op-zoom\/#breadcrumb"},"inLanguage":"hr","potentialAction":[{"@type":"ReadAction","target":["https:\/\/testwebsite.citygame.com\/hr\/games\/bergen-op-zoom\/secrets-of-bergen-op-zoom\/"]}]},{"@type":"ImageObject","inLanguage":"hr","@id":"https:\/\/testwebsite.citygame.com\/hr\/games\/bergen-op-zoom\/secrets-of-bergen-op-zoom\/#primaryimage","url":"https:\/\/testwebsite.citygame.com\/wp-content\/blogs.dir\/1\/files\/sites\/62\/2026\/03\/bergen-op-zoom-secrets-of-game-player-historic-street.jpg","contentUrl":"https:\/\/testwebsite.citygame.com\/wp-content\/blogs.dir\/1\/files\/sites\/62\/2026\/03\/bergen-op-zoom-secrets-of-game-player-historic-street.jpg","width":1024,"height":1024,"caption":"A young man explores the historic streets of Bergen op Zoom with a city game on his phone."},{"@type":"BreadcrumbList","@id":"https:\/\/testwebsite.citygame.com\/hr\/games\/bergen-op-zoom\/secrets-of-bergen-op-zoom\/#breadcrumb","itemListElement":[{"@type":"ListItem","position":1,"name":"Home","item":"https:\/\/testwebsite.citygame.com\/hr\/"},{"@type":"ListItem","position":2,"name":"Shop","item":"https:\/\/testwebsite.citygame.com\/shop\/"},{"@type":"ListItem","position":3,"name":"Secrets of Bergen op Zoom"}]},{"@type":"WebSite","@id":"https:\/\/testwebsite.upevents.nl\/#website","url":"https:\/\/testwebsite.upevents.nl\/","name":"City Game","description":"","publisher":{"@id":"https:\/\/testwebsite.upevents.nl\/#organization"},"alternateName":"citygame.com","potentialAction":[{"@type":"SearchAction","target":{"@type":"EntryPoint","urlTemplate":"https:\/\/testwebsite.upevents.nl\/?s={search_term_string}"},"query-input":{"@type":"PropertyValueSpecification","valueRequired":true,"valueName":"search_term_string"}}],"inLanguage":"hr"},{"@type":["Organization","Place"],"@id":"https:\/\/testwebsite.upevents.nl\/#organization","name":"City Game","alternateName":"citygame.com","url":"https:\/\/testwebsite.upevents.nl\/","logo":{"@id":"https:\/\/testwebsite.citygame.com\/hr\/games\/bergen-op-zoom\/secrets-of-bergen-op-zoom\/#local-main-organization-logo"},"image":{"@id":"https:\/\/testwebsite.citygame.com\/hr\/games\/bergen-op-zoom\/secrets-of-bergen-op-zoom\/#local-main-organization-logo"},"sameAs":["https:\/\/www.facebook.com\/profile.php?id=100086426226253","https:\/\/www.instagram.com\/citygame_com","https:\/\/www.tiktok.com\/@citygamecom\/","https:\/\/www.linkedin.com\/company\/citygame-com"],"description":"Turn any city into a playground with our interactive City Games and self-guided tours. Fun, flexible, and ideal for groups and team building.","telephone":[],"openingHoursSpecification":[{"@type":"OpeningHoursSpecification","dayOfWeek":["Monday","Tuesday","Wednesday","Thursday","Friday","Saturday","Sunday"],"opens":"09:00","closes":"17:00"}]},{"@type":"ImageObject","inLanguage":"hr","@id":"https:\/\/testwebsite.citygame.com\/hr\/games\/bergen-op-zoom\/secrets-of-bergen-op-zoom\/#local-main-organization-logo","url":"https:\/\/testwebsite.citygame.com\/wp-content\/blogs.dir\/1\/files\/sites\/62\/2025\/10\/CG_LOGO-City-Game.png","contentUrl":"https:\/\/testwebsite.citygame.com\/wp-content\/blogs.dir\/1\/files\/sites\/62\/2025\/10\/CG_LOGO-City-Game.png","width":351,"height":377,"caption":"City Game"}]}},"taxonomy_info":{"game-concept":[{"value":714,"label":"Secrets"}],"location":[{"value":85,"label":"Bergen op Zoom"}],"product_cat":[{"value":27,"label":"Geen categorie"}]},"featured_image_src_large":["https:\/\/testwebsite.citygame.com\/wp-content\/blogs.dir\/1\/files\/sites\/62\/2026\/03\/bergen-op-zoom-secrets-of-game-player-historic-street.jpg",1024,1024,false],"author_info":[],"comment_info":"","_links":{"self":[{"href":"https:\/\/testwebsite.citygame.com\/hr\/wp-json\/wp\/v2\/product\/66221","targetHints":{"allow":["GET"]}}],"collection":[{"href":"https:\/\/testwebsite.citygame.com\/hr\/wp-json\/wp\/v2\/product"}],"about":[{"href":"https:\/\/testwebsite.citygame.com\/hr\/wp-json\/wp\/v2\/types\/product"}],"acf:post":[{"embeddable":true,"href":"https:\/\/testwebsite.citygame.com\/hr\/wp-json\/wp\/v2\/pages\/12157"}],"wp:featuredmedia":[{"embeddable":true,"href":"https:\/\/testwebsite.citygame.com\/hr\/wp-json\/wp\/v2\/media\/18721"}],"wp:attachment":[{"href":"https:\/\/testwebsite.citygame.com\/hr\/wp-json\/wp\/v2\/media?parent=66221"}],"wp:term":[{"taxonomy":"game-concept","embeddable":true,"href":"https:\/\/testwebsite.citygame.com\/hr\/wp-json\/wp\/v2\/game-concept?post=66221"},{"taxonomy":"location","embeddable":true,"href":"https:\/\/testwebsite.citygame.com\/hr\/wp-json\/wp\/v2\/location?post=66221"},{"taxonomy":"product_brand","embeddable":true,"href":"https:\/\/testwebsite.citygame.com\/hr\/wp-json\/wp\/v2\/product_brand?post=66221"},{"taxonomy":"product_cat","embeddable":true,"href":"https:\/\/testwebsite.citygame.com\/hr\/wp-json\/wp\/v2\/product_cat?post=66221"},{"taxonomy":"product_tag","embeddable":true,"href":"https:\/\/testwebsite.citygame.com\/hr\/wp-json\/wp\/v2\/product_tag?post=66221"}],"curies":[{"name":"wp","href":"https:\/\/api.w.org\/{rel}","templated":true}]}}