{"id":65987,"date":"2026-01-13T09:43:34","date_gmt":"2026-01-13T09:43:34","guid":{"rendered":"https:\/\/testwebsite.citygame.com\/games\/unknown-location\/secrets-of-porec\/"},"modified":"2026-04-08T17:11:20","modified_gmt":"2026-04-08T17:11:20","slug":"secrets-of-porec","status":"publish","type":"product","link":"https:\/\/testwebsite.citygame.com\/hr\/games\/porec\/secrets-of-porec\/","title":{"rendered":"Secrets of Pore\u010d"},"content":{"rendered":"<p>Igra &#8216;City Game Pore\u010d&#8217; je samostalna gradska igra temeljena na GPS-u koja se odvija u povijesnoj jezgri Pore\u010da. Koriste\u0107i pametni telefon, igra\u010di istra\u017euju grad rje\u0161avaju\u0107i interaktivne zagonetke, zagonetke temeljene na lokaciji i kreativne foto izazove. Usput otkrivaju bogatu povijest, kulturnu ba\u0161tinu i skrivene detalje koji Pore\u010d \u010dine jedinstvenim. Ova istra\u017eiva\u010dka igra pogodna je i za posjetitelje i za lokalno stanovni\u0161tvo, nude\u0107i zabavno i zanimljivo iskustvo. Bilo da se igra samostalno, u paru, s obitelji ili grupom prijatelja, &#8216;City Game Pore\u010d&#8217; nudi fleksibilan na\u010din povezivanja s gradom vlastitim tempom.<\/p>\n","protected":false},"excerpt":{"rendered":"<p>Otkrijte skrivene tajne Pore\u010da! Zakora\u010dite u suncem obasjan labirint drevnih mozaika, rimskih ru\u0161evina i ulica okupanih morem dok poma\u017eete biskupu Eufraziju da povrati svoju izgubljenu aureolu. Rje\u0161avajte tragove, otkrijte misterije i osjetite kako povijest o\u017eivljava u ovoj bo\u017eanskoj pustolovini!<\/p>\n","protected":false},"featured_media":3538,"template":"","meta":{"_acf_changed":false,"_yoast_wpseo_focuskw":"Secrets of Pore\u010d","_yoast_wpseo_metadesc":"Secrets of Pore\u010d. Igrajte samostalnu City Game igru i istra\u017eite grad kroz zagonetke, misterije i izazove. Igrajte vlastitim tempom i otkrijte grad kao lokalni stanovnik!","_kad_blocks_custom_css":"","_kad_blocks_head_custom_js":"","_kad_blocks_body_custom_js":"","_kad_blocks_footer_custom_js":"","ghostkit_customizer_options":"","ghostkit_custom_css":"","ghostkit_custom_js_head":"","ghostkit_custom_js_foot":"","ghostkit_typography":"","_kad_post_transparent":"default","_kad_post_title":"","_kad_post_layout":"default","_kad_post_sidebar_id":"","_kad_post_content_style":"default","_kad_post_vertical_padding":"default","_kad_post_feature":"","_kad_post_feature_position":"","_kad_post_header":false,"_kad_post_footer":false,"_kad_post_classname":"","_links_to":"","_links_to_target":""},"game-concept":[714],"location":[327],"product_brand":[],"product_cat":[27],"product_tag":[],"class_list":{"0":"post-65987","1":"product","2":"type-product","3":"status-publish","4":"has-post-thumbnail","6":"game-concept-secrets","7":"location-porec","8":"product_cat-geen-categorie","10":"first","11":"instock","12":"shipping-taxable","13":"purchasable","14":"product-type-simple","15":"entry","16":"content-bg","17":"loop-entry"},"acf":{"full_bokun_product_name":"Self-Guided Secrets of Pore\u010d Exploration Game","location_name":"Pore\u010d","bokun_calendar_widget_code":"<script type=\"text\/javascript\" src=\"https:\/\/widgets.bokun.io\/assets\/javascripts\/apps\/build\/BokunWidgetsLoader.js?bookingChannelUUID=a1e93e96-5232-4734-a595-28405f4b5a31\" async><\/script>\n     \n    <div class=\"bokunWidget\" data-src=\"https:\/\/widgets.bokun.io\/online-sales\/a1e93e96-5232-4734-a595-28405f4b5a31\/experience-calendar\/1102446\"><\/div>\n    <noscript>Please enable javascript in your browser to book<\/noscript>","bokun_button_widget_code":"<script type=\"text\/javascript\" src=\"https:\/\/widgets.bokun.io\/assets\/javascripts\/apps\/build\/BokunWidgetsLoader.js?bookingChannelUUID=a1e93e96-5232-4734-a595-28405f4b5a31\" async><\/script>\n      <style> #bokun_ed001e45_5927_4f62_b470_ca766338d083 { display: inline-block; padding: .4em 1em; background: #47b82e; border-radius: 999999px; box-shadow: none; font-weight: 600; font-size: 24px; text-decoration: none; text-align: center; color: #FFFFFF; border:none; cursor: pointer; transition: background .2s ease; } #bokun_ed001e45_5927_4f62_b470_ca766338d083:hover{ background: #2f7b1f; } #bokun_ed001e45_5927_4f62_b470_ca766338d083:active{ background: #378f24; } <\/style> <button class=\"bokunButton\" disabled id=bokun_ed001e45_5927_4f62_b470_ca766338d083 data-src=\"https:\/\/widgets.bokun.io\/online-sales\/a1e93e96-5232-4734-a595-28405f4b5a31\/experience-calendar\/1102446?partialView=1\" data-testid=\"widget-book-button\" > Book now <\/button> ","what_you\u2019ll_experience_during_the_game":"Igra 'Secrets of Pore\u010d City Game' spaja istra\u017eivanje s bogatom, razvijaju\u0107om pri\u010dom dok korak po korak otkrivate karakter grada. Pro\u0107i \u0107ete kroz u\u017eurbane i ti\u0161e kutke Pore\u010da, vo\u0111eni ne samo uputama, ve\u0107 i tragovima stvorenim da vas urone u njegovu pro\u0161lost i sada\u0161njost. Usput biste mogli pro\u0107i kroz Romani\u010dku ku\u0107u, diviti se povijesnim detaljima pala\u010de Zuccato ili zastati kod Hrama Marsa i Rimskih raster ulica gdje odjekuju drevni koraci. Bilo da stojite ispod goti\u010dkih lukova plemi\u0107ke ku\u0107e ili se opu\u0161tate u Parku biskupa Dobrile, svaka lokacija dodaje dubinu va\u0161oj urbanoj pustolovini.\r\n\r\nDok se kre\u0107ete ulicama Pore\u010da, rje\u0161avat \u0107ete niz zagonetki, misterija i foto-izazova koji pri\u010du o\u017eivljavaju. Svaki izazov koji zavr\u0161ite donosi bodove, otklju\u010dava korisne savjete i pribli\u017eava vas rje\u0161avanju sredi\u0161nje misterije koja povezuje cijelo putovanje. City Game se mo\u017ee igrati vlastitim tempom, s opcijom pauziranja i povratka kad god ste spremni nastaviti. Za one s natjecateljskim duhom, postizanje prvog mjesta na ljestvici dodaje dodatnu dozu uzbu\u0111enja va\u0161em istra\u017eivanju.","how_to_play":"Nakon rezervacije, primit \u0107ete e-mail s va\u0161om osobnom poveznicom za igru. Jednostavno se uputite do Hrama Marsa, po\u010detne to\u010dke va\u0161eg putovanja, otvorite poveznicu na svom pametnom telefonu i zapo\u010dnite svoju pustolovinu. Igra se mo\u017ee pauzirati u bilo kojem trenutku, \u0161to vam omogu\u0107uje da uzmete predah, popijete ne\u0161to ili slobodno istra\u017eujete prije nego \u0161to nastavite svoju potragu kako biste pomogli biskupu Eufraziju da povrati svoju izgubljenu aureolu.","start_location":"Pore\u010d, Temple of Mars","available_languages":"","players_per_group":"1-4","duration":"1.5-2 hours","image_overlay_color_image":"https:\/\/testwebsite.citygame.com\/wp-content\/blogs.dir\/1\/files\/sites\/62\/2026\/01\/SecretsColor.svg","image_overlay_game_logo":"https:\/\/testwebsite.citygame.com\/wp-content\/blogs.dir\/1\/files\/sites\/62\/2026\/01\/SecretsLogo.png","city_page":15715,"woocommerce_general_content":null},"yoast_head":"<!-- This site is optimized with the Yoast SEO Premium plugin v26.2 (Yoast SEO v26.3) - https:\/\/yoast.com\/wordpress\/plugins\/seo\/ -->\n<title>Secrets of Pore\u010d - City Game<\/title>\n<meta name=\"description\" content=\"Secrets of Pore\u010d. Igrajte samostalnu City Game igru i istra\u017eite grad kroz zagonetke, misterije i izazove. Igrajte vlastitim tempom i otkrijte grad kao lokalni stanovnik!\" \/>\n<meta name=\"robots\" content=\"noindex, follow, max-snippet:-1, max-image-preview:large, max-video-preview:-1\" \/>\n<meta property=\"og:locale\" content=\"hr_HR\" \/>\n<meta property=\"og:type\" content=\"article\" \/>\n<meta property=\"og:title\" content=\"Secrets of Pore\u010d\" \/>\n<meta property=\"og:description\" content=\"Secrets of Pore\u010d. Igrajte samostalnu City Game igru i istra\u017eite grad kroz zagonetke, misterije i izazove. Igrajte vlastitim tempom i otkrijte grad kao lokalni stanovnik!\" \/>\n<meta property=\"og:url\" content=\"https:\/\/testwebsite.citygame.com\/hr\/games\/porec\/secrets-of-porec\/\" \/>\n<meta property=\"og:site_name\" content=\"City Game\" \/>\n<meta property=\"article:publisher\" content=\"https:\/\/www.facebook.com\/profile.php?id=100086426226253\" \/>\n<meta property=\"article:modified_time\" content=\"2026-04-08T17:11:20+00:00\" \/>\n<meta property=\"og:image\" content=\"https:\/\/testwebsite.citygame.com\/wp-content\/blogs.dir\/1\/files\/sites\/62\/2026\/01\/porec-friends-playing-city-game-gothic-palace.jpg\" \/>\n\t<meta property=\"og:image:width\" content=\"1248\" \/>\n\t<meta property=\"og:image:height\" content=\"832\" \/>\n\t<meta property=\"og:image:type\" content=\"image\/jpeg\" \/>\n<meta name=\"twitter:card\" content=\"summary_large_image\" \/>\n<meta name=\"twitter:label1\" content=\"Procijenjeno vrijeme \u010ditanja\" \/>\n\t<meta name=\"twitter:data1\" content=\"1 minuta\" \/>\n<script type=\"application\/ld+json\" class=\"yoast-schema-graph\">{\"@context\":\"https:\/\/schema.org\",\"@graph\":[{\"@type\":\"WebPage\",\"@id\":\"https:\/\/testwebsite.citygame.com\/hr\/games\/porec\/secrets-of-porec\/\",\"url\":\"https:\/\/testwebsite.citygame.com\/hr\/games\/porec\/secrets-of-porec\/\",\"name\":\"Secrets of Pore\u010d - City Game\",\"isPartOf\":{\"@id\":\"https:\/\/testwebsite.upevents.nl\/#website\"},\"primaryImageOfPage\":{\"@id\":\"https:\/\/testwebsite.citygame.com\/hr\/games\/porec\/secrets-of-porec\/#primaryimage\"},\"image\":{\"@id\":\"https:\/\/testwebsite.citygame.com\/hr\/games\/porec\/secrets-of-porec\/#primaryimage\"},\"thumbnailUrl\":\"https:\/\/testwebsite.citygame.com\/wp-content\/blogs.dir\/1\/files\/sites\/62\/2026\/01\/porec-friends-playing-city-game-gothic-palace.jpg\",\"datePublished\":\"2026-01-13T09:43:34+00:00\",\"dateModified\":\"2026-04-08T17:11:20+00:00\",\"description\":\"Secrets of Pore\u010d. Igrajte samostalnu City Game igru i istra\u017eite grad kroz zagonetke, misterije i izazove. Igrajte vlastitim tempom i otkrijte grad kao lokalni stanovnik!\",\"breadcrumb\":{\"@id\":\"https:\/\/testwebsite.citygame.com\/hr\/games\/porec\/secrets-of-porec\/#breadcrumb\"},\"inLanguage\":\"hr\",\"potentialAction\":[{\"@type\":\"ReadAction\",\"target\":[\"https:\/\/testwebsite.citygame.com\/hr\/games\/porec\/secrets-of-porec\/\"]}]},{\"@type\":\"ImageObject\",\"inLanguage\":\"hr\",\"@id\":\"https:\/\/testwebsite.citygame.com\/hr\/games\/porec\/secrets-of-porec\/#primaryimage\",\"url\":\"https:\/\/testwebsite.citygame.com\/wp-content\/blogs.dir\/1\/files\/sites\/62\/2026\/01\/porec-friends-playing-city-game-gothic-palace.jpg\",\"contentUrl\":\"https:\/\/testwebsite.citygame.com\/wp-content\/blogs.dir\/1\/files\/sites\/62\/2026\/01\/porec-friends-playing-city-game-gothic-palace.jpg\",\"width\":1248,\"height\":832,\"caption\":\"A group of young tourists uses a smartphone app to explore the historic streets of Pore\u010d.\"},{\"@type\":\"BreadcrumbList\",\"@id\":\"https:\/\/testwebsite.citygame.com\/hr\/games\/porec\/secrets-of-porec\/#breadcrumb\",\"itemListElement\":[{\"@type\":\"ListItem\",\"position\":1,\"name\":\"Home\",\"item\":\"https:\/\/testwebsite.citygame.com\/hr\/\"},{\"@type\":\"ListItem\",\"position\":2,\"name\":\"Shop\",\"item\":\"https:\/\/testwebsite.citygame.com\/shop\/\"},{\"@type\":\"ListItem\",\"position\":3,\"name\":\"Secrets of Pore\u010d\"}]},{\"@type\":\"WebSite\",\"@id\":\"https:\/\/testwebsite.upevents.nl\/#website\",\"url\":\"https:\/\/testwebsite.upevents.nl\/\",\"name\":\"City Game\",\"description\":\"\",\"publisher\":{\"@id\":\"https:\/\/testwebsite.upevents.nl\/#organization\"},\"alternateName\":\"citygame.com\",\"potentialAction\":[{\"@type\":\"SearchAction\",\"target\":{\"@type\":\"EntryPoint\",\"urlTemplate\":\"https:\/\/testwebsite.upevents.nl\/?s={search_term_string}\"},\"query-input\":{\"@type\":\"PropertyValueSpecification\",\"valueRequired\":true,\"valueName\":\"search_term_string\"}}],\"inLanguage\":\"hr\"},{\"@type\":[\"Organization\",\"Place\"],\"@id\":\"https:\/\/testwebsite.upevents.nl\/#organization\",\"name\":\"City Game\",\"alternateName\":\"citygame.com\",\"url\":\"https:\/\/testwebsite.upevents.nl\/\",\"logo\":{\"@id\":\"https:\/\/testwebsite.citygame.com\/hr\/games\/porec\/secrets-of-porec\/#local-main-organization-logo\"},\"image\":{\"@id\":\"https:\/\/testwebsite.citygame.com\/hr\/games\/porec\/secrets-of-porec\/#local-main-organization-logo\"},\"sameAs\":[\"https:\/\/www.facebook.com\/profile.php?id=100086426226253\",\"https:\/\/www.instagram.com\/citygame_com\",\"https:\/\/www.tiktok.com\/@citygamecom\/\",\"https:\/\/www.linkedin.com\/company\/citygame-com\"],\"description\":\"Turn any city into a playground with our interactive City Games and self-guided tours. Fun, flexible, and ideal for groups and team building.\",\"telephone\":[],\"openingHoursSpecification\":[{\"@type\":\"OpeningHoursSpecification\",\"dayOfWeek\":[\"Monday\",\"Tuesday\",\"Wednesday\",\"Thursday\",\"Friday\",\"Saturday\",\"Sunday\"],\"opens\":\"09:00\",\"closes\":\"17:00\"}]},{\"@type\":\"ImageObject\",\"inLanguage\":\"hr\",\"@id\":\"https:\/\/testwebsite.citygame.com\/hr\/games\/porec\/secrets-of-porec\/#local-main-organization-logo\",\"url\":\"https:\/\/testwebsite.citygame.com\/wp-content\/blogs.dir\/1\/files\/sites\/62\/2025\/10\/CG_LOGO-City-Game.png\",\"contentUrl\":\"https:\/\/testwebsite.citygame.com\/wp-content\/blogs.dir\/1\/files\/sites\/62\/2025\/10\/CG_LOGO-City-Game.png\",\"width\":351,\"height\":377,\"caption\":\"City Game\"}]}<\/script>\n<!-- \/ Yoast SEO Premium plugin. -->","yoast_head_json":{"title":"Secrets of Pore\u010d - City Game","description":"Secrets of Pore\u010d. Igrajte samostalnu City Game igru i istra\u017eite grad kroz zagonetke, misterije i izazove. Igrajte vlastitim tempom i otkrijte grad kao lokalni stanovnik!","robots":{"index":"noindex","follow":"follow","max-snippet":"max-snippet:-1","max-image-preview":"max-image-preview:large","max-video-preview":"max-video-preview:-1"},"og_locale":"hr_HR","og_type":"article","og_title":"Secrets of Pore\u010d","og_description":"Secrets of Pore\u010d. Igrajte samostalnu City Game igru i istra\u017eite grad kroz zagonetke, misterije i izazove. Igrajte vlastitim tempom i otkrijte grad kao lokalni stanovnik!","og_url":"https:\/\/testwebsite.citygame.com\/hr\/games\/porec\/secrets-of-porec\/","og_site_name":"City Game","article_publisher":"https:\/\/www.facebook.com\/profile.php?id=100086426226253","article_modified_time":"2026-04-08T17:11:20+00:00","og_image":[{"width":1248,"height":832,"url":"https:\/\/testwebsite.citygame.com\/wp-content\/blogs.dir\/1\/files\/sites\/62\/2026\/01\/porec-friends-playing-city-game-gothic-palace.jpg","type":"image\/jpeg"}],"twitter_card":"summary_large_image","twitter_misc":{"Procijenjeno vrijeme \u010ditanja":"1 minuta"},"schema":{"@context":"https:\/\/schema.org","@graph":[{"@type":"WebPage","@id":"https:\/\/testwebsite.citygame.com\/hr\/games\/porec\/secrets-of-porec\/","url":"https:\/\/testwebsite.citygame.com\/hr\/games\/porec\/secrets-of-porec\/","name":"Secrets of Pore\u010d - City Game","isPartOf":{"@id":"https:\/\/testwebsite.upevents.nl\/#website"},"primaryImageOfPage":{"@id":"https:\/\/testwebsite.citygame.com\/hr\/games\/porec\/secrets-of-porec\/#primaryimage"},"image":{"@id":"https:\/\/testwebsite.citygame.com\/hr\/games\/porec\/secrets-of-porec\/#primaryimage"},"thumbnailUrl":"https:\/\/testwebsite.citygame.com\/wp-content\/blogs.dir\/1\/files\/sites\/62\/2026\/01\/porec-friends-playing-city-game-gothic-palace.jpg","datePublished":"2026-01-13T09:43:34+00:00","dateModified":"2026-04-08T17:11:20+00:00","description":"Secrets of Pore\u010d. Igrajte samostalnu City Game igru i istra\u017eite grad kroz zagonetke, misterije i izazove. Igrajte vlastitim tempom i otkrijte grad kao lokalni stanovnik!","breadcrumb":{"@id":"https:\/\/testwebsite.citygame.com\/hr\/games\/porec\/secrets-of-porec\/#breadcrumb"},"inLanguage":"hr","potentialAction":[{"@type":"ReadAction","target":["https:\/\/testwebsite.citygame.com\/hr\/games\/porec\/secrets-of-porec\/"]}]},{"@type":"ImageObject","inLanguage":"hr","@id":"https:\/\/testwebsite.citygame.com\/hr\/games\/porec\/secrets-of-porec\/#primaryimage","url":"https:\/\/testwebsite.citygame.com\/wp-content\/blogs.dir\/1\/files\/sites\/62\/2026\/01\/porec-friends-playing-city-game-gothic-palace.jpg","contentUrl":"https:\/\/testwebsite.citygame.com\/wp-content\/blogs.dir\/1\/files\/sites\/62\/2026\/01\/porec-friends-playing-city-game-gothic-palace.jpg","width":1248,"height":832,"caption":"A group of young tourists uses a smartphone app to explore the historic streets of Pore\u010d."},{"@type":"BreadcrumbList","@id":"https:\/\/testwebsite.citygame.com\/hr\/games\/porec\/secrets-of-porec\/#breadcrumb","itemListElement":[{"@type":"ListItem","position":1,"name":"Home","item":"https:\/\/testwebsite.citygame.com\/hr\/"},{"@type":"ListItem","position":2,"name":"Shop","item":"https:\/\/testwebsite.citygame.com\/shop\/"},{"@type":"ListItem","position":3,"name":"Secrets of Pore\u010d"}]},{"@type":"WebSite","@id":"https:\/\/testwebsite.upevents.nl\/#website","url":"https:\/\/testwebsite.upevents.nl\/","name":"City Game","description":"","publisher":{"@id":"https:\/\/testwebsite.upevents.nl\/#organization"},"alternateName":"citygame.com","potentialAction":[{"@type":"SearchAction","target":{"@type":"EntryPoint","urlTemplate":"https:\/\/testwebsite.upevents.nl\/?s={search_term_string}"},"query-input":{"@type":"PropertyValueSpecification","valueRequired":true,"valueName":"search_term_string"}}],"inLanguage":"hr"},{"@type":["Organization","Place"],"@id":"https:\/\/testwebsite.upevents.nl\/#organization","name":"City Game","alternateName":"citygame.com","url":"https:\/\/testwebsite.upevents.nl\/","logo":{"@id":"https:\/\/testwebsite.citygame.com\/hr\/games\/porec\/secrets-of-porec\/#local-main-organization-logo"},"image":{"@id":"https:\/\/testwebsite.citygame.com\/hr\/games\/porec\/secrets-of-porec\/#local-main-organization-logo"},"sameAs":["https:\/\/www.facebook.com\/profile.php?id=100086426226253","https:\/\/www.instagram.com\/citygame_com","https:\/\/www.tiktok.com\/@citygamecom\/","https:\/\/www.linkedin.com\/company\/citygame-com"],"description":"Turn any city into a playground with our interactive City Games and self-guided tours. Fun, flexible, and ideal for groups and team building.","telephone":[],"openingHoursSpecification":[{"@type":"OpeningHoursSpecification","dayOfWeek":["Monday","Tuesday","Wednesday","Thursday","Friday","Saturday","Sunday"],"opens":"09:00","closes":"17:00"}]},{"@type":"ImageObject","inLanguage":"hr","@id":"https:\/\/testwebsite.citygame.com\/hr\/games\/porec\/secrets-of-porec\/#local-main-organization-logo","url":"https:\/\/testwebsite.citygame.com\/wp-content\/blogs.dir\/1\/files\/sites\/62\/2025\/10\/CG_LOGO-City-Game.png","contentUrl":"https:\/\/testwebsite.citygame.com\/wp-content\/blogs.dir\/1\/files\/sites\/62\/2025\/10\/CG_LOGO-City-Game.png","width":351,"height":377,"caption":"City Game"}]}},"taxonomy_info":{"game-concept":[{"value":714,"label":"Secrets"}],"location":[{"value":327,"label":"Pore\u010d"}],"product_cat":[{"value":27,"label":"Geen categorie"}]},"featured_image_src_large":["https:\/\/testwebsite.citygame.com\/wp-content\/blogs.dir\/1\/files\/sites\/62\/2026\/01\/porec-friends-playing-city-game-gothic-palace-1024x683.jpg",1024,683,true],"author_info":[],"comment_info":"","_links":{"self":[{"href":"https:\/\/testwebsite.citygame.com\/hr\/wp-json\/wp\/v2\/product\/65987","targetHints":{"allow":["GET"]}}],"collection":[{"href":"https:\/\/testwebsite.citygame.com\/hr\/wp-json\/wp\/v2\/product"}],"about":[{"href":"https:\/\/testwebsite.citygame.com\/hr\/wp-json\/wp\/v2\/types\/product"}],"acf:post":[{"embeddable":true,"href":"https:\/\/testwebsite.citygame.com\/hr\/wp-json\/wp\/v2\/pages\/15715"}],"wp:featuredmedia":[{"embeddable":true,"href":"https:\/\/testwebsite.citygame.com\/hr\/wp-json\/wp\/v2\/media\/3538"}],"wp:attachment":[{"href":"https:\/\/testwebsite.citygame.com\/hr\/wp-json\/wp\/v2\/media?parent=65987"}],"wp:term":[{"taxonomy":"game-concept","embeddable":true,"href":"https:\/\/testwebsite.citygame.com\/hr\/wp-json\/wp\/v2\/game-concept?post=65987"},{"taxonomy":"location","embeddable":true,"href":"https:\/\/testwebsite.citygame.com\/hr\/wp-json\/wp\/v2\/location?post=65987"},{"taxonomy":"product_brand","embeddable":true,"href":"https:\/\/testwebsite.citygame.com\/hr\/wp-json\/wp\/v2\/product_brand?post=65987"},{"taxonomy":"product_cat","embeddable":true,"href":"https:\/\/testwebsite.citygame.com\/hr\/wp-json\/wp\/v2\/product_cat?post=65987"},{"taxonomy":"product_tag","embeddable":true,"href":"https:\/\/testwebsite.citygame.com\/hr\/wp-json\/wp\/v2\/product_tag?post=65987"}],"curies":[{"name":"wp","href":"https:\/\/api.w.org\/{rel}","templated":true}]}}