{"id":63396,"date":"2026-03-13T10:41:05","date_gmt":"2026-03-13T10:41:05","guid":{"rendered":"https:\/\/testwebsite.citygame.com\/games\/unknown-location\/secrets-of-madrid\/"},"modified":"2026-04-08T11:35:41","modified_gmt":"2026-04-08T11:35:41","slug":"secrets-of-madrid","status":"publish","type":"product","link":"https:\/\/testwebsite.citygame.com\/hr\/games\/madrid\/secrets-of-madrid\/","title":{"rendered":"Secrets of Madrid"},"content":{"rendered":"<p>\u2019Secrets of Madrid Gradska igra\u2019 je samostalna, GPS-temeljena istra\u017eiva\u010dka igra koja se odvija u povijesnom centru Madrida. Sudionici mogu navigirati gradskim ulicama koriste\u0107i svoj pametni telefon, rje\u0161avaju\u0107i razne zagonetke, mozgalice i foto izazove usput. Igra pru\u017ea jedinstven na\u010din za igra\u010de da urone u bogatu povijest Madrida, autenti\u010dno do\u017eive kulturu i otkriju \u010desto zanemarene detalje grada. I lokalno stanovni\u0161tvo i posjetitelji ocjenjuju ovo kao zadivljuju\u0107i na\u010din za razgledavanje grada. Igra je savr\u0161eno prilago\u0111ena za bilo koju vrstu igra\u010da, od solo istra\u017eiva\u010da do parova, obitelji, pa \u010dak i grupa prijatelja \u017eeljnih razotkrivanja tajni ovog intrigantnog grada.<\/p>\n","protected":false},"excerpt":{"rendered":"<p>Otkrijte \u010daroliju i veli\u010danstvenost Madrida! Istra\u017eite grad u kojem strast te\u010de kroz velike bulevare, a povijest \u0161apu\u0107e u svakom tapas baru i flamenco dvorani. Pove\u017eite to\u010dkice dok putujete kroz njegovu \u017eivahnu jezgru, Madrid je prepun uzbudljivih otkri\u0107a na svakom koraku!<\/p>\n","protected":false},"featured_media":18470,"template":"","meta":{"_acf_changed":false,"_yoast_wpseo_focuskw":"Secrets of Madrid","_yoast_wpseo_metadesc":"Secrets of Madrid. Igrajte samostalnu Gradsku igru i istra\u017eite grad kroz zagonetke, mozgalice i izazove. Igrajte svojim tempom i otkrijte kao lokalac!","_kad_blocks_custom_css":"","_kad_blocks_head_custom_js":"","_kad_blocks_body_custom_js":"","_kad_blocks_footer_custom_js":"","ghostkit_customizer_options":"","ghostkit_custom_css":"","ghostkit_custom_js_head":"","ghostkit_custom_js_foot":"","ghostkit_typography":"","_kad_post_transparent":"","_kad_post_title":"","_kad_post_layout":"","_kad_post_sidebar_id":"","_kad_post_content_style":"","_kad_post_vertical_padding":"","_kad_post_feature":"","_kad_post_feature_position":"","_kad_post_header":false,"_kad_post_footer":false,"_kad_post_classname":"","_links_to":"","_links_to_target":""},"game-concept":[714],"location":[257],"product_brand":[],"product_cat":[27],"product_tag":[],"class_list":{"0":"post-63396","1":"product","2":"type-product","3":"status-publish","4":"has-post-thumbnail","6":"game-concept-secrets","7":"location-madrid","8":"product_cat-geen-categorie","10":"first","11":"instock","12":"shipping-taxable","13":"purchasable","14":"product-type-simple","15":"entry","16":"content-bg","17":"loop-entry"},"acf":{"full_bokun_product_name":"Self-Guided Secrets of Madrid Exploration Game","location_name":"Madrid","bokun_calendar_widget_code":"<script type=\"text\/javascript\" src=\"https:\/\/widgets.bokun.io\/assets\/javascripts\/apps\/build\/BokunWidgetsLoader.js?bookingChannelUUID=a1e93e96-5232-4734-a595-28405f4b5a31\" async><\/script>\n     \n    <div class=\"bokunWidget\" data-src=\"https:\/\/widgets.bokun.io\/online-sales\/a1e93e96-5232-4734-a595-28405f4b5a31\/experience-calendar\/872778\"><\/div>\n    <noscript>Please enable javascript in your browser to book<\/noscript>","bokun_button_widget_code":"<script type=\"text\/javascript\" src=\"https:\/\/widgets.bokun.io\/assets\/javascripts\/apps\/build\/BokunWidgetsLoader.js?bookingChannelUUID=a1e93e96-5232-4734-a595-28405f4b5a31\" async><\/script>\n      <style> #bokun_ed001e45_5927_4f62_b470_ca766338d083 { display: inline-block; padding: .4em 1em; background: #47b82e; border-radius: 999999px; box-shadow: none; font-weight: 600; font-size: 24px; text-decoration: none; text-align: center; color: #FFFFFF; border:none; cursor: pointer; transition: background .2s ease; } #bokun_ed001e45_5927_4f62_b470_ca766338d083:hover{ background: #2f7b1f; } #bokun_ed001e45_5927_4f62_b470_ca766338d083:active{ background: #378f24; } <\/style> <button class=\"bokunButton\" disabled id=bokun_ed001e45_5927_4f62_b470_ca766338d083 data-src=\"https:\/\/widgets.bokun.io\/online-sales\/a1e93e96-5232-4734-a595-28405f4b5a31\/experience-calendar\/872778?partialView=1\" data-testid=\"widget-book-button\" > Book now <\/button> ","what_you\u2019ll_experience_during_the_game":"Upustite se u o\u010daravaju\u0107e putovanje dok grad Madrid otkriva svoje tajne u ovoj inovativnoj Gradskoj igri. Ova imerzivna avantura spaja razgledavanje s intrigantnom naracijom i neodoljivim izazovima, vode\u0107i vas da otkrijete raznolike slojeve Madrida. Igra \u0107e voditi igra\u010de kroz popularne i skrivene dragulje grada, bacaju\u0107i novo svjetlo na znamenitosti poput Kraljevske pala\u010de u Madridu, Plaze Mayor i Muzeja Prado. Dok navigirate zapanjuju\u0107im fasadama i \u017eivahnim \u010detvrtima grada, pri\u010da \u0107e razotkriti duboku povezanost s du\u0161om Madrida, ostavljaju\u0107i vam trajne uspomene.\n\nMehanika igre je privla\u010dna jer se igra\u010dima predstavljaju intrigantne zagonetke, mozgalice i kreativni foto izazovi. Dok rje\u0161avate svaki izazov, zara\u0111ujete bodove, otklju\u010davate vrijedne savjete i pribli\u017eavate se razotkrivanju uzbudljive misterije u srcu igre. \u0160tovi\u0161e, razumijemo da istra\u017eivanje ne bi trebalo imati vremenska ograni\u010denja! Dakle, bez obzira \u017eelite li pauzirati za tapas u \u0161armantnom kafi\u0107u ili snimiti zadivljuju\u0107e fotografije, igra se mo\u017ee pauzirati i nastaviti kad god po\u017eelite. Za one natjecateljskog duha, tu je dodatno uzbu\u0111enje ciljanja visokog polo\u017eaja na ljestvici rezultata. Pridru\u017eite nam se u ovoj revolucionarnoj Gradskoj igri i do\u017eivite \u017eivahnu metropolu Madrid kao nikada prije.","how_to_play":"Rezervirajte Istra\u017eiva\u010dku igru, provjerite e-po\u0161tu koju vam \u0161aljemo s jednostavnim uputama, preuzmite aplikaciju Loquiz, pristupite Istra\u017eiva\u010dkoj igri i spremni ste zapo\u010deti svoje igra\u010dko iskustvo!","start_location":"Madrid, Puerta del Sol","available_languages":["en"],"players_per_group":"1-4","duration":"1.5-2 hours","image_overlay_color_image":"https:\/\/testwebsite.citygame.com\/wp-content\/blogs.dir\/1\/files\/sites\/62\/2026\/01\/SecretsColor.svg","image_overlay_game_logo":"https:\/\/testwebsite.citygame.com\/wp-content\/blogs.dir\/1\/files\/sites\/62\/2026\/01\/SecretsLogo.png","city_page":10558,"woocommerce_general_content":null},"yoast_head":"<!-- This site is optimized with the Yoast SEO Premium plugin v26.2 (Yoast SEO v26.3) - https:\/\/yoast.com\/wordpress\/plugins\/seo\/ -->\n<title>Secrets of Madrid - City Game<\/title>\n<meta name=\"description\" content=\"Secrets of Madrid. Igrajte samostalnu Gradsku igru i istra\u017eite grad kroz zagonetke, mozgalice i izazove. Igrajte svojim tempom i otkrijte kao lokalac!\" \/>\n<meta name=\"robots\" content=\"noindex, follow, max-snippet:-1, max-image-preview:large, max-video-preview:-1\" \/>\n<meta property=\"og:locale\" content=\"hr_HR\" \/>\n<meta property=\"og:type\" content=\"article\" \/>\n<meta property=\"og:title\" content=\"Secrets of Madrid\" \/>\n<meta property=\"og:description\" content=\"Secrets of Madrid. Igrajte samostalnu Gradsku igru i istra\u017eite grad kroz zagonetke, mozgalice i izazove. Igrajte svojim tempom i otkrijte kao lokalac!\" \/>\n<meta property=\"og:url\" content=\"https:\/\/testwebsite.citygame.com\/hr\/games\/madrid\/secrets-of-madrid\/\" \/>\n<meta property=\"og:site_name\" content=\"City Game\" \/>\n<meta property=\"article:publisher\" content=\"https:\/\/www.facebook.com\/profile.php?id=100086426226253\" \/>\n<meta property=\"article:modified_time\" content=\"2026-04-08T11:35:41+00:00\" \/>\n<meta property=\"og:image\" content=\"https:\/\/testwebsite.citygame.com\/wp-content\/blogs.dir\/1\/files\/sites\/62\/2026\/03\/city-game-madrid-players-looking-at-phone.jpg\" \/>\n\t<meta property=\"og:image:width\" content=\"1024\" \/>\n\t<meta property=\"og:image:height\" content=\"1024\" \/>\n\t<meta property=\"og:image:type\" content=\"image\/jpeg\" \/>\n<meta name=\"twitter:card\" content=\"summary_large_image\" \/>\n<meta name=\"twitter:label1\" content=\"Procijenjeno vrijeme \u010ditanja\" \/>\n\t<meta name=\"twitter:data1\" content=\"1 minuta\" \/>\n<script type=\"application\/ld+json\" class=\"yoast-schema-graph\">{\"@context\":\"https:\/\/schema.org\",\"@graph\":[{\"@type\":\"WebPage\",\"@id\":\"https:\/\/testwebsite.citygame.com\/hr\/games\/madrid\/secrets-of-madrid\/\",\"url\":\"https:\/\/testwebsite.citygame.com\/hr\/games\/madrid\/secrets-of-madrid\/\",\"name\":\"Secrets of Madrid - City Game\",\"isPartOf\":{\"@id\":\"https:\/\/testwebsite.upevents.nl\/#website\"},\"primaryImageOfPage\":{\"@id\":\"https:\/\/testwebsite.citygame.com\/hr\/games\/madrid\/secrets-of-madrid\/#primaryimage\"},\"image\":{\"@id\":\"https:\/\/testwebsite.citygame.com\/hr\/games\/madrid\/secrets-of-madrid\/#primaryimage\"},\"thumbnailUrl\":\"https:\/\/testwebsite.citygame.com\/wp-content\/blogs.dir\/1\/files\/sites\/62\/2026\/03\/city-game-madrid-players-looking-at-phone.jpg\",\"datePublished\":\"2026-03-13T10:41:05+00:00\",\"dateModified\":\"2026-04-08T11:35:41+00:00\",\"description\":\"Secrets of Madrid. Igrajte samostalnu Gradsku igru i istra\u017eite grad kroz zagonetke, mozgalice i izazove. Igrajte svojim tempom i otkrijte kao lokalac!\",\"breadcrumb\":{\"@id\":\"https:\/\/testwebsite.citygame.com\/hr\/games\/madrid\/secrets-of-madrid\/#breadcrumb\"},\"inLanguage\":\"hr\",\"potentialAction\":[{\"@type\":\"ReadAction\",\"target\":[\"https:\/\/testwebsite.citygame.com\/hr\/games\/madrid\/secrets-of-madrid\/\"]}]},{\"@type\":\"ImageObject\",\"inLanguage\":\"hr\",\"@id\":\"https:\/\/testwebsite.citygame.com\/hr\/games\/madrid\/secrets-of-madrid\/#primaryimage\",\"url\":\"https:\/\/testwebsite.citygame.com\/wp-content\/blogs.dir\/1\/files\/sites\/62\/2026\/03\/city-game-madrid-players-looking-at-phone.jpg\",\"contentUrl\":\"https:\/\/testwebsite.citygame.com\/wp-content\/blogs.dir\/1\/files\/sites\/62\/2026\/03\/city-game-madrid-players-looking-at-phone.jpg\",\"width\":1024,\"height\":1024,\"caption\":\"A group of young people gather around a smartphone while exploring the streets of Madrid.\"},{\"@type\":\"BreadcrumbList\",\"@id\":\"https:\/\/testwebsite.citygame.com\/hr\/games\/madrid\/secrets-of-madrid\/#breadcrumb\",\"itemListElement\":[{\"@type\":\"ListItem\",\"position\":1,\"name\":\"Home\",\"item\":\"https:\/\/testwebsite.citygame.com\/hr\/\"},{\"@type\":\"ListItem\",\"position\":2,\"name\":\"Shop\",\"item\":\"https:\/\/testwebsite.citygame.com\/shop\/\"},{\"@type\":\"ListItem\",\"position\":3,\"name\":\"Secrets of Madrid\"}]},{\"@type\":\"WebSite\",\"@id\":\"https:\/\/testwebsite.upevents.nl\/#website\",\"url\":\"https:\/\/testwebsite.upevents.nl\/\",\"name\":\"City Game\",\"description\":\"\",\"publisher\":{\"@id\":\"https:\/\/testwebsite.upevents.nl\/#organization\"},\"alternateName\":\"citygame.com\",\"potentialAction\":[{\"@type\":\"SearchAction\",\"target\":{\"@type\":\"EntryPoint\",\"urlTemplate\":\"https:\/\/testwebsite.upevents.nl\/?s={search_term_string}\"},\"query-input\":{\"@type\":\"PropertyValueSpecification\",\"valueRequired\":true,\"valueName\":\"search_term_string\"}}],\"inLanguage\":\"hr\"},{\"@type\":[\"Organization\",\"Place\"],\"@id\":\"https:\/\/testwebsite.upevents.nl\/#organization\",\"name\":\"City Game\",\"alternateName\":\"citygame.com\",\"url\":\"https:\/\/testwebsite.upevents.nl\/\",\"logo\":{\"@id\":\"https:\/\/testwebsite.citygame.com\/hr\/games\/madrid\/secrets-of-madrid\/#local-main-organization-logo\"},\"image\":{\"@id\":\"https:\/\/testwebsite.citygame.com\/hr\/games\/madrid\/secrets-of-madrid\/#local-main-organization-logo\"},\"sameAs\":[\"https:\/\/www.facebook.com\/profile.php?id=100086426226253\",\"https:\/\/www.instagram.com\/citygame_com\",\"https:\/\/www.tiktok.com\/@citygamecom\/\",\"https:\/\/www.linkedin.com\/company\/citygame-com\"],\"description\":\"Turn any city into a playground with our interactive City Games and self-guided tours. Fun, flexible, and ideal for groups and team building.\",\"telephone\":[],\"openingHoursSpecification\":[{\"@type\":\"OpeningHoursSpecification\",\"dayOfWeek\":[\"Monday\",\"Tuesday\",\"Wednesday\",\"Thursday\",\"Friday\",\"Saturday\",\"Sunday\"],\"opens\":\"09:00\",\"closes\":\"17:00\"}]},{\"@type\":\"ImageObject\",\"inLanguage\":\"hr\",\"@id\":\"https:\/\/testwebsite.citygame.com\/hr\/games\/madrid\/secrets-of-madrid\/#local-main-organization-logo\",\"url\":\"https:\/\/testwebsite.citygame.com\/wp-content\/blogs.dir\/1\/files\/sites\/62\/2025\/10\/CG_LOGO-City-Game.png\",\"contentUrl\":\"https:\/\/testwebsite.citygame.com\/wp-content\/blogs.dir\/1\/files\/sites\/62\/2025\/10\/CG_LOGO-City-Game.png\",\"width\":351,\"height\":377,\"caption\":\"City Game\"}]}<\/script>\n<!-- \/ Yoast SEO Premium plugin. -->","yoast_head_json":{"title":"Secrets of Madrid - City Game","description":"Secrets of Madrid. Igrajte samostalnu Gradsku igru i istra\u017eite grad kroz zagonetke, mozgalice i izazove. Igrajte svojim tempom i otkrijte kao lokalac!","robots":{"index":"noindex","follow":"follow","max-snippet":"max-snippet:-1","max-image-preview":"max-image-preview:large","max-video-preview":"max-video-preview:-1"},"og_locale":"hr_HR","og_type":"article","og_title":"Secrets of Madrid","og_description":"Secrets of Madrid. Igrajte samostalnu Gradsku igru i istra\u017eite grad kroz zagonetke, mozgalice i izazove. Igrajte svojim tempom i otkrijte kao lokalac!","og_url":"https:\/\/testwebsite.citygame.com\/hr\/games\/madrid\/secrets-of-madrid\/","og_site_name":"City Game","article_publisher":"https:\/\/www.facebook.com\/profile.php?id=100086426226253","article_modified_time":"2026-04-08T11:35:41+00:00","og_image":[{"width":1024,"height":1024,"url":"https:\/\/testwebsite.citygame.com\/wp-content\/blogs.dir\/1\/files\/sites\/62\/2026\/03\/city-game-madrid-players-looking-at-phone.jpg","type":"image\/jpeg"}],"twitter_card":"summary_large_image","twitter_misc":{"Procijenjeno vrijeme \u010ditanja":"1 minuta"},"schema":{"@context":"https:\/\/schema.org","@graph":[{"@type":"WebPage","@id":"https:\/\/testwebsite.citygame.com\/hr\/games\/madrid\/secrets-of-madrid\/","url":"https:\/\/testwebsite.citygame.com\/hr\/games\/madrid\/secrets-of-madrid\/","name":"Secrets of Madrid - City Game","isPartOf":{"@id":"https:\/\/testwebsite.upevents.nl\/#website"},"primaryImageOfPage":{"@id":"https:\/\/testwebsite.citygame.com\/hr\/games\/madrid\/secrets-of-madrid\/#primaryimage"},"image":{"@id":"https:\/\/testwebsite.citygame.com\/hr\/games\/madrid\/secrets-of-madrid\/#primaryimage"},"thumbnailUrl":"https:\/\/testwebsite.citygame.com\/wp-content\/blogs.dir\/1\/files\/sites\/62\/2026\/03\/city-game-madrid-players-looking-at-phone.jpg","datePublished":"2026-03-13T10:41:05+00:00","dateModified":"2026-04-08T11:35:41+00:00","description":"Secrets of Madrid. Igrajte samostalnu Gradsku igru i istra\u017eite grad kroz zagonetke, mozgalice i izazove. Igrajte svojim tempom i otkrijte kao lokalac!","breadcrumb":{"@id":"https:\/\/testwebsite.citygame.com\/hr\/games\/madrid\/secrets-of-madrid\/#breadcrumb"},"inLanguage":"hr","potentialAction":[{"@type":"ReadAction","target":["https:\/\/testwebsite.citygame.com\/hr\/games\/madrid\/secrets-of-madrid\/"]}]},{"@type":"ImageObject","inLanguage":"hr","@id":"https:\/\/testwebsite.citygame.com\/hr\/games\/madrid\/secrets-of-madrid\/#primaryimage","url":"https:\/\/testwebsite.citygame.com\/wp-content\/blogs.dir\/1\/files\/sites\/62\/2026\/03\/city-game-madrid-players-looking-at-phone.jpg","contentUrl":"https:\/\/testwebsite.citygame.com\/wp-content\/blogs.dir\/1\/files\/sites\/62\/2026\/03\/city-game-madrid-players-looking-at-phone.jpg","width":1024,"height":1024,"caption":"A group of young people gather around a smartphone while exploring the streets of Madrid."},{"@type":"BreadcrumbList","@id":"https:\/\/testwebsite.citygame.com\/hr\/games\/madrid\/secrets-of-madrid\/#breadcrumb","itemListElement":[{"@type":"ListItem","position":1,"name":"Home","item":"https:\/\/testwebsite.citygame.com\/hr\/"},{"@type":"ListItem","position":2,"name":"Shop","item":"https:\/\/testwebsite.citygame.com\/shop\/"},{"@type":"ListItem","position":3,"name":"Secrets of Madrid"}]},{"@type":"WebSite","@id":"https:\/\/testwebsite.upevents.nl\/#website","url":"https:\/\/testwebsite.upevents.nl\/","name":"City Game","description":"","publisher":{"@id":"https:\/\/testwebsite.upevents.nl\/#organization"},"alternateName":"citygame.com","potentialAction":[{"@type":"SearchAction","target":{"@type":"EntryPoint","urlTemplate":"https:\/\/testwebsite.upevents.nl\/?s={search_term_string}"},"query-input":{"@type":"PropertyValueSpecification","valueRequired":true,"valueName":"search_term_string"}}],"inLanguage":"hr"},{"@type":["Organization","Place"],"@id":"https:\/\/testwebsite.upevents.nl\/#organization","name":"City Game","alternateName":"citygame.com","url":"https:\/\/testwebsite.upevents.nl\/","logo":{"@id":"https:\/\/testwebsite.citygame.com\/hr\/games\/madrid\/secrets-of-madrid\/#local-main-organization-logo"},"image":{"@id":"https:\/\/testwebsite.citygame.com\/hr\/games\/madrid\/secrets-of-madrid\/#local-main-organization-logo"},"sameAs":["https:\/\/www.facebook.com\/profile.php?id=100086426226253","https:\/\/www.instagram.com\/citygame_com","https:\/\/www.tiktok.com\/@citygamecom\/","https:\/\/www.linkedin.com\/company\/citygame-com"],"description":"Turn any city into a playground with our interactive City Games and self-guided tours. Fun, flexible, and ideal for groups and team building.","telephone":[],"openingHoursSpecification":[{"@type":"OpeningHoursSpecification","dayOfWeek":["Monday","Tuesday","Wednesday","Thursday","Friday","Saturday","Sunday"],"opens":"09:00","closes":"17:00"}]},{"@type":"ImageObject","inLanguage":"hr","@id":"https:\/\/testwebsite.citygame.com\/hr\/games\/madrid\/secrets-of-madrid\/#local-main-organization-logo","url":"https:\/\/testwebsite.citygame.com\/wp-content\/blogs.dir\/1\/files\/sites\/62\/2025\/10\/CG_LOGO-City-Game.png","contentUrl":"https:\/\/testwebsite.citygame.com\/wp-content\/blogs.dir\/1\/files\/sites\/62\/2025\/10\/CG_LOGO-City-Game.png","width":351,"height":377,"caption":"City Game"}]}},"taxonomy_info":{"game-concept":[{"value":714,"label":"Secrets"}],"location":[{"value":257,"label":"Madrid"}],"product_cat":[{"value":27,"label":"Geen categorie"}]},"featured_image_src_large":["https:\/\/testwebsite.citygame.com\/wp-content\/blogs.dir\/1\/files\/sites\/62\/2026\/03\/city-game-madrid-players-looking-at-phone.jpg",1024,1024,false],"author_info":[],"comment_info":"","_links":{"self":[{"href":"https:\/\/testwebsite.citygame.com\/hr\/wp-json\/wp\/v2\/product\/63396","targetHints":{"allow":["GET"]}}],"collection":[{"href":"https:\/\/testwebsite.citygame.com\/hr\/wp-json\/wp\/v2\/product"}],"about":[{"href":"https:\/\/testwebsite.citygame.com\/hr\/wp-json\/wp\/v2\/types\/product"}],"acf:post":[{"embeddable":true,"href":"https:\/\/testwebsite.citygame.com\/hr\/wp-json\/wp\/v2\/pages\/10558"}],"wp:featuredmedia":[{"embeddable":true,"href":"https:\/\/testwebsite.citygame.com\/hr\/wp-json\/wp\/v2\/media\/18470"}],"wp:attachment":[{"href":"https:\/\/testwebsite.citygame.com\/hr\/wp-json\/wp\/v2\/media?parent=63396"}],"wp:term":[{"taxonomy":"game-concept","embeddable":true,"href":"https:\/\/testwebsite.citygame.com\/hr\/wp-json\/wp\/v2\/game-concept?post=63396"},{"taxonomy":"location","embeddable":true,"href":"https:\/\/testwebsite.citygame.com\/hr\/wp-json\/wp\/v2\/location?post=63396"},{"taxonomy":"product_brand","embeddable":true,"href":"https:\/\/testwebsite.citygame.com\/hr\/wp-json\/wp\/v2\/product_brand?post=63396"},{"taxonomy":"product_cat","embeddable":true,"href":"https:\/\/testwebsite.citygame.com\/hr\/wp-json\/wp\/v2\/product_cat?post=63396"},{"taxonomy":"product_tag","embeddable":true,"href":"https:\/\/testwebsite.citygame.com\/hr\/wp-json\/wp\/v2\/product_tag?post=63396"}],"curies":[{"name":"wp","href":"https:\/\/api.w.org\/{rel}","templated":true}]}}