{"id":61258,"date":"2026-02-11T13:55:56","date_gmt":"2026-02-11T13:55:56","guid":{"rendered":"https:\/\/testwebsite.citygame.com\/games\/unknown-location\/sherlock-holmes-alicante\/"},"modified":"2026-04-08T07:25:08","modified_gmt":"2026-04-08T07:25:08","slug":"sherlock-holmes-alicante","status":"publish","type":"product","link":"https:\/\/testwebsite.citygame.com\/hr\/games\/alicante\/sherlock-holmes-alicante\/","title":{"rendered":"Sherlock Holmes Alicante"},"content":{"rendered":"<p>Zakora\u010dite u svijet Sherlocka Holmesa uz ovu samostalnu, narativnu misteriju ubojstva City Game smje\u0161tenu u povijesnom centru Alicantea. Kada \u0161okantno ubojstvo potrese Liberty Festival, va\u0161 je zadatak istra\u017eiti mjesto zlo\u010dina, prikupljati tragove, rje\u0161avati zamr\u0161ene zagonetke i ispitivati digitalne osumnji\u010denike dok se misterij razvija oko vas. Uz slobodu igranja vlastitim tempom, ovo imerzivno detektivsko iskustvo omogu\u0107uje vam da pratite uzbudljivu pri\u010du kroz ulice Alicantea dok razotkrivate istinu iza zlo\u010dina.<\/p>\n","protected":false},"excerpt":{"rendered":"<p>Uronite u cipele renomiranog detektiva, Sherlocka Holmesa, i upustite se u uzbudljivu samostalnu misteriju ubojstva u Alicanteu. Dekodirajte intrigantne zagonetke, pratite zagonetne tragove sa svojim timom i otkrijte skrivenu istinu prije nego vrijeme istekne!<\/p>\n","protected":false},"featured_media":12592,"template":"","meta":{"_acf_changed":false,"_yoast_wpseo_focuskw":"Sherlock Holmes Alicante","_yoast_wpseo_metadesc":"Sherlock Holmes Alicante. Igrajte samostalnu misteriju ubojstva City Game, rije\u0161ite zagonetke, pratite tragove i otkrijte ubojicu vlastitim tempom!","_kad_blocks_custom_css":"","_kad_blocks_head_custom_js":"","_kad_blocks_body_custom_js":"","_kad_blocks_footer_custom_js":"","ghostkit_customizer_options":"","ghostkit_custom_css":"","ghostkit_custom_js_head":"","ghostkit_custom_js_foot":"","ghostkit_typography":"","_kad_post_transparent":"","_kad_post_title":"","_kad_post_layout":"","_kad_post_sidebar_id":"","_kad_post_content_style":"","_kad_post_vertical_padding":"","_kad_post_feature":"","_kad_post_feature_position":"","_kad_post_header":false,"_kad_post_footer":false,"_kad_post_classname":"","_links_to":"","_links_to_target":""},"game-concept":[775],"location":[61],"product_brand":[],"product_cat":[27],"product_tag":[],"class_list":{"0":"post-61258","1":"product","2":"type-product","3":"status-publish","4":"has-post-thumbnail","6":"game-concept-sherlock","7":"location-alicante","8":"product_cat-geen-categorie","10":"first","11":"instock","12":"shipping-taxable","13":"purchasable","14":"product-type-simple","15":"entry","16":"content-bg","17":"loop-entry"},"acf":{"full_bokun_product_name":"Alicante Self-Guided Sherlock Holmes Murder Mystery Game","location_name":"Alicante","bokun_calendar_widget_code":"<script type=\"text\/javascript\" src=\"https:\/\/widgets.bokun.io\/assets\/javascripts\/apps\/build\/BokunWidgetsLoader.js?bookingChannelUUID=a1e93e96-5232-4734-a595-28405f4b5a31\" async><\/script>\n     \n    <div class=\"bokunWidget\" data-src=\"https:\/\/widgets.bokun.io\/online-sales\/a1e93e96-5232-4734-a595-28405f4b5a31\/experience-calendar\/771899\"><\/div>\n    <noscript>Please enable javascript in your browser to book<\/noscript>","bokun_button_widget_code":"<script type=\"text\/javascript\" src=\"https:\/\/widgets.bokun.io\/assets\/javascripts\/apps\/build\/BokunWidgetsLoader.js?bookingChannelUUID=a1e93e96-5232-4734-a595-28405f4b5a31\" async><\/script>\n      <style> #bokun_ed001e45_5927_4f62_b470_ca766338d083 { display: inline-block; padding: .4em 1em; background: #47b82e; border-radius: 999999px; box-shadow: none; font-weight: 600; font-size: 24px; text-decoration: none; text-align: center; color: #FFFFFF; border:none; cursor: pointer; transition: background .2s ease; } #bokun_ed001e45_5927_4f62_b470_ca766338d083:hover{ background: #2f7b1f; } #bokun_ed001e45_5927_4f62_b470_ca766338d083:active{ background: #378f24; } <\/style> <button class=\"bokunButton\" disabled id=bokun_ed001e45_5927_4f62_b470_ca766338d083 data-src=\"https:\/\/widgets.bokun.io\/online-sales\/a1e93e96-5232-4734-a595-28405f4b5a31\/experience-calendar\/771899?partialView=1\" data-testid=\"widget-book-button\" > Book now <\/button> ","what_you\u2019ll_experience_during_the_game":"Uronit \u0107ete u uzbudljivu detektivsku pri\u010du smje\u0161tenu u Alicanteu, gdje je misteriozno ubojstvo potreslo Liberty Festival. Dok se kre\u0107ete ulicama grada, slu\u010daj se razvija scena po scena, uvla\u010de\u0107i vas dublje u istragu ispunjenu skrivenim tragovima, zagonetnim zagonetkama i neo\u010dekivanim obratima. Svaka lokacija otkriva novi dokaz, izazivaju\u0107i va\u0161e vje\u0161tine promatranja i instinkt za dedukciju.\n\nVa\u0161a uloga se razvija kroz ispitivanje digitalnih osumnji\u010denika, analiziranje alibija i otkrivanje proturje\u010dja koja bi mogla dovesti do istine. Iskustvo je potpuno vo\u0111eno pri\u010dom, stavljaju\u0107i vas u sredi\u0161te slo\u017eene misterije koja zahtijeva kriti\u010dko razmi\u0161ljanje i pa\u017enju na detalje. Mo\u017eete pauzirati i nastaviti u bilo kojem trenutku, daju\u0107i vam potpunu kontrolu nad va\u0161im tempom. Ako igrate s timom, suptilna natjecateljska prednost doprinosi intrigama bez odvra\u0107anja od istrage.","how_to_play":"Igrajte sami ili s prijateljima, obitelji ili kolegama u timovima do \u010detiri osobe po ure\u0111aju. Nakon rezervacije, primit \u0107ete e-po\u0161tu s uputama i svim \u0161to vam je potrebno.","start_location":"Alicante, Pante\u00f3 de Quijano","available_languages":["en","es","fr","de","it","nl"],"players_per_group":"1-4","duration":"1.5-2 hours","image_overlay_color_image":"https:\/\/testwebsite.citygame.com\/wp-content\/blogs.dir\/1\/files\/sites\/62\/2026\/01\/SherlockColor.svg","image_overlay_game_logo":"https:\/\/testwebsite.citygame.com\/wp-content\/blogs.dir\/1\/files\/sites\/62\/2026\/01\/SherlockLogo.png","city_page":12590,"woocommerce_general_content":null},"yoast_head":"<!-- This site is optimized with the Yoast SEO Premium plugin v26.2 (Yoast SEO v26.3) - https:\/\/yoast.com\/wordpress\/plugins\/seo\/ -->\n<title>Sherlock Holmes Alicante - City Game<\/title>\n<meta name=\"description\" content=\"Sherlock Holmes Alicante. Igrajte samostalnu misteriju ubojstva City Game, rije\u0161ite zagonetke, pratite tragove i otkrijte ubojicu vlastitim tempom!\" \/>\n<meta name=\"robots\" content=\"noindex, follow, max-snippet:-1, max-image-preview:large, max-video-preview:-1\" \/>\n<meta property=\"og:locale\" content=\"hr_HR\" \/>\n<meta property=\"og:type\" content=\"article\" \/>\n<meta property=\"og:title\" content=\"Sherlock Holmes Alicante\" \/>\n<meta property=\"og:description\" content=\"Sherlock Holmes Alicante. Igrajte samostalnu misteriju ubojstva City Game, rije\u0161ite zagonetke, pratite tragove i otkrijte ubojicu vlastitim tempom!\" \/>\n<meta property=\"og:url\" content=\"https:\/\/testwebsite.citygame.com\/hr\/games\/alicante\/sherlock-holmes-alicante\/\" \/>\n<meta property=\"og:site_name\" content=\"City Game\" \/>\n<meta property=\"article:publisher\" content=\"https:\/\/www.facebook.com\/profile.php?id=100086426226253\" \/>\n<meta property=\"article:modified_time\" content=\"2026-04-08T07:25:08+00:00\" \/>\n<meta property=\"og:image\" content=\"https:\/\/testwebsite.citygame.com\/wp-content\/blogs.dir\/1\/files\/sites\/62\/2026\/02\/man-playing-city-game-on-historic-street-alicante.jpg\" \/>\n\t<meta property=\"og:image:width\" content=\"1344\" \/>\n\t<meta property=\"og:image:height\" content=\"768\" \/>\n\t<meta property=\"og:image:type\" content=\"image\/jpeg\" \/>\n<meta name=\"twitter:card\" content=\"summary_large_image\" \/>\n<script type=\"application\/ld+json\" class=\"yoast-schema-graph\">{\"@context\":\"https:\/\/schema.org\",\"@graph\":[{\"@type\":\"WebPage\",\"@id\":\"https:\/\/testwebsite.citygame.com\/hr\/games\/alicante\/sherlock-holmes-alicante\/\",\"url\":\"https:\/\/testwebsite.citygame.com\/hr\/games\/alicante\/sherlock-holmes-alicante\/\",\"name\":\"Sherlock Holmes Alicante - City Game\",\"isPartOf\":{\"@id\":\"https:\/\/testwebsite.upevents.nl\/#website\"},\"primaryImageOfPage\":{\"@id\":\"https:\/\/testwebsite.citygame.com\/hr\/games\/alicante\/sherlock-holmes-alicante\/#primaryimage\"},\"image\":{\"@id\":\"https:\/\/testwebsite.citygame.com\/hr\/games\/alicante\/sherlock-holmes-alicante\/#primaryimage\"},\"thumbnailUrl\":\"https:\/\/testwebsite.citygame.com\/wp-content\/blogs.dir\/1\/files\/sites\/62\/2026\/02\/man-playing-city-game-on-historic-street-alicante.jpg\",\"datePublished\":\"2026-02-11T13:55:56+00:00\",\"dateModified\":\"2026-04-08T07:25:08+00:00\",\"description\":\"Sherlock Holmes Alicante. Igrajte samostalnu misteriju ubojstva City Game, rije\u0161ite zagonetke, pratite tragove i otkrijte ubojicu vlastitim tempom!\",\"breadcrumb\":{\"@id\":\"https:\/\/testwebsite.citygame.com\/hr\/games\/alicante\/sherlock-holmes-alicante\/#breadcrumb\"},\"inLanguage\":\"hr\",\"potentialAction\":[{\"@type\":\"ReadAction\",\"target\":[\"https:\/\/testwebsite.citygame.com\/hr\/games\/alicante\/sherlock-holmes-alicante\/\"]}]},{\"@type\":\"ImageObject\",\"inLanguage\":\"hr\",\"@id\":\"https:\/\/testwebsite.citygame.com\/hr\/games\/alicante\/sherlock-holmes-alicante\/#primaryimage\",\"url\":\"https:\/\/testwebsite.citygame.com\/wp-content\/blogs.dir\/1\/files\/sites\/62\/2026\/02\/man-playing-city-game-on-historic-street-alicante.jpg\",\"contentUrl\":\"https:\/\/testwebsite.citygame.com\/wp-content\/blogs.dir\/1\/files\/sites\/62\/2026\/02\/man-playing-city-game-on-historic-street-alicante.jpg\",\"width\":1344,\"height\":768,\"caption\":\"A tourist explores the historic streets of Alicante's old town while playing a mobile game.\"},{\"@type\":\"BreadcrumbList\",\"@id\":\"https:\/\/testwebsite.citygame.com\/hr\/games\/alicante\/sherlock-holmes-alicante\/#breadcrumb\",\"itemListElement\":[{\"@type\":\"ListItem\",\"position\":1,\"name\":\"Home\",\"item\":\"https:\/\/testwebsite.citygame.com\/hr\/\"},{\"@type\":\"ListItem\",\"position\":2,\"name\":\"Shop\",\"item\":\"https:\/\/testwebsite.citygame.com\/shop\/\"},{\"@type\":\"ListItem\",\"position\":3,\"name\":\"Sherlock Holmes Alicante\"}]},{\"@type\":\"WebSite\",\"@id\":\"https:\/\/testwebsite.upevents.nl\/#website\",\"url\":\"https:\/\/testwebsite.upevents.nl\/\",\"name\":\"City Game\",\"description\":\"\",\"publisher\":{\"@id\":\"https:\/\/testwebsite.upevents.nl\/#organization\"},\"alternateName\":\"citygame.com\",\"potentialAction\":[{\"@type\":\"SearchAction\",\"target\":{\"@type\":\"EntryPoint\",\"urlTemplate\":\"https:\/\/testwebsite.upevents.nl\/?s={search_term_string}\"},\"query-input\":{\"@type\":\"PropertyValueSpecification\",\"valueRequired\":true,\"valueName\":\"search_term_string\"}}],\"inLanguage\":\"hr\"},{\"@type\":[\"Organization\",\"Place\"],\"@id\":\"https:\/\/testwebsite.upevents.nl\/#organization\",\"name\":\"City Game\",\"alternateName\":\"citygame.com\",\"url\":\"https:\/\/testwebsite.upevents.nl\/\",\"logo\":{\"@id\":\"https:\/\/testwebsite.citygame.com\/hr\/games\/alicante\/sherlock-holmes-alicante\/#local-main-organization-logo\"},\"image\":{\"@id\":\"https:\/\/testwebsite.citygame.com\/hr\/games\/alicante\/sherlock-holmes-alicante\/#local-main-organization-logo\"},\"sameAs\":[\"https:\/\/www.facebook.com\/profile.php?id=100086426226253\",\"https:\/\/www.instagram.com\/citygame_com\",\"https:\/\/www.tiktok.com\/@citygamecom\/\",\"https:\/\/www.linkedin.com\/company\/citygame-com\"],\"description\":\"Turn any city into a playground with our interactive City Games and self-guided tours. Fun, flexible, and ideal for groups and team building.\",\"telephone\":[],\"openingHoursSpecification\":[{\"@type\":\"OpeningHoursSpecification\",\"dayOfWeek\":[\"Monday\",\"Tuesday\",\"Wednesday\",\"Thursday\",\"Friday\",\"Saturday\",\"Sunday\"],\"opens\":\"09:00\",\"closes\":\"17:00\"}]},{\"@type\":\"ImageObject\",\"inLanguage\":\"hr\",\"@id\":\"https:\/\/testwebsite.citygame.com\/hr\/games\/alicante\/sherlock-holmes-alicante\/#local-main-organization-logo\",\"url\":\"https:\/\/testwebsite.citygame.com\/wp-content\/blogs.dir\/1\/files\/sites\/62\/2025\/10\/CG_LOGO-City-Game.png\",\"contentUrl\":\"https:\/\/testwebsite.citygame.com\/wp-content\/blogs.dir\/1\/files\/sites\/62\/2025\/10\/CG_LOGO-City-Game.png\",\"width\":351,\"height\":377,\"caption\":\"City Game\"}]}<\/script>\n<!-- \/ Yoast SEO Premium plugin. -->","yoast_head_json":{"title":"Sherlock Holmes Alicante - City Game","description":"Sherlock Holmes Alicante. Igrajte samostalnu misteriju ubojstva City Game, rije\u0161ite zagonetke, pratite tragove i otkrijte ubojicu vlastitim tempom!","robots":{"index":"noindex","follow":"follow","max-snippet":"max-snippet:-1","max-image-preview":"max-image-preview:large","max-video-preview":"max-video-preview:-1"},"og_locale":"hr_HR","og_type":"article","og_title":"Sherlock Holmes Alicante","og_description":"Sherlock Holmes Alicante. Igrajte samostalnu misteriju ubojstva City Game, rije\u0161ite zagonetke, pratite tragove i otkrijte ubojicu vlastitim tempom!","og_url":"https:\/\/testwebsite.citygame.com\/hr\/games\/alicante\/sherlock-holmes-alicante\/","og_site_name":"City Game","article_publisher":"https:\/\/www.facebook.com\/profile.php?id=100086426226253","article_modified_time":"2026-04-08T07:25:08+00:00","og_image":[{"width":1344,"height":768,"url":"https:\/\/testwebsite.citygame.com\/wp-content\/blogs.dir\/1\/files\/sites\/62\/2026\/02\/man-playing-city-game-on-historic-street-alicante.jpg","type":"image\/jpeg"}],"twitter_card":"summary_large_image","schema":{"@context":"https:\/\/schema.org","@graph":[{"@type":"WebPage","@id":"https:\/\/testwebsite.citygame.com\/hr\/games\/alicante\/sherlock-holmes-alicante\/","url":"https:\/\/testwebsite.citygame.com\/hr\/games\/alicante\/sherlock-holmes-alicante\/","name":"Sherlock Holmes Alicante - City Game","isPartOf":{"@id":"https:\/\/testwebsite.upevents.nl\/#website"},"primaryImageOfPage":{"@id":"https:\/\/testwebsite.citygame.com\/hr\/games\/alicante\/sherlock-holmes-alicante\/#primaryimage"},"image":{"@id":"https:\/\/testwebsite.citygame.com\/hr\/games\/alicante\/sherlock-holmes-alicante\/#primaryimage"},"thumbnailUrl":"https:\/\/testwebsite.citygame.com\/wp-content\/blogs.dir\/1\/files\/sites\/62\/2026\/02\/man-playing-city-game-on-historic-street-alicante.jpg","datePublished":"2026-02-11T13:55:56+00:00","dateModified":"2026-04-08T07:25:08+00:00","description":"Sherlock Holmes Alicante. Igrajte samostalnu misteriju ubojstva City Game, rije\u0161ite zagonetke, pratite tragove i otkrijte ubojicu vlastitim tempom!","breadcrumb":{"@id":"https:\/\/testwebsite.citygame.com\/hr\/games\/alicante\/sherlock-holmes-alicante\/#breadcrumb"},"inLanguage":"hr","potentialAction":[{"@type":"ReadAction","target":["https:\/\/testwebsite.citygame.com\/hr\/games\/alicante\/sherlock-holmes-alicante\/"]}]},{"@type":"ImageObject","inLanguage":"hr","@id":"https:\/\/testwebsite.citygame.com\/hr\/games\/alicante\/sherlock-holmes-alicante\/#primaryimage","url":"https:\/\/testwebsite.citygame.com\/wp-content\/blogs.dir\/1\/files\/sites\/62\/2026\/02\/man-playing-city-game-on-historic-street-alicante.jpg","contentUrl":"https:\/\/testwebsite.citygame.com\/wp-content\/blogs.dir\/1\/files\/sites\/62\/2026\/02\/man-playing-city-game-on-historic-street-alicante.jpg","width":1344,"height":768,"caption":"A tourist explores the historic streets of Alicante's old town while playing a mobile game."},{"@type":"BreadcrumbList","@id":"https:\/\/testwebsite.citygame.com\/hr\/games\/alicante\/sherlock-holmes-alicante\/#breadcrumb","itemListElement":[{"@type":"ListItem","position":1,"name":"Home","item":"https:\/\/testwebsite.citygame.com\/hr\/"},{"@type":"ListItem","position":2,"name":"Shop","item":"https:\/\/testwebsite.citygame.com\/shop\/"},{"@type":"ListItem","position":3,"name":"Sherlock Holmes Alicante"}]},{"@type":"WebSite","@id":"https:\/\/testwebsite.upevents.nl\/#website","url":"https:\/\/testwebsite.upevents.nl\/","name":"City Game","description":"","publisher":{"@id":"https:\/\/testwebsite.upevents.nl\/#organization"},"alternateName":"citygame.com","potentialAction":[{"@type":"SearchAction","target":{"@type":"EntryPoint","urlTemplate":"https:\/\/testwebsite.upevents.nl\/?s={search_term_string}"},"query-input":{"@type":"PropertyValueSpecification","valueRequired":true,"valueName":"search_term_string"}}],"inLanguage":"hr"},{"@type":["Organization","Place"],"@id":"https:\/\/testwebsite.upevents.nl\/#organization","name":"City Game","alternateName":"citygame.com","url":"https:\/\/testwebsite.upevents.nl\/","logo":{"@id":"https:\/\/testwebsite.citygame.com\/hr\/games\/alicante\/sherlock-holmes-alicante\/#local-main-organization-logo"},"image":{"@id":"https:\/\/testwebsite.citygame.com\/hr\/games\/alicante\/sherlock-holmes-alicante\/#local-main-organization-logo"},"sameAs":["https:\/\/www.facebook.com\/profile.php?id=100086426226253","https:\/\/www.instagram.com\/citygame_com","https:\/\/www.tiktok.com\/@citygamecom\/","https:\/\/www.linkedin.com\/company\/citygame-com"],"description":"Turn any city into a playground with our interactive City Games and self-guided tours. Fun, flexible, and ideal for groups and team building.","telephone":[],"openingHoursSpecification":[{"@type":"OpeningHoursSpecification","dayOfWeek":["Monday","Tuesday","Wednesday","Thursday","Friday","Saturday","Sunday"],"opens":"09:00","closes":"17:00"}]},{"@type":"ImageObject","inLanguage":"hr","@id":"https:\/\/testwebsite.citygame.com\/hr\/games\/alicante\/sherlock-holmes-alicante\/#local-main-organization-logo","url":"https:\/\/testwebsite.citygame.com\/wp-content\/blogs.dir\/1\/files\/sites\/62\/2025\/10\/CG_LOGO-City-Game.png","contentUrl":"https:\/\/testwebsite.citygame.com\/wp-content\/blogs.dir\/1\/files\/sites\/62\/2025\/10\/CG_LOGO-City-Game.png","width":351,"height":377,"caption":"City Game"}]}},"taxonomy_info":{"game-concept":[{"value":775,"label":"Sherlock"}],"location":[{"value":61,"label":"Alicante"}],"product_cat":[{"value":27,"label":"Geen categorie"}]},"featured_image_src_large":["https:\/\/testwebsite.citygame.com\/wp-content\/blogs.dir\/1\/files\/sites\/62\/2026\/02\/man-playing-city-game-on-historic-street-alicante-1024x585.jpg",1024,585,true],"author_info":[],"comment_info":"","_links":{"self":[{"href":"https:\/\/testwebsite.citygame.com\/hr\/wp-json\/wp\/v2\/product\/61258","targetHints":{"allow":["GET"]}}],"collection":[{"href":"https:\/\/testwebsite.citygame.com\/hr\/wp-json\/wp\/v2\/product"}],"about":[{"href":"https:\/\/testwebsite.citygame.com\/hr\/wp-json\/wp\/v2\/types\/product"}],"acf:post":[{"embeddable":true,"href":"https:\/\/testwebsite.citygame.com\/hr\/wp-json\/wp\/v2\/pages\/12590"}],"wp:featuredmedia":[{"embeddable":true,"href":"https:\/\/testwebsite.citygame.com\/hr\/wp-json\/wp\/v2\/media\/12592"}],"wp:attachment":[{"href":"https:\/\/testwebsite.citygame.com\/hr\/wp-json\/wp\/v2\/media?parent=61258"}],"wp:term":[{"taxonomy":"game-concept","embeddable":true,"href":"https:\/\/testwebsite.citygame.com\/hr\/wp-json\/wp\/v2\/game-concept?post=61258"},{"taxonomy":"location","embeddable":true,"href":"https:\/\/testwebsite.citygame.com\/hr\/wp-json\/wp\/v2\/location?post=61258"},{"taxonomy":"product_brand","embeddable":true,"href":"https:\/\/testwebsite.citygame.com\/hr\/wp-json\/wp\/v2\/product_brand?post=61258"},{"taxonomy":"product_cat","embeddable":true,"href":"https:\/\/testwebsite.citygame.com\/hr\/wp-json\/wp\/v2\/product_cat?post=61258"},{"taxonomy":"product_tag","embeddable":true,"href":"https:\/\/testwebsite.citygame.com\/hr\/wp-json\/wp\/v2\/product_tag?post=61258"}],"curies":[{"name":"wp","href":"https:\/\/api.w.org\/{rel}","templated":true}]}}