{"id":60615,"date":"2026-01-27T14:54:58","date_gmt":"2026-01-27T14:54:58","guid":{"rendered":"https:\/\/testwebsite.citygame.com\/games\/unknown-location\/secrets-of-amsterdam-north\/"},"modified":"2026-04-08T06:04:52","modified_gmt":"2026-04-08T06:04:52","slug":"secrets-of-amsterdam-north","status":"publish","type":"product","link":"https:\/\/testwebsite.citygame.com\/hr\/games\/amsterdam\/secrets-of-amsterdam-north\/","title":{"rendered":"Secrets of Amsterdam North"},"content":{"rendered":"<p>Igra &#8216;Secrets of Amsterdam North City Game&#8217; je samostalna igra temeljena na GPS-u koja se odvija u povijesnom centru Amsterdama. Koriste\u0107i svoj pametni telefon, istra\u017eivat \u0107ete grad rje\u0161avaju\u0107i zagonetke, enigme i foto izazove koji otkrivaju skrivene detalje o povijesti i kulturi Amsterdama. Ova istra\u017eiva\u010dka igra osmi\u0161ljena je kako bi i lokalnom stanovni\u0161tvu i posjetiteljima ponudila jedinstven na\u010din otkrivanja grada vlastitim tempom. Prikladna je za samostalne igra\u010de, parove, obitelji ili grupe prijatelja koji tra\u017ee zanimljivu aktivnost. Igra &#8216;City Game Amsterdam&#8217; pru\u017ea zabavan i informativan na\u010din do\u017eivljaja grada kroz samostalnu igru.<\/p>\n","protected":false},"excerpt":{"rendered":"<p>Otkrijte \u0161arm i karakter Amsterdama! Pro\u0111ite kroz grad u kojem se bezvremenska tradicija besprijekorno stapa sa suvremenim stilom, od mirnih ku\u0107a uz kanal do u\u017eurbanih tr\u017enica. Rje\u0161avajte zagonetke dok prolazite njegovom \u017eivahnom jezgrom, Amsterdam vrvi o\u010daravaju\u0107im otkri\u0107ima na svakom zavoju kanala!<\/p>\n","protected":false},"featured_media":5169,"template":"","meta":{"_acf_changed":false,"_yoast_wpseo_focuskw":"Secrets of Amsterdam North","_yoast_wpseo_metadesc":"Secrets of Amsterdam North. Igrajte samostalnu Gradsku igru i istra\u017eite grad kroz zagonetke, enigme i izazove. Igrajte vlastitim tempom i otkrijte poput lokalnog stanovnika!","_kad_blocks_custom_css":"","_kad_blocks_head_custom_js":"","_kad_blocks_body_custom_js":"","_kad_blocks_footer_custom_js":"","ghostkit_customizer_options":"","ghostkit_custom_css":"","ghostkit_custom_js_head":"","ghostkit_custom_js_foot":"","ghostkit_typography":"","_kad_post_transparent":"default","_kad_post_title":"","_kad_post_layout":"default","_kad_post_sidebar_id":"","_kad_post_content_style":"default","_kad_post_vertical_padding":"default","_kad_post_feature":"","_kad_post_feature_position":"","_kad_post_header":false,"_kad_post_footer":false,"_kad_post_classname":"","_links_to":"","_links_to_target":""},"game-concept":[714],"location":[67],"product_brand":[],"product_cat":[27],"product_tag":[],"class_list":{"0":"post-60615","1":"product","2":"type-product","3":"status-publish","4":"has-post-thumbnail","6":"game-concept-secrets","7":"location-amsterdam","8":"product_cat-geen-categorie","10":"first","11":"instock","12":"shipping-taxable","13":"purchasable","14":"product-type-simple","15":"entry","16":"content-bg","17":"loop-entry"},"acf":{"full_bokun_product_name":"Self-Guided Secrets of Amsterdam North Exploration Game","location_name":"Amsterdam North","bokun_calendar_widget_code":"<script type=\"text\/javascript\" src=\"https:\/\/widgets.bokun.io\/assets\/javascripts\/apps\/build\/BokunWidgetsLoader.js?bookingChannelUUID=a1e93e96-5232-4734-a595-28405f4b5a31\" async><\/script>\n     \n    <div class=\"bokunWidget\" data-src=\"https:\/\/widgets.bokun.io\/online-sales\/a1e93e96-5232-4734-a595-28405f4b5a31\/experience-calendar\/844166\"><\/div>\n    <noscript>Please enable javascript in your browser to book<\/noscript>","bokun_button_widget_code":"<script type=\"text\/javascript\" src=\"https:\/\/widgets.bokun.io\/assets\/javascripts\/apps\/build\/BokunWidgetsLoader.js?bookingChannelUUID=a1e93e96-5232-4734-a595-28405f4b5a31\" async><\/script>\n      <style> #bokun_ed001e45_5927_4f62_b470_ca766338d083 { display: inline-block; padding: .4em 1em; background: #47b82e; border-radius: 999999px; box-shadow: none; font-weight: 600; font-size: 24px; text-decoration: none; text-align: center; color: #FFFFFF; border:none; cursor: pointer; transition: background .2s ease; } #bokun_ed001e45_5927_4f62_b470_ca766338d083:hover{ background: #2f7b1f; } #bokun_ed001e45_5927_4f62_b470_ca766338d083:active{ background: #378f24; } <\/style> <button class=\"bokunButton\" disabled id=bokun_ed001e45_5927_4f62_b470_ca766338d083 data-src=\"https:\/\/widgets.bokun.io\/online-sales\/a1e93e96-5232-4734-a595-28405f4b5a31\/experience-calendar\/844166?partialView=1\" data-testid=\"widget-book-button\" > Book now <\/button> ","what_you\u2019ll_experience_during_the_game":"Tijekom Gradske igre u Amsterdam Northu, otkrivat \u0107ete grad kroz kombinaciju razgledavanja, pripovijedanja i interaktivnog istra\u017eivanja. Kako se pri\u010da razvija, bit \u0107ete vo\u0111eni do poznatih lokacija i manje poznatih kutaka, spajaju\u0107i glavne znamenitosti s mirnim kanalima i atmosferskim uli\u010dicama. Usput, mo\u017eda \u0107ete pro\u0161etati pored povijesne \u010detvrti Jordaan, ugledati veli\u010danstvenost trga Dam ili otkriti jedinstvene detalje u blizini ikoni\u010dne Westerkerk. Iskustvo je osmi\u0161ljeno da vam pomogne vidjeti Amsterdam novim o\u010dima, bez obzira je li vam ovo prvi posjet ili dobro poznajete grad.\r\n\r\nDok istra\u017eujete Amsterdam North, preuzimat \u0107ete razne zanimljive izazove uklju\u010duju\u0107i zagonetke, enigme i kreativne foto zadatke. Svaki zavr\u0161eni izazov donosi bodove, otkriva korisne savjete i pribli\u017eava vas rje\u0161avanju kona\u010dne misterije utkane u pri\u010du. Gradska igra mo\u017ee se pauzirati u bilo kojem trenutku, \u0161to vam omogu\u0107uje da napravite pauze i nastavite kada vam to odgovara. Za one koji u\u017eivaju u natjecateljskom duhu, postoji ljestvica s najboljim rezultatima gdje se timovi mogu boriti za vrhunski rezultat.","how_to_play":"Rezervirajte Istra\u017eiva\u010dku igru, provjerite e-po\u0161tu koju vam \u0161aljemo s jednostavnim uputama, preuzmite aplikaciju Loquiz, pristupite Istra\u017eiva\u010dkoj igri i spremni ste zapo\u010deti svoje iskustvo igranja!","start_location":"Amsterdam, IJpromonade","available_languages":["en"],"players_per_group":"1-4","duration":"1.5-2 hours","image_overlay_color_image":"https:\/\/testwebsite.citygame.com\/wp-content\/blogs.dir\/1\/files\/sites\/62\/2026\/01\/SecretsColor.svg","image_overlay_game_logo":"https:\/\/testwebsite.citygame.com\/wp-content\/blogs.dir\/1\/files\/sites\/62\/2026\/01\/SecretsLogo.png","city_page":4337,"woocommerce_general_content":null},"yoast_head":"<!-- This site is optimized with the Yoast SEO Premium plugin v26.2 (Yoast SEO v26.3) - https:\/\/yoast.com\/wordpress\/plugins\/seo\/ -->\n<title>Secrets of Amsterdam North - City Game<\/title>\n<meta name=\"description\" content=\"Secrets of Amsterdam North. Igrajte samostalnu Gradsku igru i istra\u017eite grad kroz zagonetke, enigme i izazove. Igrajte vlastitim tempom i otkrijte poput lokalnog stanovnika!\" \/>\n<meta name=\"robots\" content=\"noindex, follow, max-snippet:-1, max-image-preview:large, max-video-preview:-1\" \/>\n<meta property=\"og:locale\" content=\"hr_HR\" \/>\n<meta property=\"og:type\" content=\"article\" \/>\n<meta property=\"og:title\" content=\"Secrets of Amsterdam North\" \/>\n<meta property=\"og:description\" content=\"Secrets of Amsterdam North. Igrajte samostalnu Gradsku igru i istra\u017eite grad kroz zagonetke, enigme i izazove. Igrajte vlastitim tempom i otkrijte poput lokalnog stanovnika!\" \/>\n<meta property=\"og:url\" content=\"https:\/\/testwebsite.citygame.com\/hr\/games\/amsterdam\/secrets-of-amsterdam-north\/\" \/>\n<meta property=\"og:site_name\" content=\"City Game\" \/>\n<meta property=\"article:publisher\" content=\"https:\/\/www.facebook.com\/profile.php?id=100086426226253\" \/>\n<meta property=\"article:modified_time\" content=\"2026-04-08T06:04:52+00:00\" \/>\n<meta property=\"og:image\" content=\"https:\/\/testwebsite.citygame.com\/wp-content\/blogs.dir\/1\/files\/sites\/62\/2026\/01\/woman-playing-city-game-amsterdam-muziekgebouw-waterfront.jpg\" \/>\n\t<meta property=\"og:image:width\" content=\"1024\" \/>\n\t<meta property=\"og:image:height\" content=\"1024\" \/>\n\t<meta property=\"og:image:type\" content=\"image\/jpeg\" \/>\n<meta name=\"twitter:card\" content=\"summary_large_image\" \/>\n<meta name=\"twitter:label1\" content=\"Procijenjeno vrijeme \u010ditanja\" \/>\n\t<meta name=\"twitter:data1\" content=\"1 minuta\" \/>\n<script type=\"application\/ld+json\" class=\"yoast-schema-graph\">{\"@context\":\"https:\/\/schema.org\",\"@graph\":[{\"@type\":\"WebPage\",\"@id\":\"https:\/\/testwebsite.citygame.com\/hr\/games\/amsterdam\/secrets-of-amsterdam-north\/\",\"url\":\"https:\/\/testwebsite.citygame.com\/hr\/games\/amsterdam\/secrets-of-amsterdam-north\/\",\"name\":\"Secrets of Amsterdam North - City Game\",\"isPartOf\":{\"@id\":\"https:\/\/testwebsite.upevents.nl\/#website\"},\"primaryImageOfPage\":{\"@id\":\"https:\/\/testwebsite.citygame.com\/hr\/games\/amsterdam\/secrets-of-amsterdam-north\/#primaryimage\"},\"image\":{\"@id\":\"https:\/\/testwebsite.citygame.com\/hr\/games\/amsterdam\/secrets-of-amsterdam-north\/#primaryimage\"},\"thumbnailUrl\":\"https:\/\/testwebsite.citygame.com\/wp-content\/blogs.dir\/1\/files\/sites\/62\/2026\/01\/woman-playing-city-game-amsterdam-muziekgebouw-waterfront.jpg\",\"datePublished\":\"2026-01-27T14:54:58+00:00\",\"dateModified\":\"2026-04-08T06:04:52+00:00\",\"description\":\"Secrets of Amsterdam North. Igrajte samostalnu Gradsku igru i istra\u017eite grad kroz zagonetke, enigme i izazove. Igrajte vlastitim tempom i otkrijte poput lokalnog stanovnika!\",\"breadcrumb\":{\"@id\":\"https:\/\/testwebsite.citygame.com\/hr\/games\/amsterdam\/secrets-of-amsterdam-north\/#breadcrumb\"},\"inLanguage\":\"hr\",\"potentialAction\":[{\"@type\":\"ReadAction\",\"target\":[\"https:\/\/testwebsite.citygame.com\/hr\/games\/amsterdam\/secrets-of-amsterdam-north\/\"]}]},{\"@type\":\"ImageObject\",\"inLanguage\":\"hr\",\"@id\":\"https:\/\/testwebsite.citygame.com\/hr\/games\/amsterdam\/secrets-of-amsterdam-north\/#primaryimage\",\"url\":\"https:\/\/testwebsite.citygame.com\/wp-content\/blogs.dir\/1\/files\/sites\/62\/2026\/01\/woman-playing-city-game-amsterdam-muziekgebouw-waterfront.jpg\",\"contentUrl\":\"https:\/\/testwebsite.citygame.com\/wp-content\/blogs.dir\/1\/files\/sites\/62\/2026\/01\/woman-playing-city-game-amsterdam-muziekgebouw-waterfront.jpg\",\"width\":1024,\"height\":1024,\"caption\":\"A person plays an outdoor game on their smartphone along the IJ waterfront in Amsterdam.\"},{\"@type\":\"BreadcrumbList\",\"@id\":\"https:\/\/testwebsite.citygame.com\/hr\/games\/amsterdam\/secrets-of-amsterdam-north\/#breadcrumb\",\"itemListElement\":[{\"@type\":\"ListItem\",\"position\":1,\"name\":\"Home\",\"item\":\"https:\/\/testwebsite.citygame.com\/hr\/\"},{\"@type\":\"ListItem\",\"position\":2,\"name\":\"Shop\",\"item\":\"https:\/\/testwebsite.citygame.com\/shop\/\"},{\"@type\":\"ListItem\",\"position\":3,\"name\":\"Secrets of Amsterdam North\"}]},{\"@type\":\"WebSite\",\"@id\":\"https:\/\/testwebsite.upevents.nl\/#website\",\"url\":\"https:\/\/testwebsite.upevents.nl\/\",\"name\":\"City Game\",\"description\":\"\",\"publisher\":{\"@id\":\"https:\/\/testwebsite.upevents.nl\/#organization\"},\"alternateName\":\"citygame.com\",\"potentialAction\":[{\"@type\":\"SearchAction\",\"target\":{\"@type\":\"EntryPoint\",\"urlTemplate\":\"https:\/\/testwebsite.upevents.nl\/?s={search_term_string}\"},\"query-input\":{\"@type\":\"PropertyValueSpecification\",\"valueRequired\":true,\"valueName\":\"search_term_string\"}}],\"inLanguage\":\"hr\"},{\"@type\":[\"Organization\",\"Place\"],\"@id\":\"https:\/\/testwebsite.upevents.nl\/#organization\",\"name\":\"City Game\",\"alternateName\":\"citygame.com\",\"url\":\"https:\/\/testwebsite.upevents.nl\/\",\"logo\":{\"@id\":\"https:\/\/testwebsite.citygame.com\/hr\/games\/amsterdam\/secrets-of-amsterdam-north\/#local-main-organization-logo\"},\"image\":{\"@id\":\"https:\/\/testwebsite.citygame.com\/hr\/games\/amsterdam\/secrets-of-amsterdam-north\/#local-main-organization-logo\"},\"sameAs\":[\"https:\/\/www.facebook.com\/profile.php?id=100086426226253\",\"https:\/\/www.instagram.com\/citygame_com\",\"https:\/\/www.tiktok.com\/@citygamecom\/\",\"https:\/\/www.linkedin.com\/company\/citygame-com\"],\"description\":\"Turn any city into a playground with our interactive City Games and self-guided tours. Fun, flexible, and ideal for groups and team building.\",\"telephone\":[],\"openingHoursSpecification\":[{\"@type\":\"OpeningHoursSpecification\",\"dayOfWeek\":[\"Monday\",\"Tuesday\",\"Wednesday\",\"Thursday\",\"Friday\",\"Saturday\",\"Sunday\"],\"opens\":\"09:00\",\"closes\":\"17:00\"}]},{\"@type\":\"ImageObject\",\"inLanguage\":\"hr\",\"@id\":\"https:\/\/testwebsite.citygame.com\/hr\/games\/amsterdam\/secrets-of-amsterdam-north\/#local-main-organization-logo\",\"url\":\"https:\/\/testwebsite.citygame.com\/wp-content\/blogs.dir\/1\/files\/sites\/62\/2025\/10\/CG_LOGO-City-Game.png\",\"contentUrl\":\"https:\/\/testwebsite.citygame.com\/wp-content\/blogs.dir\/1\/files\/sites\/62\/2025\/10\/CG_LOGO-City-Game.png\",\"width\":351,\"height\":377,\"caption\":\"City Game\"}]}<\/script>\n<!-- \/ Yoast SEO Premium plugin. -->","yoast_head_json":{"title":"Secrets of Amsterdam North - City Game","description":"Secrets of Amsterdam North. Igrajte samostalnu Gradsku igru i istra\u017eite grad kroz zagonetke, enigme i izazove. Igrajte vlastitim tempom i otkrijte poput lokalnog stanovnika!","robots":{"index":"noindex","follow":"follow","max-snippet":"max-snippet:-1","max-image-preview":"max-image-preview:large","max-video-preview":"max-video-preview:-1"},"og_locale":"hr_HR","og_type":"article","og_title":"Secrets of Amsterdam North","og_description":"Secrets of Amsterdam North. Igrajte samostalnu Gradsku igru i istra\u017eite grad kroz zagonetke, enigme i izazove. Igrajte vlastitim tempom i otkrijte poput lokalnog stanovnika!","og_url":"https:\/\/testwebsite.citygame.com\/hr\/games\/amsterdam\/secrets-of-amsterdam-north\/","og_site_name":"City Game","article_publisher":"https:\/\/www.facebook.com\/profile.php?id=100086426226253","article_modified_time":"2026-04-08T06:04:52+00:00","og_image":[{"width":1024,"height":1024,"url":"https:\/\/testwebsite.citygame.com\/wp-content\/blogs.dir\/1\/files\/sites\/62\/2026\/01\/woman-playing-city-game-amsterdam-muziekgebouw-waterfront.jpg","type":"image\/jpeg"}],"twitter_card":"summary_large_image","twitter_misc":{"Procijenjeno vrijeme \u010ditanja":"1 minuta"},"schema":{"@context":"https:\/\/schema.org","@graph":[{"@type":"WebPage","@id":"https:\/\/testwebsite.citygame.com\/hr\/games\/amsterdam\/secrets-of-amsterdam-north\/","url":"https:\/\/testwebsite.citygame.com\/hr\/games\/amsterdam\/secrets-of-amsterdam-north\/","name":"Secrets of Amsterdam North - City Game","isPartOf":{"@id":"https:\/\/testwebsite.upevents.nl\/#website"},"primaryImageOfPage":{"@id":"https:\/\/testwebsite.citygame.com\/hr\/games\/amsterdam\/secrets-of-amsterdam-north\/#primaryimage"},"image":{"@id":"https:\/\/testwebsite.citygame.com\/hr\/games\/amsterdam\/secrets-of-amsterdam-north\/#primaryimage"},"thumbnailUrl":"https:\/\/testwebsite.citygame.com\/wp-content\/blogs.dir\/1\/files\/sites\/62\/2026\/01\/woman-playing-city-game-amsterdam-muziekgebouw-waterfront.jpg","datePublished":"2026-01-27T14:54:58+00:00","dateModified":"2026-04-08T06:04:52+00:00","description":"Secrets of Amsterdam North. Igrajte samostalnu Gradsku igru i istra\u017eite grad kroz zagonetke, enigme i izazove. Igrajte vlastitim tempom i otkrijte poput lokalnog stanovnika!","breadcrumb":{"@id":"https:\/\/testwebsite.citygame.com\/hr\/games\/amsterdam\/secrets-of-amsterdam-north\/#breadcrumb"},"inLanguage":"hr","potentialAction":[{"@type":"ReadAction","target":["https:\/\/testwebsite.citygame.com\/hr\/games\/amsterdam\/secrets-of-amsterdam-north\/"]}]},{"@type":"ImageObject","inLanguage":"hr","@id":"https:\/\/testwebsite.citygame.com\/hr\/games\/amsterdam\/secrets-of-amsterdam-north\/#primaryimage","url":"https:\/\/testwebsite.citygame.com\/wp-content\/blogs.dir\/1\/files\/sites\/62\/2026\/01\/woman-playing-city-game-amsterdam-muziekgebouw-waterfront.jpg","contentUrl":"https:\/\/testwebsite.citygame.com\/wp-content\/blogs.dir\/1\/files\/sites\/62\/2026\/01\/woman-playing-city-game-amsterdam-muziekgebouw-waterfront.jpg","width":1024,"height":1024,"caption":"A person plays an outdoor game on their smartphone along the IJ waterfront in Amsterdam."},{"@type":"BreadcrumbList","@id":"https:\/\/testwebsite.citygame.com\/hr\/games\/amsterdam\/secrets-of-amsterdam-north\/#breadcrumb","itemListElement":[{"@type":"ListItem","position":1,"name":"Home","item":"https:\/\/testwebsite.citygame.com\/hr\/"},{"@type":"ListItem","position":2,"name":"Shop","item":"https:\/\/testwebsite.citygame.com\/shop\/"},{"@type":"ListItem","position":3,"name":"Secrets of Amsterdam North"}]},{"@type":"WebSite","@id":"https:\/\/testwebsite.upevents.nl\/#website","url":"https:\/\/testwebsite.upevents.nl\/","name":"City Game","description":"","publisher":{"@id":"https:\/\/testwebsite.upevents.nl\/#organization"},"alternateName":"citygame.com","potentialAction":[{"@type":"SearchAction","target":{"@type":"EntryPoint","urlTemplate":"https:\/\/testwebsite.upevents.nl\/?s={search_term_string}"},"query-input":{"@type":"PropertyValueSpecification","valueRequired":true,"valueName":"search_term_string"}}],"inLanguage":"hr"},{"@type":["Organization","Place"],"@id":"https:\/\/testwebsite.upevents.nl\/#organization","name":"City Game","alternateName":"citygame.com","url":"https:\/\/testwebsite.upevents.nl\/","logo":{"@id":"https:\/\/testwebsite.citygame.com\/hr\/games\/amsterdam\/secrets-of-amsterdam-north\/#local-main-organization-logo"},"image":{"@id":"https:\/\/testwebsite.citygame.com\/hr\/games\/amsterdam\/secrets-of-amsterdam-north\/#local-main-organization-logo"},"sameAs":["https:\/\/www.facebook.com\/profile.php?id=100086426226253","https:\/\/www.instagram.com\/citygame_com","https:\/\/www.tiktok.com\/@citygamecom\/","https:\/\/www.linkedin.com\/company\/citygame-com"],"description":"Turn any city into a playground with our interactive City Games and self-guided tours. Fun, flexible, and ideal for groups and team building.","telephone":[],"openingHoursSpecification":[{"@type":"OpeningHoursSpecification","dayOfWeek":["Monday","Tuesday","Wednesday","Thursday","Friday","Saturday","Sunday"],"opens":"09:00","closes":"17:00"}]},{"@type":"ImageObject","inLanguage":"hr","@id":"https:\/\/testwebsite.citygame.com\/hr\/games\/amsterdam\/secrets-of-amsterdam-north\/#local-main-organization-logo","url":"https:\/\/testwebsite.citygame.com\/wp-content\/blogs.dir\/1\/files\/sites\/62\/2025\/10\/CG_LOGO-City-Game.png","contentUrl":"https:\/\/testwebsite.citygame.com\/wp-content\/blogs.dir\/1\/files\/sites\/62\/2025\/10\/CG_LOGO-City-Game.png","width":351,"height":377,"caption":"City Game"}]}},"taxonomy_info":{"game-concept":[{"value":714,"label":"Secrets"}],"location":[{"value":67,"label":"Amsterdam"}],"product_cat":[{"value":27,"label":"Geen categorie"}]},"featured_image_src_large":["https:\/\/testwebsite.citygame.com\/wp-content\/blogs.dir\/1\/files\/sites\/62\/2026\/01\/woman-playing-city-game-amsterdam-muziekgebouw-waterfront.jpg",1024,1024,false],"author_info":[],"comment_info":"","_links":{"self":[{"href":"https:\/\/testwebsite.citygame.com\/hr\/wp-json\/wp\/v2\/product\/60615","targetHints":{"allow":["GET"]}}],"collection":[{"href":"https:\/\/testwebsite.citygame.com\/hr\/wp-json\/wp\/v2\/product"}],"about":[{"href":"https:\/\/testwebsite.citygame.com\/hr\/wp-json\/wp\/v2\/types\/product"}],"acf:post":[{"embeddable":true,"href":"https:\/\/testwebsite.citygame.com\/hr\/wp-json\/wp\/v2\/pages\/4337"}],"wp:featuredmedia":[{"embeddable":true,"href":"https:\/\/testwebsite.citygame.com\/hr\/wp-json\/wp\/v2\/media\/5169"}],"wp:attachment":[{"href":"https:\/\/testwebsite.citygame.com\/hr\/wp-json\/wp\/v2\/media?parent=60615"}],"wp:term":[{"taxonomy":"game-concept","embeddable":true,"href":"https:\/\/testwebsite.citygame.com\/hr\/wp-json\/wp\/v2\/game-concept?post=60615"},{"taxonomy":"location","embeddable":true,"href":"https:\/\/testwebsite.citygame.com\/hr\/wp-json\/wp\/v2\/location?post=60615"},{"taxonomy":"product_brand","embeddable":true,"href":"https:\/\/testwebsite.citygame.com\/hr\/wp-json\/wp\/v2\/product_brand?post=60615"},{"taxonomy":"product_cat","embeddable":true,"href":"https:\/\/testwebsite.citygame.com\/hr\/wp-json\/wp\/v2\/product_cat?post=60615"},{"taxonomy":"product_tag","embeddable":true,"href":"https:\/\/testwebsite.citygame.com\/hr\/wp-json\/wp\/v2\/product_tag?post=60615"}],"curies":[{"name":"wp","href":"https:\/\/api.w.org\/{rel}","templated":true}]}}