{"id":59663,"date":"2026-02-11T08:47:19","date_gmt":"2026-02-11T08:47:19","guid":{"rendered":"https:\/\/testwebsite.citygame.com\/games\/unknown-location\/sherlock-holmes-zagreb\/"},"modified":"2026-04-08T04:25:30","modified_gmt":"2026-04-08T04:25:30","slug":"sherlock-holmes-zagreb","status":"publish","type":"product","link":"https:\/\/testwebsite.citygame.com\/hr\/games\/zagreb\/sherlock-holmes-zagreb\/","title":{"rendered":"Sherlock Holmes Zagreb"},"content":{"rendered":"<p>U\u0111ite u svijet Sherlocka Holmesa uz ovu samostalnu, pri\u010du vo\u0111enu City Game misteriju ubojstva smje\u0161tenu u povijesnom centru Zagreba. Dok ulice postaju popri\u0161te zbunjuju\u0107eg zlo\u010dina po\u010dinjenog tijekom Liberty Festivala, pratit \u0107ete razotkrivaju\u0107u pri\u010du koja grad pretvara u va\u0161e vlastito istra\u017eiva\u010dko igrali\u0161te. Kre\u0107u\u0107i se vlastitim tempom, skupljat \u0107ete tragove, rje\u0161avati zamr\u0161ene zagonetke i ispitivati digitalne osumnji\u010denike, potpuno se uranjaju\u0107i u detektivsko iskustvo dostojno samog Holmesa.<\/p>\n","protected":false},"excerpt":{"rendered":"<p>U\u0111ite u cipele proslavljenog detektiva Sherlocka Holmesa, upu\u0161taju\u0107i se u uzbudljivu samostalnu misteriju ubojstva smje\u0161tenu u srcu Zagreba. Dok de\u0161ifrirate zagonetne tragove, razmr\u0161avate zbunjuju\u0107e zagonetke i sla\u017eete istinu, kooperativne vje\u0161tine va\u0161eg tima bit \u0107e stavljene na krajnji test \u2013 vrijeme je klju\u010dno!<\/p>\n","protected":false},"featured_media":12378,"template":"","meta":{"_acf_changed":false,"_yoast_wpseo_focuskw":"Sherlock Holmes Zagreb","_yoast_wpseo_metadesc":"Sherlock Holmes Zagreb. Igrajte samostalnu City Game misteriju ubojstva, rje\u0161avajte zagonetke, slijedite tragove i otkrijte ubojicu vlastitim tempom!","_kad_blocks_custom_css":"","_kad_blocks_head_custom_js":"","_kad_blocks_body_custom_js":"","_kad_blocks_footer_custom_js":"","ghostkit_customizer_options":"","ghostkit_custom_css":"","ghostkit_custom_js_head":"","ghostkit_custom_js_foot":"","ghostkit_typography":"","_kad_post_transparent":"","_kad_post_title":"","_kad_post_layout":"","_kad_post_sidebar_id":"","_kad_post_content_style":"","_kad_post_vertical_padding":"","_kad_post_feature":"","_kad_post_feature_position":"","_kad_post_header":false,"_kad_post_footer":false,"_kad_post_classname":"","_links_to":"","_links_to_target":""},"game-concept":[775],"location":[433],"product_brand":[],"product_cat":[27],"product_tag":[],"class_list":{"0":"post-59663","1":"product","2":"type-product","3":"status-publish","4":"has-post-thumbnail","6":"game-concept-sherlock","7":"location-zagreb","8":"product_cat-geen-categorie","10":"first","11":"instock","12":"shipping-taxable","13":"purchasable","14":"product-type-simple","15":"entry","16":"content-bg","17":"loop-entry"},"acf":{"full_bokun_product_name":"Zagreb Self-Guided Sherlock Holmes Murder Mystery Game","location_name":"Zagreb","bokun_calendar_widget_code":"<script type=\"text\/javascript\" src=\"https:\/\/widgets.bokun.io\/assets\/javascripts\/apps\/build\/BokunWidgetsLoader.js?bookingChannelUUID=a1e93e96-5232-4734-a595-28405f4b5a31\" async><\/script>\n     \n    <div class=\"bokunWidget\" data-src=\"https:\/\/widgets.bokun.io\/online-sales\/a1e93e96-5232-4734-a595-28405f4b5a31\/experience-calendar\/771783\"><\/div>\n    <noscript>Please enable javascript in your browser to book<\/noscript>","bokun_button_widget_code":"<script type=\"text\/javascript\" src=\"https:\/\/widgets.bokun.io\/assets\/javascripts\/apps\/build\/BokunWidgetsLoader.js?bookingChannelUUID=a1e93e96-5232-4734-a595-28405f4b5a31\" async><\/script>\n      <style> #bokun_ed001e45_5927_4f62_b470_ca766338d083 { display: inline-block; padding: .4em 1em; background: #47b82e; border-radius: 999999px; box-shadow: none; font-weight: 600; font-size: 24px; text-decoration: none; text-align: center; color: #FFFFFF; border:none; cursor: pointer; transition: background .2s ease; } #bokun_ed001e45_5927_4f62_b470_ca766338d083:hover{ background: #2f7b1f; } #bokun_ed001e45_5927_4f62_b470_ca766338d083:active{ background: #378f24; } <\/style> <button class=\"bokunButton\" disabled id=bokun_ed001e45_5927_4f62_b470_ca766338d083 data-src=\"https:\/\/widgets.bokun.io\/online-sales\/a1e93e96-5232-4734-a595-28405f4b5a31\/experience-calendar\/771783?partialView=1\" data-testid=\"widget-book-button\" > Book now <\/button> ","what_you\u2019ll_experience_during_the_game":"Uronit \u0107ete u uzbudljivu detektivsku pri\u010du smje\u0161tenu u srcu Zagreba, gdje vas svaka ulica vodi dublje u razotkrivaju\u0107u misteriju. Nakon \u0161okantnog ubojstva tijekom Liberty Festivala, preuzimate ulogu glavnog istra\u017eitelja, sla\u017eu\u0107i \u0161to se dogodilo dok se kre\u0107ete gradom. Svaki korak donosi nove dokaze u fokus. Tragovi le\u017ee skriveni na vidljivom mjestu, zagonetke izazivaju va\u0161e razmi\u0161ljanje, a neo\u010dekivani obrati mijenjaju tijek va\u0161e istrage.\n\nIspitivat \u0107ete digitalne osumnji\u010denike, otkrivati proturje\u010dnosti u njihovim alibijima i koristiti o\u0161tru sposobnost zapa\u017eanja kako biste odvojili la\u017ei od istine. Va\u0161 um postaje va\u0161e najve\u0107e oru\u0111e dok vas kriti\u010dko razmi\u0161ljanje i dedukcija vode bli\u017ee rje\u0161avanju slu\u010daja. Cijelo iskustvo je u potpunosti vo\u0111eno pri\u010dom, daju\u0107i vam slobodu da igrate vlastitim tempom. Pauzirajte i nastavite kad god \u017eelite, ili se natje\u010dite s drugima ako odaberete da igra bude natjecateljska. Svi putevi vode prema istom cilju: otkrivanju istine iza zlo\u010dina koji je potresao Zagreb.","how_to_play":"Igrajte sami ili s prijateljima, obitelji ili kolegama u timovima do \u010detiri osobe po ure\u0111aju. Nakon rezervacije, primit \u0107ete e-mail s uputama i svime \u0161to vam je potrebno.","start_location":"Trg bana Josipa Jela\u010di\u0107a","available_languages":["en","nl","it","de","fr","es"],"players_per_group":"1-4","duration":"1.5-2 hours","image_overlay_color_image":"https:\/\/testwebsite.citygame.com\/wp-content\/blogs.dir\/1\/files\/sites\/62\/2026\/01\/SherlockColor.svg","image_overlay_game_logo":"https:\/\/testwebsite.citygame.com\/wp-content\/blogs.dir\/1\/files\/sites\/62\/2026\/01\/SherlockLogo.png","city_page":9060,"woocommerce_general_content":null},"yoast_head":"<!-- This site is optimized with the Yoast SEO Premium plugin v26.2 (Yoast SEO v26.3) - https:\/\/yoast.com\/wordpress\/plugins\/seo\/ -->\n<title>Sherlock Holmes Zagreb - City Game<\/title>\n<meta name=\"description\" content=\"Sherlock Holmes Zagreb. Igrajte samostalnu City Game misteriju ubojstva, rje\u0161avajte zagonetke, slijedite tragove i otkrijte ubojicu vlastitim tempom!\" \/>\n<meta name=\"robots\" content=\"noindex, follow, max-snippet:-1, max-image-preview:large, max-video-preview:-1\" \/>\n<meta property=\"og:locale\" content=\"hr_HR\" \/>\n<meta property=\"og:type\" content=\"article\" \/>\n<meta property=\"og:title\" content=\"Sherlock Holmes Zagreb\" \/>\n<meta property=\"og:description\" content=\"Sherlock Holmes Zagreb. Igrajte samostalnu City Game misteriju ubojstva, rje\u0161avajte zagonetke, slijedite tragove i otkrijte ubojicu vlastitim tempom!\" \/>\n<meta property=\"og:url\" content=\"https:\/\/testwebsite.citygame.com\/hr\/games\/zagreb\/sherlock-holmes-zagreb\/\" \/>\n<meta property=\"og:site_name\" content=\"City Game\" \/>\n<meta property=\"article:publisher\" content=\"https:\/\/www.facebook.com\/profile.php?id=100086426226253\" \/>\n<meta property=\"article:modified_time\" content=\"2026-04-08T04:25:30+00:00\" \/>\n<meta property=\"og:image\" content=\"https:\/\/testwebsite.citygame.com\/wp-content\/blogs.dir\/1\/files\/sites\/62\/2026\/02\/group-of-friends-using-phone-map-zagreb-street.jpg\" \/>\n\t<meta property=\"og:image:width\" content=\"1344\" \/>\n\t<meta property=\"og:image:height\" content=\"768\" \/>\n\t<meta property=\"og:image:type\" content=\"image\/jpeg\" \/>\n<meta name=\"twitter:card\" content=\"summary_large_image\" \/>\n<script type=\"application\/ld+json\" class=\"yoast-schema-graph\">{\"@context\":\"https:\/\/schema.org\",\"@graph\":[{\"@type\":\"WebPage\",\"@id\":\"https:\/\/testwebsite.citygame.com\/hr\/games\/zagreb\/sherlock-holmes-zagreb\/\",\"url\":\"https:\/\/testwebsite.citygame.com\/hr\/games\/zagreb\/sherlock-holmes-zagreb\/\",\"name\":\"Sherlock Holmes Zagreb - City Game\",\"isPartOf\":{\"@id\":\"https:\/\/testwebsite.upevents.nl\/#website\"},\"primaryImageOfPage\":{\"@id\":\"https:\/\/testwebsite.citygame.com\/hr\/games\/zagreb\/sherlock-holmes-zagreb\/#primaryimage\"},\"image\":{\"@id\":\"https:\/\/testwebsite.citygame.com\/hr\/games\/zagreb\/sherlock-holmes-zagreb\/#primaryimage\"},\"thumbnailUrl\":\"https:\/\/testwebsite.citygame.com\/wp-content\/blogs.dir\/1\/files\/sites\/62\/2026\/02\/group-of-friends-using-phone-map-zagreb-street.jpg\",\"datePublished\":\"2026-02-11T08:47:19+00:00\",\"dateModified\":\"2026-04-08T04:25:30+00:00\",\"description\":\"Sherlock Holmes Zagreb. Igrajte samostalnu City Game misteriju ubojstva, rje\u0161avajte zagonetke, slijedite tragove i otkrijte ubojicu vlastitim tempom!\",\"breadcrumb\":{\"@id\":\"https:\/\/testwebsite.citygame.com\/hr\/games\/zagreb\/sherlock-holmes-zagreb\/#breadcrumb\"},\"inLanguage\":\"hr\",\"potentialAction\":[{\"@type\":\"ReadAction\",\"target\":[\"https:\/\/testwebsite.citygame.com\/hr\/games\/zagreb\/sherlock-holmes-zagreb\/\"]}]},{\"@type\":\"ImageObject\",\"inLanguage\":\"hr\",\"@id\":\"https:\/\/testwebsite.citygame.com\/hr\/games\/zagreb\/sherlock-holmes-zagreb\/#primaryimage\",\"url\":\"https:\/\/testwebsite.citygame.com\/wp-content\/blogs.dir\/1\/files\/sites\/62\/2026\/02\/group-of-friends-using-phone-map-zagreb-street.jpg\",\"contentUrl\":\"https:\/\/testwebsite.citygame.com\/wp-content\/blogs.dir\/1\/files\/sites\/62\/2026\/02\/group-of-friends-using-phone-map-zagreb-street.jpg\",\"width\":1344,\"height\":768,\"caption\":\"A group of young people gather around a smartphone to get directions on a street in Zagreb.\"},{\"@type\":\"BreadcrumbList\",\"@id\":\"https:\/\/testwebsite.citygame.com\/hr\/games\/zagreb\/sherlock-holmes-zagreb\/#breadcrumb\",\"itemListElement\":[{\"@type\":\"ListItem\",\"position\":1,\"name\":\"Home\",\"item\":\"https:\/\/testwebsite.citygame.com\/hr\/\"},{\"@type\":\"ListItem\",\"position\":2,\"name\":\"Shop\",\"item\":\"https:\/\/testwebsite.citygame.com\/shop\/\"},{\"@type\":\"ListItem\",\"position\":3,\"name\":\"Sherlock Holmes Zagreb\"}]},{\"@type\":\"WebSite\",\"@id\":\"https:\/\/testwebsite.upevents.nl\/#website\",\"url\":\"https:\/\/testwebsite.upevents.nl\/\",\"name\":\"City Game\",\"description\":\"\",\"publisher\":{\"@id\":\"https:\/\/testwebsite.upevents.nl\/#organization\"},\"alternateName\":\"citygame.com\",\"potentialAction\":[{\"@type\":\"SearchAction\",\"target\":{\"@type\":\"EntryPoint\",\"urlTemplate\":\"https:\/\/testwebsite.upevents.nl\/?s={search_term_string}\"},\"query-input\":{\"@type\":\"PropertyValueSpecification\",\"valueRequired\":true,\"valueName\":\"search_term_string\"}}],\"inLanguage\":\"hr\"},{\"@type\":[\"Organization\",\"Place\"],\"@id\":\"https:\/\/testwebsite.upevents.nl\/#organization\",\"name\":\"City Game\",\"alternateName\":\"citygame.com\",\"url\":\"https:\/\/testwebsite.upevents.nl\/\",\"logo\":{\"@id\":\"https:\/\/testwebsite.citygame.com\/hr\/games\/zagreb\/sherlock-holmes-zagreb\/#local-main-organization-logo\"},\"image\":{\"@id\":\"https:\/\/testwebsite.citygame.com\/hr\/games\/zagreb\/sherlock-holmes-zagreb\/#local-main-organization-logo\"},\"sameAs\":[\"https:\/\/www.facebook.com\/profile.php?id=100086426226253\",\"https:\/\/www.instagram.com\/citygame_com\",\"https:\/\/www.tiktok.com\/@citygamecom\/\",\"https:\/\/www.linkedin.com\/company\/citygame-com\"],\"description\":\"Turn any city into a playground with our interactive City Games and self-guided tours. Fun, flexible, and ideal for groups and team building.\",\"telephone\":[],\"openingHoursSpecification\":[{\"@type\":\"OpeningHoursSpecification\",\"dayOfWeek\":[\"Monday\",\"Tuesday\",\"Wednesday\",\"Thursday\",\"Friday\",\"Saturday\",\"Sunday\"],\"opens\":\"09:00\",\"closes\":\"17:00\"}]},{\"@type\":\"ImageObject\",\"inLanguage\":\"hr\",\"@id\":\"https:\/\/testwebsite.citygame.com\/hr\/games\/zagreb\/sherlock-holmes-zagreb\/#local-main-organization-logo\",\"url\":\"https:\/\/testwebsite.citygame.com\/wp-content\/blogs.dir\/1\/files\/sites\/62\/2025\/10\/CG_LOGO-City-Game.png\",\"contentUrl\":\"https:\/\/testwebsite.citygame.com\/wp-content\/blogs.dir\/1\/files\/sites\/62\/2025\/10\/CG_LOGO-City-Game.png\",\"width\":351,\"height\":377,\"caption\":\"City Game\"}]}<\/script>\n<!-- \/ Yoast SEO Premium plugin. -->","yoast_head_json":{"title":"Sherlock Holmes Zagreb - City Game","description":"Sherlock Holmes Zagreb. Igrajte samostalnu City Game misteriju ubojstva, rje\u0161avajte zagonetke, slijedite tragove i otkrijte ubojicu vlastitim tempom!","robots":{"index":"noindex","follow":"follow","max-snippet":"max-snippet:-1","max-image-preview":"max-image-preview:large","max-video-preview":"max-video-preview:-1"},"og_locale":"hr_HR","og_type":"article","og_title":"Sherlock Holmes Zagreb","og_description":"Sherlock Holmes Zagreb. Igrajte samostalnu City Game misteriju ubojstva, rje\u0161avajte zagonetke, slijedite tragove i otkrijte ubojicu vlastitim tempom!","og_url":"https:\/\/testwebsite.citygame.com\/hr\/games\/zagreb\/sherlock-holmes-zagreb\/","og_site_name":"City Game","article_publisher":"https:\/\/www.facebook.com\/profile.php?id=100086426226253","article_modified_time":"2026-04-08T04:25:30+00:00","og_image":[{"width":1344,"height":768,"url":"https:\/\/testwebsite.citygame.com\/wp-content\/blogs.dir\/1\/files\/sites\/62\/2026\/02\/group-of-friends-using-phone-map-zagreb-street.jpg","type":"image\/jpeg"}],"twitter_card":"summary_large_image","schema":{"@context":"https:\/\/schema.org","@graph":[{"@type":"WebPage","@id":"https:\/\/testwebsite.citygame.com\/hr\/games\/zagreb\/sherlock-holmes-zagreb\/","url":"https:\/\/testwebsite.citygame.com\/hr\/games\/zagreb\/sherlock-holmes-zagreb\/","name":"Sherlock Holmes Zagreb - City Game","isPartOf":{"@id":"https:\/\/testwebsite.upevents.nl\/#website"},"primaryImageOfPage":{"@id":"https:\/\/testwebsite.citygame.com\/hr\/games\/zagreb\/sherlock-holmes-zagreb\/#primaryimage"},"image":{"@id":"https:\/\/testwebsite.citygame.com\/hr\/games\/zagreb\/sherlock-holmes-zagreb\/#primaryimage"},"thumbnailUrl":"https:\/\/testwebsite.citygame.com\/wp-content\/blogs.dir\/1\/files\/sites\/62\/2026\/02\/group-of-friends-using-phone-map-zagreb-street.jpg","datePublished":"2026-02-11T08:47:19+00:00","dateModified":"2026-04-08T04:25:30+00:00","description":"Sherlock Holmes Zagreb. Igrajte samostalnu City Game misteriju ubojstva, rje\u0161avajte zagonetke, slijedite tragove i otkrijte ubojicu vlastitim tempom!","breadcrumb":{"@id":"https:\/\/testwebsite.citygame.com\/hr\/games\/zagreb\/sherlock-holmes-zagreb\/#breadcrumb"},"inLanguage":"hr","potentialAction":[{"@type":"ReadAction","target":["https:\/\/testwebsite.citygame.com\/hr\/games\/zagreb\/sherlock-holmes-zagreb\/"]}]},{"@type":"ImageObject","inLanguage":"hr","@id":"https:\/\/testwebsite.citygame.com\/hr\/games\/zagreb\/sherlock-holmes-zagreb\/#primaryimage","url":"https:\/\/testwebsite.citygame.com\/wp-content\/blogs.dir\/1\/files\/sites\/62\/2026\/02\/group-of-friends-using-phone-map-zagreb-street.jpg","contentUrl":"https:\/\/testwebsite.citygame.com\/wp-content\/blogs.dir\/1\/files\/sites\/62\/2026\/02\/group-of-friends-using-phone-map-zagreb-street.jpg","width":1344,"height":768,"caption":"A group of young people gather around a smartphone to get directions on a street in Zagreb."},{"@type":"BreadcrumbList","@id":"https:\/\/testwebsite.citygame.com\/hr\/games\/zagreb\/sherlock-holmes-zagreb\/#breadcrumb","itemListElement":[{"@type":"ListItem","position":1,"name":"Home","item":"https:\/\/testwebsite.citygame.com\/hr\/"},{"@type":"ListItem","position":2,"name":"Shop","item":"https:\/\/testwebsite.citygame.com\/shop\/"},{"@type":"ListItem","position":3,"name":"Sherlock Holmes Zagreb"}]},{"@type":"WebSite","@id":"https:\/\/testwebsite.upevents.nl\/#website","url":"https:\/\/testwebsite.upevents.nl\/","name":"City Game","description":"","publisher":{"@id":"https:\/\/testwebsite.upevents.nl\/#organization"},"alternateName":"citygame.com","potentialAction":[{"@type":"SearchAction","target":{"@type":"EntryPoint","urlTemplate":"https:\/\/testwebsite.upevents.nl\/?s={search_term_string}"},"query-input":{"@type":"PropertyValueSpecification","valueRequired":true,"valueName":"search_term_string"}}],"inLanguage":"hr"},{"@type":["Organization","Place"],"@id":"https:\/\/testwebsite.upevents.nl\/#organization","name":"City Game","alternateName":"citygame.com","url":"https:\/\/testwebsite.upevents.nl\/","logo":{"@id":"https:\/\/testwebsite.citygame.com\/hr\/games\/zagreb\/sherlock-holmes-zagreb\/#local-main-organization-logo"},"image":{"@id":"https:\/\/testwebsite.citygame.com\/hr\/games\/zagreb\/sherlock-holmes-zagreb\/#local-main-organization-logo"},"sameAs":["https:\/\/www.facebook.com\/profile.php?id=100086426226253","https:\/\/www.instagram.com\/citygame_com","https:\/\/www.tiktok.com\/@citygamecom\/","https:\/\/www.linkedin.com\/company\/citygame-com"],"description":"Turn any city into a playground with our interactive City Games and self-guided tours. Fun, flexible, and ideal for groups and team building.","telephone":[],"openingHoursSpecification":[{"@type":"OpeningHoursSpecification","dayOfWeek":["Monday","Tuesday","Wednesday","Thursday","Friday","Saturday","Sunday"],"opens":"09:00","closes":"17:00"}]},{"@type":"ImageObject","inLanguage":"hr","@id":"https:\/\/testwebsite.citygame.com\/hr\/games\/zagreb\/sherlock-holmes-zagreb\/#local-main-organization-logo","url":"https:\/\/testwebsite.citygame.com\/wp-content\/blogs.dir\/1\/files\/sites\/62\/2025\/10\/CG_LOGO-City-Game.png","contentUrl":"https:\/\/testwebsite.citygame.com\/wp-content\/blogs.dir\/1\/files\/sites\/62\/2025\/10\/CG_LOGO-City-Game.png","width":351,"height":377,"caption":"City Game"}]}},"taxonomy_info":{"game-concept":[{"value":775,"label":"Sherlock"}],"location":[{"value":433,"label":"Zagreb"}],"product_cat":[{"value":27,"label":"Geen categorie"}]},"featured_image_src_large":["https:\/\/testwebsite.citygame.com\/wp-content\/blogs.dir\/1\/files\/sites\/62\/2026\/02\/group-of-friends-using-phone-map-zagreb-street-1024x585.jpg",1024,585,true],"author_info":[],"comment_info":"","_links":{"self":[{"href":"https:\/\/testwebsite.citygame.com\/hr\/wp-json\/wp\/v2\/product\/59663","targetHints":{"allow":["GET"]}}],"collection":[{"href":"https:\/\/testwebsite.citygame.com\/hr\/wp-json\/wp\/v2\/product"}],"about":[{"href":"https:\/\/testwebsite.citygame.com\/hr\/wp-json\/wp\/v2\/types\/product"}],"acf:post":[{"embeddable":true,"href":"https:\/\/testwebsite.citygame.com\/hr\/wp-json\/wp\/v2\/pages\/9060"}],"wp:featuredmedia":[{"embeddable":true,"href":"https:\/\/testwebsite.citygame.com\/hr\/wp-json\/wp\/v2\/media\/12378"}],"wp:attachment":[{"href":"https:\/\/testwebsite.citygame.com\/hr\/wp-json\/wp\/v2\/media?parent=59663"}],"wp:term":[{"taxonomy":"game-concept","embeddable":true,"href":"https:\/\/testwebsite.citygame.com\/hr\/wp-json\/wp\/v2\/game-concept?post=59663"},{"taxonomy":"location","embeddable":true,"href":"https:\/\/testwebsite.citygame.com\/hr\/wp-json\/wp\/v2\/location?post=59663"},{"taxonomy":"product_brand","embeddable":true,"href":"https:\/\/testwebsite.citygame.com\/hr\/wp-json\/wp\/v2\/product_brand?post=59663"},{"taxonomy":"product_cat","embeddable":true,"href":"https:\/\/testwebsite.citygame.com\/hr\/wp-json\/wp\/v2\/product_cat?post=59663"},{"taxonomy":"product_tag","embeddable":true,"href":"https:\/\/testwebsite.citygame.com\/hr\/wp-json\/wp\/v2\/product_tag?post=59663"}],"curies":[{"name":"wp","href":"https:\/\/api.w.org\/{rel}","templated":true}]}}