{"id":58356,"date":"2026-01-27T10:59:53","date_gmt":"2026-01-27T10:59:53","guid":{"rendered":"https:\/\/testwebsite.citygame.com\/games\/unknown-location\/secrets-of-nijmegen\/"},"modified":"2026-04-08T02:05:44","modified_gmt":"2026-04-08T02:05:44","slug":"secrets-of-nijmegen","status":"publish","type":"product","link":"https:\/\/testwebsite.citygame.com\/hr\/games\/nijmegen\/secrets-of-nijmegen\/","title":{"rendered":"Secrets of Nijmegen"},"content":{"rendered":"<p>City Game Nijmegen je samostalna gradska igra koja se odvija u povijesnom centru Nijmegena. Ova GPS-bazirana igra poziva igra\u010de da istra\u017ee grad koriste\u0107i svoj pametni telefon dok rje\u0161avaju razne zagonetke, pitalice i foto izazove. Usput, sudionici otkrivaju detalje o povijesti, kulturi i skrivenim kutcima Nijmegena, \u010dine\u0107i je zanimljivom istra\u017eiva\u010dkom igrom za znati\u017eeljne umove. Dizajnirana da bude fleksibilna, odgovara solo pustolovima, kao i parovima, obiteljima i grupama prijatelja. Bez obzira jeste li posjetitelj ili lokalac, City Game Nijmegen nudi jedinstven i interaktivan na\u010din da do\u017eivite grad.<\/p>\n","protected":false},"excerpt":{"rendered":"<p>Otkrijte nostalgiju i nijanse Nijmegena! Zaronite u grad gdje se drevna rimska povijest isprepli\u0107e sa suvremenom nizozemskom kulturom, od starih tvr\u0111ava do \u017eivahnih trgova\u010dkih ulica. Slo\u017eite slagalicu dok istra\u017eujete njegovo srce, Nijmegen vrvi neo\u010dekivanim u\u017eicima na svakom koraku!<\/p>\n","protected":false},"featured_media":4572,"template":"","meta":{"_acf_changed":false,"_yoast_wpseo_focuskw":"Secrets of Nijmegen","_yoast_wpseo_metadesc":"Secrets of Nijmegen. Igrajte samostalnu gradsku igru i istra\u017eite grad kroz zagonetke, pitalice i izazove. Igrajte svojim tempom i otkrivajte kao lokalac!","_kad_blocks_custom_css":"","_kad_blocks_head_custom_js":"","_kad_blocks_body_custom_js":"","_kad_blocks_footer_custom_js":"","ghostkit_customizer_options":"","ghostkit_custom_css":"","ghostkit_custom_js_head":"","ghostkit_custom_js_foot":"","ghostkit_typography":"","_kad_post_transparent":"","_kad_post_title":"","_kad_post_layout":"","_kad_post_sidebar_id":"","_kad_post_content_style":"","_kad_post_vertical_padding":"","_kad_post_feature":"","_kad_post_feature_position":"","_kad_post_header":false,"_kad_post_footer":false,"_kad_post_classname":"","_links_to":"","_links_to_target":""},"game-concept":[714],"location":[299],"product_brand":[],"product_cat":[27],"product_tag":[],"class_list":{"0":"post-58356","1":"product","2":"type-product","3":"status-publish","4":"has-post-thumbnail","6":"game-concept-secrets","7":"location-nijmegen","8":"product_cat-geen-categorie","10":"first","11":"instock","12":"shipping-taxable","13":"purchasable","14":"product-type-simple","15":"entry","16":"content-bg","17":"loop-entry"},"acf":{"full_bokun_product_name":"Self-Guided Secrets of Nijmegen Exploration Game","location_name":"Nijmegen","bokun_calendar_widget_code":"<script type=\"text\/javascript\" src=\"https:\/\/widgets.bokun.io\/assets\/javascripts\/apps\/build\/BokunWidgetsLoader.js?bookingChannelUUID=a1e93e96-5232-4734-a595-28405f4b5a31\" async><\/script>\n     \n    <div class=\"bokunWidget\" data-src=\"https:\/\/widgets.bokun.io\/online-sales\/a1e93e96-5232-4734-a595-28405f4b5a31\/experience-calendar\/796266\"><\/div>\n    <noscript>Please enable javascript in your browser to book<\/noscript>","bokun_button_widget_code":"<script type=\"text\/javascript\" src=\"https:\/\/widgets.bokun.io\/assets\/javascripts\/apps\/build\/BokunWidgetsLoader.js?bookingChannelUUID=a1e93e96-5232-4734-a595-28405f4b5a31\" async><\/script>\n      <style> #bokun_ed001e45_5927_4f62_b470_ca766338d083 { display: inline-block; padding: .4em 1em; background: #47b82e; border-radius: 999999px; box-shadow: none; font-weight: 600; font-size: 24px; text-decoration: none; text-align: center; color: #FFFFFF; border:none; cursor: pointer; transition: background .2s ease; } #bokun_ed001e45_5927_4f62_b470_ca766338d083:hover{ background: #2f7b1f; } #bokun_ed001e45_5927_4f62_b470_ca766338d083:active{ background: #378f24; } <\/style> <button class=\"bokunButton\" disabled id=bokun_ed001e45_5927_4f62_b470_ca766338d083 data-src=\"https:\/\/widgets.bokun.io\/online-sales\/a1e93e96-5232-4734-a595-28405f4b5a31\/experience-calendar\/796266?partialView=1\" data-testid=\"widget-book-button\" > Book now <\/button> ","what_you\u2019ll_experience_during_the_game":"U gradskoj igri Secrets of Nijmegen istra\u017eit \u0107ete grad kroz pri\u010du koja spaja razgledavanje s interaktivnim izazovima. Dok se kre\u0107ete izme\u0111u lokacija, otkrit \u0107ete kako ikoni\u010dne znamenitosti tako i mirnije, manje poznate kutke Nijmegena. Usput \u0107ete pro\u0107i pored zna\u010dajnih mjesta kao \u0161to su Valkhofpark sa svojim povijesnim ru\u0161evinama, prepoznatljiva Stevenskerk i \u017eivahni Grote Markt. Ova mje\u0161avina povijesti i svakodnevnog \u017eivota stvara \u017eivopisnu pozadinu dok grad otkriva svoje pri\u010de.\n\nTijekom igre rje\u0161avat \u0107ete niz zagonetki, pitalica i kreativnih foto izazova koji vode va\u0161 napredak i otkrivaju kona\u010dnu misteriju. Dovr\u0161avanje izazova donosi bodove i otklju\u010dava savjete, daju\u0107i kako opu\u0161tenim istra\u017eiva\u010dima tako i natjecateljskim igra\u010dima cilj prema kojem rade. Igra se mo\u017ee pauzirati u bilo kojem trenutku, omogu\u0107uju\u0107i vam da istra\u017eite Nijmegen vlastitim tempom. Ako igrate u timovima ili u\u017eivate u malo natjecanja, mo\u017eete se boriti i za mjesto na ljestvici.","how_to_play":"Rezervirajte Igru istra\u017eivanja, provjerite e-po\u0161tu koju vam \u0161aljemo s jednostavnim uputama, preuzmite aplikaciju Loquiz, pristupite Igri istra\u017eivanja i spremni ste zapo\u010deti svoje iskustvo igranja!","start_location":"Nijmegen, Grote Markt","available_languages":["en"],"players_per_group":"1-4","duration":"1.5-2 hours","image_overlay_color_image":"https:\/\/testwebsite.citygame.com\/wp-content\/blogs.dir\/1\/files\/sites\/62\/2026\/01\/SecretsColor.svg","image_overlay_game_logo":"https:\/\/testwebsite.citygame.com\/wp-content\/blogs.dir\/1\/files\/sites\/62\/2026\/01\/SecretsLogo.png","city_page":4556,"woocommerce_general_content":null},"yoast_head":"<!-- This site is optimized with the Yoast SEO Premium plugin v26.2 (Yoast SEO v26.3) - https:\/\/yoast.com\/wordpress\/plugins\/seo\/ -->\n<title>Secrets of Nijmegen - City Game<\/title>\n<meta name=\"description\" content=\"Secrets of Nijmegen. Igrajte samostalnu gradsku igru i istra\u017eite grad kroz zagonetke, pitalice i izazove. Igrajte svojim tempom i otkrivajte kao lokalac!\" \/>\n<meta name=\"robots\" content=\"noindex, follow, max-snippet:-1, max-image-preview:large, max-video-preview:-1\" \/>\n<meta property=\"og:locale\" content=\"hr_HR\" \/>\n<meta property=\"og:type\" content=\"article\" \/>\n<meta property=\"og:title\" content=\"Secrets of Nijmegen\" \/>\n<meta property=\"og:description\" content=\"Secrets of Nijmegen. Igrajte samostalnu gradsku igru i istra\u017eite grad kroz zagonetke, pitalice i izazove. Igrajte svojim tempom i otkrivajte kao lokalac!\" \/>\n<meta property=\"og:url\" content=\"https:\/\/testwebsite.citygame.com\/hr\/games\/nijmegen\/secrets-of-nijmegen\/\" \/>\n<meta property=\"og:site_name\" content=\"City Game\" \/>\n<meta property=\"article:publisher\" content=\"https:\/\/www.facebook.com\/profile.php?id=100086426226253\" \/>\n<meta property=\"article:modified_time\" content=\"2026-04-08T02:05:44+00:00\" \/>\n<meta property=\"og:image\" content=\"https:\/\/testwebsite.citygame.com\/wp-content\/blogs.dir\/1\/files\/sites\/62\/2026\/01\/secrets-of-nijmegen-player-phone-cobblestone-street.jpg\" \/>\n\t<meta property=\"og:image:width\" content=\"704\" \/>\n\t<meta property=\"og:image:height\" content=\"1472\" \/>\n\t<meta property=\"og:image:type\" content=\"image\/jpeg\" \/>\n<meta name=\"twitter:card\" content=\"summary_large_image\" \/>\n<script type=\"application\/ld+json\" class=\"yoast-schema-graph\">{\"@context\":\"https:\/\/schema.org\",\"@graph\":[{\"@type\":\"WebPage\",\"@id\":\"https:\/\/testwebsite.citygame.com\/hr\/games\/nijmegen\/secrets-of-nijmegen\/\",\"url\":\"https:\/\/testwebsite.citygame.com\/hr\/games\/nijmegen\/secrets-of-nijmegen\/\",\"name\":\"Secrets of Nijmegen - City Game\",\"isPartOf\":{\"@id\":\"https:\/\/testwebsite.upevents.nl\/#website\"},\"primaryImageOfPage\":{\"@id\":\"https:\/\/testwebsite.citygame.com\/hr\/games\/nijmegen\/secrets-of-nijmegen\/#primaryimage\"},\"image\":{\"@id\":\"https:\/\/testwebsite.citygame.com\/hr\/games\/nijmegen\/secrets-of-nijmegen\/#primaryimage\"},\"thumbnailUrl\":\"https:\/\/testwebsite.citygame.com\/wp-content\/blogs.dir\/1\/files\/sites\/62\/2026\/01\/secrets-of-nijmegen-player-phone-cobblestone-street.jpg\",\"datePublished\":\"2026-01-27T10:59:53+00:00\",\"dateModified\":\"2026-04-08T02:05:44+00:00\",\"description\":\"Secrets of Nijmegen. Igrajte samostalnu gradsku igru i istra\u017eite grad kroz zagonetke, pitalice i izazove. Igrajte svojim tempom i otkrivajte kao lokalac!\",\"breadcrumb\":{\"@id\":\"https:\/\/testwebsite.citygame.com\/hr\/games\/nijmegen\/secrets-of-nijmegen\/#breadcrumb\"},\"inLanguage\":\"hr\",\"potentialAction\":[{\"@type\":\"ReadAction\",\"target\":[\"https:\/\/testwebsite.citygame.com\/hr\/games\/nijmegen\/secrets-of-nijmegen\/\"]}]},{\"@type\":\"ImageObject\",\"inLanguage\":\"hr\",\"@id\":\"https:\/\/testwebsite.citygame.com\/hr\/games\/nijmegen\/secrets-of-nijmegen\/#primaryimage\",\"url\":\"https:\/\/testwebsite.citygame.com\/wp-content\/blogs.dir\/1\/files\/sites\/62\/2026\/01\/secrets-of-nijmegen-player-phone-cobblestone-street.jpg\",\"contentUrl\":\"https:\/\/testwebsite.citygame.com\/wp-content\/blogs.dir\/1\/files\/sites\/62\/2026\/01\/secrets-of-nijmegen-player-phone-cobblestone-street.jpg\",\"width\":704,\"height\":1472,\"caption\":\"A player navigates the historic, narrow cobblestone streets of Nijmegen using a smartphone app.\"},{\"@type\":\"BreadcrumbList\",\"@id\":\"https:\/\/testwebsite.citygame.com\/hr\/games\/nijmegen\/secrets-of-nijmegen\/#breadcrumb\",\"itemListElement\":[{\"@type\":\"ListItem\",\"position\":1,\"name\":\"Home\",\"item\":\"https:\/\/testwebsite.citygame.com\/hr\/\"},{\"@type\":\"ListItem\",\"position\":2,\"name\":\"Shop\",\"item\":\"https:\/\/testwebsite.citygame.com\/shop\/\"},{\"@type\":\"ListItem\",\"position\":3,\"name\":\"Secrets of Nijmegen\"}]},{\"@type\":\"WebSite\",\"@id\":\"https:\/\/testwebsite.upevents.nl\/#website\",\"url\":\"https:\/\/testwebsite.upevents.nl\/\",\"name\":\"City Game\",\"description\":\"\",\"publisher\":{\"@id\":\"https:\/\/testwebsite.upevents.nl\/#organization\"},\"alternateName\":\"citygame.com\",\"potentialAction\":[{\"@type\":\"SearchAction\",\"target\":{\"@type\":\"EntryPoint\",\"urlTemplate\":\"https:\/\/testwebsite.upevents.nl\/?s={search_term_string}\"},\"query-input\":{\"@type\":\"PropertyValueSpecification\",\"valueRequired\":true,\"valueName\":\"search_term_string\"}}],\"inLanguage\":\"hr\"},{\"@type\":[\"Organization\",\"Place\"],\"@id\":\"https:\/\/testwebsite.upevents.nl\/#organization\",\"name\":\"City Game\",\"alternateName\":\"citygame.com\",\"url\":\"https:\/\/testwebsite.upevents.nl\/\",\"logo\":{\"@id\":\"https:\/\/testwebsite.citygame.com\/hr\/games\/nijmegen\/secrets-of-nijmegen\/#local-main-organization-logo\"},\"image\":{\"@id\":\"https:\/\/testwebsite.citygame.com\/hr\/games\/nijmegen\/secrets-of-nijmegen\/#local-main-organization-logo\"},\"sameAs\":[\"https:\/\/www.facebook.com\/profile.php?id=100086426226253\",\"https:\/\/www.instagram.com\/citygame_com\",\"https:\/\/www.tiktok.com\/@citygamecom\/\",\"https:\/\/www.linkedin.com\/company\/citygame-com\"],\"description\":\"Turn any city into a playground with our interactive City Games and self-guided tours. Fun, flexible, and ideal for groups and team building.\",\"telephone\":[],\"openingHoursSpecification\":[{\"@type\":\"OpeningHoursSpecification\",\"dayOfWeek\":[\"Monday\",\"Tuesday\",\"Wednesday\",\"Thursday\",\"Friday\",\"Saturday\",\"Sunday\"],\"opens\":\"09:00\",\"closes\":\"17:00\"}]},{\"@type\":\"ImageObject\",\"inLanguage\":\"hr\",\"@id\":\"https:\/\/testwebsite.citygame.com\/hr\/games\/nijmegen\/secrets-of-nijmegen\/#local-main-organization-logo\",\"url\":\"https:\/\/testwebsite.citygame.com\/wp-content\/blogs.dir\/1\/files\/sites\/62\/2025\/10\/CG_LOGO-City-Game.png\",\"contentUrl\":\"https:\/\/testwebsite.citygame.com\/wp-content\/blogs.dir\/1\/files\/sites\/62\/2025\/10\/CG_LOGO-City-Game.png\",\"width\":351,\"height\":377,\"caption\":\"City Game\"}]}<\/script>\n<!-- \/ Yoast SEO Premium plugin. -->","yoast_head_json":{"title":"Secrets of Nijmegen - City Game","description":"Secrets of Nijmegen. Igrajte samostalnu gradsku igru i istra\u017eite grad kroz zagonetke, pitalice i izazove. Igrajte svojim tempom i otkrivajte kao lokalac!","robots":{"index":"noindex","follow":"follow","max-snippet":"max-snippet:-1","max-image-preview":"max-image-preview:large","max-video-preview":"max-video-preview:-1"},"og_locale":"hr_HR","og_type":"article","og_title":"Secrets of Nijmegen","og_description":"Secrets of Nijmegen. Igrajte samostalnu gradsku igru i istra\u017eite grad kroz zagonetke, pitalice i izazove. Igrajte svojim tempom i otkrivajte kao lokalac!","og_url":"https:\/\/testwebsite.citygame.com\/hr\/games\/nijmegen\/secrets-of-nijmegen\/","og_site_name":"City Game","article_publisher":"https:\/\/www.facebook.com\/profile.php?id=100086426226253","article_modified_time":"2026-04-08T02:05:44+00:00","og_image":[{"width":704,"height":1472,"url":"https:\/\/testwebsite.citygame.com\/wp-content\/blogs.dir\/1\/files\/sites\/62\/2026\/01\/secrets-of-nijmegen-player-phone-cobblestone-street.jpg","type":"image\/jpeg"}],"twitter_card":"summary_large_image","schema":{"@context":"https:\/\/schema.org","@graph":[{"@type":"WebPage","@id":"https:\/\/testwebsite.citygame.com\/hr\/games\/nijmegen\/secrets-of-nijmegen\/","url":"https:\/\/testwebsite.citygame.com\/hr\/games\/nijmegen\/secrets-of-nijmegen\/","name":"Secrets of Nijmegen - City Game","isPartOf":{"@id":"https:\/\/testwebsite.upevents.nl\/#website"},"primaryImageOfPage":{"@id":"https:\/\/testwebsite.citygame.com\/hr\/games\/nijmegen\/secrets-of-nijmegen\/#primaryimage"},"image":{"@id":"https:\/\/testwebsite.citygame.com\/hr\/games\/nijmegen\/secrets-of-nijmegen\/#primaryimage"},"thumbnailUrl":"https:\/\/testwebsite.citygame.com\/wp-content\/blogs.dir\/1\/files\/sites\/62\/2026\/01\/secrets-of-nijmegen-player-phone-cobblestone-street.jpg","datePublished":"2026-01-27T10:59:53+00:00","dateModified":"2026-04-08T02:05:44+00:00","description":"Secrets of Nijmegen. Igrajte samostalnu gradsku igru i istra\u017eite grad kroz zagonetke, pitalice i izazove. Igrajte svojim tempom i otkrivajte kao lokalac!","breadcrumb":{"@id":"https:\/\/testwebsite.citygame.com\/hr\/games\/nijmegen\/secrets-of-nijmegen\/#breadcrumb"},"inLanguage":"hr","potentialAction":[{"@type":"ReadAction","target":["https:\/\/testwebsite.citygame.com\/hr\/games\/nijmegen\/secrets-of-nijmegen\/"]}]},{"@type":"ImageObject","inLanguage":"hr","@id":"https:\/\/testwebsite.citygame.com\/hr\/games\/nijmegen\/secrets-of-nijmegen\/#primaryimage","url":"https:\/\/testwebsite.citygame.com\/wp-content\/blogs.dir\/1\/files\/sites\/62\/2026\/01\/secrets-of-nijmegen-player-phone-cobblestone-street.jpg","contentUrl":"https:\/\/testwebsite.citygame.com\/wp-content\/blogs.dir\/1\/files\/sites\/62\/2026\/01\/secrets-of-nijmegen-player-phone-cobblestone-street.jpg","width":704,"height":1472,"caption":"A player navigates the historic, narrow cobblestone streets of Nijmegen using a smartphone app."},{"@type":"BreadcrumbList","@id":"https:\/\/testwebsite.citygame.com\/hr\/games\/nijmegen\/secrets-of-nijmegen\/#breadcrumb","itemListElement":[{"@type":"ListItem","position":1,"name":"Home","item":"https:\/\/testwebsite.citygame.com\/hr\/"},{"@type":"ListItem","position":2,"name":"Shop","item":"https:\/\/testwebsite.citygame.com\/shop\/"},{"@type":"ListItem","position":3,"name":"Secrets of Nijmegen"}]},{"@type":"WebSite","@id":"https:\/\/testwebsite.upevents.nl\/#website","url":"https:\/\/testwebsite.upevents.nl\/","name":"City Game","description":"","publisher":{"@id":"https:\/\/testwebsite.upevents.nl\/#organization"},"alternateName":"citygame.com","potentialAction":[{"@type":"SearchAction","target":{"@type":"EntryPoint","urlTemplate":"https:\/\/testwebsite.upevents.nl\/?s={search_term_string}"},"query-input":{"@type":"PropertyValueSpecification","valueRequired":true,"valueName":"search_term_string"}}],"inLanguage":"hr"},{"@type":["Organization","Place"],"@id":"https:\/\/testwebsite.upevents.nl\/#organization","name":"City Game","alternateName":"citygame.com","url":"https:\/\/testwebsite.upevents.nl\/","logo":{"@id":"https:\/\/testwebsite.citygame.com\/hr\/games\/nijmegen\/secrets-of-nijmegen\/#local-main-organization-logo"},"image":{"@id":"https:\/\/testwebsite.citygame.com\/hr\/games\/nijmegen\/secrets-of-nijmegen\/#local-main-organization-logo"},"sameAs":["https:\/\/www.facebook.com\/profile.php?id=100086426226253","https:\/\/www.instagram.com\/citygame_com","https:\/\/www.tiktok.com\/@citygamecom\/","https:\/\/www.linkedin.com\/company\/citygame-com"],"description":"Turn any city into a playground with our interactive City Games and self-guided tours. Fun, flexible, and ideal for groups and team building.","telephone":[],"openingHoursSpecification":[{"@type":"OpeningHoursSpecification","dayOfWeek":["Monday","Tuesday","Wednesday","Thursday","Friday","Saturday","Sunday"],"opens":"09:00","closes":"17:00"}]},{"@type":"ImageObject","inLanguage":"hr","@id":"https:\/\/testwebsite.citygame.com\/hr\/games\/nijmegen\/secrets-of-nijmegen\/#local-main-organization-logo","url":"https:\/\/testwebsite.citygame.com\/wp-content\/blogs.dir\/1\/files\/sites\/62\/2025\/10\/CG_LOGO-City-Game.png","contentUrl":"https:\/\/testwebsite.citygame.com\/wp-content\/blogs.dir\/1\/files\/sites\/62\/2025\/10\/CG_LOGO-City-Game.png","width":351,"height":377,"caption":"City Game"}]}},"taxonomy_info":{"game-concept":[{"value":714,"label":"Secrets"}],"location":[{"value":299,"label":"Nijmegen"}],"product_cat":[{"value":27,"label":"Geen categorie"}]},"featured_image_src_large":["https:\/\/testwebsite.citygame.com\/wp-content\/blogs.dir\/1\/files\/sites\/62\/2026\/01\/secrets-of-nijmegen-player-phone-cobblestone-street-490x1024.jpg",490,1024,true],"author_info":[],"comment_info":"","_links":{"self":[{"href":"https:\/\/testwebsite.citygame.com\/hr\/wp-json\/wp\/v2\/product\/58356","targetHints":{"allow":["GET"]}}],"collection":[{"href":"https:\/\/testwebsite.citygame.com\/hr\/wp-json\/wp\/v2\/product"}],"about":[{"href":"https:\/\/testwebsite.citygame.com\/hr\/wp-json\/wp\/v2\/types\/product"}],"acf:post":[{"embeddable":true,"href":"https:\/\/testwebsite.citygame.com\/hr\/wp-json\/wp\/v2\/pages\/4556"}],"wp:featuredmedia":[{"embeddable":true,"href":"https:\/\/testwebsite.citygame.com\/hr\/wp-json\/wp\/v2\/media\/4572"}],"wp:attachment":[{"href":"https:\/\/testwebsite.citygame.com\/hr\/wp-json\/wp\/v2\/media?parent=58356"}],"wp:term":[{"taxonomy":"game-concept","embeddable":true,"href":"https:\/\/testwebsite.citygame.com\/hr\/wp-json\/wp\/v2\/game-concept?post=58356"},{"taxonomy":"location","embeddable":true,"href":"https:\/\/testwebsite.citygame.com\/hr\/wp-json\/wp\/v2\/location?post=58356"},{"taxonomy":"product_brand","embeddable":true,"href":"https:\/\/testwebsite.citygame.com\/hr\/wp-json\/wp\/v2\/product_brand?post=58356"},{"taxonomy":"product_cat","embeddable":true,"href":"https:\/\/testwebsite.citygame.com\/hr\/wp-json\/wp\/v2\/product_cat?post=58356"},{"taxonomy":"product_tag","embeddable":true,"href":"https:\/\/testwebsite.citygame.com\/hr\/wp-json\/wp\/v2\/product_tag?post=58356"}],"curies":[{"name":"wp","href":"https:\/\/api.w.org\/{rel}","templated":true}]}}