{"id":56179,"date":"2026-02-16T12:26:18","date_gmt":"2026-02-16T12:26:18","guid":{"rendered":"https:\/\/testwebsite.citygame.com\/games\/unknown-location\/sherlock-holmes-alkmaar\/"},"modified":"2026-04-07T22:15:29","modified_gmt":"2026-04-07T22:15:29","slug":"sherlock-holmes-alkmaar","status":"publish","type":"product","link":"https:\/\/testwebsite.citygame.com\/hr\/games\/alkmaar\/sherlock-holmes-alkmaar\/","title":{"rendered":"Sherlock Holmes Alkmaar"},"content":{"rendered":"<p>U\u0111ite u svijet Sherlocka Holmesa s ovom samostalnom, pripovjednom misterijom ubojstva \u2013 City Game igrom smje\u0161tenom u povijesnom centru Alkmaara. Grad postaje pozadina za uzbudljivu detektivsku istragu dok slijedite trag ubojstva po\u010dinjenog tijekom kaoti\u010dnog Liberty Festivala. Kre\u0107ite se vlastitim tempom dok skupljate tragove, rje\u0161avate zagonetke i ispitujete digitalne osumnji\u010denike, sve kao dio pri\u010de koja se odvija, izazivaju\u0107i va\u0161e deduktivne vje\u0161tine i uranjaju\u0107i vas u srce tajanstvenog slu\u010daja.<\/p>\n","protected":false},"excerpt":{"rendered":"<p>U\u0111ite u legendarne cipele Sherlocka Holmesa, upu\u0161taju\u0107i se u samostalnu misteriju ubojstva ulicama Alkmaara. Slijedite zamr\u0161ene tragove, rje\u0161avajte izazovne zagonetke i sura\u0111ujte sa svojim timom kako biste otkrili istinu prije nego \u0161to istekne vrijeme!<\/p>\n","protected":false},"featured_media":14283,"template":"","meta":{"_acf_changed":false,"_yoast_wpseo_focuskw":"Sherlock Holmes Alkmaar","_yoast_wpseo_metadesc":"Sherlock Holmes Alkmaar. Igrajte samostalnu misteriju ubojstva \u2013 City Game igru, rje\u0161avajte zagonetke, slijedite tragove i otkrijte ubojicu vlastitim tempom!","_kad_blocks_custom_css":"","_kad_blocks_head_custom_js":"","_kad_blocks_body_custom_js":"","_kad_blocks_footer_custom_js":"","ghostkit_customizer_options":"","ghostkit_custom_css":"","ghostkit_custom_js_head":"","ghostkit_custom_js_foot":"","ghostkit_typography":"","_kad_post_transparent":"","_kad_post_title":"","_kad_post_layout":"","_kad_post_sidebar_id":"","_kad_post_content_style":"","_kad_post_vertical_padding":"","_kad_post_feature":"","_kad_post_feature_position":"","_kad_post_header":false,"_kad_post_footer":false,"_kad_post_classname":"","_links_to":"","_links_to_target":""},"game-concept":[775],"location":[62],"product_brand":[],"product_cat":[27],"product_tag":[],"class_list":{"0":"post-56179","1":"product","2":"type-product","3":"status-publish","4":"has-post-thumbnail","6":"game-concept-sherlock","7":"location-alkmaar","8":"product_cat-geen-categorie","10":"first","11":"instock","12":"shipping-taxable","13":"purchasable","14":"product-type-simple","15":"entry","16":"content-bg","17":"loop-entry"},"acf":{"full_bokun_product_name":"Alkmaar Self-Guided Sherlock Holmes Murder Mystery Game","location_name":"Alkmaar","bokun_calendar_widget_code":"<script type=\"text\/javascript\" src=\"https:\/\/widgets.bokun.io\/assets\/javascripts\/apps\/build\/BokunWidgetsLoader.js?bookingChannelUUID=a1e93e96-5232-4734-a595-28405f4b5a31\" async><\/script>\n     \n    <div class=\"bokunWidget\" data-src=\"https:\/\/widgets.bokun.io\/online-sales\/a1e93e96-5232-4734-a595-28405f4b5a31\/experience-calendar\/730919\"><\/div>\n    <noscript>Please enable javascript in your browser to book<\/noscript>","bokun_button_widget_code":"<script type=\"text\/javascript\" src=\"https:\/\/widgets.bokun.io\/assets\/javascripts\/apps\/build\/BokunWidgetsLoader.js?bookingChannelUUID=a1e93e96-5232-4734-a595-28405f4b5a31\" async><\/script>\n      <style> #bokun_ed001e45_5927_4f62_b470_ca766338d083 { display: inline-block; padding: .4em 1em; background: #47b82e; border-radius: 999999px; box-shadow: none; font-weight: 600; font-size: 24px; text-decoration: none; text-align: center; color: #FFFFFF; border:none; cursor: pointer; transition: background .2s ease; } #bokun_ed001e45_5927_4f62_b470_ca766338d083:hover{ background: #2f7b1f; } #bokun_ed001e45_5927_4f62_b470_ca766338d083:active{ background: #378f24; } <\/style> <button class=\"bokunButton\" disabled id=bokun_ed001e45_5927_4f62_b470_ca766338d083 data-src=\"https:\/\/widgets.bokun.io\/online-sales\/a1e93e96-5232-4734-a595-28405f4b5a31\/experience-calendar\/730919?partialView=1\" data-testid=\"widget-book-button\" > Book now <\/button> ","what_you\u2019ll_experience_during_the_game":"Ulazite u uzbudljivu detektivsku pri\u010du smje\u0161tenu u srcu Alkmaara, gdje mirna fasada grada skriva istinu iza \u0161okantnog ubojstva tijekom Liberty Festivala. Kako se istraga odvija, pratite trag intrige diljem grada, kre\u0107u\u0107i se od jednog skrivenog traga do drugog. Svaki korak donosi nove zagonetke za rje\u0161avanje, svaku izazovniju od prethodne, dok skidate slojeve pa\u017eljivo konstruirane misterije.\n\nKoriste\u0107i svoje o\u0161tro oko za promatranje i britko rasu\u0111ivanje, ispitujete digitalne osumnji\u010denike, analizirate proturje\u010dne alibije i otkrivate suptilne proturje\u010dnosti u njihovim pri\u010dama. Iskustvo je potpuno vo\u0111eno pri\u010dom, prisiljavaju\u0107i vas da se oslonite na kriti\u010dko razmi\u0161ljanje i dedukciju kako biste otkrili \u0161to se stvarno dogodilo. Mo\u017eete odabrati vlastiti tempo, pauziraju\u0107i istragu kad god je potrebno i nastavljaju\u0107i kada ste spremni. Ako igrate kao tim, mo\u017eete se natjecati tko \u0107e najbr\u017ee rije\u0161iti slu\u010daj, ali fokus ostaje na otkrivanju istine. U Alkmaaru, same ulice postaju va\u0161e mjesto zlo\u010dina.","how_to_play":"Igrajte sami ili s prijateljima, obitelji ili kolegama u timovima do \u010detiri osobe po ure\u0111aju. Nakon rezervacije, primit \u0107ete e-poruku s uputama i svime \u0161to vam je potrebno.","start_location":"Alkmaar, Canadaplein","available_languages":["en","es","fr","de","it","nl"],"players_per_group":"1-4","duration":"1.5-2 hours","image_overlay_color_image":"https:\/\/testwebsite.citygame.com\/wp-content\/blogs.dir\/1\/files\/sites\/62\/2026\/01\/SherlockColor.svg","image_overlay_game_logo":"https:\/\/testwebsite.citygame.com\/wp-content\/blogs.dir\/1\/files\/sites\/62\/2026\/01\/SherlockLogo.png","city_page":4546,"woocommerce_general_content":null},"yoast_head":"<!-- This site is optimized with the Yoast SEO Premium plugin v26.2 (Yoast SEO v26.3) - https:\/\/yoast.com\/wordpress\/plugins\/seo\/ -->\n<title>Sherlock Holmes Alkmaar - City Game<\/title>\n<meta name=\"description\" content=\"Sherlock Holmes Alkmaar. Igrajte samostalnu misteriju ubojstva \u2013 City Game igru, rje\u0161avajte zagonetke, slijedite tragove i otkrijte ubojicu vlastitim tempom!\" \/>\n<meta name=\"robots\" content=\"noindex, follow, max-snippet:-1, max-image-preview:large, max-video-preview:-1\" \/>\n<meta property=\"og:locale\" content=\"hr_HR\" \/>\n<meta property=\"og:type\" content=\"article\" \/>\n<meta property=\"og:title\" content=\"Sherlock Holmes Alkmaar\" \/>\n<meta property=\"og:description\" content=\"Sherlock Holmes Alkmaar. Igrajte samostalnu misteriju ubojstva \u2013 City Game igru, rje\u0161avajte zagonetke, slijedite tragove i otkrijte ubojicu vlastitim tempom!\" \/>\n<meta property=\"og:url\" content=\"https:\/\/testwebsite.citygame.com\/hr\/games\/alkmaar\/sherlock-holmes-alkmaar\/\" \/>\n<meta property=\"og:site_name\" content=\"City Game\" \/>\n<meta property=\"article:publisher\" content=\"https:\/\/www.facebook.com\/profile.php?id=100086426226253\" \/>\n<meta property=\"article:modified_time\" content=\"2026-04-07T22:15:29+00:00\" \/>\n<meta property=\"og:image\" content=\"https:\/\/testwebsite.citygame.com\/wp-content\/blogs.dir\/1\/files\/sites\/62\/2026\/02\/man-playing-city-game-provenhuis-van-wildeman-alkmaar.jpg\" \/>\n\t<meta property=\"og:image:width\" content=\"1024\" \/>\n\t<meta property=\"og:image:height\" content=\"1024\" \/>\n\t<meta property=\"og:image:type\" content=\"image\/jpeg\" \/>\n<meta name=\"twitter:card\" content=\"summary_large_image\" \/>\n<script type=\"application\/ld+json\" class=\"yoast-schema-graph\">{\"@context\":\"https:\/\/schema.org\",\"@graph\":[{\"@type\":\"WebPage\",\"@id\":\"https:\/\/testwebsite.citygame.com\/hr\/games\/alkmaar\/sherlock-holmes-alkmaar\/\",\"url\":\"https:\/\/testwebsite.citygame.com\/hr\/games\/alkmaar\/sherlock-holmes-alkmaar\/\",\"name\":\"Sherlock Holmes Alkmaar - City Game\",\"isPartOf\":{\"@id\":\"https:\/\/testwebsite.upevents.nl\/#website\"},\"primaryImageOfPage\":{\"@id\":\"https:\/\/testwebsite.citygame.com\/hr\/games\/alkmaar\/sherlock-holmes-alkmaar\/#primaryimage\"},\"image\":{\"@id\":\"https:\/\/testwebsite.citygame.com\/hr\/games\/alkmaar\/sherlock-holmes-alkmaar\/#primaryimage\"},\"thumbnailUrl\":\"https:\/\/testwebsite.citygame.com\/wp-content\/blogs.dir\/1\/files\/sites\/62\/2026\/02\/man-playing-city-game-provenhuis-van-wildeman-alkmaar.jpg\",\"datePublished\":\"2026-02-16T12:26:18+00:00\",\"dateModified\":\"2026-04-07T22:15:29+00:00\",\"description\":\"Sherlock Holmes Alkmaar. Igrajte samostalnu misteriju ubojstva \u2013 City Game igru, rje\u0161avajte zagonetke, slijedite tragove i otkrijte ubojicu vlastitim tempom!\",\"breadcrumb\":{\"@id\":\"https:\/\/testwebsite.citygame.com\/hr\/games\/alkmaar\/sherlock-holmes-alkmaar\/#breadcrumb\"},\"inLanguage\":\"hr\",\"potentialAction\":[{\"@type\":\"ReadAction\",\"target\":[\"https:\/\/testwebsite.citygame.com\/hr\/games\/alkmaar\/sherlock-holmes-alkmaar\/\"]}]},{\"@type\":\"ImageObject\",\"inLanguage\":\"hr\",\"@id\":\"https:\/\/testwebsite.citygame.com\/hr\/games\/alkmaar\/sherlock-holmes-alkmaar\/#primaryimage\",\"url\":\"https:\/\/testwebsite.citygame.com\/wp-content\/blogs.dir\/1\/files\/sites\/62\/2026\/02\/man-playing-city-game-provenhuis-van-wildeman-alkmaar.jpg\",\"contentUrl\":\"https:\/\/testwebsite.citygame.com\/wp-content\/blogs.dir\/1\/files\/sites\/62\/2026\/02\/man-playing-city-game-provenhuis-van-wildeman-alkmaar.jpg\",\"width\":1024,\"height\":1024,\"caption\":\"A player uses a smartphone app to explore the historic streets of Alkmaar, the Netherlands.\"},{\"@type\":\"BreadcrumbList\",\"@id\":\"https:\/\/testwebsite.citygame.com\/hr\/games\/alkmaar\/sherlock-holmes-alkmaar\/#breadcrumb\",\"itemListElement\":[{\"@type\":\"ListItem\",\"position\":1,\"name\":\"Home\",\"item\":\"https:\/\/testwebsite.citygame.com\/hr\/\"},{\"@type\":\"ListItem\",\"position\":2,\"name\":\"Shop\",\"item\":\"https:\/\/testwebsite.citygame.com\/shop\/\"},{\"@type\":\"ListItem\",\"position\":3,\"name\":\"Sherlock Holmes Alkmaar\"}]},{\"@type\":\"WebSite\",\"@id\":\"https:\/\/testwebsite.upevents.nl\/#website\",\"url\":\"https:\/\/testwebsite.upevents.nl\/\",\"name\":\"City Game\",\"description\":\"\",\"publisher\":{\"@id\":\"https:\/\/testwebsite.upevents.nl\/#organization\"},\"alternateName\":\"citygame.com\",\"potentialAction\":[{\"@type\":\"SearchAction\",\"target\":{\"@type\":\"EntryPoint\",\"urlTemplate\":\"https:\/\/testwebsite.upevents.nl\/?s={search_term_string}\"},\"query-input\":{\"@type\":\"PropertyValueSpecification\",\"valueRequired\":true,\"valueName\":\"search_term_string\"}}],\"inLanguage\":\"hr\"},{\"@type\":[\"Organization\",\"Place\"],\"@id\":\"https:\/\/testwebsite.upevents.nl\/#organization\",\"name\":\"City Game\",\"alternateName\":\"citygame.com\",\"url\":\"https:\/\/testwebsite.upevents.nl\/\",\"logo\":{\"@id\":\"https:\/\/testwebsite.citygame.com\/hr\/games\/alkmaar\/sherlock-holmes-alkmaar\/#local-main-organization-logo\"},\"image\":{\"@id\":\"https:\/\/testwebsite.citygame.com\/hr\/games\/alkmaar\/sherlock-holmes-alkmaar\/#local-main-organization-logo\"},\"sameAs\":[\"https:\/\/www.facebook.com\/profile.php?id=100086426226253\",\"https:\/\/www.instagram.com\/citygame_com\",\"https:\/\/www.tiktok.com\/@citygamecom\/\",\"https:\/\/www.linkedin.com\/company\/citygame-com\"],\"description\":\"Turn any city into a playground with our interactive City Games and self-guided tours. Fun, flexible, and ideal for groups and team building.\",\"telephone\":[],\"openingHoursSpecification\":[{\"@type\":\"OpeningHoursSpecification\",\"dayOfWeek\":[\"Monday\",\"Tuesday\",\"Wednesday\",\"Thursday\",\"Friday\",\"Saturday\",\"Sunday\"],\"opens\":\"09:00\",\"closes\":\"17:00\"}]},{\"@type\":\"ImageObject\",\"inLanguage\":\"hr\",\"@id\":\"https:\/\/testwebsite.citygame.com\/hr\/games\/alkmaar\/sherlock-holmes-alkmaar\/#local-main-organization-logo\",\"url\":\"https:\/\/testwebsite.citygame.com\/wp-content\/blogs.dir\/1\/files\/sites\/62\/2025\/10\/CG_LOGO-City-Game.png\",\"contentUrl\":\"https:\/\/testwebsite.citygame.com\/wp-content\/blogs.dir\/1\/files\/sites\/62\/2025\/10\/CG_LOGO-City-Game.png\",\"width\":351,\"height\":377,\"caption\":\"City Game\"}]}<\/script>\n<!-- \/ Yoast SEO Premium plugin. -->","yoast_head_json":{"title":"Sherlock Holmes Alkmaar - City Game","description":"Sherlock Holmes Alkmaar. Igrajte samostalnu misteriju ubojstva \u2013 City Game igru, rje\u0161avajte zagonetke, slijedite tragove i otkrijte ubojicu vlastitim tempom!","robots":{"index":"noindex","follow":"follow","max-snippet":"max-snippet:-1","max-image-preview":"max-image-preview:large","max-video-preview":"max-video-preview:-1"},"og_locale":"hr_HR","og_type":"article","og_title":"Sherlock Holmes Alkmaar","og_description":"Sherlock Holmes Alkmaar. Igrajte samostalnu misteriju ubojstva \u2013 City Game igru, rje\u0161avajte zagonetke, slijedite tragove i otkrijte ubojicu vlastitim tempom!","og_url":"https:\/\/testwebsite.citygame.com\/hr\/games\/alkmaar\/sherlock-holmes-alkmaar\/","og_site_name":"City Game","article_publisher":"https:\/\/www.facebook.com\/profile.php?id=100086426226253","article_modified_time":"2026-04-07T22:15:29+00:00","og_image":[{"width":1024,"height":1024,"url":"https:\/\/testwebsite.citygame.com\/wp-content\/blogs.dir\/1\/files\/sites\/62\/2026\/02\/man-playing-city-game-provenhuis-van-wildeman-alkmaar.jpg","type":"image\/jpeg"}],"twitter_card":"summary_large_image","schema":{"@context":"https:\/\/schema.org","@graph":[{"@type":"WebPage","@id":"https:\/\/testwebsite.citygame.com\/hr\/games\/alkmaar\/sherlock-holmes-alkmaar\/","url":"https:\/\/testwebsite.citygame.com\/hr\/games\/alkmaar\/sherlock-holmes-alkmaar\/","name":"Sherlock Holmes Alkmaar - City Game","isPartOf":{"@id":"https:\/\/testwebsite.upevents.nl\/#website"},"primaryImageOfPage":{"@id":"https:\/\/testwebsite.citygame.com\/hr\/games\/alkmaar\/sherlock-holmes-alkmaar\/#primaryimage"},"image":{"@id":"https:\/\/testwebsite.citygame.com\/hr\/games\/alkmaar\/sherlock-holmes-alkmaar\/#primaryimage"},"thumbnailUrl":"https:\/\/testwebsite.citygame.com\/wp-content\/blogs.dir\/1\/files\/sites\/62\/2026\/02\/man-playing-city-game-provenhuis-van-wildeman-alkmaar.jpg","datePublished":"2026-02-16T12:26:18+00:00","dateModified":"2026-04-07T22:15:29+00:00","description":"Sherlock Holmes Alkmaar. Igrajte samostalnu misteriju ubojstva \u2013 City Game igru, rje\u0161avajte zagonetke, slijedite tragove i otkrijte ubojicu vlastitim tempom!","breadcrumb":{"@id":"https:\/\/testwebsite.citygame.com\/hr\/games\/alkmaar\/sherlock-holmes-alkmaar\/#breadcrumb"},"inLanguage":"hr","potentialAction":[{"@type":"ReadAction","target":["https:\/\/testwebsite.citygame.com\/hr\/games\/alkmaar\/sherlock-holmes-alkmaar\/"]}]},{"@type":"ImageObject","inLanguage":"hr","@id":"https:\/\/testwebsite.citygame.com\/hr\/games\/alkmaar\/sherlock-holmes-alkmaar\/#primaryimage","url":"https:\/\/testwebsite.citygame.com\/wp-content\/blogs.dir\/1\/files\/sites\/62\/2026\/02\/man-playing-city-game-provenhuis-van-wildeman-alkmaar.jpg","contentUrl":"https:\/\/testwebsite.citygame.com\/wp-content\/blogs.dir\/1\/files\/sites\/62\/2026\/02\/man-playing-city-game-provenhuis-van-wildeman-alkmaar.jpg","width":1024,"height":1024,"caption":"A player uses a smartphone app to explore the historic streets of Alkmaar, the Netherlands."},{"@type":"BreadcrumbList","@id":"https:\/\/testwebsite.citygame.com\/hr\/games\/alkmaar\/sherlock-holmes-alkmaar\/#breadcrumb","itemListElement":[{"@type":"ListItem","position":1,"name":"Home","item":"https:\/\/testwebsite.citygame.com\/hr\/"},{"@type":"ListItem","position":2,"name":"Shop","item":"https:\/\/testwebsite.citygame.com\/shop\/"},{"@type":"ListItem","position":3,"name":"Sherlock Holmes Alkmaar"}]},{"@type":"WebSite","@id":"https:\/\/testwebsite.upevents.nl\/#website","url":"https:\/\/testwebsite.upevents.nl\/","name":"City Game","description":"","publisher":{"@id":"https:\/\/testwebsite.upevents.nl\/#organization"},"alternateName":"citygame.com","potentialAction":[{"@type":"SearchAction","target":{"@type":"EntryPoint","urlTemplate":"https:\/\/testwebsite.upevents.nl\/?s={search_term_string}"},"query-input":{"@type":"PropertyValueSpecification","valueRequired":true,"valueName":"search_term_string"}}],"inLanguage":"hr"},{"@type":["Organization","Place"],"@id":"https:\/\/testwebsite.upevents.nl\/#organization","name":"City Game","alternateName":"citygame.com","url":"https:\/\/testwebsite.upevents.nl\/","logo":{"@id":"https:\/\/testwebsite.citygame.com\/hr\/games\/alkmaar\/sherlock-holmes-alkmaar\/#local-main-organization-logo"},"image":{"@id":"https:\/\/testwebsite.citygame.com\/hr\/games\/alkmaar\/sherlock-holmes-alkmaar\/#local-main-organization-logo"},"sameAs":["https:\/\/www.facebook.com\/profile.php?id=100086426226253","https:\/\/www.instagram.com\/citygame_com","https:\/\/www.tiktok.com\/@citygamecom\/","https:\/\/www.linkedin.com\/company\/citygame-com"],"description":"Turn any city into a playground with our interactive City Games and self-guided tours. Fun, flexible, and ideal for groups and team building.","telephone":[],"openingHoursSpecification":[{"@type":"OpeningHoursSpecification","dayOfWeek":["Monday","Tuesday","Wednesday","Thursday","Friday","Saturday","Sunday"],"opens":"09:00","closes":"17:00"}]},{"@type":"ImageObject","inLanguage":"hr","@id":"https:\/\/testwebsite.citygame.com\/hr\/games\/alkmaar\/sherlock-holmes-alkmaar\/#local-main-organization-logo","url":"https:\/\/testwebsite.citygame.com\/wp-content\/blogs.dir\/1\/files\/sites\/62\/2025\/10\/CG_LOGO-City-Game.png","contentUrl":"https:\/\/testwebsite.citygame.com\/wp-content\/blogs.dir\/1\/files\/sites\/62\/2025\/10\/CG_LOGO-City-Game.png","width":351,"height":377,"caption":"City Game"}]}},"taxonomy_info":{"game-concept":[{"value":775,"label":"Sherlock"}],"location":[{"value":62,"label":"Alkmaar"}],"product_cat":[{"value":27,"label":"Geen categorie"}]},"featured_image_src_large":["https:\/\/testwebsite.citygame.com\/wp-content\/blogs.dir\/1\/files\/sites\/62\/2026\/02\/man-playing-city-game-provenhuis-van-wildeman-alkmaar.jpg",1024,1024,false],"author_info":[],"comment_info":"","_links":{"self":[{"href":"https:\/\/testwebsite.citygame.com\/hr\/wp-json\/wp\/v2\/product\/56179","targetHints":{"allow":["GET"]}}],"collection":[{"href":"https:\/\/testwebsite.citygame.com\/hr\/wp-json\/wp\/v2\/product"}],"about":[{"href":"https:\/\/testwebsite.citygame.com\/hr\/wp-json\/wp\/v2\/types\/product"}],"acf:post":[{"embeddable":true,"href":"https:\/\/testwebsite.citygame.com\/hr\/wp-json\/wp\/v2\/pages\/4546"}],"wp:featuredmedia":[{"embeddable":true,"href":"https:\/\/testwebsite.citygame.com\/hr\/wp-json\/wp\/v2\/media\/14283"}],"wp:attachment":[{"href":"https:\/\/testwebsite.citygame.com\/hr\/wp-json\/wp\/v2\/media?parent=56179"}],"wp:term":[{"taxonomy":"game-concept","embeddable":true,"href":"https:\/\/testwebsite.citygame.com\/hr\/wp-json\/wp\/v2\/game-concept?post=56179"},{"taxonomy":"location","embeddable":true,"href":"https:\/\/testwebsite.citygame.com\/hr\/wp-json\/wp\/v2\/location?post=56179"},{"taxonomy":"product_brand","embeddable":true,"href":"https:\/\/testwebsite.citygame.com\/hr\/wp-json\/wp\/v2\/product_brand?post=56179"},{"taxonomy":"product_cat","embeddable":true,"href":"https:\/\/testwebsite.citygame.com\/hr\/wp-json\/wp\/v2\/product_cat?post=56179"},{"taxonomy":"product_tag","embeddable":true,"href":"https:\/\/testwebsite.citygame.com\/hr\/wp-json\/wp\/v2\/product_tag?post=56179"}],"curies":[{"name":"wp","href":"https:\/\/api.w.org\/{rel}","templated":true}]}}