{"id":54146,"date":"2026-02-09T08:14:17","date_gmt":"2026-02-09T08:14:17","guid":{"rendered":"https:\/\/testwebsite.citygame.com\/games\/unknown-location\/sherlock-holmes-chania\/"},"modified":"2026-04-07T18:20:46","modified_gmt":"2026-04-07T18:20:46","slug":"sherlock-holmes-chania","status":"publish","type":"product","link":"https:\/\/testwebsite.citygame.com\/hr\/games\/chania\/sherlock-holmes-chania\/","title":{"rendered":"Sherlock Holmes Chania"},"content":{"rendered":"<p>Uronite u svijet Sherlocka Holmesa uz ovu samostalnu, pri\u010dom vo\u0111enu gradsku igru misterije ubojstva, smje\u0161tenu u povijesnom centru Chanije. Dok grad postaje va\u0161e mjesto zlo\u010dina, vi i va\u0161i kolege detektivi istra\u017eit \u0107ete jezivo ubojstvo koje je potreslo Liberty Festival, otkrivaju\u0107i tajne prate\u0107i napetu pri\u010du koja se odvija du\u017e va\u0161e rute. Uz slobodu igranja vlastitim tempom, prikupljat \u0107ete tragove, rje\u0161avati zamr\u0161ene zagonetke i ispitivati digitalne osumnji\u010denike u impresivnom detektivskom iskustvu dostojnom Baker Streeta.<\/p>\n","protected":false},"excerpt":{"rendered":"<p>Uronite u intrigantan svijet Sherlocka Holmesa u ovoj samostalnoj misteriji ubojstva smje\u0161tenoj u Chaniji. Pratite zavodljive tragove, rje\u0161avajte zagonetne zagonetke sa svojim timom i po\u017eurite otkriti istinu prije nego \u0161to vrijeme istekne!<\/p>\n","protected":false},"featured_media":11592,"template":"","meta":{"_acf_changed":false,"_yoast_wpseo_focuskw":"Sherlock Holmes Chania","_yoast_wpseo_metadesc":"Sherlock Holmes Chania. Igrajte samostalnu gradsku igru misterije ubojstva, rje\u0161avajte zagonetke, pratite tragove i otkrijte ubojicu vlastitim tempom!","_kad_blocks_custom_css":"","_kad_blocks_head_custom_js":"","_kad_blocks_body_custom_js":"","_kad_blocks_footer_custom_js":"","ghostkit_customizer_options":"","ghostkit_custom_css":"","ghostkit_custom_js_head":"","ghostkit_custom_js_foot":"","ghostkit_typography":"","_kad_post_transparent":"","_kad_post_title":"","_kad_post_layout":"","_kad_post_sidebar_id":"","_kad_post_content_style":"","_kad_post_vertical_padding":"","_kad_post_feature":"","_kad_post_feature_position":"","_kad_post_header":false,"_kad_post_footer":false,"_kad_post_classname":"","_links_to":"","_links_to_target":""},"game-concept":[775],"location":[118],"product_brand":[],"product_cat":[27],"product_tag":[],"class_list":{"0":"post-54146","1":"product","2":"type-product","3":"status-publish","4":"has-post-thumbnail","6":"game-concept-sherlock","7":"location-chania","8":"product_cat-geen-categorie","10":"first","11":"instock","12":"shipping-taxable","13":"purchasable","14":"product-type-simple","15":"entry","16":"content-bg","17":"loop-entry"},"acf":{"full_bokun_product_name":"Chania Self-Guided Sherlock Holmes Murder Mystery Game","location_name":"Chania","bokun_calendar_widget_code":"<script type=\"text\/javascript\" src=\"https:\/\/widgets.bokun.io\/assets\/javascripts\/apps\/build\/BokunWidgetsLoader.js?bookingChannelUUID=a1e93e96-5232-4734-a595-28405f4b5a31\" async><\/script>\n     \n    <div class=\"bokunWidget\" data-src=\"https:\/\/widgets.bokun.io\/online-sales\/a1e93e96-5232-4734-a595-28405f4b5a31\/experience-calendar\/766776\"><\/div>\n    <noscript>Please enable javascript in your browser to book<\/noscript>","bokun_button_widget_code":"<script type=\"text\/javascript\" src=\"https:\/\/widgets.bokun.io\/assets\/javascripts\/apps\/build\/BokunWidgetsLoader.js?bookingChannelUUID=a1e93e96-5232-4734-a595-28405f4b5a31\" async><\/script>\n      <style> #bokun_ed001e45_5927_4f62_b470_ca766338d083 { display: inline-block; padding: .4em 1em; background: #47b82e; border-radius: 999999px; box-shadow: none; font-weight: 600; font-size: 24px; text-decoration: none; text-align: center; color: #FFFFFF; border:none; cursor: pointer; transition: background .2s ease; } #bokun_ed001e45_5927_4f62_b470_ca766338d083:hover{ background: #2f7b1f; } #bokun_ed001e45_5927_4f62_b470_ca766338d083:active{ background: #378f24; } <\/style> <button class=\"bokunButton\" disabled id=bokun_ed001e45_5927_4f62_b470_ca766338d083 data-src=\"https:\/\/widgets.bokun.io\/online-sales\/a1e93e96-5232-4734-a595-28405f4b5a31\/experience-calendar\/766776?partialView=1\" data-testid=\"widget-book-button\" > Book now <\/button> ","what_you\u2019ll_experience_during_the_game":"Uronite u uzbudljivu detektivsku pri\u010du smje\u0161tenu u Chaniji, gdje je ubojstvo tijekom Liberty Festivala potreslo grad. Dok se kre\u0107ete ulicama, slu\u010daj se raspli\u0107e dio po dio, uvla\u010de\u0107i vas u mre\u017eu tajni, motiva i skrivenih veza. Sa svakom novom lokacijom otkrivate tragove, rje\u0161avate zagonetke i nailazite na neo\u010dekivane obrate koji izazivaju va\u0161e istra\u017eiteljske instinkte.\n\nVa\u0161e o\u0161tro razmi\u0161ljanje bit \u0107e stavljeno na ku\u0161nju dok ispitujete digitalne osumnji\u010denike, analizirate alibije i identificirate proturje\u010dnosti u njihovim izjavama. Svaki korak vas pribli\u017eava otkrivanju istine, ali ni\u0161ta nije onako kako se isprva \u010dini. Iskustvo je potpuno vo\u0111eno pri\u010dom, pozivaju\u0107i vas da pa\u017eljivo promatrate, kriti\u010dki razmi\u0161ljate i slijedite trag kao \u0161to bi to u\u010dinio samo pravi detektiv. Imate potpunu kontrolu nad tempom va\u0161e istrage, uz slobodu da pauzirate i nastavite kad god \u017eelite. Rje\u0161avanje misterije mo\u017ee biti zajedni\u010dki napor ili prijateljsko natjecanje, ovisno o tome kako va\u0161 tim odlu\u010di igrati.","how_to_play":"Igrajte sami ili s prijateljima, obitelji ili kolegama u timovima do \u010detiri osobe po ure\u0111aju. Nakon rezervacije, dobit \u0107ete e-poruku s uputama sa svime \u0161to vam je potrebno.","start_location":"Chania, K\u7709\u83bd\u7709k Hasan Mosque","available_languages":["en","es","fr","de","it","nl"],"players_per_group":"1-4","duration":"1.5-2 hours","image_overlay_color_image":"https:\/\/testwebsite.citygame.com\/wp-content\/blogs.dir\/1\/files\/sites\/62\/2026\/01\/SherlockColor.svg","image_overlay_game_logo":"https:\/\/testwebsite.citygame.com\/wp-content\/blogs.dir\/1\/files\/sites\/62\/2026\/01\/SherlockLogo.png","city_page":11590,"woocommerce_general_content":null},"yoast_head":"<!-- This site is optimized with the Yoast SEO Premium plugin v26.2 (Yoast SEO v26.3) - https:\/\/yoast.com\/wordpress\/plugins\/seo\/ -->\n<title>Sherlock Holmes Chania - City Game<\/title>\n<meta name=\"description\" content=\"Sherlock Holmes Chania. Igrajte samostalnu gradsku igru misterije ubojstva, rje\u0161avajte zagonetke, pratite tragove i otkrijte ubojicu vlastitim tempom!\" \/>\n<meta name=\"robots\" content=\"noindex, follow, max-snippet:-1, max-image-preview:large, max-video-preview:-1\" \/>\n<meta property=\"og:locale\" content=\"hr_HR\" \/>\n<meta property=\"og:type\" content=\"article\" \/>\n<meta property=\"og:title\" content=\"Sherlock Holmes Chania\" \/>\n<meta property=\"og:description\" content=\"Sherlock Holmes Chania. Igrajte samostalnu gradsku igru misterije ubojstva, rje\u0161avajte zagonetke, pratite tragove i otkrijte ubojicu vlastitim tempom!\" \/>\n<meta property=\"og:url\" content=\"https:\/\/testwebsite.citygame.com\/hr\/games\/chania\/sherlock-holmes-chania\/\" \/>\n<meta property=\"og:site_name\" content=\"City Game\" \/>\n<meta property=\"article:publisher\" content=\"https:\/\/www.facebook.com\/profile.php?id=100086426226253\" \/>\n<meta property=\"article:modified_time\" content=\"2026-04-07T18:20:46+00:00\" \/>\n<meta property=\"og:image\" content=\"https:\/\/testwebsite.citygame.com\/wp-content\/blogs.dir\/1\/files\/sites\/62\/2026\/02\/chania-players-looking-at-phone-on-street.jpg\" \/>\n\t<meta property=\"og:image:width\" content=\"1344\" \/>\n\t<meta property=\"og:image:height\" content=\"768\" \/>\n\t<meta property=\"og:image:type\" content=\"image\/jpeg\" \/>\n<meta name=\"twitter:card\" content=\"summary_large_image\" \/>\n<script type=\"application\/ld+json\" class=\"yoast-schema-graph\">{\"@context\":\"https:\/\/schema.org\",\"@graph\":[{\"@type\":\"WebPage\",\"@id\":\"https:\/\/testwebsite.citygame.com\/hr\/games\/chania\/sherlock-holmes-chania\/\",\"url\":\"https:\/\/testwebsite.citygame.com\/hr\/games\/chania\/sherlock-holmes-chania\/\",\"name\":\"Sherlock Holmes Chania - City Game\",\"isPartOf\":{\"@id\":\"https:\/\/testwebsite.upevents.nl\/#website\"},\"primaryImageOfPage\":{\"@id\":\"https:\/\/testwebsite.citygame.com\/hr\/games\/chania\/sherlock-holmes-chania\/#primaryimage\"},\"image\":{\"@id\":\"https:\/\/testwebsite.citygame.com\/hr\/games\/chania\/sherlock-holmes-chania\/#primaryimage\"},\"thumbnailUrl\":\"https:\/\/testwebsite.citygame.com\/wp-content\/blogs.dir\/1\/files\/sites\/62\/2026\/02\/chania-players-looking-at-phone-on-street.jpg\",\"datePublished\":\"2026-02-09T08:14:17+00:00\",\"dateModified\":\"2026-04-07T18:20:46+00:00\",\"description\":\"Sherlock Holmes Chania. Igrajte samostalnu gradsku igru misterije ubojstva, rje\u0161avajte zagonetke, pratite tragove i otkrijte ubojicu vlastitim tempom!\",\"breadcrumb\":{\"@id\":\"https:\/\/testwebsite.citygame.com\/hr\/games\/chania\/sherlock-holmes-chania\/#breadcrumb\"},\"inLanguage\":\"hr\",\"potentialAction\":[{\"@type\":\"ReadAction\",\"target\":[\"https:\/\/testwebsite.citygame.com\/hr\/games\/chania\/sherlock-holmes-chania\/\"]}]},{\"@type\":\"ImageObject\",\"inLanguage\":\"hr\",\"@id\":\"https:\/\/testwebsite.citygame.com\/hr\/games\/chania\/sherlock-holmes-chania\/#primaryimage\",\"url\":\"https:\/\/testwebsite.citygame.com\/wp-content\/blogs.dir\/1\/files\/sites\/62\/2026\/02\/chania-players-looking-at-phone-on-street.jpg\",\"contentUrl\":\"https:\/\/testwebsite.citygame.com\/wp-content\/blogs.dir\/1\/files\/sites\/62\/2026\/02\/chania-players-looking-at-phone-on-street.jpg\",\"width\":1344,\"height\":768,\"caption\":\"Four young adults gather around a smartphone while exploring a charming street in Chania's old town.\"},{\"@type\":\"BreadcrumbList\",\"@id\":\"https:\/\/testwebsite.citygame.com\/hr\/games\/chania\/sherlock-holmes-chania\/#breadcrumb\",\"itemListElement\":[{\"@type\":\"ListItem\",\"position\":1,\"name\":\"Home\",\"item\":\"https:\/\/testwebsite.citygame.com\/hr\/\"},{\"@type\":\"ListItem\",\"position\":2,\"name\":\"Shop\",\"item\":\"https:\/\/testwebsite.citygame.com\/shop\/\"},{\"@type\":\"ListItem\",\"position\":3,\"name\":\"Sherlock Holmes Chania\"}]},{\"@type\":\"WebSite\",\"@id\":\"https:\/\/testwebsite.upevents.nl\/#website\",\"url\":\"https:\/\/testwebsite.upevents.nl\/\",\"name\":\"City Game\",\"description\":\"\",\"publisher\":{\"@id\":\"https:\/\/testwebsite.upevents.nl\/#organization\"},\"alternateName\":\"citygame.com\",\"potentialAction\":[{\"@type\":\"SearchAction\",\"target\":{\"@type\":\"EntryPoint\",\"urlTemplate\":\"https:\/\/testwebsite.upevents.nl\/?s={search_term_string}\"},\"query-input\":{\"@type\":\"PropertyValueSpecification\",\"valueRequired\":true,\"valueName\":\"search_term_string\"}}],\"inLanguage\":\"hr\"},{\"@type\":[\"Organization\",\"Place\"],\"@id\":\"https:\/\/testwebsite.upevents.nl\/#organization\",\"name\":\"City Game\",\"alternateName\":\"citygame.com\",\"url\":\"https:\/\/testwebsite.upevents.nl\/\",\"logo\":{\"@id\":\"https:\/\/testwebsite.citygame.com\/hr\/games\/chania\/sherlock-holmes-chania\/#local-main-organization-logo\"},\"image\":{\"@id\":\"https:\/\/testwebsite.citygame.com\/hr\/games\/chania\/sherlock-holmes-chania\/#local-main-organization-logo\"},\"sameAs\":[\"https:\/\/www.facebook.com\/profile.php?id=100086426226253\",\"https:\/\/www.instagram.com\/citygame_com\",\"https:\/\/www.tiktok.com\/@citygamecom\/\",\"https:\/\/www.linkedin.com\/company\/citygame-com\"],\"description\":\"Turn any city into a playground with our interactive City Games and self-guided tours. Fun, flexible, and ideal for groups and team building.\",\"telephone\":[],\"openingHoursSpecification\":[{\"@type\":\"OpeningHoursSpecification\",\"dayOfWeek\":[\"Monday\",\"Tuesday\",\"Wednesday\",\"Thursday\",\"Friday\",\"Saturday\",\"Sunday\"],\"opens\":\"09:00\",\"closes\":\"17:00\"}]},{\"@type\":\"ImageObject\",\"inLanguage\":\"hr\",\"@id\":\"https:\/\/testwebsite.citygame.com\/hr\/games\/chania\/sherlock-holmes-chania\/#local-main-organization-logo\",\"url\":\"https:\/\/testwebsite.citygame.com\/wp-content\/blogs.dir\/1\/files\/sites\/62\/2025\/10\/CG_LOGO-City-Game.png\",\"contentUrl\":\"https:\/\/testwebsite.citygame.com\/wp-content\/blogs.dir\/1\/files\/sites\/62\/2025\/10\/CG_LOGO-City-Game.png\",\"width\":351,\"height\":377,\"caption\":\"City Game\"}]}<\/script>\n<!-- \/ Yoast SEO Premium plugin. -->","yoast_head_json":{"title":"Sherlock Holmes Chania - City Game","description":"Sherlock Holmes Chania. Igrajte samostalnu gradsku igru misterije ubojstva, rje\u0161avajte zagonetke, pratite tragove i otkrijte ubojicu vlastitim tempom!","robots":{"index":"noindex","follow":"follow","max-snippet":"max-snippet:-1","max-image-preview":"max-image-preview:large","max-video-preview":"max-video-preview:-1"},"og_locale":"hr_HR","og_type":"article","og_title":"Sherlock Holmes Chania","og_description":"Sherlock Holmes Chania. Igrajte samostalnu gradsku igru misterije ubojstva, rje\u0161avajte zagonetke, pratite tragove i otkrijte ubojicu vlastitim tempom!","og_url":"https:\/\/testwebsite.citygame.com\/hr\/games\/chania\/sherlock-holmes-chania\/","og_site_name":"City Game","article_publisher":"https:\/\/www.facebook.com\/profile.php?id=100086426226253","article_modified_time":"2026-04-07T18:20:46+00:00","og_image":[{"width":1344,"height":768,"url":"https:\/\/testwebsite.citygame.com\/wp-content\/blogs.dir\/1\/files\/sites\/62\/2026\/02\/chania-players-looking-at-phone-on-street.jpg","type":"image\/jpeg"}],"twitter_card":"summary_large_image","schema":{"@context":"https:\/\/schema.org","@graph":[{"@type":"WebPage","@id":"https:\/\/testwebsite.citygame.com\/hr\/games\/chania\/sherlock-holmes-chania\/","url":"https:\/\/testwebsite.citygame.com\/hr\/games\/chania\/sherlock-holmes-chania\/","name":"Sherlock Holmes Chania - City Game","isPartOf":{"@id":"https:\/\/testwebsite.upevents.nl\/#website"},"primaryImageOfPage":{"@id":"https:\/\/testwebsite.citygame.com\/hr\/games\/chania\/sherlock-holmes-chania\/#primaryimage"},"image":{"@id":"https:\/\/testwebsite.citygame.com\/hr\/games\/chania\/sherlock-holmes-chania\/#primaryimage"},"thumbnailUrl":"https:\/\/testwebsite.citygame.com\/wp-content\/blogs.dir\/1\/files\/sites\/62\/2026\/02\/chania-players-looking-at-phone-on-street.jpg","datePublished":"2026-02-09T08:14:17+00:00","dateModified":"2026-04-07T18:20:46+00:00","description":"Sherlock Holmes Chania. Igrajte samostalnu gradsku igru misterije ubojstva, rje\u0161avajte zagonetke, pratite tragove i otkrijte ubojicu vlastitim tempom!","breadcrumb":{"@id":"https:\/\/testwebsite.citygame.com\/hr\/games\/chania\/sherlock-holmes-chania\/#breadcrumb"},"inLanguage":"hr","potentialAction":[{"@type":"ReadAction","target":["https:\/\/testwebsite.citygame.com\/hr\/games\/chania\/sherlock-holmes-chania\/"]}]},{"@type":"ImageObject","inLanguage":"hr","@id":"https:\/\/testwebsite.citygame.com\/hr\/games\/chania\/sherlock-holmes-chania\/#primaryimage","url":"https:\/\/testwebsite.citygame.com\/wp-content\/blogs.dir\/1\/files\/sites\/62\/2026\/02\/chania-players-looking-at-phone-on-street.jpg","contentUrl":"https:\/\/testwebsite.citygame.com\/wp-content\/blogs.dir\/1\/files\/sites\/62\/2026\/02\/chania-players-looking-at-phone-on-street.jpg","width":1344,"height":768,"caption":"Four young adults gather around a smartphone while exploring a charming street in Chania's old town."},{"@type":"BreadcrumbList","@id":"https:\/\/testwebsite.citygame.com\/hr\/games\/chania\/sherlock-holmes-chania\/#breadcrumb","itemListElement":[{"@type":"ListItem","position":1,"name":"Home","item":"https:\/\/testwebsite.citygame.com\/hr\/"},{"@type":"ListItem","position":2,"name":"Shop","item":"https:\/\/testwebsite.citygame.com\/shop\/"},{"@type":"ListItem","position":3,"name":"Sherlock Holmes Chania"}]},{"@type":"WebSite","@id":"https:\/\/testwebsite.upevents.nl\/#website","url":"https:\/\/testwebsite.upevents.nl\/","name":"City Game","description":"","publisher":{"@id":"https:\/\/testwebsite.upevents.nl\/#organization"},"alternateName":"citygame.com","potentialAction":[{"@type":"SearchAction","target":{"@type":"EntryPoint","urlTemplate":"https:\/\/testwebsite.upevents.nl\/?s={search_term_string}"},"query-input":{"@type":"PropertyValueSpecification","valueRequired":true,"valueName":"search_term_string"}}],"inLanguage":"hr"},{"@type":["Organization","Place"],"@id":"https:\/\/testwebsite.upevents.nl\/#organization","name":"City Game","alternateName":"citygame.com","url":"https:\/\/testwebsite.upevents.nl\/","logo":{"@id":"https:\/\/testwebsite.citygame.com\/hr\/games\/chania\/sherlock-holmes-chania\/#local-main-organization-logo"},"image":{"@id":"https:\/\/testwebsite.citygame.com\/hr\/games\/chania\/sherlock-holmes-chania\/#local-main-organization-logo"},"sameAs":["https:\/\/www.facebook.com\/profile.php?id=100086426226253","https:\/\/www.instagram.com\/citygame_com","https:\/\/www.tiktok.com\/@citygamecom\/","https:\/\/www.linkedin.com\/company\/citygame-com"],"description":"Turn any city into a playground with our interactive City Games and self-guided tours. Fun, flexible, and ideal for groups and team building.","telephone":[],"openingHoursSpecification":[{"@type":"OpeningHoursSpecification","dayOfWeek":["Monday","Tuesday","Wednesday","Thursday","Friday","Saturday","Sunday"],"opens":"09:00","closes":"17:00"}]},{"@type":"ImageObject","inLanguage":"hr","@id":"https:\/\/testwebsite.citygame.com\/hr\/games\/chania\/sherlock-holmes-chania\/#local-main-organization-logo","url":"https:\/\/testwebsite.citygame.com\/wp-content\/blogs.dir\/1\/files\/sites\/62\/2025\/10\/CG_LOGO-City-Game.png","contentUrl":"https:\/\/testwebsite.citygame.com\/wp-content\/blogs.dir\/1\/files\/sites\/62\/2025\/10\/CG_LOGO-City-Game.png","width":351,"height":377,"caption":"City Game"}]}},"taxonomy_info":{"game-concept":[{"value":775,"label":"Sherlock"}],"location":[{"value":118,"label":"Chania"}],"product_cat":[{"value":27,"label":"Geen categorie"}]},"featured_image_src_large":["https:\/\/testwebsite.citygame.com\/wp-content\/blogs.dir\/1\/files\/sites\/62\/2026\/02\/chania-players-looking-at-phone-on-street-1024x585.jpg",1024,585,true],"author_info":[],"comment_info":"","_links":{"self":[{"href":"https:\/\/testwebsite.citygame.com\/hr\/wp-json\/wp\/v2\/product\/54146","targetHints":{"allow":["GET"]}}],"collection":[{"href":"https:\/\/testwebsite.citygame.com\/hr\/wp-json\/wp\/v2\/product"}],"about":[{"href":"https:\/\/testwebsite.citygame.com\/hr\/wp-json\/wp\/v2\/types\/product"}],"acf:post":[{"embeddable":true,"href":"https:\/\/testwebsite.citygame.com\/hr\/wp-json\/wp\/v2\/pages\/11590"}],"wp:featuredmedia":[{"embeddable":true,"href":"https:\/\/testwebsite.citygame.com\/hr\/wp-json\/wp\/v2\/media\/11592"}],"wp:attachment":[{"href":"https:\/\/testwebsite.citygame.com\/hr\/wp-json\/wp\/v2\/media?parent=54146"}],"wp:term":[{"taxonomy":"game-concept","embeddable":true,"href":"https:\/\/testwebsite.citygame.com\/hr\/wp-json\/wp\/v2\/game-concept?post=54146"},{"taxonomy":"location","embeddable":true,"href":"https:\/\/testwebsite.citygame.com\/hr\/wp-json\/wp\/v2\/location?post=54146"},{"taxonomy":"product_brand","embeddable":true,"href":"https:\/\/testwebsite.citygame.com\/hr\/wp-json\/wp\/v2\/product_brand?post=54146"},{"taxonomy":"product_cat","embeddable":true,"href":"https:\/\/testwebsite.citygame.com\/hr\/wp-json\/wp\/v2\/product_cat?post=54146"},{"taxonomy":"product_tag","embeddable":true,"href":"https:\/\/testwebsite.citygame.com\/hr\/wp-json\/wp\/v2\/product_tag?post=54146"}],"curies":[{"name":"wp","href":"https:\/\/api.w.org\/{rel}","templated":true}]}}