{"id":52999,"date":"2026-01-13T10:38:15","date_gmt":"2026-01-13T10:38:15","guid":{"rendered":"https:\/\/testwebsite.citygame.com\/games\/unknown-location\/secrets-of-ferrara\/"},"modified":"2026-04-07T15:56:33","modified_gmt":"2026-04-07T15:56:33","slug":"secrets-of-ferrara","status":"publish","type":"product","link":"https:\/\/testwebsite.citygame.com\/hr\/games\/ferrara\/secrets-of-ferrara\/","title":{"rendered":"Secrets of Ferrara"},"content":{"rendered":"<p>Igra &#8216;Secrets of Ferrara City Game&#8217; je samostalna igra temeljena na GPS-u koja se odvija u povijesnom centru Ferrare. Koriste\u0107i svoj pametni telefon, istra\u017eivat \u0107ete ulice rje\u0161avaju\u0107i zagonetke, pitalice i foto izazove koji otkrivaju bogatu povijest grada, kulturnu ba\u0161tinu i manje poznate detalje. Ova istra\u017eiva\u010dka igra osmi\u0161ljena je kako bi ponudila zanimljivo iskustvo kako posjetiteljima koji prvi put otkrivaju Ferraru, tako i lokalnim stanovnicima koji grad vide iz nove perspektive. Jednako dobro funkcionira za solo igra\u010de, parove, obitelji i grupe prijatelja. &#8216;City Game Ferrara&#8217; je idealan na\u010din da u\u017eivate u fleksibilnoj, interaktivnoj avanturi vlastitim tempom.<\/p>\n","protected":false},"excerpt":{"rendered":"<p>Osjetite renesansnu \u017eurbu Ferrare! Lutajte poplo\u010danim uli\u010dicama i pjacama koje odjekuju dok slijedite tragove kroz dvori\u0161ta, kule i tr\u017enice, poma\u017eu\u0107i Niccol\u00f2u III d\u2019Esteu da povrati bajni ma\u010d koji je njegovu legendu urezao u du\u0161u ovog grada.<\/p>\n","protected":false},"featured_media":3627,"template":"","meta":{"_acf_changed":false,"_yoast_wpseo_focuskw":"Secrets of Ferrara","_yoast_wpseo_metadesc":"Secrets of Ferrara. Igrajte samostalnu City Igru i istra\u017eite grad kroz zagonetke, pitalice i izazove. Igrajte vlastitim tempom i otkrijte kao lokalac!","_kad_blocks_custom_css":"","_kad_blocks_head_custom_js":"","_kad_blocks_body_custom_js":"","_kad_blocks_footer_custom_js":"","ghostkit_customizer_options":"","ghostkit_custom_css":"","ghostkit_custom_js_head":"","ghostkit_custom_js_foot":"","ghostkit_typography":"","_kad_post_transparent":"default","_kad_post_title":"","_kad_post_layout":"default","_kad_post_sidebar_id":"","_kad_post_content_style":"default","_kad_post_vertical_padding":"default","_kad_post_feature":"","_kad_post_feature_position":"","_kad_post_header":false,"_kad_post_footer":false,"_kad_post_classname":"","_links_to":"","_links_to_target":""},"game-concept":[714],"location":[161],"product_brand":[],"product_cat":[27],"product_tag":[],"class_list":{"0":"post-52999","1":"product","2":"type-product","3":"status-publish","4":"has-post-thumbnail","6":"game-concept-secrets","7":"location-ferrara","8":"product_cat-geen-categorie","10":"first","11":"instock","12":"shipping-taxable","13":"purchasable","14":"product-type-simple","15":"entry","16":"content-bg","17":"loop-entry"},"acf":{"full_bokun_product_name":"Self-Guided Secrets of Ferrara Exploration Game","location_name":"Ferrara","bokun_calendar_widget_code":"<script type=\"text\/javascript\" src=\"https:\/\/widgets.bokun.io\/assets\/javascripts\/apps\/build\/BokunWidgetsLoader.js?bookingChannelUUID=a1e93e96-5232-4734-a595-28405f4b5a31\" async><\/script>\n     \n    <div class=\"bokunWidget\" data-src=\"https:\/\/widgets.bokun.io\/online-sales\/a1e93e96-5232-4734-a595-28405f4b5a31\/experience-calendar\/1102823\"><\/div>\n    <noscript>Please enable javascript in your browser to book<\/noscript>","bokun_button_widget_code":"<script type=\"text\/javascript\" src=\"https:\/\/widgets.bokun.io\/assets\/javascripts\/apps\/build\/BokunWidgetsLoader.js?bookingChannelUUID=a1e93e96-5232-4734-a595-28405f4b5a31\" async><\/script>\n      <style> #bokun_ed001e45_5927_4f62_b470_ca766338d083 { display: inline-block; padding: .4em 1em; background: #47b82e; border-radius: 999999px; box-shadow: none; font-weight: 600; font-size: 24px; text-decoration: none; text-align: center; color: #FFFFFF; border:none; cursor: pointer; transition: background .2s ease; } #bokun_ed001e45_5927_4f62_b470_ca766338d083:hover{ background: #2f7b1f; } #bokun_ed001e45_5927_4f62_b470_ca766338d083:active{ background: #378f24; } <\/style> <button class=\"bokunButton\" disabled id=bokun_ed001e45_5927_4f62_b470_ca766338d083 data-src=\"https:\/\/widgets.bokun.io\/online-sales\/a1e93e96-5232-4734-a595-28405f4b5a31\/experience-calendar\/1102823?partialView=1\" data-testid=\"widget-book-button\" > Book now <\/button> ","what_you\u2019ll_experience_during_the_game":"Dok igrate 'Secrets of Ferrara City Game', istra\u017eivat \u0107ete grad kroz pri\u010du koja spaja povijest i misterij s interaktivnim otkrivanjem. Ruta vas vodi kroz povijesno srce Ferrare, ne samo do impresivne Cattedrale di San Giorgio i otmjenog Castello Estensea, ve\u0107 i do manje poznatih mjesta poput biv\u0161eg siroti\u0161ta kod Chiesa di Santa Maria dei Bastardini i evocativne Torquato Tasso\u2019s Cell. Putem \u0107ete do\u017eivjeti slojevitu atmosferu Ferrare, od grandioznih renesansnih fasada do tihih, skrivenih dvori\u0161ta. Igra otkriva i rasko\u0161 i suptilnosti grada, omogu\u0107uju\u0107i vam da ga promatrate iz svje\u017ee perspektive. Tijekom istra\u017eivanja, rje\u0161avat \u0107ete mje\u0161avinu pitalica, zagonetki i kreativnih zadataka koji svaku stanicu \u010dine dijelom ve\u0107e misterije. Ovi izazovi poma\u017eu vam prikupljati tragove, osvajati bodove i otklju\u010davati savjete, uvla\u010de\u0107i vas dublje u pri\u010du koja se odvija. 'City Game' mo\u017eete pauzirati u bilo kojem trenutku, \u0161to olak\u0161ava u\u017eivanje u Ferrari vlastitim tempom. Za one koji u\u017eivaju u natjecateljskom duhu, timovi ili solo igra\u010di mogu se natjecati za najbolji rezultat na ljestvici.","how_to_play":"Nakon rezervacije, primit \u0107ete e-mail s izravnom poveznicom za igranje. Jednostavno idite do Cattedrale di San Giorgio (Portala), otvorite poveznicu na svom pametnom telefonu i zapo\u010dnite svoje putovanje kroz tajne Ferrare. Igru mo\u017eete pauzirati bilo kada i nastaviti svoju avanturu kad god po\u017eelite.","start_location":"Ferrara, Cattedrale di San Giorgio (Portal)","available_languages":"","players_per_group":"1-4","duration":"1.5-2 hours","image_overlay_color_image":"https:\/\/testwebsite.citygame.com\/wp-content\/blogs.dir\/1\/files\/sites\/62\/2026\/01\/SecretsColor.svg","image_overlay_game_logo":"https:\/\/testwebsite.citygame.com\/wp-content\/blogs.dir\/1\/files\/sites\/62\/2026\/01\/SecretsLogo.png","city_page":15734,"woocommerce_general_content":null},"yoast_head":"<!-- This site is optimized with the Yoast SEO Premium plugin v26.2 (Yoast SEO v26.3) - https:\/\/yoast.com\/wordpress\/plugins\/seo\/ -->\n<title>Secrets of Ferrara - City Game<\/title>\n<meta name=\"description\" content=\"Secrets of Ferrara. Igrajte samostalnu City Igru i istra\u017eite grad kroz zagonetke, pitalice i izazove. Igrajte vlastitim tempom i otkrijte kao lokalac!\" \/>\n<meta name=\"robots\" content=\"noindex, follow, max-snippet:-1, max-image-preview:large, max-video-preview:-1\" \/>\n<meta property=\"og:locale\" content=\"hr_HR\" \/>\n<meta property=\"og:type\" content=\"article\" \/>\n<meta property=\"og:title\" content=\"Secrets of Ferrara\" \/>\n<meta property=\"og:description\" content=\"Secrets of Ferrara. Igrajte samostalnu City Igru i istra\u017eite grad kroz zagonetke, pitalice i izazove. Igrajte vlastitim tempom i otkrijte kao lokalac!\" \/>\n<meta property=\"og:url\" content=\"https:\/\/testwebsite.citygame.com\/hr\/games\/ferrara\/secrets-of-ferrara\/\" \/>\n<meta property=\"og:site_name\" content=\"City Game\" \/>\n<meta property=\"article:publisher\" content=\"https:\/\/www.facebook.com\/profile.php?id=100086426226253\" \/>\n<meta property=\"article:modified_time\" content=\"2026-04-07T15:56:33+00:00\" \/>\n<meta property=\"og:image\" content=\"https:\/\/testwebsite.citygame.com\/wp-content\/blogs.dir\/1\/files\/sites\/62\/2026\/01\/ferrara-player-giuseppe-garibaldi-monument.jpg\" \/>\n\t<meta property=\"og:image:width\" content=\"1248\" \/>\n\t<meta property=\"og:image:height\" content=\"832\" \/>\n\t<meta property=\"og:image:type\" content=\"image\/jpeg\" \/>\n<meta name=\"twitter:card\" content=\"summary_large_image\" \/>\n<meta name=\"twitter:label1\" content=\"Procijenjeno vrijeme \u010ditanja\" \/>\n\t<meta name=\"twitter:data1\" content=\"1 minuta\" \/>\n<script type=\"application\/ld+json\" class=\"yoast-schema-graph\">{\"@context\":\"https:\/\/schema.org\",\"@graph\":[{\"@type\":\"WebPage\",\"@id\":\"https:\/\/testwebsite.citygame.com\/hr\/games\/ferrara\/secrets-of-ferrara\/\",\"url\":\"https:\/\/testwebsite.citygame.com\/hr\/games\/ferrara\/secrets-of-ferrara\/\",\"name\":\"Secrets of Ferrara - City Game\",\"isPartOf\":{\"@id\":\"https:\/\/testwebsite.upevents.nl\/#website\"},\"primaryImageOfPage\":{\"@id\":\"https:\/\/testwebsite.citygame.com\/hr\/games\/ferrara\/secrets-of-ferrara\/#primaryimage\"},\"image\":{\"@id\":\"https:\/\/testwebsite.citygame.com\/hr\/games\/ferrara\/secrets-of-ferrara\/#primaryimage\"},\"thumbnailUrl\":\"https:\/\/testwebsite.citygame.com\/wp-content\/blogs.dir\/1\/files\/sites\/62\/2026\/01\/ferrara-player-giuseppe-garibaldi-monument.jpg\",\"datePublished\":\"2026-01-13T10:38:15+00:00\",\"dateModified\":\"2026-04-07T15:56:33+00:00\",\"description\":\"Secrets of Ferrara. Igrajte samostalnu City Igru i istra\u017eite grad kroz zagonetke, pitalice i izazove. Igrajte vlastitim tempom i otkrijte kao lokalac!\",\"breadcrumb\":{\"@id\":\"https:\/\/testwebsite.citygame.com\/hr\/games\/ferrara\/secrets-of-ferrara\/#breadcrumb\"},\"inLanguage\":\"hr\",\"potentialAction\":[{\"@type\":\"ReadAction\",\"target\":[\"https:\/\/testwebsite.citygame.com\/hr\/games\/ferrara\/secrets-of-ferrara\/\"]}]},{\"@type\":\"ImageObject\",\"inLanguage\":\"hr\",\"@id\":\"https:\/\/testwebsite.citygame.com\/hr\/games\/ferrara\/secrets-of-ferrara\/#primaryimage\",\"url\":\"https:\/\/testwebsite.citygame.com\/wp-content\/blogs.dir\/1\/files\/sites\/62\/2026\/01\/ferrara-player-giuseppe-garibaldi-monument.jpg\",\"contentUrl\":\"https:\/\/testwebsite.citygame.com\/wp-content\/blogs.dir\/1\/files\/sites\/62\/2026\/01\/ferrara-player-giuseppe-garibaldi-monument.jpg\",\"width\":1248,\"height\":832,\"caption\":\"A visitor uses a mobile app to learn about the Giuseppe Garibaldi monument in Ferrara.\"},{\"@type\":\"BreadcrumbList\",\"@id\":\"https:\/\/testwebsite.citygame.com\/hr\/games\/ferrara\/secrets-of-ferrara\/#breadcrumb\",\"itemListElement\":[{\"@type\":\"ListItem\",\"position\":1,\"name\":\"Home\",\"item\":\"https:\/\/testwebsite.citygame.com\/hr\/\"},{\"@type\":\"ListItem\",\"position\":2,\"name\":\"Shop\",\"item\":\"https:\/\/testwebsite.citygame.com\/shop\/\"},{\"@type\":\"ListItem\",\"position\":3,\"name\":\"Secrets of Ferrara\"}]},{\"@type\":\"WebSite\",\"@id\":\"https:\/\/testwebsite.upevents.nl\/#website\",\"url\":\"https:\/\/testwebsite.upevents.nl\/\",\"name\":\"City Game\",\"description\":\"\",\"publisher\":{\"@id\":\"https:\/\/testwebsite.upevents.nl\/#organization\"},\"alternateName\":\"citygame.com\",\"potentialAction\":[{\"@type\":\"SearchAction\",\"target\":{\"@type\":\"EntryPoint\",\"urlTemplate\":\"https:\/\/testwebsite.upevents.nl\/?s={search_term_string}\"},\"query-input\":{\"@type\":\"PropertyValueSpecification\",\"valueRequired\":true,\"valueName\":\"search_term_string\"}}],\"inLanguage\":\"hr\"},{\"@type\":[\"Organization\",\"Place\"],\"@id\":\"https:\/\/testwebsite.upevents.nl\/#organization\",\"name\":\"City Game\",\"alternateName\":\"citygame.com\",\"url\":\"https:\/\/testwebsite.upevents.nl\/\",\"logo\":{\"@id\":\"https:\/\/testwebsite.citygame.com\/hr\/games\/ferrara\/secrets-of-ferrara\/#local-main-organization-logo\"},\"image\":{\"@id\":\"https:\/\/testwebsite.citygame.com\/hr\/games\/ferrara\/secrets-of-ferrara\/#local-main-organization-logo\"},\"sameAs\":[\"https:\/\/www.facebook.com\/profile.php?id=100086426226253\",\"https:\/\/www.instagram.com\/citygame_com\",\"https:\/\/www.tiktok.com\/@citygamecom\/\",\"https:\/\/www.linkedin.com\/company\/citygame-com\"],\"description\":\"Turn any city into a playground with our interactive City Games and self-guided tours. Fun, flexible, and ideal for groups and team building.\",\"telephone\":[],\"openingHoursSpecification\":[{\"@type\":\"OpeningHoursSpecification\",\"dayOfWeek\":[\"Monday\",\"Tuesday\",\"Wednesday\",\"Thursday\",\"Friday\",\"Saturday\",\"Sunday\"],\"opens\":\"09:00\",\"closes\":\"17:00\"}]},{\"@type\":\"ImageObject\",\"inLanguage\":\"hr\",\"@id\":\"https:\/\/testwebsite.citygame.com\/hr\/games\/ferrara\/secrets-of-ferrara\/#local-main-organization-logo\",\"url\":\"https:\/\/testwebsite.citygame.com\/wp-content\/blogs.dir\/1\/files\/sites\/62\/2025\/10\/CG_LOGO-City-Game.png\",\"contentUrl\":\"https:\/\/testwebsite.citygame.com\/wp-content\/blogs.dir\/1\/files\/sites\/62\/2025\/10\/CG_LOGO-City-Game.png\",\"width\":351,\"height\":377,\"caption\":\"City Game\"}]}<\/script>\n<!-- \/ Yoast SEO Premium plugin. -->","yoast_head_json":{"title":"Secrets of Ferrara - City Game","description":"Secrets of Ferrara. Igrajte samostalnu City Igru i istra\u017eite grad kroz zagonetke, pitalice i izazove. Igrajte vlastitim tempom i otkrijte kao lokalac!","robots":{"index":"noindex","follow":"follow","max-snippet":"max-snippet:-1","max-image-preview":"max-image-preview:large","max-video-preview":"max-video-preview:-1"},"og_locale":"hr_HR","og_type":"article","og_title":"Secrets of Ferrara","og_description":"Secrets of Ferrara. Igrajte samostalnu City Igru i istra\u017eite grad kroz zagonetke, pitalice i izazove. Igrajte vlastitim tempom i otkrijte kao lokalac!","og_url":"https:\/\/testwebsite.citygame.com\/hr\/games\/ferrara\/secrets-of-ferrara\/","og_site_name":"City Game","article_publisher":"https:\/\/www.facebook.com\/profile.php?id=100086426226253","article_modified_time":"2026-04-07T15:56:33+00:00","og_image":[{"width":1248,"height":832,"url":"https:\/\/testwebsite.citygame.com\/wp-content\/blogs.dir\/1\/files\/sites\/62\/2026\/01\/ferrara-player-giuseppe-garibaldi-monument.jpg","type":"image\/jpeg"}],"twitter_card":"summary_large_image","twitter_misc":{"Procijenjeno vrijeme \u010ditanja":"1 minuta"},"schema":{"@context":"https:\/\/schema.org","@graph":[{"@type":"WebPage","@id":"https:\/\/testwebsite.citygame.com\/hr\/games\/ferrara\/secrets-of-ferrara\/","url":"https:\/\/testwebsite.citygame.com\/hr\/games\/ferrara\/secrets-of-ferrara\/","name":"Secrets of Ferrara - City Game","isPartOf":{"@id":"https:\/\/testwebsite.upevents.nl\/#website"},"primaryImageOfPage":{"@id":"https:\/\/testwebsite.citygame.com\/hr\/games\/ferrara\/secrets-of-ferrara\/#primaryimage"},"image":{"@id":"https:\/\/testwebsite.citygame.com\/hr\/games\/ferrara\/secrets-of-ferrara\/#primaryimage"},"thumbnailUrl":"https:\/\/testwebsite.citygame.com\/wp-content\/blogs.dir\/1\/files\/sites\/62\/2026\/01\/ferrara-player-giuseppe-garibaldi-monument.jpg","datePublished":"2026-01-13T10:38:15+00:00","dateModified":"2026-04-07T15:56:33+00:00","description":"Secrets of Ferrara. Igrajte samostalnu City Igru i istra\u017eite grad kroz zagonetke, pitalice i izazove. Igrajte vlastitim tempom i otkrijte kao lokalac!","breadcrumb":{"@id":"https:\/\/testwebsite.citygame.com\/hr\/games\/ferrara\/secrets-of-ferrara\/#breadcrumb"},"inLanguage":"hr","potentialAction":[{"@type":"ReadAction","target":["https:\/\/testwebsite.citygame.com\/hr\/games\/ferrara\/secrets-of-ferrara\/"]}]},{"@type":"ImageObject","inLanguage":"hr","@id":"https:\/\/testwebsite.citygame.com\/hr\/games\/ferrara\/secrets-of-ferrara\/#primaryimage","url":"https:\/\/testwebsite.citygame.com\/wp-content\/blogs.dir\/1\/files\/sites\/62\/2026\/01\/ferrara-player-giuseppe-garibaldi-monument.jpg","contentUrl":"https:\/\/testwebsite.citygame.com\/wp-content\/blogs.dir\/1\/files\/sites\/62\/2026\/01\/ferrara-player-giuseppe-garibaldi-monument.jpg","width":1248,"height":832,"caption":"A visitor uses a mobile app to learn about the Giuseppe Garibaldi monument in Ferrara."},{"@type":"BreadcrumbList","@id":"https:\/\/testwebsite.citygame.com\/hr\/games\/ferrara\/secrets-of-ferrara\/#breadcrumb","itemListElement":[{"@type":"ListItem","position":1,"name":"Home","item":"https:\/\/testwebsite.citygame.com\/hr\/"},{"@type":"ListItem","position":2,"name":"Shop","item":"https:\/\/testwebsite.citygame.com\/shop\/"},{"@type":"ListItem","position":3,"name":"Secrets of Ferrara"}]},{"@type":"WebSite","@id":"https:\/\/testwebsite.upevents.nl\/#website","url":"https:\/\/testwebsite.upevents.nl\/","name":"City Game","description":"","publisher":{"@id":"https:\/\/testwebsite.upevents.nl\/#organization"},"alternateName":"citygame.com","potentialAction":[{"@type":"SearchAction","target":{"@type":"EntryPoint","urlTemplate":"https:\/\/testwebsite.upevents.nl\/?s={search_term_string}"},"query-input":{"@type":"PropertyValueSpecification","valueRequired":true,"valueName":"search_term_string"}}],"inLanguage":"hr"},{"@type":["Organization","Place"],"@id":"https:\/\/testwebsite.upevents.nl\/#organization","name":"City Game","alternateName":"citygame.com","url":"https:\/\/testwebsite.upevents.nl\/","logo":{"@id":"https:\/\/testwebsite.citygame.com\/hr\/games\/ferrara\/secrets-of-ferrara\/#local-main-organization-logo"},"image":{"@id":"https:\/\/testwebsite.citygame.com\/hr\/games\/ferrara\/secrets-of-ferrara\/#local-main-organization-logo"},"sameAs":["https:\/\/www.facebook.com\/profile.php?id=100086426226253","https:\/\/www.instagram.com\/citygame_com","https:\/\/www.tiktok.com\/@citygamecom\/","https:\/\/www.linkedin.com\/company\/citygame-com"],"description":"Turn any city into a playground with our interactive City Games and self-guided tours. Fun, flexible, and ideal for groups and team building.","telephone":[],"openingHoursSpecification":[{"@type":"OpeningHoursSpecification","dayOfWeek":["Monday","Tuesday","Wednesday","Thursday","Friday","Saturday","Sunday"],"opens":"09:00","closes":"17:00"}]},{"@type":"ImageObject","inLanguage":"hr","@id":"https:\/\/testwebsite.citygame.com\/hr\/games\/ferrara\/secrets-of-ferrara\/#local-main-organization-logo","url":"https:\/\/testwebsite.citygame.com\/wp-content\/blogs.dir\/1\/files\/sites\/62\/2025\/10\/CG_LOGO-City-Game.png","contentUrl":"https:\/\/testwebsite.citygame.com\/wp-content\/blogs.dir\/1\/files\/sites\/62\/2025\/10\/CG_LOGO-City-Game.png","width":351,"height":377,"caption":"City Game"}]}},"taxonomy_info":{"game-concept":[{"value":714,"label":"Secrets"}],"location":[{"value":161,"label":"Ferrara"}],"product_cat":[{"value":27,"label":"Geen categorie"}]},"featured_image_src_large":["https:\/\/testwebsite.citygame.com\/wp-content\/blogs.dir\/1\/files\/sites\/62\/2026\/01\/ferrara-player-giuseppe-garibaldi-monument-1024x683.jpg",1024,683,true],"author_info":[],"comment_info":"","_links":{"self":[{"href":"https:\/\/testwebsite.citygame.com\/hr\/wp-json\/wp\/v2\/product\/52999","targetHints":{"allow":["GET"]}}],"collection":[{"href":"https:\/\/testwebsite.citygame.com\/hr\/wp-json\/wp\/v2\/product"}],"about":[{"href":"https:\/\/testwebsite.citygame.com\/hr\/wp-json\/wp\/v2\/types\/product"}],"acf:post":[{"embeddable":true,"href":"https:\/\/testwebsite.citygame.com\/hr\/wp-json\/wp\/v2\/pages\/15734"}],"wp:featuredmedia":[{"embeddable":true,"href":"https:\/\/testwebsite.citygame.com\/hr\/wp-json\/wp\/v2\/media\/3627"}],"wp:attachment":[{"href":"https:\/\/testwebsite.citygame.com\/hr\/wp-json\/wp\/v2\/media?parent=52999"}],"wp:term":[{"taxonomy":"game-concept","embeddable":true,"href":"https:\/\/testwebsite.citygame.com\/hr\/wp-json\/wp\/v2\/game-concept?post=52999"},{"taxonomy":"location","embeddable":true,"href":"https:\/\/testwebsite.citygame.com\/hr\/wp-json\/wp\/v2\/location?post=52999"},{"taxonomy":"product_brand","embeddable":true,"href":"https:\/\/testwebsite.citygame.com\/hr\/wp-json\/wp\/v2\/product_brand?post=52999"},{"taxonomy":"product_cat","embeddable":true,"href":"https:\/\/testwebsite.citygame.com\/hr\/wp-json\/wp\/v2\/product_cat?post=52999"},{"taxonomy":"product_tag","embeddable":true,"href":"https:\/\/testwebsite.citygame.com\/hr\/wp-json\/wp\/v2\/product_tag?post=52999"}],"curies":[{"name":"wp","href":"https:\/\/api.w.org\/{rel}","templated":true}]}}