{"id":52812,"date":"2026-02-17T09:04:09","date_gmt":"2026-02-17T09:04:09","guid":{"rendered":"https:\/\/testwebsite.citygame.com\/games\/unknown-location\/sherlock-holmes-vienna\/"},"modified":"2026-04-07T15:35:50","modified_gmt":"2026-04-07T15:35:50","slug":"sherlock-holmes-vienna","status":"publish","type":"product","link":"https:\/\/testwebsite.citygame.com\/hr\/games\/vienna\/sherlock-holmes-vienna\/","title":{"rendered":"Sherlock Holmes Vienna"},"content":{"rendered":"<p>U\u0111ite u svijet Sherlocka Holmesa uz ovu samostalnu, narativno vo\u0111enu misteriju ubojstva \u2013 City Game smje\u0161tenu u povijesnom centru Be\u010da. Kao detektiv na slu\u010daju ubojstva tijekom Liberty Festivala, pratit \u0107ete uzbudljivu pri\u010du, kre\u0107u\u0107i se ulicama dok skupljate tragove, rje\u0161avate slo\u017eene zagonetke i ispitujete digitalne osumnji\u010denike. Uz slobodu istra\u017eivanja vlastitim tempom, Be\u010d postaje impresivna pozornica za va\u0161u ulogu u razotkrivaju\u0107oj kriminalisti\u010dkoj pri\u010di gdje svaki detalj mo\u017ee biti klju\u010d za rje\u0161avanje slu\u010daja.<\/p>\n","protected":false},"excerpt":{"rendered":"<p>U\u0111ite u ulogu jedinog Sherlocka Holmesa u samostalnoj misteriji ubojstva smje\u0161tenoj u srcu Be\u010da. Slijedite tragove, rije\u0161ite izazovne zagonetke sa svojim timom i nastojte otkriti istinu prije nego \u0161to bude prekasno!<\/p>\n","protected":false},"featured_media":14782,"template":"","meta":{"_acf_changed":false,"_yoast_wpseo_focuskw":"Sherlock Holmes Vienna","_yoast_wpseo_metadesc":"Sherlock Holmes Vienna. Igrajte samostalnu misteriju ubojstva \u2013 City Game, rje\u0161avajte zagonetke, slijedite tragove i otkrijte ubojicu vlastitim tempom!","_kad_blocks_custom_css":"","_kad_blocks_head_custom_js":"","_kad_blocks_body_custom_js":"","_kad_blocks_footer_custom_js":"","ghostkit_customizer_options":"","ghostkit_custom_css":"","ghostkit_custom_js_head":"","ghostkit_custom_js_foot":"","ghostkit_typography":"","_kad_post_transparent":"","_kad_post_title":"","_kad_post_layout":"","_kad_post_sidebar_id":"","_kad_post_content_style":"","_kad_post_vertical_padding":"","_kad_post_feature":"","_kad_post_feature_position":"","_kad_post_header":false,"_kad_post_footer":false,"_kad_post_classname":"","_links_to":"","_links_to_target":""},"game-concept":[775],"location":[420],"product_brand":[],"product_cat":[27],"product_tag":[],"class_list":{"0":"post-52812","1":"product","2":"type-product","3":"status-publish","4":"has-post-thumbnail","6":"game-concept-sherlock","7":"location-vienna","8":"product_cat-geen-categorie","10":"first","11":"instock","12":"shipping-taxable","13":"purchasable","14":"product-type-simple","15":"entry","16":"content-bg","17":"loop-entry"},"acf":{"full_bokun_product_name":"Vienna Self-Guided Sherlock Holmes Murder Mystery Game","location_name":"Vienna","bokun_calendar_widget_code":"<script type=\"text\/javascript\" src=\"https:\/\/widgets.bokun.io\/assets\/javascripts\/apps\/build\/BokunWidgetsLoader.js?bookingChannelUUID=a1e93e96-5232-4734-a595-28405f4b5a31\" async><\/script>\n     \n    <div class=\"bokunWidget\" data-src=\"https:\/\/widgets.bokun.io\/online-sales\/a1e93e96-5232-4734-a595-28405f4b5a31\/experience-calendar\/760747\"><\/div>\n    <noscript>Please enable javascript in your browser to book<\/noscript>","bokun_button_widget_code":"<script type=\"text\/javascript\" src=\"https:\/\/widgets.bokun.io\/assets\/javascripts\/apps\/build\/BokunWidgetsLoader.js?bookingChannelUUID=a1e93e96-5232-4734-a595-28405f4b5a31\" async><\/script>\n      <style> #bokun_ed001e45_5927_4f62_b470_ca766338d083 { display: inline-block; padding: .4em 1em; background: #47b82e; border-radius: 999999px; box-shadow: none; font-weight: 600; font-size: 24px; text-decoration: none; text-align: center; color: #FFFFFF; border:none; cursor: pointer; transition: background .2s ease; } #bokun_ed001e45_5927_4f62_b470_ca766338d083:hover{ background: #2f7b1f; } #bokun_ed001e45_5927_4f62_b470_ca766338d083:active{ background: #378f24; } <\/style> <button class=\"bokunButton\" disabled id=bokun_ed001e45_5927_4f62_b470_ca766338d083 data-src=\"https:\/\/widgets.bokun.io\/online-sales\/a1e93e96-5232-4734-a595-28405f4b5a31\/experience-calendar\/760747?partialView=1\" data-testid=\"widget-book-button\" > Book now <\/button> ","what_you\u2019ll_experience_during_the_game":"Uranjate u uzbudljivu detektivsku pri\u010du smje\u0161tenu u Be\u010du, gdje vas svaka odluka vodi dublje u mre\u017eu misterija. Dok se kre\u0107ete gradom, istraga se odvija oko vas, uvla\u010de\u0107i vas u srce slu\u010daja ubojstva koje se dogodilo tijekom Liberty Festivala. Otkrivate kripti\u010dne tragove, razotkrivate tajne poruke i suo\u010davate se s neo\u010dekivanim preokretima koji testiraju va\u0161u sposobnost da ostanete usredoto\u010deni pod pritiskom. Ispitajte digitalne osumnji\u010denike, analizirajte njihove alibije i tra\u017eite proturje\u010dnosti koje bi mogle potpuno razrije\u0161iti slu\u010daj. Va\u0161e mo\u0107i zapa\u017eanja, kriti\u010dkog razmi\u0161ljanja i dedukcije va\u0161i su najvrjedniji alati u potpuno narativno vo\u0111enom iskustvu koje nagra\u0111uje pa\u017enju prema detaljima. Mo\u017eete igrati vlastitim tempom, pauzirati kada \u017eelite i nastaviti potjeru kad god ste spremni. Za one u grupi, natjecateljski duh dodaje intrigu dok se utrkujete da otkrijete istinu prije bilo koga drugog.","how_to_play":"Igrajte sami ili s prijateljima, obitelji ili kolegama u timovima do \u010detiri osobe po ure\u0111aju. Nakon rezervacije, primit \u0107ete e-mail s uputama i svime \u0161to vam je potrebno.","start_location":"Vienna, Sisi Museum","available_languages":["en","fr","de","es","nl","it"],"players_per_group":"1-4","duration":"1.5-2 hours","image_overlay_color_image":"https:\/\/testwebsite.citygame.com\/wp-content\/blogs.dir\/1\/files\/sites\/62\/2026\/01\/SherlockColor.svg","image_overlay_game_logo":"https:\/\/testwebsite.citygame.com\/wp-content\/blogs.dir\/1\/files\/sites\/62\/2026\/01\/SherlockLogo.png","city_page":5051,"woocommerce_general_content":null},"yoast_head":"<!-- This site is optimized with the Yoast SEO Premium plugin v26.2 (Yoast SEO v26.3) - https:\/\/yoast.com\/wordpress\/plugins\/seo\/ -->\n<title>Sherlock Holmes Vienna - City Game<\/title>\n<meta name=\"description\" content=\"Sherlock Holmes Vienna. Igrajte samostalnu misteriju ubojstva \u2013 City Game, rje\u0161avajte zagonetke, slijedite tragove i otkrijte ubojicu vlastitim tempom!\" \/>\n<meta name=\"robots\" content=\"noindex, follow, max-snippet:-1, max-image-preview:large, max-video-preview:-1\" \/>\n<meta property=\"og:locale\" content=\"hr_HR\" \/>\n<meta property=\"og:type\" content=\"article\" \/>\n<meta property=\"og:title\" content=\"Sherlock Holmes Vienna\" \/>\n<meta property=\"og:description\" content=\"Sherlock Holmes Vienna. Igrajte samostalnu misteriju ubojstva \u2013 City Game, rje\u0161avajte zagonetke, slijedite tragove i otkrijte ubojicu vlastitim tempom!\" \/>\n<meta property=\"og:url\" content=\"https:\/\/testwebsite.citygame.com\/hr\/games\/vienna\/sherlock-holmes-vienna\/\" \/>\n<meta property=\"og:site_name\" content=\"City Game\" \/>\n<meta property=\"article:publisher\" content=\"https:\/\/www.facebook.com\/profile.php?id=100086426226253\" \/>\n<meta property=\"article:modified_time\" content=\"2026-04-07T15:35:50+00:00\" \/>\n<meta property=\"og:image\" content=\"https:\/\/testwebsite.citygame.com\/wp-content\/blogs.dir\/1\/files\/sites\/62\/2026\/02\/vienna-michaelerplatz-sherlock-city-game.jpg\" \/>\n\t<meta property=\"og:image:width\" content=\"1024\" \/>\n\t<meta property=\"og:image:height\" content=\"1024\" \/>\n\t<meta property=\"og:image:type\" content=\"image\/jpeg\" \/>\n<meta name=\"twitter:card\" content=\"summary_large_image\" \/>\n<script type=\"application\/ld+json\" class=\"yoast-schema-graph\">{\"@context\":\"https:\/\/schema.org\",\"@graph\":[{\"@type\":\"WebPage\",\"@id\":\"https:\/\/testwebsite.citygame.com\/hr\/games\/vienna\/sherlock-holmes-vienna\/\",\"url\":\"https:\/\/testwebsite.citygame.com\/hr\/games\/vienna\/sherlock-holmes-vienna\/\",\"name\":\"Sherlock Holmes Vienna - City Game\",\"isPartOf\":{\"@id\":\"https:\/\/testwebsite.upevents.nl\/#website\"},\"primaryImageOfPage\":{\"@id\":\"https:\/\/testwebsite.citygame.com\/hr\/games\/vienna\/sherlock-holmes-vienna\/#primaryimage\"},\"image\":{\"@id\":\"https:\/\/testwebsite.citygame.com\/hr\/games\/vienna\/sherlock-holmes-vienna\/#primaryimage\"},\"thumbnailUrl\":\"https:\/\/testwebsite.citygame.com\/wp-content\/blogs.dir\/1\/files\/sites\/62\/2026\/02\/vienna-michaelerplatz-sherlock-city-game.jpg\",\"datePublished\":\"2026-02-17T09:04:09+00:00\",\"dateModified\":\"2026-04-07T15:35:50+00:00\",\"description\":\"Sherlock Holmes Vienna. Igrajte samostalnu misteriju ubojstva \u2013 City Game, rje\u0161avajte zagonetke, slijedite tragove i otkrijte ubojicu vlastitim tempom!\",\"breadcrumb\":{\"@id\":\"https:\/\/testwebsite.citygame.com\/hr\/games\/vienna\/sherlock-holmes-vienna\/#breadcrumb\"},\"inLanguage\":\"hr\",\"potentialAction\":[{\"@type\":\"ReadAction\",\"target\":[\"https:\/\/testwebsite.citygame.com\/hr\/games\/vienna\/sherlock-holmes-vienna\/\"]}]},{\"@type\":\"ImageObject\",\"inLanguage\":\"hr\",\"@id\":\"https:\/\/testwebsite.citygame.com\/hr\/games\/vienna\/sherlock-holmes-vienna\/#primaryimage\",\"url\":\"https:\/\/testwebsite.citygame.com\/wp-content\/blogs.dir\/1\/files\/sites\/62\/2026\/02\/vienna-michaelerplatz-sherlock-city-game.jpg\",\"contentUrl\":\"https:\/\/testwebsite.citygame.com\/wp-content\/blogs.dir\/1\/files\/sites\/62\/2026\/02\/vienna-michaelerplatz-sherlock-city-game.jpg\",\"width\":1024,\"height\":1024,\"caption\":\"A player enjoys a City Game on her smartphone in the historic Michaelerplatz square.\"},{\"@type\":\"BreadcrumbList\",\"@id\":\"https:\/\/testwebsite.citygame.com\/hr\/games\/vienna\/sherlock-holmes-vienna\/#breadcrumb\",\"itemListElement\":[{\"@type\":\"ListItem\",\"position\":1,\"name\":\"Home\",\"item\":\"https:\/\/testwebsite.citygame.com\/hr\/\"},{\"@type\":\"ListItem\",\"position\":2,\"name\":\"Shop\",\"item\":\"https:\/\/testwebsite.citygame.com\/shop\/\"},{\"@type\":\"ListItem\",\"position\":3,\"name\":\"Sherlock Holmes Vienna\"}]},{\"@type\":\"WebSite\",\"@id\":\"https:\/\/testwebsite.upevents.nl\/#website\",\"url\":\"https:\/\/testwebsite.upevents.nl\/\",\"name\":\"City Game\",\"description\":\"\",\"publisher\":{\"@id\":\"https:\/\/testwebsite.upevents.nl\/#organization\"},\"alternateName\":\"citygame.com\",\"potentialAction\":[{\"@type\":\"SearchAction\",\"target\":{\"@type\":\"EntryPoint\",\"urlTemplate\":\"https:\/\/testwebsite.upevents.nl\/?s={search_term_string}\"},\"query-input\":{\"@type\":\"PropertyValueSpecification\",\"valueRequired\":true,\"valueName\":\"search_term_string\"}}],\"inLanguage\":\"hr\"},{\"@type\":[\"Organization\",\"Place\"],\"@id\":\"https:\/\/testwebsite.upevents.nl\/#organization\",\"name\":\"City Game\",\"alternateName\":\"citygame.com\",\"url\":\"https:\/\/testwebsite.upevents.nl\/\",\"logo\":{\"@id\":\"https:\/\/testwebsite.citygame.com\/hr\/games\/vienna\/sherlock-holmes-vienna\/#local-main-organization-logo\"},\"image\":{\"@id\":\"https:\/\/testwebsite.citygame.com\/hr\/games\/vienna\/sherlock-holmes-vienna\/#local-main-organization-logo\"},\"sameAs\":[\"https:\/\/www.facebook.com\/profile.php?id=100086426226253\",\"https:\/\/www.instagram.com\/citygame_com\",\"https:\/\/www.tiktok.com\/@citygamecom\/\",\"https:\/\/www.linkedin.com\/company\/citygame-com\"],\"description\":\"Turn any city into a playground with our interactive City Games and self-guided tours. Fun, flexible, and ideal for groups and team building.\",\"telephone\":[],\"openingHoursSpecification\":[{\"@type\":\"OpeningHoursSpecification\",\"dayOfWeek\":[\"Monday\",\"Tuesday\",\"Wednesday\",\"Thursday\",\"Friday\",\"Saturday\",\"Sunday\"],\"opens\":\"09:00\",\"closes\":\"17:00\"}]},{\"@type\":\"ImageObject\",\"inLanguage\":\"hr\",\"@id\":\"https:\/\/testwebsite.citygame.com\/hr\/games\/vienna\/sherlock-holmes-vienna\/#local-main-organization-logo\",\"url\":\"https:\/\/testwebsite.citygame.com\/wp-content\/blogs.dir\/1\/files\/sites\/62\/2025\/10\/CG_LOGO-City-Game.png\",\"contentUrl\":\"https:\/\/testwebsite.citygame.com\/wp-content\/blogs.dir\/1\/files\/sites\/62\/2025\/10\/CG_LOGO-City-Game.png\",\"width\":351,\"height\":377,\"caption\":\"City Game\"}]}<\/script>\n<!-- \/ Yoast SEO Premium plugin. -->","yoast_head_json":{"title":"Sherlock Holmes Vienna - City Game","description":"Sherlock Holmes Vienna. Igrajte samostalnu misteriju ubojstva \u2013 City Game, rje\u0161avajte zagonetke, slijedite tragove i otkrijte ubojicu vlastitim tempom!","robots":{"index":"noindex","follow":"follow","max-snippet":"max-snippet:-1","max-image-preview":"max-image-preview:large","max-video-preview":"max-video-preview:-1"},"og_locale":"hr_HR","og_type":"article","og_title":"Sherlock Holmes Vienna","og_description":"Sherlock Holmes Vienna. Igrajte samostalnu misteriju ubojstva \u2013 City Game, rje\u0161avajte zagonetke, slijedite tragove i otkrijte ubojicu vlastitim tempom!","og_url":"https:\/\/testwebsite.citygame.com\/hr\/games\/vienna\/sherlock-holmes-vienna\/","og_site_name":"City Game","article_publisher":"https:\/\/www.facebook.com\/profile.php?id=100086426226253","article_modified_time":"2026-04-07T15:35:50+00:00","og_image":[{"width":1024,"height":1024,"url":"https:\/\/testwebsite.citygame.com\/wp-content\/blogs.dir\/1\/files\/sites\/62\/2026\/02\/vienna-michaelerplatz-sherlock-city-game.jpg","type":"image\/jpeg"}],"twitter_card":"summary_large_image","schema":{"@context":"https:\/\/schema.org","@graph":[{"@type":"WebPage","@id":"https:\/\/testwebsite.citygame.com\/hr\/games\/vienna\/sherlock-holmes-vienna\/","url":"https:\/\/testwebsite.citygame.com\/hr\/games\/vienna\/sherlock-holmes-vienna\/","name":"Sherlock Holmes Vienna - City Game","isPartOf":{"@id":"https:\/\/testwebsite.upevents.nl\/#website"},"primaryImageOfPage":{"@id":"https:\/\/testwebsite.citygame.com\/hr\/games\/vienna\/sherlock-holmes-vienna\/#primaryimage"},"image":{"@id":"https:\/\/testwebsite.citygame.com\/hr\/games\/vienna\/sherlock-holmes-vienna\/#primaryimage"},"thumbnailUrl":"https:\/\/testwebsite.citygame.com\/wp-content\/blogs.dir\/1\/files\/sites\/62\/2026\/02\/vienna-michaelerplatz-sherlock-city-game.jpg","datePublished":"2026-02-17T09:04:09+00:00","dateModified":"2026-04-07T15:35:50+00:00","description":"Sherlock Holmes Vienna. Igrajte samostalnu misteriju ubojstva \u2013 City Game, rje\u0161avajte zagonetke, slijedite tragove i otkrijte ubojicu vlastitim tempom!","breadcrumb":{"@id":"https:\/\/testwebsite.citygame.com\/hr\/games\/vienna\/sherlock-holmes-vienna\/#breadcrumb"},"inLanguage":"hr","potentialAction":[{"@type":"ReadAction","target":["https:\/\/testwebsite.citygame.com\/hr\/games\/vienna\/sherlock-holmes-vienna\/"]}]},{"@type":"ImageObject","inLanguage":"hr","@id":"https:\/\/testwebsite.citygame.com\/hr\/games\/vienna\/sherlock-holmes-vienna\/#primaryimage","url":"https:\/\/testwebsite.citygame.com\/wp-content\/blogs.dir\/1\/files\/sites\/62\/2026\/02\/vienna-michaelerplatz-sherlock-city-game.jpg","contentUrl":"https:\/\/testwebsite.citygame.com\/wp-content\/blogs.dir\/1\/files\/sites\/62\/2026\/02\/vienna-michaelerplatz-sherlock-city-game.jpg","width":1024,"height":1024,"caption":"A player enjoys a City Game on her smartphone in the historic Michaelerplatz square."},{"@type":"BreadcrumbList","@id":"https:\/\/testwebsite.citygame.com\/hr\/games\/vienna\/sherlock-holmes-vienna\/#breadcrumb","itemListElement":[{"@type":"ListItem","position":1,"name":"Home","item":"https:\/\/testwebsite.citygame.com\/hr\/"},{"@type":"ListItem","position":2,"name":"Shop","item":"https:\/\/testwebsite.citygame.com\/shop\/"},{"@type":"ListItem","position":3,"name":"Sherlock Holmes Vienna"}]},{"@type":"WebSite","@id":"https:\/\/testwebsite.upevents.nl\/#website","url":"https:\/\/testwebsite.upevents.nl\/","name":"City Game","description":"","publisher":{"@id":"https:\/\/testwebsite.upevents.nl\/#organization"},"alternateName":"citygame.com","potentialAction":[{"@type":"SearchAction","target":{"@type":"EntryPoint","urlTemplate":"https:\/\/testwebsite.upevents.nl\/?s={search_term_string}"},"query-input":{"@type":"PropertyValueSpecification","valueRequired":true,"valueName":"search_term_string"}}],"inLanguage":"hr"},{"@type":["Organization","Place"],"@id":"https:\/\/testwebsite.upevents.nl\/#organization","name":"City Game","alternateName":"citygame.com","url":"https:\/\/testwebsite.upevents.nl\/","logo":{"@id":"https:\/\/testwebsite.citygame.com\/hr\/games\/vienna\/sherlock-holmes-vienna\/#local-main-organization-logo"},"image":{"@id":"https:\/\/testwebsite.citygame.com\/hr\/games\/vienna\/sherlock-holmes-vienna\/#local-main-organization-logo"},"sameAs":["https:\/\/www.facebook.com\/profile.php?id=100086426226253","https:\/\/www.instagram.com\/citygame_com","https:\/\/www.tiktok.com\/@citygamecom\/","https:\/\/www.linkedin.com\/company\/citygame-com"],"description":"Turn any city into a playground with our interactive City Games and self-guided tours. Fun, flexible, and ideal for groups and team building.","telephone":[],"openingHoursSpecification":[{"@type":"OpeningHoursSpecification","dayOfWeek":["Monday","Tuesday","Wednesday","Thursday","Friday","Saturday","Sunday"],"opens":"09:00","closes":"17:00"}]},{"@type":"ImageObject","inLanguage":"hr","@id":"https:\/\/testwebsite.citygame.com\/hr\/games\/vienna\/sherlock-holmes-vienna\/#local-main-organization-logo","url":"https:\/\/testwebsite.citygame.com\/wp-content\/blogs.dir\/1\/files\/sites\/62\/2025\/10\/CG_LOGO-City-Game.png","contentUrl":"https:\/\/testwebsite.citygame.com\/wp-content\/blogs.dir\/1\/files\/sites\/62\/2025\/10\/CG_LOGO-City-Game.png","width":351,"height":377,"caption":"City Game"}]}},"taxonomy_info":{"game-concept":[{"value":775,"label":"Sherlock"}],"location":[{"value":420,"label":"Vienna"}],"product_cat":[{"value":27,"label":"Geen categorie"}]},"featured_image_src_large":["https:\/\/testwebsite.citygame.com\/wp-content\/blogs.dir\/1\/files\/sites\/62\/2026\/02\/vienna-michaelerplatz-sherlock-city-game.jpg",1024,1024,false],"author_info":[],"comment_info":"","_links":{"self":[{"href":"https:\/\/testwebsite.citygame.com\/hr\/wp-json\/wp\/v2\/product\/52812","targetHints":{"allow":["GET"]}}],"collection":[{"href":"https:\/\/testwebsite.citygame.com\/hr\/wp-json\/wp\/v2\/product"}],"about":[{"href":"https:\/\/testwebsite.citygame.com\/hr\/wp-json\/wp\/v2\/types\/product"}],"acf:post":[{"embeddable":true,"href":"https:\/\/testwebsite.citygame.com\/hr\/wp-json\/wp\/v2\/pages\/5051"}],"wp:featuredmedia":[{"embeddable":true,"href":"https:\/\/testwebsite.citygame.com\/hr\/wp-json\/wp\/v2\/media\/14782"}],"wp:attachment":[{"href":"https:\/\/testwebsite.citygame.com\/hr\/wp-json\/wp\/v2\/media?parent=52812"}],"wp:term":[{"taxonomy":"game-concept","embeddable":true,"href":"https:\/\/testwebsite.citygame.com\/hr\/wp-json\/wp\/v2\/game-concept?post=52812"},{"taxonomy":"location","embeddable":true,"href":"https:\/\/testwebsite.citygame.com\/hr\/wp-json\/wp\/v2\/location?post=52812"},{"taxonomy":"product_brand","embeddable":true,"href":"https:\/\/testwebsite.citygame.com\/hr\/wp-json\/wp\/v2\/product_brand?post=52812"},{"taxonomy":"product_cat","embeddable":true,"href":"https:\/\/testwebsite.citygame.com\/hr\/wp-json\/wp\/v2\/product_cat?post=52812"},{"taxonomy":"product_tag","embeddable":true,"href":"https:\/\/testwebsite.citygame.com\/hr\/wp-json\/wp\/v2\/product_tag?post=52812"}],"curies":[{"name":"wp","href":"https:\/\/api.w.org\/{rel}","templated":true}]}}