{"id":52709,"date":"2026-01-13T15:26:00","date_gmt":"2026-01-13T15:26:00","guid":{"rendered":"https:\/\/testwebsite.citygame.com\/games\/unknown-location\/secrets-of-bologna\/"},"modified":"2026-04-07T15:24:22","modified_gmt":"2026-04-07T15:24:22","slug":"secrets-of-bologna","status":"publish","type":"product","link":"https:\/\/testwebsite.citygame.com\/hr\/games\/bologna\/secrets-of-bologna\/","title":{"rendered":"Secrets of Bologna"},"content":{"rendered":"<p>Secrets of Bologna City Game je samostalna igra vo\u0111ena GPS-om koja se odvija u povijesnom centru Bologne. Koriste\u0107i svoj pametni telefon, istra\u017eit \u0107ete grad rje\u0161avaju\u0107i razne zagonetke, mozgalice i foto izazove. Ova interaktivna igra istra\u017eivanja nudi zabavan i privla\u010dan na\u010din otkrivanja povijesti, kulture i manje poznatih detalja Bologne vlastitim tempom. Dizajnirana da odgovara posjetiteljima i lokalnom stanovni\u0161tvu, City Game Bologna je idealna za solo igra\u010de, parove, obitelji ili grupe prijatelja. Bilo da ste novi u gradu ili ga dobro poznajete, ova samostalna City Game nudi svje\u017eu perspektivu kroz impresivno igranje.<\/p>\n","protected":false},"excerpt":{"rendered":"<p>Otkrijte skrivenu harmoniju Bologne! Lutajte kroz veli\u010danstvene trgove, odjekuju\u0107e portike i tajne kanale dok vam povijest zuji pod nogama. Pomozite caru Neronu da povrati svoju izgubljenu liru, sla\u017eu\u0107i tragove u gradu gdje se umjetnost, strast i misterij sudaraju.<\/p>\n","protected":false},"featured_media":3798,"template":"","meta":{"_acf_changed":false,"_yoast_wpseo_focuskw":"Secrets of Bologna","_yoast_wpseo_metadesc":"Secrets of Bologna. Igrajte samostalnu City Game i istra\u017eite grad kroz zagonetke, mozgalice i izazove. Igrajte vlastitim tempom i otkrijte poput lokalca!","_kad_blocks_custom_css":"","_kad_blocks_head_custom_js":"","_kad_blocks_body_custom_js":"","_kad_blocks_footer_custom_js":"","ghostkit_customizer_options":"","ghostkit_custom_css":"","ghostkit_custom_js_head":"","ghostkit_custom_js_foot":"","ghostkit_typography":"","_kad_post_transparent":"","_kad_post_title":"","_kad_post_layout":"","_kad_post_sidebar_id":"","_kad_post_content_style":"","_kad_post_vertical_padding":"","_kad_post_feature":"","_kad_post_feature_position":"","_kad_post_header":false,"_kad_post_footer":false,"_kad_post_classname":"","_links_to":"","_links_to_target":""},"game-concept":[714],"location":[94],"product_brand":[],"product_cat":[27],"product_tag":[],"class_list":{"0":"post-52709","1":"product","2":"type-product","3":"status-publish","4":"has-post-thumbnail","6":"game-concept-secrets","7":"location-bologna","8":"product_cat-geen-categorie","10":"first","11":"instock","12":"shipping-taxable","13":"purchasable","14":"product-type-simple","15":"entry","16":"content-bg","17":"loop-entry"},"acf":{"full_bokun_product_name":"Self-Guided Secrets of Bologna Exploration Game","location_name":"Bologna","bokun_calendar_widget_code":"<script type=\"text\/javascript\" src=\"https:\/\/widgets.bokun.io\/assets\/javascripts\/apps\/build\/BokunWidgetsLoader.js?bookingChannelUUID=a1e93e96-5232-4734-a595-28405f4b5a31\" async><\/script>\n     \n    <div class=\"bokunWidget\" data-src=\"https:\/\/widgets.bokun.io\/online-sales\/a1e93e96-5232-4734-a595-28405f4b5a31\/experience-calendar\/1102777\"><\/div>\n    <noscript>Please enable javascript in your browser to book<\/noscript>","bokun_button_widget_code":"<script type=\"text\/javascript\" src=\"https:\/\/widgets.bokun.io\/assets\/javascripts\/apps\/build\/BokunWidgetsLoader.js?bookingChannelUUID=a1e93e96-5232-4734-a595-28405f4b5a31\" async><\/script>\n      <style> #bokun_ed001e45_5927_4f62_b470_ca766338d083 { display: inline-block; padding: .4em 1em; background: #47b82e; border-radius: 999999px; box-shadow: none; font-weight: 600; font-size: 24px; text-decoration: none; text-align: center; color: #FFFFFF; border:none; cursor: pointer; transition: background .2s ease; } #bokun_ed001e45_5927_4f62_b470_ca766338d083:hover{ background: #2f7b1f; } #bokun_ed001e45_5927_4f62_b470_ca766338d083:active{ background: #378f24; } <\/style> <button class=\"bokunButton\" disabled id=bokun_ed001e45_5927_4f62_b470_ca766338d083 data-src=\"https:\/\/widgets.bokun.io\/online-sales\/a1e93e96-5232-4734-a595-28405f4b5a31\/experience-calendar\/1102777?partialView=1\" data-testid=\"widget-book-button\" > Book now <\/button> ","what_you\u2019ll_experience_during_the_game":"Tijekom Secrets of Bologna City Game, istra\u017eit \u0107ete grad kroz mje\u0161avinu impresivnog pripovijedanja, interaktivnog otkrivanja i lokalne povijesti. Igra vas vodi kroz poznate lokacije i ti\u0161e kutke, od veli\u010danstvenog Palazzo della Mercanzia do impresivne Neptunove fontane. Usput, mo\u017eda \u0107ete proviriti kroz skrivenu Finestrella, nai\u0107i na elegantnu fasadu katedrale u Bologni ili zastati kod stoljetnog Wishing Well-a. Svako mjesto otkriva aspekt slojevite pro\u0161losti i bogate atmosfere Bologne, nude\u0107i dubok osje\u0107aj mjesta dok putujete njenim ulicama.\n\nDok prolazite Bolognom, nai\u0107i \u0107ete na zagonetke, mozgalice i foto izazove koji pri\u010du o\u017eivljavaju. Rje\u0161avanje svakog zadatka donosi vam bodove, otkriva korisne savjete i pribli\u017eava vas otkrivanju kona\u010dne misterije. Format City Game omogu\u0107uje vam da pauzirate i nastavite kad god po\u017eelite, nude\u0107i fleksibilnost bilo da istra\u017eujete vlastitim tempom ili se natje\u010dete za vrh ljestvice. Bilo u timu ili samostalno, iskustvo poziva na razigranu znati\u017eelju i promi\u0161ljeno promatranje kroz cijelu Bolognu.","how_to_play":"Nakon rezervacije, primit \u0107ete e-mail s izravnom poveznicom za igru. Jednostavno se uputite do kipa Pape Grgura XIII na Piazza Maggiore kako biste zapo\u010deli svoju avanturu. Otvorite poveznicu na svom pametnom telefonu i odmah po\u010dnite istra\u017eivati. Igru mo\u017eete pauzirati i nastaviti kad god \u017eelite, \u0161to je \u010dini savr\u0161enom fleksibilnom aktivno\u0161\u0107u za va\u0161 posjet Bologni.","start_location":"Bologna, Statue of Pope Gregory XIII","available_languages":[],"players_per_group":"1-4","duration":"1.5-2 hours","image_overlay_color_image":"https:\/\/testwebsite.citygame.com\/wp-content\/blogs.dir\/1\/files\/sites\/62\/2026\/01\/SecretsColor.svg","image_overlay_game_logo":"https:\/\/testwebsite.citygame.com\/wp-content\/blogs.dir\/1\/files\/sites\/62\/2026\/01\/SecretsLogo.png","city_page":8408,"woocommerce_general_content":null},"yoast_head":"<!-- This site is optimized with the Yoast SEO Premium plugin v26.2 (Yoast SEO v26.3) - https:\/\/yoast.com\/wordpress\/plugins\/seo\/ -->\n<title>Secrets of Bologna - City Game<\/title>\n<meta name=\"description\" content=\"Secrets of Bologna. Igrajte samostalnu City Game i istra\u017eite grad kroz zagonetke, mozgalice i izazove. Igrajte vlastitim tempom i otkrijte poput lokalca!\" \/>\n<meta name=\"robots\" content=\"noindex, follow, max-snippet:-1, max-image-preview:large, max-video-preview:-1\" \/>\n<meta property=\"og:locale\" content=\"hr_HR\" \/>\n<meta property=\"og:type\" content=\"article\" \/>\n<meta property=\"og:title\" content=\"Secrets of Bologna\" \/>\n<meta property=\"og:description\" content=\"Secrets of Bologna. Igrajte samostalnu City Game i istra\u017eite grad kroz zagonetke, mozgalice i izazove. Igrajte vlastitim tempom i otkrijte poput lokalca!\" \/>\n<meta property=\"og:url\" content=\"https:\/\/testwebsite.citygame.com\/hr\/games\/bologna\/secrets-of-bologna\/\" \/>\n<meta property=\"og:site_name\" content=\"City Game\" \/>\n<meta property=\"article:publisher\" content=\"https:\/\/www.facebook.com\/profile.php?id=100086426226253\" \/>\n<meta property=\"article:modified_time\" content=\"2026-04-07T15:24:22+00:00\" \/>\n<meta property=\"og:image\" content=\"https:\/\/testwebsite.citygame.com\/wp-content\/blogs.dir\/1\/files\/sites\/62\/2026\/01\/bologna-palazzo-d-accursio-players-city-game.jpg\" \/>\n\t<meta property=\"og:image:width\" content=\"1248\" \/>\n\t<meta property=\"og:image:height\" content=\"832\" \/>\n\t<meta property=\"og:image:type\" content=\"image\/jpeg\" \/>\n<meta name=\"twitter:card\" content=\"summary_large_image\" \/>\n<meta name=\"twitter:label1\" content=\"Procijenjeno vrijeme \u010ditanja\" \/>\n\t<meta name=\"twitter:data1\" content=\"1 minuta\" \/>\n<script type=\"application\/ld+json\" class=\"yoast-schema-graph\">{\"@context\":\"https:\/\/schema.org\",\"@graph\":[{\"@type\":\"WebPage\",\"@id\":\"https:\/\/testwebsite.citygame.com\/hr\/games\/bologna\/secrets-of-bologna\/\",\"url\":\"https:\/\/testwebsite.citygame.com\/hr\/games\/bologna\/secrets-of-bologna\/\",\"name\":\"Secrets of Bologna - City Game\",\"isPartOf\":{\"@id\":\"https:\/\/testwebsite.upevents.nl\/#website\"},\"primaryImageOfPage\":{\"@id\":\"https:\/\/testwebsite.citygame.com\/hr\/games\/bologna\/secrets-of-bologna\/#primaryimage\"},\"image\":{\"@id\":\"https:\/\/testwebsite.citygame.com\/hr\/games\/bologna\/secrets-of-bologna\/#primaryimage\"},\"thumbnailUrl\":\"https:\/\/testwebsite.citygame.com\/wp-content\/blogs.dir\/1\/files\/sites\/62\/2026\/01\/bologna-palazzo-d-accursio-players-city-game.jpg\",\"datePublished\":\"2026-01-13T15:26:00+00:00\",\"dateModified\":\"2026-04-07T15:24:22+00:00\",\"description\":\"Secrets of Bologna. Igrajte samostalnu City Game i istra\u017eite grad kroz zagonetke, mozgalice i izazove. Igrajte vlastitim tempom i otkrijte poput lokalca!\",\"breadcrumb\":{\"@id\":\"https:\/\/testwebsite.citygame.com\/hr\/games\/bologna\/secrets-of-bologna\/#breadcrumb\"},\"inLanguage\":\"hr\",\"potentialAction\":[{\"@type\":\"ReadAction\",\"target\":[\"https:\/\/testwebsite.citygame.com\/hr\/games\/bologna\/secrets-of-bologna\/\"]}]},{\"@type\":\"ImageObject\",\"inLanguage\":\"hr\",\"@id\":\"https:\/\/testwebsite.citygame.com\/hr\/games\/bologna\/secrets-of-bologna\/#primaryimage\",\"url\":\"https:\/\/testwebsite.citygame.com\/wp-content\/blogs.dir\/1\/files\/sites\/62\/2026\/01\/bologna-palazzo-d-accursio-players-city-game.jpg\",\"contentUrl\":\"https:\/\/testwebsite.citygame.com\/wp-content\/blogs.dir\/1\/files\/sites\/62\/2026\/01\/bologna-palazzo-d-accursio-players-city-game.jpg\",\"width\":1248,\"height\":832,\"caption\":\"A group of friends enjoys an interactive city game in front of Palazzo d'Accursio in Bologna.\"},{\"@type\":\"BreadcrumbList\",\"@id\":\"https:\/\/testwebsite.citygame.com\/hr\/games\/bologna\/secrets-of-bologna\/#breadcrumb\",\"itemListElement\":[{\"@type\":\"ListItem\",\"position\":1,\"name\":\"Home\",\"item\":\"https:\/\/testwebsite.citygame.com\/hr\/\"},{\"@type\":\"ListItem\",\"position\":2,\"name\":\"Shop\",\"item\":\"https:\/\/testwebsite.citygame.com\/shop\/\"},{\"@type\":\"ListItem\",\"position\":3,\"name\":\"Secrets of Bologna\"}]},{\"@type\":\"WebSite\",\"@id\":\"https:\/\/testwebsite.upevents.nl\/#website\",\"url\":\"https:\/\/testwebsite.upevents.nl\/\",\"name\":\"City Game\",\"description\":\"\",\"publisher\":{\"@id\":\"https:\/\/testwebsite.upevents.nl\/#organization\"},\"alternateName\":\"citygame.com\",\"potentialAction\":[{\"@type\":\"SearchAction\",\"target\":{\"@type\":\"EntryPoint\",\"urlTemplate\":\"https:\/\/testwebsite.upevents.nl\/?s={search_term_string}\"},\"query-input\":{\"@type\":\"PropertyValueSpecification\",\"valueRequired\":true,\"valueName\":\"search_term_string\"}}],\"inLanguage\":\"hr\"},{\"@type\":[\"Organization\",\"Place\"],\"@id\":\"https:\/\/testwebsite.upevents.nl\/#organization\",\"name\":\"City Game\",\"alternateName\":\"citygame.com\",\"url\":\"https:\/\/testwebsite.upevents.nl\/\",\"logo\":{\"@id\":\"https:\/\/testwebsite.citygame.com\/hr\/games\/bologna\/secrets-of-bologna\/#local-main-organization-logo\"},\"image\":{\"@id\":\"https:\/\/testwebsite.citygame.com\/hr\/games\/bologna\/secrets-of-bologna\/#local-main-organization-logo\"},\"sameAs\":[\"https:\/\/www.facebook.com\/profile.php?id=100086426226253\",\"https:\/\/www.instagram.com\/citygame_com\",\"https:\/\/www.tiktok.com\/@citygamecom\/\",\"https:\/\/www.linkedin.com\/company\/citygame-com\"],\"description\":\"Turn any city into a playground with our interactive City Games and self-guided tours. Fun, flexible, and ideal for groups and team building.\",\"telephone\":[],\"openingHoursSpecification\":[{\"@type\":\"OpeningHoursSpecification\",\"dayOfWeek\":[\"Monday\",\"Tuesday\",\"Wednesday\",\"Thursday\",\"Friday\",\"Saturday\",\"Sunday\"],\"opens\":\"09:00\",\"closes\":\"17:00\"}]},{\"@type\":\"ImageObject\",\"inLanguage\":\"hr\",\"@id\":\"https:\/\/testwebsite.citygame.com\/hr\/games\/bologna\/secrets-of-bologna\/#local-main-organization-logo\",\"url\":\"https:\/\/testwebsite.citygame.com\/wp-content\/blogs.dir\/1\/files\/sites\/62\/2025\/10\/CG_LOGO-City-Game.png\",\"contentUrl\":\"https:\/\/testwebsite.citygame.com\/wp-content\/blogs.dir\/1\/files\/sites\/62\/2025\/10\/CG_LOGO-City-Game.png\",\"width\":351,\"height\":377,\"caption\":\"City Game\"}]}<\/script>\n<!-- \/ Yoast SEO Premium plugin. -->","yoast_head_json":{"title":"Secrets of Bologna - City Game","description":"Secrets of Bologna. Igrajte samostalnu City Game i istra\u017eite grad kroz zagonetke, mozgalice i izazove. Igrajte vlastitim tempom i otkrijte poput lokalca!","robots":{"index":"noindex","follow":"follow","max-snippet":"max-snippet:-1","max-image-preview":"max-image-preview:large","max-video-preview":"max-video-preview:-1"},"og_locale":"hr_HR","og_type":"article","og_title":"Secrets of Bologna","og_description":"Secrets of Bologna. Igrajte samostalnu City Game i istra\u017eite grad kroz zagonetke, mozgalice i izazove. Igrajte vlastitim tempom i otkrijte poput lokalca!","og_url":"https:\/\/testwebsite.citygame.com\/hr\/games\/bologna\/secrets-of-bologna\/","og_site_name":"City Game","article_publisher":"https:\/\/www.facebook.com\/profile.php?id=100086426226253","article_modified_time":"2026-04-07T15:24:22+00:00","og_image":[{"width":1248,"height":832,"url":"https:\/\/testwebsite.citygame.com\/wp-content\/blogs.dir\/1\/files\/sites\/62\/2026\/01\/bologna-palazzo-d-accursio-players-city-game.jpg","type":"image\/jpeg"}],"twitter_card":"summary_large_image","twitter_misc":{"Procijenjeno vrijeme \u010ditanja":"1 minuta"},"schema":{"@context":"https:\/\/schema.org","@graph":[{"@type":"WebPage","@id":"https:\/\/testwebsite.citygame.com\/hr\/games\/bologna\/secrets-of-bologna\/","url":"https:\/\/testwebsite.citygame.com\/hr\/games\/bologna\/secrets-of-bologna\/","name":"Secrets of Bologna - City Game","isPartOf":{"@id":"https:\/\/testwebsite.upevents.nl\/#website"},"primaryImageOfPage":{"@id":"https:\/\/testwebsite.citygame.com\/hr\/games\/bologna\/secrets-of-bologna\/#primaryimage"},"image":{"@id":"https:\/\/testwebsite.citygame.com\/hr\/games\/bologna\/secrets-of-bologna\/#primaryimage"},"thumbnailUrl":"https:\/\/testwebsite.citygame.com\/wp-content\/blogs.dir\/1\/files\/sites\/62\/2026\/01\/bologna-palazzo-d-accursio-players-city-game.jpg","datePublished":"2026-01-13T15:26:00+00:00","dateModified":"2026-04-07T15:24:22+00:00","description":"Secrets of Bologna. Igrajte samostalnu City Game i istra\u017eite grad kroz zagonetke, mozgalice i izazove. Igrajte vlastitim tempom i otkrijte poput lokalca!","breadcrumb":{"@id":"https:\/\/testwebsite.citygame.com\/hr\/games\/bologna\/secrets-of-bologna\/#breadcrumb"},"inLanguage":"hr","potentialAction":[{"@type":"ReadAction","target":["https:\/\/testwebsite.citygame.com\/hr\/games\/bologna\/secrets-of-bologna\/"]}]},{"@type":"ImageObject","inLanguage":"hr","@id":"https:\/\/testwebsite.citygame.com\/hr\/games\/bologna\/secrets-of-bologna\/#primaryimage","url":"https:\/\/testwebsite.citygame.com\/wp-content\/blogs.dir\/1\/files\/sites\/62\/2026\/01\/bologna-palazzo-d-accursio-players-city-game.jpg","contentUrl":"https:\/\/testwebsite.citygame.com\/wp-content\/blogs.dir\/1\/files\/sites\/62\/2026\/01\/bologna-palazzo-d-accursio-players-city-game.jpg","width":1248,"height":832,"caption":"A group of friends enjoys an interactive city game in front of Palazzo d'Accursio in Bologna."},{"@type":"BreadcrumbList","@id":"https:\/\/testwebsite.citygame.com\/hr\/games\/bologna\/secrets-of-bologna\/#breadcrumb","itemListElement":[{"@type":"ListItem","position":1,"name":"Home","item":"https:\/\/testwebsite.citygame.com\/hr\/"},{"@type":"ListItem","position":2,"name":"Shop","item":"https:\/\/testwebsite.citygame.com\/shop\/"},{"@type":"ListItem","position":3,"name":"Secrets of Bologna"}]},{"@type":"WebSite","@id":"https:\/\/testwebsite.upevents.nl\/#website","url":"https:\/\/testwebsite.upevents.nl\/","name":"City Game","description":"","publisher":{"@id":"https:\/\/testwebsite.upevents.nl\/#organization"},"alternateName":"citygame.com","potentialAction":[{"@type":"SearchAction","target":{"@type":"EntryPoint","urlTemplate":"https:\/\/testwebsite.upevents.nl\/?s={search_term_string}"},"query-input":{"@type":"PropertyValueSpecification","valueRequired":true,"valueName":"search_term_string"}}],"inLanguage":"hr"},{"@type":["Organization","Place"],"@id":"https:\/\/testwebsite.upevents.nl\/#organization","name":"City Game","alternateName":"citygame.com","url":"https:\/\/testwebsite.upevents.nl\/","logo":{"@id":"https:\/\/testwebsite.citygame.com\/hr\/games\/bologna\/secrets-of-bologna\/#local-main-organization-logo"},"image":{"@id":"https:\/\/testwebsite.citygame.com\/hr\/games\/bologna\/secrets-of-bologna\/#local-main-organization-logo"},"sameAs":["https:\/\/www.facebook.com\/profile.php?id=100086426226253","https:\/\/www.instagram.com\/citygame_com","https:\/\/www.tiktok.com\/@citygamecom\/","https:\/\/www.linkedin.com\/company\/citygame-com"],"description":"Turn any city into a playground with our interactive City Games and self-guided tours. Fun, flexible, and ideal for groups and team building.","telephone":[],"openingHoursSpecification":[{"@type":"OpeningHoursSpecification","dayOfWeek":["Monday","Tuesday","Wednesday","Thursday","Friday","Saturday","Sunday"],"opens":"09:00","closes":"17:00"}]},{"@type":"ImageObject","inLanguage":"hr","@id":"https:\/\/testwebsite.citygame.com\/hr\/games\/bologna\/secrets-of-bologna\/#local-main-organization-logo","url":"https:\/\/testwebsite.citygame.com\/wp-content\/blogs.dir\/1\/files\/sites\/62\/2025\/10\/CG_LOGO-City-Game.png","contentUrl":"https:\/\/testwebsite.citygame.com\/wp-content\/blogs.dir\/1\/files\/sites\/62\/2025\/10\/CG_LOGO-City-Game.png","width":351,"height":377,"caption":"City Game"}]}},"taxonomy_info":{"game-concept":[{"value":714,"label":"Secrets"}],"location":[{"value":94,"label":"Bologna"}],"product_cat":[{"value":27,"label":"Geen categorie"}]},"featured_image_src_large":["https:\/\/testwebsite.citygame.com\/wp-content\/blogs.dir\/1\/files\/sites\/62\/2026\/01\/bologna-palazzo-d-accursio-players-city-game-1024x683.jpg",1024,683,true],"author_info":[],"comment_info":"","_links":{"self":[{"href":"https:\/\/testwebsite.citygame.com\/hr\/wp-json\/wp\/v2\/product\/52709","targetHints":{"allow":["GET"]}}],"collection":[{"href":"https:\/\/testwebsite.citygame.com\/hr\/wp-json\/wp\/v2\/product"}],"about":[{"href":"https:\/\/testwebsite.citygame.com\/hr\/wp-json\/wp\/v2\/types\/product"}],"acf:post":[{"embeddable":true,"href":"https:\/\/testwebsite.citygame.com\/hr\/wp-json\/wp\/v2\/pages\/8408"}],"wp:featuredmedia":[{"embeddable":true,"href":"https:\/\/testwebsite.citygame.com\/hr\/wp-json\/wp\/v2\/media\/3798"}],"wp:attachment":[{"href":"https:\/\/testwebsite.citygame.com\/hr\/wp-json\/wp\/v2\/media?parent=52709"}],"wp:term":[{"taxonomy":"game-concept","embeddable":true,"href":"https:\/\/testwebsite.citygame.com\/hr\/wp-json\/wp\/v2\/game-concept?post=52709"},{"taxonomy":"location","embeddable":true,"href":"https:\/\/testwebsite.citygame.com\/hr\/wp-json\/wp\/v2\/location?post=52709"},{"taxonomy":"product_brand","embeddable":true,"href":"https:\/\/testwebsite.citygame.com\/hr\/wp-json\/wp\/v2\/product_brand?post=52709"},{"taxonomy":"product_cat","embeddable":true,"href":"https:\/\/testwebsite.citygame.com\/hr\/wp-json\/wp\/v2\/product_cat?post=52709"},{"taxonomy":"product_tag","embeddable":true,"href":"https:\/\/testwebsite.citygame.com\/hr\/wp-json\/wp\/v2\/product_tag?post=52709"}],"curies":[{"name":"wp","href":"https:\/\/api.w.org\/{rel}","templated":true}]}}