{"id":39406,"date":"2026-01-13T11:49:44","date_gmt":"2026-01-13T11:49:44","guid":{"rendered":"https:\/\/testwebsite.citygame.com\/games\/unknown-location\/proizvod-338\/"},"modified":"2026-04-02T10:11:08","modified_gmt":"2026-04-02T10:11:08","slug":"proizvod-338","status":"publish","type":"product","link":"https:\/\/testwebsite.citygame.com\/hr\/games\/unknown-location\/proizvod-338\/","title":{"rendered":"Proizvod"},"content":{"rendered":"","protected":false},"excerpt":{"rendered":"","protected":false},"featured_media":3684,"template":"","meta":{"_acf_changed":false,"_yoast_wpseo_focuskw":"Secrets of Tallinn","_yoast_wpseo_metadesc":"Secrets of Tallinn. Igrajte samostalnu City Game i istra\u017eite grad kroz zagonetke, misterije i izazove. Igrajte svojim tempom i otkrijte kao lokalac!","_kad_blocks_custom_css":"","_kad_blocks_head_custom_js":"","_kad_blocks_body_custom_js":"","_kad_blocks_footer_custom_js":"","ghostkit_customizer_options":"","ghostkit_custom_css":"","ghostkit_custom_js_head":"","ghostkit_custom_js_foot":"","ghostkit_typography":"","_kad_post_transparent":"","_kad_post_title":"","_kad_post_layout":"","_kad_post_sidebar_id":"","_kad_post_content_style":"","_kad_post_vertical_padding":"","_kad_post_feature":"","_kad_post_feature_position":"","_kad_post_header":false,"_kad_post_footer":false,"_kad_post_classname":"","_links_to":"","_links_to_target":""},"game-concept":[36],"location":[],"product_brand":[],"product_cat":[27],"product_tag":[],"class_list":{"0":"post-39406","1":"product","2":"type-product","3":"status-publish","4":"has-post-thumbnail","6":"game-concept-secrets","7":"product_cat-geen-categorie","9":"first","10":"instock","11":"shipping-taxable","12":"purchasable","13":"product-type-simple","14":"entry","15":"content-bg","16":"loop-entry"},"acf":{"full_bokun_product_name":"Self-Guided Secrets of Tallinn Exploration Game","location_name":"Tallinn","bokun_calendar_widget_code":"<script type=\"text\/javascript\" src=\"https:\/\/widgets.bokun.io\/assets\/javascripts\/apps\/build\/BokunWidgetsLoader.js?bookingChannelUUID=a1e93e96-5232-4734-a595-28405f4b5a31\" async><\/script>\n     \n    <div class=\"bokunWidget\" data-src=\"https:\/\/widgets.bokun.io\/online-sales\/a1e93e96-5232-4734-a595-28405f4b5a31\/experience-calendar\/797546\"><\/div>\n    <noscript>Please enable javascript in your browser to book<\/noscript>","bokun_button_widget_code":"<script type=\"text\/javascript\" src=\"https:\/\/widgets.bokun.io\/assets\/javascripts\/apps\/build\/BokunWidgetsLoader.js?bookingChannelUUID=a1e93e96-5232-4734-a595-28405f4b5a31\" async><\/script>\n      <style> #bokun_ed001e45_5927_4f62_b470_ca766338d083 { display: inline-block; padding: .4em 1em; background: #47b82e; border-radius: 999999px; box-shadow: none; font-weight: 600; font-size: 24px; text-decoration: none; text-align: center; color: #FFFFFF; border:none; cursor: pointer; transition: background .2s ease; } #bokun_ed001e45_5927_4f62_b470_ca766338d083:hover{ background: #2f7b1f; } #bokun_ed001e45_5927_4f62_b470_ca766338d083:active{ background: #378f24; } <\/style> <button class=\"bokunButton\" disabled id=bokun_ed001e45_5927_4f62_b470_ca766338d083 data-src=\"https:\/\/widgets.bokun.io\/online-sales\/a1e93e96-5232-4734-a595-28405f4b5a31\/experience-calendar\/797546?partialView=1\" data-testid=\"widget-book-button\" > Book now <\/button> ","what_you\u2019ll_experience_during_the_game":"Tijekom gradske igre 'Secrets of Tallinn' istra\u017eivat \u0107ete i poznate znamenitosti i skrivene kutke kroz zanimljivu pri\u010du utkanu u ulice Starog grada. Dok otkrivate slojeve povijesti Tallinna, pro\u0107i \u0107ete kroz \u017eivahne prostore poput Trga gradske vije\u0107nice i pro\u0161etati srednjovjekovnim putevima poput Pikk jalga. Putovanje vas mo\u017ee odvesti do upe\u010datljivih znamenitosti uklju\u010duju\u0107i katedralu Aleksandra Nevskog s kupolama u obliku luka, simboli\u010dni Kri\u017e slobode na Trgu slobode i tihi ulaz ozna\u010den Trokutastim vratima sa \u0161titom. Usput se atmosfera grada mijenja od u\u017eurbanih trgova do mirnih dvori\u0161ta, nude\u0107i uravnote\u017eenu mje\u0161avinu otkrivanja i razmi\u0161ljanja.\n\nTijekom igre preuzimat \u0107ete niz interaktivnih izazova, uklju\u010duju\u0107i zagonetke, mozgalice, pitanja i zabavne foto zadatke osmi\u0161ljene da potaknu znati\u017eelju. Svaki zavr\u0161eni izazov donosi bodove, otvara savjete i pribli\u017eava vas rje\u0161avanju kona\u010dne misterije koja povezuje cijelo iskustvo. Igra se mo\u017ee pauzirati u bilo kojem trenutku, tako da Tallinn mo\u017eete istra\u017eivati vlastitim tempom i vratiti se kad god po\u017eelite. Za one koji u\u017eivaju u natjecanju, City Game tako\u0111er nudi priliku da se popnete na ljestvicu najboljih igraju\u0107i strate\u0161ki ili kao dio tima.","how_to_play":"Nakon rezervacije, primit \u0107ete e-mail s va\u0161om osobnom poveznicom za igru. Jednostavno se uputite do Kri\u017ea slobode, otvorite poveznicu na svom telefonu i zapo\u010dnite svoje putovanje kroz Tallinn. Igru mo\u017eete pauzirati u bilo kojem trenutku i nastaviti kasnije, \u010dine\u0107i je savr\u0161enom fleksibilnom avanturom za va\u0161 vlastiti raspored.","start_location":"Tallinn, Cross of Liberty","available_languages":[],"players_per_group":"1-4","duration":"1.5-2 hours","image_overlay_color_image":"https:\/\/testwebsite.citygame.com\/wp-content\/blogs.dir\/1\/files\/sites\/62\/2026\/01\/SecretsColor.svg","image_overlay_game_logo":"https:\/\/testwebsite.citygame.com\/wp-content\/blogs.dir\/1\/files\/sites\/62\/2026\/01\/SecretsLogo.png","city_page":6421,"woocommerce_general_content":null,"the_story":"<strong>Tallinnske kule uzdi\u017eu se poput budnih o\u010diju, pro\u017eete legendama i o\u0161tre povije\u0161\u0107u. Visoko iznad svega stoji Vana Thomas, zlatni vjetrokaz, strijelac i vje\u010dni \u010duvar grada. Ali jedna od njegovih svetih strela je nestala. Bez nje, njegova je obrana oslabljena. Njegov pogled vi\u0161e nije potpun.<\/strong><br><br>Trag se vije kroz kaldrmisane ulice, pored drevnih tornjeva i \u0161aputanih tajni. Dok sjene rastu duge iznad krovova, morate prona\u0107i lopova i vratiti Thomasov cilj. Ovo nije samo potraga za \u010delikom. To je misija za\u0161tite grada koji jo\u0161 uvijek udi\u0161e pri\u010de u svoje kamenje.<br><br>Istina je vani. Samo skrivena ispod kaldrme i \u0161aputanja.","name_main_character":"Vana Thomas","photo_main_character":39407,"loquiz_or_kokimoki":"Kokimoki"},"yoast_head":"<!-- This site is optimized with the Yoast SEO Premium plugin v26.2 (Yoast SEO v26.3) - https:\/\/yoast.com\/wordpress\/plugins\/seo\/ -->\n<title>Proizvod - City Game<\/title>\n<meta name=\"description\" content=\"Secrets of Tallinn. Igrajte samostalnu City Game i istra\u017eite grad kroz zagonetke, misterije i izazove. Igrajte svojim tempom i otkrijte kao lokalac!\" \/>\n<meta name=\"robots\" content=\"noindex, follow, max-snippet:-1, max-image-preview:large, max-video-preview:-1\" \/>\n<meta property=\"og:locale\" content=\"hr_HR\" \/>\n<meta property=\"og:type\" content=\"article\" \/>\n<meta property=\"og:title\" content=\"Proizvod\" \/>\n<meta property=\"og:description\" content=\"Secrets of Tallinn. Igrajte samostalnu City Game i istra\u017eite grad kroz zagonetke, misterije i izazove. Igrajte svojim tempom i otkrijte kao lokalac!\" \/>\n<meta property=\"og:url\" content=\"https:\/\/testwebsite.citygame.com\/hr\/games\/unknown-location\/proizvod-338\/\" \/>\n<meta property=\"og:site_name\" content=\"City Game\" \/>\n<meta property=\"article:publisher\" content=\"https:\/\/www.facebook.com\/profile.php?id=100086426226253\" \/>\n<meta property=\"article:modified_time\" content=\"2026-04-02T10:11:08+00:00\" \/>\n<meta property=\"og:image\" content=\"https:\/\/testwebsite.citygame.com\/wp-content\/blogs.dir\/1\/files\/sites\/62\/2026\/01\/tallinn-old-town-cobblestone-street-city-game.jpg\" \/>\n\t<meta property=\"og:image:width\" content=\"1184\" \/>\n\t<meta property=\"og:image:height\" content=\"864\" \/>\n\t<meta property=\"og:image:type\" content=\"image\/jpeg\" \/>\n<meta name=\"twitter:card\" content=\"summary_large_image\" \/>\n<script type=\"application\/ld+json\" class=\"yoast-schema-graph\">{\"@context\":\"https:\/\/schema.org\",\"@graph\":[{\"@type\":\"WebPage\",\"@id\":\"https:\/\/testwebsite.citygame.com\/hr\/games\/unknown-location\/proizvod-338\/\",\"url\":\"https:\/\/testwebsite.citygame.com\/hr\/games\/unknown-location\/proizvod-338\/\",\"name\":\"Proizvod - City Game\",\"isPartOf\":{\"@id\":\"https:\/\/testwebsite.upevents.nl\/#website\"},\"primaryImageOfPage\":{\"@id\":\"https:\/\/testwebsite.citygame.com\/hr\/games\/unknown-location\/proizvod-338\/#primaryimage\"},\"image\":{\"@id\":\"https:\/\/testwebsite.citygame.com\/hr\/games\/unknown-location\/proizvod-338\/#primaryimage\"},\"thumbnailUrl\":\"https:\/\/testwebsite.citygame.com\/wp-content\/blogs.dir\/1\/files\/sites\/62\/2026\/01\/tallinn-old-town-cobblestone-street-city-game.jpg\",\"datePublished\":\"2026-01-13T11:49:44+00:00\",\"dateModified\":\"2026-04-02T10:11:08+00:00\",\"description\":\"Secrets of Tallinn. Igrajte samostalnu City Game i istra\u017eite grad kroz zagonetke, misterije i izazove. Igrajte svojim tempom i otkrijte kao lokalac!\",\"breadcrumb\":{\"@id\":\"https:\/\/testwebsite.citygame.com\/hr\/games\/unknown-location\/proizvod-338\/#breadcrumb\"},\"inLanguage\":\"hr\",\"potentialAction\":[{\"@type\":\"ReadAction\",\"target\":[\"https:\/\/testwebsite.citygame.com\/hr\/games\/unknown-location\/proizvod-338\/\"]}]},{\"@type\":\"ImageObject\",\"inLanguage\":\"hr\",\"@id\":\"https:\/\/testwebsite.citygame.com\/hr\/games\/unknown-location\/proizvod-338\/#primaryimage\",\"url\":\"https:\/\/testwebsite.citygame.com\/wp-content\/blogs.dir\/1\/files\/sites\/62\/2026\/01\/tallinn-old-town-cobblestone-street-city-game.jpg\",\"contentUrl\":\"https:\/\/testwebsite.citygame.com\/wp-content\/blogs.dir\/1\/files\/sites\/62\/2026\/01\/tallinn-old-town-cobblestone-street-city-game.jpg\",\"width\":1184,\"height\":864,\"caption\":\"A visitor uses a smartphone to navigate a historic cobblestone street in Tallinn, Estonia.\"},{\"@type\":\"BreadcrumbList\",\"@id\":\"https:\/\/testwebsite.citygame.com\/hr\/games\/unknown-location\/proizvod-338\/#breadcrumb\",\"itemListElement\":[{\"@type\":\"ListItem\",\"position\":1,\"name\":\"Home\",\"item\":\"https:\/\/testwebsite.citygame.com\/hr\/\"},{\"@type\":\"ListItem\",\"position\":2,\"name\":\"Shop\",\"item\":\"https:\/\/testwebsite.citygame.com\/shop\/\"},{\"@type\":\"ListItem\",\"position\":3,\"name\":\"Proizvod\"}]},{\"@type\":\"WebSite\",\"@id\":\"https:\/\/testwebsite.upevents.nl\/#website\",\"url\":\"https:\/\/testwebsite.upevents.nl\/\",\"name\":\"City Game\",\"description\":\"\",\"publisher\":{\"@id\":\"https:\/\/testwebsite.upevents.nl\/#organization\"},\"alternateName\":\"citygame.com\",\"potentialAction\":[{\"@type\":\"SearchAction\",\"target\":{\"@type\":\"EntryPoint\",\"urlTemplate\":\"https:\/\/testwebsite.upevents.nl\/?s={search_term_string}\"},\"query-input\":{\"@type\":\"PropertyValueSpecification\",\"valueRequired\":true,\"valueName\":\"search_term_string\"}}],\"inLanguage\":\"hr\"},{\"@type\":[\"Organization\",\"Place\"],\"@id\":\"https:\/\/testwebsite.upevents.nl\/#organization\",\"name\":\"City Game\",\"alternateName\":\"citygame.com\",\"url\":\"https:\/\/testwebsite.upevents.nl\/\",\"logo\":{\"@id\":\"https:\/\/testwebsite.citygame.com\/hr\/games\/unknown-location\/proizvod-338\/#local-main-organization-logo\"},\"image\":{\"@id\":\"https:\/\/testwebsite.citygame.com\/hr\/games\/unknown-location\/proizvod-338\/#local-main-organization-logo\"},\"sameAs\":[\"https:\/\/www.facebook.com\/profile.php?id=100086426226253\",\"https:\/\/www.instagram.com\/citygame_com\",\"https:\/\/www.tiktok.com\/@citygamecom\/\",\"https:\/\/www.linkedin.com\/company\/citygame-com\"],\"description\":\"Turn any city into a playground with our interactive City Games and self-guided tours. Fun, flexible, and ideal for groups and team building.\",\"telephone\":[],\"openingHoursSpecification\":[{\"@type\":\"OpeningHoursSpecification\",\"dayOfWeek\":[\"Monday\",\"Tuesday\",\"Wednesday\",\"Thursday\",\"Friday\",\"Saturday\",\"Sunday\"],\"opens\":\"09:00\",\"closes\":\"17:00\"}]},{\"@type\":\"ImageObject\",\"inLanguage\":\"hr\",\"@id\":\"https:\/\/testwebsite.citygame.com\/hr\/games\/unknown-location\/proizvod-338\/#local-main-organization-logo\",\"url\":\"https:\/\/testwebsite.citygame.com\/wp-content\/blogs.dir\/1\/files\/sites\/62\/2025\/10\/CG_LOGO-City-Game.png\",\"contentUrl\":\"https:\/\/testwebsite.citygame.com\/wp-content\/blogs.dir\/1\/files\/sites\/62\/2025\/10\/CG_LOGO-City-Game.png\",\"width\":351,\"height\":377,\"caption\":\"City Game\"}]}<\/script>\n<!-- \/ Yoast SEO Premium plugin. -->","yoast_head_json":{"title":"Proizvod - City Game","description":"Secrets of Tallinn. Igrajte samostalnu City Game i istra\u017eite grad kroz zagonetke, misterije i izazove. Igrajte svojim tempom i otkrijte kao lokalac!","robots":{"index":"noindex","follow":"follow","max-snippet":"max-snippet:-1","max-image-preview":"max-image-preview:large","max-video-preview":"max-video-preview:-1"},"og_locale":"hr_HR","og_type":"article","og_title":"Proizvod","og_description":"Secrets of Tallinn. Igrajte samostalnu City Game i istra\u017eite grad kroz zagonetke, misterije i izazove. Igrajte svojim tempom i otkrijte kao lokalac!","og_url":"https:\/\/testwebsite.citygame.com\/hr\/games\/unknown-location\/proizvod-338\/","og_site_name":"City Game","article_publisher":"https:\/\/www.facebook.com\/profile.php?id=100086426226253","article_modified_time":"2026-04-02T10:11:08+00:00","og_image":[{"width":1184,"height":864,"url":"https:\/\/testwebsite.citygame.com\/wp-content\/blogs.dir\/1\/files\/sites\/62\/2026\/01\/tallinn-old-town-cobblestone-street-city-game.jpg","type":"image\/jpeg"}],"twitter_card":"summary_large_image","schema":{"@context":"https:\/\/schema.org","@graph":[{"@type":"WebPage","@id":"https:\/\/testwebsite.citygame.com\/hr\/games\/unknown-location\/proizvod-338\/","url":"https:\/\/testwebsite.citygame.com\/hr\/games\/unknown-location\/proizvod-338\/","name":"Proizvod - City Game","isPartOf":{"@id":"https:\/\/testwebsite.upevents.nl\/#website"},"primaryImageOfPage":{"@id":"https:\/\/testwebsite.citygame.com\/hr\/games\/unknown-location\/proizvod-338\/#primaryimage"},"image":{"@id":"https:\/\/testwebsite.citygame.com\/hr\/games\/unknown-location\/proizvod-338\/#primaryimage"},"thumbnailUrl":"https:\/\/testwebsite.citygame.com\/wp-content\/blogs.dir\/1\/files\/sites\/62\/2026\/01\/tallinn-old-town-cobblestone-street-city-game.jpg","datePublished":"2026-01-13T11:49:44+00:00","dateModified":"2026-04-02T10:11:08+00:00","description":"Secrets of Tallinn. Igrajte samostalnu City Game i istra\u017eite grad kroz zagonetke, misterije i izazove. Igrajte svojim tempom i otkrijte kao lokalac!","breadcrumb":{"@id":"https:\/\/testwebsite.citygame.com\/hr\/games\/unknown-location\/proizvod-338\/#breadcrumb"},"inLanguage":"hr","potentialAction":[{"@type":"ReadAction","target":["https:\/\/testwebsite.citygame.com\/hr\/games\/unknown-location\/proizvod-338\/"]}]},{"@type":"ImageObject","inLanguage":"hr","@id":"https:\/\/testwebsite.citygame.com\/hr\/games\/unknown-location\/proizvod-338\/#primaryimage","url":"https:\/\/testwebsite.citygame.com\/wp-content\/blogs.dir\/1\/files\/sites\/62\/2026\/01\/tallinn-old-town-cobblestone-street-city-game.jpg","contentUrl":"https:\/\/testwebsite.citygame.com\/wp-content\/blogs.dir\/1\/files\/sites\/62\/2026\/01\/tallinn-old-town-cobblestone-street-city-game.jpg","width":1184,"height":864,"caption":"A visitor uses a smartphone to navigate a historic cobblestone street in Tallinn, Estonia."},{"@type":"BreadcrumbList","@id":"https:\/\/testwebsite.citygame.com\/hr\/games\/unknown-location\/proizvod-338\/#breadcrumb","itemListElement":[{"@type":"ListItem","position":1,"name":"Home","item":"https:\/\/testwebsite.citygame.com\/hr\/"},{"@type":"ListItem","position":2,"name":"Shop","item":"https:\/\/testwebsite.citygame.com\/shop\/"},{"@type":"ListItem","position":3,"name":"Proizvod"}]},{"@type":"WebSite","@id":"https:\/\/testwebsite.upevents.nl\/#website","url":"https:\/\/testwebsite.upevents.nl\/","name":"City Game","description":"","publisher":{"@id":"https:\/\/testwebsite.upevents.nl\/#organization"},"alternateName":"citygame.com","potentialAction":[{"@type":"SearchAction","target":{"@type":"EntryPoint","urlTemplate":"https:\/\/testwebsite.upevents.nl\/?s={search_term_string}"},"query-input":{"@type":"PropertyValueSpecification","valueRequired":true,"valueName":"search_term_string"}}],"inLanguage":"hr"},{"@type":["Organization","Place"],"@id":"https:\/\/testwebsite.upevents.nl\/#organization","name":"City Game","alternateName":"citygame.com","url":"https:\/\/testwebsite.upevents.nl\/","logo":{"@id":"https:\/\/testwebsite.citygame.com\/hr\/games\/unknown-location\/proizvod-338\/#local-main-organization-logo"},"image":{"@id":"https:\/\/testwebsite.citygame.com\/hr\/games\/unknown-location\/proizvod-338\/#local-main-organization-logo"},"sameAs":["https:\/\/www.facebook.com\/profile.php?id=100086426226253","https:\/\/www.instagram.com\/citygame_com","https:\/\/www.tiktok.com\/@citygamecom\/","https:\/\/www.linkedin.com\/company\/citygame-com"],"description":"Turn any city into a playground with our interactive City Games and self-guided tours. Fun, flexible, and ideal for groups and team building.","telephone":[],"openingHoursSpecification":[{"@type":"OpeningHoursSpecification","dayOfWeek":["Monday","Tuesday","Wednesday","Thursday","Friday","Saturday","Sunday"],"opens":"09:00","closes":"17:00"}]},{"@type":"ImageObject","inLanguage":"hr","@id":"https:\/\/testwebsite.citygame.com\/hr\/games\/unknown-location\/proizvod-338\/#local-main-organization-logo","url":"https:\/\/testwebsite.citygame.com\/wp-content\/blogs.dir\/1\/files\/sites\/62\/2025\/10\/CG_LOGO-City-Game.png","contentUrl":"https:\/\/testwebsite.citygame.com\/wp-content\/blogs.dir\/1\/files\/sites\/62\/2025\/10\/CG_LOGO-City-Game.png","width":351,"height":377,"caption":"City Game"}]}},"taxonomy_info":{"game-concept":[{"value":36,"label":"Secrets"}],"product_cat":[{"value":27,"label":"Geen categorie"}]},"featured_image_src_large":["https:\/\/testwebsite.citygame.com\/wp-content\/blogs.dir\/1\/files\/sites\/62\/2026\/01\/tallinn-old-town-cobblestone-street-city-game-1024x747.jpg",1024,747,true],"author_info":[],"comment_info":"","_links":{"self":[{"href":"https:\/\/testwebsite.citygame.com\/hr\/wp-json\/wp\/v2\/product\/39406","targetHints":{"allow":["GET"]}}],"collection":[{"href":"https:\/\/testwebsite.citygame.com\/hr\/wp-json\/wp\/v2\/product"}],"about":[{"href":"https:\/\/testwebsite.citygame.com\/hr\/wp-json\/wp\/v2\/types\/product"}],"acf:post":[{"embeddable":true,"href":"https:\/\/testwebsite.citygame.com\/hr\/wp-json\/wp\/v2\/pages\/6421"}],"wp:featuredmedia":[{"embeddable":true,"href":"https:\/\/testwebsite.citygame.com\/hr\/wp-json\/wp\/v2\/media\/3684"}],"wp:attachment":[{"href":"https:\/\/testwebsite.citygame.com\/hr\/wp-json\/wp\/v2\/media?parent=39406"}],"wp:term":[{"taxonomy":"game-concept","embeddable":true,"href":"https:\/\/testwebsite.citygame.com\/hr\/wp-json\/wp\/v2\/game-concept?post=39406"},{"taxonomy":"location","embeddable":true,"href":"https:\/\/testwebsite.citygame.com\/hr\/wp-json\/wp\/v2\/location?post=39406"},{"taxonomy":"product_brand","embeddable":true,"href":"https:\/\/testwebsite.citygame.com\/hr\/wp-json\/wp\/v2\/product_brand?post=39406"},{"taxonomy":"product_cat","embeddable":true,"href":"https:\/\/testwebsite.citygame.com\/hr\/wp-json\/wp\/v2\/product_cat?post=39406"},{"taxonomy":"product_tag","embeddable":true,"href":"https:\/\/testwebsite.citygame.com\/hr\/wp-json\/wp\/v2\/product_tag?post=39406"}],"curies":[{"name":"wp","href":"https:\/\/api.w.org\/{rel}","templated":true}]}}