{"id":38656,"date":"2026-01-15T12:54:35","date_gmt":"2026-01-15T12:54:35","guid":{"rendered":"https:\/\/testwebsite.citygame.com\/games\/unknown-location\/proizvod-330\/"},"modified":"2026-04-02T08:14:23","modified_gmt":"2026-04-02T08:14:23","slug":"proizvod-330","status":"publish","type":"product","link":"https:\/\/testwebsite.citygame.com\/hr\/games\/unknown-location\/proizvod-330\/","title":{"rendered":"Proizvod"},"content":{"rendered":"","protected":false},"excerpt":{"rendered":"","protected":false},"featured_media":4072,"template":"","meta":{"_acf_changed":false,"_yoast_wpseo_focuskw":"Secrets of Antwerp","_yoast_wpseo_metadesc":"Secrets of Antwerp. Igrajte samovo\u0111enu gradsku igru i istra\u017eite grad kroz zagonetke, misterije i izazove. Igrajte svojim tempom i otkrivajte kao lokalac!","_kad_blocks_custom_css":"","_kad_blocks_head_custom_js":"","_kad_blocks_body_custom_js":"","_kad_blocks_footer_custom_js":"","ghostkit_customizer_options":"","ghostkit_custom_css":"","ghostkit_custom_js_head":"","ghostkit_custom_js_foot":"","ghostkit_typography":"","_kad_post_transparent":"","_kad_post_title":"","_kad_post_layout":"","_kad_post_sidebar_id":"","_kad_post_content_style":"","_kad_post_vertical_padding":"","_kad_post_feature":"","_kad_post_feature_position":"","_kad_post_header":false,"_kad_post_footer":false,"_kad_post_classname":"","_links_to":"","_links_to_target":""},"game-concept":[36],"location":[],"product_brand":[],"product_cat":[27],"product_tag":[],"class_list":{"0":"post-38656","1":"product","2":"type-product","3":"status-publish","4":"has-post-thumbnail","6":"game-concept-secrets","7":"product_cat-geen-categorie","9":"first","10":"instock","11":"shipping-taxable","12":"purchasable","13":"product-type-simple","14":"entry","15":"content-bg","16":"loop-entry"},"acf":{"full_bokun_product_name":"Self-Guided Secrets of Antwerp Exploration Game","location_name":"Antwerp","bokun_calendar_widget_code":"<script type=\"text\/javascript\" src=\"https:\/\/widgets.bokun.io\/assets\/javascripts\/apps\/build\/BokunWidgetsLoader.js?bookingChannelUUID=a1e93e96-5232-4734-a595-28405f4b5a31\" async><\/script>\n     \n    <div class=\"bokunWidget\" data-src=\"https:\/\/widgets.bokun.io\/online-sales\/a1e93e96-5232-4734-a595-28405f4b5a31\/experience-calendar\/864857\"><\/div>\n    <noscript>Please enable javascript in your browser to book<\/noscript>","bokun_button_widget_code":"<script type=\"text\/javascript\" src=\"https:\/\/widgets.bokun.io\/assets\/javascripts\/apps\/build\/BokunWidgetsLoader.js?bookingChannelUUID=a1e93e96-5232-4734-a595-28405f4b5a31\" async><\/script>\n      <style> #bokun_ed001e45_5927_4f62_b470_ca766338d083 { display: inline-block; padding: .4em 1em; background: #47b82e; border-radius: 999999px; box-shadow: none; font-weight: 600; font-size: 24px; text-decoration: none; text-align: center; color: #FFFFFF; border:none; cursor: pointer; transition: background .2s ease; } #bokun_ed001e45_5927_4f62_b470_ca766338d083:hover{ background: #2f7b1f; } #bokun_ed001e45_5927_4f62_b470_ca766338d083:active{ background: #378f24; } <\/style> <button class=\"bokunButton\" disabled id=bokun_ed001e45_5927_4f62_b470_ca766338d083 data-src=\"https:\/\/widgets.bokun.io\/online-sales\/a1e93e96-5232-4734-a595-28405f4b5a31\/experience-calendar\/864857?partialView=1\" data-testid=\"widget-book-button\" > Book now <\/button> ","what_you\u2019ll_experience_during_the_game":"Tijekom igre Secrets of Antwerp City Game, istra\u017eivat \u0107ete grad kroz interaktivnu pri\u010du koja spaja lokalnu povijest, misterij i urbano otkrivanje. Dok slijedite trag, igra vas vodi do poznatih znamenitosti poput Gothic Cathedral of Our Lady i povijesne Antwerp City Hall, a tako\u0111er vas vodi do zanimljivijih mjesta poput Plantin Moretus Museum i House with the last visible wooden fa\u00e7ade. Putem \u0107ete se kretati izme\u0111u obalnih tvr\u0111ava poput Het Steen i \u017eivahnih trgova uokvirenih ukra\u0161enim ku\u0107ama cehova. Ova igra nudi druga\u010diju perspektivu na Antwerpen mije\u0161aju\u0107i ikoni\u010dne lokacije sa skrivenim kutcima koje je lako propustiti tijekom tipi\u010dnog posjeta.\n\nTijekom igre rje\u0161avat \u0107ete mje\u0161avinu zagonetki, lokacijskih slagalica i foto izazova osmi\u0161ljenih da prodube va\u0161u povezanost sa svakim mjestom. Svaki to\u010dan odgovor donosi vam bodove, otklju\u010dava korisne savjete i pribli\u017eava vas razotkrivanju kona\u010dne misterije koja povezuje va\u0161a otkri\u0107a. Igra se mo\u017ee pauzirati i nastaviti u bilo kojem trenutku, \u0161to olak\u0161ava istra\u017eivanje Antwerpena vlastitim ritmom. Za one s natjecateljskim duhom, timovi ili solo igra\u010di tako\u0111er mogu ciljati na vrh ljestvice.","how_to_play":"Nakon rezervacije, primit \u0107ete e-mail s izravnom poveznicom za igru. Jednostavno se uputite na po\u010detnu lokaciju kod Antwerp\u2019s City Hall, otvorite poveznicu na svom pametnom telefonu i odmah zapo\u010dnite svoju avanturu. Igra se mo\u017ee pauzirati u bilo kojem trenutku i nastaviti kad god \u017eelite, daju\u0107i vam potpunu slobodu da u\u017eivate u Antwerpenu pod vlastitim uvjetima.","start_location":"Antwerp, Grote markt","available_languages":[],"players_per_group":"1-4","duration":"1.5-2 hours","image_overlay_color_image":"https:\/\/testwebsite.citygame.com\/wp-content\/blogs.dir\/1\/files\/sites\/62\/2026\/01\/SecretsColor.svg","image_overlay_game_logo":"https:\/\/testwebsite.citygame.com\/wp-content\/blogs.dir\/1\/files\/sites\/62\/2026\/01\/SecretsLogo.png","city_page":6317,"woocommerce_general_content":null,"the_story":"<strong>Brabo, \u010dovjek koji je neko\u0107 porazio monstruoznog diva i bacio mu odsje\u010denu ruku u rijeku. Barem tako pri\u010da ka\u017ee. No Brabove uspomene su razlomljene, a istina se \u010dini manje izvjesnom. Div, sada sposoban mijenjati oblik, vratio se kako bi vrebao gradskim uli\u010dicama i trgovima.<\/strong><br><br>Hodajte uz Braba kroz antwerpske veli\u010danstvene trgove, uz nemirne obale Scheldta i u sjenovita mjesta gdje se mit i sje\u0107anje zamagljuju. Rije\u0161ite zagonetke, slijedite trag stvorenja i pripremite se za kona\u010dni obra\u010dun gdje sama snaga ne\u0107e biti dovoljna. Ovog puta, ruka mora biti ba\u010dena s razumijevanjem.<br><br><strong>Do\u0161li ste istra\u017eivati. Ostali ste spasiti pri\u010du.<\/strong>","name_main_character":"Silvius Brabo","photo_main_character":38657,"loquiz_or_kokimoki":"Kokimoki"},"yoast_head":"<!-- This site is optimized with the Yoast SEO Premium plugin v26.2 (Yoast SEO v26.3) - https:\/\/yoast.com\/wordpress\/plugins\/seo\/ -->\n<title>Proizvod - City Game<\/title>\n<meta name=\"description\" content=\"Secrets of Antwerp. Igrajte samovo\u0111enu gradsku igru i istra\u017eite grad kroz zagonetke, misterije i izazove. Igrajte svojim tempom i otkrivajte kao lokalac!\" \/>\n<meta name=\"robots\" content=\"noindex, follow, max-snippet:-1, max-image-preview:large, max-video-preview:-1\" \/>\n<meta property=\"og:locale\" content=\"hr_HR\" \/>\n<meta property=\"og:type\" content=\"article\" \/>\n<meta property=\"og:title\" content=\"Proizvod\" \/>\n<meta property=\"og:description\" content=\"Secrets of Antwerp. Igrajte samovo\u0111enu gradsku igru i istra\u017eite grad kroz zagonetke, misterije i izazove. Igrajte svojim tempom i otkrivajte kao lokalac!\" \/>\n<meta property=\"og:url\" content=\"https:\/\/testwebsite.citygame.com\/hr\/games\/unknown-location\/proizvod-330\/\" \/>\n<meta property=\"og:site_name\" content=\"City Game\" \/>\n<meta property=\"article:publisher\" content=\"https:\/\/www.facebook.com\/profile.php?id=100086426226253\" \/>\n<meta property=\"article:modified_time\" content=\"2026-04-02T08:14:23+00:00\" \/>\n<meta property=\"og:image\" content=\"https:\/\/testwebsite.citygame.com\/wp-content\/blogs.dir\/1\/files\/sites\/62\/2026\/01\/group-of-friends-playing-city-game-antwerp.jpg\" \/>\n\t<meta property=\"og:image:width\" content=\"1248\" \/>\n\t<meta property=\"og:image:height\" content=\"832\" \/>\n\t<meta property=\"og:image:type\" content=\"image\/jpeg\" \/>\n<meta name=\"twitter:card\" content=\"summary_large_image\" \/>\n<script type=\"application\/ld+json\" class=\"yoast-schema-graph\">{\"@context\":\"https:\/\/schema.org\",\"@graph\":[{\"@type\":\"WebPage\",\"@id\":\"https:\/\/testwebsite.citygame.com\/hr\/games\/unknown-location\/proizvod-330\/\",\"url\":\"https:\/\/testwebsite.citygame.com\/hr\/games\/unknown-location\/proizvod-330\/\",\"name\":\"Proizvod - City Game\",\"isPartOf\":{\"@id\":\"https:\/\/testwebsite.upevents.nl\/#website\"},\"primaryImageOfPage\":{\"@id\":\"https:\/\/testwebsite.citygame.com\/hr\/games\/unknown-location\/proizvod-330\/#primaryimage\"},\"image\":{\"@id\":\"https:\/\/testwebsite.citygame.com\/hr\/games\/unknown-location\/proizvod-330\/#primaryimage\"},\"thumbnailUrl\":\"https:\/\/testwebsite.citygame.com\/wp-content\/blogs.dir\/1\/files\/sites\/62\/2026\/01\/group-of-friends-playing-city-game-antwerp.jpg\",\"datePublished\":\"2026-01-15T12:54:35+00:00\",\"dateModified\":\"2026-04-02T08:14:23+00:00\",\"description\":\"Secrets of Antwerp. Igrajte samovo\u0111enu gradsku igru i istra\u017eite grad kroz zagonetke, misterije i izazove. Igrajte svojim tempom i otkrivajte kao lokalac!\",\"breadcrumb\":{\"@id\":\"https:\/\/testwebsite.citygame.com\/hr\/games\/unknown-location\/proizvod-330\/#breadcrumb\"},\"inLanguage\":\"hr\",\"potentialAction\":[{\"@type\":\"ReadAction\",\"target\":[\"https:\/\/testwebsite.citygame.com\/hr\/games\/unknown-location\/proizvod-330\/\"]}]},{\"@type\":\"ImageObject\",\"inLanguage\":\"hr\",\"@id\":\"https:\/\/testwebsite.citygame.com\/hr\/games\/unknown-location\/proizvod-330\/#primaryimage\",\"url\":\"https:\/\/testwebsite.citygame.com\/wp-content\/blogs.dir\/1\/files\/sites\/62\/2026\/01\/group-of-friends-playing-city-game-antwerp.jpg\",\"contentUrl\":\"https:\/\/testwebsite.citygame.com\/wp-content\/blogs.dir\/1\/files\/sites\/62\/2026\/01\/group-of-friends-playing-city-game-antwerp.jpg\",\"width\":1248,\"height\":832,\"caption\":\"A group of friends having fun while playing a city exploration game in Antwerp.\"},{\"@type\":\"BreadcrumbList\",\"@id\":\"https:\/\/testwebsite.citygame.com\/hr\/games\/unknown-location\/proizvod-330\/#breadcrumb\",\"itemListElement\":[{\"@type\":\"ListItem\",\"position\":1,\"name\":\"Home\",\"item\":\"https:\/\/testwebsite.citygame.com\/hr\/\"},{\"@type\":\"ListItem\",\"position\":2,\"name\":\"Shop\",\"item\":\"https:\/\/testwebsite.citygame.com\/shop\/\"},{\"@type\":\"ListItem\",\"position\":3,\"name\":\"Proizvod\"}]},{\"@type\":\"WebSite\",\"@id\":\"https:\/\/testwebsite.upevents.nl\/#website\",\"url\":\"https:\/\/testwebsite.upevents.nl\/\",\"name\":\"City Game\",\"description\":\"\",\"publisher\":{\"@id\":\"https:\/\/testwebsite.upevents.nl\/#organization\"},\"alternateName\":\"citygame.com\",\"potentialAction\":[{\"@type\":\"SearchAction\",\"target\":{\"@type\":\"EntryPoint\",\"urlTemplate\":\"https:\/\/testwebsite.upevents.nl\/?s={search_term_string}\"},\"query-input\":{\"@type\":\"PropertyValueSpecification\",\"valueRequired\":true,\"valueName\":\"search_term_string\"}}],\"inLanguage\":\"hr\"},{\"@type\":[\"Organization\",\"Place\"],\"@id\":\"https:\/\/testwebsite.upevents.nl\/#organization\",\"name\":\"City Game\",\"alternateName\":\"citygame.com\",\"url\":\"https:\/\/testwebsite.upevents.nl\/\",\"logo\":{\"@id\":\"https:\/\/testwebsite.citygame.com\/hr\/games\/unknown-location\/proizvod-330\/#local-main-organization-logo\"},\"image\":{\"@id\":\"https:\/\/testwebsite.citygame.com\/hr\/games\/unknown-location\/proizvod-330\/#local-main-organization-logo\"},\"sameAs\":[\"https:\/\/www.facebook.com\/profile.php?id=100086426226253\",\"https:\/\/www.instagram.com\/citygame_com\",\"https:\/\/www.tiktok.com\/@citygamecom\/\",\"https:\/\/www.linkedin.com\/company\/citygame-com\"],\"description\":\"Turn any city into a playground with our interactive City Games and self-guided tours. Fun, flexible, and ideal for groups and team building.\",\"telephone\":[],\"openingHoursSpecification\":[{\"@type\":\"OpeningHoursSpecification\",\"dayOfWeek\":[\"Monday\",\"Tuesday\",\"Wednesday\",\"Thursday\",\"Friday\",\"Saturday\",\"Sunday\"],\"opens\":\"09:00\",\"closes\":\"17:00\"}]},{\"@type\":\"ImageObject\",\"inLanguage\":\"hr\",\"@id\":\"https:\/\/testwebsite.citygame.com\/hr\/games\/unknown-location\/proizvod-330\/#local-main-organization-logo\",\"url\":\"https:\/\/testwebsite.citygame.com\/wp-content\/blogs.dir\/1\/files\/sites\/62\/2025\/10\/CG_LOGO-City-Game.png\",\"contentUrl\":\"https:\/\/testwebsite.citygame.com\/wp-content\/blogs.dir\/1\/files\/sites\/62\/2025\/10\/CG_LOGO-City-Game.png\",\"width\":351,\"height\":377,\"caption\":\"City Game\"}]}<\/script>\n<!-- \/ Yoast SEO Premium plugin. -->","yoast_head_json":{"title":"Proizvod - City Game","description":"Secrets of Antwerp. Igrajte samovo\u0111enu gradsku igru i istra\u017eite grad kroz zagonetke, misterije i izazove. Igrajte svojim tempom i otkrivajte kao lokalac!","robots":{"index":"noindex","follow":"follow","max-snippet":"max-snippet:-1","max-image-preview":"max-image-preview:large","max-video-preview":"max-video-preview:-1"},"og_locale":"hr_HR","og_type":"article","og_title":"Proizvod","og_description":"Secrets of Antwerp. Igrajte samovo\u0111enu gradsku igru i istra\u017eite grad kroz zagonetke, misterije i izazove. Igrajte svojim tempom i otkrivajte kao lokalac!","og_url":"https:\/\/testwebsite.citygame.com\/hr\/games\/unknown-location\/proizvod-330\/","og_site_name":"City Game","article_publisher":"https:\/\/www.facebook.com\/profile.php?id=100086426226253","article_modified_time":"2026-04-02T08:14:23+00:00","og_image":[{"width":1248,"height":832,"url":"https:\/\/testwebsite.citygame.com\/wp-content\/blogs.dir\/1\/files\/sites\/62\/2026\/01\/group-of-friends-playing-city-game-antwerp.jpg","type":"image\/jpeg"}],"twitter_card":"summary_large_image","schema":{"@context":"https:\/\/schema.org","@graph":[{"@type":"WebPage","@id":"https:\/\/testwebsite.citygame.com\/hr\/games\/unknown-location\/proizvod-330\/","url":"https:\/\/testwebsite.citygame.com\/hr\/games\/unknown-location\/proizvod-330\/","name":"Proizvod - City Game","isPartOf":{"@id":"https:\/\/testwebsite.upevents.nl\/#website"},"primaryImageOfPage":{"@id":"https:\/\/testwebsite.citygame.com\/hr\/games\/unknown-location\/proizvod-330\/#primaryimage"},"image":{"@id":"https:\/\/testwebsite.citygame.com\/hr\/games\/unknown-location\/proizvod-330\/#primaryimage"},"thumbnailUrl":"https:\/\/testwebsite.citygame.com\/wp-content\/blogs.dir\/1\/files\/sites\/62\/2026\/01\/group-of-friends-playing-city-game-antwerp.jpg","datePublished":"2026-01-15T12:54:35+00:00","dateModified":"2026-04-02T08:14:23+00:00","description":"Secrets of Antwerp. Igrajte samovo\u0111enu gradsku igru i istra\u017eite grad kroz zagonetke, misterije i izazove. Igrajte svojim tempom i otkrivajte kao lokalac!","breadcrumb":{"@id":"https:\/\/testwebsite.citygame.com\/hr\/games\/unknown-location\/proizvod-330\/#breadcrumb"},"inLanguage":"hr","potentialAction":[{"@type":"ReadAction","target":["https:\/\/testwebsite.citygame.com\/hr\/games\/unknown-location\/proizvod-330\/"]}]},{"@type":"ImageObject","inLanguage":"hr","@id":"https:\/\/testwebsite.citygame.com\/hr\/games\/unknown-location\/proizvod-330\/#primaryimage","url":"https:\/\/testwebsite.citygame.com\/wp-content\/blogs.dir\/1\/files\/sites\/62\/2026\/01\/group-of-friends-playing-city-game-antwerp.jpg","contentUrl":"https:\/\/testwebsite.citygame.com\/wp-content\/blogs.dir\/1\/files\/sites\/62\/2026\/01\/group-of-friends-playing-city-game-antwerp.jpg","width":1248,"height":832,"caption":"A group of friends having fun while playing a city exploration game in Antwerp."},{"@type":"BreadcrumbList","@id":"https:\/\/testwebsite.citygame.com\/hr\/games\/unknown-location\/proizvod-330\/#breadcrumb","itemListElement":[{"@type":"ListItem","position":1,"name":"Home","item":"https:\/\/testwebsite.citygame.com\/hr\/"},{"@type":"ListItem","position":2,"name":"Shop","item":"https:\/\/testwebsite.citygame.com\/shop\/"},{"@type":"ListItem","position":3,"name":"Proizvod"}]},{"@type":"WebSite","@id":"https:\/\/testwebsite.upevents.nl\/#website","url":"https:\/\/testwebsite.upevents.nl\/","name":"City Game","description":"","publisher":{"@id":"https:\/\/testwebsite.upevents.nl\/#organization"},"alternateName":"citygame.com","potentialAction":[{"@type":"SearchAction","target":{"@type":"EntryPoint","urlTemplate":"https:\/\/testwebsite.upevents.nl\/?s={search_term_string}"},"query-input":{"@type":"PropertyValueSpecification","valueRequired":true,"valueName":"search_term_string"}}],"inLanguage":"hr"},{"@type":["Organization","Place"],"@id":"https:\/\/testwebsite.upevents.nl\/#organization","name":"City Game","alternateName":"citygame.com","url":"https:\/\/testwebsite.upevents.nl\/","logo":{"@id":"https:\/\/testwebsite.citygame.com\/hr\/games\/unknown-location\/proizvod-330\/#local-main-organization-logo"},"image":{"@id":"https:\/\/testwebsite.citygame.com\/hr\/games\/unknown-location\/proizvod-330\/#local-main-organization-logo"},"sameAs":["https:\/\/www.facebook.com\/profile.php?id=100086426226253","https:\/\/www.instagram.com\/citygame_com","https:\/\/www.tiktok.com\/@citygamecom\/","https:\/\/www.linkedin.com\/company\/citygame-com"],"description":"Turn any city into a playground with our interactive City Games and self-guided tours. Fun, flexible, and ideal for groups and team building.","telephone":[],"openingHoursSpecification":[{"@type":"OpeningHoursSpecification","dayOfWeek":["Monday","Tuesday","Wednesday","Thursday","Friday","Saturday","Sunday"],"opens":"09:00","closes":"17:00"}]},{"@type":"ImageObject","inLanguage":"hr","@id":"https:\/\/testwebsite.citygame.com\/hr\/games\/unknown-location\/proizvod-330\/#local-main-organization-logo","url":"https:\/\/testwebsite.citygame.com\/wp-content\/blogs.dir\/1\/files\/sites\/62\/2025\/10\/CG_LOGO-City-Game.png","contentUrl":"https:\/\/testwebsite.citygame.com\/wp-content\/blogs.dir\/1\/files\/sites\/62\/2025\/10\/CG_LOGO-City-Game.png","width":351,"height":377,"caption":"City Game"}]}},"taxonomy_info":{"game-concept":[{"value":36,"label":"Secrets"}],"product_cat":[{"value":27,"label":"Geen categorie"}]},"featured_image_src_large":["https:\/\/testwebsite.citygame.com\/wp-content\/blogs.dir\/1\/files\/sites\/62\/2026\/01\/group-of-friends-playing-city-game-antwerp-1024x683.jpg",1024,683,true],"author_info":[],"comment_info":"","_links":{"self":[{"href":"https:\/\/testwebsite.citygame.com\/hr\/wp-json\/wp\/v2\/product\/38656","targetHints":{"allow":["GET"]}}],"collection":[{"href":"https:\/\/testwebsite.citygame.com\/hr\/wp-json\/wp\/v2\/product"}],"about":[{"href":"https:\/\/testwebsite.citygame.com\/hr\/wp-json\/wp\/v2\/types\/product"}],"acf:post":[{"embeddable":true,"href":"https:\/\/testwebsite.citygame.com\/hr\/wp-json\/wp\/v2\/pages\/6317"}],"wp:featuredmedia":[{"embeddable":true,"href":"https:\/\/testwebsite.citygame.com\/hr\/wp-json\/wp\/v2\/media\/4072"}],"wp:attachment":[{"href":"https:\/\/testwebsite.citygame.com\/hr\/wp-json\/wp\/v2\/media?parent=38656"}],"wp:term":[{"taxonomy":"game-concept","embeddable":true,"href":"https:\/\/testwebsite.citygame.com\/hr\/wp-json\/wp\/v2\/game-concept?post=38656"},{"taxonomy":"location","embeddable":true,"href":"https:\/\/testwebsite.citygame.com\/hr\/wp-json\/wp\/v2\/location?post=38656"},{"taxonomy":"product_brand","embeddable":true,"href":"https:\/\/testwebsite.citygame.com\/hr\/wp-json\/wp\/v2\/product_brand?post=38656"},{"taxonomy":"product_cat","embeddable":true,"href":"https:\/\/testwebsite.citygame.com\/hr\/wp-json\/wp\/v2\/product_cat?post=38656"},{"taxonomy":"product_tag","embeddable":true,"href":"https:\/\/testwebsite.citygame.com\/hr\/wp-json\/wp\/v2\/product_tag?post=38656"}],"curies":[{"name":"wp","href":"https:\/\/api.w.org\/{rel}","templated":true}]}}