{"id":67621,"date":"2026-02-06T17:40:49","date_gmt":"2026-02-06T17:40:49","guid":{"rendered":"https:\/\/testwebsite.citygame.com\/games\/unknown-location\/sherlock-holmes-ljubljana-2\/"},"modified":"2026-04-09T09:27:47","modified_gmt":"2026-04-09T09:27:47","slug":"sherlock-holmes-ljubljana-2","status":"publish","type":"product","link":"https:\/\/testwebsite.citygame.com\/fr\/games\/ljubljana\/sherlock-holmes-ljubljana-2\/","title":{"rendered":"Sherlock Holmes Ljubljana"},"content":{"rendered":"<p>Plongez dans l&rsquo;univers de Sherlock Holmes avec ce City Game de meurtre et myst\u00e8re autoguid\u00e9 et narratif, qui se d\u00e9roule dans le centre-ville historique de Ljubljana. Lorsqu&rsquo;un meurtre choquant perturbe le Liberty Festival, vous et votre \u00e9quipe de d\u00e9tectives devez \u00e9lucider l&rsquo;affaire en recueillant des indices, en r\u00e9solvant des \u00e9nigmes complexes et en interrogeant des suspects num\u00e9riques diss\u00e9min\u00e9s dans la ville. Au fur et \u00e0 mesure que le myst\u00e8re se d\u00e9roule, Ljubljana devient votre sc\u00e8ne de crime, offrant une exp\u00e9rience d&rsquo;enqu\u00eate immersive que vous pouvez explorer enti\u00e8rement \u00e0 votre propre rythme.<\/p>\n","protected":false},"excerpt":{"rendered":"<p>Incarnez le d\u00e9tective de renomm\u00e9e mondiale, Sherlock Holmes, dans ce jeu de meurtre et myst\u00e8re immersif et autoguid\u00e9 se d\u00e9roulant \u00e0 Ljubljana. Utilisez votre esprit et votre intuition pour suivre les indices, r\u00e9soudre des \u00e9nigmes intrigantes et travailler avec votre \u00e9quipe afin de d\u00e9couvrir la v\u00e9rit\u00e9 avant qu&rsquo;il ne soit trop tard !<\/p>\n","protected":false},"featured_media":11509,"template":"","meta":{"_acf_changed":false,"_yoast_wpseo_focuskw":"Sherlock Holmes Ljubljana","_yoast_wpseo_metadesc":"Sherlock Holmes Ljubljana. Jouez \u00e0 un City Game de meurtre et myst\u00e8re autoguid\u00e9, r\u00e9solvez des \u00e9nigmes, suivez les indices et d\u00e9masquez le meurtrier \u00e0 votre propre rythme !","_kad_blocks_custom_css":"","_kad_blocks_head_custom_js":"","_kad_blocks_body_custom_js":"","_kad_blocks_footer_custom_js":"","ghostkit_customizer_options":"","ghostkit_custom_css":"","ghostkit_custom_js_head":"","ghostkit_custom_js_foot":"","ghostkit_typography":"","_kad_post_transparent":"","_kad_post_title":"","_kad_post_layout":"","_kad_post_sidebar_id":"","_kad_post_content_style":"","_kad_post_vertical_padding":"","_kad_post_feature":"","_kad_post_feature_position":"","_kad_post_header":false,"_kad_post_footer":false,"_kad_post_classname":"","_links_to":"","_links_to_target":""},"game-concept":[774],"location":[248],"product_brand":[],"product_cat":[663],"product_tag":[],"class_list":{"0":"post-67621","1":"product","2":"type-product","3":"status-publish","4":"has-post-thumbnail","6":"game-concept-sherlock","7":"location-ljubljana","8":"product_cat-non-classe","10":"first","11":"instock","12":"shipping-taxable","13":"purchasable","14":"product-type-simple","15":"entry","16":"content-bg","17":"loop-entry"},"acf":{"full_bokun_product_name":"Ljubljana Self-Guided Sherlock Holmes Murder Mystery Game","location_name":"Ljubljana","bokun_calendar_widget_code":"<script type=\"text\/javascript\" src=\"https:\/\/widgets.bokun.io\/assets\/javascripts\/apps\/build\/BokunWidgetsLoader.js?bookingChannelUUID=a1e93e96-5232-4734-a595-28405f4b5a31\" async><\/script>\n     \n    <div class=\"bokunWidget\" data-src=\"https:\/\/widgets.bokun.io\/online-sales\/a1e93e96-5232-4734-a595-28405f4b5a31\/experience-calendar\/764474\"><\/div>\n    <noscript>Please enable javascript in your browser to book<\/noscript>","bokun_button_widget_code":"<script type=\"text\/javascript\" src=\"https:\/\/widgets.bokun.io\/assets\/javascripts\/apps\/build\/BokunWidgetsLoader.js?bookingChannelUUID=a1e93e96-5232-4734-a595-28405f4b5a31\" async><\/script>\n      <style> #bokun_ed001e45_5927_4f62_b470_ca766338d083 { display: inline-block; padding: .4em 1em; background: #47b82e; border-radius: 999999px; box-shadow: none; font-weight: 600; font-size: 24px; text-decoration: none; text-align: center; color: #FFFFFF; border:none; cursor: pointer; transition: background .2s ease; } #bokun_ed001e45_5927_4f62_b470_ca766338d083:hover{ background: #2f7b1f; } #bokun_ed001e45_5927_4f62_b470_ca766338d083:active{ background: #378f24; } <\/style> <button class=\"bokunButton\" disabled id=bokun_ed001e45_5927_4f62_b470_ca766338d083 data-src=\"https:\/\/widgets.bokun.io\/online-sales\/a1e93e96-5232-4734-a595-28405f4b5a31\/experience-calendar\/764474?partialView=1\" data-testid=\"widget-book-button\" > Book now <\/button> ","what_you\u2019ll_experience_during_the_game":"Plongez dans une histoire polici\u00e8re captivante se d\u00e9roulant \u00e0 Ljubljana, o\u00f9 un meurtre survenu pendant le Liberty Festival a plong\u00e9 la ville dans l'incertitude. Au fur et \u00e0 mesure que vous traversez les rues, le myst\u00e8re se d\u00e9voile indice par indice, vous entra\u00eenant plus profond\u00e9ment dans un r\u00e9seau de tromperie, de motifs cach\u00e9s et de relations complexes. Votre enqu\u00eate est enti\u00e8rement ax\u00e9e sur l'histoire, vous demandant de d\u00e9couvrir des preuves, de r\u00e9soudre des \u00e9nigmes complexes et de suivre chaque rebondissement avec pr\u00e9cision et concentration.\n\nVous interrogerez des suspects num\u00e9riques, analyserez des alibis et rep\u00e9rerez des contradictions qui vous rapprocheront de la v\u00e9rit\u00e9. Chaque d\u00e9cision d\u00e9pend de vos pouvoirs d'observation et de d\u00e9duction, transformant chaque instant en un test de pens\u00e9e critique. Vous contr\u00f4lez le rythme du jeu, avec la libert\u00e9 de faire une pause et de reprendre quand bon vous semble. Que vous jouiez en solo ou en \u00e9quipe comp\u00e9titive, l'affaire vous captivera jusqu'\u00e0 ce que vous d\u00e9couvriez ce qui s'est r\u00e9ellement pass\u00e9 \u00e0 Ljubljana.","how_to_play":"","start_location":"Ljubljana, Mestna hi\u0161a","available_languages":["en","es","fr","de","nl","it"],"players_per_group":"1-4","duration":"1.5-2 hours","image_overlay_color_image":"https:\/\/testwebsite.citygame.com\/wp-content\/blogs.dir\/1\/files\/sites\/62\/2026\/01\/SherlockColor.svg","image_overlay_game_logo":"https:\/\/testwebsite.citygame.com\/wp-content\/blogs.dir\/1\/files\/sites\/62\/2026\/01\/SherlockLogo.png","city_page":11507,"woocommerce_general_content":null},"yoast_head":"<!-- This site is optimized with the Yoast SEO Premium plugin v26.2 (Yoast SEO v26.3) - https:\/\/yoast.com\/wordpress\/plugins\/seo\/ -->\n<title>Sherlock Holmes Ljubljana - City Game<\/title>\n<meta name=\"description\" content=\"Sherlock Holmes Ljubljana. Jouez \u00e0 un City Game de meurtre et myst\u00e8re autoguid\u00e9, r\u00e9solvez des \u00e9nigmes, suivez les indices et d\u00e9masquez le meurtrier \u00e0 votre propre rythme !\" \/>\n<meta name=\"robots\" content=\"noindex, follow, max-snippet:-1, max-image-preview:large, max-video-preview:-1\" \/>\n<meta property=\"og:locale\" content=\"fr_FR\" \/>\n<meta property=\"og:type\" content=\"article\" \/>\n<meta property=\"og:title\" content=\"Sherlock Holmes Ljubljana\" \/>\n<meta property=\"og:description\" content=\"Sherlock Holmes Ljubljana. Jouez \u00e0 un City Game de meurtre et myst\u00e8re autoguid\u00e9, r\u00e9solvez des \u00e9nigmes, suivez les indices et d\u00e9masquez le meurtrier \u00e0 votre propre rythme !\" \/>\n<meta property=\"og:url\" content=\"https:\/\/testwebsite.citygame.com\/fr\/games\/ljubljana\/sherlock-holmes-ljubljana-2\/\" \/>\n<meta property=\"og:site_name\" content=\"City Game\" \/>\n<meta property=\"article:publisher\" content=\"https:\/\/www.facebook.com\/profile.php?id=100086426226253\" \/>\n<meta property=\"article:modified_time\" content=\"2026-04-09T09:27:47+00:00\" \/>\n<meta property=\"og:image\" content=\"https:\/\/testwebsite.citygame.com\/wp-content\/blogs.dir\/1\/files\/sites\/62\/2026\/02\/group-of-friends-exploring-ljubljana-with-a-smartphone.jpg\" \/>\n\t<meta property=\"og:image:width\" content=\"1344\" \/>\n\t<meta property=\"og:image:height\" content=\"768\" \/>\n\t<meta property=\"og:image:type\" content=\"image\/jpeg\" \/>\n<meta name=\"twitter:card\" content=\"summary_large_image\" \/>\n<meta name=\"twitter:label1\" content=\"Dur\u00e9e de lecture estim\u00e9e\" \/>\n\t<meta name=\"twitter:data1\" content=\"1 minute\" \/>\n<script type=\"application\/ld+json\" class=\"yoast-schema-graph\">{\"@context\":\"https:\/\/schema.org\",\"@graph\":[{\"@type\":\"WebPage\",\"@id\":\"https:\/\/testwebsite.citygame.com\/fr\/games\/ljubljana\/sherlock-holmes-ljubljana-2\/\",\"url\":\"https:\/\/testwebsite.citygame.com\/fr\/games\/ljubljana\/sherlock-holmes-ljubljana-2\/\",\"name\":\"Sherlock Holmes Ljubljana - City Game\",\"isPartOf\":{\"@id\":\"https:\/\/testwebsite.upevents.nl\/#website\"},\"primaryImageOfPage\":{\"@id\":\"https:\/\/testwebsite.citygame.com\/fr\/games\/ljubljana\/sherlock-holmes-ljubljana-2\/#primaryimage\"},\"image\":{\"@id\":\"https:\/\/testwebsite.citygame.com\/fr\/games\/ljubljana\/sherlock-holmes-ljubljana-2\/#primaryimage\"},\"thumbnailUrl\":\"https:\/\/testwebsite.citygame.com\/wp-content\/blogs.dir\/1\/files\/sites\/62\/2026\/02\/group-of-friends-exploring-ljubljana-with-a-smartphone.jpg\",\"datePublished\":\"2026-02-06T17:40:49+00:00\",\"dateModified\":\"2026-04-09T09:27:47+00:00\",\"description\":\"Sherlock Holmes Ljubljana. Jouez \u00e0 un City Game de meurtre et myst\u00e8re autoguid\u00e9, r\u00e9solvez des \u00e9nigmes, suivez les indices et d\u00e9masquez le meurtrier \u00e0 votre propre rythme !\",\"breadcrumb\":{\"@id\":\"https:\/\/testwebsite.citygame.com\/fr\/games\/ljubljana\/sherlock-holmes-ljubljana-2\/#breadcrumb\"},\"inLanguage\":\"fr-FR\",\"potentialAction\":[{\"@type\":\"ReadAction\",\"target\":[\"https:\/\/testwebsite.citygame.com\/fr\/games\/ljubljana\/sherlock-holmes-ljubljana-2\/\"]}]},{\"@type\":\"ImageObject\",\"inLanguage\":\"fr-FR\",\"@id\":\"https:\/\/testwebsite.citygame.com\/fr\/games\/ljubljana\/sherlock-holmes-ljubljana-2\/#primaryimage\",\"url\":\"https:\/\/testwebsite.citygame.com\/wp-content\/blogs.dir\/1\/files\/sites\/62\/2026\/02\/group-of-friends-exploring-ljubljana-with-a-smartphone.jpg\",\"contentUrl\":\"https:\/\/testwebsite.citygame.com\/wp-content\/blogs.dir\/1\/files\/sites\/62\/2026\/02\/group-of-friends-exploring-ljubljana-with-a-smartphone.jpg\",\"width\":1344,\"height\":768,\"caption\":\"A group of friends uses a smartphone to navigate a narrow cobblestone street.\"},{\"@type\":\"BreadcrumbList\",\"@id\":\"https:\/\/testwebsite.citygame.com\/fr\/games\/ljubljana\/sherlock-holmes-ljubljana-2\/#breadcrumb\",\"itemListElement\":[{\"@type\":\"ListItem\",\"position\":1,\"name\":\"Home\",\"item\":\"https:\/\/testwebsite.citygame.com\/fr\/\"},{\"@type\":\"ListItem\",\"position\":2,\"name\":\"Shop\",\"item\":\"https:\/\/testwebsite.citygame.com\/shop\/\"},{\"@type\":\"ListItem\",\"position\":3,\"name\":\"Sherlock Holmes Ljubljana\"}]},{\"@type\":\"WebSite\",\"@id\":\"https:\/\/testwebsite.upevents.nl\/#website\",\"url\":\"https:\/\/testwebsite.upevents.nl\/\",\"name\":\"City Game\",\"description\":\"\",\"publisher\":{\"@id\":\"https:\/\/testwebsite.upevents.nl\/#organization\"},\"alternateName\":\"citygame.com\",\"potentialAction\":[{\"@type\":\"SearchAction\",\"target\":{\"@type\":\"EntryPoint\",\"urlTemplate\":\"https:\/\/testwebsite.upevents.nl\/?s={search_term_string}\"},\"query-input\":{\"@type\":\"PropertyValueSpecification\",\"valueRequired\":true,\"valueName\":\"search_term_string\"}}],\"inLanguage\":\"fr-FR\"},{\"@type\":[\"Organization\",\"Place\"],\"@id\":\"https:\/\/testwebsite.upevents.nl\/#organization\",\"name\":\"City Game\",\"alternateName\":\"citygame.com\",\"url\":\"https:\/\/testwebsite.upevents.nl\/\",\"logo\":{\"@id\":\"https:\/\/testwebsite.citygame.com\/fr\/games\/ljubljana\/sherlock-holmes-ljubljana-2\/#local-main-organization-logo\"},\"image\":{\"@id\":\"https:\/\/testwebsite.citygame.com\/fr\/games\/ljubljana\/sherlock-holmes-ljubljana-2\/#local-main-organization-logo\"},\"sameAs\":[\"https:\/\/www.facebook.com\/profile.php?id=100086426226253\",\"https:\/\/www.instagram.com\/citygame_com\",\"https:\/\/www.tiktok.com\/@citygamecom\/\",\"https:\/\/www.linkedin.com\/company\/citygame-com\"],\"description\":\"Turn any city into a playground with our interactive City Games and self-guided tours. Fun, flexible, and ideal for groups and team building.\",\"telephone\":[],\"openingHoursSpecification\":[{\"@type\":\"OpeningHoursSpecification\",\"dayOfWeek\":[\"Monday\",\"Tuesday\",\"Wednesday\",\"Thursday\",\"Friday\",\"Saturday\",\"Sunday\"],\"opens\":\"09:00\",\"closes\":\"17:00\"}]},{\"@type\":\"ImageObject\",\"inLanguage\":\"fr-FR\",\"@id\":\"https:\/\/testwebsite.citygame.com\/fr\/games\/ljubljana\/sherlock-holmes-ljubljana-2\/#local-main-organization-logo\",\"url\":\"https:\/\/testwebsite.citygame.com\/wp-content\/blogs.dir\/1\/files\/sites\/62\/2025\/10\/CG_LOGO-City-Game.png\",\"contentUrl\":\"https:\/\/testwebsite.citygame.com\/wp-content\/blogs.dir\/1\/files\/sites\/62\/2025\/10\/CG_LOGO-City-Game.png\",\"width\":351,\"height\":377,\"caption\":\"City Game\"}]}<\/script>\n<!-- \/ Yoast SEO Premium plugin. -->","yoast_head_json":{"title":"Sherlock Holmes Ljubljana - City Game","description":"Sherlock Holmes Ljubljana. Jouez \u00e0 un City Game de meurtre et myst\u00e8re autoguid\u00e9, r\u00e9solvez des \u00e9nigmes, suivez les indices et d\u00e9masquez le meurtrier \u00e0 votre propre rythme !","robots":{"index":"noindex","follow":"follow","max-snippet":"max-snippet:-1","max-image-preview":"max-image-preview:large","max-video-preview":"max-video-preview:-1"},"og_locale":"fr_FR","og_type":"article","og_title":"Sherlock Holmes Ljubljana","og_description":"Sherlock Holmes Ljubljana. Jouez \u00e0 un City Game de meurtre et myst\u00e8re autoguid\u00e9, r\u00e9solvez des \u00e9nigmes, suivez les indices et d\u00e9masquez le meurtrier \u00e0 votre propre rythme !","og_url":"https:\/\/testwebsite.citygame.com\/fr\/games\/ljubljana\/sherlock-holmes-ljubljana-2\/","og_site_name":"City Game","article_publisher":"https:\/\/www.facebook.com\/profile.php?id=100086426226253","article_modified_time":"2026-04-09T09:27:47+00:00","og_image":[{"width":1344,"height":768,"url":"https:\/\/testwebsite.citygame.com\/wp-content\/blogs.dir\/1\/files\/sites\/62\/2026\/02\/group-of-friends-exploring-ljubljana-with-a-smartphone.jpg","type":"image\/jpeg"}],"twitter_card":"summary_large_image","twitter_misc":{"Dur\u00e9e de lecture estim\u00e9e":"1 minute"},"schema":{"@context":"https:\/\/schema.org","@graph":[{"@type":"WebPage","@id":"https:\/\/testwebsite.citygame.com\/fr\/games\/ljubljana\/sherlock-holmes-ljubljana-2\/","url":"https:\/\/testwebsite.citygame.com\/fr\/games\/ljubljana\/sherlock-holmes-ljubljana-2\/","name":"Sherlock Holmes Ljubljana - City Game","isPartOf":{"@id":"https:\/\/testwebsite.upevents.nl\/#website"},"primaryImageOfPage":{"@id":"https:\/\/testwebsite.citygame.com\/fr\/games\/ljubljana\/sherlock-holmes-ljubljana-2\/#primaryimage"},"image":{"@id":"https:\/\/testwebsite.citygame.com\/fr\/games\/ljubljana\/sherlock-holmes-ljubljana-2\/#primaryimage"},"thumbnailUrl":"https:\/\/testwebsite.citygame.com\/wp-content\/blogs.dir\/1\/files\/sites\/62\/2026\/02\/group-of-friends-exploring-ljubljana-with-a-smartphone.jpg","datePublished":"2026-02-06T17:40:49+00:00","dateModified":"2026-04-09T09:27:47+00:00","description":"Sherlock Holmes Ljubljana. Jouez \u00e0 un City Game de meurtre et myst\u00e8re autoguid\u00e9, r\u00e9solvez des \u00e9nigmes, suivez les indices et d\u00e9masquez le meurtrier \u00e0 votre propre rythme !","breadcrumb":{"@id":"https:\/\/testwebsite.citygame.com\/fr\/games\/ljubljana\/sherlock-holmes-ljubljana-2\/#breadcrumb"},"inLanguage":"fr-FR","potentialAction":[{"@type":"ReadAction","target":["https:\/\/testwebsite.citygame.com\/fr\/games\/ljubljana\/sherlock-holmes-ljubljana-2\/"]}]},{"@type":"ImageObject","inLanguage":"fr-FR","@id":"https:\/\/testwebsite.citygame.com\/fr\/games\/ljubljana\/sherlock-holmes-ljubljana-2\/#primaryimage","url":"https:\/\/testwebsite.citygame.com\/wp-content\/blogs.dir\/1\/files\/sites\/62\/2026\/02\/group-of-friends-exploring-ljubljana-with-a-smartphone.jpg","contentUrl":"https:\/\/testwebsite.citygame.com\/wp-content\/blogs.dir\/1\/files\/sites\/62\/2026\/02\/group-of-friends-exploring-ljubljana-with-a-smartphone.jpg","width":1344,"height":768,"caption":"A group of friends uses a smartphone to navigate a narrow cobblestone street."},{"@type":"BreadcrumbList","@id":"https:\/\/testwebsite.citygame.com\/fr\/games\/ljubljana\/sherlock-holmes-ljubljana-2\/#breadcrumb","itemListElement":[{"@type":"ListItem","position":1,"name":"Home","item":"https:\/\/testwebsite.citygame.com\/fr\/"},{"@type":"ListItem","position":2,"name":"Shop","item":"https:\/\/testwebsite.citygame.com\/shop\/"},{"@type":"ListItem","position":3,"name":"Sherlock Holmes Ljubljana"}]},{"@type":"WebSite","@id":"https:\/\/testwebsite.upevents.nl\/#website","url":"https:\/\/testwebsite.upevents.nl\/","name":"City Game","description":"","publisher":{"@id":"https:\/\/testwebsite.upevents.nl\/#organization"},"alternateName":"citygame.com","potentialAction":[{"@type":"SearchAction","target":{"@type":"EntryPoint","urlTemplate":"https:\/\/testwebsite.upevents.nl\/?s={search_term_string}"},"query-input":{"@type":"PropertyValueSpecification","valueRequired":true,"valueName":"search_term_string"}}],"inLanguage":"fr-FR"},{"@type":["Organization","Place"],"@id":"https:\/\/testwebsite.upevents.nl\/#organization","name":"City Game","alternateName":"citygame.com","url":"https:\/\/testwebsite.upevents.nl\/","logo":{"@id":"https:\/\/testwebsite.citygame.com\/fr\/games\/ljubljana\/sherlock-holmes-ljubljana-2\/#local-main-organization-logo"},"image":{"@id":"https:\/\/testwebsite.citygame.com\/fr\/games\/ljubljana\/sherlock-holmes-ljubljana-2\/#local-main-organization-logo"},"sameAs":["https:\/\/www.facebook.com\/profile.php?id=100086426226253","https:\/\/www.instagram.com\/citygame_com","https:\/\/www.tiktok.com\/@citygamecom\/","https:\/\/www.linkedin.com\/company\/citygame-com"],"description":"Turn any city into a playground with our interactive City Games and self-guided tours. Fun, flexible, and ideal for groups and team building.","telephone":[],"openingHoursSpecification":[{"@type":"OpeningHoursSpecification","dayOfWeek":["Monday","Tuesday","Wednesday","Thursday","Friday","Saturday","Sunday"],"opens":"09:00","closes":"17:00"}]},{"@type":"ImageObject","inLanguage":"fr-FR","@id":"https:\/\/testwebsite.citygame.com\/fr\/games\/ljubljana\/sherlock-holmes-ljubljana-2\/#local-main-organization-logo","url":"https:\/\/testwebsite.citygame.com\/wp-content\/blogs.dir\/1\/files\/sites\/62\/2025\/10\/CG_LOGO-City-Game.png","contentUrl":"https:\/\/testwebsite.citygame.com\/wp-content\/blogs.dir\/1\/files\/sites\/62\/2025\/10\/CG_LOGO-City-Game.png","width":351,"height":377,"caption":"City Game"}]}},"taxonomy_info":{"game-concept":[{"value":774,"label":"Sherlock"}],"location":[{"value":248,"label":"Ljubljana"}],"product_cat":[{"value":663,"label":"Non class\u00e9"}]},"featured_image_src_large":["https:\/\/testwebsite.citygame.com\/wp-content\/blogs.dir\/1\/files\/sites\/62\/2026\/02\/group-of-friends-exploring-ljubljana-with-a-smartphone-1024x585.jpg",1024,585,true],"author_info":[],"comment_info":"","_links":{"self":[{"href":"https:\/\/testwebsite.citygame.com\/fr\/wp-json\/wp\/v2\/product\/67621","targetHints":{"allow":["GET"]}}],"collection":[{"href":"https:\/\/testwebsite.citygame.com\/fr\/wp-json\/wp\/v2\/product"}],"about":[{"href":"https:\/\/testwebsite.citygame.com\/fr\/wp-json\/wp\/v2\/types\/product"}],"acf:post":[{"embeddable":true,"href":"https:\/\/testwebsite.citygame.com\/fr\/wp-json\/wp\/v2\/pages\/11507"}],"wp:featuredmedia":[{"embeddable":true,"href":"https:\/\/testwebsite.citygame.com\/fr\/wp-json\/wp\/v2\/media\/11509"}],"wp:attachment":[{"href":"https:\/\/testwebsite.citygame.com\/fr\/wp-json\/wp\/v2\/media?parent=67621"}],"wp:term":[{"taxonomy":"game-concept","embeddable":true,"href":"https:\/\/testwebsite.citygame.com\/fr\/wp-json\/wp\/v2\/game-concept?post=67621"},{"taxonomy":"location","embeddable":true,"href":"https:\/\/testwebsite.citygame.com\/fr\/wp-json\/wp\/v2\/location?post=67621"},{"taxonomy":"product_brand","embeddable":true,"href":"https:\/\/testwebsite.citygame.com\/fr\/wp-json\/wp\/v2\/product_brand?post=67621"},{"taxonomy":"product_cat","embeddable":true,"href":"https:\/\/testwebsite.citygame.com\/fr\/wp-json\/wp\/v2\/product_cat?post=67621"},{"taxonomy":"product_tag","embeddable":true,"href":"https:\/\/testwebsite.citygame.com\/fr\/wp-json\/wp\/v2\/product_tag?post=67621"}],"curies":[{"name":"wp","href":"https:\/\/api.w.org\/{rel}","templated":true}]}}