{"id":65690,"date":"2026-03-13T13:17:19","date_gmt":"2026-03-13T13:17:19","guid":{"rendered":"https:\/\/testwebsite.citygame.com\/games\/unknown-location\/secrets-of-osnabruck\/"},"modified":"2026-04-08T16:29:57","modified_gmt":"2026-04-08T16:29:57","slug":"secrets-of-osnabruck","status":"publish","type":"product","link":"https:\/\/testwebsite.citygame.com\/fr\/games\/osnabruck\/secrets-of-osnabruck\/","title":{"rendered":"Secrets of Osnabr\u00fcck"},"content":{"rendered":"<p>D\u00e9couvrez l&rsquo;attrait architectural et le riche patrimoine du centre-ville d&rsquo;Osnabr\u00fcck avec le jeu de ville auto-guid\u00e9 et bas\u00e9 sur GPS, &lsquo;Secrets of Osnabr\u00fcck&rsquo;. Ce jeu d&rsquo;exploration captivant, auquel vous jouez via votre smartphone, m\u00eale le frisson de la r\u00e9solution d&rsquo;\u00e9nigmes, de devinettes et de d\u00e9fis photo, et vous permet de naviguer dans la ville \u00e0 votre propre rythme. Vous vous amuserez non seulement, mais vous apprendrez \u00e9galement des d\u00e9tails fascinants sur l&rsquo;histoire, la culture et les joyaux cach\u00e9s d&rsquo;Osnabr\u00fcck, dont certains habitants n&rsquo;ont m\u00eame pas connaissance. Ce jeu s&rsquo;adresse \u00e0 tous \u2013 aventuriers solitaires, couples \u00e0 la recherche d&rsquo;une exp\u00e9rience de rendez-vous unique, familles et groupes d&rsquo;amis \u2013 ce qui en fait une activit\u00e9 id\u00e9ale pour les habitants et les visiteurs.<\/p>\n","protected":false},"excerpt":{"rendered":"<p>D\u00e9couvrez les facettes obscures et exceptionnelles d&rsquo;Osnabr\u00fcck ! Traversez une ville o\u00f9 l&rsquo;innovation respire \u00e0 chaque coin de rue et o\u00f9 l&rsquo;histoire r\u00e9sonne des ch\u00e2teaux anciens aux march\u00e9s anim\u00e9s. R\u00e9solvez des \u00e9nigmes en parcourant son c\u0153ur palpitant, Osnabr\u00fcck est un tr\u00e9sor d&rsquo;excitation qui n&rsquo;attend qu&rsquo;\u00e0 \u00eatre d\u00e9couvert !<\/p>\n","protected":false},"featured_media":18606,"template":"","meta":{"_acf_changed":false,"_yoast_wpseo_focuskw":"Secrets of Osnabr\u00fcck","_yoast_wpseo_metadesc":"Secrets of Osnabr\u00fcck. Jouez \u00e0 un jeu de ville auto-guid\u00e9 et explorez la ville \u00e0 travers des puzzles, des \u00e9nigmes et des d\u00e9fis. Jouez \u00e0 votre propre rythme et d\u00e9couvrez comme un local !","_kad_blocks_custom_css":"","_kad_blocks_head_custom_js":"","_kad_blocks_body_custom_js":"","_kad_blocks_footer_custom_js":"","ghostkit_customizer_options":"","ghostkit_custom_css":"","ghostkit_custom_js_head":"","ghostkit_custom_js_foot":"","ghostkit_typography":"","_kad_post_transparent":"","_kad_post_title":"","_kad_post_layout":"","_kad_post_sidebar_id":"","_kad_post_content_style":"","_kad_post_vertical_padding":"","_kad_post_feature":"","_kad_post_feature_position":"","_kad_post_header":false,"_kad_post_footer":false,"_kad_post_classname":"","_links_to":"","_links_to_target":""},"game-concept":[713],"location":[311],"product_brand":[],"product_cat":[663],"product_tag":[],"class_list":{"0":"post-65690","1":"product","2":"type-product","3":"status-publish","4":"has-post-thumbnail","6":"game-concept-secrets","7":"location-osnabruck","8":"product_cat-non-classe","10":"first","11":"instock","12":"shipping-taxable","13":"purchasable","14":"product-type-simple","15":"entry","16":"content-bg","17":"loop-entry"},"acf":{"full_bokun_product_name":"Self-Guided Secrets of Osnabr\u00fcck Exploration Game","location_name":"Osnabr\u00fcck","bokun_calendar_widget_code":"<script type=\"text\/javascript\" src=\"https:\/\/widgets.bokun.io\/assets\/javascripts\/apps\/build\/BokunWidgetsLoader.js?bookingChannelUUID=a1e93e96-5232-4734-a595-28405f4b5a31\" async><\/script>\n     \n    <div class=\"bokunWidget\" data-src=\"https:\/\/widgets.bokun.io\/online-sales\/a1e93e96-5232-4734-a595-28405f4b5a31\/experience-calendar\/918874\"><\/div>\n    <noscript>Please enable javascript in your browser to book<\/noscript>","bokun_button_widget_code":"<script type=\"text\/javascript\" src=\"https:\/\/widgets.bokun.io\/assets\/javascripts\/apps\/build\/BokunWidgetsLoader.js?bookingChannelUUID=a1e93e96-5232-4734-a595-28405f4b5a31\" async><\/script>\n      <style> #bokun_ed001e45_5927_4f62_b470_ca766338d083 { display: inline-block; padding: .4em 1em; background: #47b82e; border-radius: 999999px; box-shadow: none; font-weight: 600; font-size: 24px; text-decoration: none; text-align: center; color: #FFFFFF; border:none; cursor: pointer; transition: background .2s ease; } #bokun_ed001e45_5927_4f62_b470_ca766338d083:hover{ background: #2f7b1f; } #bokun_ed001e45_5927_4f62_b470_ca766338d083:active{ background: #378f24; } <\/style> <button class=\"bokunButton\" disabled id=bokun_ed001e45_5927_4f62_b470_ca766338d083 data-src=\"https:\/\/widgets.bokun.io\/online-sales\/a1e93e96-5232-4734-a595-28405f4b5a31\/experience-calendar\/918874?partialView=1\" data-testid=\"widget-book-button\" > Book now <\/button> ","what_you\u2019ll_experience_during_the_game":"En vous perdant dans les rues d'Osnabr\u00fcck, le jeu de ville 'Secrets of Osnabr\u00fcck' devient plus qu'une simple visite ; c'est un voyage immersif de d\u00e9couverte et d'exploration. M\u00ealant harmonieusement visites touristiques, narration captivante et d\u00e9fis interactifs, le jeu vous emm\u00e8ne, vous et votre \u00e9quipe, dans une qu\u00eate \u00e0 travers les coins embl\u00e9matiques et cach\u00e9s de cette charmante ville. Go\u00fbtez \u00e0 l'authentique Osnabr\u00fcck en parcourant des zones vibrantes comme les march\u00e9s anim\u00e9s, les parcs urbains sereins et l'\u00e9l\u00e9gante place de la ville, absorbant pleinement l'ambiance et le rythme de la vie urbaine au fur et \u00e0 mesure de votre progression. \n\nJouer au jeu de ville 'Secrets of Osnabr\u00fcck' implique de r\u00e9soudre une vari\u00e9t\u00e9 de puzzles, d'\u00e9nigmes et de questions, et m\u00eame d'accepter des d\u00e9fis photo cr\u00e9atifs. Ces t\u00e2ches captivantes aident les joueurs \u00e0 gagner des points, \u00e0 d\u00e9bloquer des indices utiles et \u00e0 se rapprocher de la r\u00e9solution du myst\u00e8re final du jeu. La flexibilit\u00e9 du jeu vous permet de le mettre en pause \u00e0 tout moment, vous permettant de continuer quand vous le souhaitez. Et pour ceux qui ont l'esprit de comp\u00e9tition, viser un classement \u00e9lev\u00e9 sur le tableau des scores ajoute une dimension excitante \u00e0 l'exp\u00e9rience. D\u00e9couvrez, jouez, explorez et concourez dans ce jeu d'exploration inoubliable situ\u00e9 dans le cadre pittoresque d'Osnabr\u00fcck.","how_to_play":"R\u00e9servez le Jeu d'Exploration, consultez l'e-mail que nous vous envoyons avec les instructions simples, t\u00e9l\u00e9chargez l'application Loquiz App, acc\u00e9dez au Jeu d'Exploration et vous \u00eates pr\u00eat \u00e0 commencer votre exp\u00e9rience de jeu !","start_location":"Osnabr\u00fcck, Marktplatz","available_languages":["en"],"players_per_group":"1-4","duration":"1.5-2 hours","image_overlay_color_image":"https:\/\/testwebsite.citygame.com\/wp-content\/blogs.dir\/1\/files\/sites\/62\/2026\/01\/SecretsColor.svg","image_overlay_game_logo":"https:\/\/testwebsite.citygame.com\/wp-content\/blogs.dir\/1\/files\/sites\/62\/2026\/01\/SecretsLogo.png","city_page":15204,"woocommerce_general_content":null},"yoast_head":"<!-- This site is optimized with the Yoast SEO Premium plugin v26.2 (Yoast SEO v26.3) - https:\/\/yoast.com\/wordpress\/plugins\/seo\/ -->\n<title>Secrets of Osnabr\u00fcck - City Game<\/title>\n<meta name=\"description\" content=\"Secrets of Osnabr\u00fcck. Jouez \u00e0 un jeu de ville auto-guid\u00e9 et explorez la ville \u00e0 travers des puzzles, des \u00e9nigmes et des d\u00e9fis. Jouez \u00e0 votre propre rythme et d\u00e9couvrez comme un local !\" \/>\n<meta name=\"robots\" content=\"noindex, follow, max-snippet:-1, max-image-preview:large, max-video-preview:-1\" \/>\n<meta property=\"og:locale\" content=\"fr_FR\" \/>\n<meta property=\"og:type\" content=\"article\" \/>\n<meta property=\"og:title\" content=\"Secrets of Osnabr\u00fcck\" \/>\n<meta property=\"og:description\" content=\"Secrets of Osnabr\u00fcck. Jouez \u00e0 un jeu de ville auto-guid\u00e9 et explorez la ville \u00e0 travers des puzzles, des \u00e9nigmes et des d\u00e9fis. Jouez \u00e0 votre propre rythme et d\u00e9couvrez comme un local !\" \/>\n<meta property=\"og:url\" content=\"https:\/\/testwebsite.citygame.com\/fr\/games\/osnabruck\/secrets-of-osnabruck\/\" \/>\n<meta property=\"og:site_name\" content=\"City Game\" \/>\n<meta property=\"article:publisher\" content=\"https:\/\/www.facebook.com\/profile.php?id=100086426226253\" \/>\n<meta property=\"article:modified_time\" content=\"2026-04-08T16:29:57+00:00\" \/>\n<meta property=\"og:image\" content=\"https:\/\/testwebsite.citygame.com\/wp-content\/blogs.dir\/1\/files\/sites\/62\/2026\/03\/group-playing-city-game-osnabrueck-st-marys-church.jpg\" \/>\n\t<meta property=\"og:image:width\" content=\"1024\" \/>\n\t<meta property=\"og:image:height\" content=\"1024\" \/>\n\t<meta property=\"og:image:type\" content=\"image\/jpeg\" \/>\n<meta name=\"twitter:card\" content=\"summary_large_image\" \/>\n<meta name=\"twitter:label1\" content=\"Dur\u00e9e de lecture estim\u00e9e\" \/>\n\t<meta name=\"twitter:data1\" content=\"1 minute\" \/>\n<script type=\"application\/ld+json\" class=\"yoast-schema-graph\">{\"@context\":\"https:\/\/schema.org\",\"@graph\":[{\"@type\":\"WebPage\",\"@id\":\"https:\/\/testwebsite.citygame.com\/fr\/games\/osnabruck\/secrets-of-osnabruck\/\",\"url\":\"https:\/\/testwebsite.citygame.com\/fr\/games\/osnabruck\/secrets-of-osnabruck\/\",\"name\":\"Secrets of Osnabr\u00fcck - City Game\",\"isPartOf\":{\"@id\":\"https:\/\/testwebsite.upevents.nl\/#website\"},\"primaryImageOfPage\":{\"@id\":\"https:\/\/testwebsite.citygame.com\/fr\/games\/osnabruck\/secrets-of-osnabruck\/#primaryimage\"},\"image\":{\"@id\":\"https:\/\/testwebsite.citygame.com\/fr\/games\/osnabruck\/secrets-of-osnabruck\/#primaryimage\"},\"thumbnailUrl\":\"https:\/\/testwebsite.citygame.com\/wp-content\/blogs.dir\/1\/files\/sites\/62\/2026\/03\/group-playing-city-game-osnabrueck-st-marys-church.jpg\",\"datePublished\":\"2026-03-13T13:17:19+00:00\",\"dateModified\":\"2026-04-08T16:29:57+00:00\",\"description\":\"Secrets of Osnabr\u00fcck. Jouez \u00e0 un jeu de ville auto-guid\u00e9 et explorez la ville \u00e0 travers des puzzles, des \u00e9nigmes et des d\u00e9fis. Jouez \u00e0 votre propre rythme et d\u00e9couvrez comme un local !\",\"breadcrumb\":{\"@id\":\"https:\/\/testwebsite.citygame.com\/fr\/games\/osnabruck\/secrets-of-osnabruck\/#breadcrumb\"},\"inLanguage\":\"fr-FR\",\"potentialAction\":[{\"@type\":\"ReadAction\",\"target\":[\"https:\/\/testwebsite.citygame.com\/fr\/games\/osnabruck\/secrets-of-osnabruck\/\"]}]},{\"@type\":\"ImageObject\",\"inLanguage\":\"fr-FR\",\"@id\":\"https:\/\/testwebsite.citygame.com\/fr\/games\/osnabruck\/secrets-of-osnabruck\/#primaryimage\",\"url\":\"https:\/\/testwebsite.citygame.com\/wp-content\/blogs.dir\/1\/files\/sites\/62\/2026\/03\/group-playing-city-game-osnabrueck-st-marys-church.jpg\",\"contentUrl\":\"https:\/\/testwebsite.citygame.com\/wp-content\/blogs.dir\/1\/files\/sites\/62\/2026\/03\/group-playing-city-game-osnabrueck-st-marys-church.jpg\",\"width\":1024,\"height\":1024,\"caption\":\"A group of friends collaborates on a puzzle during an outdoor exploration game in Osnabr\u00fcck.\"},{\"@type\":\"BreadcrumbList\",\"@id\":\"https:\/\/testwebsite.citygame.com\/fr\/games\/osnabruck\/secrets-of-osnabruck\/#breadcrumb\",\"itemListElement\":[{\"@type\":\"ListItem\",\"position\":1,\"name\":\"Home\",\"item\":\"https:\/\/testwebsite.citygame.com\/fr\/\"},{\"@type\":\"ListItem\",\"position\":2,\"name\":\"Shop\",\"item\":\"https:\/\/testwebsite.citygame.com\/shop\/\"},{\"@type\":\"ListItem\",\"position\":3,\"name\":\"Secrets of Osnabr\u00fcck\"}]},{\"@type\":\"WebSite\",\"@id\":\"https:\/\/testwebsite.upevents.nl\/#website\",\"url\":\"https:\/\/testwebsite.upevents.nl\/\",\"name\":\"City Game\",\"description\":\"\",\"publisher\":{\"@id\":\"https:\/\/testwebsite.upevents.nl\/#organization\"},\"alternateName\":\"citygame.com\",\"potentialAction\":[{\"@type\":\"SearchAction\",\"target\":{\"@type\":\"EntryPoint\",\"urlTemplate\":\"https:\/\/testwebsite.upevents.nl\/?s={search_term_string}\"},\"query-input\":{\"@type\":\"PropertyValueSpecification\",\"valueRequired\":true,\"valueName\":\"search_term_string\"}}],\"inLanguage\":\"fr-FR\"},{\"@type\":[\"Organization\",\"Place\"],\"@id\":\"https:\/\/testwebsite.upevents.nl\/#organization\",\"name\":\"City Game\",\"alternateName\":\"citygame.com\",\"url\":\"https:\/\/testwebsite.upevents.nl\/\",\"logo\":{\"@id\":\"https:\/\/testwebsite.citygame.com\/fr\/games\/osnabruck\/secrets-of-osnabruck\/#local-main-organization-logo\"},\"image\":{\"@id\":\"https:\/\/testwebsite.citygame.com\/fr\/games\/osnabruck\/secrets-of-osnabruck\/#local-main-organization-logo\"},\"sameAs\":[\"https:\/\/www.facebook.com\/profile.php?id=100086426226253\",\"https:\/\/www.instagram.com\/citygame_com\",\"https:\/\/www.tiktok.com\/@citygamecom\/\",\"https:\/\/www.linkedin.com\/company\/citygame-com\"],\"description\":\"Turn any city into a playground with our interactive City Games and self-guided tours. Fun, flexible, and ideal for groups and team building.\",\"telephone\":[],\"openingHoursSpecification\":[{\"@type\":\"OpeningHoursSpecification\",\"dayOfWeek\":[\"Monday\",\"Tuesday\",\"Wednesday\",\"Thursday\",\"Friday\",\"Saturday\",\"Sunday\"],\"opens\":\"09:00\",\"closes\":\"17:00\"}]},{\"@type\":\"ImageObject\",\"inLanguage\":\"fr-FR\",\"@id\":\"https:\/\/testwebsite.citygame.com\/fr\/games\/osnabruck\/secrets-of-osnabruck\/#local-main-organization-logo\",\"url\":\"https:\/\/testwebsite.citygame.com\/wp-content\/blogs.dir\/1\/files\/sites\/62\/2025\/10\/CG_LOGO-City-Game.png\",\"contentUrl\":\"https:\/\/testwebsite.citygame.com\/wp-content\/blogs.dir\/1\/files\/sites\/62\/2025\/10\/CG_LOGO-City-Game.png\",\"width\":351,\"height\":377,\"caption\":\"City Game\"}]}<\/script>\n<!-- \/ Yoast SEO Premium plugin. -->","yoast_head_json":{"title":"Secrets of Osnabr\u00fcck - City Game","description":"Secrets of Osnabr\u00fcck. Jouez \u00e0 un jeu de ville auto-guid\u00e9 et explorez la ville \u00e0 travers des puzzles, des \u00e9nigmes et des d\u00e9fis. Jouez \u00e0 votre propre rythme et d\u00e9couvrez comme un local !","robots":{"index":"noindex","follow":"follow","max-snippet":"max-snippet:-1","max-image-preview":"max-image-preview:large","max-video-preview":"max-video-preview:-1"},"og_locale":"fr_FR","og_type":"article","og_title":"Secrets of Osnabr\u00fcck","og_description":"Secrets of Osnabr\u00fcck. Jouez \u00e0 un jeu de ville auto-guid\u00e9 et explorez la ville \u00e0 travers des puzzles, des \u00e9nigmes et des d\u00e9fis. Jouez \u00e0 votre propre rythme et d\u00e9couvrez comme un local !","og_url":"https:\/\/testwebsite.citygame.com\/fr\/games\/osnabruck\/secrets-of-osnabruck\/","og_site_name":"City Game","article_publisher":"https:\/\/www.facebook.com\/profile.php?id=100086426226253","article_modified_time":"2026-04-08T16:29:57+00:00","og_image":[{"width":1024,"height":1024,"url":"https:\/\/testwebsite.citygame.com\/wp-content\/blogs.dir\/1\/files\/sites\/62\/2026\/03\/group-playing-city-game-osnabrueck-st-marys-church.jpg","type":"image\/jpeg"}],"twitter_card":"summary_large_image","twitter_misc":{"Dur\u00e9e de lecture estim\u00e9e":"1 minute"},"schema":{"@context":"https:\/\/schema.org","@graph":[{"@type":"WebPage","@id":"https:\/\/testwebsite.citygame.com\/fr\/games\/osnabruck\/secrets-of-osnabruck\/","url":"https:\/\/testwebsite.citygame.com\/fr\/games\/osnabruck\/secrets-of-osnabruck\/","name":"Secrets of Osnabr\u00fcck - City Game","isPartOf":{"@id":"https:\/\/testwebsite.upevents.nl\/#website"},"primaryImageOfPage":{"@id":"https:\/\/testwebsite.citygame.com\/fr\/games\/osnabruck\/secrets-of-osnabruck\/#primaryimage"},"image":{"@id":"https:\/\/testwebsite.citygame.com\/fr\/games\/osnabruck\/secrets-of-osnabruck\/#primaryimage"},"thumbnailUrl":"https:\/\/testwebsite.citygame.com\/wp-content\/blogs.dir\/1\/files\/sites\/62\/2026\/03\/group-playing-city-game-osnabrueck-st-marys-church.jpg","datePublished":"2026-03-13T13:17:19+00:00","dateModified":"2026-04-08T16:29:57+00:00","description":"Secrets of Osnabr\u00fcck. Jouez \u00e0 un jeu de ville auto-guid\u00e9 et explorez la ville \u00e0 travers des puzzles, des \u00e9nigmes et des d\u00e9fis. Jouez \u00e0 votre propre rythme et d\u00e9couvrez comme un local !","breadcrumb":{"@id":"https:\/\/testwebsite.citygame.com\/fr\/games\/osnabruck\/secrets-of-osnabruck\/#breadcrumb"},"inLanguage":"fr-FR","potentialAction":[{"@type":"ReadAction","target":["https:\/\/testwebsite.citygame.com\/fr\/games\/osnabruck\/secrets-of-osnabruck\/"]}]},{"@type":"ImageObject","inLanguage":"fr-FR","@id":"https:\/\/testwebsite.citygame.com\/fr\/games\/osnabruck\/secrets-of-osnabruck\/#primaryimage","url":"https:\/\/testwebsite.citygame.com\/wp-content\/blogs.dir\/1\/files\/sites\/62\/2026\/03\/group-playing-city-game-osnabrueck-st-marys-church.jpg","contentUrl":"https:\/\/testwebsite.citygame.com\/wp-content\/blogs.dir\/1\/files\/sites\/62\/2026\/03\/group-playing-city-game-osnabrueck-st-marys-church.jpg","width":1024,"height":1024,"caption":"A group of friends collaborates on a puzzle during an outdoor exploration game in Osnabr\u00fcck."},{"@type":"BreadcrumbList","@id":"https:\/\/testwebsite.citygame.com\/fr\/games\/osnabruck\/secrets-of-osnabruck\/#breadcrumb","itemListElement":[{"@type":"ListItem","position":1,"name":"Home","item":"https:\/\/testwebsite.citygame.com\/fr\/"},{"@type":"ListItem","position":2,"name":"Shop","item":"https:\/\/testwebsite.citygame.com\/shop\/"},{"@type":"ListItem","position":3,"name":"Secrets of Osnabr\u00fcck"}]},{"@type":"WebSite","@id":"https:\/\/testwebsite.upevents.nl\/#website","url":"https:\/\/testwebsite.upevents.nl\/","name":"City Game","description":"","publisher":{"@id":"https:\/\/testwebsite.upevents.nl\/#organization"},"alternateName":"citygame.com","potentialAction":[{"@type":"SearchAction","target":{"@type":"EntryPoint","urlTemplate":"https:\/\/testwebsite.upevents.nl\/?s={search_term_string}"},"query-input":{"@type":"PropertyValueSpecification","valueRequired":true,"valueName":"search_term_string"}}],"inLanguage":"fr-FR"},{"@type":["Organization","Place"],"@id":"https:\/\/testwebsite.upevents.nl\/#organization","name":"City Game","alternateName":"citygame.com","url":"https:\/\/testwebsite.upevents.nl\/","logo":{"@id":"https:\/\/testwebsite.citygame.com\/fr\/games\/osnabruck\/secrets-of-osnabruck\/#local-main-organization-logo"},"image":{"@id":"https:\/\/testwebsite.citygame.com\/fr\/games\/osnabruck\/secrets-of-osnabruck\/#local-main-organization-logo"},"sameAs":["https:\/\/www.facebook.com\/profile.php?id=100086426226253","https:\/\/www.instagram.com\/citygame_com","https:\/\/www.tiktok.com\/@citygamecom\/","https:\/\/www.linkedin.com\/company\/citygame-com"],"description":"Turn any city into a playground with our interactive City Games and self-guided tours. Fun, flexible, and ideal for groups and team building.","telephone":[],"openingHoursSpecification":[{"@type":"OpeningHoursSpecification","dayOfWeek":["Monday","Tuesday","Wednesday","Thursday","Friday","Saturday","Sunday"],"opens":"09:00","closes":"17:00"}]},{"@type":"ImageObject","inLanguage":"fr-FR","@id":"https:\/\/testwebsite.citygame.com\/fr\/games\/osnabruck\/secrets-of-osnabruck\/#local-main-organization-logo","url":"https:\/\/testwebsite.citygame.com\/wp-content\/blogs.dir\/1\/files\/sites\/62\/2025\/10\/CG_LOGO-City-Game.png","contentUrl":"https:\/\/testwebsite.citygame.com\/wp-content\/blogs.dir\/1\/files\/sites\/62\/2025\/10\/CG_LOGO-City-Game.png","width":351,"height":377,"caption":"City Game"}]}},"taxonomy_info":{"game-concept":[{"value":713,"label":"Secrets"}],"location":[{"value":311,"label":"Osnabruck"}],"product_cat":[{"value":663,"label":"Non class\u00e9"}]},"featured_image_src_large":["https:\/\/testwebsite.citygame.com\/wp-content\/blogs.dir\/1\/files\/sites\/62\/2026\/03\/group-playing-city-game-osnabrueck-st-marys-church.jpg",1024,1024,false],"author_info":[],"comment_info":"","_links":{"self":[{"href":"https:\/\/testwebsite.citygame.com\/fr\/wp-json\/wp\/v2\/product\/65690","targetHints":{"allow":["GET"]}}],"collection":[{"href":"https:\/\/testwebsite.citygame.com\/fr\/wp-json\/wp\/v2\/product"}],"about":[{"href":"https:\/\/testwebsite.citygame.com\/fr\/wp-json\/wp\/v2\/types\/product"}],"acf:post":[{"embeddable":true,"href":"https:\/\/testwebsite.citygame.com\/fr\/wp-json\/wp\/v2\/pages\/15204"}],"wp:featuredmedia":[{"embeddable":true,"href":"https:\/\/testwebsite.citygame.com\/fr\/wp-json\/wp\/v2\/media\/18606"}],"wp:attachment":[{"href":"https:\/\/testwebsite.citygame.com\/fr\/wp-json\/wp\/v2\/media?parent=65690"}],"wp:term":[{"taxonomy":"game-concept","embeddable":true,"href":"https:\/\/testwebsite.citygame.com\/fr\/wp-json\/wp\/v2\/game-concept?post=65690"},{"taxonomy":"location","embeddable":true,"href":"https:\/\/testwebsite.citygame.com\/fr\/wp-json\/wp\/v2\/location?post=65690"},{"taxonomy":"product_brand","embeddable":true,"href":"https:\/\/testwebsite.citygame.com\/fr\/wp-json\/wp\/v2\/product_brand?post=65690"},{"taxonomy":"product_cat","embeddable":true,"href":"https:\/\/testwebsite.citygame.com\/fr\/wp-json\/wp\/v2\/product_cat?post=65690"},{"taxonomy":"product_tag","embeddable":true,"href":"https:\/\/testwebsite.citygame.com\/fr\/wp-json\/wp\/v2\/product_tag?post=65690"}],"curies":[{"name":"wp","href":"https:\/\/api.w.org\/{rel}","templated":true}]}}