{"id":65429,"date":"2026-03-13T13:00:38","date_gmt":"2026-03-13T13:00:38","guid":{"rendered":"https:\/\/testwebsite.citygame.com\/games\/unknown-location\/secrets-of-lubeck\/"},"modified":"2026-04-08T15:55:57","modified_gmt":"2026-04-08T15:55:57","slug":"secrets-of-lubeck","status":"publish","type":"product","link":"https:\/\/testwebsite.citygame.com\/fr\/games\/lubeck\/secrets-of-lubeck\/","title":{"rendered":"Secrets of Lubeck"},"content":{"rendered":"<p>D\u00e9couvrez les &#8220;Secrets of Lubeck&#8221; gr\u00e2ce \u00e0 notre jeu de ville autonome et bas\u00e9 sur GPS, City Game Lubeck. Ce jeu d&rsquo;exploration se d\u00e9roule dans le centre historique de Lubeck, o\u00f9 les joueurs peuvent se plonger dans le pass\u00e9 captivant et la culture vibrante de la ville \u00e0 l&rsquo;aide de leurs smartphones. En naviguant \u00e0 travers la ville, en r\u00e9solvant des \u00e9nigmes stimulantes, en d\u00e9m\u00ealant des myst\u00e8res et en participant \u00e0 des d\u00e9fis photo passionnants, vous d\u00e9couvrirez des d\u00e9tails cach\u00e9s et des secrets locaux. Ce jeu est parfaitement adapt\u00e9 \u00e0 tous, du voyageur solo aux couples, familles, groupes d&rsquo;amis, et m\u00eame aux habitants cherchant une fa\u00e7on unique de red\u00e9couvrir leur ville.<\/p>\n","protected":false},"excerpt":{"rendered":"<p>D\u00e9couvrez les l\u00e9gendes et l&rsquo;histoire de Lubeck ! Parcourez une ville o\u00f9 l&rsquo;histoire m\u00e9di\u00e9vale c\u00f4toie un esprit contemporain vibrant. D\u00e9m\u00ealez les myst\u00e8res en plongeant dans son c\u0153ur palpitant : Lubeck regorge de joyaux inattendus \u00e0 chaque coin de rue !<\/p>\n","protected":false},"featured_media":18597,"template":"","meta":{"_acf_changed":false,"_yoast_wpseo_focuskw":"Secrets of Lubeck","_yoast_wpseo_metadesc":"Secrets of Lubeck. Jouez \u00e0 un jeu de ville autonome et explorez la ville \u00e0 travers des \u00e9nigmes, des myst\u00e8res et des d\u00e9fis. Jouez \u00e0 votre propre rythme et d\u00e9couvrez la ville comme un local !","_kad_blocks_custom_css":"","_kad_blocks_head_custom_js":"","_kad_blocks_body_custom_js":"","_kad_blocks_footer_custom_js":"","ghostkit_customizer_options":"","ghostkit_custom_css":"","ghostkit_custom_js_head":"","ghostkit_custom_js_foot":"","ghostkit_typography":"","_kad_post_transparent":"default","_kad_post_title":"","_kad_post_layout":"default","_kad_post_sidebar_id":"","_kad_post_content_style":"default","_kad_post_vertical_padding":"default","_kad_post_feature":"","_kad_post_feature_position":"","_kad_post_header":false,"_kad_post_footer":false,"_kad_post_classname":"","_links_to":"","_links_to_target":""},"game-concept":[713],"location":[252],"product_brand":[],"product_cat":[663],"product_tag":[],"class_list":{"0":"post-65429","1":"product","2":"type-product","3":"status-publish","4":"has-post-thumbnail","6":"game-concept-secrets","7":"location-lubeck","8":"product_cat-non-classe","10":"first","11":"instock","12":"shipping-taxable","13":"purchasable","14":"product-type-simple","15":"entry","16":"content-bg","17":"loop-entry"},"acf":{"full_bokun_product_name":"Self-Guided Secrets of L\u00fcbeck Exploration Game","location_name":"Lubeck","bokun_calendar_widget_code":"<script type=\"text\/javascript\" src=\"https:\/\/widgets.bokun.io\/assets\/javascripts\/apps\/build\/BokunWidgetsLoader.js?bookingChannelUUID=a1e93e96-5232-4734-a595-28405f4b5a31\" async><\/script>\n     \n    <div class=\"bokunWidget\" data-src=\"https:\/\/widgets.bokun.io\/online-sales\/a1e93e96-5232-4734-a595-28405f4b5a31\/experience-calendar\/885173\"><\/div>\n    <noscript>Please enable javascript in your browser to book<\/noscript>","bokun_button_widget_code":"<script type=\"text\/javascript\" src=\"https:\/\/widgets.bokun.io\/assets\/javascripts\/apps\/build\/BokunWidgetsLoader.js?bookingChannelUUID=a1e93e96-5232-4734-a595-28405f4b5a31\" async><\/script>\n      <style> #bokun_ed001e45_5927_4f62_b470_ca766338d083 { display: inline-block; padding: .4em 1em; background: #47b82e; border-radius: 999999px; box-shadow: none; font-weight: 600; font-size: 24px; text-decoration: none; text-align: center; color: #FFFFFF; border:none; cursor: pointer; transition: background .2s ease; } #bokun_ed001e45_5927_4f62_b470_ca766338d083:hover{ background: #2f7b1f; } #bokun_ed001e45_5927_4f62_b470_ca766338d083:active{ background: #378f24; } <\/style> <button class=\"bokunButton\" disabled id=bokun_ed001e45_5927_4f62_b470_ca766338d083 data-src=\"https:\/\/widgets.bokun.io\/online-sales\/a1e93e96-5232-4734-a595-28405f4b5a31\/experience-calendar\/885173?partialView=1\" data-testid=\"widget-book-button\" > Book now <\/button> ","what_you\u2019ll_experience_during_the_game":"Fusionnez votre amour pour le tourisme et le divertissement avec le Secrets of Lubeck City Game. Cette exp\u00e9dition unique et passionnante vous emm\u00e8ne dans un voyage envo\u00fbtant \u00e0 travers les parties connues et cach\u00e9es de Lubeck o\u00f9 des d\u00e9fis interactifs et un sc\u00e9nario immersif vous attendent. Vous traverserez des sites sereins comme la magnifique River Trave, le dynamique Katharineum et l'embl\u00e9matique St. Mary's Church, sans avoir \u00e0 suivre un itin\u00e9raire pr\u00e9d\u00e9fini. L'exp\u00e9rience est enti\u00e8rement ax\u00e9e sur la d\u00e9couverte et la recherche de l'harmonie \u00e9clectique entre l'architecture ancienne et la modernit\u00e9 pour lesquelles Lubeck est largement ador\u00e9e.\r\n\r\nLe jeu se d\u00e9roule \u00e0 mesure que vous explorez les recoins de Lubeck, r\u00e9solvez des \u00e9nigmes intrigantes et des myst\u00e8res, et relevez des d\u00e9fis photo qui capturent v\u00e9ritablement l'essence de la ville. Tout ce que vous accomplissez vous rapporte des points, vous aidant \u00e0 d\u00e9bloquer des indices et \u00e0 vous rapprocher du myst\u00e8re final. Tous les contr\u00f4les sont entre vos mains - faites une pause quand vous voulez vous impr\u00e9gner davantage du charme pittoresque de Lubeck, et reprenez quand vous \u00eates pr\u00eat \u00e0 d\u00e9m\u00ealer la suite. Si vous jouez avec une \u00e9quipe comp\u00e9titive, visez un score \u00e9lev\u00e9 pour assurer votre place au classement. Avec le Secrets of Lubeck City Game, chaque pas peut vous mener \u00e0 une r\u00e9v\u00e9lation inattendue sur cette ancienne ville allemande.","how_to_play":"R\u00e9servez l'Exploration Game, consultez l'e-mail que nous vous envoyons avec les instructions simples, t\u00e9l\u00e9chargez l'application Loquiz App, acc\u00e9dez \u00e0 l'Exploration Game et vous \u00eates pr\u00eat \u00e0 commencer votre exp\u00e9rience de jeu !","start_location":"Lubeck, Markt","available_languages":["en"],"players_per_group":"1-4","duration":"1.5-2 hours","image_overlay_color_image":"https:\/\/testwebsite.citygame.com\/wp-content\/blogs.dir\/1\/files\/sites\/62\/2026\/01\/SecretsColor.svg","image_overlay_game_logo":"https:\/\/testwebsite.citygame.com\/wp-content\/blogs.dir\/1\/files\/sites\/62\/2026\/01\/SecretsLogo.png","city_page":12917,"woocommerce_general_content":null},"yoast_head":"<!-- This site is optimized with the Yoast SEO Premium plugin v26.2 (Yoast SEO v26.3) - https:\/\/yoast.com\/wordpress\/plugins\/seo\/ -->\n<title>Secrets of Lubeck - City Game<\/title>\n<meta name=\"description\" content=\"Secrets of Lubeck. Jouez \u00e0 un jeu de ville autonome et explorez la ville \u00e0 travers des \u00e9nigmes, des myst\u00e8res et des d\u00e9fis. Jouez \u00e0 votre propre rythme et d\u00e9couvrez la ville comme un local !\" \/>\n<meta name=\"robots\" content=\"noindex, follow, max-snippet:-1, max-image-preview:large, max-video-preview:-1\" \/>\n<meta property=\"og:locale\" content=\"fr_FR\" \/>\n<meta property=\"og:type\" content=\"article\" \/>\n<meta property=\"og:title\" content=\"Secrets of Lubeck\" \/>\n<meta property=\"og:description\" content=\"Secrets of Lubeck. Jouez \u00e0 un jeu de ville autonome et explorez la ville \u00e0 travers des \u00e9nigmes, des myst\u00e8res et des d\u00e9fis. Jouez \u00e0 votre propre rythme et d\u00e9couvrez la ville comme un local !\" \/>\n<meta property=\"og:url\" content=\"https:\/\/testwebsite.citygame.com\/fr\/games\/lubeck\/secrets-of-lubeck\/\" \/>\n<meta property=\"og:site_name\" content=\"City Game\" \/>\n<meta property=\"article:publisher\" content=\"https:\/\/www.facebook.com\/profile.php?id=100086426226253\" \/>\n<meta property=\"article:modified_time\" content=\"2026-04-08T15:55:57+00:00\" \/>\n<meta property=\"og:image\" content=\"https:\/\/testwebsite.citygame.com\/wp-content\/blogs.dir\/1\/files\/sites\/62\/2026\/03\/group-of-friends-playing-city-game-lubeck-1.jpg\" \/>\n\t<meta property=\"og:image:width\" content=\"1024\" \/>\n\t<meta property=\"og:image:height\" content=\"1024\" \/>\n\t<meta property=\"og:image:type\" content=\"image\/jpeg\" \/>\n<meta name=\"twitter:card\" content=\"summary_large_image\" \/>\n<meta name=\"twitter:label1\" content=\"Dur\u00e9e de lecture estim\u00e9e\" \/>\n\t<meta name=\"twitter:data1\" content=\"1 minute\" \/>\n<script type=\"application\/ld+json\" class=\"yoast-schema-graph\">{\"@context\":\"https:\/\/schema.org\",\"@graph\":[{\"@type\":\"WebPage\",\"@id\":\"https:\/\/testwebsite.citygame.com\/fr\/games\/lubeck\/secrets-of-lubeck\/\",\"url\":\"https:\/\/testwebsite.citygame.com\/fr\/games\/lubeck\/secrets-of-lubeck\/\",\"name\":\"Secrets of Lubeck - City Game\",\"isPartOf\":{\"@id\":\"https:\/\/testwebsite.upevents.nl\/#website\"},\"primaryImageOfPage\":{\"@id\":\"https:\/\/testwebsite.citygame.com\/fr\/games\/lubeck\/secrets-of-lubeck\/#primaryimage\"},\"image\":{\"@id\":\"https:\/\/testwebsite.citygame.com\/fr\/games\/lubeck\/secrets-of-lubeck\/#primaryimage\"},\"thumbnailUrl\":\"https:\/\/testwebsite.citygame.com\/wp-content\/blogs.dir\/1\/files\/sites\/62\/2026\/03\/group-of-friends-playing-city-game-lubeck-1.jpg\",\"datePublished\":\"2026-03-13T13:00:38+00:00\",\"dateModified\":\"2026-04-08T15:55:57+00:00\",\"description\":\"Secrets of Lubeck. Jouez \u00e0 un jeu de ville autonome et explorez la ville \u00e0 travers des \u00e9nigmes, des myst\u00e8res et des d\u00e9fis. Jouez \u00e0 votre propre rythme et d\u00e9couvrez la ville comme un local !\",\"breadcrumb\":{\"@id\":\"https:\/\/testwebsite.citygame.com\/fr\/games\/lubeck\/secrets-of-lubeck\/#breadcrumb\"},\"inLanguage\":\"fr-FR\",\"potentialAction\":[{\"@type\":\"ReadAction\",\"target\":[\"https:\/\/testwebsite.citygame.com\/fr\/games\/lubeck\/secrets-of-lubeck\/\"]}]},{\"@type\":\"ImageObject\",\"inLanguage\":\"fr-FR\",\"@id\":\"https:\/\/testwebsite.citygame.com\/fr\/games\/lubeck\/secrets-of-lubeck\/#primaryimage\",\"url\":\"https:\/\/testwebsite.citygame.com\/wp-content\/blogs.dir\/1\/files\/sites\/62\/2026\/03\/group-of-friends-playing-city-game-lubeck-1.jpg\",\"contentUrl\":\"https:\/\/testwebsite.citygame.com\/wp-content\/blogs.dir\/1\/files\/sites\/62\/2026\/03\/group-of-friends-playing-city-game-lubeck-1.jpg\",\"width\":1024,\"height\":1024,\"caption\":\"A group of friends collaborates on a puzzle while exploring the historic streets of Lubeck.\"},{\"@type\":\"BreadcrumbList\",\"@id\":\"https:\/\/testwebsite.citygame.com\/fr\/games\/lubeck\/secrets-of-lubeck\/#breadcrumb\",\"itemListElement\":[{\"@type\":\"ListItem\",\"position\":1,\"name\":\"Home\",\"item\":\"https:\/\/testwebsite.citygame.com\/fr\/\"},{\"@type\":\"ListItem\",\"position\":2,\"name\":\"Shop\",\"item\":\"https:\/\/testwebsite.citygame.com\/shop\/\"},{\"@type\":\"ListItem\",\"position\":3,\"name\":\"Secrets of Lubeck\"}]},{\"@type\":\"WebSite\",\"@id\":\"https:\/\/testwebsite.upevents.nl\/#website\",\"url\":\"https:\/\/testwebsite.upevents.nl\/\",\"name\":\"City Game\",\"description\":\"\",\"publisher\":{\"@id\":\"https:\/\/testwebsite.upevents.nl\/#organization\"},\"alternateName\":\"citygame.com\",\"potentialAction\":[{\"@type\":\"SearchAction\",\"target\":{\"@type\":\"EntryPoint\",\"urlTemplate\":\"https:\/\/testwebsite.upevents.nl\/?s={search_term_string}\"},\"query-input\":{\"@type\":\"PropertyValueSpecification\",\"valueRequired\":true,\"valueName\":\"search_term_string\"}}],\"inLanguage\":\"fr-FR\"},{\"@type\":[\"Organization\",\"Place\"],\"@id\":\"https:\/\/testwebsite.upevents.nl\/#organization\",\"name\":\"City Game\",\"alternateName\":\"citygame.com\",\"url\":\"https:\/\/testwebsite.upevents.nl\/\",\"logo\":{\"@id\":\"https:\/\/testwebsite.citygame.com\/fr\/games\/lubeck\/secrets-of-lubeck\/#local-main-organization-logo\"},\"image\":{\"@id\":\"https:\/\/testwebsite.citygame.com\/fr\/games\/lubeck\/secrets-of-lubeck\/#local-main-organization-logo\"},\"sameAs\":[\"https:\/\/www.facebook.com\/profile.php?id=100086426226253\",\"https:\/\/www.instagram.com\/citygame_com\",\"https:\/\/www.tiktok.com\/@citygamecom\/\",\"https:\/\/www.linkedin.com\/company\/citygame-com\"],\"description\":\"Turn any city into a playground with our interactive City Games and self-guided tours. Fun, flexible, and ideal for groups and team building.\",\"telephone\":[],\"openingHoursSpecification\":[{\"@type\":\"OpeningHoursSpecification\",\"dayOfWeek\":[\"Monday\",\"Tuesday\",\"Wednesday\",\"Thursday\",\"Friday\",\"Saturday\",\"Sunday\"],\"opens\":\"09:00\",\"closes\":\"17:00\"}]},{\"@type\":\"ImageObject\",\"inLanguage\":\"fr-FR\",\"@id\":\"https:\/\/testwebsite.citygame.com\/fr\/games\/lubeck\/secrets-of-lubeck\/#local-main-organization-logo\",\"url\":\"https:\/\/testwebsite.citygame.com\/wp-content\/blogs.dir\/1\/files\/sites\/62\/2025\/10\/CG_LOGO-City-Game.png\",\"contentUrl\":\"https:\/\/testwebsite.citygame.com\/wp-content\/blogs.dir\/1\/files\/sites\/62\/2025\/10\/CG_LOGO-City-Game.png\",\"width\":351,\"height\":377,\"caption\":\"City Game\"}]}<\/script>\n<!-- \/ Yoast SEO Premium plugin. -->","yoast_head_json":{"title":"Secrets of Lubeck - City Game","description":"Secrets of Lubeck. Jouez \u00e0 un jeu de ville autonome et explorez la ville \u00e0 travers des \u00e9nigmes, des myst\u00e8res et des d\u00e9fis. Jouez \u00e0 votre propre rythme et d\u00e9couvrez la ville comme un local !","robots":{"index":"noindex","follow":"follow","max-snippet":"max-snippet:-1","max-image-preview":"max-image-preview:large","max-video-preview":"max-video-preview:-1"},"og_locale":"fr_FR","og_type":"article","og_title":"Secrets of Lubeck","og_description":"Secrets of Lubeck. Jouez \u00e0 un jeu de ville autonome et explorez la ville \u00e0 travers des \u00e9nigmes, des myst\u00e8res et des d\u00e9fis. Jouez \u00e0 votre propre rythme et d\u00e9couvrez la ville comme un local !","og_url":"https:\/\/testwebsite.citygame.com\/fr\/games\/lubeck\/secrets-of-lubeck\/","og_site_name":"City Game","article_publisher":"https:\/\/www.facebook.com\/profile.php?id=100086426226253","article_modified_time":"2026-04-08T15:55:57+00:00","og_image":[{"width":1024,"height":1024,"url":"https:\/\/testwebsite.citygame.com\/wp-content\/blogs.dir\/1\/files\/sites\/62\/2026\/03\/group-of-friends-playing-city-game-lubeck-1.jpg","type":"image\/jpeg"}],"twitter_card":"summary_large_image","twitter_misc":{"Dur\u00e9e de lecture estim\u00e9e":"1 minute"},"schema":{"@context":"https:\/\/schema.org","@graph":[{"@type":"WebPage","@id":"https:\/\/testwebsite.citygame.com\/fr\/games\/lubeck\/secrets-of-lubeck\/","url":"https:\/\/testwebsite.citygame.com\/fr\/games\/lubeck\/secrets-of-lubeck\/","name":"Secrets of Lubeck - City Game","isPartOf":{"@id":"https:\/\/testwebsite.upevents.nl\/#website"},"primaryImageOfPage":{"@id":"https:\/\/testwebsite.citygame.com\/fr\/games\/lubeck\/secrets-of-lubeck\/#primaryimage"},"image":{"@id":"https:\/\/testwebsite.citygame.com\/fr\/games\/lubeck\/secrets-of-lubeck\/#primaryimage"},"thumbnailUrl":"https:\/\/testwebsite.citygame.com\/wp-content\/blogs.dir\/1\/files\/sites\/62\/2026\/03\/group-of-friends-playing-city-game-lubeck-1.jpg","datePublished":"2026-03-13T13:00:38+00:00","dateModified":"2026-04-08T15:55:57+00:00","description":"Secrets of Lubeck. Jouez \u00e0 un jeu de ville autonome et explorez la ville \u00e0 travers des \u00e9nigmes, des myst\u00e8res et des d\u00e9fis. Jouez \u00e0 votre propre rythme et d\u00e9couvrez la ville comme un local !","breadcrumb":{"@id":"https:\/\/testwebsite.citygame.com\/fr\/games\/lubeck\/secrets-of-lubeck\/#breadcrumb"},"inLanguage":"fr-FR","potentialAction":[{"@type":"ReadAction","target":["https:\/\/testwebsite.citygame.com\/fr\/games\/lubeck\/secrets-of-lubeck\/"]}]},{"@type":"ImageObject","inLanguage":"fr-FR","@id":"https:\/\/testwebsite.citygame.com\/fr\/games\/lubeck\/secrets-of-lubeck\/#primaryimage","url":"https:\/\/testwebsite.citygame.com\/wp-content\/blogs.dir\/1\/files\/sites\/62\/2026\/03\/group-of-friends-playing-city-game-lubeck-1.jpg","contentUrl":"https:\/\/testwebsite.citygame.com\/wp-content\/blogs.dir\/1\/files\/sites\/62\/2026\/03\/group-of-friends-playing-city-game-lubeck-1.jpg","width":1024,"height":1024,"caption":"A group of friends collaborates on a puzzle while exploring the historic streets of Lubeck."},{"@type":"BreadcrumbList","@id":"https:\/\/testwebsite.citygame.com\/fr\/games\/lubeck\/secrets-of-lubeck\/#breadcrumb","itemListElement":[{"@type":"ListItem","position":1,"name":"Home","item":"https:\/\/testwebsite.citygame.com\/fr\/"},{"@type":"ListItem","position":2,"name":"Shop","item":"https:\/\/testwebsite.citygame.com\/shop\/"},{"@type":"ListItem","position":3,"name":"Secrets of Lubeck"}]},{"@type":"WebSite","@id":"https:\/\/testwebsite.upevents.nl\/#website","url":"https:\/\/testwebsite.upevents.nl\/","name":"City Game","description":"","publisher":{"@id":"https:\/\/testwebsite.upevents.nl\/#organization"},"alternateName":"citygame.com","potentialAction":[{"@type":"SearchAction","target":{"@type":"EntryPoint","urlTemplate":"https:\/\/testwebsite.upevents.nl\/?s={search_term_string}"},"query-input":{"@type":"PropertyValueSpecification","valueRequired":true,"valueName":"search_term_string"}}],"inLanguage":"fr-FR"},{"@type":["Organization","Place"],"@id":"https:\/\/testwebsite.upevents.nl\/#organization","name":"City Game","alternateName":"citygame.com","url":"https:\/\/testwebsite.upevents.nl\/","logo":{"@id":"https:\/\/testwebsite.citygame.com\/fr\/games\/lubeck\/secrets-of-lubeck\/#local-main-organization-logo"},"image":{"@id":"https:\/\/testwebsite.citygame.com\/fr\/games\/lubeck\/secrets-of-lubeck\/#local-main-organization-logo"},"sameAs":["https:\/\/www.facebook.com\/profile.php?id=100086426226253","https:\/\/www.instagram.com\/citygame_com","https:\/\/www.tiktok.com\/@citygamecom\/","https:\/\/www.linkedin.com\/company\/citygame-com"],"description":"Turn any city into a playground with our interactive City Games and self-guided tours. Fun, flexible, and ideal for groups and team building.","telephone":[],"openingHoursSpecification":[{"@type":"OpeningHoursSpecification","dayOfWeek":["Monday","Tuesday","Wednesday","Thursday","Friday","Saturday","Sunday"],"opens":"09:00","closes":"17:00"}]},{"@type":"ImageObject","inLanguage":"fr-FR","@id":"https:\/\/testwebsite.citygame.com\/fr\/games\/lubeck\/secrets-of-lubeck\/#local-main-organization-logo","url":"https:\/\/testwebsite.citygame.com\/wp-content\/blogs.dir\/1\/files\/sites\/62\/2025\/10\/CG_LOGO-City-Game.png","contentUrl":"https:\/\/testwebsite.citygame.com\/wp-content\/blogs.dir\/1\/files\/sites\/62\/2025\/10\/CG_LOGO-City-Game.png","width":351,"height":377,"caption":"City Game"}]}},"taxonomy_info":{"game-concept":[{"value":713,"label":"Secrets"}],"location":[{"value":252,"label":"L\u00fcbeck"}],"product_cat":[{"value":663,"label":"Non class\u00e9"}]},"featured_image_src_large":["https:\/\/testwebsite.citygame.com\/wp-content\/blogs.dir\/1\/files\/sites\/62\/2026\/03\/group-of-friends-playing-city-game-lubeck-1.jpg",1024,1024,false],"author_info":[],"comment_info":"","_links":{"self":[{"href":"https:\/\/testwebsite.citygame.com\/fr\/wp-json\/wp\/v2\/product\/65429","targetHints":{"allow":["GET"]}}],"collection":[{"href":"https:\/\/testwebsite.citygame.com\/fr\/wp-json\/wp\/v2\/product"}],"about":[{"href":"https:\/\/testwebsite.citygame.com\/fr\/wp-json\/wp\/v2\/types\/product"}],"acf:post":[{"embeddable":true,"href":"https:\/\/testwebsite.citygame.com\/fr\/wp-json\/wp\/v2\/pages\/12917"}],"wp:featuredmedia":[{"embeddable":true,"href":"https:\/\/testwebsite.citygame.com\/fr\/wp-json\/wp\/v2\/media\/18597"}],"wp:attachment":[{"href":"https:\/\/testwebsite.citygame.com\/fr\/wp-json\/wp\/v2\/media?parent=65429"}],"wp:term":[{"taxonomy":"game-concept","embeddable":true,"href":"https:\/\/testwebsite.citygame.com\/fr\/wp-json\/wp\/v2\/game-concept?post=65429"},{"taxonomy":"location","embeddable":true,"href":"https:\/\/testwebsite.citygame.com\/fr\/wp-json\/wp\/v2\/location?post=65429"},{"taxonomy":"product_brand","embeddable":true,"href":"https:\/\/testwebsite.citygame.com\/fr\/wp-json\/wp\/v2\/product_brand?post=65429"},{"taxonomy":"product_cat","embeddable":true,"href":"https:\/\/testwebsite.citygame.com\/fr\/wp-json\/wp\/v2\/product_cat?post=65429"},{"taxonomy":"product_tag","embeddable":true,"href":"https:\/\/testwebsite.citygame.com\/fr\/wp-json\/wp\/v2\/product_tag?post=65429"}],"curies":[{"name":"wp","href":"https:\/\/api.w.org\/{rel}","templated":true}]}}