{"id":65395,"date":"2026-01-13T09:43:14","date_gmt":"2026-01-13T09:43:14","guid":{"rendered":"https:\/\/testwebsite.citygame.com\/games\/unknown-location\/secrets-of-edinburgh\/"},"modified":"2026-04-08T15:51:56","modified_gmt":"2026-04-08T15:51:56","slug":"secrets-of-edinburgh","status":"publish","type":"product","link":"https:\/\/testwebsite.citygame.com\/fr\/games\/edinburgh\/secrets-of-edinburgh\/","title":{"rendered":"Secrets of Edinburgh"},"content":{"rendered":"<p>Le jeu de ville Secrets of Edinburgh est un jeu autonome bas\u00e9 sur GPS qui se d\u00e9roule dans le centre historique d&rsquo;\u00c9dimbourg. \u00c0 l&rsquo;aide d&rsquo;un smartphone, les joueurs se lancent dans un jeu d&rsquo;exploration interactif o\u00f9 ils r\u00e9solvent des \u00e9nigmes, d\u00e9couvrent des myst\u00e8res et r\u00e9alisent des d\u00e9fis photo. En chemin, les participants d\u00e9couvrent la riche histoire d&rsquo;\u00c9dimbourg, sa culture distinctive et des d\u00e9tails souvent n\u00e9glig\u00e9s, tiss\u00e9s dans les rues et les monuments de la ville. Ce jeu de ville d&rsquo;\u00c9dimbourg est id\u00e9al aussi bien pour les visiteurs souhaitant d\u00e9couvrir de nouveaux lieux que pour les habitants en qu\u00eate d&rsquo;une nouvelle perspective. Ce jeu de ville autonome est con\u00e7u pour les aventuriers solitaires, les couples, les familles ou les groupes d&rsquo;amis recherchant une exp\u00e9rience urbaine flexible et engageante.<\/p>\n","protected":false},"excerpt":{"rendered":"<p>Percez le plus sombre myst\u00e8re d&rsquo;\u00c9dimbourg ! Promenez-vous dans les rues pav\u00e9es impr\u00e9gn\u00e9es d&rsquo;intrigues royales et de l\u00e9gendes \u00e9tranges en rejoignant Maggie Dickson pour retrouver le Capuchon maudit du Bourreau avant qu&rsquo;il ne fasse sa prochaine victime.<\/p>\n","protected":false},"featured_media":3535,"template":"","meta":{"_acf_changed":false,"_yoast_wpseo_focuskw":"Secrets of Edinburgh","_yoast_wpseo_metadesc":"Secrets of Edinburgh. Jouez \u00e0 un jeu de ville autonome et explorez la ville \u00e0 travers des \u00e9nigmes, des myst\u00e8res et des d\u00e9fis. Jouez \u00e0 votre rythme et d\u00e9couvrez comme un local !","_kad_blocks_custom_css":"","_kad_blocks_head_custom_js":"","_kad_blocks_body_custom_js":"","_kad_blocks_footer_custom_js":"","ghostkit_customizer_options":"","ghostkit_custom_css":"","ghostkit_custom_js_head":"","ghostkit_custom_js_foot":"","ghostkit_typography":"","_kad_post_transparent":"default","_kad_post_title":"","_kad_post_layout":"default","_kad_post_sidebar_id":"","_kad_post_content_style":"default","_kad_post_vertical_padding":"default","_kad_post_feature":"","_kad_post_feature_position":"","_kad_post_header":false,"_kad_post_footer":false,"_kad_post_classname":"","_links_to":"","_links_to_target":""},"game-concept":[713],"location":[152],"product_brand":[],"product_cat":[663],"product_tag":[],"class_list":{"0":"post-65395","1":"product","2":"type-product","3":"status-publish","4":"has-post-thumbnail","6":"game-concept-secrets","7":"location-edinburgh","8":"product_cat-non-classe","10":"first","11":"instock","12":"shipping-taxable","13":"purchasable","14":"product-type-simple","15":"entry","16":"content-bg","17":"loop-entry"},"acf":{"full_bokun_product_name":"Self-Guided Secrets of Edinburgh Exploration Game","location_name":"Edinburgh","bokun_calendar_widget_code":"<script type=\"text\/javascript\" src=\"https:\/\/widgets.bokun.io\/assets\/javascripts\/apps\/build\/BokunWidgetsLoader.js?bookingChannelUUID=a1e93e96-5232-4734-a595-28405f4b5a31\" async><\/script>\n     \n    <div class=\"bokunWidget\" data-src=\"https:\/\/widgets.bokun.io\/online-sales\/a1e93e96-5232-4734-a595-28405f4b5a31\/experience-calendar\/992369\"><\/div>\n    <noscript>Please enable javascript in your browser to book<\/noscript>","bokun_button_widget_code":"<script type=\"text\/javascript\" src=\"https:\/\/widgets.bokun.io\/assets\/javascripts\/apps\/build\/BokunWidgetsLoader.js?bookingChannelUUID=a1e93e96-5232-4734-a595-28405f4b5a31\" async><\/script>\n      <style> #bokun_ed001e45_5927_4f62_b470_ca766338d083 { display: inline-block; padding: .4em 1em; background: #47b82e; border-radius: 999999px; box-shadow: none; font-weight: 600; font-size: 24px; text-decoration: none; text-align: center; color: #FFFFFF; border:none; cursor: pointer; transition: background .2s ease; } #bokun_ed001e45_5927_4f62_b470_ca766338d083:hover{ background: #2f7b1f; } #bokun_ed001e45_5927_4f62_b470_ca766338d083:active{ background: #378f24; } <\/style> <button class=\"bokunButton\" disabled id=bokun_ed001e45_5927_4f62_b470_ca766338d083 data-src=\"https:\/\/widgets.bokun.io\/online-sales\/a1e93e96-5232-4734-a595-28405f4b5a31\/experience-calendar\/992369?partialView=1\" data-testid=\"widget-book-button\" > Book now <\/button> ","what_you\u2019ll_experience_during_the_game":"En explorant \u00c9dimbourg \u00e0 travers ce jeu de ville, vous suivrez une histoire qui se d\u00e9roule, vous guidant \u00e0 la fois vers des monuments renomm\u00e9s et des coins atmosph\u00e9riques de la ville. En chemin, vous pourriez vous retrouver \u00e0 admirer les devantures color\u00e9es de Victoria Street, \u00e0 traverser le quartier anim\u00e9 de Grassmarket, ou \u00e0 faire une pause devant la statue de Greyfriars Bobby. Des arr\u00eats historiques comme Deacon Brodie\u2019s Tavern et les sentiers ombrag\u00e9s de Greyfriars Kirkyard ajoutent de la profondeur et du caract\u00e8re \u00e0 votre p\u00e9riple. Chaque lieu offre des indices et une ambiance qui vous plongent plus profond\u00e9ment dans le pass\u00e9 stratifi\u00e9 et les d\u00e9tails cach\u00e9s de la ville.\r\n\r\nPendant le jeu, vous r\u00e9soudrez des \u00e9nigmes astucieuses, r\u00e9pondrez \u00e0 des questions locales et rel\u00e8verez des d\u00e9fis photo cr\u00e9atifs con\u00e7us pour vous connecter au charme historique d'\u00c9dimbourg. Gagner des points et d\u00e9bloquer des indices vous aidera \u00e0 progresser vers la r\u00e9v\u00e9lation d'un myst\u00e8re final, le tout \u00e0 votre propre rythme. Vous pouvez mettre le jeu en pause quand vous le souhaitez et le reprendre plus tard, que vous exploriez en solo ou avec d'autres. Pour ceux qui jouent en comp\u00e9tition, viser une place de choix au classement ajoute une couche suppl\u00e9mentaire de d\u00e9fi et de plaisir.","how_to_play":"Une fois votre r\u00e9servation effectu\u00e9e, vous recevrez un e-mail avec un lien de jeu direct. Rendez-vous au point de d\u00e9part, la Statue de Walter Francis Montagu Douglas Scott, et commencez votre aventure quand vous le souhaitez. Le jeu fonctionne directement sur votre smartphone, sans qu'aucun t\u00e9l\u00e9chargement d'application ne soit n\u00e9cessaire. Vous pouvez faire une pause \u00e0 tout moment et continuer plus tard, vous offrant une flexibilit\u00e9 totale sur votre parcours.","start_location":"Edinburgh, Lawnmarket Statue of Walter Francis Montagu Douglas Scott","available_languages":"","players_per_group":"1-4","duration":"1.5-2 hours","image_overlay_color_image":"https:\/\/testwebsite.citygame.com\/wp-content\/blogs.dir\/1\/files\/sites\/62\/2026\/01\/SecretsColor.svg","image_overlay_game_logo":"https:\/\/testwebsite.citygame.com\/wp-content\/blogs.dir\/1\/files\/sites\/62\/2026\/01\/SecretsLogo.png","city_page":12208,"woocommerce_general_content":null},"yoast_head":"<!-- This site is optimized with the Yoast SEO Premium plugin v26.2 (Yoast SEO v26.3) - https:\/\/yoast.com\/wordpress\/plugins\/seo\/ -->\n<title>Secrets of Edinburgh - City Game<\/title>\n<meta name=\"description\" content=\"Secrets of Edinburgh. Jouez \u00e0 un jeu de ville autonome et explorez la ville \u00e0 travers des \u00e9nigmes, des myst\u00e8res et des d\u00e9fis. Jouez \u00e0 votre rythme et d\u00e9couvrez comme un local !\" \/>\n<meta name=\"robots\" content=\"noindex, follow, max-snippet:-1, max-image-preview:large, max-video-preview:-1\" \/>\n<meta property=\"og:locale\" content=\"fr_FR\" \/>\n<meta property=\"og:type\" content=\"article\" \/>\n<meta property=\"og:title\" content=\"Secrets of Edinburgh\" \/>\n<meta property=\"og:description\" content=\"Secrets of Edinburgh. Jouez \u00e0 un jeu de ville autonome et explorez la ville \u00e0 travers des \u00e9nigmes, des myst\u00e8res et des d\u00e9fis. Jouez \u00e0 votre rythme et d\u00e9couvrez comme un local !\" \/>\n<meta property=\"og:url\" content=\"https:\/\/testwebsite.citygame.com\/fr\/games\/edinburgh\/secrets-of-edinburgh\/\" \/>\n<meta property=\"og:site_name\" content=\"City Game\" \/>\n<meta property=\"article:publisher\" content=\"https:\/\/www.facebook.com\/profile.php?id=100086426226253\" \/>\n<meta property=\"article:modified_time\" content=\"2026-04-08T15:51:56+00:00\" \/>\n<meta property=\"og:image\" content=\"https:\/\/testwebsite.citygame.com\/wp-content\/blogs.dir\/1\/files\/sites\/62\/2026\/01\/edinburgh-st-giles-cathedral-city-game-player-secrets.jpg\" \/>\n\t<meta property=\"og:image:width\" content=\"1184\" \/>\n\t<meta property=\"og:image:height\" content=\"864\" \/>\n\t<meta property=\"og:image:type\" content=\"image\/jpeg\" \/>\n<meta name=\"twitter:card\" content=\"summary_large_image\" \/>\n<meta name=\"twitter:label1\" content=\"Dur\u00e9e de lecture estim\u00e9e\" \/>\n\t<meta name=\"twitter:data1\" content=\"1 minute\" \/>\n<script type=\"application\/ld+json\" class=\"yoast-schema-graph\">{\"@context\":\"https:\/\/schema.org\",\"@graph\":[{\"@type\":\"WebPage\",\"@id\":\"https:\/\/testwebsite.citygame.com\/fr\/games\/edinburgh\/secrets-of-edinburgh\/\",\"url\":\"https:\/\/testwebsite.citygame.com\/fr\/games\/edinburgh\/secrets-of-edinburgh\/\",\"name\":\"Secrets of Edinburgh - City Game\",\"isPartOf\":{\"@id\":\"https:\/\/testwebsite.upevents.nl\/#website\"},\"primaryImageOfPage\":{\"@id\":\"https:\/\/testwebsite.citygame.com\/fr\/games\/edinburgh\/secrets-of-edinburgh\/#primaryimage\"},\"image\":{\"@id\":\"https:\/\/testwebsite.citygame.com\/fr\/games\/edinburgh\/secrets-of-edinburgh\/#primaryimage\"},\"thumbnailUrl\":\"https:\/\/testwebsite.citygame.com\/wp-content\/blogs.dir\/1\/files\/sites\/62\/2026\/01\/edinburgh-st-giles-cathedral-city-game-player-secrets.jpg\",\"datePublished\":\"2026-01-13T09:43:14+00:00\",\"dateModified\":\"2026-04-08T15:51:56+00:00\",\"description\":\"Secrets of Edinburgh. Jouez \u00e0 un jeu de ville autonome et explorez la ville \u00e0 travers des \u00e9nigmes, des myst\u00e8res et des d\u00e9fis. Jouez \u00e0 votre rythme et d\u00e9couvrez comme un local !\",\"breadcrumb\":{\"@id\":\"https:\/\/testwebsite.citygame.com\/fr\/games\/edinburgh\/secrets-of-edinburgh\/#breadcrumb\"},\"inLanguage\":\"fr-FR\",\"potentialAction\":[{\"@type\":\"ReadAction\",\"target\":[\"https:\/\/testwebsite.citygame.com\/fr\/games\/edinburgh\/secrets-of-edinburgh\/\"]}]},{\"@type\":\"ImageObject\",\"inLanguage\":\"fr-FR\",\"@id\":\"https:\/\/testwebsite.citygame.com\/fr\/games\/edinburgh\/secrets-of-edinburgh\/#primaryimage\",\"url\":\"https:\/\/testwebsite.citygame.com\/wp-content\/blogs.dir\/1\/files\/sites\/62\/2026\/01\/edinburgh-st-giles-cathedral-city-game-player-secrets.jpg\",\"contentUrl\":\"https:\/\/testwebsite.citygame.com\/wp-content\/blogs.dir\/1\/files\/sites\/62\/2026\/01\/edinburgh-st-giles-cathedral-city-game-player-secrets.jpg\",\"width\":1184,\"height\":864,\"caption\":\"A person discovers a city secret on their phone in front of a historic landmark in Edinburgh.\"},{\"@type\":\"BreadcrumbList\",\"@id\":\"https:\/\/testwebsite.citygame.com\/fr\/games\/edinburgh\/secrets-of-edinburgh\/#breadcrumb\",\"itemListElement\":[{\"@type\":\"ListItem\",\"position\":1,\"name\":\"Home\",\"item\":\"https:\/\/testwebsite.citygame.com\/fr\/\"},{\"@type\":\"ListItem\",\"position\":2,\"name\":\"Shop\",\"item\":\"https:\/\/testwebsite.citygame.com\/shop\/\"},{\"@type\":\"ListItem\",\"position\":3,\"name\":\"Secrets of Edinburgh\"}]},{\"@type\":\"WebSite\",\"@id\":\"https:\/\/testwebsite.upevents.nl\/#website\",\"url\":\"https:\/\/testwebsite.upevents.nl\/\",\"name\":\"City Game\",\"description\":\"\",\"publisher\":{\"@id\":\"https:\/\/testwebsite.upevents.nl\/#organization\"},\"alternateName\":\"citygame.com\",\"potentialAction\":[{\"@type\":\"SearchAction\",\"target\":{\"@type\":\"EntryPoint\",\"urlTemplate\":\"https:\/\/testwebsite.upevents.nl\/?s={search_term_string}\"},\"query-input\":{\"@type\":\"PropertyValueSpecification\",\"valueRequired\":true,\"valueName\":\"search_term_string\"}}],\"inLanguage\":\"fr-FR\"},{\"@type\":[\"Organization\",\"Place\"],\"@id\":\"https:\/\/testwebsite.upevents.nl\/#organization\",\"name\":\"City Game\",\"alternateName\":\"citygame.com\",\"url\":\"https:\/\/testwebsite.upevents.nl\/\",\"logo\":{\"@id\":\"https:\/\/testwebsite.citygame.com\/fr\/games\/edinburgh\/secrets-of-edinburgh\/#local-main-organization-logo\"},\"image\":{\"@id\":\"https:\/\/testwebsite.citygame.com\/fr\/games\/edinburgh\/secrets-of-edinburgh\/#local-main-organization-logo\"},\"sameAs\":[\"https:\/\/www.facebook.com\/profile.php?id=100086426226253\",\"https:\/\/www.instagram.com\/citygame_com\",\"https:\/\/www.tiktok.com\/@citygamecom\/\",\"https:\/\/www.linkedin.com\/company\/citygame-com\"],\"description\":\"Turn any city into a playground with our interactive City Games and self-guided tours. Fun, flexible, and ideal for groups and team building.\",\"telephone\":[],\"openingHoursSpecification\":[{\"@type\":\"OpeningHoursSpecification\",\"dayOfWeek\":[\"Monday\",\"Tuesday\",\"Wednesday\",\"Thursday\",\"Friday\",\"Saturday\",\"Sunday\"],\"opens\":\"09:00\",\"closes\":\"17:00\"}]},{\"@type\":\"ImageObject\",\"inLanguage\":\"fr-FR\",\"@id\":\"https:\/\/testwebsite.citygame.com\/fr\/games\/edinburgh\/secrets-of-edinburgh\/#local-main-organization-logo\",\"url\":\"https:\/\/testwebsite.citygame.com\/wp-content\/blogs.dir\/1\/files\/sites\/62\/2025\/10\/CG_LOGO-City-Game.png\",\"contentUrl\":\"https:\/\/testwebsite.citygame.com\/wp-content\/blogs.dir\/1\/files\/sites\/62\/2025\/10\/CG_LOGO-City-Game.png\",\"width\":351,\"height\":377,\"caption\":\"City Game\"}]}<\/script>\n<!-- \/ Yoast SEO Premium plugin. -->","yoast_head_json":{"title":"Secrets of Edinburgh - City Game","description":"Secrets of Edinburgh. Jouez \u00e0 un jeu de ville autonome et explorez la ville \u00e0 travers des \u00e9nigmes, des myst\u00e8res et des d\u00e9fis. Jouez \u00e0 votre rythme et d\u00e9couvrez comme un local !","robots":{"index":"noindex","follow":"follow","max-snippet":"max-snippet:-1","max-image-preview":"max-image-preview:large","max-video-preview":"max-video-preview:-1"},"og_locale":"fr_FR","og_type":"article","og_title":"Secrets of Edinburgh","og_description":"Secrets of Edinburgh. Jouez \u00e0 un jeu de ville autonome et explorez la ville \u00e0 travers des \u00e9nigmes, des myst\u00e8res et des d\u00e9fis. Jouez \u00e0 votre rythme et d\u00e9couvrez comme un local !","og_url":"https:\/\/testwebsite.citygame.com\/fr\/games\/edinburgh\/secrets-of-edinburgh\/","og_site_name":"City Game","article_publisher":"https:\/\/www.facebook.com\/profile.php?id=100086426226253","article_modified_time":"2026-04-08T15:51:56+00:00","og_image":[{"width":1184,"height":864,"url":"https:\/\/testwebsite.citygame.com\/wp-content\/blogs.dir\/1\/files\/sites\/62\/2026\/01\/edinburgh-st-giles-cathedral-city-game-player-secrets.jpg","type":"image\/jpeg"}],"twitter_card":"summary_large_image","twitter_misc":{"Dur\u00e9e de lecture estim\u00e9e":"1 minute"},"schema":{"@context":"https:\/\/schema.org","@graph":[{"@type":"WebPage","@id":"https:\/\/testwebsite.citygame.com\/fr\/games\/edinburgh\/secrets-of-edinburgh\/","url":"https:\/\/testwebsite.citygame.com\/fr\/games\/edinburgh\/secrets-of-edinburgh\/","name":"Secrets of Edinburgh - City Game","isPartOf":{"@id":"https:\/\/testwebsite.upevents.nl\/#website"},"primaryImageOfPage":{"@id":"https:\/\/testwebsite.citygame.com\/fr\/games\/edinburgh\/secrets-of-edinburgh\/#primaryimage"},"image":{"@id":"https:\/\/testwebsite.citygame.com\/fr\/games\/edinburgh\/secrets-of-edinburgh\/#primaryimage"},"thumbnailUrl":"https:\/\/testwebsite.citygame.com\/wp-content\/blogs.dir\/1\/files\/sites\/62\/2026\/01\/edinburgh-st-giles-cathedral-city-game-player-secrets.jpg","datePublished":"2026-01-13T09:43:14+00:00","dateModified":"2026-04-08T15:51:56+00:00","description":"Secrets of Edinburgh. Jouez \u00e0 un jeu de ville autonome et explorez la ville \u00e0 travers des \u00e9nigmes, des myst\u00e8res et des d\u00e9fis. Jouez \u00e0 votre rythme et d\u00e9couvrez comme un local !","breadcrumb":{"@id":"https:\/\/testwebsite.citygame.com\/fr\/games\/edinburgh\/secrets-of-edinburgh\/#breadcrumb"},"inLanguage":"fr-FR","potentialAction":[{"@type":"ReadAction","target":["https:\/\/testwebsite.citygame.com\/fr\/games\/edinburgh\/secrets-of-edinburgh\/"]}]},{"@type":"ImageObject","inLanguage":"fr-FR","@id":"https:\/\/testwebsite.citygame.com\/fr\/games\/edinburgh\/secrets-of-edinburgh\/#primaryimage","url":"https:\/\/testwebsite.citygame.com\/wp-content\/blogs.dir\/1\/files\/sites\/62\/2026\/01\/edinburgh-st-giles-cathedral-city-game-player-secrets.jpg","contentUrl":"https:\/\/testwebsite.citygame.com\/wp-content\/blogs.dir\/1\/files\/sites\/62\/2026\/01\/edinburgh-st-giles-cathedral-city-game-player-secrets.jpg","width":1184,"height":864,"caption":"A person discovers a city secret on their phone in front of a historic landmark in Edinburgh."},{"@type":"BreadcrumbList","@id":"https:\/\/testwebsite.citygame.com\/fr\/games\/edinburgh\/secrets-of-edinburgh\/#breadcrumb","itemListElement":[{"@type":"ListItem","position":1,"name":"Home","item":"https:\/\/testwebsite.citygame.com\/fr\/"},{"@type":"ListItem","position":2,"name":"Shop","item":"https:\/\/testwebsite.citygame.com\/shop\/"},{"@type":"ListItem","position":3,"name":"Secrets of Edinburgh"}]},{"@type":"WebSite","@id":"https:\/\/testwebsite.upevents.nl\/#website","url":"https:\/\/testwebsite.upevents.nl\/","name":"City Game","description":"","publisher":{"@id":"https:\/\/testwebsite.upevents.nl\/#organization"},"alternateName":"citygame.com","potentialAction":[{"@type":"SearchAction","target":{"@type":"EntryPoint","urlTemplate":"https:\/\/testwebsite.upevents.nl\/?s={search_term_string}"},"query-input":{"@type":"PropertyValueSpecification","valueRequired":true,"valueName":"search_term_string"}}],"inLanguage":"fr-FR"},{"@type":["Organization","Place"],"@id":"https:\/\/testwebsite.upevents.nl\/#organization","name":"City Game","alternateName":"citygame.com","url":"https:\/\/testwebsite.upevents.nl\/","logo":{"@id":"https:\/\/testwebsite.citygame.com\/fr\/games\/edinburgh\/secrets-of-edinburgh\/#local-main-organization-logo"},"image":{"@id":"https:\/\/testwebsite.citygame.com\/fr\/games\/edinburgh\/secrets-of-edinburgh\/#local-main-organization-logo"},"sameAs":["https:\/\/www.facebook.com\/profile.php?id=100086426226253","https:\/\/www.instagram.com\/citygame_com","https:\/\/www.tiktok.com\/@citygamecom\/","https:\/\/www.linkedin.com\/company\/citygame-com"],"description":"Turn any city into a playground with our interactive City Games and self-guided tours. Fun, flexible, and ideal for groups and team building.","telephone":[],"openingHoursSpecification":[{"@type":"OpeningHoursSpecification","dayOfWeek":["Monday","Tuesday","Wednesday","Thursday","Friday","Saturday","Sunday"],"opens":"09:00","closes":"17:00"}]},{"@type":"ImageObject","inLanguage":"fr-FR","@id":"https:\/\/testwebsite.citygame.com\/fr\/games\/edinburgh\/secrets-of-edinburgh\/#local-main-organization-logo","url":"https:\/\/testwebsite.citygame.com\/wp-content\/blogs.dir\/1\/files\/sites\/62\/2025\/10\/CG_LOGO-City-Game.png","contentUrl":"https:\/\/testwebsite.citygame.com\/wp-content\/blogs.dir\/1\/files\/sites\/62\/2025\/10\/CG_LOGO-City-Game.png","width":351,"height":377,"caption":"City Game"}]}},"taxonomy_info":{"game-concept":[{"value":713,"label":"Secrets"}],"location":[{"value":152,"label":"Edinburgh"}],"product_cat":[{"value":663,"label":"Non class\u00e9"}]},"featured_image_src_large":["https:\/\/testwebsite.citygame.com\/wp-content\/blogs.dir\/1\/files\/sites\/62\/2026\/01\/edinburgh-st-giles-cathedral-city-game-player-secrets-1024x747.jpg",1024,747,true],"author_info":[],"comment_info":"","_links":{"self":[{"href":"https:\/\/testwebsite.citygame.com\/fr\/wp-json\/wp\/v2\/product\/65395","targetHints":{"allow":["GET"]}}],"collection":[{"href":"https:\/\/testwebsite.citygame.com\/fr\/wp-json\/wp\/v2\/product"}],"about":[{"href":"https:\/\/testwebsite.citygame.com\/fr\/wp-json\/wp\/v2\/types\/product"}],"acf:post":[{"embeddable":true,"href":"https:\/\/testwebsite.citygame.com\/fr\/wp-json\/wp\/v2\/pages\/12208"}],"wp:featuredmedia":[{"embeddable":true,"href":"https:\/\/testwebsite.citygame.com\/fr\/wp-json\/wp\/v2\/media\/3535"}],"wp:attachment":[{"href":"https:\/\/testwebsite.citygame.com\/fr\/wp-json\/wp\/v2\/media?parent=65395"}],"wp:term":[{"taxonomy":"game-concept","embeddable":true,"href":"https:\/\/testwebsite.citygame.com\/fr\/wp-json\/wp\/v2\/game-concept?post=65395"},{"taxonomy":"location","embeddable":true,"href":"https:\/\/testwebsite.citygame.com\/fr\/wp-json\/wp\/v2\/location?post=65395"},{"taxonomy":"product_brand","embeddable":true,"href":"https:\/\/testwebsite.citygame.com\/fr\/wp-json\/wp\/v2\/product_brand?post=65395"},{"taxonomy":"product_cat","embeddable":true,"href":"https:\/\/testwebsite.citygame.com\/fr\/wp-json\/wp\/v2\/product_cat?post=65395"},{"taxonomy":"product_tag","embeddable":true,"href":"https:\/\/testwebsite.citygame.com\/fr\/wp-json\/wp\/v2\/product_tag?post=65395"}],"curies":[{"name":"wp","href":"https:\/\/api.w.org\/{rel}","templated":true}]}}