{"id":63490,"date":"2026-03-13T10:55:54","date_gmt":"2026-03-13T10:55:54","guid":{"rendered":"https:\/\/testwebsite.citygame.com\/games\/unknown-location\/secrets-of-aalborg\/"},"modified":"2026-04-08T11:51:24","modified_gmt":"2026-04-08T11:51:24","slug":"secrets-of-aalborg","status":"publish","type":"product","link":"https:\/\/testwebsite.citygame.com\/fr\/games\/aalborg\/secrets-of-aalborg\/","title":{"rendered":"Secrets of Aalborg"},"content":{"rendered":"<p>D\u00e9couvrez Aalborg comme jamais auparavant avec notre jeu de ville &lsquo;Secrets of Aalborg&rsquo;. Ce jeu autoguid\u00e9, bas\u00e9 sur le GPS, vous emm\u00e8ne dans un voyage d&rsquo;exploration \u00e0 travers le centre-ville d&rsquo;Aalborg, utilisant votre smartphone comme guide. En naviguant \u00e0 travers la ville, vous r\u00e9soudrez des \u00e9nigmes captivantes, des devinettes et des d\u00e9fis photo, d\u00e9bloquant ainsi l&rsquo;histoire, la culture et les d\u00e9tails cach\u00e9s d&rsquo;Aalborg. Ce jeu de ville immersif est parfait pour les visiteurs \u00e0 la recherche d&rsquo;une mani\u00e8re non conventionnelle de d\u00e9couvrir Aalborg et pour les habitants souhaitant explorer leur ville avec un regard neuf. Adapt\u00e9 aux joueurs solitaires, aux couples, aux familles ou aux groupes d&rsquo;amis, le jeu offre une fa\u00e7on divertissante, informative et interactive de d\u00e9couvrir Aalborg.<\/p>\n","protected":false},"excerpt":{"rendered":"<p>Plongez dans les profondeurs dynamiques d&rsquo;Aalborg ! Traversez une ville o\u00f9 l&rsquo;esprit viking ancien rencontre le charme nordique moderne \u00e0 chaque coin de rue et o\u00f9 les pignons color\u00e9s racontent des histoires ancr\u00e9es dans l&rsquo;histoire. D\u00e9m\u00ealez des indices \u00e9nigmatiques en naviguant \u00e0 travers son c\u0153ur anim\u00e9, Aalborg regorge d&rsquo;intrigues et d&rsquo;aventures \u00e0 chaque tournant !<\/p>\n","protected":false},"featured_media":18489,"template":"","meta":{"_acf_changed":false,"_yoast_wpseo_focuskw":"Secrets of Aalborg","_yoast_wpseo_metadesc":"Secrets of Aalborg. Jouez \u00e0 un jeu de ville autoguid\u00e9 et explorez la ville \u00e0 travers des puzzles, des \u00e9nigmes et des d\u00e9fis. Jouez \u00e0 votre rythme et d\u00e9couvrez comme un local !","_kad_blocks_custom_css":"","_kad_blocks_head_custom_js":"","_kad_blocks_body_custom_js":"","_kad_blocks_footer_custom_js":"","ghostkit_customizer_options":"","ghostkit_custom_css":"","ghostkit_custom_js_head":"","ghostkit_custom_js_foot":"","ghostkit_typography":"","_kad_post_transparent":"","_kad_post_title":"","_kad_post_layout":"","_kad_post_sidebar_id":"","_kad_post_content_style":"","_kad_post_vertical_padding":"","_kad_post_feature":"","_kad_post_feature_position":"","_kad_post_header":false,"_kad_post_footer":false,"_kad_post_classname":"","_links_to":"","_links_to_target":""},"game-concept":[713],"location":[55],"product_brand":[],"product_cat":[663],"product_tag":[],"class_list":{"0":"post-63490","1":"product","2":"type-product","3":"status-publish","4":"has-post-thumbnail","6":"game-concept-secrets","7":"location-aalborg","8":"product_cat-non-classe","10":"first","11":"instock","12":"shipping-taxable","13":"purchasable","14":"product-type-simple","15":"entry","16":"content-bg","17":"loop-entry"},"acf":{"full_bokun_product_name":"Self-Guided Secrets of Aalborg Exploration Game","location_name":"Aalborg","bokun_calendar_widget_code":"<script type=\"text\/javascript\" src=\"https:\/\/widgets.bokun.io\/assets\/javascripts\/apps\/build\/BokunWidgetsLoader.js?bookingChannelUUID=a1e93e96-5232-4734-a595-28405f4b5a31\" async><\/script>\n     \n    <div class=\"bokunWidget\" data-src=\"https:\/\/widgets.bokun.io\/online-sales\/a1e93e96-5232-4734-a595-28405f4b5a31\/experience-calendar\/875878\"><\/div>\n    <noscript>Please enable javascript in your browser to book<\/noscript>","bokun_button_widget_code":"<script type=\"text\/javascript\" src=\"https:\/\/widgets.bokun.io\/assets\/javascripts\/apps\/build\/BokunWidgetsLoader.js?bookingChannelUUID=a1e93e96-5232-4734-a595-28405f4b5a31\" async><\/script>\n      <style> #bokun_ed001e45_5927_4f62_b470_ca766338d083 { display: inline-block; padding: .4em 1em; background: #47b82e; border-radius: 999999px; box-shadow: none; font-weight: 600; font-size: 24px; text-decoration: none; text-align: center; color: #FFFFFF; border:none; cursor: pointer; transition: background .2s ease; } #bokun_ed001e45_5927_4f62_b470_ca766338d083:hover{ background: #2f7b1f; } #bokun_ed001e45_5927_4f62_b470_ca766338d083:active{ background: #378f24; } <\/style> <button class=\"bokunButton\" disabled id=bokun_ed001e45_5927_4f62_b470_ca766338d083 data-src=\"https:\/\/widgets.bokun.io\/online-sales\/a1e93e96-5232-4734-a595-28405f4b5a31\/experience-calendar\/875878?partialView=1\" data-testid=\"widget-book-button\" > Book now <\/button> ","what_you\u2019ll_experience_during_the_game":"Plongez-vous dans la ville enchant\u00e9e d'Aalborg gr\u00e2ce au jeu de ville 'Secrets of Aalborg'. Ce m\u00e9lange astucieux de visites touristiques et d'intrigues captivantes, accompagn\u00e9 de d\u00e9fis interactifs, est votre porte d'entr\u00e9e excitante vers cette ville pittoresque. En vous lan\u00e7ant dans cette qu\u00eate, vous voyagerez \u00e0 travers un m\u00e9lange de joyaux embl\u00e9matiques et cach\u00e9s d'Aalborg, incluant des moments d'\u00e9merveillement devant le front de mer envo\u00fbtant et la beaut\u00e9 impressionnante du Lindholm H\u00f8je Museum, sans oublier les d\u00e9lices architecturaux de The House of Music et l'admiration de l'art contemporain au Kunsten Museum of Modern Art. Chaque lieu ajoute une nouvelle couche \u00e0 votre mosa\u00efque exploratoire d'Aalborg, en faisant un d\u00e9lice pour tous.\n\nLe frisson du jeu de ville r\u00e9side non seulement dans l'exploration, mais aussi dans les puzzles captivants, les \u00e9nigmes myst\u00e9rieuses, les questions intrigantes et les d\u00e9fis photo cr\u00e9atifs qui attendent votre solution. R\u00e9ussir ces d\u00e9fis vous fera gagner des points essentiels, d\u00e9bloquera des indices utiles et vous rapprochera du d\u00e9chiffrage du grand myst\u00e8re. La particularit\u00e9 du jeu est sa flexibilit\u00e9. Choisissez quand faire une pause et quand vous engager, en faisant une exp\u00e9rience personnalis\u00e9e et unique. Si vous \u00eates du genre comp\u00e9titif, mettez \u00e0 profit vos comp\u00e9tences en strat\u00e9gie de jeu et visez une position de choix au classement, ajoutant une couche suppl\u00e9mentaire d'excitation \u00e0 votre exploration d'Aalborg.","how_to_play":"R\u00e9servez le Jeu d'Exploration, v\u00e9rifiez l'e-mail que nous vous envoyons avec les instructions simples, t\u00e9l\u00e9chargez l'application Loquiz, acc\u00e9dez au Jeu d'Exploration et vous \u00eates pr\u00eat \u00e0 commencer votre exp\u00e9rience de jeu !","start_location":"Aalborg, Budolfi Church","available_languages":["en","es","fr","it","nl","de"],"players_per_group":"1-4","duration":"1.5-2 hours","image_overlay_color_image":"https:\/\/testwebsite.citygame.com\/wp-content\/blogs.dir\/1\/files\/sites\/62\/2026\/01\/SecretsColor.svg","image_overlay_game_logo":"https:\/\/testwebsite.citygame.com\/wp-content\/blogs.dir\/1\/files\/sites\/62\/2026\/01\/SecretsLogo.png","city_page":12957,"woocommerce_general_content":null},"yoast_head":"<!-- This site is optimized with the Yoast SEO Premium plugin v26.2 (Yoast SEO v26.3) - https:\/\/yoast.com\/wordpress\/plugins\/seo\/ -->\n<title>Secrets of Aalborg - City Game<\/title>\n<meta name=\"description\" content=\"Secrets of Aalborg. Jouez \u00e0 un jeu de ville autoguid\u00e9 et explorez la ville \u00e0 travers des puzzles, des \u00e9nigmes et des d\u00e9fis. Jouez \u00e0 votre rythme et d\u00e9couvrez comme un local !\" \/>\n<meta name=\"robots\" content=\"noindex, follow, max-snippet:-1, max-image-preview:large, max-video-preview:-1\" \/>\n<meta property=\"og:locale\" content=\"fr_FR\" \/>\n<meta property=\"og:type\" content=\"article\" \/>\n<meta property=\"og:title\" content=\"Secrets of Aalborg\" \/>\n<meta property=\"og:description\" content=\"Secrets of Aalborg. Jouez \u00e0 un jeu de ville autoguid\u00e9 et explorez la ville \u00e0 travers des puzzles, des \u00e9nigmes et des d\u00e9fis. Jouez \u00e0 votre rythme et d\u00e9couvrez comme un local !\" \/>\n<meta property=\"og:url\" content=\"https:\/\/testwebsite.citygame.com\/fr\/games\/aalborg\/secrets-of-aalborg\/\" \/>\n<meta property=\"og:site_name\" content=\"City Game\" \/>\n<meta property=\"article:publisher\" content=\"https:\/\/www.facebook.com\/profile.php?id=100086426226253\" \/>\n<meta property=\"article:modified_time\" content=\"2026-04-08T11:51:24+00:00\" \/>\n<meta property=\"og:image\" content=\"https:\/\/testwebsite.citygame.com\/wp-content\/blogs.dir\/1\/files\/sites\/62\/2026\/03\/man-playing-city-game-on-cobblestone-street-in-aalborg.jpg\" \/>\n\t<meta property=\"og:image:width\" content=\"1024\" \/>\n\t<meta property=\"og:image:height\" content=\"1024\" \/>\n\t<meta property=\"og:image:type\" content=\"image\/jpeg\" \/>\n<meta name=\"twitter:card\" content=\"summary_large_image\" \/>\n<meta name=\"twitter:label1\" content=\"Dur\u00e9e de lecture estim\u00e9e\" \/>\n\t<meta name=\"twitter:data1\" content=\"1 minute\" \/>\n<script type=\"application\/ld+json\" class=\"yoast-schema-graph\">{\"@context\":\"https:\/\/schema.org\",\"@graph\":[{\"@type\":\"WebPage\",\"@id\":\"https:\/\/testwebsite.citygame.com\/fr\/games\/aalborg\/secrets-of-aalborg\/\",\"url\":\"https:\/\/testwebsite.citygame.com\/fr\/games\/aalborg\/secrets-of-aalborg\/\",\"name\":\"Secrets of Aalborg - City Game\",\"isPartOf\":{\"@id\":\"https:\/\/testwebsite.upevents.nl\/#website\"},\"primaryImageOfPage\":{\"@id\":\"https:\/\/testwebsite.citygame.com\/fr\/games\/aalborg\/secrets-of-aalborg\/#primaryimage\"},\"image\":{\"@id\":\"https:\/\/testwebsite.citygame.com\/fr\/games\/aalborg\/secrets-of-aalborg\/#primaryimage\"},\"thumbnailUrl\":\"https:\/\/testwebsite.citygame.com\/wp-content\/blogs.dir\/1\/files\/sites\/62\/2026\/03\/man-playing-city-game-on-cobblestone-street-in-aalborg.jpg\",\"datePublished\":\"2026-03-13T10:55:54+00:00\",\"dateModified\":\"2026-04-08T11:51:24+00:00\",\"description\":\"Secrets of Aalborg. Jouez \u00e0 un jeu de ville autoguid\u00e9 et explorez la ville \u00e0 travers des puzzles, des \u00e9nigmes et des d\u00e9fis. Jouez \u00e0 votre rythme et d\u00e9couvrez comme un local !\",\"breadcrumb\":{\"@id\":\"https:\/\/testwebsite.citygame.com\/fr\/games\/aalborg\/secrets-of-aalborg\/#breadcrumb\"},\"inLanguage\":\"fr-FR\",\"potentialAction\":[{\"@type\":\"ReadAction\",\"target\":[\"https:\/\/testwebsite.citygame.com\/fr\/games\/aalborg\/secrets-of-aalborg\/\"]}]},{\"@type\":\"ImageObject\",\"inLanguage\":\"fr-FR\",\"@id\":\"https:\/\/testwebsite.citygame.com\/fr\/games\/aalborg\/secrets-of-aalborg\/#primaryimage\",\"url\":\"https:\/\/testwebsite.citygame.com\/wp-content\/blogs.dir\/1\/files\/sites\/62\/2026\/03\/man-playing-city-game-on-cobblestone-street-in-aalborg.jpg\",\"contentUrl\":\"https:\/\/testwebsite.citygame.com\/wp-content\/blogs.dir\/1\/files\/sites\/62\/2026\/03\/man-playing-city-game-on-cobblestone-street-in-aalborg.jpg\",\"width\":1024,\"height\":1024,\"caption\":\"A player navigates the historic, cobblestone streets of Aalborg using a city game app on his phone.\"},{\"@type\":\"BreadcrumbList\",\"@id\":\"https:\/\/testwebsite.citygame.com\/fr\/games\/aalborg\/secrets-of-aalborg\/#breadcrumb\",\"itemListElement\":[{\"@type\":\"ListItem\",\"position\":1,\"name\":\"Home\",\"item\":\"https:\/\/testwebsite.citygame.com\/fr\/\"},{\"@type\":\"ListItem\",\"position\":2,\"name\":\"Shop\",\"item\":\"https:\/\/testwebsite.citygame.com\/shop\/\"},{\"@type\":\"ListItem\",\"position\":3,\"name\":\"Secrets of Aalborg\"}]},{\"@type\":\"WebSite\",\"@id\":\"https:\/\/testwebsite.upevents.nl\/#website\",\"url\":\"https:\/\/testwebsite.upevents.nl\/\",\"name\":\"City Game\",\"description\":\"\",\"publisher\":{\"@id\":\"https:\/\/testwebsite.upevents.nl\/#organization\"},\"alternateName\":\"citygame.com\",\"potentialAction\":[{\"@type\":\"SearchAction\",\"target\":{\"@type\":\"EntryPoint\",\"urlTemplate\":\"https:\/\/testwebsite.upevents.nl\/?s={search_term_string}\"},\"query-input\":{\"@type\":\"PropertyValueSpecification\",\"valueRequired\":true,\"valueName\":\"search_term_string\"}}],\"inLanguage\":\"fr-FR\"},{\"@type\":[\"Organization\",\"Place\"],\"@id\":\"https:\/\/testwebsite.upevents.nl\/#organization\",\"name\":\"City Game\",\"alternateName\":\"citygame.com\",\"url\":\"https:\/\/testwebsite.upevents.nl\/\",\"logo\":{\"@id\":\"https:\/\/testwebsite.citygame.com\/fr\/games\/aalborg\/secrets-of-aalborg\/#local-main-organization-logo\"},\"image\":{\"@id\":\"https:\/\/testwebsite.citygame.com\/fr\/games\/aalborg\/secrets-of-aalborg\/#local-main-organization-logo\"},\"sameAs\":[\"https:\/\/www.facebook.com\/profile.php?id=100086426226253\",\"https:\/\/www.instagram.com\/citygame_com\",\"https:\/\/www.tiktok.com\/@citygamecom\/\",\"https:\/\/www.linkedin.com\/company\/citygame-com\"],\"description\":\"Turn any city into a playground with our interactive City Games and self-guided tours. Fun, flexible, and ideal for groups and team building.\",\"telephone\":[],\"openingHoursSpecification\":[{\"@type\":\"OpeningHoursSpecification\",\"dayOfWeek\":[\"Monday\",\"Tuesday\",\"Wednesday\",\"Thursday\",\"Friday\",\"Saturday\",\"Sunday\"],\"opens\":\"09:00\",\"closes\":\"17:00\"}]},{\"@type\":\"ImageObject\",\"inLanguage\":\"fr-FR\",\"@id\":\"https:\/\/testwebsite.citygame.com\/fr\/games\/aalborg\/secrets-of-aalborg\/#local-main-organization-logo\",\"url\":\"https:\/\/testwebsite.citygame.com\/wp-content\/blogs.dir\/1\/files\/sites\/62\/2025\/10\/CG_LOGO-City-Game.png\",\"contentUrl\":\"https:\/\/testwebsite.citygame.com\/wp-content\/blogs.dir\/1\/files\/sites\/62\/2025\/10\/CG_LOGO-City-Game.png\",\"width\":351,\"height\":377,\"caption\":\"City Game\"}]}<\/script>\n<!-- \/ Yoast SEO Premium plugin. -->","yoast_head_json":{"title":"Secrets of Aalborg - City Game","description":"Secrets of Aalborg. Jouez \u00e0 un jeu de ville autoguid\u00e9 et explorez la ville \u00e0 travers des puzzles, des \u00e9nigmes et des d\u00e9fis. Jouez \u00e0 votre rythme et d\u00e9couvrez comme un local !","robots":{"index":"noindex","follow":"follow","max-snippet":"max-snippet:-1","max-image-preview":"max-image-preview:large","max-video-preview":"max-video-preview:-1"},"og_locale":"fr_FR","og_type":"article","og_title":"Secrets of Aalborg","og_description":"Secrets of Aalborg. Jouez \u00e0 un jeu de ville autoguid\u00e9 et explorez la ville \u00e0 travers des puzzles, des \u00e9nigmes et des d\u00e9fis. Jouez \u00e0 votre rythme et d\u00e9couvrez comme un local !","og_url":"https:\/\/testwebsite.citygame.com\/fr\/games\/aalborg\/secrets-of-aalborg\/","og_site_name":"City Game","article_publisher":"https:\/\/www.facebook.com\/profile.php?id=100086426226253","article_modified_time":"2026-04-08T11:51:24+00:00","og_image":[{"width":1024,"height":1024,"url":"https:\/\/testwebsite.citygame.com\/wp-content\/blogs.dir\/1\/files\/sites\/62\/2026\/03\/man-playing-city-game-on-cobblestone-street-in-aalborg.jpg","type":"image\/jpeg"}],"twitter_card":"summary_large_image","twitter_misc":{"Dur\u00e9e de lecture estim\u00e9e":"1 minute"},"schema":{"@context":"https:\/\/schema.org","@graph":[{"@type":"WebPage","@id":"https:\/\/testwebsite.citygame.com\/fr\/games\/aalborg\/secrets-of-aalborg\/","url":"https:\/\/testwebsite.citygame.com\/fr\/games\/aalborg\/secrets-of-aalborg\/","name":"Secrets of Aalborg - City Game","isPartOf":{"@id":"https:\/\/testwebsite.upevents.nl\/#website"},"primaryImageOfPage":{"@id":"https:\/\/testwebsite.citygame.com\/fr\/games\/aalborg\/secrets-of-aalborg\/#primaryimage"},"image":{"@id":"https:\/\/testwebsite.citygame.com\/fr\/games\/aalborg\/secrets-of-aalborg\/#primaryimage"},"thumbnailUrl":"https:\/\/testwebsite.citygame.com\/wp-content\/blogs.dir\/1\/files\/sites\/62\/2026\/03\/man-playing-city-game-on-cobblestone-street-in-aalborg.jpg","datePublished":"2026-03-13T10:55:54+00:00","dateModified":"2026-04-08T11:51:24+00:00","description":"Secrets of Aalborg. Jouez \u00e0 un jeu de ville autoguid\u00e9 et explorez la ville \u00e0 travers des puzzles, des \u00e9nigmes et des d\u00e9fis. Jouez \u00e0 votre rythme et d\u00e9couvrez comme un local !","breadcrumb":{"@id":"https:\/\/testwebsite.citygame.com\/fr\/games\/aalborg\/secrets-of-aalborg\/#breadcrumb"},"inLanguage":"fr-FR","potentialAction":[{"@type":"ReadAction","target":["https:\/\/testwebsite.citygame.com\/fr\/games\/aalborg\/secrets-of-aalborg\/"]}]},{"@type":"ImageObject","inLanguage":"fr-FR","@id":"https:\/\/testwebsite.citygame.com\/fr\/games\/aalborg\/secrets-of-aalborg\/#primaryimage","url":"https:\/\/testwebsite.citygame.com\/wp-content\/blogs.dir\/1\/files\/sites\/62\/2026\/03\/man-playing-city-game-on-cobblestone-street-in-aalborg.jpg","contentUrl":"https:\/\/testwebsite.citygame.com\/wp-content\/blogs.dir\/1\/files\/sites\/62\/2026\/03\/man-playing-city-game-on-cobblestone-street-in-aalborg.jpg","width":1024,"height":1024,"caption":"A player navigates the historic, cobblestone streets of Aalborg using a city game app on his phone."},{"@type":"BreadcrumbList","@id":"https:\/\/testwebsite.citygame.com\/fr\/games\/aalborg\/secrets-of-aalborg\/#breadcrumb","itemListElement":[{"@type":"ListItem","position":1,"name":"Home","item":"https:\/\/testwebsite.citygame.com\/fr\/"},{"@type":"ListItem","position":2,"name":"Shop","item":"https:\/\/testwebsite.citygame.com\/shop\/"},{"@type":"ListItem","position":3,"name":"Secrets of Aalborg"}]},{"@type":"WebSite","@id":"https:\/\/testwebsite.upevents.nl\/#website","url":"https:\/\/testwebsite.upevents.nl\/","name":"City Game","description":"","publisher":{"@id":"https:\/\/testwebsite.upevents.nl\/#organization"},"alternateName":"citygame.com","potentialAction":[{"@type":"SearchAction","target":{"@type":"EntryPoint","urlTemplate":"https:\/\/testwebsite.upevents.nl\/?s={search_term_string}"},"query-input":{"@type":"PropertyValueSpecification","valueRequired":true,"valueName":"search_term_string"}}],"inLanguage":"fr-FR"},{"@type":["Organization","Place"],"@id":"https:\/\/testwebsite.upevents.nl\/#organization","name":"City Game","alternateName":"citygame.com","url":"https:\/\/testwebsite.upevents.nl\/","logo":{"@id":"https:\/\/testwebsite.citygame.com\/fr\/games\/aalborg\/secrets-of-aalborg\/#local-main-organization-logo"},"image":{"@id":"https:\/\/testwebsite.citygame.com\/fr\/games\/aalborg\/secrets-of-aalborg\/#local-main-organization-logo"},"sameAs":["https:\/\/www.facebook.com\/profile.php?id=100086426226253","https:\/\/www.instagram.com\/citygame_com","https:\/\/www.tiktok.com\/@citygamecom\/","https:\/\/www.linkedin.com\/company\/citygame-com"],"description":"Turn any city into a playground with our interactive City Games and self-guided tours. Fun, flexible, and ideal for groups and team building.","telephone":[],"openingHoursSpecification":[{"@type":"OpeningHoursSpecification","dayOfWeek":["Monday","Tuesday","Wednesday","Thursday","Friday","Saturday","Sunday"],"opens":"09:00","closes":"17:00"}]},{"@type":"ImageObject","inLanguage":"fr-FR","@id":"https:\/\/testwebsite.citygame.com\/fr\/games\/aalborg\/secrets-of-aalborg\/#local-main-organization-logo","url":"https:\/\/testwebsite.citygame.com\/wp-content\/blogs.dir\/1\/files\/sites\/62\/2025\/10\/CG_LOGO-City-Game.png","contentUrl":"https:\/\/testwebsite.citygame.com\/wp-content\/blogs.dir\/1\/files\/sites\/62\/2025\/10\/CG_LOGO-City-Game.png","width":351,"height":377,"caption":"City Game"}]}},"taxonomy_info":{"game-concept":[{"value":713,"label":"Secrets"}],"location":[{"value":55,"label":"Aalborg"}],"product_cat":[{"value":663,"label":"Non class\u00e9"}]},"featured_image_src_large":["https:\/\/testwebsite.citygame.com\/wp-content\/blogs.dir\/1\/files\/sites\/62\/2026\/03\/man-playing-city-game-on-cobblestone-street-in-aalborg.jpg",1024,1024,false],"author_info":[],"comment_info":"","_links":{"self":[{"href":"https:\/\/testwebsite.citygame.com\/fr\/wp-json\/wp\/v2\/product\/63490","targetHints":{"allow":["GET"]}}],"collection":[{"href":"https:\/\/testwebsite.citygame.com\/fr\/wp-json\/wp\/v2\/product"}],"about":[{"href":"https:\/\/testwebsite.citygame.com\/fr\/wp-json\/wp\/v2\/types\/product"}],"acf:post":[{"embeddable":true,"href":"https:\/\/testwebsite.citygame.com\/fr\/wp-json\/wp\/v2\/pages\/12957"}],"wp:featuredmedia":[{"embeddable":true,"href":"https:\/\/testwebsite.citygame.com\/fr\/wp-json\/wp\/v2\/media\/18489"}],"wp:attachment":[{"href":"https:\/\/testwebsite.citygame.com\/fr\/wp-json\/wp\/v2\/media?parent=63490"}],"wp:term":[{"taxonomy":"game-concept","embeddable":true,"href":"https:\/\/testwebsite.citygame.com\/fr\/wp-json\/wp\/v2\/game-concept?post=63490"},{"taxonomy":"location","embeddable":true,"href":"https:\/\/testwebsite.citygame.com\/fr\/wp-json\/wp\/v2\/location?post=63490"},{"taxonomy":"product_brand","embeddable":true,"href":"https:\/\/testwebsite.citygame.com\/fr\/wp-json\/wp\/v2\/product_brand?post=63490"},{"taxonomy":"product_cat","embeddable":true,"href":"https:\/\/testwebsite.citygame.com\/fr\/wp-json\/wp\/v2\/product_cat?post=63490"},{"taxonomy":"product_tag","embeddable":true,"href":"https:\/\/testwebsite.citygame.com\/fr\/wp-json\/wp\/v2\/product_tag?post=63490"}],"curies":[{"name":"wp","href":"https:\/\/api.w.org\/{rel}","templated":true}]}}