{"id":62806,"date":"2026-02-05T18:49:39","date_gmt":"2026-02-05T18:49:39","guid":{"rendered":"https:\/\/testwebsite.citygame.com\/games\/unknown-location\/sherlock-holmes-kiruna\/"},"modified":"2026-04-08T10:23:51","modified_gmt":"2026-04-08T10:23:51","slug":"sherlock-holmes-kiruna","status":"publish","type":"product","link":"https:\/\/testwebsite.citygame.com\/fr\/games\/kiruna\/sherlock-holmes-kiruna\/","title":{"rendered":"Sherlock Holmes Kiruna"},"content":{"rendered":"<p>Plongez dans l&rsquo;univers de Sherlock Holmes avec ce jeu de ville autoguid\u00e9, ax\u00e9 sur une histoire de meurtre myst\u00e9rieux, se d\u00e9roulant dans le centre-ville de Kiruna. Alors que le Liberty Festival est assombri par un meurtre choquant, vous vous d\u00e9placerez dans la ville en suivant un r\u00e9cit qui vous met au d\u00e9fi de rassembler des indices, de r\u00e9soudre des \u00e9nigmes cryptiques et d&rsquo;interroger des suspects num\u00e9riques. Con\u00e7u pour ceux qui d\u00e9sirent une exp\u00e9rience immersive de d\u00e9tective \u00e0 leur propre rythme, les rues de Kiruna deviennent votre sc\u00e8ne de crime alors que vous endossez le r\u00f4le d&rsquo;un enqu\u00eateur d\u00e9m\u00ealant une affaire sinistre.<\/p>\n","protected":false},"excerpt":{"rendered":"<p>Incarnez Sherlock Holmes au c\u0153ur de la glaciale Kiruna et lancez-vous dans votre propre myst\u00e8re de meurtre autoguid\u00e9. Avec votre \u00e9quipe, frayez-vous un chemin \u00e0 travers ce labyrinthe nordique \u00e9nigmatique, r\u00e9solvez des \u00e9nigmes complexes, suivez des indices insaisissables et d\u00e9terrez la dure v\u00e9rit\u00e9, le temps est compt\u00e9 !<\/p>\n","protected":false},"featured_media":10970,"template":"","meta":{"_acf_changed":false,"_yoast_wpseo_focuskw":"Sherlock Holmes Kiruna","_yoast_wpseo_metadesc":"Sherlock Holmes Kiruna. Jouez \u00e0 un jeu de ville autoguid\u00e9 de meurtre myst\u00e9rieux, r\u00e9solvez des \u00e9nigmes, suivez les indices et d\u00e9masquez le meurtrier \u00e0 votre propre rythme !","_kad_blocks_custom_css":"","_kad_blocks_head_custom_js":"","_kad_blocks_body_custom_js":"","_kad_blocks_footer_custom_js":"","ghostkit_customizer_options":"","ghostkit_custom_css":"","ghostkit_custom_js_head":"","ghostkit_custom_js_foot":"","ghostkit_typography":"","_kad_post_transparent":"","_kad_post_title":"","_kad_post_layout":"","_kad_post_sidebar_id":"","_kad_post_content_style":"","_kad_post_vertical_padding":"","_kad_post_feature":"","_kad_post_feature_position":"","_kad_post_header":false,"_kad_post_footer":false,"_kad_post_classname":"","_links_to":"","_links_to_target":""},"game-concept":[774],"location":[225],"product_brand":[],"product_cat":[663],"product_tag":[],"class_list":{"0":"post-62806","1":"product","2":"type-product","3":"status-publish","4":"has-post-thumbnail","6":"game-concept-sherlock","7":"location-kiruna","8":"product_cat-non-classe","10":"first","11":"instock","12":"shipping-taxable","13":"purchasable","14":"product-type-simple","15":"entry","16":"content-bg","17":"loop-entry"},"acf":{"full_bokun_product_name":"Kiruna Self-Guided Sherlock Holmes Murder Mystery Game","location_name":"Kiruna","bokun_calendar_widget_code":"<script type=\"text\/javascript\" src=\"https:\/\/widgets.bokun.io\/assets\/javascripts\/apps\/build\/BokunWidgetsLoader.js?bookingChannelUUID=a1e93e96-5232-4734-a595-28405f4b5a31\" async><\/script>\n     \n    <div class=\"bokunWidget\" data-src=\"https:\/\/widgets.bokun.io\/online-sales\/a1e93e96-5232-4734-a595-28405f4b5a31\/experience-calendar\/733232\"><\/div>\n    <noscript>Please enable javascript in your browser to book<\/noscript>","bokun_button_widget_code":"<script type=\"text\/javascript\" src=\"https:\/\/widgets.bokun.io\/assets\/javascripts\/apps\/build\/BokunWidgetsLoader.js?bookingChannelUUID=a1e93e96-5232-4734-a595-28405f4b5a31\" async><\/script>\n      <style> #bokun_ed001e45_5927_4f62_b470_ca766338d083 { display: inline-block; padding: .4em 1em; background: #47b82e; border-radius: 999999px; box-shadow: none; font-weight: 600; font-size: 24px; text-decoration: none; text-align: center; color: #FFFFFF; border:none; cursor: pointer; transition: background .2s ease; } #bokun_ed001e45_5927_4f62_b470_ca766338d083:hover{ background: #2f7b1f; } #bokun_ed001e45_5927_4f62_b470_ca766338d083:active{ background: #378f24; } <\/style> <button class=\"bokunButton\" disabled id=bokun_ed001e45_5927_4f62_b470_ca766338d083 data-src=\"https:\/\/widgets.bokun.io\/online-sales\/a1e93e96-5232-4734-a595-28405f4b5a31\/experience-calendar\/733232?partialView=1\" data-testid=\"widget-book-button\" > Book now <\/button> ","what_you\u2019ll_experience_during_the_game":"Plongez dans une histoire polici\u00e8re captivante se d\u00e9roulant \u00e0 Kiruna, o\u00f9 un meurtre commis pendant le Liberty Festival a choqu\u00e9 la communaut\u00e9. Au fur et \u00e0 mesure que vous traversez la ville \u00e0 votre propre rythme, l'enqu\u00eate se d\u00e9roule sc\u00e8ne par sc\u00e8ne. Chaque lieu apporte de nouvelles preuves et des rebondissements myst\u00e9rieux, vous entra\u00eenant plus profond\u00e9ment dans un monde de secrets et de tromperie. Vous examinerez des indices, r\u00e9soudrez des \u00e9nigmes complexes et rencontrerez des rebondissements inattendus qui vous feront remettre en question chaque d\u00e9tail.\n\nInterrogez des suspects num\u00e9riques, analysez des alibis et d\u00e9couvrez des contradictions qui pourraient en r\u00e9v\u00e9ler plus qu'ils ne le voudraient. Votre esprit critique, votre sens aigu de l'observation et votre talent pour la d\u00e9duction sont vos meilleurs outils pour d\u00e9couvrir la v\u00e9rit\u00e9. L'exp\u00e9rience est enti\u00e8rement ax\u00e9e sur l'histoire, vous plongeant au c\u0153ur du myst\u00e8re. Que vous jouiez seul ou en \u00e9quipe comp\u00e9titive, vous tenez les r\u00eanes de l'enqu\u00eate, avec une libert\u00e9 totale de faire une pause et de reprendre quand vous le souhaitez.","how_to_play":"Jouez seul ou avec des amis, en famille ou entre coll\u00e8gues, en \u00e9quipes de quatre personnes maximum par appareil. Apr\u00e8s la r\u00e9servation, vous recevrez un e-mail d'instructions avec tout ce dont vous avez besoin.","start_location":"Kiruna, Stora Torget","available_languages":["en"],"players_per_group":"1-4","duration":"1.5-2 hours","image_overlay_color_image":"https:\/\/testwebsite.citygame.com\/wp-content\/blogs.dir\/1\/files\/sites\/62\/2026\/01\/SherlockColor.svg","image_overlay_game_logo":"https:\/\/testwebsite.citygame.com\/wp-content\/blogs.dir\/1\/files\/sites\/62\/2026\/01\/SherlockLogo.png","city_page":7592,"woocommerce_general_content":null},"yoast_head":"<!-- This site is optimized with the Yoast SEO Premium plugin v26.2 (Yoast SEO v26.3) - https:\/\/yoast.com\/wordpress\/plugins\/seo\/ -->\n<title>Sherlock Holmes Kiruna - City Game<\/title>\n<meta name=\"description\" content=\"Sherlock Holmes Kiruna. Jouez \u00e0 un jeu de ville autoguid\u00e9 de meurtre myst\u00e9rieux, r\u00e9solvez des \u00e9nigmes, suivez les indices et d\u00e9masquez le meurtrier \u00e0 votre propre rythme !\" \/>\n<meta name=\"robots\" content=\"noindex, follow, max-snippet:-1, max-image-preview:large, max-video-preview:-1\" \/>\n<meta property=\"og:locale\" content=\"fr_FR\" \/>\n<meta property=\"og:type\" content=\"article\" \/>\n<meta property=\"og:title\" content=\"Sherlock Holmes Kiruna\" \/>\n<meta property=\"og:description\" content=\"Sherlock Holmes Kiruna. Jouez \u00e0 un jeu de ville autoguid\u00e9 de meurtre myst\u00e9rieux, r\u00e9solvez des \u00e9nigmes, suivez les indices et d\u00e9masquez le meurtrier \u00e0 votre propre rythme !\" \/>\n<meta property=\"og:url\" content=\"https:\/\/testwebsite.citygame.com\/fr\/games\/kiruna\/sherlock-holmes-kiruna\/\" \/>\n<meta property=\"og:site_name\" content=\"City Game\" \/>\n<meta property=\"article:publisher\" content=\"https:\/\/www.facebook.com\/profile.php?id=100086426226253\" \/>\n<meta property=\"article:modified_time\" content=\"2026-04-08T10:23:51+00:00\" \/>\n<meta property=\"og:image\" content=\"https:\/\/testwebsite.citygame.com\/wp-content\/blogs.dir\/1\/files\/sites\/62\/2026\/02\/group-of-friends-playing-a-city-game-on-a-phone-in-kiruna.jpg\" \/>\n\t<meta property=\"og:image:width\" content=\"1344\" \/>\n\t<meta property=\"og:image:height\" content=\"768\" \/>\n\t<meta property=\"og:image:type\" content=\"image\/jpeg\" \/>\n<meta name=\"twitter:card\" content=\"summary_large_image\" \/>\n<meta name=\"twitter:label1\" content=\"Dur\u00e9e de lecture estim\u00e9e\" \/>\n\t<meta name=\"twitter:data1\" content=\"1 minute\" \/>\n<script type=\"application\/ld+json\" class=\"yoast-schema-graph\">{\"@context\":\"https:\/\/schema.org\",\"@graph\":[{\"@type\":\"WebPage\",\"@id\":\"https:\/\/testwebsite.citygame.com\/fr\/games\/kiruna\/sherlock-holmes-kiruna\/\",\"url\":\"https:\/\/testwebsite.citygame.com\/fr\/games\/kiruna\/sherlock-holmes-kiruna\/\",\"name\":\"Sherlock Holmes Kiruna - City Game\",\"isPartOf\":{\"@id\":\"https:\/\/testwebsite.upevents.nl\/#website\"},\"primaryImageOfPage\":{\"@id\":\"https:\/\/testwebsite.citygame.com\/fr\/games\/kiruna\/sherlock-holmes-kiruna\/#primaryimage\"},\"image\":{\"@id\":\"https:\/\/testwebsite.citygame.com\/fr\/games\/kiruna\/sherlock-holmes-kiruna\/#primaryimage\"},\"thumbnailUrl\":\"https:\/\/testwebsite.citygame.com\/wp-content\/blogs.dir\/1\/files\/sites\/62\/2026\/02\/group-of-friends-playing-a-city-game-on-a-phone-in-kiruna.jpg\",\"datePublished\":\"2026-02-05T18:49:39+00:00\",\"dateModified\":\"2026-04-08T10:23:51+00:00\",\"description\":\"Sherlock Holmes Kiruna. Jouez \u00e0 un jeu de ville autoguid\u00e9 de meurtre myst\u00e9rieux, r\u00e9solvez des \u00e9nigmes, suivez les indices et d\u00e9masquez le meurtrier \u00e0 votre propre rythme !\",\"breadcrumb\":{\"@id\":\"https:\/\/testwebsite.citygame.com\/fr\/games\/kiruna\/sherlock-holmes-kiruna\/#breadcrumb\"},\"inLanguage\":\"fr-FR\",\"potentialAction\":[{\"@type\":\"ReadAction\",\"target\":[\"https:\/\/testwebsite.citygame.com\/fr\/games\/kiruna\/sherlock-holmes-kiruna\/\"]}]},{\"@type\":\"ImageObject\",\"inLanguage\":\"fr-FR\",\"@id\":\"https:\/\/testwebsite.citygame.com\/fr\/games\/kiruna\/sherlock-holmes-kiruna\/#primaryimage\",\"url\":\"https:\/\/testwebsite.citygame.com\/wp-content\/blogs.dir\/1\/files\/sites\/62\/2026\/02\/group-of-friends-playing-a-city-game-on-a-phone-in-kiruna.jpg\",\"contentUrl\":\"https:\/\/testwebsite.citygame.com\/wp-content\/blogs.dir\/1\/files\/sites\/62\/2026\/02\/group-of-friends-playing-a-city-game-on-a-phone-in-kiruna.jpg\",\"width\":1344,\"height\":768,\"caption\":\"A group of friends uses a smartphone to navigate their city game on a street in Kiruna.\"},{\"@type\":\"BreadcrumbList\",\"@id\":\"https:\/\/testwebsite.citygame.com\/fr\/games\/kiruna\/sherlock-holmes-kiruna\/#breadcrumb\",\"itemListElement\":[{\"@type\":\"ListItem\",\"position\":1,\"name\":\"Home\",\"item\":\"https:\/\/testwebsite.citygame.com\/fr\/\"},{\"@type\":\"ListItem\",\"position\":2,\"name\":\"Shop\",\"item\":\"https:\/\/testwebsite.citygame.com\/shop\/\"},{\"@type\":\"ListItem\",\"position\":3,\"name\":\"Sherlock Holmes Kiruna\"}]},{\"@type\":\"WebSite\",\"@id\":\"https:\/\/testwebsite.upevents.nl\/#website\",\"url\":\"https:\/\/testwebsite.upevents.nl\/\",\"name\":\"City Game\",\"description\":\"\",\"publisher\":{\"@id\":\"https:\/\/testwebsite.upevents.nl\/#organization\"},\"alternateName\":\"citygame.com\",\"potentialAction\":[{\"@type\":\"SearchAction\",\"target\":{\"@type\":\"EntryPoint\",\"urlTemplate\":\"https:\/\/testwebsite.upevents.nl\/?s={search_term_string}\"},\"query-input\":{\"@type\":\"PropertyValueSpecification\",\"valueRequired\":true,\"valueName\":\"search_term_string\"}}],\"inLanguage\":\"fr-FR\"},{\"@type\":[\"Organization\",\"Place\"],\"@id\":\"https:\/\/testwebsite.upevents.nl\/#organization\",\"name\":\"City Game\",\"alternateName\":\"citygame.com\",\"url\":\"https:\/\/testwebsite.upevents.nl\/\",\"logo\":{\"@id\":\"https:\/\/testwebsite.citygame.com\/fr\/games\/kiruna\/sherlock-holmes-kiruna\/#local-main-organization-logo\"},\"image\":{\"@id\":\"https:\/\/testwebsite.citygame.com\/fr\/games\/kiruna\/sherlock-holmes-kiruna\/#local-main-organization-logo\"},\"sameAs\":[\"https:\/\/www.facebook.com\/profile.php?id=100086426226253\",\"https:\/\/www.instagram.com\/citygame_com\",\"https:\/\/www.tiktok.com\/@citygamecom\/\",\"https:\/\/www.linkedin.com\/company\/citygame-com\"],\"description\":\"Turn any city into a playground with our interactive City Games and self-guided tours. Fun, flexible, and ideal for groups and team building.\",\"telephone\":[],\"openingHoursSpecification\":[{\"@type\":\"OpeningHoursSpecification\",\"dayOfWeek\":[\"Monday\",\"Tuesday\",\"Wednesday\",\"Thursday\",\"Friday\",\"Saturday\",\"Sunday\"],\"opens\":\"09:00\",\"closes\":\"17:00\"}]},{\"@type\":\"ImageObject\",\"inLanguage\":\"fr-FR\",\"@id\":\"https:\/\/testwebsite.citygame.com\/fr\/games\/kiruna\/sherlock-holmes-kiruna\/#local-main-organization-logo\",\"url\":\"https:\/\/testwebsite.citygame.com\/wp-content\/blogs.dir\/1\/files\/sites\/62\/2025\/10\/CG_LOGO-City-Game.png\",\"contentUrl\":\"https:\/\/testwebsite.citygame.com\/wp-content\/blogs.dir\/1\/files\/sites\/62\/2025\/10\/CG_LOGO-City-Game.png\",\"width\":351,\"height\":377,\"caption\":\"City Game\"}]}<\/script>\n<!-- \/ Yoast SEO Premium plugin. -->","yoast_head_json":{"title":"Sherlock Holmes Kiruna - City Game","description":"Sherlock Holmes Kiruna. Jouez \u00e0 un jeu de ville autoguid\u00e9 de meurtre myst\u00e9rieux, r\u00e9solvez des \u00e9nigmes, suivez les indices et d\u00e9masquez le meurtrier \u00e0 votre propre rythme !","robots":{"index":"noindex","follow":"follow","max-snippet":"max-snippet:-1","max-image-preview":"max-image-preview:large","max-video-preview":"max-video-preview:-1"},"og_locale":"fr_FR","og_type":"article","og_title":"Sherlock Holmes Kiruna","og_description":"Sherlock Holmes Kiruna. Jouez \u00e0 un jeu de ville autoguid\u00e9 de meurtre myst\u00e9rieux, r\u00e9solvez des \u00e9nigmes, suivez les indices et d\u00e9masquez le meurtrier \u00e0 votre propre rythme !","og_url":"https:\/\/testwebsite.citygame.com\/fr\/games\/kiruna\/sherlock-holmes-kiruna\/","og_site_name":"City Game","article_publisher":"https:\/\/www.facebook.com\/profile.php?id=100086426226253","article_modified_time":"2026-04-08T10:23:51+00:00","og_image":[{"width":1344,"height":768,"url":"https:\/\/testwebsite.citygame.com\/wp-content\/blogs.dir\/1\/files\/sites\/62\/2026\/02\/group-of-friends-playing-a-city-game-on-a-phone-in-kiruna.jpg","type":"image\/jpeg"}],"twitter_card":"summary_large_image","twitter_misc":{"Dur\u00e9e de lecture estim\u00e9e":"1 minute"},"schema":{"@context":"https:\/\/schema.org","@graph":[{"@type":"WebPage","@id":"https:\/\/testwebsite.citygame.com\/fr\/games\/kiruna\/sherlock-holmes-kiruna\/","url":"https:\/\/testwebsite.citygame.com\/fr\/games\/kiruna\/sherlock-holmes-kiruna\/","name":"Sherlock Holmes Kiruna - City Game","isPartOf":{"@id":"https:\/\/testwebsite.upevents.nl\/#website"},"primaryImageOfPage":{"@id":"https:\/\/testwebsite.citygame.com\/fr\/games\/kiruna\/sherlock-holmes-kiruna\/#primaryimage"},"image":{"@id":"https:\/\/testwebsite.citygame.com\/fr\/games\/kiruna\/sherlock-holmes-kiruna\/#primaryimage"},"thumbnailUrl":"https:\/\/testwebsite.citygame.com\/wp-content\/blogs.dir\/1\/files\/sites\/62\/2026\/02\/group-of-friends-playing-a-city-game-on-a-phone-in-kiruna.jpg","datePublished":"2026-02-05T18:49:39+00:00","dateModified":"2026-04-08T10:23:51+00:00","description":"Sherlock Holmes Kiruna. Jouez \u00e0 un jeu de ville autoguid\u00e9 de meurtre myst\u00e9rieux, r\u00e9solvez des \u00e9nigmes, suivez les indices et d\u00e9masquez le meurtrier \u00e0 votre propre rythme !","breadcrumb":{"@id":"https:\/\/testwebsite.citygame.com\/fr\/games\/kiruna\/sherlock-holmes-kiruna\/#breadcrumb"},"inLanguage":"fr-FR","potentialAction":[{"@type":"ReadAction","target":["https:\/\/testwebsite.citygame.com\/fr\/games\/kiruna\/sherlock-holmes-kiruna\/"]}]},{"@type":"ImageObject","inLanguage":"fr-FR","@id":"https:\/\/testwebsite.citygame.com\/fr\/games\/kiruna\/sherlock-holmes-kiruna\/#primaryimage","url":"https:\/\/testwebsite.citygame.com\/wp-content\/blogs.dir\/1\/files\/sites\/62\/2026\/02\/group-of-friends-playing-a-city-game-on-a-phone-in-kiruna.jpg","contentUrl":"https:\/\/testwebsite.citygame.com\/wp-content\/blogs.dir\/1\/files\/sites\/62\/2026\/02\/group-of-friends-playing-a-city-game-on-a-phone-in-kiruna.jpg","width":1344,"height":768,"caption":"A group of friends uses a smartphone to navigate their city game on a street in Kiruna."},{"@type":"BreadcrumbList","@id":"https:\/\/testwebsite.citygame.com\/fr\/games\/kiruna\/sherlock-holmes-kiruna\/#breadcrumb","itemListElement":[{"@type":"ListItem","position":1,"name":"Home","item":"https:\/\/testwebsite.citygame.com\/fr\/"},{"@type":"ListItem","position":2,"name":"Shop","item":"https:\/\/testwebsite.citygame.com\/shop\/"},{"@type":"ListItem","position":3,"name":"Sherlock Holmes Kiruna"}]},{"@type":"WebSite","@id":"https:\/\/testwebsite.upevents.nl\/#website","url":"https:\/\/testwebsite.upevents.nl\/","name":"City Game","description":"","publisher":{"@id":"https:\/\/testwebsite.upevents.nl\/#organization"},"alternateName":"citygame.com","potentialAction":[{"@type":"SearchAction","target":{"@type":"EntryPoint","urlTemplate":"https:\/\/testwebsite.upevents.nl\/?s={search_term_string}"},"query-input":{"@type":"PropertyValueSpecification","valueRequired":true,"valueName":"search_term_string"}}],"inLanguage":"fr-FR"},{"@type":["Organization","Place"],"@id":"https:\/\/testwebsite.upevents.nl\/#organization","name":"City Game","alternateName":"citygame.com","url":"https:\/\/testwebsite.upevents.nl\/","logo":{"@id":"https:\/\/testwebsite.citygame.com\/fr\/games\/kiruna\/sherlock-holmes-kiruna\/#local-main-organization-logo"},"image":{"@id":"https:\/\/testwebsite.citygame.com\/fr\/games\/kiruna\/sherlock-holmes-kiruna\/#local-main-organization-logo"},"sameAs":["https:\/\/www.facebook.com\/profile.php?id=100086426226253","https:\/\/www.instagram.com\/citygame_com","https:\/\/www.tiktok.com\/@citygamecom\/","https:\/\/www.linkedin.com\/company\/citygame-com"],"description":"Turn any city into a playground with our interactive City Games and self-guided tours. Fun, flexible, and ideal for groups and team building.","telephone":[],"openingHoursSpecification":[{"@type":"OpeningHoursSpecification","dayOfWeek":["Monday","Tuesday","Wednesday","Thursday","Friday","Saturday","Sunday"],"opens":"09:00","closes":"17:00"}]},{"@type":"ImageObject","inLanguage":"fr-FR","@id":"https:\/\/testwebsite.citygame.com\/fr\/games\/kiruna\/sherlock-holmes-kiruna\/#local-main-organization-logo","url":"https:\/\/testwebsite.citygame.com\/wp-content\/blogs.dir\/1\/files\/sites\/62\/2025\/10\/CG_LOGO-City-Game.png","contentUrl":"https:\/\/testwebsite.citygame.com\/wp-content\/blogs.dir\/1\/files\/sites\/62\/2025\/10\/CG_LOGO-City-Game.png","width":351,"height":377,"caption":"City Game"}]}},"taxonomy_info":{"game-concept":[{"value":774,"label":"Sherlock"}],"location":[{"value":225,"label":"Kiruna"}],"product_cat":[{"value":663,"label":"Non class\u00e9"}]},"featured_image_src_large":["https:\/\/testwebsite.citygame.com\/wp-content\/blogs.dir\/1\/files\/sites\/62\/2026\/02\/group-of-friends-playing-a-city-game-on-a-phone-in-kiruna-1024x585.jpg",1024,585,true],"author_info":[],"comment_info":"","_links":{"self":[{"href":"https:\/\/testwebsite.citygame.com\/fr\/wp-json\/wp\/v2\/product\/62806","targetHints":{"allow":["GET"]}}],"collection":[{"href":"https:\/\/testwebsite.citygame.com\/fr\/wp-json\/wp\/v2\/product"}],"about":[{"href":"https:\/\/testwebsite.citygame.com\/fr\/wp-json\/wp\/v2\/types\/product"}],"acf:post":[{"embeddable":true,"href":"https:\/\/testwebsite.citygame.com\/fr\/wp-json\/wp\/v2\/pages\/7592"}],"wp:featuredmedia":[{"embeddable":true,"href":"https:\/\/testwebsite.citygame.com\/fr\/wp-json\/wp\/v2\/media\/10970"}],"wp:attachment":[{"href":"https:\/\/testwebsite.citygame.com\/fr\/wp-json\/wp\/v2\/media?parent=62806"}],"wp:term":[{"taxonomy":"game-concept","embeddable":true,"href":"https:\/\/testwebsite.citygame.com\/fr\/wp-json\/wp\/v2\/game-concept?post=62806"},{"taxonomy":"location","embeddable":true,"href":"https:\/\/testwebsite.citygame.com\/fr\/wp-json\/wp\/v2\/location?post=62806"},{"taxonomy":"product_brand","embeddable":true,"href":"https:\/\/testwebsite.citygame.com\/fr\/wp-json\/wp\/v2\/product_brand?post=62806"},{"taxonomy":"product_cat","embeddable":true,"href":"https:\/\/testwebsite.citygame.com\/fr\/wp-json\/wp\/v2\/product_cat?post=62806"},{"taxonomy":"product_tag","embeddable":true,"href":"https:\/\/testwebsite.citygame.com\/fr\/wp-json\/wp\/v2\/product_tag?post=62806"}],"curies":[{"name":"wp","href":"https:\/\/api.w.org\/{rel}","templated":true}]}}