{"id":62322,"date":"2026-01-27T15:10:00","date_gmt":"2026-01-27T15:10:00","guid":{"rendered":"https:\/\/testwebsite.citygame.com\/games\/unknown-location\/secrets-of-dusseldorf\/"},"modified":"2026-04-08T09:25:48","modified_gmt":"2026-04-08T09:25:48","slug":"secrets-of-dusseldorf","status":"publish","type":"product","link":"https:\/\/testwebsite.citygame.com\/fr\/games\/dusseldorf\/secrets-of-dusseldorf\/","title":{"rendered":"Secrets of Dusseldorf"},"content":{"rendered":"<p>Le *Secrets of D\u00fcsseldorf City Game* est un jeu autoguid\u00e9, bas\u00e9 sur le GPS, qui se d\u00e9roule dans le centre-ville de D\u00fcsseldorf. \u00c0 l&rsquo;aide de votre smartphone, vous explorerez la r\u00e9gion tout en r\u00e9solvant des \u00e9nigmes, des devinettes et des d\u00e9fis photo qui d\u00e9voilent l&rsquo;histoire, la culture et les d\u00e9tails cach\u00e9s de la ville. Cet Exploration Game vous permet de voir D\u00fcsseldorf sous une nouvelle perspective, que vous soyez un visiteur pour la premi\u00e8re fois ou un r\u00e9sident de longue date. Le jeu de ville autoguid\u00e9 est con\u00e7u pour la flexibilit\u00e9 et convient aussi bien aux joueurs solo, aux couples, aux familles ou aux groupes d&rsquo;amis. Le *City Game D\u00fcsseldorf* offre une fa\u00e7on engageante et interactive de vous connecter avec la ville \u00e0 votre propre rythme.<\/p>\n","protected":false},"excerpt":{"rendered":"<p>D\u00e9couvrez la diversit\u00e9 dynamique de D\u00fcsseldorf ! Embarquez pour une escapade palpitante \u00e0 travers cette m\u00e9tropole en plein essor o\u00f9 l&rsquo;art rencontre la grande histoire allemande, des palais opulents \u00e0 l&rsquo;architecture d&rsquo;avant-garde. Sentez le pouls de la Rh\u00e9nanie en per\u00e7ant ses secrets, D\u00fcsseldorf est vraiment une \u00e9nigme qui se d\u00e9voile !<\/p>\n","protected":false},"featured_media":5209,"template":"","meta":{"_acf_changed":false,"_yoast_wpseo_focuskw":"Secrets of Dusseldorf","_yoast_wpseo_metadesc":"Secrets of Dusseldorf. Jouez \u00e0 un City Game autoguid\u00e9 et explorez la ville \u00e0 travers des \u00e9nigmes, des devinettes et des d\u00e9fis. Jouez \u00e0 votre propre rythme et d\u00e9couvrez comme un local !","_kad_blocks_custom_css":"","_kad_blocks_head_custom_js":"","_kad_blocks_body_custom_js":"","_kad_blocks_footer_custom_js":"","ghostkit_customizer_options":"","ghostkit_custom_css":"","ghostkit_custom_js_head":"","ghostkit_custom_js_foot":"","ghostkit_typography":"","_kad_post_transparent":"","_kad_post_title":"","_kad_post_layout":"","_kad_post_sidebar_id":"","_kad_post_content_style":"","_kad_post_vertical_padding":"","_kad_post_feature":"","_kad_post_feature_position":"","_kad_post_header":false,"_kad_post_footer":false,"_kad_post_classname":"","_links_to":"","_links_to_target":""},"game-concept":[713],"location":[150],"product_brand":[],"product_cat":[663],"product_tag":[],"class_list":{"0":"post-62322","1":"product","2":"type-product","3":"status-publish","4":"has-post-thumbnail","6":"game-concept-secrets","7":"location-dusseldorf","8":"product_cat-non-classe","10":"first","11":"instock","12":"shipping-taxable","13":"purchasable","14":"product-type-simple","15":"entry","16":"content-bg","17":"loop-entry"},"acf":{"full_bokun_product_name":"Self-Guided Secrets of Dusseldorf Exploration Game","location_name":"Dusseldorf","bokun_calendar_widget_code":"<script type=\"text\/javascript\" src=\"https:\/\/widgets.bokun.io\/assets\/javascripts\/apps\/build\/BokunWidgetsLoader.js?bookingChannelUUID=a1e93e96-5232-4734-a595-28405f4b5a31\" async><\/script>\n     \n    <div class=\"bokunWidget\" data-src=\"https:\/\/widgets.bokun.io\/online-sales\/a1e93e96-5232-4734-a595-28405f4b5a31\/experience-calendar\/859578\"><\/div>\n    <noscript>Please enable javascript in your browser to book<\/noscript>","bokun_button_widget_code":"<script type=\"text\/javascript\" src=\"https:\/\/widgets.bokun.io\/assets\/javascripts\/apps\/build\/BokunWidgetsLoader.js?bookingChannelUUID=a1e93e96-5232-4734-a595-28405f4b5a31\" async><\/script>\n      <style> #bokun_ed001e45_5927_4f62_b470_ca766338d083 { display: inline-block; padding: .4em 1em; background: #47b82e; border-radius: 999999px; box-shadow: none; font-weight: 600; font-size: 24px; text-decoration: none; text-align: center; color: #FFFFFF; border:none; cursor: pointer; transition: background .2s ease; } #bokun_ed001e45_5927_4f62_b470_ca766338d083:hover{ background: #2f7b1f; } #bokun_ed001e45_5927_4f62_b470_ca766338d083:active{ background: #378f24; } <\/style> <button class=\"bokunButton\" disabled id=bokun_ed001e45_5927_4f62_b470_ca766338d083 data-src=\"https:\/\/widgets.bokun.io\/online-sales\/a1e93e96-5232-4734-a595-28405f4b5a31\/experience-calendar\/859578?partialView=1\" data-testid=\"widget-book-button\" > Book now <\/button> ","what_you\u2019ll_experience_during_the_game":"En parcourant le Secrets of D\u00fcsseldorf City Game, vous d\u00e9couvrirez la ville \u00e0 travers un m\u00e9lange d'exploration r\u00e9elle et de narration interactive. Le jeu vous guidera \u00e0 travers des sites embl\u00e9matiques et des recoins plus calmes, r\u00e9v\u00e9lant la personnalit\u00e9 multiple de D\u00fcsseldorf. En chemin, vous pourriez vous retrouver \u00e0 fl\u00e2ner dans l'historique Altstadt, \u00e0 admirer l'architecture saisissante du MedienHafen et \u00e0 profiter de l'ambiance de la K\u00f6nigsallee et de la Rheinuferpromenade. Chaque lieu offre un nouvel indice, une sc\u00e8ne vivante ou un rebondissement surprenant dans le r\u00e9cit qui se d\u00e9roule.\n\nTout au long du City Game, vous rel\u00e8verez une vari\u00e9t\u00e9 de d\u00e9fis, y compris des \u00e9nigmes, des t\u00e2ches photo cr\u00e9atives et des puzzles bas\u00e9s sur la localisation. Les compl\u00e9ter d\u00e9bloque des points, des indices utiles et vous rapproche de la r\u00e9solution du myst\u00e8re au c\u0153ur de l'exp\u00e9rience. Le jeu peut \u00eatre mis en pause et repris quand cela convient \u00e0 votre emploi du temps, permettant des pauses spontan\u00e9es ou un rythme d\u00e9tendu. Pour ceux qui ont un esprit de comp\u00e9tition, grimper au classement de D\u00fcsseldorf ajoute une couche suppl\u00e9mentaire de motivation.","how_to_play":"R\u00e9servez l'Exploration Game, consultez l'e-mail que nous vous envoyons avec les instructions simples, t\u00e9l\u00e9chargez l'application Loquiz, acc\u00e9dez \u00e0 l'Exploration Game et vous \u00eates pr\u00eat \u00e0 commencer votre exp\u00e9rience de jeu !","start_location":"Dusseldorf, Grabbeplatz","available_languages":["en","es","fr","de","it","nl"],"players_per_group":"1-4","duration":"1.5-2 hours","image_overlay_color_image":"https:\/\/testwebsite.citygame.com\/wp-content\/blogs.dir\/1\/files\/sites\/62\/2026\/01\/SecretsColor.svg","image_overlay_game_logo":"https:\/\/testwebsite.citygame.com\/wp-content\/blogs.dir\/1\/files\/sites\/62\/2026\/01\/SecretsLogo.png","city_page":4905,"woocommerce_general_content":null},"yoast_head":"<!-- This site is optimized with the Yoast SEO Premium plugin v26.2 (Yoast SEO v26.3) - https:\/\/yoast.com\/wordpress\/plugins\/seo\/ -->\n<title>Secrets of Dusseldorf - City Game<\/title>\n<meta name=\"description\" content=\"Secrets of Dusseldorf. Jouez \u00e0 un City Game autoguid\u00e9 et explorez la ville \u00e0 travers des \u00e9nigmes, des devinettes et des d\u00e9fis. Jouez \u00e0 votre propre rythme et d\u00e9couvrez comme un local !\" \/>\n<meta name=\"robots\" content=\"noindex, follow, max-snippet:-1, max-image-preview:large, max-video-preview:-1\" \/>\n<meta property=\"og:locale\" content=\"fr_FR\" \/>\n<meta property=\"og:type\" content=\"article\" \/>\n<meta property=\"og:title\" content=\"Secrets of Dusseldorf\" \/>\n<meta property=\"og:description\" content=\"Secrets of Dusseldorf. Jouez \u00e0 un City Game autoguid\u00e9 et explorez la ville \u00e0 travers des \u00e9nigmes, des devinettes et des d\u00e9fis. Jouez \u00e0 votre propre rythme et d\u00e9couvrez comme un local !\" \/>\n<meta property=\"og:url\" content=\"https:\/\/testwebsite.citygame.com\/fr\/games\/dusseldorf\/secrets-of-dusseldorf\/\" \/>\n<meta property=\"og:site_name\" content=\"City Game\" \/>\n<meta property=\"article:publisher\" content=\"https:\/\/www.facebook.com\/profile.php?id=100086426226253\" \/>\n<meta property=\"article:modified_time\" content=\"2026-04-08T09:25:48+00:00\" \/>\n<meta property=\"og:image\" content=\"https:\/\/testwebsite.citygame.com\/wp-content\/blogs.dir\/1\/files\/sites\/62\/2026\/01\/dusseldorf-players-stadtmuseum-courtyard.jpg\" \/>\n\t<meta property=\"og:image:width\" content=\"1024\" \/>\n\t<meta property=\"og:image:height\" content=\"1024\" \/>\n\t<meta property=\"og:image:type\" content=\"image\/jpeg\" \/>\n<meta name=\"twitter:card\" content=\"summary_large_image\" \/>\n<meta name=\"twitter:label1\" content=\"Dur\u00e9e de lecture estim\u00e9e\" \/>\n\t<meta name=\"twitter:data1\" content=\"1 minute\" \/>\n<script type=\"application\/ld+json\" class=\"yoast-schema-graph\">{\"@context\":\"https:\/\/schema.org\",\"@graph\":[{\"@type\":\"WebPage\",\"@id\":\"https:\/\/testwebsite.citygame.com\/fr\/games\/dusseldorf\/secrets-of-dusseldorf\/\",\"url\":\"https:\/\/testwebsite.citygame.com\/fr\/games\/dusseldorf\/secrets-of-dusseldorf\/\",\"name\":\"Secrets of Dusseldorf - City Game\",\"isPartOf\":{\"@id\":\"https:\/\/testwebsite.upevents.nl\/#website\"},\"primaryImageOfPage\":{\"@id\":\"https:\/\/testwebsite.citygame.com\/fr\/games\/dusseldorf\/secrets-of-dusseldorf\/#primaryimage\"},\"image\":{\"@id\":\"https:\/\/testwebsite.citygame.com\/fr\/games\/dusseldorf\/secrets-of-dusseldorf\/#primaryimage\"},\"thumbnailUrl\":\"https:\/\/testwebsite.citygame.com\/wp-content\/blogs.dir\/1\/files\/sites\/62\/2026\/01\/dusseldorf-players-stadtmuseum-courtyard.jpg\",\"datePublished\":\"2026-01-27T15:10:00+00:00\",\"dateModified\":\"2026-04-08T09:25:48+00:00\",\"description\":\"Secrets of Dusseldorf. Jouez \u00e0 un City Game autoguid\u00e9 et explorez la ville \u00e0 travers des \u00e9nigmes, des devinettes et des d\u00e9fis. Jouez \u00e0 votre propre rythme et d\u00e9couvrez comme un local !\",\"breadcrumb\":{\"@id\":\"https:\/\/testwebsite.citygame.com\/fr\/games\/dusseldorf\/secrets-of-dusseldorf\/#breadcrumb\"},\"inLanguage\":\"fr-FR\",\"potentialAction\":[{\"@type\":\"ReadAction\",\"target\":[\"https:\/\/testwebsite.citygame.com\/fr\/games\/dusseldorf\/secrets-of-dusseldorf\/\"]}]},{\"@type\":\"ImageObject\",\"inLanguage\":\"fr-FR\",\"@id\":\"https:\/\/testwebsite.citygame.com\/fr\/games\/dusseldorf\/secrets-of-dusseldorf\/#primaryimage\",\"url\":\"https:\/\/testwebsite.citygame.com\/wp-content\/blogs.dir\/1\/files\/sites\/62\/2026\/01\/dusseldorf-players-stadtmuseum-courtyard.jpg\",\"contentUrl\":\"https:\/\/testwebsite.citygame.com\/wp-content\/blogs.dir\/1\/files\/sites\/62\/2026\/01\/dusseldorf-players-stadtmuseum-courtyard.jpg\",\"width\":1024,\"height\":1024,\"caption\":\"Friends gather around a smartphone while playing a city game in a historic courtyard in Dusseldorf.\"},{\"@type\":\"BreadcrumbList\",\"@id\":\"https:\/\/testwebsite.citygame.com\/fr\/games\/dusseldorf\/secrets-of-dusseldorf\/#breadcrumb\",\"itemListElement\":[{\"@type\":\"ListItem\",\"position\":1,\"name\":\"Home\",\"item\":\"https:\/\/testwebsite.citygame.com\/fr\/\"},{\"@type\":\"ListItem\",\"position\":2,\"name\":\"Shop\",\"item\":\"https:\/\/testwebsite.citygame.com\/shop\/\"},{\"@type\":\"ListItem\",\"position\":3,\"name\":\"Secrets of Dusseldorf\"}]},{\"@type\":\"WebSite\",\"@id\":\"https:\/\/testwebsite.upevents.nl\/#website\",\"url\":\"https:\/\/testwebsite.upevents.nl\/\",\"name\":\"City Game\",\"description\":\"\",\"publisher\":{\"@id\":\"https:\/\/testwebsite.upevents.nl\/#organization\"},\"alternateName\":\"citygame.com\",\"potentialAction\":[{\"@type\":\"SearchAction\",\"target\":{\"@type\":\"EntryPoint\",\"urlTemplate\":\"https:\/\/testwebsite.upevents.nl\/?s={search_term_string}\"},\"query-input\":{\"@type\":\"PropertyValueSpecification\",\"valueRequired\":true,\"valueName\":\"search_term_string\"}}],\"inLanguage\":\"fr-FR\"},{\"@type\":[\"Organization\",\"Place\"],\"@id\":\"https:\/\/testwebsite.upevents.nl\/#organization\",\"name\":\"City Game\",\"alternateName\":\"citygame.com\",\"url\":\"https:\/\/testwebsite.upevents.nl\/\",\"logo\":{\"@id\":\"https:\/\/testwebsite.citygame.com\/fr\/games\/dusseldorf\/secrets-of-dusseldorf\/#local-main-organization-logo\"},\"image\":{\"@id\":\"https:\/\/testwebsite.citygame.com\/fr\/games\/dusseldorf\/secrets-of-dusseldorf\/#local-main-organization-logo\"},\"sameAs\":[\"https:\/\/www.facebook.com\/profile.php?id=100086426226253\",\"https:\/\/www.instagram.com\/citygame_com\",\"https:\/\/www.tiktok.com\/@citygamecom\/\",\"https:\/\/www.linkedin.com\/company\/citygame-com\"],\"description\":\"Turn any city into a playground with our interactive City Games and self-guided tours. Fun, flexible, and ideal for groups and team building.\",\"telephone\":[],\"openingHoursSpecification\":[{\"@type\":\"OpeningHoursSpecification\",\"dayOfWeek\":[\"Monday\",\"Tuesday\",\"Wednesday\",\"Thursday\",\"Friday\",\"Saturday\",\"Sunday\"],\"opens\":\"09:00\",\"closes\":\"17:00\"}]},{\"@type\":\"ImageObject\",\"inLanguage\":\"fr-FR\",\"@id\":\"https:\/\/testwebsite.citygame.com\/fr\/games\/dusseldorf\/secrets-of-dusseldorf\/#local-main-organization-logo\",\"url\":\"https:\/\/testwebsite.citygame.com\/wp-content\/blogs.dir\/1\/files\/sites\/62\/2025\/10\/CG_LOGO-City-Game.png\",\"contentUrl\":\"https:\/\/testwebsite.citygame.com\/wp-content\/blogs.dir\/1\/files\/sites\/62\/2025\/10\/CG_LOGO-City-Game.png\",\"width\":351,\"height\":377,\"caption\":\"City Game\"}]}<\/script>\n<!-- \/ Yoast SEO Premium plugin. -->","yoast_head_json":{"title":"Secrets of Dusseldorf - City Game","description":"Secrets of Dusseldorf. Jouez \u00e0 un City Game autoguid\u00e9 et explorez la ville \u00e0 travers des \u00e9nigmes, des devinettes et des d\u00e9fis. Jouez \u00e0 votre propre rythme et d\u00e9couvrez comme un local !","robots":{"index":"noindex","follow":"follow","max-snippet":"max-snippet:-1","max-image-preview":"max-image-preview:large","max-video-preview":"max-video-preview:-1"},"og_locale":"fr_FR","og_type":"article","og_title":"Secrets of Dusseldorf","og_description":"Secrets of Dusseldorf. Jouez \u00e0 un City Game autoguid\u00e9 et explorez la ville \u00e0 travers des \u00e9nigmes, des devinettes et des d\u00e9fis. Jouez \u00e0 votre propre rythme et d\u00e9couvrez comme un local !","og_url":"https:\/\/testwebsite.citygame.com\/fr\/games\/dusseldorf\/secrets-of-dusseldorf\/","og_site_name":"City Game","article_publisher":"https:\/\/www.facebook.com\/profile.php?id=100086426226253","article_modified_time":"2026-04-08T09:25:48+00:00","og_image":[{"width":1024,"height":1024,"url":"https:\/\/testwebsite.citygame.com\/wp-content\/blogs.dir\/1\/files\/sites\/62\/2026\/01\/dusseldorf-players-stadtmuseum-courtyard.jpg","type":"image\/jpeg"}],"twitter_card":"summary_large_image","twitter_misc":{"Dur\u00e9e de lecture estim\u00e9e":"1 minute"},"schema":{"@context":"https:\/\/schema.org","@graph":[{"@type":"WebPage","@id":"https:\/\/testwebsite.citygame.com\/fr\/games\/dusseldorf\/secrets-of-dusseldorf\/","url":"https:\/\/testwebsite.citygame.com\/fr\/games\/dusseldorf\/secrets-of-dusseldorf\/","name":"Secrets of Dusseldorf - City Game","isPartOf":{"@id":"https:\/\/testwebsite.upevents.nl\/#website"},"primaryImageOfPage":{"@id":"https:\/\/testwebsite.citygame.com\/fr\/games\/dusseldorf\/secrets-of-dusseldorf\/#primaryimage"},"image":{"@id":"https:\/\/testwebsite.citygame.com\/fr\/games\/dusseldorf\/secrets-of-dusseldorf\/#primaryimage"},"thumbnailUrl":"https:\/\/testwebsite.citygame.com\/wp-content\/blogs.dir\/1\/files\/sites\/62\/2026\/01\/dusseldorf-players-stadtmuseum-courtyard.jpg","datePublished":"2026-01-27T15:10:00+00:00","dateModified":"2026-04-08T09:25:48+00:00","description":"Secrets of Dusseldorf. Jouez \u00e0 un City Game autoguid\u00e9 et explorez la ville \u00e0 travers des \u00e9nigmes, des devinettes et des d\u00e9fis. Jouez \u00e0 votre propre rythme et d\u00e9couvrez comme un local !","breadcrumb":{"@id":"https:\/\/testwebsite.citygame.com\/fr\/games\/dusseldorf\/secrets-of-dusseldorf\/#breadcrumb"},"inLanguage":"fr-FR","potentialAction":[{"@type":"ReadAction","target":["https:\/\/testwebsite.citygame.com\/fr\/games\/dusseldorf\/secrets-of-dusseldorf\/"]}]},{"@type":"ImageObject","inLanguage":"fr-FR","@id":"https:\/\/testwebsite.citygame.com\/fr\/games\/dusseldorf\/secrets-of-dusseldorf\/#primaryimage","url":"https:\/\/testwebsite.citygame.com\/wp-content\/blogs.dir\/1\/files\/sites\/62\/2026\/01\/dusseldorf-players-stadtmuseum-courtyard.jpg","contentUrl":"https:\/\/testwebsite.citygame.com\/wp-content\/blogs.dir\/1\/files\/sites\/62\/2026\/01\/dusseldorf-players-stadtmuseum-courtyard.jpg","width":1024,"height":1024,"caption":"Friends gather around a smartphone while playing a city game in a historic courtyard in Dusseldorf."},{"@type":"BreadcrumbList","@id":"https:\/\/testwebsite.citygame.com\/fr\/games\/dusseldorf\/secrets-of-dusseldorf\/#breadcrumb","itemListElement":[{"@type":"ListItem","position":1,"name":"Home","item":"https:\/\/testwebsite.citygame.com\/fr\/"},{"@type":"ListItem","position":2,"name":"Shop","item":"https:\/\/testwebsite.citygame.com\/shop\/"},{"@type":"ListItem","position":3,"name":"Secrets of Dusseldorf"}]},{"@type":"WebSite","@id":"https:\/\/testwebsite.upevents.nl\/#website","url":"https:\/\/testwebsite.upevents.nl\/","name":"City Game","description":"","publisher":{"@id":"https:\/\/testwebsite.upevents.nl\/#organization"},"alternateName":"citygame.com","potentialAction":[{"@type":"SearchAction","target":{"@type":"EntryPoint","urlTemplate":"https:\/\/testwebsite.upevents.nl\/?s={search_term_string}"},"query-input":{"@type":"PropertyValueSpecification","valueRequired":true,"valueName":"search_term_string"}}],"inLanguage":"fr-FR"},{"@type":["Organization","Place"],"@id":"https:\/\/testwebsite.upevents.nl\/#organization","name":"City Game","alternateName":"citygame.com","url":"https:\/\/testwebsite.upevents.nl\/","logo":{"@id":"https:\/\/testwebsite.citygame.com\/fr\/games\/dusseldorf\/secrets-of-dusseldorf\/#local-main-organization-logo"},"image":{"@id":"https:\/\/testwebsite.citygame.com\/fr\/games\/dusseldorf\/secrets-of-dusseldorf\/#local-main-organization-logo"},"sameAs":["https:\/\/www.facebook.com\/profile.php?id=100086426226253","https:\/\/www.instagram.com\/citygame_com","https:\/\/www.tiktok.com\/@citygamecom\/","https:\/\/www.linkedin.com\/company\/citygame-com"],"description":"Turn any city into a playground with our interactive City Games and self-guided tours. Fun, flexible, and ideal for groups and team building.","telephone":[],"openingHoursSpecification":[{"@type":"OpeningHoursSpecification","dayOfWeek":["Monday","Tuesday","Wednesday","Thursday","Friday","Saturday","Sunday"],"opens":"09:00","closes":"17:00"}]},{"@type":"ImageObject","inLanguage":"fr-FR","@id":"https:\/\/testwebsite.citygame.com\/fr\/games\/dusseldorf\/secrets-of-dusseldorf\/#local-main-organization-logo","url":"https:\/\/testwebsite.citygame.com\/wp-content\/blogs.dir\/1\/files\/sites\/62\/2025\/10\/CG_LOGO-City-Game.png","contentUrl":"https:\/\/testwebsite.citygame.com\/wp-content\/blogs.dir\/1\/files\/sites\/62\/2025\/10\/CG_LOGO-City-Game.png","width":351,"height":377,"caption":"City Game"}]}},"taxonomy_info":{"game-concept":[{"value":713,"label":"Secrets"}],"location":[{"value":150,"label":"D\u00fcsseldorf"}],"product_cat":[{"value":663,"label":"Non class\u00e9"}]},"featured_image_src_large":["https:\/\/testwebsite.citygame.com\/wp-content\/blogs.dir\/1\/files\/sites\/62\/2026\/01\/dusseldorf-players-stadtmuseum-courtyard.jpg",1024,1024,false],"author_info":[],"comment_info":"","_links":{"self":[{"href":"https:\/\/testwebsite.citygame.com\/fr\/wp-json\/wp\/v2\/product\/62322","targetHints":{"allow":["GET"]}}],"collection":[{"href":"https:\/\/testwebsite.citygame.com\/fr\/wp-json\/wp\/v2\/product"}],"about":[{"href":"https:\/\/testwebsite.citygame.com\/fr\/wp-json\/wp\/v2\/types\/product"}],"acf:post":[{"embeddable":true,"href":"https:\/\/testwebsite.citygame.com\/fr\/wp-json\/wp\/v2\/pages\/4905"}],"wp:featuredmedia":[{"embeddable":true,"href":"https:\/\/testwebsite.citygame.com\/fr\/wp-json\/wp\/v2\/media\/5209"}],"wp:attachment":[{"href":"https:\/\/testwebsite.citygame.com\/fr\/wp-json\/wp\/v2\/media?parent=62322"}],"wp:term":[{"taxonomy":"game-concept","embeddable":true,"href":"https:\/\/testwebsite.citygame.com\/fr\/wp-json\/wp\/v2\/game-concept?post=62322"},{"taxonomy":"location","embeddable":true,"href":"https:\/\/testwebsite.citygame.com\/fr\/wp-json\/wp\/v2\/location?post=62322"},{"taxonomy":"product_brand","embeddable":true,"href":"https:\/\/testwebsite.citygame.com\/fr\/wp-json\/wp\/v2\/product_brand?post=62322"},{"taxonomy":"product_cat","embeddable":true,"href":"https:\/\/testwebsite.citygame.com\/fr\/wp-json\/wp\/v2\/product_cat?post=62322"},{"taxonomy":"product_tag","embeddable":true,"href":"https:\/\/testwebsite.citygame.com\/fr\/wp-json\/wp\/v2\/product_tag?post=62322"}],"curies":[{"name":"wp","href":"https:\/\/api.w.org\/{rel}","templated":true}]}}