{"id":61833,"date":"2026-02-20T08:54:27","date_gmt":"2026-02-20T08:54:27","guid":{"rendered":"https:\/\/testwebsite.citygame.com\/games\/unknown-location\/the-malmo-syndicate\/"},"modified":"2026-04-08T08:27:45","modified_gmt":"2026-04-08T08:27:45","slug":"the-malmo-syndicate","status":"publish","type":"product","link":"https:\/\/testwebsite.citygame.com\/fr\/games\/malmo\/the-malmo-syndicate\/","title":{"rendered":"The Malm\u00f6 Syndicate"},"content":{"rendered":"<p>Lancez-vous dans une aventure palpitante avec &lsquo;The Malm\u00f6 Syndicate&rsquo;, un jeu d&rsquo;\u00e9vasion urbain autoguid\u00e9 au c\u0153ur de Malm\u00f6. Les joueurs s&rsquo;unissent dans une poursuite pleine de suspense pour traquer l&rsquo;insaisissable Magnus et r\u00e9cup\u00e9rer six formules d\u00e9rob\u00e9es, propulsant ainsi leurs comp\u00e9tences en travail d&rsquo;\u00e9quipe et en r\u00e9solution de probl\u00e8mes au premier plan. Ce jeu urbain \u00e0 Malm\u00f6 propose aux participants une gamme d&rsquo;\u00e9nigmes et de t\u00e2ches de difficult\u00e9 vari\u00e9e, toutes finement tiss\u00e9es dans un r\u00e9cit captivant qui promet une progression graduelle de la mission, rendant chaque \u00e9tape aussi essentielle que la suivante.<\/p>\n","protected":false},"excerpt":{"rendered":"<p>Plongez dans l&rsquo;environnement captivant de Malm\u00f6 avec ce jeu d&rsquo;\u00e9vasion urbain autoguid\u00e9. Utilisez vos comp\u00e9tences d&rsquo;\u00e9quipe, r\u00e9solvez des \u00e9nigmes complexes et d\u00e9bloquez l&rsquo;histoire \u00e9tape par \u00e9tape dans une course intense contre la montre !<\/p>\n","protected":false},"featured_media":15148,"template":"","meta":{"_acf_changed":false,"_yoast_wpseo_focuskw":"The Malm\u00f6 Syndicate","_yoast_wpseo_metadesc":"The Malm\u00f6 Syndicate. Jouez \u00e0 un jeu d'\u00e9vasion urbain autoguid\u00e9, r\u00e9solvez des \u00e9nigmes, accomplissez des missions et r\u00e9cup\u00e9rez les formules vol\u00e9es \u00e0 votre propre rythme !","_kad_blocks_custom_css":"","_kad_blocks_head_custom_js":"","_kad_blocks_body_custom_js":"","_kad_blocks_footer_custom_js":"","ghostkit_customizer_options":"","ghostkit_custom_css":"","ghostkit_custom_js_head":"","ghostkit_custom_js_foot":"","ghostkit_typography":"","_kad_post_transparent":"","_kad_post_title":"","_kad_post_layout":"","_kad_post_sidebar_id":"","_kad_post_content_style":"","_kad_post_vertical_padding":"","_kad_post_feature":"","_kad_post_feature_position":"","_kad_post_header":false,"_kad_post_footer":false,"_kad_post_classname":"","_links_to":"","_links_to_target":""},"game-concept":[743],"location":[262],"product_brand":[],"product_cat":[663],"product_tag":[],"class_list":{"0":"post-61833","1":"product","2":"type-product","3":"status-publish","4":"has-post-thumbnail","6":"game-concept-syndicate","7":"location-malmo","8":"product_cat-non-classe","10":"first","11":"instock","12":"shipping-taxable","13":"purchasable","14":"product-type-simple","15":"entry","16":"content-bg","17":"loop-entry"},"acf":{"full_bokun_product_name":"Self-Guided The Malm\u00f6 Syndicate City Escape Game","location_name":"Malm\u00f6","bokun_calendar_widget_code":"<script type=\"text\/javascript\" src=\"https:\/\/widgets.bokun.io\/assets\/javascripts\/apps\/build\/BokunWidgetsLoader.js?bookingChannelUUID=a1e93e96-5232-4734-a595-28405f4b5a31\" async><\/script>\n     \n    <div class=\"bokunWidget\" data-src=\"https:\/\/widgets.bokun.io\/online-sales\/a1e93e96-5232-4734-a595-28405f4b5a31\/experience-calendar\/881922\"><\/div>\n    <noscript>Please enable javascript in your browser to book<\/noscript>","bokun_button_widget_code":"<script type=\"text\/javascript\" src=\"https:\/\/widgets.bokun.io\/assets\/javascripts\/apps\/build\/BokunWidgetsLoader.js?bookingChannelUUID=a1e93e96-5232-4734-a595-28405f4b5a31\" async><\/script>\n      <style> #bokun_ed001e45_5927_4f62_b470_ca766338d083 { display: inline-block; padding: .4em 1em; background: #47b82e; border-radius: 999999px; box-shadow: none; font-weight: 600; font-size: 24px; text-decoration: none; text-align: center; color: #FFFFFF; border:none; cursor: pointer; transition: background .2s ease; } #bokun_ed001e45_5927_4f62_b470_ca766338d083:hover{ background: #2f7b1f; } #bokun_ed001e45_5927_4f62_b470_ca766338d083:active{ background: #378f24; } <\/style> <button class=\"bokunButton\" disabled id=bokun_ed001e45_5927_4f62_b470_ca766338d083 data-src=\"https:\/\/widgets.bokun.io\/online-sales\/a1e93e96-5232-4734-a595-28405f4b5a31\/experience-calendar\/881922?partialView=1\" data-testid=\"widget-book-button\" > Book now <\/button> ","what_you\u2019ll_experience_during_the_game":"Dans le jeu 'The Malm\u00f6 Syndicate', les joueurs se retrouvent impliqu\u00e9s dans une mission d'\u00e9vasion \u00e0 hauts risques situ\u00e9e au c\u0153ur de Malm\u00f6. La mission est con\u00e7ue de mani\u00e8re experte pour se d\u00e9rouler progressivement \u00e0 mesure que les joueurs naviguent \u00e0 travers les subtilit\u00e9s de la ville. Le gameplay palpitant tourne autour de l'objectif de traquer l'insaisissable Magnus et de r\u00e9cup\u00e9rer six formules d\u00e9rob\u00e9es qui rev\u00eatent une importance capitale.\n\nDonnant un nouveau sens aux \u00e9l\u00e9ments de gameplay, le jeu int\u00e8gre des \u00e9nigmes \u00e9poustouflantes, des codes secrets, des t\u00e2ches strat\u00e9giquement planifi\u00e9es et des d\u00e9fis qui vous oseront \u00e0 d\u00e9jouer et \u00e0 surpasser votre adversaire. Il souligne l'importance du travail d'\u00e9quipe, d'une communication claire et d'une prise de d\u00e9cision rapide pour atteindre les objectifs de la mission. T\u00e9moignage de sa nature immersive, le jeu est enti\u00e8rement ax\u00e9 sur l'histoire et permet aux joueurs de mettre en pause et de reprendre le jeu \u00e0 leur convenance. La ville de Malm\u00f6 sert de toile de fond captivante pour la mission, transformant les rues famili\u00e8res en une sc\u00e8ne pour une aventure d'\u00e9vasion pleine d'adr\u00e9naline.","how_to_play":"R\u00e9servez le jeu urbain, consultez l'e-mail que nous vous envoyons avec les instructions, t\u00e9l\u00e9chargez l'application Loquiz et commencez votre exp\u00e9rience de jeu !","start_location":"Malm\u00f6, Stortorget","available_languages":["en"],"players_per_group":"1-4","duration":"1.5-2 hours","image_overlay_color_image":"https:\/\/testwebsite.citygame.com\/wp-content\/blogs.dir\/1\/files\/sites\/62\/2026\/01\/SyndicateColor.svg","image_overlay_game_logo":"https:\/\/testwebsite.citygame.com\/wp-content\/blogs.dir\/1\/files\/sites\/62\/2026\/01\/SyndicateLogo.png","city_page":7523,"woocommerce_general_content":null},"yoast_head":"<!-- This site is optimized with the Yoast SEO Premium plugin v26.2 (Yoast SEO v26.3) - https:\/\/yoast.com\/wordpress\/plugins\/seo\/ -->\n<title>The Malm\u00f6 Syndicate - City Game<\/title>\n<meta name=\"description\" content=\"The Malm\u00f6 Syndicate. Jouez \u00e0 un jeu d&#039;\u00e9vasion urbain autoguid\u00e9, r\u00e9solvez des \u00e9nigmes, accomplissez des missions et r\u00e9cup\u00e9rez les formules vol\u00e9es \u00e0 votre propre rythme !\" \/>\n<meta name=\"robots\" content=\"noindex, follow, max-snippet:-1, max-image-preview:large, max-video-preview:-1\" \/>\n<meta property=\"og:locale\" content=\"fr_FR\" \/>\n<meta property=\"og:type\" content=\"article\" \/>\n<meta property=\"og:title\" content=\"The Malm\u00f6 Syndicate\" \/>\n<meta property=\"og:description\" content=\"The Malm\u00f6 Syndicate. Jouez \u00e0 un jeu d&#039;\u00e9vasion urbain autoguid\u00e9, r\u00e9solvez des \u00e9nigmes, accomplissez des missions et r\u00e9cup\u00e9rez les formules vol\u00e9es \u00e0 votre propre rythme !\" \/>\n<meta property=\"og:url\" content=\"https:\/\/testwebsite.citygame.com\/fr\/games\/malmo\/the-malmo-syndicate\/\" \/>\n<meta property=\"og:site_name\" content=\"City Game\" \/>\n<meta property=\"article:publisher\" content=\"https:\/\/www.facebook.com\/profile.php?id=100086426226253\" \/>\n<meta property=\"article:modified_time\" content=\"2026-04-08T08:27:45+00:00\" \/>\n<meta property=\"og:image\" content=\"https:\/\/testwebsite.citygame.com\/wp-content\/blogs.dir\/1\/files\/sites\/62\/2026\/02\/malmo-woman-playing-city-game-sankt-petri-kyrka.jpg\" \/>\n\t<meta property=\"og:image:width\" content=\"1024\" \/>\n\t<meta property=\"og:image:height\" content=\"1024\" \/>\n\t<meta property=\"og:image:type\" content=\"image\/jpeg\" \/>\n<meta name=\"twitter:card\" content=\"summary_large_image\" \/>\n<meta name=\"twitter:label1\" content=\"Dur\u00e9e de lecture estim\u00e9e\" \/>\n\t<meta name=\"twitter:data1\" content=\"1 minute\" \/>\n<script type=\"application\/ld+json\" class=\"yoast-schema-graph\">{\"@context\":\"https:\/\/schema.org\",\"@graph\":[{\"@type\":\"WebPage\",\"@id\":\"https:\/\/testwebsite.citygame.com\/fr\/games\/malmo\/the-malmo-syndicate\/\",\"url\":\"https:\/\/testwebsite.citygame.com\/fr\/games\/malmo\/the-malmo-syndicate\/\",\"name\":\"The Malm\u00f6 Syndicate - City Game\",\"isPartOf\":{\"@id\":\"https:\/\/testwebsite.upevents.nl\/#website\"},\"primaryImageOfPage\":{\"@id\":\"https:\/\/testwebsite.citygame.com\/fr\/games\/malmo\/the-malmo-syndicate\/#primaryimage\"},\"image\":{\"@id\":\"https:\/\/testwebsite.citygame.com\/fr\/games\/malmo\/the-malmo-syndicate\/#primaryimage\"},\"thumbnailUrl\":\"https:\/\/testwebsite.citygame.com\/wp-content\/blogs.dir\/1\/files\/sites\/62\/2026\/02\/malmo-woman-playing-city-game-sankt-petri-kyrka.jpg\",\"datePublished\":\"2026-02-20T08:54:27+00:00\",\"dateModified\":\"2026-04-08T08:27:45+00:00\",\"description\":\"The Malm\u00f6 Syndicate. Jouez \u00e0 un jeu d'\u00e9vasion urbain autoguid\u00e9, r\u00e9solvez des \u00e9nigmes, accomplissez des missions et r\u00e9cup\u00e9rez les formules vol\u00e9es \u00e0 votre propre rythme !\",\"breadcrumb\":{\"@id\":\"https:\/\/testwebsite.citygame.com\/fr\/games\/malmo\/the-malmo-syndicate\/#breadcrumb\"},\"inLanguage\":\"fr-FR\",\"potentialAction\":[{\"@type\":\"ReadAction\",\"target\":[\"https:\/\/testwebsite.citygame.com\/fr\/games\/malmo\/the-malmo-syndicate\/\"]}]},{\"@type\":\"ImageObject\",\"inLanguage\":\"fr-FR\",\"@id\":\"https:\/\/testwebsite.citygame.com\/fr\/games\/malmo\/the-malmo-syndicate\/#primaryimage\",\"url\":\"https:\/\/testwebsite.citygame.com\/wp-content\/blogs.dir\/1\/files\/sites\/62\/2026\/02\/malmo-woman-playing-city-game-sankt-petri-kyrka.jpg\",\"contentUrl\":\"https:\/\/testwebsite.citygame.com\/wp-content\/blogs.dir\/1\/files\/sites\/62\/2026\/02\/malmo-woman-playing-city-game-sankt-petri-kyrka.jpg\",\"width\":1024,\"height\":1024,\"caption\":\"A young woman uses her smartphone in a park by St. Peter's Church in Malm\u00f6, Sweden.\"},{\"@type\":\"BreadcrumbList\",\"@id\":\"https:\/\/testwebsite.citygame.com\/fr\/games\/malmo\/the-malmo-syndicate\/#breadcrumb\",\"itemListElement\":[{\"@type\":\"ListItem\",\"position\":1,\"name\":\"Home\",\"item\":\"https:\/\/testwebsite.citygame.com\/fr\/\"},{\"@type\":\"ListItem\",\"position\":2,\"name\":\"Shop\",\"item\":\"https:\/\/testwebsite.citygame.com\/shop\/\"},{\"@type\":\"ListItem\",\"position\":3,\"name\":\"The Malm\u00f6 Syndicate\"}]},{\"@type\":\"WebSite\",\"@id\":\"https:\/\/testwebsite.upevents.nl\/#website\",\"url\":\"https:\/\/testwebsite.upevents.nl\/\",\"name\":\"City Game\",\"description\":\"\",\"publisher\":{\"@id\":\"https:\/\/testwebsite.upevents.nl\/#organization\"},\"alternateName\":\"citygame.com\",\"potentialAction\":[{\"@type\":\"SearchAction\",\"target\":{\"@type\":\"EntryPoint\",\"urlTemplate\":\"https:\/\/testwebsite.upevents.nl\/?s={search_term_string}\"},\"query-input\":{\"@type\":\"PropertyValueSpecification\",\"valueRequired\":true,\"valueName\":\"search_term_string\"}}],\"inLanguage\":\"fr-FR\"},{\"@type\":[\"Organization\",\"Place\"],\"@id\":\"https:\/\/testwebsite.upevents.nl\/#organization\",\"name\":\"City Game\",\"alternateName\":\"citygame.com\",\"url\":\"https:\/\/testwebsite.upevents.nl\/\",\"logo\":{\"@id\":\"https:\/\/testwebsite.citygame.com\/fr\/games\/malmo\/the-malmo-syndicate\/#local-main-organization-logo\"},\"image\":{\"@id\":\"https:\/\/testwebsite.citygame.com\/fr\/games\/malmo\/the-malmo-syndicate\/#local-main-organization-logo\"},\"sameAs\":[\"https:\/\/www.facebook.com\/profile.php?id=100086426226253\",\"https:\/\/www.instagram.com\/citygame_com\",\"https:\/\/www.tiktok.com\/@citygamecom\/\",\"https:\/\/www.linkedin.com\/company\/citygame-com\"],\"description\":\"Turn any city into a playground with our interactive City Games and self-guided tours. Fun, flexible, and ideal for groups and team building.\",\"telephone\":[],\"openingHoursSpecification\":[{\"@type\":\"OpeningHoursSpecification\",\"dayOfWeek\":[\"Monday\",\"Tuesday\",\"Wednesday\",\"Thursday\",\"Friday\",\"Saturday\",\"Sunday\"],\"opens\":\"09:00\",\"closes\":\"17:00\"}]},{\"@type\":\"ImageObject\",\"inLanguage\":\"fr-FR\",\"@id\":\"https:\/\/testwebsite.citygame.com\/fr\/games\/malmo\/the-malmo-syndicate\/#local-main-organization-logo\",\"url\":\"https:\/\/testwebsite.citygame.com\/wp-content\/blogs.dir\/1\/files\/sites\/62\/2025\/10\/CG_LOGO-City-Game.png\",\"contentUrl\":\"https:\/\/testwebsite.citygame.com\/wp-content\/blogs.dir\/1\/files\/sites\/62\/2025\/10\/CG_LOGO-City-Game.png\",\"width\":351,\"height\":377,\"caption\":\"City Game\"}]}<\/script>\n<!-- \/ Yoast SEO Premium plugin. -->","yoast_head_json":{"title":"The Malm\u00f6 Syndicate - City Game","description":"The Malm\u00f6 Syndicate. Jouez \u00e0 un jeu d'\u00e9vasion urbain autoguid\u00e9, r\u00e9solvez des \u00e9nigmes, accomplissez des missions et r\u00e9cup\u00e9rez les formules vol\u00e9es \u00e0 votre propre rythme !","robots":{"index":"noindex","follow":"follow","max-snippet":"max-snippet:-1","max-image-preview":"max-image-preview:large","max-video-preview":"max-video-preview:-1"},"og_locale":"fr_FR","og_type":"article","og_title":"The Malm\u00f6 Syndicate","og_description":"The Malm\u00f6 Syndicate. Jouez \u00e0 un jeu d'\u00e9vasion urbain autoguid\u00e9, r\u00e9solvez des \u00e9nigmes, accomplissez des missions et r\u00e9cup\u00e9rez les formules vol\u00e9es \u00e0 votre propre rythme !","og_url":"https:\/\/testwebsite.citygame.com\/fr\/games\/malmo\/the-malmo-syndicate\/","og_site_name":"City Game","article_publisher":"https:\/\/www.facebook.com\/profile.php?id=100086426226253","article_modified_time":"2026-04-08T08:27:45+00:00","og_image":[{"width":1024,"height":1024,"url":"https:\/\/testwebsite.citygame.com\/wp-content\/blogs.dir\/1\/files\/sites\/62\/2026\/02\/malmo-woman-playing-city-game-sankt-petri-kyrka.jpg","type":"image\/jpeg"}],"twitter_card":"summary_large_image","twitter_misc":{"Dur\u00e9e de lecture estim\u00e9e":"1 minute"},"schema":{"@context":"https:\/\/schema.org","@graph":[{"@type":"WebPage","@id":"https:\/\/testwebsite.citygame.com\/fr\/games\/malmo\/the-malmo-syndicate\/","url":"https:\/\/testwebsite.citygame.com\/fr\/games\/malmo\/the-malmo-syndicate\/","name":"The Malm\u00f6 Syndicate - City Game","isPartOf":{"@id":"https:\/\/testwebsite.upevents.nl\/#website"},"primaryImageOfPage":{"@id":"https:\/\/testwebsite.citygame.com\/fr\/games\/malmo\/the-malmo-syndicate\/#primaryimage"},"image":{"@id":"https:\/\/testwebsite.citygame.com\/fr\/games\/malmo\/the-malmo-syndicate\/#primaryimage"},"thumbnailUrl":"https:\/\/testwebsite.citygame.com\/wp-content\/blogs.dir\/1\/files\/sites\/62\/2026\/02\/malmo-woman-playing-city-game-sankt-petri-kyrka.jpg","datePublished":"2026-02-20T08:54:27+00:00","dateModified":"2026-04-08T08:27:45+00:00","description":"The Malm\u00f6 Syndicate. Jouez \u00e0 un jeu d'\u00e9vasion urbain autoguid\u00e9, r\u00e9solvez des \u00e9nigmes, accomplissez des missions et r\u00e9cup\u00e9rez les formules vol\u00e9es \u00e0 votre propre rythme !","breadcrumb":{"@id":"https:\/\/testwebsite.citygame.com\/fr\/games\/malmo\/the-malmo-syndicate\/#breadcrumb"},"inLanguage":"fr-FR","potentialAction":[{"@type":"ReadAction","target":["https:\/\/testwebsite.citygame.com\/fr\/games\/malmo\/the-malmo-syndicate\/"]}]},{"@type":"ImageObject","inLanguage":"fr-FR","@id":"https:\/\/testwebsite.citygame.com\/fr\/games\/malmo\/the-malmo-syndicate\/#primaryimage","url":"https:\/\/testwebsite.citygame.com\/wp-content\/blogs.dir\/1\/files\/sites\/62\/2026\/02\/malmo-woman-playing-city-game-sankt-petri-kyrka.jpg","contentUrl":"https:\/\/testwebsite.citygame.com\/wp-content\/blogs.dir\/1\/files\/sites\/62\/2026\/02\/malmo-woman-playing-city-game-sankt-petri-kyrka.jpg","width":1024,"height":1024,"caption":"A young woman uses her smartphone in a park by St. Peter's Church in Malm\u00f6, Sweden."},{"@type":"BreadcrumbList","@id":"https:\/\/testwebsite.citygame.com\/fr\/games\/malmo\/the-malmo-syndicate\/#breadcrumb","itemListElement":[{"@type":"ListItem","position":1,"name":"Home","item":"https:\/\/testwebsite.citygame.com\/fr\/"},{"@type":"ListItem","position":2,"name":"Shop","item":"https:\/\/testwebsite.citygame.com\/shop\/"},{"@type":"ListItem","position":3,"name":"The Malm\u00f6 Syndicate"}]},{"@type":"WebSite","@id":"https:\/\/testwebsite.upevents.nl\/#website","url":"https:\/\/testwebsite.upevents.nl\/","name":"City Game","description":"","publisher":{"@id":"https:\/\/testwebsite.upevents.nl\/#organization"},"alternateName":"citygame.com","potentialAction":[{"@type":"SearchAction","target":{"@type":"EntryPoint","urlTemplate":"https:\/\/testwebsite.upevents.nl\/?s={search_term_string}"},"query-input":{"@type":"PropertyValueSpecification","valueRequired":true,"valueName":"search_term_string"}}],"inLanguage":"fr-FR"},{"@type":["Organization","Place"],"@id":"https:\/\/testwebsite.upevents.nl\/#organization","name":"City Game","alternateName":"citygame.com","url":"https:\/\/testwebsite.upevents.nl\/","logo":{"@id":"https:\/\/testwebsite.citygame.com\/fr\/games\/malmo\/the-malmo-syndicate\/#local-main-organization-logo"},"image":{"@id":"https:\/\/testwebsite.citygame.com\/fr\/games\/malmo\/the-malmo-syndicate\/#local-main-organization-logo"},"sameAs":["https:\/\/www.facebook.com\/profile.php?id=100086426226253","https:\/\/www.instagram.com\/citygame_com","https:\/\/www.tiktok.com\/@citygamecom\/","https:\/\/www.linkedin.com\/company\/citygame-com"],"description":"Turn any city into a playground with our interactive City Games and self-guided tours. Fun, flexible, and ideal for groups and team building.","telephone":[],"openingHoursSpecification":[{"@type":"OpeningHoursSpecification","dayOfWeek":["Monday","Tuesday","Wednesday","Thursday","Friday","Saturday","Sunday"],"opens":"09:00","closes":"17:00"}]},{"@type":"ImageObject","inLanguage":"fr-FR","@id":"https:\/\/testwebsite.citygame.com\/fr\/games\/malmo\/the-malmo-syndicate\/#local-main-organization-logo","url":"https:\/\/testwebsite.citygame.com\/wp-content\/blogs.dir\/1\/files\/sites\/62\/2025\/10\/CG_LOGO-City-Game.png","contentUrl":"https:\/\/testwebsite.citygame.com\/wp-content\/blogs.dir\/1\/files\/sites\/62\/2025\/10\/CG_LOGO-City-Game.png","width":351,"height":377,"caption":"City Game"}]}},"taxonomy_info":{"game-concept":[{"value":743,"label":"Syndicate"}],"location":[{"value":262,"label":"Malm\u00f6"}],"product_cat":[{"value":663,"label":"Non class\u00e9"}]},"featured_image_src_large":["https:\/\/testwebsite.citygame.com\/wp-content\/blogs.dir\/1\/files\/sites\/62\/2026\/02\/malmo-woman-playing-city-game-sankt-petri-kyrka.jpg",1024,1024,false],"author_info":[],"comment_info":"","_links":{"self":[{"href":"https:\/\/testwebsite.citygame.com\/fr\/wp-json\/wp\/v2\/product\/61833","targetHints":{"allow":["GET"]}}],"collection":[{"href":"https:\/\/testwebsite.citygame.com\/fr\/wp-json\/wp\/v2\/product"}],"about":[{"href":"https:\/\/testwebsite.citygame.com\/fr\/wp-json\/wp\/v2\/types\/product"}],"acf:post":[{"embeddable":true,"href":"https:\/\/testwebsite.citygame.com\/fr\/wp-json\/wp\/v2\/pages\/7523"}],"wp:featuredmedia":[{"embeddable":true,"href":"https:\/\/testwebsite.citygame.com\/fr\/wp-json\/wp\/v2\/media\/15148"}],"wp:attachment":[{"href":"https:\/\/testwebsite.citygame.com\/fr\/wp-json\/wp\/v2\/media?parent=61833"}],"wp:term":[{"taxonomy":"game-concept","embeddable":true,"href":"https:\/\/testwebsite.citygame.com\/fr\/wp-json\/wp\/v2\/game-concept?post=61833"},{"taxonomy":"location","embeddable":true,"href":"https:\/\/testwebsite.citygame.com\/fr\/wp-json\/wp\/v2\/location?post=61833"},{"taxonomy":"product_brand","embeddable":true,"href":"https:\/\/testwebsite.citygame.com\/fr\/wp-json\/wp\/v2\/product_brand?post=61833"},{"taxonomy":"product_cat","embeddable":true,"href":"https:\/\/testwebsite.citygame.com\/fr\/wp-json\/wp\/v2\/product_cat?post=61833"},{"taxonomy":"product_tag","embeddable":true,"href":"https:\/\/testwebsite.citygame.com\/fr\/wp-json\/wp\/v2\/product_tag?post=61833"}],"curies":[{"name":"wp","href":"https:\/\/api.w.org\/{rel}","templated":true}]}}