{"id":61722,"date":"2026-02-11T15:37:48","date_gmt":"2026-02-11T15:37:48","guid":{"rendered":"https:\/\/testwebsite.citygame.com\/games\/unknown-location\/sherlock-holmes-podgorica\/"},"modified":"2026-04-08T08:15:35","modified_gmt":"2026-04-08T08:15:35","slug":"sherlock-holmes-podgorica","status":"publish","type":"product","link":"https:\/\/testwebsite.citygame.com\/fr\/games\/podgorica\/sherlock-holmes-podgorica\/","title":{"rendered":"Sherlock Holmes Podgorica"},"content":{"rendered":"<p>Plongez dans le monde de Sherlock Holmes au centre-ville de Podgorica, o\u00f9 vous attend une enqu\u00eate criminelle autoguid\u00e9e et narrative. La ville devient le d\u00e9cor d&rsquo;une investigation polici\u00e8re captivante tandis que vous suivez un r\u00e9cit haletant autour d&rsquo;un meurtre commis pendant le Liberty Festival. \u00c0 votre rythme, vous recueillerez des indices, r\u00e9soudrez des \u00e9nigmes complexes et interrogerez des suspects num\u00e9riques dans une exp\u00e9rience immersive qui mettra vos talents de d\u00e9tective \u00e0 l&rsquo;\u00e9preuve.<\/p>\n","protected":false},"excerpt":{"rendered":"<p>Mettez-vous dans la peau du d\u00e9tective de renomm\u00e9e mondiale, Sherlock Holmes, dans une captivante enqu\u00eate criminelle autoguid\u00e9e qui se d\u00e9roule au c\u0153ur de Podgorica. Suivez des indices insaisissables, r\u00e9solvez des \u00e9nigmes complexes, travaillez avec vos co\u00e9quipiers et faites la course contre la montre pour r\u00e9v\u00e9ler l&rsquo;effrayante v\u00e9rit\u00e9, le d\u00e9fi est lanc\u00e9 !<\/p>\n","protected":false},"featured_media":12654,"template":"","meta":{"_acf_changed":false,"_yoast_wpseo_focuskw":"Sherlock Holmes Podgorica","_yoast_wpseo_metadesc":"Sherlock Holmes Podgorica. Jouez \u00e0 un City Game d'enqu\u00eate criminelle autoguid\u00e9, r\u00e9solvez des \u00e9nigmes, suivez des indices et d\u00e9masquez le meurtrier \u00e0 votre rythme !","_kad_blocks_custom_css":"","_kad_blocks_head_custom_js":"","_kad_blocks_body_custom_js":"","_kad_blocks_footer_custom_js":"","ghostkit_customizer_options":"","ghostkit_custom_css":"","ghostkit_custom_js_head":"","ghostkit_custom_js_foot":"","ghostkit_typography":"","_kad_post_transparent":"","_kad_post_title":"","_kad_post_layout":"","_kad_post_sidebar_id":"","_kad_post_content_style":"","_kad_post_vertical_padding":"","_kad_post_feature":"","_kad_post_feature_position":"","_kad_post_header":false,"_kad_post_footer":false,"_kad_post_classname":"","_links_to":"","_links_to_target":""},"game-concept":[774],"location":[324],"product_brand":[],"product_cat":[663],"product_tag":[],"class_list":{"0":"post-61722","1":"product","2":"type-product","3":"status-publish","4":"has-post-thumbnail","6":"game-concept-sherlock","7":"location-podgorica","8":"product_cat-non-classe","10":"first","11":"instock","12":"shipping-taxable","13":"purchasable","14":"product-type-simple","15":"entry","16":"content-bg","17":"loop-entry"},"acf":{"full_bokun_product_name":"Podgorica Self-Guided Sherlock Holmes Murder Mystery Game","location_name":"Podgorica","bokun_calendar_widget_code":"<script type=\"text\/javascript\" src=\"https:\/\/widgets.bokun.io\/assets\/javascripts\/apps\/build\/BokunWidgetsLoader.js?bookingChannelUUID=a1e93e96-5232-4734-a595-28405f4b5a31\" async><\/script>\n     \n    <div class=\"bokunWidget\" data-src=\"https:\/\/widgets.bokun.io\/online-sales\/a1e93e96-5232-4734-a595-28405f4b5a31\/experience-calendar\/771927\"><\/div>\n    <noscript>Please enable javascript in your browser to book<\/noscript>","bokun_button_widget_code":"<script type=\"text\/javascript\" src=\"https:\/\/widgets.bokun.io\/assets\/javascripts\/apps\/build\/BokunWidgetsLoader.js?bookingChannelUUID=a1e93e96-5232-4734-a595-28405f4b5a31\" async><\/script>\n      <style> #bokun_ed001e45_5927_4f62_b470_ca766338d083 { display: inline-block; padding: .4em 1em; background: #47b82e; border-radius: 999999px; box-shadow: none; font-weight: 600; font-size: 24px; text-decoration: none; text-align: center; color: #FFFFFF; border:none; cursor: pointer; transition: background .2s ease; } #bokun_ed001e45_5927_4f62_b470_ca766338d083:hover{ background: #2f7b1f; } #bokun_ed001e45_5927_4f62_b470_ca766338d083:active{ background: #378f24; } <\/style> <button class=\"bokunButton\" disabled id=bokun_ed001e45_5927_4f62_b470_ca766338d083 data-src=\"https:\/\/widgets.bokun.io\/online-sales\/a1e93e96-5232-4734-a595-28405f4b5a31\/experience-calendar\/771927?partialView=1\" data-testid=\"widget-book-button\" > Book now <\/button> ","what_you\u2019ll_experience_during_the_game":"Plongez dans une histoire polici\u00e8re captivante se d\u00e9roulant \u00e0 Podgorica. En parcourant la ville, le myst\u00e8re se d\u00e9voile autour de vous, guidant votre enqu\u00eate \u00e0 travers un r\u00e9seau d'indices et de mobiles cach\u00e9s. Vous examinerez des preuves, r\u00e9soudrez des \u00e9nigmes et ferez face \u00e0 des rebondissements inattendus tandis que vous vous efforcerez de d\u00e9couvrir ce qui s'est r\u00e9ellement pass\u00e9 pendant le Liberty Festival. Des suspects num\u00e9riques attendent votre interrogatoire, et votre capacit\u00e9 \u00e0 analyser leurs alibis ou \u00e0 rep\u00e9rer les contradictions d\u00e9terminera \u00e0 quel point vous vous rapprocherez de la v\u00e9rit\u00e9.\n\nChaque d\u00e9cision que vous prenez exige une observation attentive et une d\u00e9duction aiguis\u00e9e. L'exp\u00e9rience est enti\u00e8rement narrative, vous permettant de vous immerger dans l'affaire \u00e0 votre propre rythme. Vous pouvez faire une pause quand vous le souhaitez et reprendre l'enqu\u00eate plus tard sans perdre votre place dans le r\u00e9cit. Que vous r\u00e9solviez le myst\u00e8re seul ou que vous compariez vos d\u00e9couvertes lors d'une comp\u00e9tition amicale avec une autre \u00e9quipe, chaque \u00e9tape vous rapproche de la r\u00e9solution de l'affaire enfouie au c\u0153ur de Podgorica.","how_to_play":"Travaillez seul ou avec des amis, de la famille ou des coll\u00e8gues, en \u00e9quipes de quatre personnes maximum par appareil. Apr\u00e8s la r\u00e9servation, vous recevrez un e-mail d'instructions avec tout ce dont vous avez besoin.","start_location":"Podgorica, Museum and Gallery","available_languages":["en","es","fr","de","it","nl"],"players_per_group":"1-4","duration":"1.5-2 hours","image_overlay_color_image":"https:\/\/testwebsite.citygame.com\/wp-content\/blogs.dir\/1\/files\/sites\/62\/2026\/01\/SherlockColor.svg","image_overlay_game_logo":"https:\/\/testwebsite.citygame.com\/wp-content\/blogs.dir\/1\/files\/sites\/62\/2026\/01\/SherlockLogo.png","city_page":12652,"woocommerce_general_content":null},"yoast_head":"<!-- This site is optimized with the Yoast SEO Premium plugin v26.2 (Yoast SEO v26.3) - https:\/\/yoast.com\/wordpress\/plugins\/seo\/ -->\n<title>Sherlock Holmes Podgorica - City Game<\/title>\n<meta name=\"description\" content=\"Sherlock Holmes Podgorica. Jouez \u00e0 un City Game d&#039;enqu\u00eate criminelle autoguid\u00e9, r\u00e9solvez des \u00e9nigmes, suivez des indices et d\u00e9masquez le meurtrier \u00e0 votre rythme !\" \/>\n<meta name=\"robots\" content=\"noindex, follow, max-snippet:-1, max-image-preview:large, max-video-preview:-1\" \/>\n<meta property=\"og:locale\" content=\"fr_FR\" \/>\n<meta property=\"og:type\" content=\"article\" \/>\n<meta property=\"og:title\" content=\"Sherlock Holmes Podgorica\" \/>\n<meta property=\"og:description\" content=\"Sherlock Holmes Podgorica. Jouez \u00e0 un City Game d&#039;enqu\u00eate criminelle autoguid\u00e9, r\u00e9solvez des \u00e9nigmes, suivez des indices et d\u00e9masquez le meurtrier \u00e0 votre rythme !\" \/>\n<meta property=\"og:url\" content=\"https:\/\/testwebsite.citygame.com\/fr\/games\/podgorica\/sherlock-holmes-podgorica\/\" \/>\n<meta property=\"og:site_name\" content=\"City Game\" \/>\n<meta property=\"article:publisher\" content=\"https:\/\/www.facebook.com\/profile.php?id=100086426226253\" \/>\n<meta property=\"article:modified_time\" content=\"2026-04-08T08:15:35+00:00\" \/>\n<meta property=\"og:image\" content=\"https:\/\/testwebsite.citygame.com\/wp-content\/blogs.dir\/1\/files\/sites\/62\/2026\/02\/woman-playing-city-game-sherlock-podgorica.jpg\" \/>\n\t<meta property=\"og:image:width\" content=\"1344\" \/>\n\t<meta property=\"og:image:height\" content=\"768\" \/>\n\t<meta property=\"og:image:type\" content=\"image\/jpeg\" \/>\n<meta name=\"twitter:card\" content=\"summary_large_image\" \/>\n<script type=\"application\/ld+json\" class=\"yoast-schema-graph\">{\"@context\":\"https:\/\/schema.org\",\"@graph\":[{\"@type\":\"WebPage\",\"@id\":\"https:\/\/testwebsite.citygame.com\/fr\/games\/podgorica\/sherlock-holmes-podgorica\/\",\"url\":\"https:\/\/testwebsite.citygame.com\/fr\/games\/podgorica\/sherlock-holmes-podgorica\/\",\"name\":\"Sherlock Holmes Podgorica - City Game\",\"isPartOf\":{\"@id\":\"https:\/\/testwebsite.upevents.nl\/#website\"},\"primaryImageOfPage\":{\"@id\":\"https:\/\/testwebsite.citygame.com\/fr\/games\/podgorica\/sherlock-holmes-podgorica\/#primaryimage\"},\"image\":{\"@id\":\"https:\/\/testwebsite.citygame.com\/fr\/games\/podgorica\/sherlock-holmes-podgorica\/#primaryimage\"},\"thumbnailUrl\":\"https:\/\/testwebsite.citygame.com\/wp-content\/blogs.dir\/1\/files\/sites\/62\/2026\/02\/woman-playing-city-game-sherlock-podgorica.jpg\",\"datePublished\":\"2026-02-11T15:37:48+00:00\",\"dateModified\":\"2026-04-08T08:15:35+00:00\",\"description\":\"Sherlock Holmes Podgorica. Jouez \u00e0 un City Game d'enqu\u00eate criminelle autoguid\u00e9, r\u00e9solvez des \u00e9nigmes, suivez des indices et d\u00e9masquez le meurtrier \u00e0 votre rythme !\",\"breadcrumb\":{\"@id\":\"https:\/\/testwebsite.citygame.com\/fr\/games\/podgorica\/sherlock-holmes-podgorica\/#breadcrumb\"},\"inLanguage\":\"fr-FR\",\"potentialAction\":[{\"@type\":\"ReadAction\",\"target\":[\"https:\/\/testwebsite.citygame.com\/fr\/games\/podgorica\/sherlock-holmes-podgorica\/\"]}]},{\"@type\":\"ImageObject\",\"inLanguage\":\"fr-FR\",\"@id\":\"https:\/\/testwebsite.citygame.com\/fr\/games\/podgorica\/sherlock-holmes-podgorica\/#primaryimage\",\"url\":\"https:\/\/testwebsite.citygame.com\/wp-content\/blogs.dir\/1\/files\/sites\/62\/2026\/02\/woman-playing-city-game-sherlock-podgorica.jpg\",\"contentUrl\":\"https:\/\/testwebsite.citygame.com\/wp-content\/blogs.dir\/1\/files\/sites\/62\/2026\/02\/woman-playing-city-game-sherlock-podgorica.jpg\",\"width\":1344,\"height\":768,\"caption\":\"A player explores the streets of Podgorica while solving a mystery on her phone.\"},{\"@type\":\"BreadcrumbList\",\"@id\":\"https:\/\/testwebsite.citygame.com\/fr\/games\/podgorica\/sherlock-holmes-podgorica\/#breadcrumb\",\"itemListElement\":[{\"@type\":\"ListItem\",\"position\":1,\"name\":\"Home\",\"item\":\"https:\/\/testwebsite.citygame.com\/fr\/\"},{\"@type\":\"ListItem\",\"position\":2,\"name\":\"Shop\",\"item\":\"https:\/\/testwebsite.citygame.com\/shop\/\"},{\"@type\":\"ListItem\",\"position\":3,\"name\":\"Sherlock Holmes Podgorica\"}]},{\"@type\":\"WebSite\",\"@id\":\"https:\/\/testwebsite.upevents.nl\/#website\",\"url\":\"https:\/\/testwebsite.upevents.nl\/\",\"name\":\"City Game\",\"description\":\"\",\"publisher\":{\"@id\":\"https:\/\/testwebsite.upevents.nl\/#organization\"},\"alternateName\":\"citygame.com\",\"potentialAction\":[{\"@type\":\"SearchAction\",\"target\":{\"@type\":\"EntryPoint\",\"urlTemplate\":\"https:\/\/testwebsite.upevents.nl\/?s={search_term_string}\"},\"query-input\":{\"@type\":\"PropertyValueSpecification\",\"valueRequired\":true,\"valueName\":\"search_term_string\"}}],\"inLanguage\":\"fr-FR\"},{\"@type\":[\"Organization\",\"Place\"],\"@id\":\"https:\/\/testwebsite.upevents.nl\/#organization\",\"name\":\"City Game\",\"alternateName\":\"citygame.com\",\"url\":\"https:\/\/testwebsite.upevents.nl\/\",\"logo\":{\"@id\":\"https:\/\/testwebsite.citygame.com\/fr\/games\/podgorica\/sherlock-holmes-podgorica\/#local-main-organization-logo\"},\"image\":{\"@id\":\"https:\/\/testwebsite.citygame.com\/fr\/games\/podgorica\/sherlock-holmes-podgorica\/#local-main-organization-logo\"},\"sameAs\":[\"https:\/\/www.facebook.com\/profile.php?id=100086426226253\",\"https:\/\/www.instagram.com\/citygame_com\",\"https:\/\/www.tiktok.com\/@citygamecom\/\",\"https:\/\/www.linkedin.com\/company\/citygame-com\"],\"description\":\"Turn any city into a playground with our interactive City Games and self-guided tours. Fun, flexible, and ideal for groups and team building.\",\"telephone\":[],\"openingHoursSpecification\":[{\"@type\":\"OpeningHoursSpecification\",\"dayOfWeek\":[\"Monday\",\"Tuesday\",\"Wednesday\",\"Thursday\",\"Friday\",\"Saturday\",\"Sunday\"],\"opens\":\"09:00\",\"closes\":\"17:00\"}]},{\"@type\":\"ImageObject\",\"inLanguage\":\"fr-FR\",\"@id\":\"https:\/\/testwebsite.citygame.com\/fr\/games\/podgorica\/sherlock-holmes-podgorica\/#local-main-organization-logo\",\"url\":\"https:\/\/testwebsite.citygame.com\/wp-content\/blogs.dir\/1\/files\/sites\/62\/2025\/10\/CG_LOGO-City-Game.png\",\"contentUrl\":\"https:\/\/testwebsite.citygame.com\/wp-content\/blogs.dir\/1\/files\/sites\/62\/2025\/10\/CG_LOGO-City-Game.png\",\"width\":351,\"height\":377,\"caption\":\"City Game\"}]}<\/script>\n<!-- \/ Yoast SEO Premium plugin. -->","yoast_head_json":{"title":"Sherlock Holmes Podgorica - City Game","description":"Sherlock Holmes Podgorica. Jouez \u00e0 un City Game d'enqu\u00eate criminelle autoguid\u00e9, r\u00e9solvez des \u00e9nigmes, suivez des indices et d\u00e9masquez le meurtrier \u00e0 votre rythme !","robots":{"index":"noindex","follow":"follow","max-snippet":"max-snippet:-1","max-image-preview":"max-image-preview:large","max-video-preview":"max-video-preview:-1"},"og_locale":"fr_FR","og_type":"article","og_title":"Sherlock Holmes Podgorica","og_description":"Sherlock Holmes Podgorica. Jouez \u00e0 un City Game d'enqu\u00eate criminelle autoguid\u00e9, r\u00e9solvez des \u00e9nigmes, suivez des indices et d\u00e9masquez le meurtrier \u00e0 votre rythme !","og_url":"https:\/\/testwebsite.citygame.com\/fr\/games\/podgorica\/sherlock-holmes-podgorica\/","og_site_name":"City Game","article_publisher":"https:\/\/www.facebook.com\/profile.php?id=100086426226253","article_modified_time":"2026-04-08T08:15:35+00:00","og_image":[{"width":1344,"height":768,"url":"https:\/\/testwebsite.citygame.com\/wp-content\/blogs.dir\/1\/files\/sites\/62\/2026\/02\/woman-playing-city-game-sherlock-podgorica.jpg","type":"image\/jpeg"}],"twitter_card":"summary_large_image","schema":{"@context":"https:\/\/schema.org","@graph":[{"@type":"WebPage","@id":"https:\/\/testwebsite.citygame.com\/fr\/games\/podgorica\/sherlock-holmes-podgorica\/","url":"https:\/\/testwebsite.citygame.com\/fr\/games\/podgorica\/sherlock-holmes-podgorica\/","name":"Sherlock Holmes Podgorica - City Game","isPartOf":{"@id":"https:\/\/testwebsite.upevents.nl\/#website"},"primaryImageOfPage":{"@id":"https:\/\/testwebsite.citygame.com\/fr\/games\/podgorica\/sherlock-holmes-podgorica\/#primaryimage"},"image":{"@id":"https:\/\/testwebsite.citygame.com\/fr\/games\/podgorica\/sherlock-holmes-podgorica\/#primaryimage"},"thumbnailUrl":"https:\/\/testwebsite.citygame.com\/wp-content\/blogs.dir\/1\/files\/sites\/62\/2026\/02\/woman-playing-city-game-sherlock-podgorica.jpg","datePublished":"2026-02-11T15:37:48+00:00","dateModified":"2026-04-08T08:15:35+00:00","description":"Sherlock Holmes Podgorica. Jouez \u00e0 un City Game d'enqu\u00eate criminelle autoguid\u00e9, r\u00e9solvez des \u00e9nigmes, suivez des indices et d\u00e9masquez le meurtrier \u00e0 votre rythme !","breadcrumb":{"@id":"https:\/\/testwebsite.citygame.com\/fr\/games\/podgorica\/sherlock-holmes-podgorica\/#breadcrumb"},"inLanguage":"fr-FR","potentialAction":[{"@type":"ReadAction","target":["https:\/\/testwebsite.citygame.com\/fr\/games\/podgorica\/sherlock-holmes-podgorica\/"]}]},{"@type":"ImageObject","inLanguage":"fr-FR","@id":"https:\/\/testwebsite.citygame.com\/fr\/games\/podgorica\/sherlock-holmes-podgorica\/#primaryimage","url":"https:\/\/testwebsite.citygame.com\/wp-content\/blogs.dir\/1\/files\/sites\/62\/2026\/02\/woman-playing-city-game-sherlock-podgorica.jpg","contentUrl":"https:\/\/testwebsite.citygame.com\/wp-content\/blogs.dir\/1\/files\/sites\/62\/2026\/02\/woman-playing-city-game-sherlock-podgorica.jpg","width":1344,"height":768,"caption":"A player explores the streets of Podgorica while solving a mystery on her phone."},{"@type":"BreadcrumbList","@id":"https:\/\/testwebsite.citygame.com\/fr\/games\/podgorica\/sherlock-holmes-podgorica\/#breadcrumb","itemListElement":[{"@type":"ListItem","position":1,"name":"Home","item":"https:\/\/testwebsite.citygame.com\/fr\/"},{"@type":"ListItem","position":2,"name":"Shop","item":"https:\/\/testwebsite.citygame.com\/shop\/"},{"@type":"ListItem","position":3,"name":"Sherlock Holmes Podgorica"}]},{"@type":"WebSite","@id":"https:\/\/testwebsite.upevents.nl\/#website","url":"https:\/\/testwebsite.upevents.nl\/","name":"City Game","description":"","publisher":{"@id":"https:\/\/testwebsite.upevents.nl\/#organization"},"alternateName":"citygame.com","potentialAction":[{"@type":"SearchAction","target":{"@type":"EntryPoint","urlTemplate":"https:\/\/testwebsite.upevents.nl\/?s={search_term_string}"},"query-input":{"@type":"PropertyValueSpecification","valueRequired":true,"valueName":"search_term_string"}}],"inLanguage":"fr-FR"},{"@type":["Organization","Place"],"@id":"https:\/\/testwebsite.upevents.nl\/#organization","name":"City Game","alternateName":"citygame.com","url":"https:\/\/testwebsite.upevents.nl\/","logo":{"@id":"https:\/\/testwebsite.citygame.com\/fr\/games\/podgorica\/sherlock-holmes-podgorica\/#local-main-organization-logo"},"image":{"@id":"https:\/\/testwebsite.citygame.com\/fr\/games\/podgorica\/sherlock-holmes-podgorica\/#local-main-organization-logo"},"sameAs":["https:\/\/www.facebook.com\/profile.php?id=100086426226253","https:\/\/www.instagram.com\/citygame_com","https:\/\/www.tiktok.com\/@citygamecom\/","https:\/\/www.linkedin.com\/company\/citygame-com"],"description":"Turn any city into a playground with our interactive City Games and self-guided tours. Fun, flexible, and ideal for groups and team building.","telephone":[],"openingHoursSpecification":[{"@type":"OpeningHoursSpecification","dayOfWeek":["Monday","Tuesday","Wednesday","Thursday","Friday","Saturday","Sunday"],"opens":"09:00","closes":"17:00"}]},{"@type":"ImageObject","inLanguage":"fr-FR","@id":"https:\/\/testwebsite.citygame.com\/fr\/games\/podgorica\/sherlock-holmes-podgorica\/#local-main-organization-logo","url":"https:\/\/testwebsite.citygame.com\/wp-content\/blogs.dir\/1\/files\/sites\/62\/2025\/10\/CG_LOGO-City-Game.png","contentUrl":"https:\/\/testwebsite.citygame.com\/wp-content\/blogs.dir\/1\/files\/sites\/62\/2025\/10\/CG_LOGO-City-Game.png","width":351,"height":377,"caption":"City Game"}]}},"taxonomy_info":{"game-concept":[{"value":774,"label":"Sherlock"}],"location":[{"value":324,"label":"Podgorica"}],"product_cat":[{"value":663,"label":"Non class\u00e9"}]},"featured_image_src_large":["https:\/\/testwebsite.citygame.com\/wp-content\/blogs.dir\/1\/files\/sites\/62\/2026\/02\/woman-playing-city-game-sherlock-podgorica-1024x585.jpg",1024,585,true],"author_info":[],"comment_info":"","_links":{"self":[{"href":"https:\/\/testwebsite.citygame.com\/fr\/wp-json\/wp\/v2\/product\/61722","targetHints":{"allow":["GET"]}}],"collection":[{"href":"https:\/\/testwebsite.citygame.com\/fr\/wp-json\/wp\/v2\/product"}],"about":[{"href":"https:\/\/testwebsite.citygame.com\/fr\/wp-json\/wp\/v2\/types\/product"}],"acf:post":[{"embeddable":true,"href":"https:\/\/testwebsite.citygame.com\/fr\/wp-json\/wp\/v2\/pages\/12652"}],"wp:featuredmedia":[{"embeddable":true,"href":"https:\/\/testwebsite.citygame.com\/fr\/wp-json\/wp\/v2\/media\/12654"}],"wp:attachment":[{"href":"https:\/\/testwebsite.citygame.com\/fr\/wp-json\/wp\/v2\/media?parent=61722"}],"wp:term":[{"taxonomy":"game-concept","embeddable":true,"href":"https:\/\/testwebsite.citygame.com\/fr\/wp-json\/wp\/v2\/game-concept?post=61722"},{"taxonomy":"location","embeddable":true,"href":"https:\/\/testwebsite.citygame.com\/fr\/wp-json\/wp\/v2\/location?post=61722"},{"taxonomy":"product_brand","embeddable":true,"href":"https:\/\/testwebsite.citygame.com\/fr\/wp-json\/wp\/v2\/product_brand?post=61722"},{"taxonomy":"product_cat","embeddable":true,"href":"https:\/\/testwebsite.citygame.com\/fr\/wp-json\/wp\/v2\/product_cat?post=61722"},{"taxonomy":"product_tag","embeddable":true,"href":"https:\/\/testwebsite.citygame.com\/fr\/wp-json\/wp\/v2\/product_tag?post=61722"}],"curies":[{"name":"wp","href":"https:\/\/api.w.org\/{rel}","templated":true}]}}