{"id":59529,"date":"2026-02-16T13:00:07","date_gmt":"2026-02-16T13:00:07","guid":{"rendered":"https:\/\/testwebsite.citygame.com\/games\/unknown-location\/sherlock-holmes-malaga\/"},"modified":"2026-04-08T04:12:11","modified_gmt":"2026-04-08T04:12:11","slug":"sherlock-holmes-malaga","status":"publish","type":"product","link":"https:\/\/testwebsite.citygame.com\/fr\/games\/malaga\/sherlock-holmes-malaga\/","title":{"rendered":"Sherlock Holmes Malaga"},"content":{"rendered":"<p>Plongez dans le monde de Sherlock Holmes avec ce jeu de ville autonome et sc\u00e9naris\u00e9 d&rsquo;enqu\u00eate sur un meurtre myst\u00e9rieux, se d\u00e9roulant dans le centre historique de Malaga. Alors qu&rsquo;une affaire gla\u00e7ante se d\u00e9roule autour d&rsquo;un meurtre commis pendant le Liberty Festival, les joueurs doivent parcourir les rues comme de vrais d\u00e9tectives \u2014 recueillant des indices, r\u00e9solvant des \u00e9nigmes complexes et interrogeant des suspects num\u00e9riques pour d\u00e9terrer des v\u00e9rit\u00e9s cach\u00e9es. Avec la libert\u00e9 d&rsquo;enqu\u00eater \u00e0 votre propre rythme, la ville devient votre sc\u00e8ne de crime et chaque recoin ajoute \u00e0 la narration captivante de suspense et de d\u00e9duction.<\/p>\n","protected":false},"excerpt":{"rendered":"<p>Mettez-vous dans la peau du d\u00e9tective de renomm\u00e9e mondiale, Sherlock Holmes, pour une enqu\u00eate immersive et autonome sur un meurtre myst\u00e9rieux dans la ville captivante de Malaga. Lancez-vous dans une course contre la montre, suivez le r\u00e9seau complexe d&rsquo;indices, r\u00e9solvez des \u00e9nigmes stimulantes et r\u00e9v\u00e9lez la v\u00e9rit\u00e9 avec votre \u00e9quipe, affaire apr\u00e8s affaire \u2013 l&rsquo;enqu\u00eate est ouverte !<\/p>\n","protected":false},"featured_media":14336,"template":"","meta":{"_acf_changed":false,"_yoast_wpseo_focuskw":"Sherlock Holmes Malaga","_yoast_wpseo_metadesc":"Sherlock Holmes Malaga. Jouez \u00e0 un jeu de ville autonome d'enqu\u00eate sur un meurtre myst\u00e9rieux, r\u00e9solvez des \u00e9nigmes, suivez les indices et d\u00e9masquez le meurtrier \u00e0 votre rythme !","_kad_blocks_custom_css":"","_kad_blocks_head_custom_js":"","_kad_blocks_body_custom_js":"","_kad_blocks_footer_custom_js":"","ghostkit_customizer_options":"","ghostkit_custom_css":"","ghostkit_custom_js_head":"","ghostkit_custom_js_foot":"","ghostkit_typography":"","_kad_post_transparent":"","_kad_post_title":"","_kad_post_layout":"","_kad_post_sidebar_id":"","_kad_post_content_style":"","_kad_post_vertical_padding":"","_kad_post_feature":"","_kad_post_feature_position":"","_kad_post_header":false,"_kad_post_footer":false,"_kad_post_classname":"","_links_to":"","_links_to_target":""},"game-concept":[774],"location":[260],"product_brand":[],"product_cat":[663],"product_tag":[],"class_list":{"0":"post-59529","1":"product","2":"type-product","3":"status-publish","4":"has-post-thumbnail","6":"game-concept-sherlock","7":"location-malaga","8":"product_cat-non-classe","10":"first","11":"instock","12":"shipping-taxable","13":"purchasable","14":"product-type-simple","15":"entry","16":"content-bg","17":"loop-entry"},"acf":{"full_bokun_product_name":"Malaga Self-Guided Sherlock Holmes Murder Mystery Game","location_name":"Malaga","bokun_calendar_widget_code":"<script type=\"text\/javascript\" src=\"https:\/\/widgets.bokun.io\/assets\/javascripts\/apps\/build\/BokunWidgetsLoader.js?bookingChannelUUID=a1e93e96-5232-4734-a595-28405f4b5a31\" async><\/script>\n     \n    <div class=\"bokunWidget\" data-src=\"https:\/\/widgets.bokun.io\/online-sales\/a1e93e96-5232-4734-a595-28405f4b5a31\/experience-calendar\/731591\"><\/div>\n    <noscript>Please enable javascript in your browser to book<\/noscript>","bokun_button_widget_code":"<script type=\"text\/javascript\" src=\"https:\/\/widgets.bokun.io\/assets\/javascripts\/apps\/build\/BokunWidgetsLoader.js?bookingChannelUUID=a1e93e96-5232-4734-a595-28405f4b5a31\" async><\/script>\n      <style> #bokun_ed001e45_5927_4f62_b470_ca766338d083 { display: inline-block; padding: .4em 1em; background: #47b82e; border-radius: 999999px; box-shadow: none; font-weight: 600; font-size: 24px; text-decoration: none; text-align: center; color: #FFFFFF; border:none; cursor: pointer; transition: background .2s ease; } #bokun_ed001e45_5927_4f62_b470_ca766338d083:hover{ background: #2f7b1f; } #bokun_ed001e45_5927_4f62_b470_ca766338d083:active{ background: #378f24; } <\/style> <button class=\"bokunButton\" disabled id=bokun_ed001e45_5927_4f62_b470_ca766338d083 data-src=\"https:\/\/widgets.bokun.io\/online-sales\/a1e93e96-5232-4734-a595-28405f4b5a31\/experience-calendar\/731591?partialView=1\" data-testid=\"widget-book-button\" > Book now <\/button> ","what_you\u2019ll_experience_during_the_game":"Vous plongez dans une histoire polici\u00e8re captivante qui se d\u00e9roule dans les rues de Malaga, o\u00f9 un meurtre survenu pendant le Liberty Festival a mis la ville en \u00e9moi. \u00c0 mesure que l'histoire se d\u00e9roule autour de vous, chaque mouvement vous entra\u00eene plus profond\u00e9ment dans l'enqu\u00eate. Vous fouillez les ruelles \u00e0 la recherche d'indices cach\u00e9s, r\u00e9solvez des \u00e9nigmes complexes et naviguez dans un r\u00e9seau de tromperie fa\u00e7onn\u00e9 par chaque d\u00e9cision. Chaque rebondissement que vous d\u00e9couvrez vous rapproche de la v\u00e9rit\u00e9, mais rien n'est jamais tout \u00e0 fait ce qu'il semble \u00eatre.\n\nVous interrogez des suspects num\u00e9riques, analysez les alibis et exposez les contradictions en reliant les preuves. La pens\u00e9e critique, l'observation et la d\u00e9duction guident chacun de vos pas \u00e0 travers cette exp\u00e9rience enti\u00e8rement bas\u00e9e sur le sc\u00e9nario. Vous pouvez jouer enti\u00e8rement \u00e0 votre propre rythme, en choisissant quand plonger plus profond\u00e9ment ou faire une pause et vous regrouper. Si vous jouez en \u00e9quipe, vous pouvez mesurer vos progr\u00e8s par rapport aux autres, mais l'affaire reste la v\u00f4tre \u00e0 r\u00e9soudre.","how_to_play":"Jouez en solo ou avec des amis, en famille ou entre coll\u00e8gues en \u00e9quipes de quatre personnes maximum par appareil. Apr\u00e8s la r\u00e9servation, vous recevrez un e-mail d'instructions avec tout ce dont vous avez besoin.","start_location":"Malaga, Plaza de la Constituci\u00f3n","available_languages":["en","es","fr","de","it","nl"],"players_per_group":"1-4","duration":"1.5-2 hours","image_overlay_color_image":"https:\/\/testwebsite.citygame.com\/wp-content\/blogs.dir\/1\/files\/sites\/62\/2026\/01\/SherlockColor.svg","image_overlay_game_logo":"https:\/\/testwebsite.citygame.com\/wp-content\/blogs.dir\/1\/files\/sites\/62\/2026\/01\/SherlockLogo.png","city_page":6758,"woocommerce_general_content":null},"yoast_head":"<!-- This site is optimized with the Yoast SEO Premium plugin v26.2 (Yoast SEO v26.3) - https:\/\/yoast.com\/wordpress\/plugins\/seo\/ -->\n<title>Sherlock Holmes Malaga - City Game<\/title>\n<meta name=\"description\" content=\"Sherlock Holmes Malaga. Jouez \u00e0 un jeu de ville autonome d&#039;enqu\u00eate sur un meurtre myst\u00e9rieux, r\u00e9solvez des \u00e9nigmes, suivez les indices et d\u00e9masquez le meurtrier \u00e0 votre rythme !\" \/>\n<meta name=\"robots\" content=\"noindex, follow, max-snippet:-1, max-image-preview:large, max-video-preview:-1\" \/>\n<meta property=\"og:locale\" content=\"fr_FR\" \/>\n<meta property=\"og:type\" content=\"article\" \/>\n<meta property=\"og:title\" content=\"Sherlock Holmes Malaga\" \/>\n<meta property=\"og:description\" content=\"Sherlock Holmes Malaga. Jouez \u00e0 un jeu de ville autonome d&#039;enqu\u00eate sur un meurtre myst\u00e9rieux, r\u00e9solvez des \u00e9nigmes, suivez les indices et d\u00e9masquez le meurtrier \u00e0 votre rythme !\" \/>\n<meta property=\"og:url\" content=\"https:\/\/testwebsite.citygame.com\/fr\/games\/malaga\/sherlock-holmes-malaga\/\" \/>\n<meta property=\"og:site_name\" content=\"City Game\" \/>\n<meta property=\"article:publisher\" content=\"https:\/\/www.facebook.com\/profile.php?id=100086426226253\" \/>\n<meta property=\"article:modified_time\" content=\"2026-04-08T04:12:11+00:00\" \/>\n<meta property=\"og:image\" content=\"https:\/\/testwebsite.citygame.com\/wp-content\/blogs.dir\/1\/files\/sites\/62\/2026\/02\/malaga-city-game-player-cathedral-square.jpg\" \/>\n\t<meta property=\"og:image:width\" content=\"1024\" \/>\n\t<meta property=\"og:image:height\" content=\"1024\" \/>\n\t<meta property=\"og:image:type\" content=\"image\/jpeg\" \/>\n<meta name=\"twitter:card\" content=\"summary_large_image\" \/>\n<meta name=\"twitter:label1\" content=\"Dur\u00e9e de lecture estim\u00e9e\" \/>\n\t<meta name=\"twitter:data1\" content=\"1 minute\" \/>\n<script type=\"application\/ld+json\" class=\"yoast-schema-graph\">{\"@context\":\"https:\/\/schema.org\",\"@graph\":[{\"@type\":\"WebPage\",\"@id\":\"https:\/\/testwebsite.citygame.com\/fr\/games\/malaga\/sherlock-holmes-malaga\/\",\"url\":\"https:\/\/testwebsite.citygame.com\/fr\/games\/malaga\/sherlock-holmes-malaga\/\",\"name\":\"Sherlock Holmes Malaga - City Game\",\"isPartOf\":{\"@id\":\"https:\/\/testwebsite.upevents.nl\/#website\"},\"primaryImageOfPage\":{\"@id\":\"https:\/\/testwebsite.citygame.com\/fr\/games\/malaga\/sherlock-holmes-malaga\/#primaryimage\"},\"image\":{\"@id\":\"https:\/\/testwebsite.citygame.com\/fr\/games\/malaga\/sherlock-holmes-malaga\/#primaryimage\"},\"thumbnailUrl\":\"https:\/\/testwebsite.citygame.com\/wp-content\/blogs.dir\/1\/files\/sites\/62\/2026\/02\/malaga-city-game-player-cathedral-square.jpg\",\"datePublished\":\"2026-02-16T13:00:07+00:00\",\"dateModified\":\"2026-04-08T04:12:11+00:00\",\"description\":\"Sherlock Holmes Malaga. Jouez \u00e0 un jeu de ville autonome d'enqu\u00eate sur un meurtre myst\u00e9rieux, r\u00e9solvez des \u00e9nigmes, suivez les indices et d\u00e9masquez le meurtrier \u00e0 votre rythme !\",\"breadcrumb\":{\"@id\":\"https:\/\/testwebsite.citygame.com\/fr\/games\/malaga\/sherlock-holmes-malaga\/#breadcrumb\"},\"inLanguage\":\"fr-FR\",\"potentialAction\":[{\"@type\":\"ReadAction\",\"target\":[\"https:\/\/testwebsite.citygame.com\/fr\/games\/malaga\/sherlock-holmes-malaga\/\"]}]},{\"@type\":\"ImageObject\",\"inLanguage\":\"fr-FR\",\"@id\":\"https:\/\/testwebsite.citygame.com\/fr\/games\/malaga\/sherlock-holmes-malaga\/#primaryimage\",\"url\":\"https:\/\/testwebsite.citygame.com\/wp-content\/blogs.dir\/1\/files\/sites\/62\/2026\/02\/malaga-city-game-player-cathedral-square.jpg\",\"contentUrl\":\"https:\/\/testwebsite.citygame.com\/wp-content\/blogs.dir\/1\/files\/sites\/62\/2026\/02\/malaga-city-game-player-cathedral-square.jpg\",\"width\":1024,\"height\":1024,\"caption\":\"A tourist uses a smartphone to play an interactive city game in a historic square in Malaga.\"},{\"@type\":\"BreadcrumbList\",\"@id\":\"https:\/\/testwebsite.citygame.com\/fr\/games\/malaga\/sherlock-holmes-malaga\/#breadcrumb\",\"itemListElement\":[{\"@type\":\"ListItem\",\"position\":1,\"name\":\"Home\",\"item\":\"https:\/\/testwebsite.citygame.com\/fr\/\"},{\"@type\":\"ListItem\",\"position\":2,\"name\":\"Shop\",\"item\":\"https:\/\/testwebsite.citygame.com\/shop\/\"},{\"@type\":\"ListItem\",\"position\":3,\"name\":\"Sherlock Holmes Malaga\"}]},{\"@type\":\"WebSite\",\"@id\":\"https:\/\/testwebsite.upevents.nl\/#website\",\"url\":\"https:\/\/testwebsite.upevents.nl\/\",\"name\":\"City Game\",\"description\":\"\",\"publisher\":{\"@id\":\"https:\/\/testwebsite.upevents.nl\/#organization\"},\"alternateName\":\"citygame.com\",\"potentialAction\":[{\"@type\":\"SearchAction\",\"target\":{\"@type\":\"EntryPoint\",\"urlTemplate\":\"https:\/\/testwebsite.upevents.nl\/?s={search_term_string}\"},\"query-input\":{\"@type\":\"PropertyValueSpecification\",\"valueRequired\":true,\"valueName\":\"search_term_string\"}}],\"inLanguage\":\"fr-FR\"},{\"@type\":[\"Organization\",\"Place\"],\"@id\":\"https:\/\/testwebsite.upevents.nl\/#organization\",\"name\":\"City Game\",\"alternateName\":\"citygame.com\",\"url\":\"https:\/\/testwebsite.upevents.nl\/\",\"logo\":{\"@id\":\"https:\/\/testwebsite.citygame.com\/fr\/games\/malaga\/sherlock-holmes-malaga\/#local-main-organization-logo\"},\"image\":{\"@id\":\"https:\/\/testwebsite.citygame.com\/fr\/games\/malaga\/sherlock-holmes-malaga\/#local-main-organization-logo\"},\"sameAs\":[\"https:\/\/www.facebook.com\/profile.php?id=100086426226253\",\"https:\/\/www.instagram.com\/citygame_com\",\"https:\/\/www.tiktok.com\/@citygamecom\/\",\"https:\/\/www.linkedin.com\/company\/citygame-com\"],\"description\":\"Turn any city into a playground with our interactive City Games and self-guided tours. Fun, flexible, and ideal for groups and team building.\",\"telephone\":[],\"openingHoursSpecification\":[{\"@type\":\"OpeningHoursSpecification\",\"dayOfWeek\":[\"Monday\",\"Tuesday\",\"Wednesday\",\"Thursday\",\"Friday\",\"Saturday\",\"Sunday\"],\"opens\":\"09:00\",\"closes\":\"17:00\"}]},{\"@type\":\"ImageObject\",\"inLanguage\":\"fr-FR\",\"@id\":\"https:\/\/testwebsite.citygame.com\/fr\/games\/malaga\/sherlock-holmes-malaga\/#local-main-organization-logo\",\"url\":\"https:\/\/testwebsite.citygame.com\/wp-content\/blogs.dir\/1\/files\/sites\/62\/2025\/10\/CG_LOGO-City-Game.png\",\"contentUrl\":\"https:\/\/testwebsite.citygame.com\/wp-content\/blogs.dir\/1\/files\/sites\/62\/2025\/10\/CG_LOGO-City-Game.png\",\"width\":351,\"height\":377,\"caption\":\"City Game\"}]}<\/script>\n<!-- \/ Yoast SEO Premium plugin. -->","yoast_head_json":{"title":"Sherlock Holmes Malaga - City Game","description":"Sherlock Holmes Malaga. Jouez \u00e0 un jeu de ville autonome d'enqu\u00eate sur un meurtre myst\u00e9rieux, r\u00e9solvez des \u00e9nigmes, suivez les indices et d\u00e9masquez le meurtrier \u00e0 votre rythme !","robots":{"index":"noindex","follow":"follow","max-snippet":"max-snippet:-1","max-image-preview":"max-image-preview:large","max-video-preview":"max-video-preview:-1"},"og_locale":"fr_FR","og_type":"article","og_title":"Sherlock Holmes Malaga","og_description":"Sherlock Holmes Malaga. Jouez \u00e0 un jeu de ville autonome d'enqu\u00eate sur un meurtre myst\u00e9rieux, r\u00e9solvez des \u00e9nigmes, suivez les indices et d\u00e9masquez le meurtrier \u00e0 votre rythme !","og_url":"https:\/\/testwebsite.citygame.com\/fr\/games\/malaga\/sherlock-holmes-malaga\/","og_site_name":"City Game","article_publisher":"https:\/\/www.facebook.com\/profile.php?id=100086426226253","article_modified_time":"2026-04-08T04:12:11+00:00","og_image":[{"width":1024,"height":1024,"url":"https:\/\/testwebsite.citygame.com\/wp-content\/blogs.dir\/1\/files\/sites\/62\/2026\/02\/malaga-city-game-player-cathedral-square.jpg","type":"image\/jpeg"}],"twitter_card":"summary_large_image","twitter_misc":{"Dur\u00e9e de lecture estim\u00e9e":"1 minute"},"schema":{"@context":"https:\/\/schema.org","@graph":[{"@type":"WebPage","@id":"https:\/\/testwebsite.citygame.com\/fr\/games\/malaga\/sherlock-holmes-malaga\/","url":"https:\/\/testwebsite.citygame.com\/fr\/games\/malaga\/sherlock-holmes-malaga\/","name":"Sherlock Holmes Malaga - City Game","isPartOf":{"@id":"https:\/\/testwebsite.upevents.nl\/#website"},"primaryImageOfPage":{"@id":"https:\/\/testwebsite.citygame.com\/fr\/games\/malaga\/sherlock-holmes-malaga\/#primaryimage"},"image":{"@id":"https:\/\/testwebsite.citygame.com\/fr\/games\/malaga\/sherlock-holmes-malaga\/#primaryimage"},"thumbnailUrl":"https:\/\/testwebsite.citygame.com\/wp-content\/blogs.dir\/1\/files\/sites\/62\/2026\/02\/malaga-city-game-player-cathedral-square.jpg","datePublished":"2026-02-16T13:00:07+00:00","dateModified":"2026-04-08T04:12:11+00:00","description":"Sherlock Holmes Malaga. Jouez \u00e0 un jeu de ville autonome d'enqu\u00eate sur un meurtre myst\u00e9rieux, r\u00e9solvez des \u00e9nigmes, suivez les indices et d\u00e9masquez le meurtrier \u00e0 votre rythme !","breadcrumb":{"@id":"https:\/\/testwebsite.citygame.com\/fr\/games\/malaga\/sherlock-holmes-malaga\/#breadcrumb"},"inLanguage":"fr-FR","potentialAction":[{"@type":"ReadAction","target":["https:\/\/testwebsite.citygame.com\/fr\/games\/malaga\/sherlock-holmes-malaga\/"]}]},{"@type":"ImageObject","inLanguage":"fr-FR","@id":"https:\/\/testwebsite.citygame.com\/fr\/games\/malaga\/sherlock-holmes-malaga\/#primaryimage","url":"https:\/\/testwebsite.citygame.com\/wp-content\/blogs.dir\/1\/files\/sites\/62\/2026\/02\/malaga-city-game-player-cathedral-square.jpg","contentUrl":"https:\/\/testwebsite.citygame.com\/wp-content\/blogs.dir\/1\/files\/sites\/62\/2026\/02\/malaga-city-game-player-cathedral-square.jpg","width":1024,"height":1024,"caption":"A tourist uses a smartphone to play an interactive city game in a historic square in Malaga."},{"@type":"BreadcrumbList","@id":"https:\/\/testwebsite.citygame.com\/fr\/games\/malaga\/sherlock-holmes-malaga\/#breadcrumb","itemListElement":[{"@type":"ListItem","position":1,"name":"Home","item":"https:\/\/testwebsite.citygame.com\/fr\/"},{"@type":"ListItem","position":2,"name":"Shop","item":"https:\/\/testwebsite.citygame.com\/shop\/"},{"@type":"ListItem","position":3,"name":"Sherlock Holmes Malaga"}]},{"@type":"WebSite","@id":"https:\/\/testwebsite.upevents.nl\/#website","url":"https:\/\/testwebsite.upevents.nl\/","name":"City Game","description":"","publisher":{"@id":"https:\/\/testwebsite.upevents.nl\/#organization"},"alternateName":"citygame.com","potentialAction":[{"@type":"SearchAction","target":{"@type":"EntryPoint","urlTemplate":"https:\/\/testwebsite.upevents.nl\/?s={search_term_string}"},"query-input":{"@type":"PropertyValueSpecification","valueRequired":true,"valueName":"search_term_string"}}],"inLanguage":"fr-FR"},{"@type":["Organization","Place"],"@id":"https:\/\/testwebsite.upevents.nl\/#organization","name":"City Game","alternateName":"citygame.com","url":"https:\/\/testwebsite.upevents.nl\/","logo":{"@id":"https:\/\/testwebsite.citygame.com\/fr\/games\/malaga\/sherlock-holmes-malaga\/#local-main-organization-logo"},"image":{"@id":"https:\/\/testwebsite.citygame.com\/fr\/games\/malaga\/sherlock-holmes-malaga\/#local-main-organization-logo"},"sameAs":["https:\/\/www.facebook.com\/profile.php?id=100086426226253","https:\/\/www.instagram.com\/citygame_com","https:\/\/www.tiktok.com\/@citygamecom\/","https:\/\/www.linkedin.com\/company\/citygame-com"],"description":"Turn any city into a playground with our interactive City Games and self-guided tours. Fun, flexible, and ideal for groups and team building.","telephone":[],"openingHoursSpecification":[{"@type":"OpeningHoursSpecification","dayOfWeek":["Monday","Tuesday","Wednesday","Thursday","Friday","Saturday","Sunday"],"opens":"09:00","closes":"17:00"}]},{"@type":"ImageObject","inLanguage":"fr-FR","@id":"https:\/\/testwebsite.citygame.com\/fr\/games\/malaga\/sherlock-holmes-malaga\/#local-main-organization-logo","url":"https:\/\/testwebsite.citygame.com\/wp-content\/blogs.dir\/1\/files\/sites\/62\/2025\/10\/CG_LOGO-City-Game.png","contentUrl":"https:\/\/testwebsite.citygame.com\/wp-content\/blogs.dir\/1\/files\/sites\/62\/2025\/10\/CG_LOGO-City-Game.png","width":351,"height":377,"caption":"City Game"}]}},"taxonomy_info":{"game-concept":[{"value":774,"label":"Sherlock"}],"location":[{"value":260,"label":"Malaga"}],"product_cat":[{"value":663,"label":"Non class\u00e9"}]},"featured_image_src_large":["https:\/\/testwebsite.citygame.com\/wp-content\/blogs.dir\/1\/files\/sites\/62\/2026\/02\/malaga-city-game-player-cathedral-square.jpg",1024,1024,false],"author_info":[],"comment_info":"","_links":{"self":[{"href":"https:\/\/testwebsite.citygame.com\/fr\/wp-json\/wp\/v2\/product\/59529","targetHints":{"allow":["GET"]}}],"collection":[{"href":"https:\/\/testwebsite.citygame.com\/fr\/wp-json\/wp\/v2\/product"}],"about":[{"href":"https:\/\/testwebsite.citygame.com\/fr\/wp-json\/wp\/v2\/types\/product"}],"acf:post":[{"embeddable":true,"href":"https:\/\/testwebsite.citygame.com\/fr\/wp-json\/wp\/v2\/pages\/6758"}],"wp:featuredmedia":[{"embeddable":true,"href":"https:\/\/testwebsite.citygame.com\/fr\/wp-json\/wp\/v2\/media\/14336"}],"wp:attachment":[{"href":"https:\/\/testwebsite.citygame.com\/fr\/wp-json\/wp\/v2\/media?parent=59529"}],"wp:term":[{"taxonomy":"game-concept","embeddable":true,"href":"https:\/\/testwebsite.citygame.com\/fr\/wp-json\/wp\/v2\/game-concept?post=59529"},{"taxonomy":"location","embeddable":true,"href":"https:\/\/testwebsite.citygame.com\/fr\/wp-json\/wp\/v2\/location?post=59529"},{"taxonomy":"product_brand","embeddable":true,"href":"https:\/\/testwebsite.citygame.com\/fr\/wp-json\/wp\/v2\/product_brand?post=59529"},{"taxonomy":"product_cat","embeddable":true,"href":"https:\/\/testwebsite.citygame.com\/fr\/wp-json\/wp\/v2\/product_cat?post=59529"},{"taxonomy":"product_tag","embeddable":true,"href":"https:\/\/testwebsite.citygame.com\/fr\/wp-json\/wp\/v2\/product_tag?post=59529"}],"curies":[{"name":"wp","href":"https:\/\/api.w.org\/{rel}","templated":true}]}}